{"id":7190,"date":"2021-07-25T12:25:24","date_gmt":"2021-07-25T04:25:24","guid":{"rendered":"http:\/\/reto.cn\/php\/hanyu\/?page_id=7190"},"modified":"2022-02-15T13:20:35","modified_gmt":"2022-02-15T05:20:35","slug":"je","status":"publish","type":"page","link":"https:\/\/reto.cn\/php\/hanyu\/gramatiko_de_esperanto\/detala-lernu-gramatiko\/je\/","title":{"rendered":"\u4e16\u754c\u8bed\u8be6\u89e3\u8bed\u6cd5 Je"},"content":{"rendered":"<p>&nbsp;<\/p>\n<h3 class=\"entry-title\">\u4e16\u754c\u8bed\u8be6\u89e3\u8bed\u6cd5<\/h3>\n<h3 style=\"text-align: center;\"><strong>10.3.3\u00a0 je<\/strong><\/h3>\n<p><strong><b>10.3.3 Je <\/b><\/strong><br \/>\nJe\u662f\u6ca1\u6709\u786e\u5b9a\u610f\u4e49\u7684\u4ecb\u8bcd\u3002\u539f\u672c\u7684\u610f\u56fe\u662f\uff0c\u5c06je\u7528\u4e8e\u6240\u6709\u4e0d\u5b58\u5728\u5176\u4ed6\u4ecb\u8bcd\u6765\u8868\u8fbe\u7684\u62bd\u8c61\u573a\u5408\u3002\u56e0\u6b64\uff0c\u65e9\u671f\u4f7f\u7528je\u7279\u522b\u591a\u3002\u73b0\u5728\uff0cje\u8f83\u5c11\u4f7f\u7528\u4e86\uff0c\u800c\u4e14\u4e3b\u8981\u8868\u793a\u949f\u70b9\u548c\u5ea6\u91cf\u3002\u4e00\u822c\u60c5\u51b5\u4e0b\uff0c\u5982\u679c\u5b58\u5728\u66f4\u597d\u7684\u9009\u62e9\uff0c\u5c31\u5e94\u907f\u5f00je\u3002<br \/>\n\u5728\u8bb8\u591a\u60c5\u51b5\u4e0b\uff0c\u53ef\u4ee5\u7528N\u8bcd\u5c3e\u6765\u66ff\u4ee3je\uff0c\u7279\u522b\u662f\u5bf9\u4e8e\u5ea6\u91cf\uff08\u00a710.2.2\uff09\u548c\u65f6\u95f4\u70b9\uff08\u00a710.2.3\uff09\u3002<br \/>\n<strong><b>10.3.3.1 <\/b><\/strong><strong><b>\u949f\u70b9\u548c\u5176\u4ed6\u65f6\u95f4\u70b9<\/b><\/strong><\/p>\n<ul>\n<li>Ni prenos la buson <strong><b>je dudek (minutoj) anta\u016d la deka (horo)<\/b><\/strong>.\u00a0\u6211\u4eec\u5c06\u5728\u4e5d\u70b9\u56db\u5341\u5206\u4e58\u8f66\u3002<\/li>\n<li>Tio okazis <strong><b>je Pasko<\/b><\/strong>.\u00a0 \u90a3\u4ef6\u4e8b\u53d1\u751f\u5728\u590d\u6d3b\u8282\u3002<\/li>\n<li><strong><b>Je la lasta fojo<\/b><\/strong>mi permesas al vi fari tion.\u00a0 \u6211\u6700\u540e\u4e00\u6b21\u5141\u8bb8\u4f60\u8fd9\u6837\u505a\u3002<\/li>\n<\/ul>\n<p><strong><b>10.3.3.2 <\/b><\/strong><strong><b>\u5ea6\u91cf<\/b><\/strong><\/p>\n<ul>\n<li>Vi certe estas <strong><b>je duono da kapo<\/b><\/strong>pli alta ol mi. = &#8230;\u00a0duonon da kapo pli alta ol mi.\u00a0 \u4f60\u80af\u5b9a\u6bd4\u6211\u9ad8\u534a\u4e2a\u5934\u3002<\/li>\n<\/ul>\n<p>\u901a\u5e38\u7528N\u8bcd\u5c3e\uff08\u00a710.2.2\uff09\u6765\u8868\u793a\u5ea6\u91cf\u3002<br \/>\n<strong><b>10.3.3.3 <\/b><\/strong><strong><b>\u7f3a\u4e4f\u3001\u5145\u8db3\u548c\u5411\u5f80<\/b><\/strong><\/p>\n<ul>\n<li>\u011ci estas libera <strong><b>je mankoj<\/b><\/strong>. \u6216&#8230;\u00a0de mankoj.\u00a0 \u90a3\u4e1c\u897f\u5b8c\u7f8e\u65e0\u7f3a\u3002<\/li>\n<li>Abram estis tre ri\u0109a <strong><b>je brutoj, ar\u011dento, kaj oro<\/b><\/strong>.\u00a0 \u3008\u5723\u7ecf\u3009\u4e9a\u4f2f\u5170\u7684\u91d1\u3001\u94f6\u3001\u7272\u755c\u6781\u591a\u3002<\/li>\n<li>Glaso da vino estas glaso plena <strong><b>je vino<\/b><\/strong>. \u6216&#8230;\u00a0plena de vino.\u00a0 \u4e00\u676f\u9152\u662f\u88c5\u6ee1\u9152\u7684\u676f\u5b50\u3002<\/li>\n<li>Mi sopiras <strong><b>je mia perdita feli\u0109o<\/b><\/strong>. \u6216&#8230;\u00a0mian perditan feli\u0109on \/ &#8230;\u00a0al mia perdita feli\u0109o.\u00a0 \u6211\u6e34\u671b\u6211\u5931\u53bb\u7684\u5e78\u798f\u3002<\/li>\n<\/ul>\n<p><strong><b>10.3.3.4 <\/b><\/strong><strong><b>\u8eab\u4f53\u6216\u7cbe\u795e\u7684\u72b6\u6001<\/b><\/strong><\/p>\n<ul>\n<li>Ili suferas <strong><b>je astmo<\/b><\/strong>.\u00a0 \u4ed6\u4eec\u8eab\u60a3\u54ee\u5598\u75c5\u3002<\/li>\n<li>\u015ci gravedi\u011dis <strong><b>je \u011demeloj<\/b><\/strong>.\u00a0 \u5979\u8eab\u6000\u53cc\u80de\u80ce\u3002<\/li>\n<li>Li malsani\u011dis <strong><b>je profunda melankolio<\/b><\/strong>.\u00a0 \u4ed6\u60a3\u6df1\u5ea6\u5fe7\u90c1\u75c7\u3002<\/li>\n<\/ul>\n<p><strong><b>10.3.3.5 <\/b><\/strong><strong><b>\u901a\u8fc7\u62ff\u4f4f\u3001\u6293\u4f4f\u3001\u75be\u75c5\u7b49\u63a5\u89e6\u5230\u7684\u8eab\u4f53\u90e8\u4f4d<\/b><\/strong><\/p>\n<ul>\n<li>Li kaptis min <strong><b>je la brako<\/b><\/strong>.\u00a0 \u4ed6\u6293\u4f4f\u4e86\u6211\u7684\u80f3\u818a\u3002\u25c7Je la brako\u8868\u793a\u6211\u7684\u80f3\u818a\uff0c\u4e5f\u53ef\u4ee5\u8bf4\u0109e la brako\u3002\u8868\u793a\uff08\u4ed6\u6293\u4f4f\u6211\u6240\u7528\u7684\uff09\u4ed6\u7684\u80f3\u818a\uff0c\u8981\u7528per\u3002<\/li>\n<li>Li estis lama <strong><b>je siaj amba\u016d piedoj<\/b><\/strong>.\u00a0\u3008\u5723\u7ecf\u3009\u4ed6\u4e24\u817f\u90fd\u662f\u7638\u7684\u3002<\/li>\n<\/ul>\n<p><strong><b>10.3.3.6 <\/b><\/strong><strong><b>\u5404\u79cd\u56fa\u5b9a\u77ed\u8bed<\/b><\/strong><\/p>\n<ul>\n<li>\u015ci kredas <strong><b>je Dio<\/b><\/strong>.\u00a0 \u5979\u4fe1\u4ef0\u4e0a\u5e1d\u3002\u25c7Kredi je iu\u6216je io\u76f8\u4fe1\u67d0\u4eba\u6216\u67d0\u7269\u771f\u5b9e\u5b58\u5728\u3002Kredi ion, al io, pri io \u76f8\u4fe1\u67d0\u4e8b\u7269\u662f\u771f\u7684\u3002Kredi al iu \u76f8\u4fe1\u67d0\u4eba\u8bf4\u7684\u662f\u5b9e\u8bdd\u3002<\/li>\n<li><strong><b>Je mia miro<\/b><\/strong>la afero sukcesis. = La afero sukcesis, kio mirigis min.\u00a0 \u8ba9\u6211\u5403\u60ca\u7684\u662f\uff0c\u8fd9\u4ef6\u4e8b\uff08\u5c45\u7136\uff09\u6210\u529f\u4e86\u3002<\/li>\n<li>Mi vetis kun \u015di <strong><b>je dek dolaroj<\/b><\/strong>.\u00a0 \u6211\u8ddf\u5979\u6253\u5341\u5143\u94b1\u7684\u8d4c\u3002\u25c7\u6253\u8d4c\u4e2d\u7684\u8d62\u5bb6\u5c06\u83b7\u5f97\u5341\u5143\u94b1\u3002\u4e5f\u53ef\u4ee5\u7528pri\u3002<\/li>\n<\/ul>\n<p>\u4e2d\u56fd\u4e16\u754c\u8bed\u7f51\u7ad9\u7eff\u7f51<br \/>\nVerda Reto, la \u0109ina esperanta retejo<br \/>\n<a href=\"https:\/\/reto.cn\/\">https:\/\/reto.cn<br \/>\n<\/a><br \/>\n<a href=\"https:\/\/reto.cn\/php\/hanyu\/detala-lernu-gramatiko\/\">\u8fd4\u56de\u4e16\u754c\u8bed\u8be6\u89e3\u8bed\u6cd5\u76ee\u5f55<\/a><\/p>\n","protected":false},"excerpt":{"rendered":"<p>&nbsp; \u4e16\u754c\u8bed\u8be6\u89e3\u8bed\u6cd5 10.3.3\u00a0 je 10.3.3 Je Je\u662f\u6ca1\u6709\u786e\u5b9a\u610f\u4e49\u7684\u4ecb\u8bcd\u3002\u539f\u672c\u7684\u610f\u56fe\u662f\u2026 <span class=\"read-more\"><a href=\"https:\/\/reto.cn\/php\/hanyu\/gramatiko_de_esperanto\/detala-lernu-gramatiko\/je\/\">\u7ee7\u7eed\u9605\u8bfb Legi pli &raquo;<\/a><\/span><\/p>\n","protected":false},"author":1,"featured_media":0,"parent":6989,"menu_order":1033,"comment_status":"open","ping_status":"closed","template":"","meta":{"footnotes":""},"_links":{"self":[{"href":"https:\/\/reto.cn\/php\/hanyu\/wp-json\/wp\/v2\/pages\/7190"}],"collection":[{"href":"https:\/\/reto.cn\/php\/hanyu\/wp-json\/wp\/v2\/pages"}],"about":[{"href":"https:\/\/reto.cn\/php\/hanyu\/wp-json\/wp\/v2\/types\/page"}],"author":[{"embeddable":true,"href":"https:\/\/reto.cn\/php\/hanyu\/wp-json\/wp\/v2\/users\/1"}],"replies":[{"embeddable":true,"href":"https:\/\/reto.cn\/php\/hanyu\/wp-json\/wp\/v2\/comments?post=7190"}],"version-history":[{"count":0,"href":"https:\/\/reto.cn\/php\/hanyu\/wp-json\/wp\/v2\/pages\/7190\/revisions"}],"up":[{"embeddable":true,"href":"https:\/\/reto.cn\/php\/hanyu\/wp-json\/wp\/v2\/pages\/6989"}],"wp:attachment":[{"href":"https:\/\/reto.cn\/php\/hanyu\/wp-json\/wp\/v2\/media?parent=7190"}],"curies":[{"name":"wp","href":"https:\/\/api.w.org\/{rel}","templated":true}]}}