{"id":7194,"date":"2021-07-25T12:28:23","date_gmt":"2021-07-25T04:28:23","guid":{"rendered":"http:\/\/reto.cn\/php\/hanyu\/?page_id=7194"},"modified":"2022-02-15T13:20:21","modified_gmt":"2022-02-15T05:20:21","slug":"de","status":"publish","type":"page","link":"https:\/\/reto.cn\/php\/hanyu\/gramatiko_de_esperanto\/detala-lernu-gramatiko\/de\/","title":{"rendered":"\u4e16\u754c\u8bed\u8be6\u89e3\u8bed\u6cd5 De"},"content":{"rendered":"<p>&nbsp;<\/p>\n<h3 class=\"entry-title\">\u4e16\u754c\u8bed\u8be6\u89e3\u8bed\u6cd5<\/h3>\n<h3 style=\"text-align: center;\"><strong>10.3.4\u00a0 De<\/strong><\/h3>\n<p><strong>10.3.4 De <\/strong><br \/>\n\u4ecb\u8bcdde\u5177\u6709\u5f88\u591a\u610f\u601d\u3002\u7531\u4e8e\u5b83\u7684\u591a\u4e49\u6027\uff0c\u6709\u65f6\u53ef\u80fd\u4f1a\u4ea7\u751f\u542b\u7cca\u7684\u610f\u601d\u3002\u8fd9\u65f6\uff0c\u53ef\u4ee5\u8865\u5145\u5404\u79cd\u8bf4\u660e\u6027\u77ed\u8bed\uff0c\u6216\u9009\u7528\u5176\u4ed6\u4ecb\u8bcd\u3002<br \/>\n<strong>10.3.4.1 <\/strong><strong>\u79fb\u8d70<\/strong><br \/>\n\u4ecb\u8bcdde\u7684\u57fa\u672c\u610f\u601d\u662f\u79fb\u52a8\u5f00\u59cb\u7684\u5730\u65b9\uff1a<\/p>\n<ul>\n<li>Mi venas <strong>de la avo<\/strong>, kaj mi iras nun al la onklo.\u00a0 \u6211\u4ece\u7237\u7237\u90a3\u91cc\u6765\uff0c\u73b0\u5728\u53bb\u53d4\u53d4\u90a3\u91cc\u3002<\/li>\n<li>La vento forblovis <strong>de mia kapo<\/strong> la \u0109apon.\u00a0 \u98ce\u628a\u5e3d\u5b50\u4ece\u6211\u7684\u5934\u4e0a\u5439\u8d70\u4e86\u3002<\/li>\n<li>Ilia voja\u011do <strong>de Delhio<\/strong> al Kalkato estis tre longeda\u016dra.\u00a0 \u4ed6\u4eec\u4ece\u5fb7\u91cc\u5230\u52a0\u5c14\u5404\u7b54\u7684\u65c5\u884c\u8017\u65f6\u957f\u4e45\u3002<\/li>\n<li>Rekta linio estas la plej mallonga vojo <strong>de unu punkto<\/strong> al alia.\u00a0 \u76f4\u7ebf\u662f\u4ece\u4e00\u4e2a\u70b9\u5230\u53e6\u4e00\u4e2a\u70b9\u7684\u6700\u77ed\u8def\u7ebf\u3002<\/li>\n<li>For\u00a0<strong>de tie \u0109i<\/strong>!\u00a0 \u4ece\u8fd9\u91cc\u6eda\u5f00\uff01<\/li>\n<\/ul>\n<p>\u4e3a\u4f7f\u610f\u4e49\u6e05\u695a\uff0c\u9700\u8981\u65f6\u53ef\u4ee5\u4f7f\u7528for de\u6216disde\uff1aLa polico prenis la \u015dtelitan monon\u00a0<strong>for de la rabisto<\/strong>\u00a0\/\u00a0<strong>disde la rabisto<\/strong>.\u00a0\u8b66\u5bdf\u4ece\u6b79\u5f92\u624b\u4e2d\u593a\u8fc7\u5077\u6765\u7684\u94b1\u3002\u25c7\u5982\u679c\u8bf4\uff1a&#8230; la \u015dtelitan monon <strong>de\u00a0la rabisto<\/strong>\uff0c\u53ef\u80fd\u4f1a\u8ba4\u4e3a\u8bf4\u7684\u662f\u8868\u793a\u5f52\u5c5e\u7684de\uff1a&#8230; la \u015dtelitan monon, kiu apartenis al la rabisto. \u2026\u2026\u5c5e\u4e8e\u6b79\u5f92\u7684\u5077\u6765\u7684\u94b1\u3002<br \/>\n<strong>10.3.4.2 <\/strong><strong>\u6765\u6e90\u3001\u8d77\u56e0<\/strong><br \/>\nDe\u4e5f\u53ef\u4ee5\u8868\u793a\u6765\u6e90\u6216\u8d77\u56e0\uff1a<\/p>\n<ul>\n<li><strong>De la patro<\/strong> mi ricevis libron, kaj <strong>de la frato<\/strong> mi ricevis plumon.\u00a0 \u6211\u4ece\u7236\u4eb2\u90a3\u91cc\u6536\u5230\u4e66\uff0c\u4ece\u54e5\u54e5\u90a3\u91cc\u6536\u5230\u7b14\u3002<\/li>\n<li>La hebreoj estas Izraelidoj, \u0109ar ili devenas <strong>de Izraelo<\/strong>.\u00a0 \u5e0c\u4f2f\u6765\u4eba\u5c31\u662f\u4ee5\u8272\u5217\u4eba\u540e\u88d4\uff0c\u56e0\u4e3a\u4ed6\u4eec\u6e90\u81ea\u4ee5\u8272\u5217\u3002<\/li>\n<li>Francisko <strong>de Asizo<\/strong> = Francisko <strong>el<\/strong> (\u00a710.3.2) Asizo\u00a0 \u6765\u81ea\u963f\u897f\u897f\u57ce\u7684\u5f17\u6717\u897f\u65af\u79d1<\/li>\n<li>Li pali\u011dis <strong>de timo<\/strong> kaj poste li ru\u011di\u011dis <strong>de honto<\/strong>. = &#8230; pro timo&#8230; pro honto.\u00a0 \u4ed6\u5413\u5f97\u8138\u8272\u82cd\u767d\uff0c\u800c\u540e\u53c8\u7f9e\u6127\u5f97\u8138\u7ea2\u3002\u25c7\u7136\u800c\uff0c\u901a\u5e38\u7528pro\uff0c\u6709\u65f6\u4e5f\u7528el\uff08\u00a710.3.2\uff09\u8868\u793a\u539f\u56e0\u3002<\/li>\n<li>Ebria <strong>de feli\u0109o<\/strong>, mi alkro\u0109i\u011dis al lia kolo.\u00a0 \u56e0\u5e78\u798f\u800c\u9676\u9189\uff0c\u6211\u6402\u4f4f\u4e86\u4ed6\u7684\u8116\u5b50\u3002<\/li>\n<\/ul>\n<p><strong>10.3.4.3 <\/strong><strong>\u76f8\u5f02\uff0c\u7b49<\/strong><br \/>\nDe\u5e38\u5e38\u8868\u793a\u76f8\u5f02\u3001\u533a\u522b\u3001\u7279\u6b8a\u3001\u8fdc\u79bb\u3001\u5206\u6563\uff1a<\/p>\n<ul>\n<li>Mi povus diferencigi la sa\u011dajn <strong>de la malsa\u011daj<\/strong>!\u00a0 \u6211\u4e5f\u8bb8\u80fd\u5c06\u667a\u8005\u548c\u611a\u8005\u533a\u5206\u5f00\u6765\u3002<\/li>\n<li>Kial Vi ka\u015das vin <strong>de mi<\/strong>?\u00a0 \u3008\u5723\u7ecf\u3009\uff08\u4f60\uff09\u4e3a\u4f55\u63a9\u9762\u4e0d\u987e\u6211\uff1f<\/li>\n<li>Nun mi iom liberi\u011dis <strong>de la plej ur\u011daj el miaj kolekti\u011dintaj laboroj<\/strong>.\u00a0 \u73b0\u5728\uff0c\u6211\u5df2\u4ece\u6700\u7d27\u6025\u7684\u52df\u96c6\u5de5\u4f5c\u4e2d\u7a0d\u5fae\u89e3\u8131\u51fa\u6765\u4e86\u3002<\/li>\n<li>\u011ci estas libera <strong>de malsanoj<\/strong>.\u00a0 \u5b83\u6ca1\u6709\u75c5\u3002<\/li>\n<li>Ili lo\u011das malproksime <strong>de ni<\/strong>.\u00a0 \u4ed6\u4eec\u4f4f\u5728\u8fdc\u79bb\u6211\u4eec\u7684\u5730\u65b9\u3002<\/li>\n<\/ul>\n<p><strong>10.3.4.4 <\/strong><strong>\u65f6\u95f4<\/strong><br \/>\nDe\u8fd8\u53ef\u4ee5\u8868\u793a\u6301\u7eed\u52a8\u4f5c\u6216\u72b6\u6001\u7684\u5f00\u59cb\u65f6\u523b\uff1a<\/p>\n<ul>\n<li>Li laboras <strong>de la sesa horo<\/strong>matene.\u00a0 \u4ed6\u4ece\u65e9\u6668\u516d\u70b9\u5f00\u59cb\u5e72\u6d3b\u3002<\/li>\n<li><strong>De nun<\/strong> mi ne plu man\u011dos viandon.\u00a0 \u4ece\u73b0\u5728\u5f00\u59cb\uff0c\u6211\u5c06\u4e0d\u518d\u5403\u8089\u3002<\/li>\n<li>Mi konas lin <strong>de longa tempo<\/strong>.\u00a0 \u6211\u5f88\u65e9\u5c31\u8ba4\u8bc6\u4ed6\u3002<\/li>\n<\/ul>\n<p>\u4e3a\u4e86\u660e\u786e\u8868\u793a\u8bf4\u7684\u662f\u65f6\u95f4\uff0c\u53ef\u4ee5\u4f7f\u7528ekde\u6216de post\uff1a<\/p>\n<ul>\n<li>ekde \u00a0 \u81ea\u2026\u5f00\u59cb\u4ee5\u6765\uff08= de la komenco de\uff09<\/li>\n<li>de post\u00a0 \u81ea\u2026\u7ed3\u675f\u4ee5\u6765\uff08= de la fino de\uff09<\/li>\n<\/ul>\n<p>\u5982\u679c\u8bba\u53ca\u65f6\u95f4\u70b9\uff0c\u5219ekde\u548cde post\u4e4b\u95f4\u51e0\u4e4e\u6ca1\u6709\u533a\u522b\uff1b\u4f46\u662f\uff0c\u5982\u679c\u8bba\u53ca\u65f6\u95f4\u7684\u6301\u7eed\uff0c\u5219\u533a\u522b\u5f88\u5927\uff1ade post \u015dia vivo\u00a0 \u4ece\u5979\u751f\u547d\u7ed3\u675f\u4ee5\u6765 = ekde \u015dia morto\u00a0 \u4ece\u5979\u53bb\u4e16\u4ee5\u6765\u3002<br \/>\n<strong>10.3.4.5 <\/strong><strong>\u5f52\u5c5e<\/strong><br \/>\nDe\u5e38\u5e38\u8868\u793a\u5f52\u5c5e\uff08\u62e5\u6709\u3001\u8d22\u7269\u3001\u9644\u8fd1\u3001\u4f9d\u9644\u3001\u5c40\u90e8\u3001\u4eb2\u5c5e\u2026\uff09\uff1a<\/p>\n<ul>\n<li>Jen ku\u015das la \u0109apelo <strong>de la patro<\/strong>.\u00a0 \u7236\u4eb2\u7684\u5e3d\u5b50\u5728\u8fd9\u91cc\u3002\u25c7\u5e3d\u5b50\u662f\u5c5e\u4e8e\u7236\u4eb2\u7684\u6240\u6709\u7269\u6216\u8d22\u4ea7\u3002<\/li>\n<li>La dentoj <strong>de leono<\/strong> estas akraj.\u00a0 \u72ee\u5b50\u7684\u7259\u9f7f\u5f88\u9510\u5229\u3002\u25c7\u7259\u9f7f\u662f\u72ee\u5b50\u7684\u8eab\u4f53\u90e8\u4f4d\u3002<\/li>\n<li>Sur la bordo <strong>de la maro<\/strong> staris amaso da homoj.\u00a0 \u6d77\u5cb8\u8fb9\u4e0a\u7ad9\u7740\u4e00\u7fa4\u4eba\u3002\u25c7\u5cb8\u8fb9\u5c5e\u4e8e\u5927\u6d77\uff0c\u56e0\u4e3a\u5b83\u7d27\u6328\u7740\u6d77\u3002<\/li>\n<li>Januaro estas la unua monato <strong>de la jaro<\/strong>.\u00a0 Januaro\u662f\u4e00\u5e74\u7684\u7b2c\u4e00\u4e2a\u6708\u3002\u25c7\u6708\u4efd\u662f\u5e74\u7684\u7ec4\u6210\u90e8\u5206\u3002<\/li>\n<li>La filo <strong>de la re\u011do<\/strong> \u015din renkontis.\u00a0 \u56fd\u738b\u7684\u513f\u5b50\u9047\u89c1\u4e86\u5979\u3002\u25c7\u513f\u5b50\u4f5c\u4e3a\u4eb2\u5c5e\u5f52\u5c5e\u56fd\u738b\u3002<\/li>\n<li>Mi legos poemon <strong>de Zamenhof<\/strong>.\u00a0 \u6211\u5c06\u9605\u8bfb\u67f4\u95e8\u970d\u592b\u7684\u8bd7\u3002\u25c7\u8fd9\u9996\u8bd7\u5c5e\u4e8e\u67f4\u95e8\u970d\u592b\uff0c\u56e0\u4e3a\u662f\u4ed6\u5199\u7684\u3002<\/li>\n<li>Glaso <strong>de vino<\/strong> estas glaso, en kiu anta\u016de sin trovis vino, a\u016d kiun oni uzas por vino.\u00a0 \u9152\u676f\u662f\u559d\u524d\u659f\u9152\u7684\u676f\u5b50\uff0c\u6216\u662f\u88c5\u9152\u7684\u676f\u5b50\u3002\u25c7\u676f\u5b50\u5c5e\u4e8e\u9152\uff0c\u56e0\u4e3a\u5b83\u7528\u4e8e\u9152\u3002<\/li>\n<li>\u015ci estas profesoro <strong>de matematiko<\/strong>.\u00a0 \u5979\u662f\u6570\u5b66\u6559\u6388\u3002\u25c7\u6559\u6388\u5c5e\u4e8e\u6570\u5b66\uff0c\u56e0\u4e3a\u90a3\u662f\u5979\u7684\u4e13\u4e1a\u3002\u4e5f\u53ef\u4ee5\u7528pri\u3002<\/li>\n<li>Tiu libro estas <strong>de Karlo<\/strong>.\u00a0 \u90a3\u672c\u4e66\u662f\u5361\u5c14\u7684\u3002\u25c7\u66f4\u5e38\u89c1\u7684\u662f\u4f7f\u7528aparteni\u00a0+\u00a0al\uff1aTiu libro apartenas al Karlo.<\/li>\n<li>\u011ci estas <strong>de mi<\/strong>.\u00a0 \u90a3\u4e1c\u897f\u662f\u6211\u7684\u3002\u25c7\u66f4\u5e38\u8bf4\uff1a\u011ci estas mia. \u011ci apartenas al mi.<\/li>\n<\/ul>\n<p><strong>10.3.4.6 <\/strong><strong>\u4e3b\u8bed\u3001\u65bd\u52a8\u8005\u3001\u5bbe\u8bed<\/strong><br \/>\n\u4f5c\u4e3a\u52a8\u4f5c\u540d\u8bcd\u8865\u8db3\u8bed\u7684de\u77ed\u8bed\u901a\u5e38\u8868\u793a\u610f\u4e49\u4e3b\u8bed\uff08\u65bd\u52a8\u8005\uff09\u6216\u52a8\u4f5c\u7684\u610f\u4e49\u5bbe\u8bed\uff1a<\/p>\n<ul>\n<li>La kanto <strong>de la birdoj<\/strong> estas agrabla.\u00a0 \u9e1f\u513f\u7684\u6b4c\u5531\u771f\u662f\u4ee4\u4eba\u6109\u60a6\u3002\u25c7\u9e1f\u513f\u6b4c\u5531\u3002<\/li>\n<li>Li tuj faris, kion mi volis, kaj mi dankis lin por la tuja plenumo <strong>de mia deziro<\/strong>.\u00a0 \u4ed6\u7acb\u5373\u505a\u4e86\u6211\u60f3\u8981\u505a\u7684\u4e8b\uff0c\u6211\u611f\u8c22\u4ed6\u7acb\u5373\u6ee1\u8db3\u4e86\u6211\u7684\u613f\u671b\u3002\u25c7\u4ed6\u6ee1\u8db3\u4e86\u6211\u7684\u613f\u671b\u3002<\/li>\n<\/ul>\n<p>\u4e3a\u4e86\u786e\u5b9a\u8bf4\u7684\u662f<strong>\u610f\u4e49\u4e3b\u8bed<\/strong>\uff0c\u53ef\u4ee5\u4f7f\u7528fare de\uff1a<\/p>\n<ul>\n<li>Hodia\u016d posttagmeze okazos akcepto <strong>fare de la urbestro<\/strong>.\u00a0 \u4eca\u5929\u4e0b\u5348\uff0c\u5e02\u957f\u5c06\u8981\u63a5\u89c1\u3002\u25c7\u5e02\u957f\u5c06\u8981\u63a5\u89c1\u67d0\u4eba\u3002<\/li>\n<\/ul>\n<p>\u3010\u8bf4\u660e\u3011\u6709\u4e9b\u4eba\u5c06fare de\u7f29\u5199\u6210far\uff0c\u4f46\u662f\u8be5\u8bcd\u662f\u975e\u6b63\u5f0f\u7684\uff0c\u4e0d\u63a8\u8350\u4f7f\u7528\u3002<br \/>\n\u4e0e\u88ab\u52a8\u5206\u8bcd\u8fde\u7528\uff0cde\u59cb\u7ec8\u8868\u793a\u610f\u4e49\u4e3b\u8bed\uff0c\u5373\u65bd\u52a8\u8005\uff1a<\/p>\n<ul>\n<li>\u015ci estas amata <strong>de \u0109iuj<\/strong>.\u00a0 \u5979\u88ab\u6240\u6709\u4eba\u7231\u3002\u25c7\u6240\u6709\u4eba\u90fd\u7231\u5979\u3002<\/li>\n<li>Li estis murdita <strong>de nekonato<\/strong>.\u00a0 \u4ed6\u88ab\u964c\u751f\u4eba\u8c0b\u6740\u4e86\u3002\u25c7\u964c\u751f\u4eba\u8c0b\u6740\u4e86\u4ed6\u3002<\/li>\n<li>La montoj estis kovritaj <strong>de ne\u011do<\/strong>.\u00a0 \u5c71\u88ab\u767d\u96ea\u8986\u76d6\u3002\u25c7\u767d\u96ea\u8986\u76d6\u4e86\u5c71\u3002<\/li>\n<\/ul>\n<p>\u4e5f\u53ef\u4ee5\u7528fare de\uff1aLa infano estis forprenita <strong>fare de la patrino<\/strong>.\u00a0 \u5b69\u5b50\u88ab\u6bcd\u4eb2\u62b1\u8d70\u4e86\u3002\u4f46\u662f\uff0c\u7b80\u5355\u7684de\u5bf9\u4e8e\u88ab\u52a8\u5206\u8bcd\u4e00\u822c\u591f\u7528\u4e86\u3002\u5982\u679c\u5728\u88ab\u52a8\u5206\u8bcd\u4e0a\u4f7f\u7528\u5176\u4ed6\u610f\u4e49\u7684de\u77ed\u8bed\uff0c\u901a\u5e38\u5fc5\u987b\u8981\u7528disde, for de, ekde\u6216\u7c7b\u4f3c\u8bcd\u8bed\u6765\u6e05\u695a\u5730\u8868\u793a\uff1aLa infano estis forprenita <strong>disde la patrino<\/strong>.\u00a0 \u5b69\u5b50\u4ece\u6bcd\u4eb2\u90a3\u91cc\u88ab\u62b1\u8d70\u4e86\u3002<br \/>\n<strong>10.3.4.7 <\/strong><strong>\u6027\u8d28<\/strong><br \/>\n\u6709\u65f6\uff0cde\u8868\u793a\u6027\u8d28\u3001\u7ec4\u6210\u6216\u5ea6\u91cf\uff1a<\/p>\n<ul>\n<li>\u015ci estas virino <strong>de meza a\u011do<\/strong>. = \u015ci estas meza\u011da virino.\u00a0 \u5979\u662f\u4e2d\u5e74\u5987\u5973\u3002<\/li>\n<li>Li havas harojn <strong>de nedifinita koloro<\/strong>.\u00a0\u4ed6\u7684\u5934\u53d1\u989c\u8272\u4e0d\u786e\u5b9a\u3002<\/li>\n<li>Li estas <strong>de meza kresko<\/strong>.\u00a0 \u4ed6\u662f\u4e2d\u7b49\u8eab\u6750\u3002<\/li>\n<li>bukedo <strong>de rozoj<\/strong> = bukedo, kiu konsistas el rozoj.\u00a0 \u73ab\u7470\u82b1\u675f<\/li>\n<li>reto <strong>de komputiloj<\/strong> = reto, kiu konsistas el komputiloj.\u00a0 \u7535\u8111\u7f51\u7edc<\/li>\n<li>La knabo havis la a\u011don <strong>de nur ses jaroj<\/strong>.\u00a0 \u90a3\u4e2a\u7537\u5b69\u53ea\u6709\u516d\u5c81\u3002<\/li>\n<\/ul>\n<p>\u4e2d\u56fd\u4e16\u754c\u8bed\u7f51\u7ad9\u7eff\u7f51<br \/>\nVerda Reto, la \u0109ina esperanta retejo<br \/>\n<a href=\"https:\/\/reto.cn\/\">https:\/\/reto.cn<br \/>\n<\/a><br \/>\n<a href=\"https:\/\/reto.cn\/php\/hanyu\/detala-lernu-gramatiko\/\">\u8fd4\u56de\u4e16\u754c\u8bed\u8be6\u89e3\u8bed\u6cd5\u76ee\u5f55<\/a><\/p>\n","protected":false},"excerpt":{"rendered":"<p>&nbsp; \u4e16\u754c\u8bed\u8be6\u89e3\u8bed\u6cd5 10.3.4\u00a0 De 10.3.4 De \u4ecb\u8bcdde\u5177\u6709\u5f88\u591a\u610f\u601d\u3002\u7531\u4e8e\u5b83\u7684\u591a\u4e49\u6027\uff0c\u2026 <span class=\"read-more\"><a href=\"https:\/\/reto.cn\/php\/hanyu\/gramatiko_de_esperanto\/detala-lernu-gramatiko\/de\/\">\u7ee7\u7eed\u9605\u8bfb Legi pli &raquo;<\/a><\/span><\/p>\n","protected":false},"author":1,"featured_media":0,"parent":6989,"menu_order":0,"comment_status":"closed","ping_status":"closed","template":"","meta":{"footnotes":""},"_links":{"self":[{"href":"https:\/\/reto.cn\/php\/hanyu\/wp-json\/wp\/v2\/pages\/7194"}],"collection":[{"href":"https:\/\/reto.cn\/php\/hanyu\/wp-json\/wp\/v2\/pages"}],"about":[{"href":"https:\/\/reto.cn\/php\/hanyu\/wp-json\/wp\/v2\/types\/page"}],"author":[{"embeddable":true,"href":"https:\/\/reto.cn\/php\/hanyu\/wp-json\/wp\/v2\/users\/1"}],"replies":[{"embeddable":true,"href":"https:\/\/reto.cn\/php\/hanyu\/wp-json\/wp\/v2\/comments?post=7194"}],"version-history":[{"count":0,"href":"https:\/\/reto.cn\/php\/hanyu\/wp-json\/wp\/v2\/pages\/7194\/revisions"}],"up":[{"embeddable":true,"href":"https:\/\/reto.cn\/php\/hanyu\/wp-json\/wp\/v2\/pages\/6989"}],"wp:attachment":[{"href":"https:\/\/reto.cn\/php\/hanyu\/wp-json\/wp\/v2\/media?parent=7194"}],"curies":[{"name":"wp","href":"https:\/\/api.w.org\/{rel}","templated":true}]}}