{"id":7202,"date":"2021-07-25T12:33:23","date_gmt":"2021-07-25T04:33:23","guid":{"rendered":"http:\/\/reto.cn\/php\/hanyu\/?page_id=7202"},"modified":"2022-02-15T13:21:10","modified_gmt":"2022-02-15T05:21:10","slug":"anstatau_kaj_krom","status":"publish","type":"page","link":"https:\/\/reto.cn\/php\/hanyu\/gramatiko_de_esperanto\/detala-lernu-gramatiko\/anstatau_kaj_krom\/","title":{"rendered":"\u4e16\u754c\u8bed\u8be6\u89e3\u8bed\u6cd5 Anstata\u016d \u548c krom"},"content":{"rendered":"<h3 class=\"entry-title\">\u4e16\u754c\u8bed\u8be6\u89e3\u8bed\u6cd5<\/h3>\n<h3 style=\"text-align: center;\"><strong>10.3.6\u00a0 Anstata\u016d \u548c krom<\/strong><\/h3>\n<p><strong>10.3.6 Anstata\u016d<\/strong><strong>\u548c<\/strong><strong>krom <\/strong><\/p>\n<p><strong>10.3.6.1 Anstata\u016d <\/strong><\/p>\n<p>\u4ecb\u8bcdanstata\u016d\u8868\u793a\u5176\u4f5c\u7528\u7531\u5176\u4ed6\u4e8b\u7269\u6267\u884c\u7684\u67d0\u7269\uff0c\u6216\u662f\u5728\u5176\u6240\u5728\u5730\u6709\u5176\u4ed6\u4e8b\u7269\u7684\u67d0\u7269\uff1a<\/p>\n<ul>\n<li><strong>Anstata\u016d kafo<\/strong> li donis al mi teon kun sukero, sed sen kremo.\u00a0 \u4ed6\u6ca1\u6709\u7ed9\u6211\u5496\u5561\uff0c\u800c\u662f\u7ed9\u4e86\u6211\u52a0\u7cd6\u800c\u6ca1\u6709\u52a0\u5976\u6cb9\u7684\u8336\u3002\u25c7\u4ed6\u6ca1\u6709\u7ed9\u5496\u5561\uff0c\u800c\u662f\u7ed9\u4e86\u8336\u3002\u8336\u8d77\u5230\u4e86\u5496\u5561\uff08\u4f5c\u4e3a\u996e\u54c1\uff09\u7684\u4f5c\u7528\u3002<\/li>\n<li>Kiam mortis Jobab, ekre\u011dis <strong>anstata\u016d li<\/strong> \u0124u\u015dam el la lando de la Temananoj.\u00a0 \u3008\u5723\u7ecf\u3009\u7ea6\u5df4\u6b7b\u4e86\uff0c\u63d0\u5e54\u5730\u7684\u4eba\u6237\u73ca\u63a5\u7eed\u4ed6\u4f5c\u738b\u3002<\/li>\n<li><strong>Anstata\u016d matene<\/strong>, mi nun hejtados la fornon tagmeze.\u00a0 \u73b0\u5728\uff0c\u6211\u5c06\u5728\u4e2d\u5348\u800c\u4e0d\u662f\u5728\u65e9\u6668\u751f\u7089\u5b50\u3002\u25c7\u6211\u5c06\u4e0d\u518d\u5728\u65e9\u6668\u800c\u662f\u5728\u4e2d\u5348\u751f\u706b\u3002<\/li>\n<li><strong>Anstata\u016d \u0109ia respondo<\/strong> la maljunulino nee skuis la kapon.\u00a0 \u8001\u5987\u6ca1\u505a\u4efb\u4f55\u56de\u7b54\uff0c\u800c\u662f\u6447\u5934\u5426\u8ba4\u3002\u25c7\u5979\u6ca1\u6709\u7ed9\u51fa\u771f\u5b9e\u7684\u56de\u7b54\uff0c\u800c\u662f\u628a\u6447\u5934\u5f53\u4f5c\u4e86\u56de\u7b54\u3002<\/li>\n<li>\u0108u mi ne helpu vin, <strong>anstata\u016d tio, ke vi sola faru la tutan laboron<\/strong>?\u00a0 \u4f60\u8981\u81ea\u5df1\u5b8c\u6210\u5168\u90e8\u5de5\u4f5c\uff0c\u96be\u9053\u4e0d\u8981\u8ba9\u6211\u6765\u5e2e\u52a9\u4f60\u5417\uff1f\u25c7\u73b0\u5728\u7684\u6253\u7b97\u662f\u4f60\u72ec\u81ea\u5b8c\u6210\u5168\u90e8\u5de5\u4f5c\u3002\u96be\u9053\u4e0d\u8981\u6539\u7531\u6211\u6765\u5e2e\u52a9\u4f60\u5417\uff1f<\/li>\n<li><strong>Anstata\u016d ke \u0109iu lernas diversajn lingvojn<\/strong>, \u0109iuj ellernadu unu saman lingvon.\u00a0 \u8ba9\u5927\u5bb6\u5b66\u4f1a\u540c\u4e00\u79cd\u8bed\u8a00\uff0c\u800c\u4e0d\u662f\u6bcf\u4e2a\u4eba\u53bb\u5b66\u5404\u79cd\u8bed\u8a00\u3002<\/li>\n<li>La aliaj anasoj preferis na\u011dadi en la kanaloj, <strong>anstata\u016d viziti \u015din<\/strong>.\u00a0 \u522b\u7684\u9e2d\u5b50\u90fd\u613f\u610f\u5728\u6eaa\u6d41\u91cc\u6e38\u6cf3\uff0c\u800c\u4e0d\u613f\u610f\u8dd1\u6765\u770b\u5979\u3002<\/li>\n<\/ul>\n<p><strong>10.3.6.2 Krom <\/strong><\/p>\n<p>\u4ecb\u8bcdkrom\u8868\u793a\u53e6\u5916\u8003\u8651\u7684\u4e8b\u60c5\u3002\u8fd9\u4e00\u57fa\u672c\u610f\u601d\u5b9e\u9645\u4e0a\u7ed9\u51fa\u4e86\u4e24\u4e2a\u610f\u601d\uff1a<strong>\u6392\u9664\u5f0f\u7684<\/strong>krom\u548c<strong>\u8865\u5145\u5f0f\u7684<\/strong>krom\u3002<\/p>\n<p><strong>10.3.6.2.1 <\/strong><strong>\u6392\u9664\u5f0f\u7684<\/strong><strong>krom <\/strong><\/p>\n<p>\u6392\u9664\u5f0f\u7684krom\u8868\u793a\u53e5\u5b50\u7684\u5176\u4f59\u90e8\u5206\u5bf9\u5176\u65e0\u6548\u7684\u67d0\u4e8b\u7269\u3002\u5982\u679c\u53e5\u5b50\u662f\u80af\u5b9a\u7684\uff0c\u5219\u6392\u9664\u5f0f\u7684krom\u610f\u601d\u662f\u5426\u5b9a\u7684\u3002\u8fd9\u79cd\u80af\u5b9a\u53e5\u901a\u5e38\u542b\u6709\u0109iu(j), \u0109io\u6216tuta\uff1a<\/p>\n<ul>\n<li>Tie estis \u0109iuj miaj fratoj <strong>krom Petro<\/strong>.\u00a0 \u9664\u4e86\u5f7c\u5f97\uff0c\u6211\u6240\u6709\u7684\u5144\u5f1f\u90fd\u5728\u90a3\u91cc\u3002\u25c7\u5f7c\u5f97<strong>\u4e0d<\/strong>\u5728\u90a3\u91cc\u3002<\/li>\n<li>\u0108io en \u015di estis juna kaj almena\u016d \u015dajne serena, <strong>krom la frunto<\/strong>.\u00a0\u5979\u8eab\u4e0a\u7684\u4e00\u5207\u90fd\u5f88\u5e74\u8f7b\uff0c\u81f3\u5c11\u770b\u4e0a\u53bb\u723d\u6c14\uff0c\u9664\u4e86\u524d\u989d\u3002\u25c7\u524d\u989d<strong>\u4e0d<\/strong>\u662f\u8fd9\u6837\u3002<\/li>\n<li>La tuta teksto estas korekta, <strong>krom unu frazo<\/strong>.\u00a0 \u9664\u4e86\u4e00\u4e2a\u53e5\u5b50\u4e4b\u5916\uff0c\u6574\u7bc7\u6587\u672c\u90fd\u662f\u6b63\u786e\u7684\u3002\u25c7\u4e00\u4e2a\u53e5\u5b50<strong>\u4e0d<\/strong>\u6b63\u786e\u3002<\/li>\n<\/ul>\n<p>\u5982\u679c\u53e5\u5b50\u662f\u5426\u5b9a\u7684\uff08\u5e26\u6709ne, NENI\u9996\u8bcd\u8868\u8bcd\u6216sen\uff09\uff0c\u5219\u6392\u9664\u5f0f\u7684krom\u610f\u601d\u662f\u80af\u5b9a\u7684\uff1a<\/p>\n<ul>\n<li>En la salono estis neniu <strong>krom li kaj lia fian\u0109ino<\/strong>.\u00a0 \u9664\u4e86\u4ed6\u548c\u4ed6\u7684\u672a\u5a5a\u59bb\u4e4b\u5916\uff0c\u5927\u5385\u91cc\u5df2\u7ecf\u6ca1\u6709\u4eba\u4e86\u3002\u25c7\u4ed6\u548c\u4ed6\u7684\u672a\u5a5a\u59bb<strong>\u5c31\u5728<\/strong>\u90a3\u91cc\u3002<\/li>\n<li>Ne ekzistas Dio <strong>krom Mi<\/strong>.\u00a0 \u3008\u5723\u7ecf\u3009\u5728\u6211\u4ee5\u5916\u5e76\u65e0\u522b\u795e\u3002\u25c7\u6211\u5c31\u662f\u795e\uff0c\u6211<strong>\u786e\u5b9e<\/strong>\u5b58\u5728\u3002<\/li>\n<li>En la lastaj monatoj mi, <strong>krom miaj profesiaj bezonoj<\/strong>, preska\u016d neniam eliras el la domo.\u00a0 \u5728\u6700\u8fd1\u51e0\u4e2a\u6708\u91cc\uff0c\u9664\u4e86\u4e1a\u52a1\u9700\u8981\u4e4b\u5916\uff0c\u6211\u51e0\u4e4e\u603b\u662f\u8db3\u4e0d\u51fa\u6237\u3002\u25c7\u5728\u4e1a\u52a1\u9700\u8981\u4e4b\u65f6\uff0c\u6211<strong>\u786e\u5b9e<\/strong>\u51fa\u53bb\u8fc7\u3002\uff08\u4e3a\u4e86\u610f\u601d\u6e05\u695a\u8d77\u89c1\uff0c\u53ef\u4ee5\u8bf4krom\u00a0<strong>pro<\/strong>miaj profesiaj bezonoj\uff0c\u4f46\u662f\u8bf7\u6b64\u540e\u53c2\u89c1\u201canstata\u016d\u548ckrom\uff0b\u5176\u4ed6\u4f5c\u7528\u6807\u5fd7\u201d\u3002\uff09<\/li>\n<li>Marta ku\u015dis sur la malmola lita\u0135o sen ia alia sento <strong>krom morta laci\u011do<\/strong>.\u00a0 \u9664\u4e86\u6781\u5ea6\u7684\u75b2\u52b3\uff0c\u739b\u5c14\u5854\u8eba\u5728\u786c\u677f\u5e8a\u4e0a\u6ca1\u6709\u5176\u4ed6\u611f\u89c9\u3002\u25c7\u5979<strong>\u7684\u786e<\/strong>\u611f\u5230\u6781\u5ea6\u7684\u75b2\u52b3\u3002<\/li>\n<li>Mi nenion pli postulus, <strong>krom ke oni montru al mi sindonecon kaj estimon<\/strong>.\u00a0 \u9664\u4e86\u8981\u4eba\u4eec\u5411\u6211\u8868\u793a\u5fe0\u8bda\u548c\u5c0a\u91cd\u5916\uff0c\u6211\u4e0d\u4f1a\u8981\u6c42\u66f4\u591a\u3002<\/li>\n<li>Ne ekzistas alia bono por la homo,\u00a0<strong>krom man\u011di kaj trinki<\/strong>.\u00a0 \u3008\u5723\u7ecf\u3009\u4eba\u83ab\u5f3a\u5982\u5403\u559d\uff0c\u4e14\u4eab\u798f\u3002<\/li>\n<\/ul>\n<p><strong>10.3.6.2.2 <\/strong><strong>\u8865\u5145\u5f0f\u7684<\/strong><strong>krom<\/strong><\/p>\n<p>\u8865\u5145\u5f0f\u7684krom\u8868\u793a\u786e\u5b9e\u6709\u6548\u7684\u67d0\u4e8b\u7269\u3002\u4eba\u4eec\uff08\u5728\u540e\u9762\uff09\u7ed9\u6b64\u4e8b\u7269\u52a0\u4e0a\u53e6\u4e00\u4e2a\u540c\u6837\u6709\u6548\u7684\u4e8b\u7269\u3002\u901a\u5e38\u60c5\u51b5\u4e0b\uff0c\u53e5\u4e2d\u6709anka\u016d\uff08\u9700\u8981\u65f6\u7528ankora\u016d\u6216e\u0109\uff09\u4ee5\u52a0\u5f3a\u8865\u5145\u7684\u610f\u4e49\uff1a<\/p>\n<ul>\n<li><strong>Krom Petro<\/strong> tie estis anka\u016d \u0109iuj aliaj miaj fratoj. = Aldone al Petro anka\u016d ili estis tie.\u00a0 \u9664\u4e86\u5f7c\u5f97\uff0c\u6211\u7684\u6240\u6709\u5176\u4ed6\u5144\u5f1f\u4e5f\u90fd\u5728\u90a3\u91cc\u3002<\/li>\n<li>Per pruntedono ofte oni perdas <strong>krom sia havo<\/strong> anka\u016d la amikon. = Aldone al tio, ke oni perdas sian havon, oni perdas anka\u016d la amikon.\u00a0 \u501f\u7ed9\u522b\u4eba\u4e1c\u897f\uff0c\u5e38\u5e38\u662f\u9664\u4e86\u5931\u53bb\u81ea\u5df1\u7684\u8d22\u7269\uff0c\u8fd8\u5931\u53bb\u4e86\u670b\u53cb\u3002<\/li>\n<li>La luno ne levi\u011dis ankora\u016d sufi\u0109e alte, <strong>krom tio<\/strong> estis iom da nebulo. = Aldone al tio, ke la luno ne levi\u011dis sufi\u0109e, estis anka\u016d iom da nebulo.\u00a0 \u6708\u4eae\u5c1a\u672a\u5347\u5f97\u5f88\u9ad8\uff0c\u9664\u6b64\u4e4b\u5916\uff0c\u8fd8\u6709\u4e00\u70b9\u96fe\u3002<\/li>\n<li><strong>Krom Karlo<\/strong>, venis e\u0109 lia tuta familio. = Aldone al tio, ke venis Karlo&#8230;\u00a0 \u9664\u4e86\u5361\u5c14\uff0c\u751a\u81f3\u4ed6\u7684\u5168\u5bb6\u90fd\u6765\u4e86\u3002<\/li>\n<li><strong>Krom tio, ke li venis malfrue<\/strong>, li e\u0109 kondutis tre malbone.\u00a0 \u4ed6\u9664\u4e86\u8fdf\u5230\uff0c\u751a\u81f3\u8868\u73b0\u4e5f\u5f88\u5dee\u3002<\/li>\n<\/ul>\n<p><strong>10.3.6.2.3 <\/strong><strong>\u5f15\u8d77\u8bef\u89e3\u7684\u53ef\u80fd<\/strong><\/p>\n<p>\u901a\u5e38\u60c5\u51b5\u4e0b\uff0c\u4e0a\u4e0b\u6587\u6e05\u695a\u5730\u8868\u793a\uff0c\u8bf4\u7684\u662f\u6392\u9664\u5f0f\u7684\u8fd8\u662f\u8865\u5145\u5f0f\u7684krom\u3002\u5982\u679c\u53e5\u4e2d\u6709anka\u016d, ankora\u016d\u6216e\u0109\uff0c\u5219krom\u5fc5\u5b9a\u662f<strong>\u8865\u5145\u5f0f\u7684<\/strong>\u3002\u5982\u679c\u6ca1\u6709\u8fd9\u6837\u7684\u8bcd\u5e76\u4e14\u53e5\u5b50\u662f\u5426\u5b9a\u7684\uff0c\u5219krom\u5fc5\u5b9a\u662f<strong>\u6392\u9664\u5f0f\u7684<\/strong>\u3002\u4e3a\u4f7f\u610f\u601d\u7edd\u5bf9\u6e05\u695a\uff0c\u53ef\u4ee5\u6539\u7528kun escepto\u00a0de, escepte de, escept(int)e\uff0bN\u8bcd\u5c3e\uff0c\u6216ekskluzive de\u6765\u8868\u793a\u6392\u9664\u7684\u610f\u601d\uff1b\u53ef\u4ee5\u7528aldone al, inkluzive de\u6765\u8868\u793a\u8865\u5145\u7684\u610f\u601d\u3002<\/p>\n<p><strong>10.3.6.2.4 Anstata\u016d<\/strong><strong>\u548c<\/strong><strong>krom<\/strong><strong>\uff0b\u5176\u4ed6\u4f5c\u7528\u6807\u5fd7<\/strong><\/p>\n<p>Anstata\u016d\u548ckrom\u662f\u7a0d\u6709\u4e00\u70b9\u7279\u522b\u7684\u4ecb\u8bcd\uff0c\u56e0\u4e3a\u5b9e\u9645\u4e0a\u5b83\u4eec\u5b8c\u5168\u4e0d\u8868\u793a\u53e5\u4f5c\u7528\uff01\u5b83\u4eec\u4ec5\u4ec5\u8868\u793a\u53e6\u4e00\u4e2a\u4e8b\u7269\u5728\u6267\u884c\u4e8b\u60c5\u7684\u4f5c\u7528\uff0c\u6216\u8be5\u4e8b\u60c5\u88ab\u5206\u5f00\u8003\u8651\u3002\u4e60\u60ef\u4e0a\uff0c\u4e0a\u4e0b\u6587\u8868\u793a\u8fd9\u79cd\u88ab\u63a5\u53d7\u7684\u4f5c\u7528\u662f\u4e3b\u8bed\u7684\u3001\u5bbe\u8bed\u7684\u8fd8\u662f\u67d0\u79cd\u72b6\u8bed\u7684\u3002\u7136\u800c\uff0c\u5728\u9700\u8981\u65f6\u53ef\u4ee5\u8865\u5145\u8868\u793a\u5b9e\u9645\u53e5\u4f5c\u7528\u7684\u5176\u4ed6\u4f5c\u7528\u6807\u5fd7\uff08\u4ecb\u8bcd\u6216N\u8bcd\u5c3e\uff09\uff1a<\/p>\n<ul>\n<li>Li faris tion pro \u015di <strong>anstata\u016d pro mi<\/strong>.\u00a0 \u4ed6\u662f\u56e0\u4e3a\u5979\u800c\u4e0d\u662f\u56e0\u4e3a\u6211\u624d\u505a\u90a3\u4ef6\u4e8b\u7684\u3002\u25c7\u5982\u679c\u8bf4anstata\u016d mi\uff0c\u5219\u4f3c\u4e4e\u662f\u4ed6\u4ee3\u66ff\u6211\u6210\u4e3a\u65bd\u52a8\u8005\uff0c\u4ed6\u505a\u4e86\u90a3\u4ef6\u4e8b\u800c\u6211\u6ca1\u6709\u505a\u3002Pro\u8868\u793ami\u8d77\u4e86\u201c\u539f\u56e0\u201d\u7684\u4f5c\u7528\uff0c\u800c\u015di\u5728\u6b64\u4f5c\u7528\u4e2d\u4ee3\u66ff\u4e86\u6211\u3002<\/li>\n<li>Petro batis Pa\u016dlon <strong>anstata\u016d Vilhelmon<\/strong>. = Petro batis ne Vilhelmon, sed Pa\u016dlon.\u00a0 \u5f7c\u5f97\u6253\u4e86\u4fdd\u7f57\uff0c\u6ca1\u6253\u5a01\u5ec9\u3002\u25c7\u8bf7\u6bd4\u8f83\uff1aPetro batis Pa\u016dlon\u00a0<strong>anstata\u016d Vilhelmo<\/strong>.\u00a0=\u00a0Ne Vilhelmo, sed Petro batis Pa\u016dlon. \u5f7c\u5f97\u6253\u4e86\u4fdd\u7f57\uff0c\u5a01\u5ec9\u6ca1\u6253\u3002<\/li>\n<li>Ili veturis al Londono <strong>anstata\u016d al Bath<\/strong>.\u00a0 \u4ed6\u4eec\u4e58\u8f66\u53bb\u4e86\u4f26\u6566\u800c\u6ca1\u53bb\u5df4\u601d\u3002<\/li>\n<li>Kiu alportas oferojn al dioj, <strong>krom al la Eternulo sole<\/strong>, tiu estu ekstermita.\u00a0 \u3008\u5723\u7ecf\u3009\u796d\u7940\u522b\u795e\uff0c\u4e0d\u5355\u5355\u796d\u7940\u8036\u548c\u534e\u7684\uff0c\u90a3\u4eba\u5fc5\u8981\u706d\u7edd\u3002\u25c7\u6ca1\u6709al\u5c31\u4f3c\u4e4e\u662f\u53ea\u6709la Eternulo\u624d\u80fd\u591f\u796d\u7940\u8bf8\u795e\u800c\u4e0d\u88ab\u706d\u7edd\u3002Al\u5bf9\u4e8e\u4f7f\u4eba\u7406\u89e3la Eternulo\u662f\u796d\u7940\u7684\u5bf9\u8c61\u6765\u8bf4\uff0c\u662f\u5fc5\u8981\u7684\u3002<\/li>\n<li>Neniu rajtas uzi la novan a\u016dton, <strong>krom en la okazo<\/strong>, se mi tion diros.\u00a0 \u65e0\u4eba\u6709\u6743\u4f7f\u7528\u8fd9\u8f86\u65b0\u8f66\uff0c\u9664\u975e\u6211\u8bf4\u4e86\u8fd9\u8bdd\u3002\u25c7En\u8868\u793aokazo\u662f\u65f6\u95f4\u72b6\u8bed\u3002<\/li>\n<li><strong>Krom Vilhelmon<\/strong> Petro batis anka\u016d Pa\u016dlon.\u00a0 \u9664\u4e86\u5a01\u5ec9\uff0c\u5f7c\u5f97\u8fd8\u6253\u4e86\u4fdd\u7f57\u3002\u25c7krom\u540e\u9762\u7684N\u8bcd\u5c3e\u5b9e\u9645\u4e0a\u6c38\u8fdc\u662f\u591a\u4f59\u7684\uff0c\u5c3d\u7ba1\u5728\u8fd9\u6837\u7684\u53e5\u5b50\u4e2d\u4e5f\u4e0d\u4e3a\u9519\u3002\u4e0d\u4f1a\u4ea7\u751f\u6df7\u6dc6\u3002\u5728\u8fd9\u91cc\uff0canka\u016d\u7684\u4f4d\u7f6e\u4f7f\u8bef\u89e3\u6210\u4e3a\u4e0d\u53ef\u80fd\u3002\u8bf7\u6bd4\u8f83\uff1a<strong>Krom Vilhelmo<\/strong> anka\u016d Petro batis Pa\u016dlon. = Krom ke Vilhelmo batis Pa\u016dlon, anka\u016d Petro faris tion. \u9664\u4e86\u5a01\u5ec9\uff0c\u5f7c\u5f97\u4e5f\u6253\u4e86\u4fdd\u7f57\u3002<\/li>\n<\/ul>\n<p>\u4eba\u4eec\u540c\u6837\u53ef\u4ee5\u7528\u88ab\u7701\u7565\u7684\u4e0d\u5b9a\u5f0f\u6765\u89e3\u91ca\u8fd9\u4e00\u70b9\uff1a&#8230; anstata\u016d fari tion pro mi. &#8230; anstata\u016d peti de vi&#8230; &#8230; anstata\u016d bati Vilhelmon.\u00a0&#8230; anstata\u016d veturi al Bath. &#8230; anstata\u016d skribi per literoj ordinaraj. Krom bati Vilhelmon&#8230;<\/p>\n<p><strong>10.3.6.3 <\/strong><strong>\u72ec\u7acb\u7528\u6cd5<\/strong><\/p>\n<p>\u5982\u679c\u60f3\u8981\u72ec\u7acb\u4f7f\u7528anstata\u016d\u6216krom\u800c\u4e0d\u63d0\u53ca\u6240\u6d89\u5176\u4f5c\u7528\u7684\u4e8b\u7269\uff0c\u8fd9\u65f6\u5c31\u5fc5\u987b\u52a0\u526f\u8bcd\u8bcd\u5c3e\uff1aanstata\u016de \u00a0\u4ee3\u66ff\uff08= anstata\u016d tio\uff09\uff0ckrome \u00a0\u6b64\u5916\uff08= krom tio\uff09\uff1a<\/p>\n<ul>\n<li>Li ne donis al mi kafon. <strong>Anstata\u016de<\/strong> li donis teon. = Anstata\u016d kafo&#8230;\u00a0 \u4ed6\u6ca1\u6709\u7ed9\u6211\u5496\u5561\uff0c\u800c\u662f\u7ed9\u4e86\u8336\u3002<\/li>\n<li><strong>Krome<\/strong>\u00a0vi devas pagi por matenman\u011do. = Krom tio, kion vi jam pagis&#8230;\u00a0 \u6b64\u5916\uff0c\u4f60\u8fd8\u5fc5\u987b\u652f\u4ed8\u65e9\u9910\u8d39\u3002<\/li>\n<\/ul>\n<p>\u8fd8\u6709\u53ef\u80fd\u4f7f\u7528\u5f62\u5bb9\u8bcd\u8bcd\u5c3e\uff1a<\/p>\n<ul>\n<li>Ni devis almeti la <strong>anstata\u016dan<\/strong> radon. = &#8230; tiun radon, kiu servas anstata\u016d alia rado.\u00a0 \u6211\u4eec\u5fc5\u987b\u914d\u4e0a\u5907\u7528\u8f6e\u3002<\/li>\n<li>Vi devas pagi <strong>kroman<\/strong> kotizon. = &#8230; plian kotizon, krom tiu kotizo, kiun vi jam pagis.\u00a0 \u4f60\u5fc5\u987b\u652f\u4ed8\u5176\u4ed6\u8d39\u7528\u3002<\/li>\n<\/ul>\n<p>Krome\u548ckroma\u59cb\u7ec8\u5177\u6709\u8865\u5145\u7684\u610f\u601d\uff0c\u800c\u6c38\u8fdc\u4e0d\u662f\u6392\u9664\u7684\u610f\u601d\u3002<\/p>\n<p>&nbsp;<\/p>\n<p>\u4e2d\u56fd\u4e16\u754c\u8bed\u7f51\u7ad9\u7eff\u7f51<br \/>\nVerda Reto, la \u0109ina esperanta retejo<br \/>\n<a href=\"https:\/\/reto.cn\/\">https:\/\/reto.cn<br \/>\n<\/a><br \/>\n<a href=\"https:\/\/reto.cn\/php\/hanyu\/detala-lernu-gramatiko\/\">\u8fd4\u56de\u4e16\u754c\u8bed\u8be6\u89e3\u8bed\u6cd5\u76ee\u5f55<\/a><\/p>\n","protected":false},"excerpt":{"rendered":"<p>\u4e16\u754c\u8bed\u8be6\u89e3\u8bed\u6cd5 10.3.6\u00a0 Anstata\u016d \u548c krom 10.3.6 Anstata\u016d\u548ckrom 10\u2026 <span class=\"read-more\"><a href=\"https:\/\/reto.cn\/php\/hanyu\/gramatiko_de_esperanto\/detala-lernu-gramatiko\/anstatau_kaj_krom\/\">\u7ee7\u7eed\u9605\u8bfb Legi pli &raquo;<\/a><\/span><\/p>\n","protected":false},"author":1,"featured_media":0,"parent":6989,"menu_order":0,"comment_status":"closed","ping_status":"closed","template":"","meta":{"footnotes":""},"_links":{"self":[{"href":"https:\/\/reto.cn\/php\/hanyu\/wp-json\/wp\/v2\/pages\/7202"}],"collection":[{"href":"https:\/\/reto.cn\/php\/hanyu\/wp-json\/wp\/v2\/pages"}],"about":[{"href":"https:\/\/reto.cn\/php\/hanyu\/wp-json\/wp\/v2\/types\/page"}],"author":[{"embeddable":true,"href":"https:\/\/reto.cn\/php\/hanyu\/wp-json\/wp\/v2\/users\/1"}],"replies":[{"embeddable":true,"href":"https:\/\/reto.cn\/php\/hanyu\/wp-json\/wp\/v2\/comments?post=7202"}],"version-history":[{"count":0,"href":"https:\/\/reto.cn\/php\/hanyu\/wp-json\/wp\/v2\/pages\/7202\/revisions"}],"up":[{"embeddable":true,"href":"https:\/\/reto.cn\/php\/hanyu\/wp-json\/wp\/v2\/pages\/6989"}],"wp:attachment":[{"href":"https:\/\/reto.cn\/php\/hanyu\/wp-json\/wp\/v2\/media?parent=7202"}],"curies":[{"name":"wp","href":"https:\/\/api.w.org\/{rel}","templated":true}]}}