{"id":7206,"date":"2021-07-25T12:39:29","date_gmt":"2021-07-25T04:39:29","guid":{"rendered":"http:\/\/reto.cn\/php\/hanyu\/?page_id=7206"},"modified":"2022-02-15T13:21:25","modified_gmt":"2022-02-15T05:21:25","slug":"po","status":"publish","type":"page","link":"https:\/\/reto.cn\/php\/hanyu\/gramatiko_de_esperanto\/detala-lernu-gramatiko\/po\/","title":{"rendered":"\u4e16\u754c\u8bed\u8be6\u89e3\u8bed\u6cd5 Po"},"content":{"rendered":"<h3 class=\"entry-title\">\u4e16\u754c\u8bed\u8be6\u89e3\u8bed\u6cd5<\/h3>\n<h3 style=\"text-align: center;\"><strong>10.3.7\u00a0 Po<\/strong><\/h3>\n<p><strong>10.3.7 Po <\/strong><\/p>\n<p>\u5c0f\u54c1\u8bcdpo\u8868\u793a\u6570\u91cf\u7684\u5206\u914d\u3002\u5b83\u4f20\u7edf\u4e0a\u88ab\u5f52\u7c7b\u4e3a\u4ecb\u8bcd\uff0c\u4f46\u662f\u8bb8\u591a\u4eba\u5c06\u5b83\u7528\u4f5c\u526f\u8bcd\u6027\u5c0f\u54c1\u8bcd\u3002<\/p>\n<p>Po\u7684\u610f\u601d\u53ea\u4e0e\u67d0\u79cd\u6570\u76ee\u6216\u6570\u91cf\u6709\u5173\u3002\u56e0\u6b64\uff0cpo\u7684\u540e\u9762\u59cb\u7ec8\u5fc5\u987b\u662f\u6570\u8bcd\u6216\u5176\u4ed6\u6570\u91cf\u77ed\u8bed\uff1apo kvin, po dek, po dudek mil, po multe, po kiom, po miliono, po duono, po iom, po pluraj, po paro, po egalaj partoj\u7b49\u3002\u6709\u65f6\uff0c\u4eba\u4eec\u7701\u7565\u6570\u91cf\uff1apo pomo = po unu pomo, po tutaj boteloj = po pluraj tutaj boteloj.<\/p>\n<p>Po\u8868\u793a\u67d0\u7269\u7684\u4e00\u4efd\uff0c\u8be5\u7269\u88ab\u4ee5\u67d0\u79cd\u65b9\u5f0f\u5206\u914d\u7ed9\u591a\u4eba\u3001\u591a\u7269\u3001\u591a\u5730\u7b49\u3002\u5404\u79cd\u4e8b\u7269\u4e2d\u7684\u6bcf\u4e00\u4e2a\u90fd\u62e5\u6709\u4e00\u4efd\u3002\u4e3a\u4e86\u83b7\u77e5\u5168\u90e8\u6570\u91cf\u6216\u5168\u90e8\u6570\u76ee\uff0c\u6709\u5fc5\u8981\u7528\u67d0\u4e00\u6570\u76ee\u53bb\u4e58\u8be5po\u6570\u91cf\u3002\u54ea\u4e00\u4e2a\u662f\u8be5\u6570\u76ee\uff0c\u53d6\u51b3\u4e8e\u4e0a\u4e0b\u6587\uff1a<\/p>\n<ul>\n<li>Por miaj kvar infanoj mi a\u0109etis dek du pomojn, kaj al \u0109iu el la infanoj mi donis <strong>po tri<\/strong> pomoj.\u00a0 \u6211\u4e3a\u6211\u7684\u56db\u4e2a\u5b69\u5b50\u4e70\u4e8612\u53ea\u82f9\u679c\uff0c\u6211\u7ed9\u6bcf\u4e2a\u5b69\u5b503\u53ea\u82f9\u679c\u3002\u25c73\u53ea\u82f9\u679c\u00d74\uff1d12\u53ea\u82f9\u679c\u3002\u8bf7\u6ce8\u610f\uff1a\u7ed3\u679c\u662f<strong>\u82f9\u679c<\/strong>\uff0c\u800c\u4e0d\u662f\u5b69\u5b50\u3002\u4eba\u4eec\u5c063\u53ea\u82f9\u679c\u4e58\u4ee5\u5b69\u5b50\u7684\u6570\u76ee\uff0c\u4f46\u662f\u7ed3\u679c\u4e00\u5b9a\u662f12\u53ea\u82f9\u679c\uff0c\u800c\u4e0d\u662f12\u4e2a\u5b69\u5b50\u3002\u8fd9\u6837\u7684\u8ba1\u7b97\u7ed3\u679c\u59cb\u7ec8\u4e0epo\u77ed\u8bed\u6240\u8868\u793a\u7684\u4e8b\u7269\u6709\u5173\u3002<\/li>\n<li>Tie estis viro tre altkreska, kiu havis sur la manoj kaj sur la piedoj <strong>po ses<\/strong> fingroj, sume dudek kvar.\u00a0 \u3008\u5723\u7ecf\u3009\u90a3\u91cc\u6709\u4e00\u4e2a\u8eab\u91cf\u9ad8\u5927\u7684\u4eba\uff0c\u624b\u811a\u90fd\u662f\u516d\u6307\uff0c\u5171\u6709\u4e8c\u5341\u56db\u4e2a\u6307\u5934\u3002\u25c76\u4e2a\u6307\u5934\u00d74 (2\u53ea\u624b\uff0b2\u53ea\u811a)\uff1d24\u4e2a\u6307\u5934\u3002<\/li>\n<li>Tiu \u0109i libro havas sesdek pa\u011dojn; tial, se mi legos en \u0109iu tago <strong>po dek kvin<\/strong> pa\u011doj, mi finos la tutan libron en kvar tagoj.\u00a0 \u8fd9\u672c\u4e66\u670960\u9875\uff1b\u56e0\u6b64\uff0c\u5982\u679c\u6211\u6bcf\u5929\u9605\u8bfb15\u9875\uff0c\u6211\u5c06\u57284\u5929\u5185\u8bfb\u5b8c\u5168\u4e66\u3002\u25c715\u9875\u00d74\uff1d60\u9875\u3002<\/li>\n<li>\u015ci ricevis lecionojn <strong>po dek<\/strong> e\u016droj por horo.\u00a0 \u5979\u7684\u542c\u8bfe\u8d39\u662f\u6bcf\u5c0f\u65f610\u6b27\u5143\u3002\u25c7\u4f8b\u5982\uff0c\u5982\u679c\u4e0a\u8bfe\u6301\u7eed4\u5c0f\u65f6\uff0c\u5219\u8d39\u7528\u662f\uff1a10\u6b27\u5143\u00d74\uff1d40\u6b27\u5143\u3002<\/li>\n<li>Dume la gastoj trinkis <strong>po<\/strong> glaseto da vino.\u00a0 \u90a3\u65f6\uff0c\u5ba2\u4eba\u4eec\u6bcf\u4eba\u559d\u4e86\u4e00\u5c0f\u676f\u9152\u3002\u25c7\u8fd9\u91cc\u7701\u7565\u4e86unu\u4e00\u8bcd\uff1a&#8230; <strong>po unu<\/strong> glaseto&#8230; \u4f8b\u5982\uff0c\u5982\u679c\u670910\u4f4d\u5ba2\u4eba\uff0c\u5219\u603b\u5171\u4e5f\u662f10\u5c0f\u676f\u3002<\/li>\n<li>Mi fumadis cigaredojn <strong>po dudek kvin<\/strong> rubloj por cento.\u00a0 \u6211\u62bd\u6bcf100\u652f25\u5362\u5e03\u7684\u7eb8\u70df\u3002\u25c7100\u652f\u8fd9\u6837\u7684\u7eb8\u70df\u4ef7\u503c25\u5362\u5e03\u3002\u56e0\u6b64\uff0c\u4f8b\u5982500\u652f\u8fd9\u6837\u7684\u7eb8\u70df\u4ef7\u503c\u5c31\u662f\uff1a25\u5362\u5e03\u00d75\uff1d125\u5362\u5e03\u3002<\/li>\n<li>El \u0109iuj viva\u0135oj, el \u0109iu karno, enkonduku <strong>po unu paro<\/strong> el \u0109iuj en la arkeon, ke ili restu vivaj kun vi.\u00a0 \u3008\u5723\u7ecf\u3009\u51e1\u6709\u8840\u8089\u7684\u6d3b\u7269\uff0c\u6bcf\u6837\u4e24\u4e2a\uff0c\u4f60\u8981\u5e26\u8fdb\u65b9\u821f\uff0c\u597d\u5728\u4f60\u90a3\u91cc\u4fdd\u5168\u751f\u547d\u3002\u25c7\u4f8b\u5982\uff0c\u5982\u679c\u67091000\u4e2a\u7269\u79cd\uff0c\u5219\u6709\uff1a2\u4e2a\u52a8\u7269\uff081\u5bf9\uff09\u00d71000\uff1d2000\u4e2a\u52a8\u7269\uff081000\u5bf9\uff09\u3002<\/li>\n<li>La urbestro aran\u011das grandajn tagman\u011dojn, kie la vino estas trinkata <strong>po tutaj boteloj<\/strong>. = &#8230; po pluraj tutaj boteloj.\u00a0 \u5e02\u957f\u6b63\u5728\u4e3e\u884c\u4e00\u4e2a\u76db\u5927\u7684\u5348\u9910\u4f1a\uff1b\u5728\u8fd9\u4e2a\u5348\u9910\u4f1a\u4e0a\uff0c\u5927\u5bb6\u5728\u4e00\u74f6\u74f6\u5730\u559d\u7740\u9152\u3002\u25c7\u5728\u6bcf\u4e00\u4e2a\u5348\u9910\u4f1a\u4e0a\uff0c\u4eba\u4eec\u90fd\u8981\u559d\u591a\u74f6\u6574\u74f6\u7684\u9152\u3002<\/li>\n<\/ul>\n<p>\u5728\u6b64\u524d\u6240\u7ed9\u7684\u4f8b\u53e5\u4e2d\uff0cpo\u90fd\u7528\u4f5c\u4ecb\u8bcd\u3002\u5728\u6709\u5173\u6570\u8bcd\u7684\u610f\u4e49\u7ec6\u5316\u8bcd\uff08\u00a717.6\uff09\u7684\u8bf4\u660e\u4e2d\uff0c\u51fa\u73b0\u4e86po\u7684\u526f\u8bcd\u6027\u7528\u6cd5\u7684\u4f8b\u53e5\u3002<\/p>\n<p><strong><em>Po<\/em><\/strong><strong>\u7684\u8bef\u7528<\/strong><\/p>\n<p>\u5f88\u591a\u60c5\u51b5\u4e0b\uff0cpo\u88ab\u653e\u5728\u9519\u8bef\u7684\u77ed\u8bed\u524d\u3002\u4ee5\u4e0b\u662f\u5178\u578b\u7684\u4f8b\u5b50\uff1a<\/p>\n<ul>\n<li>*Tiu \u0109i \u015dtofo kostas dek dolarojn <strong>po <\/strong>metro.*\u00a0 \u25c7\u8bf4\u8bdd\u4eba\u539f\u6253\u7b97\u8bf4\uff0c\u5e03\u6599\u7684\u6bcf\u4e00\u7c73\u4ef7\u503c10\u5143\uff0c\u4f46\u8fd9\u662f\u9519\u53e5\u3002Po\u5728\u8fd9\u91cc\u5fc5\u987b\u548c\u7701\u7565\u7684unu \u2192\u00a0po unu metro\u6709\u5173\u3002\u56e0\u6b64\uff0c\u8ba1\u7b97\u4fbf\u6210\u4e3a\uff1a1\u7c73\u00d710\uff08\u5143\uff09\uff1d10<strong>\u7c73<\/strong>\u3002\u5728\u672c\u53e5\u4e2d\uff0cpo\u51fa\u73b0\u5728\u77ed\u8bed(unu) metro\u4e4b\u524d\uff0c\u56e0\u800c\u8ba1\u7b97\u7ed3\u679c\u5c31\u662f10\u7c73\uff0c\u800c\u975e10\u5143\u3002\u90a310\u7c73\u7684\u5e03\u6599\u603b\u4ef7\u503c\u4e3a10\u5143\uff0c\u5373\u662f\u8bf4\u6bcf\u4e00\u7c73\u4ef7\u503c1\u5143\u3002\u60f3\u5fc5\u8fd9\u5e76\u4e0d\u662f\uff08\u8bf4\u8bdd\u4eba\uff09\u60f3\u8981\u8bf4\u7684\u610f\u601d\u3002<\/li>\n<\/ul>\n<p>\u6b63\u786e\u7684\u53e5\u5b50\u662f\uff1a<\/p>\n<ul>\n<li>Tiu \u0109i \u015dtofo kostas <strong>po dek<\/strong> dolarojn <strong>por <\/strong>metro.\u00a0 \u8fd9\u79cd\u5e03\u6599\u6bcf\u4e00\u7c73\u4ef7\u503c10\u5143\u3002\u25c7\u4f8b\u5982\uff0c\u5982\u679c\u67095\u7c73\uff0c\u5219\u8ba1\u7b97\u4e3a\uff1a10\u5143\u00d75\uff1d50\u5143\u3002\u73b0\u5728\uff0c\u8ba1\u7b97\u7ed3\u679c\u8868\u793a\u4e3a\u5143\uff0c\u56e0\u4e3apo\u4f4d\u4e8e\u77ed\u8beddek dolaroj\u4e4b\u524d\u3002<\/li>\n<\/ul>\n<p>\u5728\u8fd9\u6837\u7684\u53e5\u5b50\u4e2d\uff0c\u8bb8\u591a\u8bed\u8a00\u53ea\u7528\u4e00\u4e2a\u8bcd\u8868\u793a\u5206\u914d\u3002\u8fd9\u4e2a\u8bcd\u5c31\u4f4d\u4e8emetro\u4e4b\u524d\u3002\u4eba\u4eec\u6df7\u6dc6\u4e86po\u4e0e\u8fd9\u4e9b\u5177\u6709\u548cpo\u5b8c\u5168\u4e0d\u540c\u610f\u601d\u7684\u8bcd\u3002\u5728\u4e16\u754c\u8bed\u4e2d\uff0c\u4eba\u4eec\u7528\u4e24\u4e2a\u8bcd\u2014\u2014po\u548c\u53e6\u4e00\u4e2a\u8bcd\u2014\u2014\u6765\u8868\u8fbe\u8fd9\u6837\u7684\u4e8b\u7269\u3002\u8fd9\u53e6\u4e00\u4e2a\u8bcd\u5e38\u5e38\u662fpor\uff0c\u4f46\u662f\u4f9d\u7167\u4e0a\u4e0b\u6587\u4e5f\u53ef\u7528\u5176\u4ed6\u4ecb\u8bcd\uff08\u6216\u526f\u8bcd\u5f62\u5f0f\uff09\u3002\u4f8b\u5982\uff0c\u5728\u6b64\u524d\u7684\u4f8b\u53e5\u4e2d\uff0c\u4f8b\u5982la\u016d metro\u6216metre\u4e5f\u662f\u6709\u53ef\u80fd\u7684\u3002<\/p>\n<p>\u4e5f\u8bf7\u6ce8\u610f\u4e0b\u5217\u53e5\u5b50\u4e4b\u95f4\u7684\u533a\u522b\uff1a<\/p>\n<ul>\n<li>La a\u016dto veturis <strong>po dek<\/strong> kilometrojn en kvin horoj.\u00a0 \u6c7d\u8f66\u57285\u4e2a\u5c0f\u65f6\u4e2d\u6bcf\u5c0f\u65f6\u8dd1\u4e8610\u516c\u91cc\u3002\u25c7\u6c7d\u8f66\u603b\u5171\u884c\u9a76\u4e865\u4e2a\u5c0f\u65f6\uff0c\u884c\u7a0b\u603b\u5171\u4e3a50\u516c\u91cc\u3002\uff0810\u516c\u91cc\u00d75\uff1d50\u516c\u91cc\uff09<\/li>\n<li>La a\u016dto veturis dek kilometrojn en <strong>po kvin <\/strong>horoj.\u00a0 \u6c7d\u8f66\u6bcf5\u4e2a\u5c0f\u65f6\u8dd1\u4e8610\u516c\u91cc\u3002\u25c7\u6c7d\u8f66\u603b\u5171\u884c\u9a76\u4e8610\u516c\u91cc\uff0c\u65f6\u95f4\u603b\u5171\u6301\u7eed\u4e8650\u5c0f\u65f6\u3002\uff085\u5c0f\u65f6\u00d710\uff1d50\u5c0f\u65f6\uff09<\/li>\n<\/ul>\n<p><strong>\u5e26\u5206\u6570\u7ebf\u7684\u7b97\u5f0f<\/strong><\/p>\n<p><strong>\u7b97\u5f0f<\/strong> \u00a0 \u00a0 \u00a0 \u00a0 \u00a0 \u00a0 <strong>\u8bfb\u6cd5<\/strong><\/p>\n<p><strong>20$\/kg<\/strong>\u00a0\u00a0\u00a0\u00a0\u00a0\u00a0\u00a0\u00a0\u00a0 <strong>po<\/strong> dudek dolaroj <strong>por<\/strong> kilogramo\u00a0 \u6bcf\u516c\u65a420\u5143<\/p>\n<p><strong>120 km\/h<\/strong>\u00a0\u00a0\u00a0\u00a0\u00a0 <strong>po<\/strong> cent dudek kilometroj <strong>en<\/strong>\/<strong>por<\/strong> horo\u00a0\u6bcf\u5c0f\u65f6120\u516c\u91cc<\/p>\n<p><strong>2 MN\/m\u00b2<\/strong>\u00a0\u00a0\u00a0\u00a0\u00a0 <strong>po<\/strong> du megane\u016dtonoj <strong>sur<\/strong>\/<strong>por<\/strong> kvadratmetro\u00a0 \u6bcf\u7acb\u65b9\u7c732\u5146\u725b\u987f<\/p>\n<p>\u5e38\u5e38\u4e5f\u53ef\u4ee5\u5c06po\u4e0e\u526f\u8bcd\u8fde\u7528\uff1a<strong>po<\/strong> 120 kilometroj <strong>hore<\/strong>\u00a0\u6bcf\u5c0f\u65f6120\u516c\u91cc\u3002<\/p>\n<p>\u6709\u65f6\uff0c\u53ef\u4ee5\u5728\u8fd9\u6837\u4e00\u4e9b\u77ed\u8bed\u4e2d\u7701\u7565po\uff0c\u9700\u8981\u65f6\u6dfb\u52a0\u0109iu\uff0c\u4f8b\u5982\uff1acent dudek kilometroj por\/en (\u0109iu) horo \u6bcf\u5c0f\u65f6120\u516c\u91cc\uff0cdudek dolaroj por (\u0109iu) kilogramo \u6bcf\u516c\u65a420\u5143\uff0cdu megane\u016dtonoj por\/sur (\u0109iu) kvadratmetro \u6bcf\u7acb\u65b9\u7c732\u5146\u725b\u987f\u3002<\/p>\n<p>&nbsp;<\/p>\n<p>\u4e2d\u56fd\u4e16\u754c\u8bed\u7f51\u7ad9\u7eff\u7f51<br \/>\nVerda Reto, la \u0109ina esperanta retejo<br \/>\n<a href=\"https:\/\/reto.cn\/\">https:\/\/reto.cn<br \/>\n<\/a><br \/>\n<a href=\"https:\/\/reto.cn\/php\/hanyu\/detala-lernu-gramatiko\/\">\u8fd4\u56de\u4e16\u754c\u8bed\u8be6\u89e3\u8bed\u6cd5\u76ee\u5f55<\/a><\/p>\n","protected":false},"excerpt":{"rendered":"<p>\u4e16\u754c\u8bed\u8be6\u89e3\u8bed\u6cd5 10.3.7\u00a0 Po 10.3.7 Po \u5c0f\u54c1\u8bcdpo\u8868\u793a\u6570\u91cf\u7684\u5206\u914d\u3002\u5b83\u4f20\u7edf\u4e0a\u88ab\u5f52\u7c7b\u4e3a\u4ecb\u8bcd\uff0c\u4f46\u662f\u2026 <span class=\"read-more\"><a href=\"https:\/\/reto.cn\/php\/hanyu\/gramatiko_de_esperanto\/detala-lernu-gramatiko\/po\/\">\u7ee7\u7eed\u9605\u8bfb Legi pli &raquo;<\/a><\/span><\/p>\n","protected":false},"author":1,"featured_media":0,"parent":6989,"menu_order":0,"comment_status":"open","ping_status":"closed","template":"","meta":{"footnotes":""},"_links":{"self":[{"href":"https:\/\/reto.cn\/php\/hanyu\/wp-json\/wp\/v2\/pages\/7206"}],"collection":[{"href":"https:\/\/reto.cn\/php\/hanyu\/wp-json\/wp\/v2\/pages"}],"about":[{"href":"https:\/\/reto.cn\/php\/hanyu\/wp-json\/wp\/v2\/types\/page"}],"author":[{"embeddable":true,"href":"https:\/\/reto.cn\/php\/hanyu\/wp-json\/wp\/v2\/users\/1"}],"replies":[{"embeddable":true,"href":"https:\/\/reto.cn\/php\/hanyu\/wp-json\/wp\/v2\/comments?post=7206"}],"version-history":[{"count":0,"href":"https:\/\/reto.cn\/php\/hanyu\/wp-json\/wp\/v2\/pages\/7206\/revisions"}],"up":[{"embeddable":true,"href":"https:\/\/reto.cn\/php\/hanyu\/wp-json\/wp\/v2\/pages\/6989"}],"wp:attachment":[{"href":"https:\/\/reto.cn\/php\/hanyu\/wp-json\/wp\/v2\/media?parent=7206"}],"curies":[{"name":"wp","href":"https:\/\/api.w.org\/{rel}","templated":true}]}}