{"id":7222,"date":"2021-07-25T13:03:38","date_gmt":"2021-07-25T05:03:38","guid":{"rendered":"http:\/\/reto.cn\/php\/hanyu\/?page_id=7222"},"modified":"2022-02-16T12:47:32","modified_gmt":"2022-02-16T04:47:32","slug":"negacio","status":"publish","type":"page","link":"https:\/\/reto.cn\/php\/hanyu\/gramatiko_de_esperanto\/detala-lernu-gramatiko\/negacio\/","title":{"rendered":"\u4e16\u754c\u8bed\u8be6\u89e3\u8bed\u6cd5 \u5426\u5b9a"},"content":{"rendered":"<h3 class=\"entry-title\">\u4e16\u754c\u8bed\u8be6\u89e3\u8bed\u6cd5<\/h3>\n<h3 style=\"text-align: center;\">\u7b2c15\u7ae0\u00a0 \u5426\u5b9a<\/h3>\n<p><strong>15.1 Ne <\/strong><\/p>\n<p>\u5426\u5b9a\u4e00\u4e2a\u53e5\u5b50\u4f7f\u7528\u5c0f\u54c1\u8bcdne\u3002Ne\u5bf9\u4e8e\u5176\u540e\u7684\u4e8b\u7269\u8fdb\u884c\u5426\u5b9a\u3002\u901a\u5e38\u60c5\u51b5\u4e0b\uff0cne\u4f4d\u4e8e\u8c13\u8bed\u524d\u9762\uff0c\u5e76\u4e14\uff0c\u5982\u679c\u5426\u5b9a\u8c13\u8bed\uff0c\u4e5f\u5c31\u5426\u5b9a\u4e86\u6574\u4e2a\u53e5\u5b50\uff1a<\/p>\n<ul>\n<li>Mi <strong>ne<\/strong> dormas.\u00a0 \u6211\u4e0d\u5728\u7761\u89c9\u3002\u25c7\u60c5\u51b5\u662f\u6211\u4e0d\u5728\u7761\u89c9\u3002\u5168\u90e8\u4e8b\u60c5\u88ab\u5426\u5b9a\u3002<\/li>\n<li>Al leono <strong>ne<\/strong> donu la manon.\u00a0 \u4e0d\u8981\u5411\u72ee\u5b50\u4f38\u51fa\u624b\u3002<\/li>\n<li>La patro <strong>ne<\/strong> legas libron, sed li skribas leteron.\u00a0 \u7236\u4eb2\u4e0d\u5728\u770b\u4e66\uff0c\u800c\u5728\u5199\u4fe1\u3002\u25c7\u5426\u5b9a\u4f5c\u7528\u4e8e\u52a8\u8bcdlegas\u3002\u52a8\u8bcdskribas\u53ca\u5176\u5168\u53e5\u4f9d\u7136\u6709\u6548\u3002<\/li>\n<\/ul>\n<p>\u4ece\u53e5\u4e2d\u7684\u5426\u5b9a\u4ec5\u5728\u4ece\u53e5\u5185\u90e8\u6709\u6548\uff1a<\/p>\n<ul>\n<li>Mi diris, ke mi <strong>ne<\/strong> venos.\u00a0 \u6211\u8bf4\u8fc7\u6211\u4e0d\u6765\u4e86\u3002\u25c7\u5426\u5b9a\u53ea\u4f5c\u7528\u4e8e\u4ece\u53e5\u7684\u8c13\u8bedvenos\u3002\u5168\u53e5\u4ecd\u4e3a\u80af\u5b9a\u7684\uff1aMi ja diris tion. \u6211\u786e\u5b9e\u8bf4\u8fc7\u8fd9\u8bdd\u3002<\/li>\n<\/ul>\n<p>\u6709\u65f6\uff0c\u4f1a\u53d1\u751f\u88ab\u5426\u5b9a\u7684\u8c13\u8bed\u88ab\u7701\u7565\u7684\u60c5\u51b5\uff1a<\/p>\n<ul>\n<li>\u0108iu povu vidi, kiu el la vastigantoj plenumas sian promeson kaj kiu <strong>ne<\/strong>. \u6bcf\u4e2a\u4eba\u90fd\u8981\u770b\u5230\uff0c\u5ba3\u4f20\u8005\u4e2d\u8c01\u5c65\u884c\u4e86\u8bfa\u8a00\u3001\u8c01\u6ca1\u6709\u3002\u25c7\u5426\u5b9a\u4f5c\u7528\u4e8e\u88ab\u7701\u7565\u7684\u52a8\u8bcdplenumas\uff1a&#8230; kaj kiu <strong>ne<\/strong> plenumas\u00a0sian promeson.<\/li>\n<\/ul>\n<p>Ne\u4e5f\u662f\u56de\u7b54\u7528\u8bcd\uff08\u00a716.3.2\uff09\u3002<\/p>\n<p><strong>15.2\u00a0 NENI<\/strong><strong>\u9996\u8bcd\u8868\u8bcd<\/strong><\/p>\n<p>\u4e5f\u53ef\u4ee5\u4f7f\u7528NENI\u9996\u8bcd\u8868\u8bcd\uff08\u00a711.7\uff09\u6765\u8868\u793a\u5426\u5b9a\u3002NENI\u9996\u8bcd\u8db3\u4ee5\u5426\u5b9a\u8c13\u8bed\uff0c\u8fdb\u800c\u5426\u5b9a\u5168\u53e5\u3002NENI\u9996\u8bcd\u7684\u4f4d\u7f6e\u901a\u5e38\u65e0\u5173\u7d27\u8981\uff0c\u7136\u800c\u5b83\u5374\u5426\u5b9a\u5168\u53e5\uff1a<\/p>\n<ul>\n<li>La tempo pasinta jam <strong>neniam<\/strong> revenos; la tempon venontan <strong>neniu <\/strong>ankora\u016d konas.\u00a0 \u8fc7\u53bb\u7684\u65f6\u5149\u5df2\u6c38\u4e0d\u56de\u8fd4\uff0c\u672a\u6765\u7684\u65f6\u5149\u5c1a\u65e0\u4eba\u77e5\u6653\u3002\u25c7\u8fc7\u53bb\u7684\u65f6\u95f4\u5c06\u4e0d\u4f1a\u91cd\u8fd4\uff0c\u4eba\u4eec\u4e5f \u4e0d\u77e5\u5c06\u6765\u7684\u65f6\u95f4\u3002<\/li>\n<li>Mi <strong>neniel<\/strong> povas kompreni, kion vi parolas.\u00a0 \u6211\u600e\u4e48\u4e5f\u542c\u4e0d\u61c2\u4f60\u8bf4\u7684\u8bdd\u3002\u25c7\u6211\u542c\u4e0d\u61c2\u3002<\/li>\n<li>La nokto estis tiel malluma, ke ni <strong>nenion<\/strong> povis vidi e\u0109 anta\u016d nia nazo.\u00a0 \u9ed1\u591c\u6f06\u9ed1\u4e00\u7247\uff0c\u6211\u4eec\u5c31\u8fde\u9f3b\u5b50\u524d\u7684\u4e1c\u897f\u4e5f\u770b\u4e0d\u89c1\u3002\u25c7\u6211\u4eec\u770b\u4e0d\u89c1\u4e1c\u897f\u3002\u5426\u5b9a\u53ea\u4e0eke\u4ece\u53e5\u6709\u5173\u3002\u4e3b\u53e5\u52a8\u8bcdestis\u4ecd\u4e3a\u80af\u5b9a\u7684\u3002<\/li>\n<li><strong>Neniu<\/strong> radio al mi lumas, <strong>neniu<\/strong> varma aereto blovas sur min, <strong>neniu<\/strong> amiko min vizitas.\u00a0 \u6ca1\u6709\u5149\u7ebf\u7167\u5230\u6211\uff0c\u6ca1\u6709\u6696\u6d41\u5439\u5230\u6211\uff0c\u6ca1\u6709\u670b\u53cb\u6765\u770b\u6211\u3002\u25c7\u5149\u7ebf\u4e0d\u7167\uff0c\u6c14\u6d41\u4e0d\u5439\uff0c\u670b\u53cb\u4e0d\u8bbf\u3002<\/li>\n<li>Memoru, ke Esperanto estas <strong>nenies<\/strong> propra\u0135o.\u00a0 \u8bb0\u4f4f\uff0c\u4e16\u754c\u8bed\u4e0d\u662f\u4efb\u4f55\u4eba\u7684\u8d22\u4ea7\u3002\u25c7\u4e16\u754c\u8bed\u4e0d\u662f\u67d0\u4eba\u7684\u8d22\u4ea7\u3002<\/li>\n<li>Tian Regularon por nia Ligo mi <strong>nenial <\/strong>povus aprobi.\u00a0 \u6211\u6ca1\u6709\u4efb\u4f55\u7406\u7531\u53ef\u4ee5\u8ba4\u540c\u6211\u4eec\u534f\u4f1a\u7684\u90a3\u79cd\u89c4\u7ae0\u3002\u25c7\u6211\u6ca1\u6709\u4efb\u4f55\u7406\u7531\u53ef\u4ee5\u8d5e\u540c\u5b83\u3002Nenial\u5426\u5b9a\u5168\u53e5\u3002<\/li>\n<\/ul>\n<p><strong>15.3 <\/strong><strong>\u53cc\u91cd\u5426\u5b9a<\/strong><\/p>\n<p>\u5982\u679c\u4f7f\u7528NENI\u9996\u8bcd\uff0c\u540c\u65f6\u4e5f\u52a0\u4e0ane\u4e00\u8bcd\uff0c\u53e5\u5b50\u5c31\u6210\u4e3a\u80af\u5b9a\u7684\u3002\u8fd9\u79cd\u53cc\u91cd\u5426\u5b9a\u53ea\u53ef\u7528\u4e8e\u8868\u8fbe\u975e\u5e38\u7279\u6b8a\u7684\u610f\u4e49\uff1a<\/p>\n<ul>\n<li>Mi <strong>ne<\/strong> amas <strong>neniun<\/strong>.\u00a0 \u6211\u5e76\u975e\u4e00\u4e2a\u4eba\u90fd\u4e0d\u7231\u3002\u25c7\u5e76\u975e\u662f\u6211\u4e0d\u7231\u4ed6\u4eba\u3002\u56e0\u6b64\uff0c\u6211\u7684\u786e\u7231\u7740\u67d0\u4eba\u3002<\/li>\n<li>\u011ci <strong>ne<\/strong> estas <strong>nenies<\/strong> propra\u0135o.\u00a0 \u5b83\u5e76\u975e\u65e0\u5f52\u5c5e\u7684\u8d22\u4ea7\u3002\u25c7\u5b83\u5e76\u975e\u4e0d\u662f\u4efb\u4f55\u4eba\u7684\u8d22\u4ea7\u3002\u56e0\u6b64\uff0c\u5b83\u662f\u67d0\u4eba\u7684\u8d22\u4ea7\u3002<\/li>\n<\/ul>\n<p>\u5982\u679c\u4e00\u4e2aNENI\u9996\u8bcd\u660e\u786e\u5730\u5426\u5b9a\u52a8\u8bcd\uff0c\u800c\u53e6\u4e00\u4e2aNENI\u9996\u8bcd\u4e5f\u51fa\u73b0\u5728\u53e5\u4e2d\uff0c\u5219\u53e5\u5b50\u4e5f\u53ef\u4ee5\u6210\u4e3a\u80af\u5b9a\u7684\uff1a<\/p>\n<ul>\n<li>Mi ankora\u016d <strong>neniam<\/strong> gajnis <strong>nenion<\/strong>. = Neniam okazis tio, ke mi gajnis nenion.\u00a0 \u6211\u8fd8\u4ece\u672a\u4ec0\u4e48\u4e5f\u5f97\u4e0d\u5230\u5462\u3002\u25c7\u6bcf\u4e00\u6b21\u6211\u90fd\u81f3\u5c11\u5f97\u5230\u4e00\u70b9\u3002<\/li>\n<\/ul>\n<p>\u4f46\u662f\uff0c\u540c\u4e00\u53e5\u4e2d\u7684\u591a\u4e2aNENI\u9996\u8bcd\u5e76\u4e0d\u4e00\u5b9a\u4ea7\u751f\u80af\u5b9a\u610f\u4e49\u3002\u5b83\u4eec\u5e38\u5e38\u53ea\u662f\u76f8\u4e92\u589e\u5f3a\u610f\u4e49\uff0c\u800c\u5426\u5b9a\u5219\u4f9d\u7136\u5b58\u5728\uff1a<\/p>\n<ul>\n<li>Ni malutilon alportus al nia afero grandan, kaj utilon ni alportus al <strong>neniu nenian<\/strong>.\u00a0 \u6211\u4eec\u4f1a\u7ed9\u6211\u4eec\u7684\u4e8b\u4e1a\u5e26\u6765\u5de8\u5927\u7684\u635f\u5bb3\uff0c\u6211\u4eec\u4e0d\u4f1a\u7ed9\u4efb\u4f55\u4eba\u5e26\u6765\u4efb\u4f55\u597d\u5904\u3002\u25c7\u6211\u4eec\u4e0d\u4f1a\u5e26\u6765\u597d\u5904\u3002<\/li>\n<li><strong>Neniam, neniam, neniam<\/strong> li revenos.\u00a0 \u4ed6\u6c38\u8fdc\u3001\u6c38\u8fdc\u3001\u6c38\u8fdc\u90fd\u4e0d\u4f1a\u8fd4\u56de\u4e86\u3002\u25c7\u4ed6\u5c06\u4e0d\u4f1a\u8fd4\u56de\u3002\u4e0d\u8bba\u662f\u4e00\u4e2a\u3001\u4e24\u4e2a\u3001\u4e09\u4e2a\uff0c\u8fd8\u662f\u751a\u81f3\u66f4\u591a\u4e2aneniam\uff0c\u90fd\u4e0d\u91cd\u8981\u3002<\/li>\n<\/ul>\n<p><strong>15.4 <\/strong><strong>\u5c40\u90e8\u5426\u5b9a<\/strong><\/p>\n<p>\u6709\u65f6\uff0c\u5c0f\u54c1\u8bcdne\u4ee5\u53ea\u5426\u5b9a\u53e5\u5b50\u5c40\u90e8\u7684\u65b9\u5f0f\u51fa\u73b0\u5728\u53e5\u4e2d\u3002\u8c13\u8bed\u4f9d\u7136\u6709\u6548\u3002Ne\u76f4\u63a5\u5426\u5b9a\u5176\u540e\u7684\u4e8b\u7269\uff0c\u800c\u8fd9\u53ef\u4ee5\u662f\u7d27\u968f\u7684\u8bcd\u3001\u540e\u968f\u7684\u53e5\u6210\u5206\u6216\u8005\u751a\u81f3\u66f4\u591a\u7684\u5185\u5bb9\u3002\u53ea\u6709\u4e0a\u4e0b\u6587\u624d\u53ef\u4ee5\u51c6\u786e\u5730\u8868\u793a\u4ec0\u4e48\u88ab\u5426\u5b9a\u4e86\uff1a<\/p>\n<ul>\n<li>Ni faris la kontrakton <strong>ne<\/strong> skribe, sed parole.\u00a0 \u6211\u4eec\u6ca1\u6709\u5728\u4e66\u9762\u4e0a\u800c\u662f\u5728\u53e3\u5934\u4e0a\u7b7e\u4e86\u5408\u540c\u3002\u25c7\u6211\u4eec\u786e\u5b9e\u7b7e\u4e86\u5408\u540c\uff0c\u4f46\u662f\u6ca1\u6709\u5728\u4e66\u9762\u4e0a\u7b7e\u3002<\/li>\n<li><strong>Ne<\/strong> \u0109iu kreska\u0135o estas man\u011debla.\u00a0 \u5e76\u975e\u6bcf\u4e00\u79cd\u751f\u7269\u90fd\u80fd\u5403\u3002\u25c7\u67d0\u4e9b\u751f\u7269\u7684\u786e\u80fd\u5403\u3002\u8bf7\u6bd4\u8f83\uff1a\u0108iu kreska\u0135o <strong>ne<\/strong> estas man\u011debla. = Neniu kreska\u0135o estas man\u011debla. \u6ca1\u6709\u4e00\u79cd\u751f\u7269\u80fd\u5403\u3002<\/li>\n<li>Li estas homo <strong>ne<\/strong> kredinda.\u00a0 \u4ed6\u662f\u4e00\u4e2a\u4e0d\u53ef\u4fe1\u8d56\u7684\u4eba\u3002\u25c7\u4ed6\u7684\u786e\u662f\u4eba\u3002<\/li>\n<li>En la animo \u0109iuj privataj homoj kaj \u0109iuj registaroj ne povas <strong>ne <\/strong>aprobi nian ideon.\u00a0 \u5728\u7cbe\u795e\u4e0a\uff0c\u6240\u6709\u7684\u4e2a\u4eba\u53ca\u6240\u6709\u7684\u653f\u5e9c\u90fd\u4e0d\u53ef\u80fd\u4e0d\u652f\u6301\u6211\u4eec\u7684\u60f3\u6cd5\u3002\u25c7\u7b2c\u4e00\u4e2ane\u4f5c\u7528\u4e8e\u8c13\u8bedpovas\u5e76\u4e14\u5426\u5b9a\u5168\u53e5\u3002\u7b2c\u4e8c\u4e2ane\u53ea\u4f5c\u7528\u4e8eaprobi (nian ideon)\u3002\u6574\u53e5\u610f\u601d\u662f\uff1aIli ne povas rifuzi nian ideon. = Ili devas aprobi nian ideon. \u4ed6\u4eec\u4e0d\u53ef\u80fd\u62d2\u7edd\u6211\u4eec\u7684\u60f3\u6cd5\u3002<\/li>\n<\/ul>\n<p>NENI\u9996\u8bcd\u901a\u5e38\u5426\u5b9a\u5168\u53e5\u800c\u4e0d\u53d7\u8bcd\u5e8f\u652f\u914d\uff0c\u4f46\u662f\uff0c\u6709\u65f6NENI\u9996\u8bcd\u4e5f\u53ef\u4ee5\u53ea\u5bf9\u53e5\u5b50\u7684\u5c40\u90e8\u8d77\u6548\u3002\u8fd9\u65f6\uff0c\u4e0a\u4e0b\u6587\u548c\u8bcd\u5e8f\u5fc5\u987b\u5341\u5206\u6e05\u695a\u5730\u8868\u793a\u4e4b\uff1a<\/p>\n<ul>\n<li>Mi decidis paroli jam plu <strong>nenion<\/strong> pli pri tiu \u0109i temo.\u00a0 \u6211\u5df2\u51b3\u5b9a\u6709\u5173\u6b64\u8bdd\u9898\u6211\u4ec0\u4e48\u4e5f\u4e0d\u518d\u8bf4\u4e86\u3002\u25c7\u51b3\u5b9a\u662f\u771f\u5b9e\u7684\u3002\u5426\u5b9a\u53ea\u4f5c\u7528\u4e8e\u4e0d\u5b9a\u5f0fparoli\u4ee5\u53ca\u4e0e\u5176\u76f4\u63a5\u6709\u5173\u7684\u6240\u6709\u53e5\u6210\u5206\u3002<\/li>\n<li>Pli valoras faro <strong>nenia<\/strong>, ol faro malbona. = Faro, kiu ne okazis, ja valoras pli, almena\u016d kompare kun faro malbona.\u00a0 \u3008\u8c1a\u8bed\u3009\u65e0\u4f5c\u4e3a\u80dc\u4f3c\u4e71\u4f5c\u4e3a\u3002\u25c7\u8c13\u8bedvaloras\u4ecd\u4e3a\u80af\u5b9a\u7684\u3002<\/li>\n<\/ul>\n<p>\u5f53ne\u6216NENI\u9996\u8bcd\u4e3a\u5408\u6210\u8bcd\u7684\u4e00\u90e8\u5206\u65f6\uff0c\u5426\u5b9a\u53ea\u5728\u8be5\u8bcd\u5185\u90e8\u8d77\u6548\uff1a<\/p>\n<ul>\n<li>Sinjoro, vi estas <strong>ne<\/strong><strong>\u011d<\/strong><strong>entila<\/strong>.\u00a0 \u5148\u751f\uff0c\u60a8\u5931\u793c\u4e86\u3002\u25c7\u8be5\u53e5\u662f\u8bf4\uff0c\u8fd9\u4f4d\u5148\u751f\u786e\u5b9e\u5177\u6709\u67d0\u79cd\u793c\u8c8c\u7f3a\u5931\u7684\u54c1\u8d28\u3002\u4e0e\u4e0b\u53e5\u6709\u7ec6\u5316\u5dee\u522b\uff1aVi ne estas \u011dentila. \u4f60\u6ca1\u6709\u793c\u8c8c\u3002<\/li>\n<li>La pastro, kiu mortis anta\u016d <strong>nelonge<\/strong> (<em>a<\/em><em>\u016d<\/em> anta\u016d <strong>nelonga<\/strong> tempo), lo\u011dis longe en nia urbo.\u00a0 \u4e0d\u4e45\u524d\u53bb\u4e16\u7684\u90a3\u4f4d\u7267\u5e08\u957f\u671f\u4f4f\u5728\u6211\u5e02\u3002\u25c7\u5426\u5b9a\u53ea\u4e0e\u65f6\u95f4\u7684\u957f\u5ea6\u6709\u5173\u3002<\/li>\n<li>Beda\u016drinde ili estas <strong>ne-Esperantistoj<\/strong>.\u00a0 \u9057\u61be\u7684\u662f\u4ed6\u4eec\u662f\u975e\u4e16\u754c\u8bed\u8005\u3002\u25c7\u4ed6\u4eec\u662f\u4e0d\u61c2\u4e16\u754c\u8bed\u7684\u4eba\u3002<\/li>\n<\/ul>\n<p><strong>15.5 Nek <\/strong><\/p>\n<p>Nek\u610f\u4e3a\u201c\u4e5f\u4e0d\u201d\u3002\u5982\u679c\u5df2\u7ecf\u7528\u4e86ne\u5e76\u4e14\u8fd8\u60f3\u5426\u5b9a\u67d0\u4e8b\u7269\uff0c\u5c31\u4f7f\u7528\u5b83\u3002\u5b83\u5c31\u5982\u540ckaj\uff08\u00a712.1\uff09\u7684\u53d8\u4f53\uff0c\u57fa\u672c\u4e0a\u9075\u5faa\u4e0ekaj\u76f8\u540c\u7684\u89c4\u5219\uff1a<\/p>\n<ul>\n<li>Li ne vidis min, <strong>nek<\/strong> a\u016ddis. = &#8230; kaj anka\u016d ne a\u016ddis.\u00a0 \u4ed6\u6ca1\u6709\u89c1\u8fc7\u6211\uff0c\u4e5f\u6ca1\u6709\u542c\u8bf4\u8fc7\u6211\u3002<\/li>\n<li>Mi ne renkontis lin, <strong>nek<\/strong> lian fraton. = &#8230; kaj anka\u016d ne lian fraton.\u00a0 \u6211\u6ca1\u6709\u9047\u5230\u4ed6\uff0c\u4e5f\u6ca1\u6709\u9047\u5230\u4ed6\u7684\u5144\u5f1f\u3002<\/li>\n<li>Nenia peno <strong>nek<\/strong> provo donos lakton de bovo.\u00a0 \u3008\u8c1a\u8bed\u3009\u52aa\u529b\u4e0e\u5c1d\u8bd5\u90fd\u4ea7\u4e0d\u51fa\u516c\u725b\u5976\u3002<\/li>\n<\/ul>\n<p>\u4e0d\u8981\u5728sen\u4e4b\u540e\u7528nek\u6765\u8fde\u63a5\u4e24\u4e2a\u4e8b\u7269\uff0c\u8981\u4f7f\u7528kaj\uff1aTiu virino ne foriru de \u015di sen konsolo <strong>kaj<\/strong> helpo. \u4e0d\u8981\u8ba9\u90a3\u5973\u5b50\u79bb\u5f00\u5979\uff0c\u65e2\u5f97\u4e0d\u5230\u5b89\u6170\u53c8\u65e0\u52a9\u3002\u4e0d\u662f\uff1a*&#8230; sen konsolo nek helpo.*<\/p>\n<p>Nek\u5e76\u4e0d\u7b49\u540c\u4e8e\u201cne\uff0b\u5f3a\u8c03\u201d\u3002\u8981\u5c06e\u0109\u4e0ene\u8fde\u7528\u6765\u8868\u793a\u5f3a\u52bf\u5426\u5b9a\u3002\u4e0d\u8981\u8bf4\uff1a*Mi havas <strong>nek<\/strong> unu amikon.* \u8981\u8bf4\uff1aMi havas <strong>e\u0109 ne<\/strong> unu amikon. \u6216\u8005\uff1aMi <strong>ne<\/strong> havas <strong>e\u0109<\/strong> unu amikon. \u6211\u8fde\u4e00\u4e2a\u670b\u53cb\u4e5f\u6ca1\u6709\u3002<\/p>\n<p>\u4e5f\u53ef\u4ee5\u4f7f\u7528\u5173\u8054\u7684\u3001\u591a\u91cd\u7684nek\uff08\u00a713.2\uff09\u3002<\/p>\n<p>&nbsp;<\/p>\n<p>\u4e2d\u56fd\u4e16\u754c\u8bed\u7f51\u7ad9\u7eff\u7f51<br \/>\nVerda Reto, la \u0109ina esperanta retejo<br \/>\n<a href=\"https:\/\/reto.cn\/\">https:\/\/reto.cn<\/a><\/p>\n<p><a href=\"https:\/\/reto.cn\/php\/hanyu\/detala-lernu-gramatiko\/\">\u8fd4\u56de\u4e16\u754c\u8bed\u8be6\u89e3\u8bed\u6cd5\u76ee\u5f55<\/a><\/p>\n","protected":false},"excerpt":{"rendered":"<p>\u4e16\u754c\u8bed\u8be6\u89e3\u8bed\u6cd5 \u7b2c15\u7ae0\u00a0 \u5426\u5b9a 15.1 Ne \u5426\u5b9a\u4e00\u4e2a\u53e5\u5b50\u4f7f\u7528\u5c0f\u54c1\u8bcdne\u3002Ne\u5bf9\u4e8e\u5176\u540e\u7684\u4e8b\u7269\u8fdb\u884c\u5426\u5b9a\u3002\u901a\u5e38\u2026 <span class=\"read-more\"><a href=\"https:\/\/reto.cn\/php\/hanyu\/gramatiko_de_esperanto\/detala-lernu-gramatiko\/negacio\/\">\u7ee7\u7eed\u9605\u8bfb Legi pli &raquo;<\/a><\/span><\/p>\n","protected":false},"author":1,"featured_media":0,"parent":6989,"menu_order":0,"comment_status":"open","ping_status":"closed","template":"","meta":{"footnotes":""},"_links":{"self":[{"href":"https:\/\/reto.cn\/php\/hanyu\/wp-json\/wp\/v2\/pages\/7222"}],"collection":[{"href":"https:\/\/reto.cn\/php\/hanyu\/wp-json\/wp\/v2\/pages"}],"about":[{"href":"https:\/\/reto.cn\/php\/hanyu\/wp-json\/wp\/v2\/types\/page"}],"author":[{"embeddable":true,"href":"https:\/\/reto.cn\/php\/hanyu\/wp-json\/wp\/v2\/users\/1"}],"replies":[{"embeddable":true,"href":"https:\/\/reto.cn\/php\/hanyu\/wp-json\/wp\/v2\/comments?post=7222"}],"version-history":[{"count":0,"href":"https:\/\/reto.cn\/php\/hanyu\/wp-json\/wp\/v2\/pages\/7222\/revisions"}],"up":[{"embeddable":true,"href":"https:\/\/reto.cn\/php\/hanyu\/wp-json\/wp\/v2\/pages\/6989"}],"wp:attachment":[{"href":"https:\/\/reto.cn\/php\/hanyu\/wp-json\/wp\/v2\/media?parent=7222"}],"curies":[{"name":"wp","href":"https:\/\/api.w.org\/{rel}","templated":true}]}}