{"id":7236,"date":"2021-07-25T15:41:24","date_gmt":"2021-07-25T07:41:24","guid":{"rendered":"http:\/\/reto.cn\/php\/hanyu\/?page_id=7236"},"modified":"2022-02-16T12:47:56","modified_gmt":"2022-02-16T04:47:56","slug":"demandoj_kaj_respondoj","status":"publish","type":"page","link":"https:\/\/reto.cn\/php\/hanyu\/gramatiko_de_esperanto\/detala-lernu-gramatiko\/demandoj_kaj_respondoj\/","title":{"rendered":"\u4e16\u754c\u8bed\u8be6\u89e3\u8bed\u6cd5 \u7591\u95ee\u53e5\u4e0e\u56de\u7b54"},"content":{"rendered":"<h3 class=\"entry-title\">\u4e16\u754c\u8bed\u8be6\u89e3\u8bed\u6cd5<\/h3>\n<h3 style=\"text-align: center;\"><strong>\u7b2c16\u7ae0\u00a0 \u7591\u95ee\u53e5\u4e0e\u56de\u7b54<\/strong><\/h3>\n<p><strong>16.1 KI<\/strong><strong>\u7591\u95ee\u53e5<\/strong><\/p>\n<p>KI\u7591\u95ee\u53e5\u7531KI\u9996\u8bcd\u8868\u8bcd\uff08\u00a711.3\uff09\u6784\u6210\u3002KI\u9996\u7591\u95ee\u8bcd\u6307\u4ee3\u4eba\u4eec\u5bfb\u6c42\u7684\u4fe1\u606f\u3002KI\u9996\u8bcd\u901a\u5e38\u4f4d\u4e8e\u7591\u95ee\u53e5\u7684\u5f00\u5934\uff1a<\/p>\n<ul>\n<li><strong>Kion<\/strong> vi volas? \u2014 Mi volas man\u011don!\u00a0 \u4f60\u60f3\u8981\u4ec0\u4e48\uff1f\u2014\u2014\u6211\u60f3\u8981\u5403\u7684\uff08\u4e1c\u897f\uff09\uff01<\/li>\n<li><strong>Kian<\/strong> man\u011don vi deziras? \u2014 Mi deziras malmultekostan man\u011don!\u00a0 \u4f60\u60f3\u8981\uff08\u5403\uff09\u4f55\u79cd\u98df\u7269\uff1f\u2014\u2014\u6211\u60f3\u8981\uff08\u5403\uff09\u4fbf\u5b9c\u7684\u98df\u7269\uff01<\/li>\n<li><strong>Kiel<\/strong> vi fartas? \u2014 Mi fartas bone!\u00a0 \u4f60\uff08\u8eab\u4f53\uff09\u597d\u5417\uff1f\u2014\u2014\u6211\uff08\u8eab\u4f53\uff09\u5f88\u597d\uff01<\/li>\n<li><strong>Kiom<\/strong> da pomoj vi havas? \u2014 Mi havas du kilogramojn da pomoj!\u00a0 \u4f60\u6709\u591a\u5c11\uff08\u53ea\uff09\u82f9\u679c\uff1f\u2014\u2014\u6211\u6709\u4e24\u516c\u65a4\u82f9\u679c\uff01<\/li>\n<li><strong>Kies<\/strong> estas tiu a\u016dto? \u2014 \u011ci apartenas al Anno! \/ \u011ci estas de Anno! \/ \u011ci estas \u015dia!\u00a0 \u90a3\u8f86\u8f66\u662f\u8c01\u7684\uff1f\u2014\u2014\u5b83\u5c5e\u4e8e\u5b89\u5a1c\uff01\uff0f\u5b83\u662f\u5b89\u5a1c\u7684\uff01\uff0f\u5b83\u662f\u5979\u7684\uff01<\/li>\n<li><strong>Kiam<\/strong> do? \u2014 Morga\u016d!\u00a0 \u90a3\u4e48\u4f55\u65f6\u5462\uff1f\u2014\u2014\u660e\u5929\uff01<\/li>\n<\/ul>\n<p>KI\u9996\u7591\u95ee\u8bcd\u4e5f\u7528\u5728\u7591\u95ee\u4ece\u53e5\uff08\u00a723.2\uff09\u4e2d\uff1a\u015ci\u00a0demandis, <strong>kion <\/strong>mi volas. \u5979\u95ee\u6211\u8981\u70b9\u4ec0\u4e48\u3002<\/p>\n<p><strong>16.2 \u0108u<\/strong><strong>\u7591\u95ee\u53e5<\/strong><\/p>\n<p>\u0108u\u7591\u95ee\u53e5\u7531\u7591\u95ee\u8bcd\u0109u\u6784\u6210\u3002\u0108u\u7591\u95ee\u53e5\u5bfb\u6c42\u5bf9\u5168\u53e5\u6b63\u786e\u6027\u7684\u786e\u8ba4\u3002\u56de\u7b54\u901a\u5e38\u662fjes\u6216ne\u3002\u0108u\u901a\u5e38\u4f4d\u4e8e\u7591\u95ee\u53e5\u5f00\u5934\uff1a<\/p>\n<ul>\n<li><strong>\u0108<\/strong><strong>u<\/strong> vi komprenas min? \u2014 Jes, mi komprenas vin! \/ Ne, mi ne komprenas vin!\u00a0 \u4f60\u61c2\u6211\u7684\u610f\u601d\u5417\uff1f\u2014\u2014\u662f\u7684\uff0c\u6211\u61c2\uff01\uff0f\u4e0d\uff0c\u6211\u4e0d\u61c2\uff01<\/li>\n<li><strong>\u0108<\/strong><strong>u<\/strong> vi estas Kanadano? \u2014 Jes, mi estas Kanadano! \/ Ne, mi ne estas Kanadano!\u00a0 \u4f60\u662f\u52a0\u62ff\u5927\u4eba\u5417\uff1f\u2014\u2014\u662f\u7684\uff0c\u6211\u662f\u52a0\u62ff\u5927\u4eba\uff01\/ \u4e0d\uff0c\u6211\u4e0d\u662f\u52a0\u62ff\u5927\u4eba\u3002<\/li>\n<li><strong>\u0108<\/strong><strong>u<\/strong> li? \u2014 Jes, li!\u00a0 \u662f\u4ed6\u5417\uff1f\u2014\u2014\u662f\u7684\uff0c\u662f\u4ed6\uff01<\/li>\n<li><strong>\u0108<\/strong><strong>u<\/strong> \u011di estas ta\u016dga? \u2014 Jes, (\u011di) estas!\u00a0 \u5b83\u5408\u9002\u5417\uff1f\u2014\u2014\u662f\u7684\uff0c\uff08\u5b83\uff09\u5408\u9002\uff01<\/li>\n<\/ul>\n<p>\u0108u\u7591\u95ee\u53e5\u4e5f\u53ef\u4ee5\u662f\u9009\u62e9\u7591\u95ee\u53e5\u3002\u8fd9\u65f6\uff0c\u56de\u7b54\u901a\u5e38\u662f\u5728\u4e0d\u540c\u7684\u9009\u9879\u4e4b\u95f4\u8fdb\u884c\u9009\u62e9\uff1a<\/p>\n<ul>\n<li><strong>\u0108<\/strong><strong>u<\/strong> vi volas kafon a\u016d teon? \u2014 Mi volas kafon! \/ Mi volas teon! \/ Mi volas nek kafon, nek teon! \/ Mi volas kaj kafon, kaj teon!\u00a0 \u4f60\u60f3\u8981\u5496\u5561\u8fd8\u662f\u8336\uff1f\u2014\u2014\u6211\u60f3\u8981\u5496\u5561\uff01\uff0f\u6211\u60f3\u8981\u8336\uff01\uff0f\u6211\u4e0d\u8981\u5496\u5561\uff0c\u4e5f\u4e0d\u8981\u8336\uff01\uff0f\u6211\u65e2\u8981\u5496\u5561\u4e5f\u8981\u8336\uff01<\/li>\n<li><strong>\u0108<\/strong><strong>u<\/strong> li a\u016d \u015di? \u2014 \u015ci! \/ Li! \/ Iu ajn el ili! \/ Neniu el ili! \/ Amba\u016d!\u00a0 \u4ed6\u8fd8\u662f\u5979\uff1f\u2014\u2014\u5979\uff01\uff0f\u4ed6\uff01\uff0f\u4ed6\u4eec\u4e2d\u7684\u4efb\u4f55\u4e00\u4e2a\uff01\uff0f\u4ed6\u4eec\u4e2d\u4e00\u4e2a\u4e5f\u4e0d\u662f\uff01\uff0f\u4e24\u4eba\u90fd\u662f\uff01<\/li>\n<\/ul>\n<p><strong>16.3 <\/strong><strong>\u56de\u7b54\u7528\u8bcd<\/strong><\/p>\n<p>\u56de\u7b54\u0109u\u7591\u95ee\u53e5\u53ef\u4ee5\u53ea\u8bf4\u51fa\u5bf9\u7591\u95ee\u53e5\u7ed9\u51fa\u56de\u7b54\u7684\u53e5\u5b50\uff08\u5b8c\u6574\u7684\u6216\u7f29\u7565\u7684\uff09\uff1a<\/p>\n<ul>\n<li>\u0108u vi amas min? \u2014 <strong>Mi amas vin!\u00a0 <\/strong>\u4f60\u7231\u6211\u5417\uff1f\u2014\u2014\u6211\u7231\u4f60\uff01<\/li>\n<li>Kaj \u0109u vi longe lernis? \u2014 <strong>Ho, mi lernis ne malpli ol tri jarojn.\u00a0 <\/strong>\u4f60\u5b66\u7684\u65f6\u95f4\u957f\u5417\uff1f\u2014\u2014\u554a\uff0c\u6211\u5b66\u4e86\u4e0d\u5c11\u4e8e\u4e09\u5e74\u3002<\/li>\n<\/ul>\n<p>\u4f46\u662f\uff0c\u901a\u5e38\u4f7f\u7528\u56de\u7b54\u7528\u8bcdjes\u548cne\u3002\u8fd9\u79cd\u56de\u7b54\u7528\u8bcd\u672c\u8eab\u5982\u540c\u4e00\u4e2a\u5b8c\u6574\u7684\u53e5\u5b50\u3002\u7136\u800c\uff0c\u5728\u56de\u7b54\u7528\u8bcd\u540e\u9762\u5e38\u5e38\u4f1a\u52a0\u4e0a\u4e00\u4e2a\u5b8c\u6574\u7684\u56de\u7b54\u53e5\u6216\u5176\u90e8\u5206\u5185\u5bb9\u4ee5\u4f7f\u610f\u601d\u66f4\u52a0\u6e05\u695a\u3002<\/p>\n<p><strong>16.3.1 Jes <\/strong><\/p>\n<p>\u56de\u7b54\u7528\u8bcdjes\u7ed9\u51fa<strong>\u80af\u5b9a<\/strong>\u56de\u7b54\uff1a<\/p>\n<ul>\n<li>\u0108u vi volas kafon? \u2014 <strong>Jes<\/strong>! (= Mi volas kafon.)\u00a0 \u4f60\u8981\u5496\u5561\u5417\uff1f\u2014\u2014\u662f\u7684\uff01<\/li>\n<li>\u0108u vi ion deziras? \u2014 <strong>Jes<\/strong>! (= Mi ion deziras.)\u00a0 \u4f60\u60f3\u8981\u70b9\u4ec0\u4e48\u5417\uff1f\u2014\u2014\u597d\u7684\uff01<\/li>\n<li>\u0108u la Universala Kongreso estos en E\u016dropo \u0109i-jare? \u2014 Mi pensas, ke <strong>jes<\/strong>! = Mi pensas, ke \u011di ja estos en E\u016dropo \u0109i-jare!\u00a0 \u56fd\u9645\u5927\u4f1a\u4eca\u5e74\u5728\u6b27\u6d32\u53ec\u5f00\u5417\uff1f\u2014\u2014\u6211\u60f3\u662f\u7684\u3002\u25c7\u56de\u7b54\u7528\u8bcdjes\u4ee3\u66ff\u6574\u4e2a\u56de\u7b54\u4ece\u53e5\uff08\u5f15\u5bfc\u8bcdke\u9664\u5916\uff09\u3002<\/li>\n<\/ul>\n<p>\u4e0d\u8981\u5728\u53e5\u5b50\u5185\u90e8\u4f7f\u7528jes\u6765\u5f3a\u8c03\u67d0\u4e8b\u7269\u7684\u771f\u5b9e\u6027\u3002\u5bf9\u6b64\u8981\u7528\u5c0f\u54c1\u8bcdja\u3002\u4e0d\u8981\u8bf4\uff1a*Tiu \u0109i vino ne estas dol\u0109a, dum tiu alia\u00a0<strong>jes<\/strong>\u00a0estas.* \u8981\u8bf4\uff1aTiu \u0109i vino ne estas dol\u0109a, dum tiu alia <strong>ja<\/strong> estas. \u8fd9\u9152\u4e0d\u751c\uff0c\u800c\u90a3\u9152\u786e\u5b9e\u751c\u3002<\/p>\n<p><strong>16.3.2 Ne <\/strong><\/p>\n<p>\u56de\u7b54\u7528\u8bcdne\u7ed9\u51fa<strong>\u5426\u5b9a<\/strong>\u56de\u7b54\uff1a<\/p>\n<ul>\n<li>\u0108u vi volas kafon? \u2014 <strong>Ne<\/strong>! (= Mi ne volas kafon.)\u00a0 \u4f60\u8981\u5496\u5561\u5417\uff1f\u2014\u2014\u4e0d\u8981\uff01<\/li>\n<li>\u0108u vi ion deziras? \u2014 <strong>Ne<\/strong>! (= Mi nenion deziras.)\u00a0 \u4f60\u60f3\u8981\u70b9\u4ec0\u4e48\u5417\uff1f\u2014\u2014\u4e0d\u8981\uff01<\/li>\n<li>\u0108u li estas blondulo a\u016d brunulo? \u2014 <strong>Ne<\/strong>, pli ka\u015dtanhara. = Li estas nek blondulo nek brunulo, li estas pli ka\u015dtanhara.\u00a0 \u4ed6\u7684\u5934\u53d1\u662f\u91d1\u8272\u7684\u8fd8\u662f\u68d5\u8272\u7684\uff1f\u2014\u2014\u90fd\u4e0d\u662f\uff0c\u662f\u6df1\u6817\u8272\u7684\u3002<\/li>\n<li>Ha, \u0109u efektive la malgranda Kay mortis? La rozoj estis sub la tero, kaj ili diras, ke <strong>ne<\/strong>! = &#8230; ili diras, ke li ne mortis.\u00a0 \u5c0f\u52a0\u4f0a\u771f\u7684\u6b7b\u4e86\u5417\uff1f\u90a3\u4e9b\u73ab\u7470\u82b1\u5c31\u5728\u5730\u4e0b\uff0c\u5b83\u4eec\u8bf4\u6ca1\u6709\u6b7b\uff01<\/li>\n<\/ul>\n<p>\u8981\u6ce8\u610f\u4f5c\u4e3a\u53e5\u5b50\u5185\u90e8\u5426\u5b9a\u8bcd\u7684ne\uff08\u00a715\uff09\u4e0e\u4f5c\u4e3a\u56de\u7b54\u7528\u8bcd\u7684ne\u4e4b\u95f4\u7684\u533a\u522b\uff1a<\/p>\n<ul>\n<li>Ne venu \u0109i tien! = Mi volas, ke vi ne venu \u0109i tien.\u00a0 \u4e0d\u8981\u5230\u8fd9\u91cc\u6765\uff01\u25c7Ne\u5426\u5b9a\u8c13\u8bed\u3002<\/li>\n<li>Ne, venu \u0109i tien! = Ne! Mi ja volas, ke vi venu \u0109i tien.\u00a0 \u4e0d\uff0c\u8bf7\u5230\u8fd9\u91cc\u6765\uff01\u25c7Ne\u662f\u56de\u7b54\u7528\u8bcd\uff0c\u5176\u672c\u8eab\u5927\u81f4\u8d77\u5b8c\u6574\u53e5\u5b50\u7684\u4f5c\u7528\u3002<\/li>\n<\/ul>\n<p>\u5982\u679c\u56de\u7b54\u7528\u8bcdne\u4e4b\u540e\u7d27\u8ddf\u7740\u4ee5\u52a8\u8bcd\u5f00\u5934\u7684\u53e5\u5b50\uff0c\u5219\u53d1\u97f3\u65f6\u5fc5\u987b\u5728ne\u4e4b\u540e\u5e26\u6709\u6e05\u6670\u7684\u505c\u987f\u4ee5\u907f\u514d\u8bef\u89e3\u3002<\/p>\n<p><strong>16.3.3 Jes<\/strong><strong>\u548c<\/strong><strong>ne<\/strong><strong>\u7528\u4e8e\u5426\u5b9a\u7591\u95ee\u53e5<\/strong><\/p>\n<p>\u7528\u4e8e\u5426\u5b9a\u7591\u95ee\u53e5\u7684\u56de\u7b54\u7528\u8bcd\u6709\u4e24\u79cd\u65b9\u5f0f\u3002\u4e00\u79cd\u4f53\u7cfb\u66f4\u5e38\u7528\u4e8e\u897f\u65b9\u8bed\u8a00\uff0c\u53e6\u4e00\u79cd\u4f53\u7cfb\u66f4\u5e38\u7528\u4e8e\u4e1c\u65b9\u8bed\u8a00\u3002\u56e0\u6b64\uff0c\u4eba\u4eec\u53ef\u4ee5\u8c08\u8bba<strong>\u897f\u65b9<\/strong>\u7528\u6cd5\u548c<strong>\u4e1c\u65b9<\/strong>\u7528\u6cd5\uff0c\u4f46\u662f\uff0c\u5728\u8bb8\u591a\u56fd\u5bb6\u548c\u8bed\u8a00\u4e2d\u5b9e\u9645\u4e0a\u8fd9\u4e24\u79cd\u4f53\u7cfb\u5e76\u5217\u5b58\u5728\u3002\u5728\u4e16\u754c\u8bed\u4e2d\uff0c\u8fd9\u4e24\u79cd\u4f53\u7cfb\u90fd\u662f\u201c\u672c\u571f\u7684\u201d\u3002\u67f4\u95e8\u970d\u592b\u66f4\u5e38\u4f9d\u636e\u897f\u65b9\u4f53\u7cfb\u4f7f\u7528jes\u548cne\uff0c\u4f46\u662f\uff0c\u4ed6\u4e5f\u591a\u6b21\u4f7f\u7528\u4e1c\u65b9\u4f53\u7cfb\u3002<\/p>\n<p><strong>\u897f\u65b9\u4f53\u7cfb<\/strong><\/p>\n<p>\u5728<strong>\u897f\u65b9<\/strong>\u4f53\u7cfb\u4e2d\uff0cjes\u6307\u4ee3\u80af\u5b9a\u56de\u7b54\u53e5\uff0cne\u6307\u4ee3\u5426\u5b9a\u56de\u7b54\u53e5\u3002\u5426\u5b9a\u56de\u7b54\u53e5\u662f\u4e3b\u53e5\u90e8\u5206<\/p>\n<p>\u4e2d\u5e26\u5426\u5b9a\u8bcd\uff08ne\u6216NENI\u9996\u8bcd\uff09\u7684\u53e5\u5b50\u3002\u5728\u897f\u65b9\u4f53\u7cfb\u4e2d\uff0c\u56de\u7b54\u7528\u8bcd\u7684\u610f\u601d\u4e0d\u53d6\u51b3\u4e8e\u7591\u95ee\u53e5\u7684\u5f62\u5f0f\u3002\u5982\u679c\u7591\u95ee\u53e5\u662f\u5426\u5b9a\u7684\uff0c\u5c31\u7528\u4e0e\u65e0\u5426\u5b9a\u8bcd\u7684\u7591\u95ee\u53e5\u6240\u7528\u76f8\u540c\u7684\u56de\u7b54\u7528\u8bcd\u6765\u56de\u7b54\u3002\u91cd\u8981\u7684\u4ec5\u4ec5\u662f\u56de\u7b54\u7528\u8bcd\u6240\u6307\u4ee3\u7684\u8be5\u56de\u7b54\u53e5\u7684\u5f62\u5f0f\uff1a<\/p>\n<ul>\n<li>\u0108u vi volas kafon?\u00a0 \u4f60\u60f3\u8981\u5496\u5561\u5417\uff1f\u25c7\u80af\u5b9a\u7591\u95ee\u53e5\u3002<\/li>\n<\/ul>\n<p>\u2014 <strong>Jes<\/strong>! (= Mi volas kafon.)\u00a0 \u60f3\u8981\uff01<\/p>\n<p>\u2014 <strong>Ne<\/strong>! (= Mi ne volas kafon.)\u00a0 \u4e0d\u8981\uff01<\/p>\n<ul>\n<li>\u0108u vi ne volas kafon?\u00a0 \u4f60\u4e0d\u60f3\u8981\u5496\u5561\u5417\uff1f\u25c7\u5426\u5b9a\u7591\u95ee\u53e5\u3002<\/li>\n<\/ul>\n<p>\u2014 <strong>Jes<\/strong>! (= Mi volas kafon.)\u00a0 \u4e0d\uff0c\u6211\u60f3\u8981\uff01<\/p>\n<p>\u2014 <strong>Ne<\/strong>! (= Mi ne volas kafon.)\u00a0 \u662f\u7684\uff0c\u6211\u4e0d\u8981\uff01<\/p>\n<ul>\n<li>\u0108u vi nenion deziras?\u00a0 \u4f60\u4ec0\u4e48\u4e5f\u4e0d\u8981\u5417\uff1f<\/li>\n<\/ul>\n<p>\u2014 <strong>Jes<\/strong>! (= Mi ja deziras ion.)\u00a0 \u4e0d\uff0c\u6211\u8981\u4e00\u70b9\uff01<\/p>\n<p>\u2014 <strong>Ne<\/strong>! (= Mi deziras nenion.)\u00a0 \u662f\u7684\uff0c\u6211\u4ec0\u4e48\u4e5f\u4e0d\u8981\uff01<\/p>\n<p>\u5bf9\u5426\u5b9a\u7591\u95ee\u53e5\uff08\u6839\u636e\u897f\u65b9\u4f53\u7cfb\uff09\u4f5c\u80af\u5b9a\u56de\u7b54\uff0c\u4e5f\u53ef\u4ee5\u4f7f\u7528\u5f3a\u52bf\u56de\u7b54<strong>Jes<\/strong> ja! = <strong>Jes<\/strong>, tiel ja estas!\uff08\u6216\u7c7b\u4f3c\u7684\uff09\uff1a<\/p>\n<ul>\n<li>\u0108u vi ne volas trinki la malvarman kafon? \u2014 <strong>Jes<\/strong> ja! (= <strong>Jes<\/strong>, mi ja volas trinki \u011din.) \u4f60\u4e0d\u60f3\u559d\u51b7\u5496\u5561\u5417\uff1f\u2014\u2014\u4e0d\uff0c\u6211\u8981\u559d\u7684\uff01<\/li>\n<\/ul>\n<p>\u4e00\u4e9b\u4eba\u7528tamen\u4ee3\u66ffjes ja\u3002<\/p>\n<p><strong>\u4e1c\u65b9\u4f53\u7cfb<\/strong><\/p>\n<p>\u5728<strong>\u4e1c\u65b9<\/strong>\u4f53\u7cfb\u4e2d\uff0cjes\u6070\u6070\u5bf9\u7591\u95ee\u53e5\u6240\u542b\u5185\u5bb9\u8fdb\u884c\u786e\u8ba4\uff0c\u800cne\u5219\u5426\u8ba4\u6574\u4e2a\u7591\u95ee\u53e5\u3002\u5728\u8be5\u4f53\u7cfb\u4e2d\uff0cjes\u548cne\u5728\u5426\u5b9a\u7591\u95ee\u53e5\u4e0a\u4e92\u6362\u4f5c\u7528\uff1a<\/p>\n<ul>\n<li>\u0108u vi volas kafon?\u00a0 \u4f60\u60f3\u8981\u5496\u5561\u5417\uff1f\u25c7\u80af\u5b9a\u7591\u95ee\u53e5\u3002<\/li>\n<\/ul>\n<p>\u2014 <strong>Jes<\/strong>! (= Mi volas kafon.)\u00a0 \u60f3\u8981\uff01<\/p>\n<p>\u2014 <strong>Ne<\/strong>! (= Mi ne volas kafon.)\u00a0 \u4e0d\u8981\uff01<\/p>\n<ul>\n<li>\u0108u vi ne volas kafon?\u00a0 \u4f60\u4e0d\u60f3\u8981\u5496\u5561\u5417\uff1f\u25c7\u5426\u5b9a\u7591\u95ee\u53e5\u3002<\/li>\n<\/ul>\n<p>\u2014 <strong>Jes<\/strong>! (= Mi ne volas kafon.)\u00a0 \u662f\u7684\uff0c\u4e0d\u8981\uff01<\/p>\n<p>\u2014 <strong>Ne<\/strong>! (= Mi ja volas kafon.)\u00a0 \u4e0d\uff0c\u8981\u4e00\u70b9\uff01<\/p>\n<ul>\n<li>\u0108u vi nenion deziras?\u00a0 \u4f60\u4ec0\u4e48\u4e5f\u4e0d\u8981\u5417\uff1f<\/li>\n<\/ul>\n<p>\u2014 <strong>Jes<\/strong>, mi nenion deziras.\u00a0 \u662f\u7684\uff0c\u6211\u4ec0\u4e48\u4e5f\u4e0d\u8981\u3002<\/p>\n<p>\u2014 <strong>Ne<\/strong>, mi ja deziras ion.\u00a0 \u4e0d\uff0c\u6211\u8981\u4e00\u70b9\u3002<\/p>\n<p><strong>\u4e24\u79cd\u903b\u8f91<\/strong><\/p>\n<p>\u8fd9\u4e24\u79cd\u56de\u7b54\u5426\u5b9a\u7591\u95ee\u53e5\u7684\u4f53\u7cfb\u90fd\u662f\u7b26\u5408\u903b\u8f91\u7684\uff0c\u4f46\u662f\u65b9\u5f0f\u4e0d\u540c\u3002\u5982\u679c\u4e16\u754c\u8bed\u4e2d\u53ea\u6709\u4e00\u79cd\u4f53\u7cfb\u53ef\u80fd\u4f1a\u66f4\u597d\u3002\u539f\u5219\u4e0a\u53ef\u4ee5\u63a8\u8350\u897f\u65b9\u4f53\u7cfb\uff0c\u56e0\u4e3a\u8fc4\u4eca\u4e3a\u6b62\u5b83\u66f4\u5e38\u7528\uff0c\u5e76\u4e14\u5728\u67f4\u95e8\u970d\u592b\u90a3\u91cc\u660e\u663e\u5730\u66f4\u5e38\u89c1\u3002\u4f46\u662f\uff0c\u8981\u8fbe\u5230\u552f\u4e00\u4e00\u79cd\u4f53\u7cfb\u7684\u5b8c\u5168\u7edf\u4e00\u7684\u7528\u6cd5\u4f3c\u4e4e\u662f\u4e0d\u53ef\u80fd\u7684\u3002\u8fd9\u4e24\u79cd\u7528\u6cd5\u5728\u4e16\u754c\u8bed\u4e2d\u90fd\u662f\u201c\u672c\u571f\u7684\u201d\u3002\u56e0\u6b64\uff0c\u8981\u5c0f\u5fc3\u5bf9\u5f85\u5426\u5b9a\u7591\u95ee\u53e5\u7684\u56de\u7b54\u3002\u4e3a\u4e86\u4e0d\u5192\u8bef\u89e3\u7684\u98ce\u9669\uff0c\u6700\u597d\u52a0\u4e0a\u610f\u601d\u6e05\u6670\u7684\u56de\u7b54\u53e5\u3002<\/p>\n<p>&nbsp;<\/p>\n<p>\u4e2d\u56fd\u4e16\u754c\u8bed\u7f51\u7ad9\u7eff\u7f51<br \/>\nVerda Reto, la \u0109ina esperanta retejo<br \/>\n<a href=\"https:\/\/reto.cn\/\">https:\/\/reto.cn<\/a><\/p>\n<p><a href=\"https:\/\/reto.cn\/php\/hanyu\/detala-lernu-gramatiko\/\">\u8fd4\u56de\u4e16\u754c\u8bed\u8be6\u89e3\u8bed\u6cd5\u76ee\u5f55<\/a><\/p>\n","protected":false},"excerpt":{"rendered":"<p>\u4e16\u754c\u8bed\u8be6\u89e3\u8bed\u6cd5 \u7b2c16\u7ae0\u00a0 \u7591\u95ee\u53e5\u4e0e\u56de\u7b54 16.1 KI\u7591\u95ee\u53e5 KI\u7591\u95ee\u53e5\u7531KI\u9996\u8bcd\u8868\u8bcd\uff08\u00a711.3\uff09\u6784\u6210\u3002K\u2026 <span class=\"read-more\"><a href=\"https:\/\/reto.cn\/php\/hanyu\/gramatiko_de_esperanto\/detala-lernu-gramatiko\/demandoj_kaj_respondoj\/\">\u7ee7\u7eed\u9605\u8bfb Legi pli &raquo;<\/a><\/span><\/p>\n","protected":false},"author":3,"featured_media":0,"parent":6989,"menu_order":0,"comment_status":"open","ping_status":"closed","template":"","meta":{"footnotes":""},"_links":{"self":[{"href":"https:\/\/reto.cn\/php\/hanyu\/wp-json\/wp\/v2\/pages\/7236"}],"collection":[{"href":"https:\/\/reto.cn\/php\/hanyu\/wp-json\/wp\/v2\/pages"}],"about":[{"href":"https:\/\/reto.cn\/php\/hanyu\/wp-json\/wp\/v2\/types\/page"}],"author":[{"embeddable":true,"href":"https:\/\/reto.cn\/php\/hanyu\/wp-json\/wp\/v2\/users\/3"}],"replies":[{"embeddable":true,"href":"https:\/\/reto.cn\/php\/hanyu\/wp-json\/wp\/v2\/comments?post=7236"}],"version-history":[{"count":0,"href":"https:\/\/reto.cn\/php\/hanyu\/wp-json\/wp\/v2\/pages\/7236\/revisions"}],"up":[{"embeddable":true,"href":"https:\/\/reto.cn\/php\/hanyu\/wp-json\/wp\/v2\/pages\/6989"}],"wp:attachment":[{"href":"https:\/\/reto.cn\/php\/hanyu\/wp-json\/wp\/v2\/media?parent=7236"}],"curies":[{"name":"wp","href":"https:\/\/api.w.org\/{rel}","templated":true}]}}