{"id":7242,"date":"2021-07-25T15:47:25","date_gmt":"2021-07-25T07:47:25","guid":{"rendered":"http:\/\/reto.cn\/php\/hanyu\/?page_id=7242"},"modified":"2022-02-16T12:48:30","modified_gmt":"2022-02-16T04:48:30","slug":"kvantaj_vortoj","status":"publish","type":"page","link":"https:\/\/reto.cn\/php\/hanyu\/gramatiko_de_esperanto\/detala-lernu-gramatiko\/kvantaj_vortoj\/","title":{"rendered":"\u4e16\u754c\u8bed\u8be6\u89e3\u8bed\u6cd5 \u6570\u91cf\u8bcd"},"content":{"rendered":"<h3 class=\"entry-title\">\u4e16\u754c\u8bed\u8be6\u89e3\u8bed\u6cd5<\/h3>\n<h3 style=\"text-align: center;\"><strong>\u7b2c18\u7ae0\u00a0 \u6570\u91cf\u8bcd<\/strong><\/h3>\n<p>\u6570\u91cf\u8bcd\u6709\u65f6\u4ee5\u7279\u522b\u7684\u65b9\u5f0f\u8fd0\u7528\u3002\u5e26\u6709\u6570\u91cf\u610f\u4e49\u7684\u8bcd\u53ef\u4ee5\u662f\u540d\u8bcd\uff08multo, kelko\u7b49\uff09\u3001\u5f62\u5bb9\u8bcd\uff08multa, pluraj\u7b49\uff09\u3001\u526f\u8bcd\uff08multe, kelke\u7b49\uff09\u548c\u526f\u8bcd\u6027\u5c0f\u54c1\u8bcd\uff08pli, tiom\u7b49\uff09\u3002<\/p>\n<p><strong>18.1 <\/strong><strong>\u6570\u91cf\u540d\u8bcd<\/strong><\/p>\n<p>\u6570\u91cf\u540d\u8bcd\u8d77\u6b63\u5e38\u540d\u8bcd\u7684\u4f5c\u7528\u3002\u5f88\u591a\u60c5\u51b5\u4e0b\uff0c\u5b83\u4eec\u88abda\u77ed\u8bed\uff08\u00a710.3.5\uff09\u6240\u4fee\u9970\uff0c\u540e\u8005\u8868\u793a\u6570\u91cf\u7531\u4ec0\u4e48\u7ec4\u6210\uff1a<\/p>\n<ul>\n<li>Kiam mi ien veturas, mi neniam prenas kun mi <strong>multon <\/strong>da paka\u0135o.\u00a0 \u6211\u51fa\u884c\u65f6\uff0c\u4ece\u4e0d\u968f\u8eab\u5e26\u8bb8\u591a\u884c\u674e\u3002<\/li>\n<\/ul>\n<p>\u6570\u91cf\u8bcd\u5728\u8bed\u6cd5\u4e0a\u662f\u4e2d\u5fc3\u8bcd\uff0c\u4f46\u662f\u4ece\u610f\u601d\u7684\u89d2\u5ea6\u770b\uff0cda\u77ed\u8bed\u5e38\u5e38\u66f4\u91cd\u8981\u3002\u6709\u65f6\uff0c\u4eba\u4eec\u628a\u8fd9\u79cdda\u77ed\u8bed\u7684\u540d\u8bcd\u770b\u5f97\u5982\u540c\u4e2d\u5fc3\u8bcd\u4e00\u6837\uff1a<\/p>\n<ul>\n<li>Tiam grandega <strong>multo<\/strong> da vortoj fari\u011dus en la skribado tute nediferencigeblaj unu de alia.\u00a0 \u8fd9\u65f6\uff0c\u5927\u91cf\u7684\u8bcd\u5728\u4e66\u5199\u4e0a\u4f1a\u53d8\u5f97\u5f7c\u6b64\u4e0d\u53ef\u533a\u5206\u3002\u25c7Nediferencigeblaj\u5728\u8bed\u6cd5\u4e0a\u4e0emulto\u6709\u5173\uff0c\u4f46\u662f\u5374\u6709J\u8bcd\u5c3e\uff0c\u56e0\u4e3a\u6839\u636e\u610f\u601d\u5b83\u4e0evortoj\u7d27\u5bc6\u5173\u8054\u3002\u5b9e\u9645\u4e0a\uff0c\u5982\u679c\u8bf4nediferencigebla\u800c\u6ca1\u6709J\uff0c\u8be5\u53e5\u4f1a\u53d8\u5f97\u5f88\u602a\u5f02\uff0c\u56e0\u4e3a\u540e\u7eed\u77ed\u8bedunu de alia\u5f3a\u52a0\u7ed9\u4eba\u591a\u4e2a\u4e2a\u4f53\u7684\u6982\u5ff5\u3002\u8bf7\u6bd4\u8f83\u4ee5\u4e0b\u4f8b\u5b50\uff1aGrandega\u00a0<strong>multo<\/strong>da vortoj fari\u011das tute\u00a0sen\u00a0bezona\u00a0por lernado.\u00a0 \u5927\u91cf\u7684\u8bcd\u5bf9\u4e8e\u5b66\u4e60\u6765\u8bf4\u53d8\u5f97\u5b8c\u5168\u4e0d\u9700\u8981\u3002<\/li>\n<\/ul>\n<p>\u6700\u4e3a\u5e38\u89c1\u7684\u662f\uff0c\u4eba\u4eec\u5b81\u53ef\u7528\u526f\u8bcd\u5f62\u5f0fmulte, malmulte\u548ckelke\u6765\u4ee3\u66ffmulto, malmulto\u548ckelko\u3002<\/p>\n<p><strong>18.2 <\/strong><strong>\u6570\u91cf\u526f\u8bcd<\/strong><\/p>\n<p>\u6700\u4e3a\u5e38\u89c1\u7684\u662f\uff0c\u6570\u91cf\u526f\u8bcd\u51fa\u73b0\u5728\u53e5\u4e2d\uff0c\u4f3c\u4e4e\u5c31\u662f\u8d77\u4e3b\u8bed\u3001\u5bbe\u8bed\u7b49\u4f5c\u7528\u7684\u540d\u8bcd\u3002\u5b9e\u9645\u4e0a\u51e0\u4e4e\u53ea\u6d89\u53ca\u5230multe, kelke, sufi\u0109e\u53ca\u5176\u53d8\u4f53\uff1a<\/p>\n<ul>\n<li>Sur la arbo sin trovis <strong>multe<\/strong> da birdoj.\u00a0 \u6811\u4e0a\u6709\u8bb8\u591a\u9e1f\u513f\u3002\u25c7Multe\u662f\u4e3b\u8bed\u3002\u4e5f\u53ef\u4ee5\u8bf4multo da birdoj\u3002<\/li>\n<li>El \u015dia bu\u015do eliris <strong>kelke<\/strong> da perloj kaj <strong>kelke<\/strong> da diamantoj.\u00a0 \u4ece\u5979\u7684\u5634\u4e2d\u5410\u51fa\u4e86\u51e0\u9897\u73cd\u73e0\u548c\u51e0\u7c92\u94bb\u77f3\u3002\u25c7\u4e24\u4e2akelke\u662feliris\u7684\u4e3b\u8bed\u3002\u53ef\u4ee5\u8bf4kelko da perloj\/diamantoj\uff0c\u4f46\u662f\uff0ckelko\u5728\u5b9e\u8df5\u4e2d\u4ece\u6765\u4e0d\u7528\u3002<\/li>\n<li>La ri\u0109ulo havas <strong>multe<\/strong> da mono.\u00a0 \u90a3\u4e2a\u5bcc\u4eba\u6709\u5f88\u591a\u94b1\u3002\u25c7Multe\u662f\u5bbe\u8bed\uff0c\u4f46\u662f\u5b83\u4e0d\u80fd\u63a5\u8bcd\u5c3eN\uff0c\u56e0\u4e3a\u5b83\u662f\u526f\u8bcd\u3002<\/li>\n<li>Mi a\u0109etis por la infanoj tableton kaj <strong>kelke<\/strong> da se\u011detoj.\u00a0 \u6211\u7ed9\u5b69\u5b50\u4eec\u4e70\u4e86\u4e00\u5f20\u5c0f\u684c\u5b50\u548c\u51e0\u5f20\u5c0f\u6905\u5b50\u3002<\/li>\n<li>Mi havas <strong>sufi<\/strong><strong>\u0109<\/strong><strong>e<\/strong> da laboro.\u00a0 \u6211\u6709\u8db3\u591f\u7684\u5de5\u4f5c\uff08\u8981\u505a\uff09\u3002<\/li>\n<li>Post <strong>kelke<\/strong> da tagoj mi venos.\u00a0 \u8fc7\u51e0\u5929\u6211\u518d\u6765\u3002<\/li>\n<\/ul>\n<p>\u53ef\u4ee5\u7c7b\u4f3c\u5730\u4f7f\u7528\u8868\u793a\u6570\u91cf\u7684\u526f\u8bcd\u6027\u5c0f\u54c1\u8bcd\uff1a<\/p>\n<ul>\n<li>\u0108u vi scias, <strong>kiom<\/strong> estis da mortigitoj?\u00a0 \u4f60\u77e5\u4e0d\u77e5\u9053\uff0c\u8fd9\u6b21\u6b7b\u4e86\u591a\u5c11\u4eba\uff1f\u25c7Kiom\u662festis\u7684\u4e3b\u8bed\u3002<\/li>\n<li>Prenu <strong>tiom<\/strong> da mono, <strong>kiom<\/strong> vi volas.\u00a0 \u4f60\u60f3\u8981\u591a\u5c11\u94b1\u5c31\u53d6\u51fa\u591a\u5c11\u94b1\u3002\u25c7Tiom\u548ckiom\u90fd\u662f\u5bbe\u8bed\u3002<\/li>\n<li>Pri <strong>tiom<\/strong> da feli\u0109o mi e\u0109 ne son\u011dis, kiam mi estis ankora\u016d la malbela anasido!\u00a0 \u5f53\u6211\u8fd8\u662f\u4e11\u5c0f\u9e2d\u65f6\uff0c\u6211\u751a\u81f3\u6ca1\u6709\u68a6\u89c1\u8fc7\u8fd9\u4e48\u591a\u7684\u5e78\u798f\uff01\u25c7Tiom\u662fpri\u72b6\u8bed\u3002<\/li>\n<li>Restas ankora\u016d <strong>iom<\/strong> da problemoj.\u00a0 \u8fd8\u5269\u4e0b\u5c11\u91cf\u95ee\u9898\u3002\u25c7Iom\u662f\u4e3b\u8bed\u3002<\/li>\n<li>Observu <strong>pli<\/strong> da ordo!\u00a0 \u8bf7\u591a\u591a\u9075\u5b88\u79e9\u5e8f\uff01\u25c7Pli\u662f\u5bbe\u8bed\u3002<\/li>\n<li><strong>Tro<\/strong> da kuiristoj ka\u0109on difektas.\u00a0 \u3008\u8c1a\u8bed\u3009\u53a8\u5e08\u592a\u591a\uff0c\u574f\u4e86\u7c73\u7ca5\u3002\uff0f\u4e09\u4e2a\u548c\u5c1a\u6ca1\u6c34\u559d\u3002\u25c7Tro \u662f\u4e3b\u8bed\u3002<\/li>\n<\/ul>\n<p>\u5f53\u6570\u91cf\u526f\u8bcd\u540e\u63a5da\u77ed\u8bed\u65f6\uff0c\u8be5\u526f\u8bcd\u5e38\u5e38\u53ef\u80fd\u770b\u4f3c\u5b8c\u5168\u4e0d\u662f\u4e2d\u5fc3\u8bcd\uff0c\u800c\u8be5\u540e\u7eedda\u77ed\u8bed\u7684\u540d\u8bcd\u624d\u662f\u4e2d\u5fc3\u8bcd\u3002\u4ece\u610f\u4e49\u89d2\u5ea6\u770b\uff0cda\u77ed\u8bed\u5b9e\u9645\u4e0a\u66f4\u91cd\u8981\uff1b\u800c\u4ece\u8bed\u6cd5\u89d2\u5ea6\u770b\uff0c\u526f\u8bcd\u624d\u662f\u4e2d\u5fc3\u8bcd\u3002\u4f46\u662f\u5f53\u201c\u6570\u91cf\u526f\u8bcd\uff0bda\u77ed\u8bed\u201d\u5e26\u6709\u4fee\u9970\u8bed\u65f6\uff0c\u901a\u5e38\u5c06\u8be5\u4fee\u9970\u8bed\u5173\u8054\u5230da\u77ed\u8bed\uff0c\u5c3d\u7ba1\u5b83\u4e0d\u662f\u4e2d\u5fc3\u8bcd\uff1a<strong>Multe<\/strong> da akvo estis ver\u015dita\u00a0sur \u011din. \u00a0\u5927\u91cf\u7684\u6c34\u6d47\u5230\u4e86\u5b83\u4e0a\u9762\u3002\u4f46\u662f\uff0c\u5982\u679c\u6ca1\u6709da\u77ed\u8bed\uff0c\u5c31\u53ef\u4ee5\u5c06\u4fee\u9970\u8bed\u53ea\u5173\u8054\u5230\u526f\u8bcd\uff0c\u56e0\u800c\u5fc5\u987b\u4f7f\u7528\u526f\u8bcd\u5f62\u5f0f\uff1a<strong>Multe<\/strong> estis plorite. \u00a0\u6d41\u4e86\u8bb8\u591a\uff08\u773c\u6cea\uff09\u3002<\/p>\n<p><strong>18.2.1 <\/strong><strong>\u6570\u91cf\u5f62\u5bb9\u8bcd\u4ee3\u66ff\u6570\u91cf\u526f\u8bcd<\/strong><\/p>\n<p>\u5e38\u5e38\u53ef\u4ee5\u7528\u6570\u91cf\u5f62\u5bb9\u8bcd\u6765\u4ee3\u66ff\u6570\u91cf\u526f\u8bcd\u3002\u8fd9\u65f6\uff0cda\u77ed\u8bed\u7684\u540d\u8bcd\u5c31\u6210\u4e86\u4e2d\u5fc3\u8bcd\u800cda\u6d88\u5931\u4e86\uff1a<\/p>\n<ul>\n<li>Sur la arbo sin trovis <strong>multaj<\/strong> birdoj. \u2248 &#8230; multe da birdoj.\u00a0 \u6811\u4e0a\u6709\u8bb8\u591a\u9e1f\u3002<\/li>\n<li>La ri\u0109ulo havas <strong>multan<\/strong> monon. \u2248 &#8230; multe da mono.\u00a0 \u90a3\u4f4d\u5bcc\u4eba\u6709\u8bb8\u591a\u94b1\u3002<\/li>\n<li>\u015ci staris nur <strong>kelkajn <\/strong>sekundojn. \u2248 &#8230; kelke da sekundoj.\u00a0 \u5979\u53ea\u7ad9\u4e86\u51e0\u79d2\u949f\u3002<\/li>\n<\/ul>\n<p>\u7136\u800c\u5374\u5b58\u5728\u7ec6\u5316\u610f\u4e49\u4e0a\u7684\u5dee\u522b\u3002Multaj\u548ckelkaj\u6709\u65f6\u7528\u4e8e\u4e2a\u4f53\u7684\u3001\u5355\u72ec\u7684\u4e8b\u7269\uff0c\u6709\u65f6\u7528\u4e8e\u4e0d\u53ef\u5206\u7684\u7fa4\u4f53\u3002Multe\u548ckelke\u53ea\u53ef\u7528\u4e8e\u4e0d\u53ef\u5206\u7684\u7fa4\u4f53\u3002\u56e0\u6b64\uff0c\u4e0d\u53ef\u80fd\u8bf4\uff1a*<strong>Kelke<\/strong> da homoj sentas sin la plej feli\u0109aj, kiam ili vidas la suferojn de siaj najbaroj.* \u5fc5\u987b\u8bf4\uff1aKelkaj homoj&#8230;\uff0c\u56e0\u4e3a\u6d89\u53ca\u5230\u6bcf\u4e00\u4e2a\u4eba\u5404\u81ea\u7684\u60c5\u611f\u3002<\/p>\n<p><strong>18.3 <\/strong><strong>\u7a0b\u5ea6\u4e0e\u6570\u91cf<\/strong><\/p>\n<p>\u7a0b\u5ea6\u548c\u6570\u91cf\u662f\u4e0d\u540c\u7684\u4e1c\u897f\uff0c\u4f46\u662f\uff0c\u6709\u65f6\u5b83\u4eec\u53c8\u5f88\u63a5\u8fd1\u3002<\/p>\n<p><strong>18.3.1 Tre<\/strong><strong>\u548c<\/strong><strong>multe<\/strong><\/p>\n<ul>\n<li>tre\u00a0 \u975e\u5e38\uff0c\u5f88 \u25c7\u9ad8\u7a0b\u5ea6\u5730\uff0c\u5e26\u6709\u5f3a\u5ea6\u5730<\/li>\n<li>multe\u00a0 \u8bb8\u591a\uff0c\u5927\u91cf \u25c7\u5927\u91cf\u5730\uff0c\u6301\u4e45\u5730\uff0c\u7ecf\u5e38\u53cd\u590d\u5730<\/li>\n<\/ul>\n<p>\u5728\u5f62\u5bb9\u8bcd\u548c\u526f\u8bcd\u4e0a\u51e0\u4e4e\u603b\u662f\u4f7f\u7528tre\uff0c\u4f46\u662f\uff0c\u5f53\u660e\u786e\u5730\u6d89\u53ca\u5230\u6570\u91cf\u6216\u9891\u5ea6\u65f6\uff0c\u5c31\u53ef\u4ee5\u4f7f\u7528multe\u3002\u5728\u52a8\u8bcd\u4e0amulte\u6700\u4e3a\u5e38\u7528\uff0c\u56e0\u4e3a\u901a\u5e38\u6d89\u53ca\u5230\u6570\u91cf\u6216\u9891\u5ea6\uff0c\u4f46\u662f\u5728\u8bf4\u5230\u7a0b\u5ea6\u6216\u5f3a\u5ea6\u65f6\uff0c\u4e5f\u53ef\u4ee5\u4f7f\u7528tre\uff1a<\/p>\n<ul>\n<li>\u011ci estas <strong>tre<\/strong> bona.\u00a0 \u5b83\u5f88\u597d\u3002<\/li>\n<li>Tie trovi\u011das <strong>tre<\/strong> grandaj domoj.\u00a0 \u90a3\u91cc\u6709\u5f88\u5927\u7684\u623f\u5b50\u3002<\/li>\n<li>Mi <strong>tre<\/strong> \u015datas Berlinon. = Mi intense \u015datas Berlinon.\u00a0 \u6211\u975e\u5e38\u559c\u6b22\u67cf\u6797\u3002<\/li>\n<li>Mi <strong>tre<\/strong> amas \u015din. = Mi intense amas \u015din.\u00a0 \u6211\u975e\u5e38\u7231\u5979\u3002<\/li>\n<li>Mi havas <strong>multe<\/strong> da mono.\u00a0 \u6211\u6709\u8bb8\u591a\u94b1\u3002<\/li>\n<li>\u015ci <strong>multe<\/strong> pensis pri tio. = \u015ci longe pensis pri tio.\u00a0 \u8fd9\u4ef6\u4e8b\u5979\u8003\u8651\u4e86\u5f88\u4e45\u3002<\/li>\n<li>Kiu <strong>multe<\/strong> parolas, ne <strong>multe <\/strong>faras.\u00a0 \u3008\u8c1a\u8bed\u3009\u8c01\u8bf4\u5f97\u591a\uff0c\u8c01\u5c31\u505a\u5f97\u5c11\u3002<\/li>\n<li>Li <strong>tre multe<\/strong> helpis al mi.\u00a0 \u4ed6\u5e2e\u4e86\u6211\u5f88\u5927\u5fd9\u3002\u25c7Tre\u4fee\u9970multe\u3002Multe\u4fee\u9970helpis\u3002<\/li>\n<\/ul>\n<p>\u4fee\u9970pli\u548ctro\u4f7f\u7528multe\uff1a<\/p>\n<ul>\n<li>\u011ci estis <strong>multe<\/strong> pli granda ol anta\u016de.\u00a0 \u5b83\u6bd4\u4ee5\u524d\u5927\u5f97\u591a\u3002<\/li>\n<li>\u011ci fari\u011dis <strong>multe<\/strong> tro nigra.\u00a0 \u5b83\u53d8\u5f97\u5b9e\u5728\u662f\u592a\u9ed1\u4e86\u3002<\/li>\n<\/ul>\n<p><strong>18.3.2 Kiel<\/strong><strong>\u548c<\/strong><strong>tiel <\/strong><\/p>\n<p>\u8bcd\u8868\u8bcdkiel\u548ctiel\uff08\u00a711.15\uff09\u4e0d\u4ec5\u8868\u793a\u65b9\u5f0f\uff0c\u800c\u4e14\u8fd8\u8868\u793a\u7a0b\u5ea6\u3002\u8981\u5728\u53ef\u4ee5\u4f7f\u7528tre\u7684\u5730\u65b9\u4f7f\u7528\u5b83\u4eec\uff1a<\/p>\n<ul>\n<li>Vi estas <strong>tiel<\/strong> bela, <strong>tiel<\/strong> bona kaj <strong>tiel <\/strong>honesta, ke mi devas fari al vi donacon.\u00a0 \u4f60\u5982\u6b64\u7f8e\u4e3d\uff0c\u5982\u6b64\u5584\u826f\uff0c\u5982\u6b64\u8bda\u5b9e\uff0c\u6211\u5fc5\u987b\u9001\u7ed9\u4f60\u793c\u7269\u3002\u25c7\u53ef\u4ee5\u8bf4\uff1atre bela, tre bona\u548ctre honesta\u3002<\/li>\n<li>La nokto estis <strong>tiel<\/strong> malluma, ke ni nenion povis vidi e\u0109 anta\u016d nia nazo.\u00a0 \u9ed1\u591c\u6f06\u9ed1\u4e00\u7247\uff0c\u6211\u4eec\u5c31\u8fde\u9f3b\u5b50\u524d\u7684\u4e1c\u897f\u4e5f\u770b\u4e0d\u89c1\u3002\u25c7\u6709\u53ef\u80fd\u8bf4\uff1atre malluma\u3002<\/li>\n<\/ul>\n<p><strong>18.3.3 Kiom<\/strong><strong>\u548c<\/strong><strong>tiom<\/strong><\/p>\n<p>\u8bcd\u8868\u8bcdkiom\u548ctiom\uff08\u00a711.16\uff09\u8868\u793a\u6570\u91cf\u3002\u8981\u5728\u53ef\u4ee5\u4f7f\u7528multe\u7684\u5730\u65b9\u4f7f\u7528\u5b83\u4eec\uff1a<\/p>\n<ul>\n<li>Mi volas <strong>tiom<\/strong> da terpomoj, <strong>kiom<\/strong> mi povas porti.\u00a0 \u6211\u80fd\u62ff\u591a\u5c11\uff0c\u6211\u5c31\u8981\u591a\u5c11\u571f\u8c46\u3002\u25c7\u53ef\u4ee5\u8bf4\uff1avolas multe\u53capovas porti multe\u3002<\/li>\n<li>\u015ci <strong>tiom<\/strong> laboris, ke \u015di fari\u011dis \u0109efo de la firmao.\u00a0 \u5979\u62fc\u547d\u5730\u5de5\u4f5c\uff0c\u6700\u7ec8\u5f53\u4e0a\u4e86\u516c\u53f8\u8001\u603b\u3002\u25c7\u53ef\u4ee5\u8bf4\uff1amulte laboris\u3002<\/li>\n<\/ul>\n<p>\u5728multe\u524d\u9762\u66f4\u5e38\u7528tiom\uff0c\u56e0\u4e3amulte\u662f\u6570\u91cf\u8bcd\uff1aNun li estis ja ri\u0109a, havante <strong>tiom<\/strong> multe da mono.<sup>\u00a0 <\/sup>\u4ed6\u73b0\u5728\u53d1\u4e86\u8d22\uff0c\u6709\u7684\u662f\u94b1\u3002\u25c7\u6216\u8005&#8230;havante tiel multe da mono. \u6216\u8005&#8230;havante tiom da mono.<\/p>\n<p><strong>18.3.4 <\/strong><strong>\u201c<\/strong><strong>Tiom-kiom<\/strong><strong>\u98ce\u683c<\/strong><strong>\u201d<\/strong><\/p>\n<p>\u5f53\u4eba\u4eec\u60f3\u8981\u8fdb\u884c\u5f3a\u52bf\u5f3a\u8c03\u65f6\uff0ckiom\u548ctiom\uff08\u00a711\uff09\u6709\u65f6\u7528\u6765\u4ee3\u66ffkiel \u548ctiel \u8868\u793a\u7a0b\u5ea6\u3002\u8fd9\u662f\u5f88\u597d\u7684\u65b9\u5f0f\u3002\u4f46\u662f\uff0c\u67d0\u4e9b\u4e16\u754c\u8bed\u8005\u6709\u7cfb\u7edf\u5730\u53ea\u4f7f\u7528kiom\u548ctiom\u6765\u4ee3\u66ffkiel\u548ctiel\u8868\u793a\u7a0b\u5ea6\uff0c\u4f3c\u4e4e\u4ed6\u4eec\u603b\u662f\u5728\u5f3a\u8c03\uff0c\u4f8b\u5982\uff1a*Mi estas tiom forta, kiom vi.* \u8bf7\u6bd4\u8f83\u300a\u4e16\u754c\u8bed\u57fa\u7840\u300b\u4e2d\u7684\u53e5\u5b50\uff1aMi estas tiel forta, kiel vi.\u00a0 \u6211\u8ddf\u4f60\u4e00\u6837\u5f3a\u58ee\u3002\u8fd9\u79cd\u201ctiom-kiom\u98ce\u683c\u201d\u5bf9\u4e8e\u300a\u4e16\u754c\u8bed\u57fa\u7840\u300b\u548c\u67f4\u6c0f\u7528\u6cd5\u6765\u8bf4\u5b8c\u5168\u662f\u5916\u6765\u7684\u3002\u6b64\u5916\uff0ctiom-kiom\u98ce\u683c\u8005\u4e27\u5931\u4e86\u4f7f\u7528tiom\u548ckiom\u6765\u5f3a\u8c03\u7684\u53ef\u80fd\u3002<\/p>\n<p>&nbsp;<\/p>\n<p>\u4e2d\u56fd\u4e16\u754c\u8bed\u7f51\u7ad9\u7eff\u7f51<br \/>\nVerda Reto, la \u0109ina esperanta retejo<br \/>\n<a href=\"https:\/\/reto.cn\/\">https:\/\/reto.cn<\/a><\/p>\n<p><a href=\"https:\/\/reto.cn\/php\/hanyu\/detala-lernu-gramatiko\/\">\u8fd4\u56de\u4e16\u754c\u8bed\u8be6\u89e3\u8bed\u6cd5\u76ee\u5f55<\/a><\/p>\n","protected":false},"excerpt":{"rendered":"<p>\u4e16\u754c\u8bed\u8be6\u89e3\u8bed\u6cd5 \u7b2c18\u7ae0\u00a0 \u6570\u91cf\u8bcd \u6570\u91cf\u8bcd\u6709\u65f6\u4ee5\u7279\u522b\u7684\u65b9\u5f0f\u8fd0\u7528\u3002\u5e26\u6709\u6570\u91cf\u610f\u4e49\u7684\u8bcd\u53ef\u4ee5\u662f\u540d\u8bcd\uff08multo, ke\u2026 <span class=\"read-more\"><a href=\"https:\/\/reto.cn\/php\/hanyu\/gramatiko_de_esperanto\/detala-lernu-gramatiko\/kvantaj_vortoj\/\">\u7ee7\u7eed\u9605\u8bfb Legi pli &raquo;<\/a><\/span><\/p>\n","protected":false},"author":3,"featured_media":0,"parent":6989,"menu_order":0,"comment_status":"open","ping_status":"closed","template":"","meta":{"footnotes":""},"_links":{"self":[{"href":"https:\/\/reto.cn\/php\/hanyu\/wp-json\/wp\/v2\/pages\/7242"}],"collection":[{"href":"https:\/\/reto.cn\/php\/hanyu\/wp-json\/wp\/v2\/pages"}],"about":[{"href":"https:\/\/reto.cn\/php\/hanyu\/wp-json\/wp\/v2\/types\/page"}],"author":[{"embeddable":true,"href":"https:\/\/reto.cn\/php\/hanyu\/wp-json\/wp\/v2\/users\/3"}],"replies":[{"embeddable":true,"href":"https:\/\/reto.cn\/php\/hanyu\/wp-json\/wp\/v2\/comments?post=7242"}],"version-history":[{"count":0,"href":"https:\/\/reto.cn\/php\/hanyu\/wp-json\/wp\/v2\/pages\/7242\/revisions"}],"up":[{"embeddable":true,"href":"https:\/\/reto.cn\/php\/hanyu\/wp-json\/wp\/v2\/pages\/6989"}],"wp:attachment":[{"href":"https:\/\/reto.cn\/php\/hanyu\/wp-json\/wp\/v2\/media?parent=7242"}],"curies":[{"name":"wp","href":"https:\/\/api.w.org\/{rel}","templated":true}]}}