{"id":7299,"date":"2021-07-25T19:49:32","date_gmt":"2021-07-25T11:49:32","guid":{"rendered":"http:\/\/reto.cn\/php\/hanyu\/?page_id=7299"},"modified":"2022-02-16T12:45:45","modified_gmt":"2022-02-16T04:45:45","slug":"terminoj","status":"publish","type":"page","link":"https:\/\/reto.cn\/php\/hanyu\/gramatiko_de_esperanto\/detala-lernu-gramatiko\/terminoj\/","title":{"rendered":"\u4e16\u754c\u8bed\u8be6\u89e3\u8bed\u6cd5 \u8bed\u6cd5\u672f\u8bed\u8868"},"content":{"rendered":"<h3 class=\"entry-title\">\u4e16\u754c\u8bed\u8be6\u89e3\u8bed\u6cd5<\/h3>\n<h3 style=\"text-align: center;\">\u9644\u5f55\uff1a\u8bed\u6cd5\u672f\u8bed\u8868<\/h3>\n<p>\u3010\u8bf4\u660e\u3011\u672c\u8868\u662f\u8bd1\u8005\u5728\u7ffb\u8bd1\u672c\u4e66\u7684\u8fc7\u7a0b\u4e2d\u7f16\u5236\u7684\uff0c\u4ee5\u6c49\u4e16\u5bf9\u7167\u7684\u65b9\u5f0f\u6392\u5217\uff0c\u4e3a\u8bfb\u8005\u8fdb\u4e00\u6b65\u4e86\u89e3\u67d0\u4e2a\u672f\u8bed\u7684\u4e16\u754c\u8bed\u539f\u6587\u600e\u4e48\u8bf4\u63d0\u4f9b\u4fbf\u6377\u7684\u67e5\u9605\u65b9\u5f0f\u3002\u672c\u8868\u6240\u6536\u5185\u5bb9\u9664\u8bed\u6cd5\u672f\u8bed\u5916\uff0c\u8fd8\u5305\u542b\u8bed\u97f3\u672f\u8bed\u7b49\u3002<\/p>\n<p><strong>B <\/strong><\/p>\n<p>\u534a\u9650\u5b9a\u8bcdunu\u00a0\u00a0 duondifina <em>unu<\/em><\/p>\n<p>\u534a\u9650\u5b9a\u51a0\u8bcd\u00a0\u00a0 duondifina\u00a0artikolo<\/p>\n<p>\u534a\u5143\u97f3\u00a0\u00a0 duonvokalo<\/p>\n<p>\u7206\u7834\u97f3\u00a0\u00a0 plozivo<\/p>\n<p>\u88ab\u52a8\u5206\u8bcd\u00a0\u00a0 pasiva participo<\/p>\n<p>\u88ab\u52a8\u53e5\u00a0\u00a0 pasiva frazo<\/p>\n<p>\u88ab\u52a8\u6001\u00a0\u00a0 pasivo<\/p>\n<p>\u88ab\u52a8\u6001\u52a8\u8bcd\u00a0\u00a0 pasiva verbo<\/p>\n<p>\u9f3b\u97f3\u00a0\u00a0 nazalo<\/p>\n<p>\u6bd4\u8f83\u00a0\u00a0 kompar(ad)o<\/p>\n<p>\u6bd4\u8f83\u8bcd\u00a0\u00a0 kompara vorteto<\/p>\n<p>\u6bd4\u8f83\u7b49\u7ea7\u00a0\u00a0 gradoj de komparado<\/p>\n<p>\u6bd4\u8f83\u77ed\u8bed\u00a0\u00a0 kompara esprimo<\/p>\n<p>\u8fb9\u97f3\u00a0\u00a0 lateralo<\/p>\n<p>\u53d8\u97f3\u7b26\u00a0\u00a0 cirkumflekso<\/p>\n<p>\u8868\u793a\u5bbe\u8bed\u7684N\u8bcd\u5c3e\u00a0\u00a0 objekta N-fina\u0135o<\/p>\n<p>\u8868\u793a\u65b9\u5411\u7684N\u8bcd\u5c3e\u00a0\u00a0 direkta N-fina\u0135o<\/p>\n<p>\u8868\u793a\u547d\u4ee4\u7684\u610f\u613f\u5f0f\u00a0\u00a0 ordona volitivo<\/p>\n<p>\u8868\u793a\u4eba\u7684\u8bcd\u00a0\u00a0 homa vorto<\/p>\n<p>\u8868\u8bed\u00a0\u00a0 predikativo<\/p>\n<p>\u8868\u8bed\u52a8\u8bcd\u00a0\u00a0 predikativa verbo<\/p>\n<p>\u8868\u8bed\u5f62\u5bb9\u8bcd\u00a0 predikativa adjektivo<\/p>\n<p>\u8868\u8bed\u4fee\u9970\u8bed\u00a0\u00a0 predikativa priskribo<\/p>\n<p>\u5bbe\u683c\u00a0\u00a0 akuzativo<\/p>\n<p>\u5bbe\u8bed\u00a0\u00a0 objekto<\/p>\n<p>\u5bbe\u8bed\u7684\u8868\u8bed\u00a0\u00a0 objekta predikativo<\/p>\n<p>\u5bbe\u683c\u5bbe\u8bed\u00a0\u00a0 akuzativa objekto<\/p>\n<p>\u5bbe\u683c\uff08N\uff09\u8bcd\u5c3e\u00a0\u00a0 akuzativa (N-)fina\u0135o<\/p>\n<p>\u5bbe\u683c\u72b6\u8bed\u00a0 akuzativa adjekto; N-adjekto<\/p>\n<p>\u8865\u8db3\u8bed\u00a0\u00a0 suplemento<\/p>\n<p>\u8865\u8db3\u8bed\u4fee\u9970\u8bed\u00a0\u00a0 suplementa priskribo<\/p>\n<p>\u4e0d\u5b9a\u8bcd\u00a0\u00a0 nedifinita vorto<\/p>\n<p>\u4e0d\u5b9a\u4ee3\u8bcd\u00a0\u00a0 nedifinita pronomo<\/p>\n<p>\u4e0d\u5b9a\u51a0\u8bcd\u00a0\u00a0 nedifina artikolo<\/p>\n<p>\u4e0d\u5b9a\u5f0f\u00a0 infinitivo<\/p>\n<p>\u4e0d\u5b9a\u5f0f\u8bed\u5757\u00a0\u00a0 infinitiva frazeto<\/p>\n<p>\u4e0d\u53d1\u97f3\u5b57\u6bcd\u00a0\u00a0 silenta litero<\/p>\n<p>\u4e0d\u53ca\u7269\u52a8\u8bcd\u00a0\u00a0 netransitiva\u00a0verbo<\/p>\n<p>\u4e0d\u5b8c\u5168\u963b\u585e\u00a0\u00a0 nekompleta baro<\/p>\n<p><strong>C <\/strong><\/p>\n<p>\u98a4\u97f3\u00a0\u00a0 vibranto<\/p>\n<p>\u9648\u8ff0\u5f0f\u00a0\u00a0 indikativo<\/p>\n<p>\u79f0\u8c13\u4fee\u9970\u8bed\u00a0\u00a0 nominacia epiteto<\/p>\n<p>\u79f0\u8c13\u8bed\u00a0\u00a0 nominacio<\/p>\n<p>\u7a0b\u5ea6\u4ece\u53e5\u00a0\u00a0 grada subfrazo<\/p>\n<p>\u6301\u7eed\u65f6\u95f4\u72b6\u8bed\u00a0 tempoda\u016dra adjekto<\/p>\n<p>\u9f7f\u97f3\u00a0\u00a0 denta sono<\/p>\n<p>\u9f7f\u9f88\u97f3\u00a0\u00a0 gingiva sono<\/p>\n<p>\u62bd\u8c61\u540d\u8bcd\u00a0\u00a0 abstrakta substantivo<\/p>\n<p>\u5507\u9f7f\u97f3\u00a0\u00a0 lipdenta sono<\/p>\n<p>\u5507\u97f3\u00a0\u00a0 lipa sono<\/p>\n<p>\u8bcd\u00a0\u00a0 vorto<\/p>\n<p>\u8bcd\u8868\u8bcd\u00a0\u00a0 tabelvorto<\/p>\n<p>\u8bcd\u6bb5\u00a0\u00a0 vortostumpo<\/p>\n<p>\u8bcd\u6839\u00a0\u00a0 radiko<\/p>\n<p>\u8bcd\u6839\u524d\u7f6e\u5143\u7d20\u00a0\u00a0 radika anta\u016delemento<\/p>\n<p>\u8bcd\u7c7b\u00a0\u00a0 vortospeco<\/p>\n<p>\u8bcd\u7c7b\u8bcd\u5c3e\u00a0\u00a0 vortklasa fina\u0135o<\/p>\n<p>\u8bcd\u76ee\u00a0\u00a0 kapvorto<\/p>\n<p>\u8bcd\u7d20\u00a0\u00a0 vortelemento<\/p>\n<p>\u8bcd\u6761\u00a0\u00a0 artikolo<\/p>\n<p>\u8bcd\u5c3e\u00a0\u00a0 fina\u0135o<\/p>\n<p>\u8bcd\u5c3e\u8bcd\u00a0\u00a0 fina\u0135vorto<\/p>\n<p>\u8bcd\u5e8f\u00a0\u00a0 vortordo<\/p>\n<p>\u8bcd\u7f00\u00a0\u00a0 afikso<\/p>\n<p>\u8bcd\u7f00\u6027\u8bcd\u6839\u00a0\u00a0 afikseca radiko<\/p>\n<p>\u8bcd\u7f00\u6027\u4ecb\u8bcd\u00a0\u00a0 afikseca prepozicio<\/p>\n<p>\u8bcd\u7f00\u6027\u5c0f\u54c1\u8bcd\u00a0\u00a0 afikseca vorteto<\/p>\n<p>\u8bcd\u7f00\u6027\u5143\u7d20\u00a0\u00a0 afikseca elemento<\/p>\n<p>\u4ece\u53e5\u00a0\u00a0 subfrazo; -frazo<\/p>\n<p>\u4ece\u5c5e\u8fde\u8bcd\u00a0\u00a0 subjunkcio<\/p>\n<p><strong>D <\/strong><\/p>\n<p>\u5927\u5199\u5b57\u6bcd\u00a0\u00a0 majusklo<\/p>\n<p>\u4ee3\u8bcd\u00a0\u00a0 pronomo<\/p>\n<p>\u5e26\u4e3b\u8bed\u7684\u52a8\u8bcd\u00a0\u00a0 subjekta verbo<\/p>\n<p>\u5355\u6570\u00a0\u00a0 singularo<\/p>\n<p>\u5730\u70b9\u8bcd\u00a0\u00a0 loka vorto; loka vorteto<\/p>\n<p>\u5730\u70b9\u4ece\u53e5\u00a0\u00a0 loka subfrazo<\/p>\n<p>\u5730\u70b9\u77ed\u8bed\u00a0\u00a0 loka esprimo<\/p>\n<p>\u5730\u70b9\u526f\u8bcd\u00a0\u00a0 loka adverbo<\/p>\n<p>\u5730\u70b9\u4ecb\u8bcd\u00a0\u00a0 loka prepozicio<\/p>\n<p>\u5730\u70b9\u72b6\u8bed\u00a0\u00a0 loka adjekto<\/p>\n<p>\u7b2c\u4e8c\u4eba\u79f0\u00a0\u00a0 dua persono<\/p>\n<p>\u7b2c\u4e09\u4eba\u79f0\u00a0\u00a0 tria persono<\/p>\n<p>\u7b2c\u4e00\u4eba\u79f0\u00a0\u00a0 unua persono<\/p>\n<p>\u9876\u7b26\u00a0\u00a0 supersigno<\/p>\n<p>\u5b9a\u51a0\u8bcd\u00a0\u00a0 difina artikolo<\/p>\n<p>\u52a8\u8bcd\u00a0\u00a0 verbo<\/p>\n<p>\u52a8\u8bcd\u8bcd\u5c3e\u00a0\u00a0 verba fina\u0135o<\/p>\n<p>\u52a8\u8bcd\u5f62\u5f0f\u00a0\u00a0 verboformo<\/p>\n<p>\u52a8\u8bcd\uff08\u6027\uff09\u8bcd\u6839\u00a0\u00a0 verba \/ verbkaraktera radiko<\/p>\n<p>\u52a8\u7269\u8bcd\u00a0\u00a0 besta vorto<\/p>\n<p>\u52a8\u7269\u8bcd\u6839\u00a0\u00a0 besta radiko<\/p>\n<p>\u52a8\u4f5c\u8bcd\u00a0\u00a0 aga vorto<\/p>\n<p>\u52a8\u4f5c\u8bcd\u6839\u00a0\u00a0 aga radiko<\/p>\n<p>\u52a8\u4f5c\u540d\u8bcd\u00a0\u00a0 aga substantivo<\/p>\n<p>\u52a8\u4f5c\u5143\u7d20\u00a0\u00a0 aga elemento<\/p>\n<p>\u52a8\u4f5c\u7ec4\u5408\u8bcd\u00a0\u00a0 aga kombino<\/p>\n<p>\u9017\u53f7\u00a0\u00a0 komo<\/p>\n<p>\u72ec\u7acb\u4ecb\u8bcd\u00a0\u00a0 memstara prepozicio<\/p>\n<p>\u5ea6\u91cf\u00a0\u00a0 mezuro<\/p>\n<p>\u5ea6\u91cf\u4ece\u53e5\u00a0\u00a0 mezura subfrazo<\/p>\n<p>\u5ea6\u91cf\u72b6\u8bed\u00a0\u00a0 mezura adjekto<\/p>\n<p>\u8bed\u5757\u00a0\u00a0 frazeto<\/p>\n<p>\u8bed\u5757\u8bcd\u00a0\u00a0 frazetvorto<\/p>\n<p>\u8bed\u5757\uff08\u7684\uff09\u8bed\u8bcd\u5316\u00a0\u00a0 vortigo de frazeto; frazetvortigo<\/p>\n<p>\u77ed\u8bed\u00a0\u00a0 esprimo; frazparto<\/p>\n<p>\u591a\u8bcd\u8bcd\u7ec4\u00a0 plurvorta\u0135o<\/p>\n<p>\u591a\u4e49\u8bcd\u00a0\u00a0 plursignifa vorto<\/p>\n<p>\u591a\u4e49\u6027\u00a0\u00a0 plursignifeco<\/p>\n<p><strong>F <\/strong><\/p>\n<p>\u53d1\u97f3\u00a0\u00a0 elparolo<\/p>\n<p>\u53cd\u4e49\u8bcd\u00a0\u00a0 kontra\u016do<\/p>\n<p>\u65b9\u5f0f\u4ece\u53e5\u00a0\u00a0 maniera subfrazo<\/p>\n<p>\u65b9\u5f0f\u72b6\u8bed\u00a0 maniera adjekto<\/p>\n<p>\u65b9\u5411\u4ecb\u8bcd\u00a0\u00a0 direkta prepozicio<\/p>\n<p>\u975e\u52a8\u4f5c\u8bcd\u6839\u00a0\u00a0 ne-aga radiko<\/p>\n<p>\u975e\u5e73\u7ea7\u6bd4\u8f83\u00a0\u00a0 malegaleca komparo<\/p>\n<p>\u5206\u8bcd\u00a0\u00a0 participo<\/p>\n<p>\u5206\u8bcd\u7684\u52a8\u8bcd\u5316\u00a0\u00a0 verbigo de la participo<\/p>\n<p>\u5206\u8bcd\u540e\u7f00\u00a0 participa sufikso<\/p>\n<p>\u5206\u8bcd\u5f62\u5f0f\u00a0\u00a0 participa formo<\/p>\n<p>\u5206\u8bcd\u4fee\u9970\u8bed\u00a0\u00a0 participa epiteto<\/p>\n<p>\u5206\u9694\u7b26\u00a0\u00a0 dividostreko<\/p>\n<p>\u2026\u98ce\u683c\u00a0\u00a0 -ismo<\/p>\n<p>\u5426\u5b9a\u00a0\u00a0 negacio<\/p>\n<p>\u5426\u5b9a\u8bcd\u00a0\u00a0 nea vorto; negacio<\/p>\n<p>\u5426\u5b9a\u56de\u7b54\u00a0\u00a0 negativa respondo<\/p>\n<p>\u5426\u5b9a\u56de\u7b54\u53e5\u00a0\u00a0 negativa respondfrazo<\/p>\n<p>\u5426\u5b9a\u53e5\u00a0\u00a0 negativa frazo<\/p>\n<p>\u5426\u5b9a\u7591\u95ee\u53e5\u00a0\u00a0 nea \/ negativa demando<\/p>\n<p>\u8f85\u97f3\u00a0\u00a0 konsonanto<\/p>\n<p>\u8f85\u97f3\u97f3\u53d8\u00a0\u00a0 konsonanta\u00a0variado<\/p>\n<p>\u8f85\u52a9\u8bcdtio\u00a0\u00a0 helpa <em>tio<\/em><\/p>\n<p>\u526f\u8bcd\u00a0 adverbo<\/p>\n<p>\u526f\u8bcd\u8bcd\u5c3e\u00a0\u00a0 adverba fina\u0135o<\/p>\n<p>\u526f\u8bcd\u7684\u4fee\u9970\u8bed\u00a0\u00a0 epiteto de adverbo<\/p>\n<p>\u526f\u8bcd\u77ed\u8bed\u00a0\u00a0 adverba frazparto<\/p>\n<p>\u526f\u8bcd\u5206\u8bcd\u00a0\u00a0 adverba participo; E-participo<\/p>\n<p>\u526f\u8bcd\u6027\u6570\u8bcd\u00a0\u00a0 adverba nombrovorto<\/p>\n<p>\u526f\u8bcd\u6027\u5c0f\u54c1\u8bcd\u00a0 adverbeca vorteto<\/p>\n<p>\u526f\u8bcd\u6027\u5c0f\u54c1\u8bcd\u7684\u4fee\u9970\u8bed\u00a0\u00a0 epiteto de adverbeca vorteto<\/p>\n<p>\u526f\u8bcd\u72b6\u8bed\u00a0 adverba adjekto<\/p>\n<p>\u590d\u6570\u00a0\u00a0 pluralo<\/p>\n<p><strong>G <\/strong><\/p>\n<p>\u611f\u53f9\u8bcd\u00a0\u00a0 interjekcio; ekkria vorto<\/p>\n<p>\u5de5\u5177\u72b6\u8bed\u00a0\u00a0 ila adjekto<\/p>\n<p>\u94a9\u7b26\u00a0\u00a0 hoketo<\/p>\n<p>\u6784\u8bcd\u6cd5\u00a0\u00a0 vortfarado<\/p>\n<p>\u56fa\u5b9a\u77ed\u8bed\u00a0\u00a0 fiksita esprimo<\/p>\n<p>\u51a0\u8bcd\u00a0\u00a0 artikolo<\/p>\n<p>\u5173\u8054\u8bcd\u00a0\u00a0 kombinita vorteto<\/p>\n<p>\u5173\u7cfb\u8bcd\u00a0\u00a0 rilata vorto<\/p>\n<p>\u5173\u7cfb\u4ece\u53e5\u00a0\u00a0 rilata subfrazo<\/p>\n<p>\u56fd\u9645\u97f3\u6807\u00a0\u00a0 IFA = Internacia Fonetika Alfabeto<\/p>\n<p>\u8fc7\u53bb\u65f6\u00a0\u00a0 preterito; IS-tempo<\/p>\n<p><strong>H <\/strong><\/p>\n<p>\u5408\u6210\u8bcd\u00a0\u00a0 kunmetita vorto; kunmeta\u0135o<\/p>\n<p>\u5408\u6210\u7684\u52a8\u8bcd\u5f62\u5f0f\u00a0\u00a0 kunmetita (verbo)formo<\/p>\n<p>\u5408\u6210\uff08\u6cd5\uff09\u00a0\u00a0 kunmetado<\/p>\n<p>\u5408\u6210\u53e5\u00a0\u00a0 kunmetita frazo<\/p>\n<p>\u5589\u97f3\u00a0\u00a0 glota sono<\/p>\n<p>\u540e\u7f6e\u8865\u8db3\u8bed\u00a0\u00a0 postmetita suplemento<\/p>\n<p>\u540e\u7f6e\u5143\u7d20\u00a0\u00a0 posta elemento<\/p>\n<p>\u540e\u7f00\u00a0\u00a0 sufikso; postafikso<\/p>\n<p>\u547c\u8bed\u00a0\u00a0 vokativo<\/p>\n<p>\u56de\u7b54\u4ece\u53e5\u00a0\u00a0 responda subfrazo<\/p>\n<p>\u56de\u7b54\u53e5\u00a0\u00a0 responda frazo<\/p>\n<p>\u56de\u7b54\u7528\u8bcd\u00a0\u00a0 respondvorto<\/p>\n<p><strong>J <\/strong><\/p>\n<p>\u57fa\u7840\u8bcd\u00a0\u00a0 baza vorto<\/p>\n<p>\u57fa\u6570\u8bcd\u00a0\u00a0 ordinara numeralo<\/p>\n<p>\u53ca\u7269\u52a8\u8bcd\u00a0\u00a0 transitiva\u00a0verbo<\/p>\n<p>\u5047\u5b9a\u5f0f\u00a0\u00a0 kondicionalo<\/p>\n<p>\u7b80\u5355\u52a8\u8bcd\u00a0\u00a0 simpla verbo<\/p>\n<p>\u5c06\u6765\u65f6\u00a0\u00a0 futuro; OS-tempo<\/p>\n<p>\u95f4\u63a5\u5bbe\u8bed\u00a0\u00a0 nerekta objekto<\/p>\n<p>\u95f4\u63a5\u5f15\u8bed\u00a0\u00a0 nerekta parolo<\/p>\n<p>\u622a\u65ad\u90e8\u5206\u00a0\u00a0 vortostumpo<\/p>\n<p>\u4ecb\u8bcd\u00a0\u00a0 prepozicio<\/p>\n<p>\u4ecb\u8bcd\u72b6\u8bed\u00a0\u00a0 prepozicia adjekto<\/p>\n<p>\u5c40\u90e8\u5426\u5b9a\u00a0\u00a0 parta negacio<\/p>\n<p>\u53e5\u6210\u5206\u00a0\u00a0 frazparto<\/p>\n<p>\u53e5\u7ed3\u6784\u00a0\u00a0 fraz(o)konstruo<\/p>\n<p>\u53e5\u8f6c\u6362\u00a0\u00a0 frazturno<\/p>\n<p>\u53e5\u4f5c\u7528\u00a0\u00a0 frazrolo<\/p>\n<p>\u53e5\u5b50\u00a0\u00a0 frazo<\/p>\n<p><strong>K <\/strong><\/p>\n<p>\u80af\u5b9a\u56de\u7b54\u00a0\u00a0 pozitiva respondo<\/p>\n<p>\u80af\u5b9a\u56de\u7b54\u53e5\u00a0\u00a0 pozitiva respondfrazo<\/p>\n<p>\u80af\u5b9a\u53e5\u00a0\u00a0 pozitiva frazo<\/p>\n<p>\u80af\u5b9a\u7591\u95ee\u53e5\u00a0\u00a0 pozitiva demando<\/p>\n<p><strong>L <\/strong><\/p>\n<p>\u793c\u8c8c\u7528\u8bed\u00a0\u00a0 \u011dentila esprimo<\/p>\n<p>\u8fde\u8bcd\u00a0\u00a0 konjunkcio; kunligilo<\/p>\n<p>\u8fde\u5199\u00a0\u00a0 kunskribo<\/p>\n<p>\u8fde\u7f00\u00a0\u00a0 sinsekvo<\/p>\n<p><strong>M <\/strong><\/p>\n<p>\u5192\u53f7\u00a0\u00a0 dupunkto<\/p>\n<p>\u201c\u5e3d\u5b50\u201d\u00a0\u00a0 \u0109apelo<\/p>\n<p>\u6c11\u65cf\u8bed\u7684\u5f71\u54cd\u00a0\u00a0 nacilingva influo<\/p>\n<p>\u540d\u8bcd\u00a0\u00a0 substantivo<\/p>\n<p>\u540d\u8bcd\u8bcd\u5c3e\u00a0\u00a0 substantiva fina\u0135o<\/p>\n<p>\u540d\u8bcd\u77ed\u8bed\u00a0\u00a0 substantiva frazparto<\/p>\n<p>\u540d\u8bcd\u5206\u8bcd\u00a0 substantiva participo; O-participo<\/p>\n<p>\u540d\u8bcd\uff08\u6027\uff09\u8bcd\u6839\u00a0\u00a0 substantiva \/ substantivkaraktera radiko<\/p>\n<p>\u540d\u8bcd\u6027\u77ed\u8bed\u00a0\u00a0 substanceca esprimo<\/p>\n<p>\u540d\u8bcd\u6027\u53e5\u6210\u5206\u00a0\u00a0 substantiva frazparto<\/p>\n<p>\u540d\u8bcd\u6027\u6570\u8bcd\u00a0\u00a0 substantiva\u00a0nombrovorto<\/p>\n<p>\u540d\u8bcd\u6027\u5c0f\u54c1\u8bcd\u00a0\u00a0 substantiveca vorteto<\/p>\n<p>\u540d\u8bcd\u6027\u5f62\u5bb9\u8bcd\u00a0 substantiveca adjektivo<\/p>\n<p>\u547d\u4ee4\u5f0f\u00a0\u00a0 imperativo<\/p>\n<p>\u6469\u64e6\u97f3\u00a0\u00a0 frikativo<\/p>\n<p>\u6a21\u7cca\u7684L\u97f3\u00a0\u00a0 malhela L<\/p>\n<p><strong>P <\/strong><\/p>\n<p>\u5e73\u7ea7\u6bd4\u8f83\u00a0\u00a0 egaleca komparo<\/p>\n<p>\u8bc4\u6ce8\u6027\u540c\u4f4d\u8bed\u00a0\u00a0 komenta apozicio<\/p>\n<p>\u666e\u901a\u8bcd\u6839\u00a0\u00a0 ordinara radiko<\/p>\n<p>\u666e\u901a\u540d\u8bcd\u00a0\u00a0 ordinara substantivo<\/p>\n<p>\u666e\u901a\u5f62\u5bb9\u8bcd\u00a0 ordinara adjektivo<\/p>\n<p><strong>Q <\/strong><\/p>\n<p>\u524d\u7f6e\u00a0\u00a0 anta\u016dmetado<\/p>\n<p>\u524d\u7f00\u00a0\u00a0 prefikso; anta\u016dafikso<\/p>\n<p>\u524d\u7f00\u6027\u4ecb\u8bcd\u00a0\u00a0 prefikseca prepozicio<\/p>\n<p>\u5f3a\u8c03\u6027\u53e5\u8f6c\u6362\u00a0\u00a0 emfaza frazturno<\/p>\n<p>\u5f3a\u52bf\u56de\u7b54\u00a0\u00a0 emfaza respondo<\/p>\n<p>\u4eb2\u5c5e\u8bcd\u00a0\u00a0 parencovorto<\/p>\n<p>\u6e05\u8f85\u97f3\u00a0\u00a0 senvo\u0109a\u00a0konsonanto<\/p>\n<p>\u6e05\u6670\u7684L\u97f3\u00a0\u00a0 hela L<\/p>\n<p>\u5168\u5305\u8bcd\u00a0\u00a0 tutampleksa vorto<\/p>\n<p><strong>R <\/strong><\/p>\n<p>\u4eba\u79f0\u00a0\u00a0 persono<\/p>\n<p>\u4eba\u79f0\u4ee3\u8bcd\u00a0\u00a0 persona pronomo<\/p>\n<p>\u8f6f\u816d\u97f3\u00a0\u00a0 vela sono<\/p>\n<p><strong>S <\/strong><\/p>\n<p>\u585e\u64e6\u97f3\u00a0 afrikato<\/p>\n<p>\u7701\u97f3\u7b26\u00a0\u00a0 apostrofo<\/p>\n<p>\u65f6\u95f4\u8bcd\u00a0\u00a0 tempa vorto; tempovorto; tempa vorteto<\/p>\n<p>\u65f6\u95f4\u4ece\u53e5\u00a0\u00a0 tempa subfrazo<\/p>\n<p>\u65f6\u95f4\u7684\u6301\u7eed\u00a0\u00a0 tempoda\u016dro<\/p>\n<p>\u65f6\u95f4\u70b9\u00a0\u00a0 tempopunkto<\/p>\n<p>\u65f6\u95f4\u5ea6\u91cf\u00a0\u00a0 tempa mezuro<\/p>\n<p>\u65f6\u95f4\u77ed\u8bed\u00a0\u00a0 tempa esprimo<\/p>\n<p>\u65f6\u95f4\u6bb5\u00a0\u00a0 tempoperiodo<\/p>\n<p>\u65f6\u95f4\u526f\u8bcd\u00a0 tempa adverbo<\/p>\n<p>\u65f6\u95f4\u4ecb\u8bcd\u00a0\u00a0 tempa prepozicio<\/p>\n<p>\u65f6\u95f4\u72b6\u8bed\u00a0\u00a0 tempa adjekto<\/p>\n<p>\u65f6\u6001\u00a0\u00a0 tempo<\/p>\n<p>\u65f6\u6001\u98ce\u683c\u00a0\u00a0 tempismo<\/p>\n<p>\u5f0f\u00a0\u00a0 modo<\/p>\n<p>\u4e8b\u7269\u8bcd\u6839\u00a0\u00a0 afera radiko<\/p>\n<p>\u9996\u90e8\u00a0\u00a0 anta\u016dparto<\/p>\n<p>\u4e66\u5199\u00a0\u00a0 skribo<\/p>\n<p>\u5c5e\u6709\u8865\u8db3\u8bed\u00a0\u00a0 poseda suplemento<\/p>\n<p>\u6570\u00a0\u00a0 nombro<\/p>\n<p>\u6570\u8bcd\u00a0\u00a0 numeralo; nombrovorto<\/p>\n<p>\u6570\u91cf\u8bcd\u00a0\u00a0 kvanta vorto<\/p>\n<p>\u6570\u91cf\u4ece\u53e5\u00a0\u00a0 kvanta subfrazo<\/p>\n<p>\u6570\u91cf\u77ed\u8bed\u00a0\u00a0 kvanta esprimo; kvantesprimo<\/p>\n<p>\u6570\u91cf\u526f\u8bcd\u00a0\u00a0 kvanta adverbo<\/p>\n<p>\u6570\u91cf\u540d\u8bcd\u00a0\u00a0 kvanta substantivo<\/p>\n<p>\u6570\u91cf\u5f62\u5bb9\u8bcd\u00a0\u00a0 kvanta adjektivo<\/p>\n<p>\u6570\u91cf\u72b6\u8bed\u00a0 kvanta adjekto<\/p>\n<p>\u6570\u76ee\u77ed\u8bed\u00a0\u00a0 nombra esprimo<\/p>\n<p>\u6570\u76ee\u4fee\u9970\u8bed\u00a0\u00a0 nombra epiteto<\/p>\n<p>\u53cc\u91cd\u5426\u5b9a\u00a0\u00a0 duobla negacio<\/p>\n<p>\u53cc\u8bcd\u8bcd\u7ec4\u00a0\u00a0 duvorta\u0135o<\/p>\n<p>\u987a\u5e8f\u77ed\u8bed\u00a0\u00a0 vicorda esprimo<\/p>\n<p>\u987a\u5e8f\u5f62\u5bb9\u8bcd\u00a0 vicorda adjektivo<\/p>\n<p>\u8bf4\u660e\u6027\u77ed\u8bed\u00a0\u00a0 klariga esprimo<\/p>\n<p>\u8bf4\u660e\u6027\u540c\u4f4d\u8bed\u00a0\u00a0 klariga apozicio<\/p>\n<p>\u9001\u6c14\uff08\u97f3\uff09\u00a0\u00a0 aspiracio<\/p>\n<p>\u7f29\u7565\u4ece\u53e5\u00a0\u00a0 mallongigita subfrazo<\/p>\n<p>\u7f29\u7565\u53e5\u00a0\u00a0 mallongigita frazo<\/p>\n<p><strong>T <\/strong><\/p>\n<p>\u7279\u6307\u6027\u524d\u7f6e\u5143\u7d20\u00a0\u00a0 preciziga anta\u016delemento<\/p>\n<p>\u4f53\u98ce\u683c\u00a0\u00a0 aspektismo<\/p>\n<p>\u6761\u4ef6\u72b6\u8bed\u00a0\u00a0 kondi\u0109a adjekto<\/p>\n<p>\u540c\u65f6\u6027\u00a0\u00a0 samtempeco<\/p>\n<p>\u540c\u4f4d\u8bed\u00a0\u00a0 apozicio<\/p>\n<p><strong>W <\/strong><\/p>\n<p>\u5b8c\u5168\u963b\u585e\u00a0\u00a0 kompleta baro<\/p>\n<p>\u5b8c\u6574\u53e5\u00a0\u00a0 plena frazo<\/p>\n<p>\u5c3e\u90e8\u00a0\u00a0 postparto<\/p>\n<p>\u8c13\u8bed\u00a0\u00a0 predikato<\/p>\n<p>\u8c13\u8bed\u52a8\u8bcd\u00a0\u00a0 predikata verbo<\/p>\n<p>\u8c13\u8bed\u6027\u6210\u5206\u00a0\u00a0 predikativo<\/p>\n<p>\u65e0\u4e3b\u8bed\u52a8\u8bcd\u00a0\u00a0 sensubjekta verbo<\/p>\n<p>\u7269\u4e3b\u4ee3\u8bcd\u00a0\u00a0 poseda\u00a0pronomo<\/p>\n<p><strong>X <\/strong><\/p>\n<p>\u8854\u63a5\u6027\u8bcd\u5c3e\u00a0\u00a0 interliga fina\u0135o; ligfina\u0135o<\/p>\n<p>\u8854\u63a5\u6027E\u8bcd\u5c3e\u00a0\u00a0 liga E-fina\u0135o<\/p>\n<p>\u8854\u63a5\u6027O\u8bcd\u5c3e\u00a0\u00a0 interliga O-fina\u0135o<\/p>\n<p>\u8854\u63a5\u5143\u7d20\u00a0\u00a0 ligo<\/p>\n<p>\u9650\u5b9a\u8bcd\u00a0\u00a0 difinilo<\/p>\n<p>\u9650\u5b9a\u52a8\u8bcd\u00a0\u00a0 finitiva verbo<\/p>\n<p>\u9650\u5b9a\u5f0f\u00a0\u00a0 finitivo<\/p>\n<p>\u73b0\u5728\u65f6\u00a0\u00a0 prezenco; AS-tempo<\/p>\n<p>\u76f8\u4f3c\u6bd4\u8f83\u00a0\u00a0 simileca komparo<\/p>\n<p>\u5c0f\u54c1\u8bcd\u00a0\u00a0 vorteto<\/p>\n<p>\u5c0f\u54c1\u8bcd\u524d\u7f6e\u5143\u7d20\u00a0\u00a0 vorteta anta\u016delemento<\/p>\n<p>\u5c0f\u6570\u70b9\u00a0\u00a0 komo<\/p>\n<p>\u5c0f\u5199\u5b57\u6bcd\u00a0\u00a0 minusklo<\/p>\n<p>\u5f62\u5bb9\u8bcd\u00a0 adjektivo<\/p>\n<p>\u5f62\u5bb9\u8bcd\u8868\u8bed\u00a0\u00a0 adjektiva predikativo<\/p>\n<p>\u5f62\u5bb9\u8bcd\u8bcd\u5c3e\u00a0\u00a0 adjektiva fina\u0135o<\/p>\n<p>\u5f62\u5bb9\u8bcd\u7684\u4fee\u9970\u8bed\u00a0\u00a0 epiteto de adjektivo<\/p>\n<p>\u5f62\u5bb9\u8bcd\u5206\u8bcd\u00a0\u00a0 adjektiva participo; A-participo<\/p>\n<p>\u5f62\u5bb9\u8bcd\uff08\u6027\uff09\u8bcd\u6839\u00a0\u00a0 adjektiva \/ adjektivkaraktera radiko<\/p>\n<p>\u5f62\u5bb9\u8bcd\u6027\u6570\u8bcd\u00a0\u00a0 adjektiva nombrovorto<\/p>\n<p>\u5f62\u5bb9\u8bcd\u6027\u5c0f\u54c1\u8bcd\u00a0\u00a0 adjektiveca vorteto<\/p>\n<p>\u5f62\u5bb9\u8bcd\u4fee\u9970\u8bed\u00a0\u00a0 adjektiva epiteto<\/p>\n<p>\u6027\u8d28\u8bcd\u6839\u00a0\u00a0 eca radiko<\/p>\n<p>\u6027\u8d28\u4ece\u53e5\u00a0\u00a0 eca subfrazo<\/p>\n<p>\u4fee\u9970\u6027\u8bcd\u5c3e\u00a0\u00a0 priskriba fina\u0135o<\/p>\n<p>\u4fee\u9970\u6027\u52a8\u8bcd\u00a0\u00a0 priskriba verbo<\/p>\n<p>\u4fee\u9970\u6027\u5f62\u5bb9\u8bcd\u00a0 epiteta adjektivo<\/p>\n<p>\u4fee\u9970\u8bed\u00a0\u00a0 epiteto; priskribo<\/p>\n<p>\u865a\u62df\u6bd4\u8f83\u00a0\u00a0 fantazia komparo<\/p>\n<p>\u5e8f\u6570\u8bcd\u00a0\u00a0 orda numeralo; vicorda\u00a0nombrovorto<\/p>\n<p>\u9009\u62e9\u7591\u95ee\u53e5\u00a0\u00a0 alternativdemando<\/p>\n<p><strong>Y <\/strong><\/p>\n<p>\u79fb\u52a8\u8bcd\u00a0\u00a0 mova vorto; mova vorteto<\/p>\n<p>\u79fb\u52a8\u52a8\u8bcd\u00a0\u00a0 mova verbo<\/p>\n<p>\u201c\u79fb\u5411\u201d\u4f5c\u7528\u6807\u5fd7\u00a0\u00a0 almova rolmontrilo<\/p>\n<p>\u201c\u79fb\u8d70\u201d\u4ecb\u8bcd\u00a0\u00a0 demova prepozicio<\/p>\n<p>\u7591\u95ee\u8bcd\u00a0\u00a0 demand(o)vorto<\/p>\n<p>\u7591\u95ee\u4ece\u53e5\u00a0\u00a0 demanda subfrazo<\/p>\n<p>\u7591\u95ee\u77ed\u8bed\u00a0\u00a0 demandesprimo<\/p>\n<p>\u7591\u95ee\u53e5\u00a0\u00a0 demando; demanda frazo<\/p>\n<p>\u610f\u4e49\u5bbe\u8bed\u00a0\u00a0 senca objekto<\/p>\n<p>\u610f\u4e49\u7ec6\u5316\u8bcd\u00a0\u00a0 nuancilo<\/p>\n<p>\u610f\u4e49\u4e3b\u8bed\u00a0\u00a0 senca subjekto<\/p>\n<p>\u610f\u613f\u5f0f\u00a0\u00a0 volitivo<\/p>\n<p>\u97f3\u53d8\u00a0\u00a0 variado<\/p>\n<p>\u5f15\u5bfc\u8bcd\u00a0\u00a0 enkonduka vorteto<\/p>\n<p>\u5f15\u5bfc\u8bcdke\u00a0\u00a0 enkonduka <em>ke<\/em><\/p>\n<p>\u5f15\u53f7\u00a0\u00a0 citiloj<\/p>\n<p>\u5f15\u8bed\u00a0\u00a0 parolo<\/p>\n<p>\u7528\u7701\u97f3\u7b26\u66ff\u6362\u00a0\u00a0 apostrofi<\/p>\n<p>\u7528\u8bed\u00a0\u00a0 esprimo<\/p>\n<p>\u4e0e\u683c\u5bbe\u8bed\u00a0\u00a0 dativa objekto<\/p>\n<p>\u8bed\u6cd5\u4e3b\u8bed\u00a0\u00a0 gramatika subjekto<\/p>\n<p>\u8bed\u6001\u00a0\u00a0 vo\u0109o<\/p>\n<p>\u8bed\u8a00\u5143\u7d20\u00a0\u00a0 lingvoelemento<\/p>\n<p>\u5143\u7d20\u00a0\u00a0 elemento<\/p>\n<p>\u5143\u97f3\u00a0\u00a0 vokalo<\/p>\n<p>\u5143\u97f3\u97f3\u53d8\u00a0\u00a0 vokala variado<\/p>\n<p><strong>Z <\/strong><\/p>\n<p>\u76f4\u63a5\u5bbe\u8bed\u00a0\u00a0 rekta objekto<\/p>\n<p>\u76f4\u63a5\u5f15\u8bed\u00a0\u00a0 rekta parolo<\/p>\n<p>\u6307\u793a\u8bcd\u00a0\u00a0 montrovorto<\/p>\n<p>\u949f\u70b9\u7528\u8bed\u00a0\u00a0 horesprimo<\/p>\n<p>\u4e2d\u5fc3\u8bcd\u00a0\u00a0 \u0109efvorto<\/p>\n<p>\u4e2d\u6027\u8bcd\u00a0\u00a0 (sekse) ne\u016dtra vorto<\/p>\n<p>\u91cd\u97f3\u00a0 akcento<\/p>\n<p>\u4e3b\u52a8\u5206\u8bcd\u00a0\u00a0 aktiva participo<\/p>\n<p>\u4e3b\u52a8\u6001\u00a0\u00a0 aktivo<\/p>\n<p>\u4e3b\u683c\u00a0\u00a0 nominativo<\/p>\n<p>\u4e3b\u53e5\u00a0\u00a0 \u0109effrazo<\/p>\n<p>\u4e3b\u53e5\u52a8\u8bcd\u00a0\u00a0 \u0109effraza verbo<\/p>\n<p>\u4e3b\u8981\u52a8\u8bcd\u00a0\u00a0 \u0109efverbo<\/p>\n<p>\u4e3b\u8981\u5143\u7d20\u00a0\u00a0 \u0109efelemento<\/p>\n<p>\u4e3b\u8bed\u00a0\u00a0 subjekto<\/p>\n<p>\u4e3b\u8bed\u7684\u8868\u8bed\u00a0\u00a0 subjekta predikativo<\/p>\n<p>\u52a9\u52a8\u8bcd\u00a0\u00a0 helpverbo<\/p>\n<p>\u4e13\u6709\u540d\u79f0\u00a0\u00a0 propra nomo<\/p>\n<p>\u72b6\u6001\u8bcd\u6839\u00a0\u00a0 stata radiko<\/p>\n<p>\u72b6\u8bed\u00a0 adjekto<\/p>\n<p>\u6d4a\u8f85\u97f3\u00a0\u00a0 vo\u0109a\u00a0konsonanto<\/p>\n<p>\u5b57\u6bcd\u00a0\u00a0 litero<\/p>\n<p>\u5b57\u6bcd\u8868\u00a0\u00a0 alfabeto<\/p>\n<p>\u7ec4\u5408\u8bcd\u00a0\u00a0 kombino<\/p>\n<p>\u963b\u585e\u00a0\u00a0 baro<\/p>\n<p>\u4f5c\u7528\u6807\u5fd7\u00a0\u00a0 rolmontrilo<\/p>\n<p>\u4f5c\u7528\u8bcd\u5c3eN\u00a0\u00a0 rolfina\u0135o -N<\/p>\n<p><strong>Ceteraj <\/strong><\/p>\n<p>A\u5c3e\u8bcd\u8868\u8bcd\u00a0\u00a0 tabelvorto je A; A-vorto\uff3b\u4f59\u7c7b\u63a8\uff3d<\/p>\n<p>AT\u98ce\u683c\u00a0\u00a0 atismo<\/p>\n<p>\u0108I\u9996\uff08\u8bcd\u8868\uff09\u8bcd\u00a0\u00a0 \u0108I-vorto; tabelvorto je \u0108I\uff3b\u4f59\u7c7b\u63a8\uff3d<\/p>\n<p>\u0109u\u7591\u95ee\u53e5\u00a0\u00a0 <em>\u0109u<\/em>-demando<\/p>\n<p>H\u4e66\u5199\u6cd5\u00a0\u00a0 H-skribo<\/p>\n<p>IG\u52a8\u8bcd\u00a0\u00a0 IG-verbo<\/p>\n<p>I\u011c\u52a8\u8bcd\u00a0\u00a0 I\u011c-verbo<\/p>\n<p>IT\u98ce\u683c\u00a0\u00a0 itismo<\/p>\n<p>KI\u7591\u95ee\u53e5\u00a0\u00a0 KI-demando<\/p>\n<p>tiom-kiom\u98ce\u683c<em>\u00a0\u00a0 tiom-kiom<\/em>-ism<\/p>\n<p>\u3010\u8bf4\u660e\u3011\u53e6\u6709A-fina\u0135o, E-fina\u0135o, AS-fina\u0135o, O-participo, ONT-participo, <em>da<\/em>-esprimo, <em>kiel<\/em>-esprimo, <em>pri<\/em>-adjekto, loka <em>sub<\/em>-adjekto, <em>ke<\/em>-frazo, <em>kiel<\/em>-frazo, AS-tempo, US-verbo, BO-vorto, IT-formo, U-formo\u7b49\u4e34\u65f6\u7528\u8bed\uff0c\u5b83\u4eec\u968f\u673a\u6784\u6210\uff0c\u975e\u5e38\u4fbf\u4e8e\u7406\u89e3\uff0c\u672c\u4e66\u57fa\u672c\u7167\u539f\u6837\u8bd1\u51fa\u3002\u672c\u8868\u4e2d\u4e0d\u518d\u9010\u4e00\u5217\u51fa\u3002<\/p>\n<p>&nbsp;<\/p>\n<p>\u4e2d\u56fd\u4e16\u754c\u8bed\u7f51\u7ad9\u7eff\u7f51<br \/>\nVerda Reto, la \u0109ina esperanta retejo<br \/>\n<a href=\"https:\/\/reto.cn\/\">https:\/\/reto.cn<\/a><\/p>\n<p><a href=\"https:\/\/reto.cn\/php\/hanyu\/detala-lernu-gramatiko\/\">\u8fd4\u56de\u4e16\u754c\u8bed\u8be6\u89e3\u8bed\u6cd5\u76ee\u5f55<\/a><\/p>\n","protected":false},"excerpt":{"rendered":"<p>\u4e16\u754c\u8bed\u8be6\u89e3\u8bed\u6cd5 \u9644\u5f55\uff1a\u8bed\u6cd5\u672f\u8bed\u8868 \u3010\u8bf4\u660e\u3011\u672c\u8868\u662f\u8bd1\u8005\u5728\u7ffb\u8bd1\u672c\u4e66\u7684\u8fc7\u7a0b\u4e2d\u7f16\u5236\u7684\uff0c\u4ee5\u6c49\u4e16\u5bf9\u7167\u7684\u65b9\u5f0f\u6392\u5217\uff0c\u4e3a\u8bfb\u8005\u8fdb\u4e00\u2026 <span class=\"read-more\"><a href=\"https:\/\/reto.cn\/php\/hanyu\/gramatiko_de_esperanto\/detala-lernu-gramatiko\/terminoj\/\">\u7ee7\u7eed\u9605\u8bfb Legi pli &raquo;<\/a><\/span><\/p>\n","protected":false},"author":3,"featured_media":0,"parent":6989,"menu_order":0,"comment_status":"open","ping_status":"closed","template":"","meta":{"footnotes":""},"_links":{"self":[{"href":"https:\/\/reto.cn\/php\/hanyu\/wp-json\/wp\/v2\/pages\/7299"}],"collection":[{"href":"https:\/\/reto.cn\/php\/hanyu\/wp-json\/wp\/v2\/pages"}],"about":[{"href":"https:\/\/reto.cn\/php\/hanyu\/wp-json\/wp\/v2\/types\/page"}],"author":[{"embeddable":true,"href":"https:\/\/reto.cn\/php\/hanyu\/wp-json\/wp\/v2\/users\/3"}],"replies":[{"embeddable":true,"href":"https:\/\/reto.cn\/php\/hanyu\/wp-json\/wp\/v2\/comments?post=7299"}],"version-history":[{"count":0,"href":"https:\/\/reto.cn\/php\/hanyu\/wp-json\/wp\/v2\/pages\/7299\/revisions"}],"up":[{"embeddable":true,"href":"https:\/\/reto.cn\/php\/hanyu\/wp-json\/wp\/v2\/pages\/6989"}],"wp:attachment":[{"href":"https:\/\/reto.cn\/php\/hanyu\/wp-json\/wp\/v2\/media?parent=7299"}],"curies":[{"name":"wp","href":"https:\/\/api.w.org\/{rel}","templated":true}]}}