{"id":751,"date":"2015-05-31T21:22:45","date_gmt":"2015-05-31T13:22:45","guid":{"rendered":"http:\/\/reto.cn\/php\/blog\/wordpress\/?page_id=751"},"modified":"2022-04-17T18:16:41","modified_gmt":"2022-04-17T10:16:41","slug":"konciza_kurso_2","status":"publish","type":"page","link":"https:\/\/reto.cn\/php\/hanyu\/konciza_kurso\/konciza_kurso_2\/","title":{"rendered":"\u4e16\u754c\u8bed\u7b80\u660e\u57fa\u7840\u6559\u7a0b \u7b2c 2 \u8bfe"},"content":{"rendered":"<p>\u4e16\u754c\u8bed\u7b80\u660e\u57fa\u7840\u6559\u7a0b<br \/>\nKonciza Fundamenta Kurso de Esperanto<\/p>\n<h2 style=\"text-align: center;\">\u7b2c\u00a02\u00a0\u8bfe\u00a0\u00a0\u8bcd\u7c7b\u7684\u5212\u5206<br \/>\nLeciono 2. Vortaj Specoj<\/h2>\n<p>\u4e00\u3001\u8bed\u6cd5\u4ecb\u7ecd\uff1a\u4e16\u754c\u8bed\u7684\u8bcd\u7c7b\u00a0 Gramatiko: Specoj de Vortoj<\/p>\n<p>\u6839\u636e\u8bcd\u6027\uff0c\u4e16\u754c\u8bed\u7684\u5355\u8bcd\u53ef\u4ee5\u5212\u5206\u4e3a10\u5927\u7c7b\uff1a\u540d\u8bcd\u3001\u52a8\u8bcd\u3001\u5f62\u5bb9\u8bcd\u3001\u526f\u8bcd\u3001\u4ee3\u8bcd\u3001\u524d\u7f6e\u8bcd\uff08\u4ecb\u8bcd\uff09\u3001\u6570\u8bcd\u3001\u8fde\u8bcd\u3001\u53f9\u8bcd\u3001\u51a0\u8bcd\u3002<\/p>\n<p>\u5728\u4e16\u754c\u8bed\u4e2d\uff0c\u540d\u8bcd\u3001\u52a8\u8bcd\u3001\u5f62\u5bb9\u8bcd\u548c\u90e8\u5206\u526f\u8bcd\u90fd\u6709\u5176\u56fa\u5b9a\u7684\u8bcd\u5c3e\u3002<\/p>\n<p>\u540d\u8bcd\uff0c\u8868\u793a\u4e8b\u7269\u7684\u540d\u79f0\uff0c\u8bcd\u5c3e\u4e3a-o\uff1a\u5982\u00a0letero\uff08\u4fe1\uff09\uff0cfoto\uff08\u7167\u7247\uff09\uff0ctelefono\uff08\u7535\u8bdd\uff09\uff0clando\uff08\u56fd\u5bb6\uff09\u3002<\/p>\n<p>\u52a8\u8bcd\uff08\u539f\u5f62\uff09\uff0c\u8868\u793a\u52a8\u4f5c\u6216\u8005\u72b6\u6001\uff0c\u8bcd\u5c3e\u4e3a-i\uff1a\u5982\u00a0verki\uff08\u5199\u4f5c\uff09\uff0cfoti\uff08\u7167\u76f8\uff0c\u6444\u5f71\uff09\uff0ctelefoni\uff08\u6253\u7535\u8bdd\uff09\uff0clabori\uff08\u5de5\u4f5c\uff0c\u5e72\u6d3b\uff09\u3002<\/p>\n<p>\u5f62\u5bb9\u8bcd\uff0c\u8868\u793a\u6027\u8d28\u7b49\uff0c\u53ef\u4ee5\u7528\u6765\u4fee\u9970\u3001\u9650\u5b9a\u540d\u8bcd\uff0c\u8bcd\u5c3e\u4e3a-a\uff1a\u5982\uff1agranda\uff08\u4f1f\u5927\u7684\uff09\uff0crapida\uff08\u8fc5\u901f\u7684\uff09\uff0cbona\uff08\u597d\u7684\uff09\uff0csama\uff08\u76f8\u540c\u7684\uff09\u3002<\/p>\n<p>\u526f\u8bcd\u8868\u793a\u65b9\u5f0f\u3001\u5730\u70b9\u3001\u65f6\u95f4\u7b49\uff0c\u53ef\u4ee5\u4fee\u9970\u3001\u9650\u5b9a\u52a8\u8bcd\u3001\u5f62\u5bb9\u8bcd\u6216\u8005\u5176\u5b83\u526f\u8bcd\uff0c\u5982 anka\u016d\uff08\u4e5f\uff09\uff0cnur\uff08\u53ea\u6709\uff0c\u4ec5\u4ec5\uff09\uff0ctre \uff08\u5f88\uff0c\u975e\u5e38\uff09\u3002\u7531\u5176\u5b83\u7c7b\u8bcd\u8f6c\u6362\u800c\u6765\u7684\u526f\u8bcd\u8bcd\u5c3e\u7edf\u4e00\u4e3a e\uff1a\u5982\uff1arapide\uff08\u8fc5\u901f\u5730\uff09\uff0cbone\uff08\u597d\uff0c\u597d\u5427\uff09\u3002<\/p>\n<p>\u7531\u6b64\u53ef\u4ee5\u770b\u51fa\uff0c\u4e16\u754c\u8bed\u7684\u8bcd\u7c7b\u8f6c\u6362\u975e\u5e38\u7b80\u5355\uff0c\u53ea\u8981\u53d8\u6362\u8bcd\u5c3e\u5373\u53ef\u3002\u4f8b\u5982\uff1a<br \/>\nfoto\uff08\u7167\u7247\uff0c\u540d\u8bcd\uff09\u2192\u00a0foti\uff08\u62cd\u6444\u7167\u7247\uff0c\u6444\u5f71\uff0c\u52a8\u8bcd\uff09<br \/>\nverki\uff08\u5199\u4f5c\uff0c\u52a8\u8bcd\uff09\u2192\u00a0\u00a0verko\uff08\u4f5c\u54c1\uff0c\u540d\u8bcd\uff09<br \/>\nbona\uff08\u597d\u7684\uff0c\u5f62\u5bb9\u8bcd\uff09\u2192\u00a0bone\uff08\u597d\uff0c\u597d\u5427\uff0c\u526f\u8bcd\uff09<br \/>\nscii\uff08\u77e5\u9053\uff0c\u4e86\u89e3\uff0c\u52a8\u8bcd\uff09\u2192 scio\uff08\u77e5\u8bc6\uff0c\u540d\u8bcd\uff09<\/p>\n<p>\u4ee3\u8bcd\uff1ami\uff08\u6211\uff09\u3001\u00a0li\uff08\u4ed6\uff09\u3001\u00a0\u015di\uff08\u5979\uff09\u3001\u00a0ni\uff08\u6211\u4eec\uff09\u3001\u00a0ili\uff08\u4ed6\u4eec\uff09\u3001\u00a0\u011di\uff08\u5b83\uff09\u3001\u00a0tiu\uff08\u90a3\u4e2a\uff09\u7b49\u3002<\/p>\n<p>\u4ee3\u8bcd\u52a0\u4e0a\u5f62\u5bb9\u8bcd\u8bcd\u5c3e\u00a0-a\u00a0\u5373\u53ef\u8f6c\u6362\u4e3a\u7269\u4e3b\u4ee3\u8bcd\uff1amia\uff08\u6211\u7684\uff09\u3001\u00a0lia\uff08\u4ed6\u7684\uff09\u3001\u00a0\u015dia\uff08\u5979\u7684\uff09\u3001\u00a0nia\uff08\u6211\u4eec\u7684\uff09\u3001\u00a0ilia\uff08\u4ed6\u4eec\u00a0\u7684\uff09\u3001\u00a0\u011dia\uff08\u5b83\u7684\uff09\uff1bmia edzo\uff08\u6211\u7684\u4e08\u592b\uff09\uff0c\u015dia domo\uff08\u5979\u7684\u623f\u5b50\uff09\uff0cnia popolo\uff08\u6211\u4eec\u7684\u4eba\u6c11\uff09\u3002<\/p>\n<p>\u524d\u7f6e\u8bcd\u4e5f\u53eb\u4ecb\u8bcd\u3002\u524d\u7f6e\u8bcd\u653e\u5728\u540d\u8bcd\u3001\u4ee3\u8bcd\u7b49\u524d\u9762\u7528\u4ee5\u8868\u793a\u4e0e\u5176\u5b83\u8bcd\u7684\u65f6\u95f4\u3001\u7a7a\u95f4\u3001\u56e0\u679c\u7b49\u5173\u7cfb\u7684\u8bcd\u3002\u5982\uff1a<br \/>\nen\uff08\u5728&#8230;\u91cc\uff09\uff1aen\u00a0domo\uff08\u5728\u623f\u5b50\u91cc\uff09<br \/>\nsub\uff08\u5728&#8230;\u4e0b\uff09\uff1asub arbo \uff08\u5728\u6811\u4e0b\uff09<br \/>\nsur\uff08\u5728&#8230;\u4e0a\uff09\uff1asur\u00a0tablo\uff08\u5728\u684c\u5b50\u4e0a\uff09<br \/>\nde\uff08&#8230;\u7684\uff09komencanto\u00a0de\u00a0Esperanto\uff08\u4e16\u754c\u8bed\u521d\u5b66\u8005\uff09<\/p>\n<p>\u6570\u8bcd\u7684\u7528\u6cd5\u548c\u6c49\u8bed\u76f8\u4f3c\uff0c\u4e5f\u5f88\u7b80\u5355\uff1a<br \/>\nnul\uff080\uff09\uff0cunu(1)\uff0cdu(2)\uff0ctri(3)\uff0ckvar(4)\uff0ckvin(5)\uff0cses(6)\uff0csep(7)\uff0cok(8)\uff0cna\u016d(9)\uff0cdek(10)\uff0ccent(100)\uff0cmil(1000)\u00a0\u662f\u5e38\u7528\u7684\u57fa\u6570\u8bcd\uff0c\u7528\u5b83\u4eec\u53ef\u4ee5\u7ec4\u5408\u51fa\u5176\u5b83\u7684\u6570\u5b57\u3002\u5982\uff1a<br \/>\ndek\u00a0du\uff0812\uff09<br \/>\ncent\u00a0okdek\u00a0na\u016d\uff08189\uff09<br \/>\nsep\u00a0mil\u00a0kvincent\u00a0sesdek\u00a0kvar\uff087564\uff09<\/p>\n<p>\u4e16\u754c\u8bed\u4e2d\u6ca1\u6709\u4e07\u8fd9\u4e2a\u5355\u4f4d\uff0c\u4e07\u7528dek\u00a0mil\uff08\u5341\u5343\uff09\u8868\u793a\uff1a<br \/>\ntridek\u00a0du\u00a0mil\u00a0ok\uff0832008\uff09\u3002<br \/>\nla\u00a0jaro\u00a01979\u00a0\u8bfb\u4f5c\u00a0la\u00a0jaro\u00a0mil\u00a0na\u016dcent\u00a0sepdek\u00a0na\u016d<br \/>\nla\u00a0jaro\u00a02009\u00a0\u8bfb\u4f5c\u00a0la\u00a0jaro\u00a0du\u00a0mil\u00a0na\u016d<br \/>\nla\u00a0jaro\u00a02010\u00a0\u8bfb\u4f5c\u00a0la\u00a0jaro\u00a0du\u00a0mil\u00a0dek<br \/>\nla\u00a0jaro\u00a02015\u00a0\u8bfb\u4f5c\u00a0la\u00a0jaro\u00a0du\u00a0mil\u00a0dek\u00a0kvin<br \/>\n\u4f9d\u6b64\u7c7b\u63a8\u3002<\/p>\n<p>\u4f46\u8bf7\u6ce8\u610f\uff1a102 \u8fd9\u6837\u7684\u6570\u5b57\uff0c\u4e16\u754c\u8bed\u8bfb\u4f5c cent du\uff0c\u5373\u4e2d\u95f4\u7684\u96f6\u4e0d\u8bfb\uff0c\u53ef\u80fd\u662f\u56e0\u4e3a\u8bfb\u4e0d\u8bfb\u8fd9\u4e2a\u96f6\uff0c\u90fd\u4e0d\u4f1a\u9020\u6210\u6b67\u4e49\uff0c\u6240\u4ee5\u7d22\u6027\u4e0d\u8bfb\u3002<br \/>\n\u4ece\u4e0a\u9762\u7684\u4f8b\u5b50\u53ef\u4ee5\u770b\u51fa\uff0c\u5728\u4e16\u754c\u8bed\u7684\u6570\u5b57\u4e66\u5199\u4e2d\uff0c\u51e0\u5341\u3001\u51e0\u767e\u662f\u8fde\u8d77\u6765\u5199\uff0c\u5176\u5b83\u5206\u5f00\u5199\uff0c\u5982\uff1a<br \/>\nkvindek\uff0850\uff09\uff0cokcent\uff08800\uff09\uff0ctridek sep\uff0837\uff09\uff0cses mil kvarcent dudek na\u016d\uff086429\uff09\u3002<\/p>\n<p>\u6570\u8bcd\u52a0\u4e0a\u5f62\u5bb9\u8bcd\u8bcd\u5c3e\u00a0-a\u00a0\u5373\u53ef\u6784\u6210\u5e8f\u6570\u8bcd\u3002\u5982\uff1a<br \/>\nunua\u00a0tago \u7b2c\u4e00\u5929<br \/>\ndua\u00a0monato \u7b2c\u4e8c\u4e2a\u6708<\/p>\n<p>\u8fde\u8bcd\u662f\u7528\u6765\u8fde\u63a5\u8bcd\u548c\u8bcd\u3001\u8bcd\u548c\u53e5\u3001\u53e5\u548c\u53e5\u5b50\u7684\u8bcd\uff1akaj\uff08\u548c\uff09\u3001sed\uff08\u4f46\u662f\uff09\u3002<\/p>\n<p>\u53f9\u8bcd\uff0c\u8868\u793a\u611f\u53f9\u7b49\u60c5\u611f\uff0c\u5982\uff1ave!\uff08\u5509\uff01)\u3002<\/p>\n<p>\u51a0\u8bcd\uff1a\u53ea\u6709\u4e00\u4e2ala\uff0c\u7528\u4e8e\u540d\u8bcd\u524d\uff0c\u8868\u793a\u8be5\u4eba\u6216\u7269\u662f\u5df2\u77e5\u7684\u6216\u4ee3\u8868\u5168\u4f53\u7684\uff0c\u6216\u72ec\u4e00\u65e0\u4e8c\uff1akompanio\u00a0\u4e00\u4e2a\u516c\u53f8\uff0cla\u00a0kompanio\u00a0\u90a3\u4e2a\u516c\u53f8\uff1bla\u00a0Granda\u00a0Muro\u00a0\u957f\u57ce\u3002<\/p>\n<p>\u56e0\u4e3a\u4e16\u754c\u8bed\u7684\u5355\u8bcd\uff0c\u4ece\u8bcd\u5c3e\u6216\u8bcd\u610f\u5c31\u53ef\u4ee5\u770b\u51fa\u8bcd\u6027\uff0c\u6240\u4ee5\u4e00\u822c\u4e16\u754c\u8bed\u8bfe\u672c\u4e2d\u7684\u751f\u8bcd\u8868\u4e2d\u7684\u5355\u8bcd\uff0c\u90fd\u4e0d\u6807\u6ce8\u8bcd\u6027\u3002<br \/>\n\u5982\u679c\u5b66\u8fc7\u82f1\u8bed\u3001\u6cd5\u8bed\u7b49\u6b27\u6d32\u8bed\u8a00\u53ef\u4ee5\u6ce8\u610f\u5230\uff0ctelefono\u3001foto\u3001granda\u00a0\u8fd9\u4e9b\u4e16\u754c\u8bed\u5355\u8bcd\uff0c\u548c\u82f1\u8bed\u3001\u6cd5\u8bed\u7b49\u8bed\u8a00\u7684\u5355\u8bcd\u76f8\u4f3c\u3002\u5b9e\u9645\u4e0a\uff0c\u4e16\u754c\u8bed\u7684\u8bcd\u6839\u5927\u90e8\u5206\u6e90\u4e8e\u5370\u6b27\u8bed\u7cfb\u8bed\u8a00\uff0c\u5728\u4ee5\u540e\u7684\u5b66\u4e60\u4e2d\u8bf7\u6ce8\u610f\u6bd4\u8f83\uff0c\u4ee5\u5e2e\u52a9\u8bb0\u5fc6\u3002<\/p>\n<p>\u4e8c\u3001\u5355\u8bcd\u4e0e\u77ed\u8bed\u00a0 Vortolistoj<\/p>\n<table>\n<tbody>\n<tr>\n<td>letero \u4fe1\uff0c\u4e66\u4fe1<br \/>\n\u2192 leteri \u5199\u4fe1<br \/>\nfoto \u7167\u7247<br \/>\n\u2192 foti \u6444\u5f71\uff0c\u62cd\u7167<br \/>\ntelefono \u7535\u8bdd<br \/>\n\u2192 telefoni \u6253\u7535\u8bdd<br \/>\nverki \u5199\u4f5c<br \/>\n\u2192 verko \u4f5c\u54c1<br \/>\ngranda \u5927\u7684\uff0c\u4f1f\u5927\u7684<br \/>\nrapida \u8fc5\u901f\u7684<br \/>\n\u2192 rapide \u8fc5\u901f\u5730<br \/>\nbona \u597d\u7684\uff0c\u5584\u826f\u7684<br \/>\nsama \u76f8\u540c\u7684<br \/>\n\u2192 same \u540c\u6837\u5730<br \/>\nanka\u016d \u4e5f<br \/>\nnur \u53ea\u6709\uff0c\u4ec5\u4ec5<br \/>\ntre \u592a\uff0c\u975e\u5e38<br \/>\ntiu \u90a3\u4e2a<br \/>\nedzo \u4e08\u592b<br \/>\n\u2192 edzino \u59bb\u5b50<br \/>\ndomo \u623f\u5c4b<br \/>\nen \u5728\u2026\u91cc<br \/>\nsub \u5728\u2026\u4e0b<br \/>\nsur \u5728\u2026\u4e0a<br \/>\nde \u2026\u7684<br \/>\n\u2192 komencanto de Esperanto \u4e16\u754c\u8bed\u521d\u5b66\u8005<br \/>\nnul 0<br \/>\nunu 1<br \/>\ndu 2<br \/>\ntri 3<br \/>\nkvar 4<br \/>\nkvin 5<\/td>\n<td>ses 6<br \/>\nsep 7<br \/>\nok 8<br \/>\nna\u016d 9<br \/>\ndek 10<br \/>\ncent 100<br \/>\nmil 1000<br \/>\ntago \u4e00\u5929\uff0c\u767d\u5929<br \/>\n\u2192 taga \u6bcf\u65e5\u7684\uff0c\u767d\u5929\u7684<br \/>\nmonato \u6708\uff0c\u6708\u4efd<br \/>\njaro \u5e74<br \/>\n\u2192 jara \u6bcf\u5e74\u7684<br \/>\nkaj \u548c<br \/>\nve \u5509\uff0c\u54ce\u5440<br \/>\nla \u51a0\u8bcd<br \/>\nkompanio \u516c\u53f8<br \/>\nmuro \u5899\uff0c\u5899\u58c1<br \/>\njen \u7528\u6765\u5f15\u8d77\u6ce8\u610f<br \/>\nscii \u77e5\u9053\uff0c\u4e86\u89e3\uff0c\u61c2\u5f97<br \/>\n\u2192 scio \u77e5\u8bc6<br \/>\nsinjoro \u5148\u751f<br \/>\n\u2192 sinjorino \u5973\u58eb<br \/>\nuniversitato \u5927\u5b66\uff0c\u7efc\u5408\u6027\u5927\u5b66<br \/>\nfamilio \u5bb6\u5ead<br \/>\nhospitalo \u533b\u9662<br \/>\nkomputilo \u8ba1\u7b97\u673a<br \/>\ndiligenta \u52e4\u594b\u7684<br \/>\nreto \u7f51\u7edc<br \/>\n\u2192 kompanio de reto \u7f51\u7edc\u516c\u53f8<br \/>\n\u2192 reta kompanio \u7f51\u7edc\u516c\u53f8<br \/>\nhomo \u4eba<br \/>\nevoluo \u53d1\u5c55\uff0c\u6f14\u5316<\/td>\n<\/tr>\n<\/tbody>\n<\/table>\n<!--[if lt IE 9]><script>document.createElement('audio');<\/script><![endif]-->\n<audio class=\"wp-audio-shortcode\" id=\"audio-751-1\" preload=\"none\" style=\"width: 100%;\" controls=\"controls\"><source type=\"audio\/mpeg\" src=\"https:\/\/reto.cn\/kurso\/sono\/leciono02\/vortolisto.mp3?_=1\" \/><a href=\"https:\/\/reto.cn\/kurso\/sono\/leciono02\/vortolisto.mp3\">https:\/\/reto.cn\/kurso\/sono\/leciono02\/vortolisto.mp3<\/a><\/audio>\n<p><a href=\"https:\/\/reto.cn\/kurso\/sono\/leciono02\/vortolisto.mp3\" target=\"_blank\" rel=\"noopener\">https:\/\/reto.cn\/kurso\/sono\/leciono02\/vortolisto.mp3<br \/>\n<\/a>\uff08\u6717\u8bfb\uff1a\u6ce2\u5170 Ma\u0142gorzata Baczy\u0144ska\uff09<\/p>\n<p>\u4e09\u3001\u5bf9\u8bdd\u4ea4\u6d41 Dialogoj<br \/>\n1\u3001<br \/>\n\u2014 Saluton, Li Qiang! \u4f60\u597d\uff0c\u674e\u5f3a\uff01<br \/>\n\u2014 Saluton, Gu Li! \u4f60\u597d\uff0c\u8c37\u4e3d\uff01<br \/>\n\u2014 Jen\u00a0mia\u00a0frato.\u00a0\u8fd9\u662f\u6211\u7684\u5144\u5f1f\u3002<br \/>\n<span style=\"color: #ffffff;\">&#8230;<\/span> Li\u00a0estas\u00a0komencanto\u00a0de\u00a0Esperanto.\u00a0\u4ed6\u662f\u4e16\u754c\u8bed\u521d\u5b66\u8005\u3002<br \/>\n\u2014 Saluton,\u00a0sinjoro\u00a0!\u00a0\u4f60\u597d\uff0c\u5148\u751f\uff01<br \/>\n\u2014 Saluton,\u00a0sinjorino\u00a0Gu!\u00a0\u4f60\u597d\uff0c\u8c37\u5973\u58eb\uff01<br \/>\n\u2014 Kio\u00a0estas\u00a0via\u00a0nomo\uff1f\u00a0\u4f60\u53eb\u4ec0\u4e48\uff1f<br \/>\n\u2014 Mia\u00a0nomo\u00a0estas\u00a0Li\u00a0Bo.\u00a0\u6211\u53eb\u674e\u6ce2\u3002<br \/>\n<span style=\"color: #ffffff;\">&#8230;<\/span> Mi\u00a0estas\u00a0kuracisto.\u00a0\u6211\u662f\u533b\u751f\u3002<\/p>\n<audio class=\"wp-audio-shortcode\" id=\"audio-751-2\" preload=\"none\" style=\"width: 100%;\" controls=\"controls\"><source type=\"audio\/mpeg\" src=\"https:\/\/reto.cn\/kurso\/sono\/leciono02\/dialogo1.mp3?_=2\" \/><a href=\"https:\/\/reto.cn\/kurso\/sono\/leciono02\/dialogo1.mp3\">https:\/\/reto.cn\/kurso\/sono\/leciono02\/dialogo1.mp3<\/a><\/audio>\n<p><a href=\"https:\/\/reto.cn\/kurso\/sono\/leciono02\/dialogo1.mp3\" target=\"_blank\" rel=\"noopener\">https:\/\/reto.cn\/kurso\/sono\/leciono02\/dialogo1.mp3<\/a><br \/>\n<em>(\u6717\u8bfb\uff1a\u4e2d\u56fd \u5218\u6653\u54f2)<\/em><br \/>\n2\u3001<br \/>\n\u2014 Mi\u00a0laboras\u00a0en\u00a0universitato.\u00a0\u6211\u5728\u5927\u5b66\u5de5\u4f5c\u3002<br \/>\n\u2014 \u0108u\u00a0vi\u00a0estas\u00a0instruisto?\u00a0\u4f60\u662f\u6559\u5e08\u5417\uff1f\uff08\u4e00\u822c\u7684\u53d9\u8ff0\u53e5\u524d\u9762\u52a0\u4e0a\u0109u\u5c31\u53ef\u4ee5\u53d8\u6210\u7591\u95ee\u53e5\u3002\u0109u\u7684\u4f5c\u7528\u76f8\u5f53\u4e8e\u6c49\u8bed\u7684\u201c&#8230;\u5417\u201d\uff0c\u4f46\u8981\u653e\u5728\u53e5\u9996\u3002\uff09<br \/>\n\u2014 Ne,\u00a0mi\u00a0ne\u00a0estas\u00a0instruisto,\u00a0mi\u00a0estas\u00a0oficisto.\u00a0\u4e0d\uff0c\u6211\u4e0d\u662f\u6559\u5e08\uff0c\u6211\u662f\u804c\u5458\u3002<br \/>\n\u2014 Jen\u00a0mia\u00a0edzo,\u00a0Karlo.\u00a0Li\u00a0estas\u00a0instruisto.\u00a0\u8fd9\u662f\u6211\u4e08\u592b\u5361\u7f57\uff0c\u4ed6\u662f\u6559\u5e08\u3002<br \/>\n\u2014 Saluton,\u00a0sinjoro\u00a0Karlo\uff01\u0108u\u00a0vi\u00a0estas\u00a0esperantisto?\u00a0\u4f60\u597d\uff0c\u5361\u7f57\u5148\u751f\uff01\u4f60\u662f\u4e16\u754c\u8bed\u8005\u5417\uff1f<br \/>\n\u2014 Jes,\u00a0mi\u00a0estas\u00a0esperantisto.\u00a0\u662f\u7684\uff0c\u6211\u662f\u4e16\u754c\u8bed\u8005\u3002<\/p>\n<audio class=\"wp-audio-shortcode\" id=\"audio-751-3\" preload=\"none\" style=\"width: 100%;\" controls=\"controls\"><source type=\"audio\/mpeg\" src=\"https:\/\/reto.cn\/kurso\/sono\/leciono02\/dialogo2.mp3?_=3\" \/><a href=\"https:\/\/reto.cn\/kurso\/sono\/leciono02\/dialogo2.mp3\">https:\/\/reto.cn\/kurso\/sono\/leciono02\/dialogo2.mp3<\/a><\/audio>\n<p><a href=\"https:\/\/reto.cn\/kurso\/sono\/leciono02\/dialogo2.mp3\" target=\"_blank\" rel=\"noopener\">https:\/\/reto.cn\/kurso\/sono\/leciono02\/dialogo2.mp3<\/a><br \/>\n<em>(\u6717\u8bfb\uff1a\u4e2d\u56fd \u674e\u6653\u7ea2)<\/em><br \/>\n\u56db\u3001\u9605\u8bfb\u7406\u89e3 Legi kaj Kompreni<\/p>\n<p style=\"text-align: center;\">Mia Familio<\/p>\n<p>Saluton! Mia nomo estas Wang Qiang. Mi estas dudek du-jara laboristo. Mia familio estas en la urbo Beijing, sed mi laboras en la urbo Shanghai.<br \/>\nJen la foto de mia familio.<br \/>\nJen mia patro, kvindek ses-jara. Li estas kuracisto en granda hospitalo en Beijing.<br \/>\nJen mia patrino, kvindek kvar-jara, instruisto en universitato.<br \/>\nJen mia frato, dudek sep-jara. Lia nomo estas Wang Gang. Li laboras en kompanio de komputilo en Beijing. Li estas diligenta.<br \/>\nJen mia fratino, dudekses-jara. \u015cia nomo estas Wang Lan, \u015di laboras en kompanio de reto. Anka\u016d \u015di estas diligenta.<\/p>\n<audio class=\"wp-audio-shortcode\" id=\"audio-751-4\" preload=\"none\" style=\"width: 100%;\" controls=\"controls\"><source type=\"audio\/mpeg\" src=\"https:\/\/reto.cn\/kurso\/sono\/leciono02\/legi.mp3?_=4\" \/><a href=\"https:\/\/reto.cn\/kurso\/sono\/leciono02\/legi.mp3\">https:\/\/reto.cn\/kurso\/sono\/leciono02\/legi.mp3<\/a><\/audio>\n<p><a href=\"https:\/\/reto.cn\/kurso\/sono\/leciono02\/legi.mp3\" target=\"_blank\" rel=\"noopener\">https:\/\/reto.cn\/kurso\/sono\/leciono02\/legi.mp3<\/a><br \/>\n\uff08\u6717\u8bfb\u8005\uff1a\u4e2d\u56fd \u9ec4\u6cfd\u5c27\uff09<\/p>\n<p style=\"text-align: center;\">\u6211\u7684\u5bb6\u5ead<\/p>\n<p>\u4f60\u597d\uff01\u6211\u53eb\u738b\u5f3a\uff0c\u4eca\u5e7422\u5c81\uff0c\u662f\u4e00\u540d\u5de5\u4eba\u3002\u6211\u7684\u5bb6\u5ead\u5728\u5317\u4eac\uff0c\u4f46\u6211\u5728\u4e0a\u6d77\u5e02\u4e0a\u73ed\u3002<br \/>\n\u8fd9\u662f\u6211\u7684\u5bb6\u5ead\u7684\u7167\u7247\u3002<br \/>\n\u8fd9\u662f\u6211\u7684\u7236\u4eb2\uff0c56\u5c81\u4e86\u3002\u4ed6\u662f\u5317\u4eac\u4e00\u5bb6\u5927\u533b\u9662\u7684\u533b\u751f\u3002<br \/>\n\u8fd9\u662f\u6211\u7684\u6bcd\u4eb2\uff0c54\u5c81\uff0c\u5728\u4e00\u6240\u5927\u5b66\u5f53\u8001\u5e08\u3002<br \/>\n\u8fd9\u662f\u6211\u7684\u5144\u5f1f\uff0c\u53eb\u738b\u521a\uff0c27\u5c81\u3002\u4ed6\u5728\u5317\u4eac\u7684\u4e00\u4e2a\u8ba1\u7b97\u673a\u516c\u53f8\u4e0a\u73ed\uff0c\u5de5\u4f5c\u5f88\u52e4\u594b\u3002<br \/>\n\u8fd9\u662f\u6211\u7684\u59ca\u59b9\uff0c\u53eb\u738b\u5170 \uff0c26\u5c81\uff0c\u5728\u4e00\u4e2a\u7f51\u7edc\u516c\u53f8\u4e0a\u73ed\u3002\u5979\u4e5f\u5f88\u52e4\u594b\u3002<\/p>\n<p>\u4e94\u3001\u8868\u8fbe\u7ec3\u4e60 Praktiki Esprimon<br \/>\n\u4f60\u597d\uff01\u00a0\u6211\u53eb\u8c37\u529b\uff0c26\u5c81\u4e86\uff0c\u6211\u662f\u4e16\u754c\u8bed\u521d\u5b66\u8005\u3002\u6211\u5728\u5317\u4eac\u7684\u4e00\u4e2a\u8ba1\u7b97\u673a\u516c\u53f8\u5de5\u4f5c\u3002\u8fd9\u662f\u6211\u5bb6\u4eba\u7684\u7167\u7247\u3002<br \/>\n\u6211\u7236\u4eb2\u662f\u4e16\u754c\u8bed\u8005\uff0c\u4ed6\u5728\u54c8\u5bc6\u5e02\u7684\u4e00\u6240\u5927\u533b\u9662\u5f53\u533b\u751f\uff0c\u6211\u6bcd\u4eb2\u662f\u4e00\u540d\u5927\u5b66\u6559\u5e08\uff0c\u6211\u54e5\u54e5\u5728\u5410\u9c81\u756a\u5e02\u7684\u4e00\u4e2a\u5c0f\u7f51\u7edc\u516c\u53f8\u5de5\u4f5c\u3002\u6211\u7236\u4eb2\u5de5\u4f5c\u5f88\u52e4\u594b\uff0c\u6211\u6bcd\u4eb2\u5de5\u4f5c\u5f88\u52e4\u594b\uff0c\u6211\u5de5\u4f5c\u5f88\u52e4\u594b\uff0c\u6211\u7684\u5144\u5f1f\u5de5\u4f5c\u4e5f\u52e4\u594b\u3002<\/p>\n<p>\u53c2\u8003\uff1a<br \/>\nSaluton! Mia nomo estas Gu Li. Mi estas dudek ses-jara. Mi estas komencanto de Esperanto. Mi laboras en kompanio en la urbo Beijing. Jen la foto de mia familio.<br \/>\nMia patro estas esperantisto. Li estas kuracisto de granda hospitalo en urbo Hami. Mia patrino estas instruisto de universitato. Mia frato laboras en malgranda reta kompanio en urbo Turpan. Mia patro laboras diligente, mia patrino laboras diligente, mi laboras diligente, anka\u016d mia frato laboras diligente.<\/p>\n<audio class=\"wp-audio-shortcode\" id=\"audio-751-5\" preload=\"none\" style=\"width: 100%;\" controls=\"controls\"><source type=\"audio\/mpeg\" src=\"https:\/\/reto.cn\/kurso\/sono\/leciono02\/praktiki.mp3?_=5\" \/><a href=\"https:\/\/reto.cn\/kurso\/sono\/leciono02\/praktiki.mp3\">https:\/\/reto.cn\/kurso\/sono\/leciono02\/praktiki.mp3<\/a><\/audio>\n<p><a href=\"https:\/\/reto.cn\/kurso\/sono\/leciono02\/praktiki.mp3\" target=\"_blank\" rel=\"noopener\">https:\/\/reto.cn\/kurso\/sono\/leciono02\/praktiki.mp3<\/a><br \/>\n\uff08\u6717\u8bfb\uff1a\u4e2d\u56fd \u6768\u6625\u6d77\uff09<\/p>\n<div style=\"width: 458px\" class=\"wp-caption aligncenter\"><img decoding=\"async\" loading=\"lazy\" src=\"https:\/\/reto.cn\/kurso\/bildo\/leciono02\/evoluo_de_homo_kaj_komputilo.jpg\" alt=\"evoluo de homo kaj komputilo\" width=\"448\" height=\"198\" \/><p class=\"wp-caption-text\">\u6f2b\u753b\uff1a La evoluo de la homo kaj de la komputilo. \u4eba\u548c\u8ba1\u7b97\u673a\u7684\u6f14\u5316\u3002\u9009\u81ea\u7f51\u7edc\u3002<\/p><\/div>\n<p style=\"text-align: left;\">\u4e2d\u56fd\u4e16\u754c\u8bed\u7f51\u7ad9\u7eff\u7f51<br \/>\nVerda Reto, la \u0109ina esperanta retejo<br \/>\n<a href=\"https:\/\/reto.cn\/\">https:\/\/reto.cn<\/a><\/p>\n<p><a href=\"https:\/\/reto.cn\/php\/hanyu\/konciza_kurso\">\u8fd4\u56de\u5230\u76ee\u5f55 reveni al enhavo<\/a>\u00a0 \u00b7\u00a0 <a href=\"https:\/\/reto.cn\/php\/hanyu\/konciza_kurso_3\">\u7b2c3\u8bfe \u6784\u8bcd Leciono 3<\/a><\/p>\n","protected":false},"excerpt":{"rendered":"<p>\u4e16\u754c\u8bed\u7b80\u660e\u57fa\u7840\u6559\u7a0b Konciza Fundamenta Kurso de Esperanto \u7b2c\u00a02\u00a0\u8bfe\u00a0\u00a0\u2026 <span class=\"read-more\"><a href=\"https:\/\/reto.cn\/php\/hanyu\/konciza_kurso\/konciza_kurso_2\/\">\u7ee7\u7eed\u9605\u8bfb Legi pli &raquo;<\/a><\/span><\/p>\n","protected":false},"author":1,"featured_media":0,"parent":176,"menu_order":22,"comment_status":"open","ping_status":"closed","template":"","meta":{"footnotes":""},"_links":{"self":[{"href":"https:\/\/reto.cn\/php\/hanyu\/wp-json\/wp\/v2\/pages\/751"}],"collection":[{"href":"https:\/\/reto.cn\/php\/hanyu\/wp-json\/wp\/v2\/pages"}],"about":[{"href":"https:\/\/reto.cn\/php\/hanyu\/wp-json\/wp\/v2\/types\/page"}],"author":[{"embeddable":true,"href":"https:\/\/reto.cn\/php\/hanyu\/wp-json\/wp\/v2\/users\/1"}],"replies":[{"embeddable":true,"href":"https:\/\/reto.cn\/php\/hanyu\/wp-json\/wp\/v2\/comments?post=751"}],"version-history":[{"count":0,"href":"https:\/\/reto.cn\/php\/hanyu\/wp-json\/wp\/v2\/pages\/751\/revisions"}],"up":[{"embeddable":true,"href":"https:\/\/reto.cn\/php\/hanyu\/wp-json\/wp\/v2\/pages\/176"}],"wp:attachment":[{"href":"https:\/\/reto.cn\/php\/hanyu\/wp-json\/wp\/v2\/media?parent=751"}],"curies":[{"name":"wp","href":"https:\/\/api.w.org\/{rel}","templated":true}]}}