{"id":7653,"date":"2021-08-24T16:02:22","date_gmt":"2021-08-24T08:02:22","guid":{"rendered":"http:\/\/reto.cn\/php\/hanyu\/?page_id=7653"},"modified":"2022-02-15T10:49:55","modified_gmt":"2022-02-15T02:49:55","slug":"esperantaj-tonoj","status":"publish","type":"page","link":"https:\/\/reto.cn\/php\/hanyu\/gramatiko_de_esperanto\/demandoj_kaj_respondoj_en_esperanta_lernado\/esperantaj-tonoj\/","title":{"rendered":"\u8bf4\u4e16\u754c\u8bed\u65f6\uff0c\u6709\u5347\u3001\u964d\u8c03\u5417\uff1f"},"content":{"rendered":"<p>\u5218\u9e3f\u5143<\/p>\n<p>\u8bed\u8c03\uff08vo\u0109tono\uff09\u662f\u6307\u8bf4\u8bdd\u65f6\u58f0\u97f3\u7684\u9ad8\u4f4e\u3001\u5feb\u6162\u3001\u8f7b\u91cd\uff1b\u8bed\u8c03\u7684\u6b63\u786e\u8fd0\u7528\uff0c\u53ef\u4ee5\u8868\u8fbe\u8bf4\u8bdd\u4eba\u7684\u8bed\u6c14\u548c\u60c5\u611f\u3002\u6bcf\u4e00\u4e2a\u53e5\u5b50\u8bf4\u51fa\u6765\uff0c\u90fd\u4f1a\u5e26\u6709\u4e00\u5b9a\u7684\u8bed\u8c03\uff0c\u4ece\u800c\u8f85\u52a9\u8868\u8fbe\u4e00\u5b9a\u7684\u610f\u4e49\u3002\u6c49\u8bed\u666e\u901a\u8bdd\u662f\u5e26\u6709\u58f0\u8c03\uff08\u56db\u58f0\uff09\u7684\u8bed\u8a00\uff0c\u672c\u6587\u6240\u63d0\u5230\u7684\u201c\u8bed\u8c03\u201d\u5728\u5176\u4e2d\u8868\u73b0\u5f97\u5e76\u4e0d\u5341\u5206\u660e\u663e\uff0c\u800c\u51e0\u4e4e\u6240\u6709\u5176\u4ed6\u8bed\u8a00\u4e2d\u90fd\u6709\u8bed\u8c03\u95ee\u9898\u3002\u4e16\u754c\u8bed\u8bde\u751f\u4e8e\u6b27\u6d32\uff0c\u662f\u5728\u6b27\u6d32\u4e3b\u8981\u8bed\u8a00\u7684\u57fa\u7840\u4e0a\u521b\u59cb\u51fa\u6765\u7684\uff0c\u56e0\u6b64\uff0c\u4e16\u754c\u8bed\u7684\u8bed\u8c03\u8ddf\u6b27\u6d32\u4e3b\u8981\u8bed\u8a00\u7684\u8bed\u8c03\u5e94\u8be5\u662f\u4e00\u81f4\u7684\u3002<\/p>\n<p>\u4e00\u822c\u6765\u8bb2\uff0c\u5728\u8bb2\u8bdd\u65f6\uff0c\u9648\u8ff0\u53e5\u3001\u611f\u53f9\u53e5\u3001KI\u7591\u95ee\u53e5\u672b\u5c3e\u7528\u964d\u8c03\uff08\\\uff09\uff0c\u662f\u975e\u7591\u95ee\u53e5\u3001\u9648\u8ff0\u7591\u95ee\u53e5\u672b\u5c3e\u7528\u5347\u8c03\uff08\/\uff09\uff0c\u9009\u62e9\u7591\u95ee\u53e5\u4e2da\u016d\u524d\u7528\u5347\u8c03\u3001a\u016d\u540e\u7528\u964d\u8c03\u3002\u5728\u5217\u4e3e\u4e00\u7cfb\u5217\u4eba\u6216\u4e8b\u7269\u65f6\uff0c\u6bcf\u4e00\u4e2a\u5217\u4e3e\u9879\u540e\u7528\u5347\u8c03\uff0c\u6700\u540e\u4e00\u4e2a\u5217\u4e3e\u9879\u7528\u964d\u8c03\u3002\u4e0b\u9762\u4e3e\u4f8b\u8bf4\u660e\uff1a<\/p>\n<p>Mi lo\u011das en la vila\u011do (\\). \u6211\u4f4f\u5728\u6751\u5b50\u91cc\u3002\uff08\u9648\u8ff0\u53e5\uff09<br \/>\nKiel bela estas la vila\u011do (\\)! \u8fd9\u4e2a\u6751\u5b50\u591a\u7f8e\u554a\uff01\uff08\u611f\u53f9\u53e5\uff09<br \/>\nKie vi lo\u011das (\\)? \u4f60\u4f4f\u5728\u54ea\u91cc\uff1f\uff08KI\u7591\u95ee\u53e5\uff09<br \/>\n\u0108u vi lo\u011das \u0109i tie (\/)? \u4f60\u4f4f\u5728\u8fd9\u91cc\u5417\uff1f\uff08\u662f\u975e\u7591\u95ee\u53e5\uff09<br \/>\nVi lo\u011das \u0109i tie (\/)? \u4f60\u5728\u8fd9\u91cc\u4f4f\u5417\uff1f\uff08\u9648\u8ff0\u7591\u95ee\u53e5\uff09<br \/>\n\u0108u vi lo\u011das tie (\/) a\u016d ci tie (\\)? \u4f60\u4f4f\u5728\u90a3\u91cc\u8fd8\u662f\u8fd9\u91cc\uff1f\uff08\u9009\u62e9\u7591\u95ee\u53e5\uff09<br \/>\nHiera\u016d mi a\u0109etis du pomojn (\/), kvar pirojn (\/) kaj ses bananojn (\\). \u6628\u5929\u6211\u4e70\u4e86\u4e24\u53ea\u82f9\u679c\u3001\u56db\u53ea\u68a8\u5b50\u548c\u516d\u4e2a\u9999\u8549\u3002\uff08\u5217\u4e3e\uff09<\/p>\n<p>\u53e6\u5916\uff0c\u5728\u4e00\u4e9b\u534e\u4e3d\u7684\u6f14\u8bb2\u4e2d\u6216\u6fc0\u60c5\u7684\u5bf9\u8bdd\u4e2d\uff0c\u8fd8\u6709\u53ef\u80fd\u51fa\u73b0\u5347\u964d\u8c03\uff08\/\\\uff09\u6216\u964d\u5347\u8c03\uff08\\\/\uff09\uff0c\u53ea\u662f\u7ed9\u6240\u8bb2\u8bdd\u8bed\u589e\u8272\u5f3a\u8c03\u800c\u5df2\uff0c\u4e0d\u518d\u8be6\u8ff0\u3002<\/p>\n<p>\u8fd4\u56de<a href=\"https:\/\/reto.cn\/php\/hanyu\/gramatiko_de_esperanto\/demandoj_kaj_respondoj_en_esperanta_lernado\/\">\u4e16\u754c\u8bed\u5b66\u4e60\u95ee\u7b54<\/a>\u680f\u76ee<\/p>\n","protected":false},"excerpt":{"rendered":"<p>\u5218\u9e3f\u5143 \u8bed\u8c03\uff08vo\u0109tono\uff09\u662f\u6307\u8bf4\u8bdd\u65f6\u58f0\u97f3\u7684\u9ad8\u4f4e\u3001\u5feb\u6162\u3001\u8f7b\u91cd\uff1b\u8bed\u8c03\u7684\u6b63\u786e\u8fd0\u7528\uff0c\u53ef\u4ee5\u8868\u8fbe\u8bf4\u8bdd\u4eba\u7684\u8bed\u6c14\u548c\u60c5\u611f\u3002\u6bcf\u2026 <span class=\"read-more\"><a href=\"https:\/\/reto.cn\/php\/hanyu\/gramatiko_de_esperanto\/demandoj_kaj_respondoj_en_esperanta_lernado\/esperantaj-tonoj\/\">\u7ee7\u7eed\u9605\u8bfb Legi pli &raquo;<\/a><\/span><\/p>\n","protected":false},"author":1,"featured_media":0,"parent":7307,"menu_order":0,"comment_status":"open","ping_status":"closed","template":"","meta":{"footnotes":""},"_links":{"self":[{"href":"https:\/\/reto.cn\/php\/hanyu\/wp-json\/wp\/v2\/pages\/7653"}],"collection":[{"href":"https:\/\/reto.cn\/php\/hanyu\/wp-json\/wp\/v2\/pages"}],"about":[{"href":"https:\/\/reto.cn\/php\/hanyu\/wp-json\/wp\/v2\/types\/page"}],"author":[{"embeddable":true,"href":"https:\/\/reto.cn\/php\/hanyu\/wp-json\/wp\/v2\/users\/1"}],"replies":[{"embeddable":true,"href":"https:\/\/reto.cn\/php\/hanyu\/wp-json\/wp\/v2\/comments?post=7653"}],"version-history":[{"count":0,"href":"https:\/\/reto.cn\/php\/hanyu\/wp-json\/wp\/v2\/pages\/7653\/revisions"}],"up":[{"embeddable":true,"href":"https:\/\/reto.cn\/php\/hanyu\/wp-json\/wp\/v2\/pages\/7307"}],"wp:attachment":[{"href":"https:\/\/reto.cn\/php\/hanyu\/wp-json\/wp\/v2\/media?parent=7653"}],"curies":[{"name":"wp","href":"https:\/\/api.w.org\/{rel}","templated":true}]}}