{"id":7669,"date":"2021-08-26T11:00:11","date_gmt":"2021-08-26T03:00:11","guid":{"rendered":"http:\/\/reto.cn\/php\/hanyu\/?page_id=7669"},"modified":"2022-02-15T10:45:26","modified_gmt":"2022-02-15T02:45:26","slug":"literoj-ux-kaj-j","status":"publish","type":"page","link":"https:\/\/reto.cn\/php\/hanyu\/gramatiko_de_esperanto\/demandoj_kaj_respondoj_en_esperanta_lernado\/literoj-ux-kaj-j\/","title":{"rendered":"\u5b57\u6bcd \u016d \u548c j \u662f\u4ec0\u4e48\u6837\u7684\u97f3\u7d20\uff1f"},"content":{"rendered":"<p>\u5218\u9e3f\u5143<\/p>\n<p>\u5b57\u6bcd \u016d \u4e0d\u662f\u8f85\u97f3\u5b57\u6bcd\uff0c\u4e00\u822c\u4e0d\u4f1a\u51fa\u73b0\u5728\u5143\u97f3\u5b57\u6bcd\u524d\uff08\u67f4\u95e8\u970d\u592b\u53ea\u7528\u8fc7\u4e00\u4e2a\u8fd9\u6837\u7684\u8bcd\uff1a\u016da! \u8fd9\u662f\u4e00\u4e2a\u611f\u53f9\u8bcd\uff09\uff1b\u4f46\u662f\u5b57\u6bcdj\u53ef\u4ee5\u4f5c\u4e3a\u8f85\u97f3\u5b57\u6bcd\u4e0e\u5143\u97f3\u5b57\u6bcd\u62fc\u5408\uff0c\u4f8b\u5982\uff1ajes, jaro \u7b49\u3002<\/p>\n<p>\u53e6\u4e00\u65b9\u9762\uff0c\u8fd9\u4e24\u4e2a\u5b57\u6bcd\u53c8\u90fd\u53ef\u4ee5\u51fa\u73b0\u5728\u5143\u97f3\u5b57\u6bcd\u540e\u5e76\u4e0e\u4e4b\u4e00\u8d77\u6784\u6210\u53cc\u5143\u97f3\uff08diftongo\uff09\uff0c\u4f8b\u5982\uff1ada\u016dri, E\u016dropo, po\u016dpo; kajto, hejmo, sojlo, prujno\u3002\u6ce8\u610f\uff1a\u2460\u5728 kajero \u8fd9\u4e2a\u8bcd\u4e2d\uff0caj \u4e0d\u662f\u53cc\u5143\u97f3\uff0c\u6b64\u8bcd\u5e94\u8bfb\u4f5c ka-jero \u800c\u4e0d\u80fd\u8bfb\u4f5c kaj-ero\uff1b\u2461\u5e8f\u6570\u8bcd na\u016da \u4e2d\u7684a\u016d\u662f\u53cc\u5143\u97f3\uff0c\u6b64\u8bcd\u5e94\u8bfb\u4f5cna\u016d-a\u800c\u4e0d\u80fd\u8bfb\u4f5cna-\u016da\u3002<br \/>\n\u5728\u8bfb\u53cc\u5143\u97f3\u65f6\uff0c\u8981\u6c42\u6e05\u6670\u800c\u54cd\u4eae\u5730\u8bfb\u51fa\u524d\u9762\u7684\u5143\u97f3\uff0c\u800c\u5c06\u968f\u540e\u7684 -\u016d \u97f3\u548c -j \u97f3\u5feb\u901f\u5730\u4e00\u5e26\u800c\u8fc7\uff0c\u4f8b\u5982\uff1ada\u016dri \u8981\u8bfb\u6210 da\u016d-ri \u800c\u4e0d\u80fd\u8bfb\u6210 da-uri\u3002\u4ece\u97f3\u8282\u6570\u4e0a\u770b\uff0cda\u016dri \u542b\u6709\u4e24\u4e2a\u97f3\u8282\uff08da\u016d-ri\uff09\uff0c\u800c\u4e0d\u662f\u4e09\u4e2a\uff01<\/p>\n<p>\u9700\u8981\u6307\u51fa\u7684\u662f\uff0c\u6784\u6210\u53cc\u5143\u97f3\u7684 -\u016d \u548c -j \u4e0d\u80fd\u5355\u72ec\u6784\u6210\u4e00\u4e2a\u97f3\u8282\uff0c\u56e0\u4e3a\u5b83\u4eec\u4e0d\u662f\u72ec\u7acb\u7684\u5143\u97f3\u97f3\u7d20\uff0c\u8bed\u97f3\u5b66\u4e0a\u5c06\u8fd9\u6837\u7684\u97f3\u7d20\u5b9a\u540d\u4e3a\u201c\u534a\u5143\u97f3\uff08duonvokalo\uff09\u201d\u3002<\/p>\n<p>\u8fd4\u56de<a href=\"https:\/\/reto.cn\/php\/hanyu\/gramatiko_de_esperanto\/demandoj_kaj_respondoj_en_esperanta_lernado\/\">\u4e16\u754c\u8bed\u5b66\u4e60\u95ee\u7b54<\/a>\u680f\u76ee<\/p>\n","protected":false},"excerpt":{"rendered":"<p>\u5218\u9e3f\u5143 \u5b57\u6bcd \u016d \u4e0d\u662f\u8f85\u97f3\u5b57\u6bcd\uff0c\u4e00\u822c\u4e0d\u4f1a\u51fa\u73b0\u5728\u5143\u97f3\u5b57\u6bcd\u524d\uff08\u67f4\u95e8\u970d\u592b\u53ea\u7528\u8fc7\u4e00\u4e2a\u8fd9\u6837\u7684\u8bcd\uff1a\u016da! \u8fd9\u662f\u4e00\u4e2a\u611f\u53f9\u8bcd\uff09\u2026 <span class=\"read-more\"><a href=\"https:\/\/reto.cn\/php\/hanyu\/gramatiko_de_esperanto\/demandoj_kaj_respondoj_en_esperanta_lernado\/literoj-ux-kaj-j\/\">\u7ee7\u7eed\u9605\u8bfb Legi pli &raquo;<\/a><\/span><\/p>\n","protected":false},"author":3,"featured_media":0,"parent":7307,"menu_order":0,"comment_status":"open","ping_status":"closed","template":"","meta":{"footnotes":""},"_links":{"self":[{"href":"https:\/\/reto.cn\/php\/hanyu\/wp-json\/wp\/v2\/pages\/7669"}],"collection":[{"href":"https:\/\/reto.cn\/php\/hanyu\/wp-json\/wp\/v2\/pages"}],"about":[{"href":"https:\/\/reto.cn\/php\/hanyu\/wp-json\/wp\/v2\/types\/page"}],"author":[{"embeddable":true,"href":"https:\/\/reto.cn\/php\/hanyu\/wp-json\/wp\/v2\/users\/3"}],"replies":[{"embeddable":true,"href":"https:\/\/reto.cn\/php\/hanyu\/wp-json\/wp\/v2\/comments?post=7669"}],"version-history":[{"count":0,"href":"https:\/\/reto.cn\/php\/hanyu\/wp-json\/wp\/v2\/pages\/7669\/revisions"}],"up":[{"embeddable":true,"href":"https:\/\/reto.cn\/php\/hanyu\/wp-json\/wp\/v2\/pages\/7307"}],"wp:attachment":[{"href":"https:\/\/reto.cn\/php\/hanyu\/wp-json\/wp\/v2\/media?parent=7669"}],"curies":[{"name":"wp","href":"https:\/\/api.w.org\/{rel}","templated":true}]}}