{"id":7800,"date":"2021-08-29T14:00:56","date_gmt":"2021-08-29T06:00:56","guid":{"rendered":"http:\/\/reto.cn\/php\/hanyu\/?page_id=7800"},"modified":"2022-02-15T10:52:02","modified_gmt":"2022-02-15T02:52:02","slug":"vortakcento-kaj-frazakcento","status":"publish","type":"page","link":"https:\/\/reto.cn\/php\/hanyu\/gramatiko_de_esperanto\/demandoj_kaj_respondoj_en_esperanta_lernado\/vortakcento-kaj-frazakcento\/","title":{"rendered":"\u5173\u4e8e\u5355\u8bcd\u91cd\u97f3\u548c\u53e5\u5b50\u91cd\u97f3"},"content":{"rendered":"<p>\u5218\u9e3f\u5143<\/p>\n<p>1. \u5355\u8bcd\u91cd\u97f3\uff08vortakcento\uff09\uff1a<\/p>\n<p>\u5355\u8bcd\u91cd\u97f3\u662f\u6307\u5355\u8bcd\u6216\u53e5\u5b50\u4e2d\u9700\u8981\u91cd\u8bfb\u7684\u97f3\u8282\uff0c\u627f\u62c5\u91cd\u97f3\u7684\u53ea\u80fd\u662f\u97f3\u8282\u4e2d\u7684\u5143\u97f3\u97f3\u7d20\u3002\u5728\u4e00\u4e2a\u5355\u8bcd\u4e2d\uff0c\u91cd\u8bfb\u7684\u5143\u97f3\u5728\u97f3\u5f3a\u3001\u97f3\u9ad8\u548c\u97f3\u5ef6\u4e0a\u90fd\u751a\u4e8e\u8bcd\u4e2d\u7684\u5176\u4ed6\u5143\u97f3\u3002\u5355\u97f3\u8282\u8bcd\u5355\u72ec\u5b58\u5728\u65f6\u90fd\u662f\u8981\u91cd\u8bfb\u7684\uff08\u5426\u5219\u522b\u4eba\u600e\u4e48\u80fd\u542c\u5230\u5462?\uff09\uff0c\u53cc\u97f3\u8282\u8bcd\u53ca\u591a\u97f3\u8282\u8bcd\u7684\u91cd\u97f3\u90fd\u843d\u5728\u5012\u6570\u7b2c\u4e8c\u4e2a\u97f3\u8282\u4e0a\uff0c\u4f8b\u5982\uff08\u7c97\u4f53\u5b57\u6bcd\u8868\u793a\u91cd\u8bfb\uff09\uff1a<\/p>\n<p>\u2460\u53cc\u97f3\u8282\u8bcd\uff1as<strong>\u00e1<\/strong>-na, v<strong>\u00e9<\/strong>-ni, h<strong>\u00e9j<\/strong>-mo, l<strong>\u00ed<\/strong>ng-vo, <strong>\u00f3<\/strong>-ni, m<strong>\u00fa<\/strong>-ro\u7b49\uff1b<\/p>\n<p>\u2461\u4e09\u97f3\u8282\u8bcd\uff1anaj-b<strong>\u00e1<\/strong>-ro, ne-c<strong>\u00e9<\/strong>-sa, de-z<strong>\u00ed<\/strong>-ro, e\u016d-r<strong>\u00f3<\/strong>-pa, kon-d<strong>\u00fa<\/strong>-ki\u7b49\uff1b<\/p>\n<p>\u2462\u56db\u4e2a\u53ca\u4ee5\u4e0a\u97f3\u8282\u7684\u8bcd\uff1aor-di-n<strong>\u00e1<\/strong>-ra, fun-da-m<strong>\u00e9<\/strong>n-to, in-ter-na-c<strong>\u00ed<\/strong>-a, en-ci-klo-pe-d<strong>\u00ed<\/strong>-o, o-no-ma-to-p<strong>\u00e9<\/strong>-o\u7b49\u3002<\/p>\n<p>\u5728\u5408\u6210\u8bcd\u4e2d\uff0c\u7531\u4e8e\u6784\u6210\u5408\u6210\u8bcd\u7684\u4e24\u4e2a\u539f\u8bcd\u5404\u81ea\u90fd\u6709\u91cd\u97f3\uff0c\u56e0\u6b64\u5408\u6210\u8bcd\u5c31\u53ef\u80fd\u51fa\u73b0\u6b21\u91cd\u97f3\uff08flankakcento, kromakcento\uff09\u3002\u4e00\u822c\u6765\u8bf4\uff0c\u524d\u8bcd\u4e2d\u7684\u91cd\u97f3\u53d8\u6210\u4e86\u6b21\u91cd\u97f3\uff0c\u540e\u8bcd\u4e2d\u7684\u91cd\u97f3\u4f9d\u65e7\u662f\u6574\u4e2a\u5408\u6210\u8bcd\u7684\u91cd\u97f3\uff0c\u79f0\u4e3a\u4e3b\u91cd\u97f3\uff08\u0109efakcento\uff09\u3002\u4e16\u754c\u8bed\u4e2d\u6b64\u7c7b\u5408\u6210\u8bcd\u6bd4\u6bd4\u7686\u662f\uff0c\u6709\u65f6\u201c\u524d\u7f00\uff0b\u539f\u8bcd\u201d\u4e2d\u7684\u524d\u7f00\u4e5f\u53ef\u80fd\u627f\u62c5\u6b21\u91cd\u97f3\u3002\u4f8b\u5982\uff08\u659c\u4f53\u5b57\u6bcd\u8868\u793a\u6b21\u91cd\u97f3\uff0c\u7c97\u4f53\u5b57\u6bcd\u8868\u793a\u4e3b\u91cd\u97f3\uff09\uff1a<\/p>\n<p>\u2460\u539f\u8bcd\uff0b\u539f\u8bcd\uff1a\u0109<em>a<\/em>mbro-p<strong>\u00f3<\/strong>rdo, n<em>a\u016d<\/em>dek-j<strong>\u00e1<\/strong>ra, hot<em>e<\/em>l-k<strong>\u00f3<\/strong>nto\u7b49\u3002<\/p>\n<p>\u2461\u524d\u7f00\uff0b\u539f\u8bcd\uff1am<em>a<\/em>l-proks<strong>\u00ed<\/strong>ma, n<em>e<\/em>-ordin<strong>\u00e1<\/strong>ra\u7b49\u3002<\/p>\n<p>2. \u53e5\u5b50\u91cd\u97f3\uff08frazakcento\uff09\uff1a<\/p>\n<p>\u5728\u6717\u8bfb\u6216\u8bf4\u51fa\u4e00\u4e2a\u53e5\u5b50\u65f6\uff0c\u7531\u4e8e\u8bed\u6d41\u53d7\u53e5\u610f\u3001\u8282\u594f\u7b49\u7684\u5f71\u54cd\uff0c\u53e5\u4e2d\u7684\u4e00\u90e8\u5206\u5355\u8bcd\uff08\u4e00\u822c\u662f\u865a\u8bcd\uff09\u8981\u5f31\u8bfb\uff0c\u5373\u91cd\u97f3\u4e0d\u54cd\u4eae\uff08\u4f46\u5e76\u4e0d\u6d88\u5931\uff09\uff1b\u800c\u53e6\u4e00\u4e9b\u5355\u8bcd\uff08\u4e00\u822c\u662f\u5b9e\u8bcd\uff09\u8981\u5f3a\u8bfb\uff0c\u5373\u5355\u8bcd\u91cd\u97f3\u4ecd\u8981\u54cd\u4eae\u5730\u8bfb\u51fa\uff0c\u8fd9\u5c31\u662f\u53e5\u5b50\u91cd\u97f3\u3002\u53e5\u5b50\u91cd\u97f3\u6709\u4ee5\u4e0b\u4f5c\u7528\uff08\u659c\u4f53\u8bcd\u8868\u793a\u6b21\u91cd\u97f3\u6240\u5728\uff0c\u7c97\u4f53\u5b57\u8868\u793a\u91cd\u97f3\u6216\u4e3b\u91cd\u97f3\u6240\u5728\uff09\uff1a<\/p>\n<p>\u2460\u4f53\u73b0\u53e5\u5b50\u7684\u8282\u594f\u611f\u3001\u97f5\u5f8b\u611f\uff0c\u4f8b\u5982\uff1aLa <strong>l\u00edbro<\/strong> estas sur la <strong>t\u00e1blo<\/strong>. \u4e66\u5728\u684c\u4e0a\u3002<\/p>\n<p>\u2461\u7a81\u51fa\u91cd\u70b9\u6216\u5f3a\u8c03\u5bf9\u6bd4\uff0c\u4f8b\u5982\uff1aLa <em>inf\u00e1no<\/em> estas <strong>n\u00far d\u00e9kj<em>\u00e1<\/em>ra<\/strong>. \u90a3\u5b69\u5b50\u53ea\u6709\u5341\u5c81\u3002\uff0fLa patro <strong>n\u00e9 l\u00e9gas<\/strong> <em>l\u00edbron<\/em>, sed li <strong>skr\u00edbas<\/strong> <em>let\u00e9ron<\/em>. \u7236\u4eb2\u4e0d\u5728\u8bfb\u4e66\uff0c\u800c\u5728\u5199\u4fe1\u3002<\/p>\n<p>\u8fd4\u56de<a href=\"https:\/\/reto.cn\/php\/hanyu\/gramatiko_de_esperanto\/demandoj_kaj_respondoj_en_esperanta_lernado\/\">\u4e16\u754c\u8bed\u5b66\u4e60\u95ee\u7b54<\/a>\u680f\u76ee<\/p>\n","protected":false},"excerpt":{"rendered":"<p>\u5218\u9e3f\u5143 1. \u5355\u8bcd\u91cd\u97f3\uff08vortakcento\uff09\uff1a \u5355\u8bcd\u91cd\u97f3\u662f\u6307\u5355\u8bcd\u6216\u53e5\u5b50\u4e2d\u9700\u8981\u91cd\u8bfb\u7684\u97f3\u8282\uff0c\u627f\u62c5\u91cd\u97f3\u7684\u53ea\u80fd\u662f\u97f3\u2026 <span class=\"read-more\"><a href=\"https:\/\/reto.cn\/php\/hanyu\/gramatiko_de_esperanto\/demandoj_kaj_respondoj_en_esperanta_lernado\/vortakcento-kaj-frazakcento\/\">\u7ee7\u7eed\u9605\u8bfb Legi pli &raquo;<\/a><\/span><\/p>\n","protected":false},"author":1,"featured_media":0,"parent":7307,"menu_order":0,"comment_status":"open","ping_status":"closed","template":"","meta":{"footnotes":""},"_links":{"self":[{"href":"https:\/\/reto.cn\/php\/hanyu\/wp-json\/wp\/v2\/pages\/7800"}],"collection":[{"href":"https:\/\/reto.cn\/php\/hanyu\/wp-json\/wp\/v2\/pages"}],"about":[{"href":"https:\/\/reto.cn\/php\/hanyu\/wp-json\/wp\/v2\/types\/page"}],"author":[{"embeddable":true,"href":"https:\/\/reto.cn\/php\/hanyu\/wp-json\/wp\/v2\/users\/1"}],"replies":[{"embeddable":true,"href":"https:\/\/reto.cn\/php\/hanyu\/wp-json\/wp\/v2\/comments?post=7800"}],"version-history":[{"count":0,"href":"https:\/\/reto.cn\/php\/hanyu\/wp-json\/wp\/v2\/pages\/7800\/revisions"}],"up":[{"embeddable":true,"href":"https:\/\/reto.cn\/php\/hanyu\/wp-json\/wp\/v2\/pages\/7307"}],"wp:attachment":[{"href":"https:\/\/reto.cn\/php\/hanyu\/wp-json\/wp\/v2\/media?parent=7800"}],"curies":[{"name":"wp","href":"https:\/\/api.w.org\/{rel}","templated":true}]}}