{"id":7958,"date":"2021-09-15T07:36:26","date_gmt":"2021-09-14T23:36:26","guid":{"rendered":"http:\/\/reto.cn\/php\/hanyu\/?page_id=7958"},"modified":"2022-02-15T10:47:01","modified_gmt":"2022-02-15T02:47:01","slug":"i-kaj-j-u-kaj-u","status":"publish","type":"page","link":"https:\/\/reto.cn\/php\/hanyu\/gramatiko_de_esperanto\/demandoj_kaj_respondoj_en_esperanta_lernado\/i-kaj-j-u-kaj-u\/","title":{"rendered":"i \u548c j\u3001u \u548c \u016d\uff0c\u53d1\u97f3\u5404\u6709\u4ec0\u4e48\u533a\u522b\uff1f"},"content":{"rendered":"<p>\u5218\u9e3f\u5143<\/p>\n<p>\u6b64\u95ee\u9898\u4e0e<a href=\"https:\/\/reto.cn\/php\/hanyu\/gramatiko_de_esperanto\/demandoj_kaj_respondoj_en_esperanta_lernado\/literoj-ux-kaj-j\/\" target=\"_blank\" rel=\"noopener noreferrer\">\u7b2c2\u4e2a\u95ee\u9898<\/a>\u6709\u7c7b\u4f3c\u4e4b\u5904\u3002\u5728\u7b2c2\u4e2a\u95ee\u9898\u4e2d\u6211\u4eec\u8bf4\u8fc7\uff0cj \u548c \u016d \u662f\u534a\u5143\u97f3\uff0c\u5b83\u4eec\u4e0d\u80fd\u5355\u72ec\u6784\u6210\u97f3\u8282\uff0c\u53ea\u80fd\u4f9d\u9644\u5728\u5143\u97f3\u5b57\u6bcd\u540e\u5e76\u4e0e\u4e4b\u4e00\u8d77\u6784\u6210\u53cc\u5143\u97f3\uff08\u5982aj, ej, oj, uj; a\u016d, e\u016d, o\u016d\uff09\u3002\u8fd9\u4e24\u4e2a\u534a\u5143\u97f3\u4e2d\uff0c\u016d\u901a\u5e38\u4e0d\u51fa\u73b0\u5728\u5143\u97f3\u524d\uff0c\u800cj\u53ef\u4ee5\u51fa\u73b0\u5728\u5143\u97f3\u524d\uff08\u5982ja, jen, juna\uff09\u3002\u4e0e\u6b64\u4e0d\u540c\uff0ci\u548cu\u662f\u72ec\u7acb\u7684\u5143\u97f3\uff0c\u5b83\u4eec\u53ef\u4ee5\u5355\u72ec\uff08\u5f53\u7136\u53ef\u4ee5\u6709\u8f85\u97f3\u5b57\u6bcd\u4e0e\u5b83\u4eec\u62fc\u5408\uff09\u6784\u6210\u97f3\u8282\u3002<\/p>\n<p>\u4ece\u53d1\u97f3\u4e0a\u770b\uff0c\u6784\u6210\u53cc\u5143\u97f3\u7684 -j \u548c -\u016d \u8981\u6c42\u4e0e\u5176\u524d\u9762\u7684\u5143\u97f3\u4e00\u6c14\u5475\u6210\uff0c\u4e5f\u5c31\u662f\u8bf4\uff0c\u4e2d\u95f4\u4e0d\u80fd\u65ad\u5f00\uff0c\u4ee5\u53cc\u5143\u97f3a\u016d\u4e3a\u4f8b\uff0c\u4e0d\u80fd\u8bfb\u6210 a-\u016d\uff0c\u800c\u8981\u8fde\u8d2f\u8bfb\u6210 a\u016d\uff0c\u800c\u4e14\u5176\u4e2d\u7684 a\u97f3\u8981\u8bfb\u5f97\u6e05\u6670\u54cd\u4eae\uff0c\u016d \u97f3\u53ea\u8981\u4e00\u5e26\u800c\u8fc7\u5373\u53ef\u3002\u81f3\u4e8e\u5143\u97f3 i \u548c u\uff0c\u548c\u5176\u4ed6\u5143\u97f3\u4e00\u6837\u6309\u6b63\u786e\u7684\u53d1\u97f3\u65b9\u6cd5\u8bfb\u51fa\u5373\u53ef\u3002\u7eb8\u4e0a\u8c08\u5175\u4e5f\u8bb8\u4e0d\u80fd\u771f\u6b63\u89e3\u51b3\u95ee\u9898\uff0c\u5efa\u8bae\u8bfb\u8005\u591a\u542c\u591a\u7ec3\uff0c\u4e00\u5b9a\u4f1a\u6709\u6210\u6548\u3002<\/p>\n<p>\u8fd4\u56de<a href=\"https:\/\/reto.cn\/php\/hanyu\/gramatiko_de_esperanto\/demandoj_kaj_respondoj_en_esperanta_lernado\/\">\u4e16\u754c\u8bed\u5b66\u4e60\u95ee\u7b54<\/a>\u680f\u76ee<\/p>\n","protected":false},"excerpt":{"rendered":"<p>\u5218\u9e3f\u5143 \u6b64\u95ee\u9898\u4e0e\u7b2c2\u4e2a\u95ee\u9898\u6709\u7c7b\u4f3c\u4e4b\u5904\u3002\u5728\u7b2c2\u4e2a\u95ee\u9898\u4e2d\u6211\u4eec\u8bf4\u8fc7\uff0cj \u548c \u016d \u662f\u534a\u5143\u97f3\uff0c\u5b83\u4eec\u4e0d\u80fd\u5355\u72ec\u6784\u6210\u97f3\u8282\uff0c\u53ea\u80fd\u2026 <span class=\"read-more\"><a href=\"https:\/\/reto.cn\/php\/hanyu\/gramatiko_de_esperanto\/demandoj_kaj_respondoj_en_esperanta_lernado\/i-kaj-j-u-kaj-u\/\">\u7ee7\u7eed\u9605\u8bfb Legi pli &raquo;<\/a><\/span><\/p>\n","protected":false},"author":1,"featured_media":0,"parent":7307,"menu_order":0,"comment_status":"closed","ping_status":"closed","template":"","meta":{"footnotes":""},"_links":{"self":[{"href":"https:\/\/reto.cn\/php\/hanyu\/wp-json\/wp\/v2\/pages\/7958"}],"collection":[{"href":"https:\/\/reto.cn\/php\/hanyu\/wp-json\/wp\/v2\/pages"}],"about":[{"href":"https:\/\/reto.cn\/php\/hanyu\/wp-json\/wp\/v2\/types\/page"}],"author":[{"embeddable":true,"href":"https:\/\/reto.cn\/php\/hanyu\/wp-json\/wp\/v2\/users\/1"}],"replies":[{"embeddable":true,"href":"https:\/\/reto.cn\/php\/hanyu\/wp-json\/wp\/v2\/comments?post=7958"}],"version-history":[{"count":0,"href":"https:\/\/reto.cn\/php\/hanyu\/wp-json\/wp\/v2\/pages\/7958\/revisions"}],"up":[{"embeddable":true,"href":"https:\/\/reto.cn\/php\/hanyu\/wp-json\/wp\/v2\/pages\/7307"}],"wp:attachment":[{"href":"https:\/\/reto.cn\/php\/hanyu\/wp-json\/wp\/v2\/media?parent=7958"}],"curies":[{"name":"wp","href":"https:\/\/api.w.org\/{rel}","templated":true}]}}