{"id":8013,"date":"2021-09-16T16:19:40","date_gmt":"2021-09-16T08:19:40","guid":{"rendered":"http:\/\/reto.cn\/php\/hanyu\/?page_id=8013"},"modified":"2022-02-15T11:05:40","modified_gmt":"2022-02-15T03:05:40","slug":"sed-kaj-tamen","status":"publish","type":"page","link":"https:\/\/reto.cn\/php\/hanyu\/gramatiko_de_esperanto\/demandoj_kaj_respondoj_en_esperanta_lernado\/sed-kaj-tamen\/","title":{"rendered":"Sed \u548c tamen \u6709\u4ec0\u4e48\u533a\u522b\uff1f"},"content":{"rendered":"<p>\u5218\u9e3f\u5143<\/p>\n<p>Sed \u548c tamen \u90fd\u662f\uff08\u5e76\u5217\uff09\u8fde\u8bcd\uff08tamen\u5e26\u6709\u526f\u8bcd\u6027\uff09\uff0c\u7528\u6765\u5f15\u5bfc\u8f6c\u6298\u53e5\uff1bsed \u8868\u793a\u6bd4 tamen \u66f4\u5f3a\u70c8\u7684\u5bf9\u6bd4\u6027\u6216\u9650\u5236\u6027\u6761\u4ef6\uff08PPG2.3 \u7b2c365\u9875\uff09\u3002\u4f8b\u5982\uff1a<\/p>\n<p>Sed \u7528\u4f8b\uff1a<\/p>\n<p>Tiu domo estis mallar\u011da, sed alta. M.6 \u90a3\u623f\u5b50\u5f88\u7a84\uff0c\u53ef\u662f\u5f88\u9ad8\u3002<br \/>\nLango miela, sed koro kruela. PE.1269 \u5634\u751c\u5fc3\u72e0\u3002\uff0f\u53e3\u871c\u8179\u5251\u3002<br \/>\nEstis ankora\u016d ne tre malfrue vespere, sed sufi\u0109e mallume. M.11 \u65f6\u95f4\u8fd8\u4e0d\u665a\uff0c\u4f46\u5929\u8272\u5df2\u7ecf\u5f88\u9ed1\u4e86\u3002<br \/>\nMi volis \u015dlosi la pordon, sed mi perdis la \u015dlosilon. Ek.34 \u6211\u672c\u60f3\u8981\u9501\u95e8\uff0c\u4f46\u662f\u6211\u4e22\u4e86\u94a5\u5319\u3002<\/p>\n<p>Tamen \u7528\u4f8b\uff1a<\/p>\n<p>La fenestrokovriloj estis fermitaj, tamen tra ili briletis lumo. FA.1-8 \u7a97\u5916\u7684\u767e\u53f6\u7a97\u5df2\u7ecf\u653e\u4e0b\u6765\u4e86\uff0c\u4e0d\u8fc7\u7f1d\u9699\u91cc\u8fd8\u662f\u6709\u4eae\u5149\u900f\u9732\u51fa\u6765\u3002<br \/>\nJen mi venis al vi; tamen \u0109u mi povas ion diri al vi? Nm.22:38 \u73b0\u5728\u6211\u5230\u4f60\u8fd9\u91cc\u6765\u4e86\uff1b\uff08\u53ef\u662f\uff09\u6211\u80fd\u8bf4\u4ec0\u4e48\u5462\uff1f<br \/>\nLa knabo estis enlitigita\u2026 La maljuna avo tamen restis ankora\u016d \u0109e sia laboro. FA.2-110 \u8fd9\u4e2a\u5c0f\u5bb6\u4f19\u8eba\u5728\u5e8a\u4e0a\uff0c\u4e0d\u8fc7\u8001\u7956\u7236\u8fd8\u5728\u4e0d\u505c\u5730\u5de5\u4f5c\u3002<\/p>\n<p>\u4ee5\u4e0b\u4e24\u70b9\u9700\u8981\u4e86\u89e3\uff1a<\/p>\n<p>1. \u4e3a\u4e86\u5f3a\u8c03\u5bf9\u6bd4\uff0c\u8fd8\u53ef\u4ee5\u7528sed tamen\u6216kaj tamen\u7b49\u5f62\u5f0f\u3002\u4f8b\u5982\uff1a<\/p>\n<p>Sed tamen \u7528\u4f8b\uff1a<\/p>\n<p>Sinjoro Britain diris \u201ctre povas esti,\u201d sed tamen eliris, armita de la fero de forno. BV.47 \u4e0d\u5217\u98a0\u5148\u751f\u8bf4\u201c\u5f88\u6709\u53ef\u80fd\u201d\uff0c\u53ef\u662f\u4ed6\u4ecd\u7136\u51fa\u53bb\u4e86\uff0c\u8fd8\u5e26\u4e0a\u4e00\u6839\u70e7\u706b\u68cd\u9632\u8eab\u3002<br \/>\nMi scias, ke vi balda\u016d min forlasos\u2026 sed mi tamen ja ne povas\u2026 M.190 \u6211\u77e5\u9053\u60a8\u4e0d\u4e45\u5c31\u8981\u79bb\u5f00\u6211\u2026\u2026\u4f46\u6211\u8fd8\u662f\u4e0d\u80fd\u2026\u2026<br \/>\nIli estis ses belegaj infanoj, sed la plej juna estis tamen la plej bela el \u0109iuj. FA.1-51 \u5979\u4eec\u662f\u516d\u4e2a\u7f8e\u4e3d\u7684\u5b69\u5b50\uff0c\u800c\u5979\u4eec\u4e4b\u4e2d\uff0c\u90a3\u4e2a\u9876\u5c0f\u7684\u8981\u7b97\u662f\u6700\u7f8e\u4e3d\u7684\u4e86\u3002<\/p>\n<p>Kaj tamen \u7528\u4f8b\uff1a<\/p>\n<p>Nokta lampo ne brulis tie [= en tiu \u0109ambro], kaj tamen estis tute lume. FA.1-21 \u90a3\u4e2a\u623f\u95f4\u91cc\u6ca1\u6709\u70b9\u591c\u706f\uff0c\u4f46\u662f\u4ecd\u7136\u5f88\u4eae\u3002<br \/>\nMankas kampoj en tiu urbo [= Romo], kaj tamen al la romanoj neniam mankas man\u011da\u0135oj. \u015cU.14 \u867d\u7136\u7f57\u9a6c\u57ce\u7f3a\u5c11\u7530\u5730\uff0c\u4f46\u662f\u7f57\u9a6c\u4eba\u4ece\u6765\u5c31\u4e0d\u7f3a\u5403\u7684\u3002<\/p>\n<p>2. Tamen \u8fd8\u5e38\u4e0e\u8ba9\u6b65\u4ece\u5c5e\u8fde\u8bcd kvankam, malgra\u016d ke \u642d\u914d\uff0c\u5f3a\u8c03\u5bf9\u6bd4\u6027\u3002\u4f8b\u5982\uff1a<br \/>\nKvankam ili lo\u011dis en kelo\u2026, tamen agrabla varmo regis en ilia \u0109ambro. FA.2-120 \u867d\u7136\u4ed6\u4eec\u4f4f\u5728\u5730\u7a96\u91cc\uff0c\u4f46\u662f\u4ed6\u4eec\u7684\u623f\u95f4\u91cc\u8fd8\u662f\u5f88\u6e29\u6696\u8212\u9002\u7684\u3002\uff0f\u5728kvankam\u2026 tamen\uff08\u867d\u7136\u2026\u4f46\u662f\uff09\u7ed3\u6784\u4e2d\uff0c\u4e2d\u56fd\u4eba\u5e38\u5e38\u4f1a\u8bef\u7528 kvankam\u2026 sed\uff0c\u9700\u8981\u6ce8\u610f\u3002<br \/>\nEn niaj kongresoj la sorto donis al mi rolon kvankam tre flatan, tamen samtempe anka\u016d tre \u015dar\u011dan. OV.390 \u5728\u6211\u4eec\u7684\u5927\u4f1a\u671f\u95f4\uff0c\u547d\u8fd0\u8d4b\u4e88\u6211\u4e00\u9879\u4efb\u52a1\uff0c\u867d\u7136\u4f7f\u4eba\u975e\u5e38\u6109\u5feb\uff0c\u4f46\u540c\u65f6\u4e5f\u662f\u975e\u5e38\u6c89\u91cd\u7684\u8d1f\u62c5\u3002<br \/>\nMalgra\u016d ke estas malproksime, \u011di [= la estraro] tamen notas al si en la cerbo. Rz.6 \u5c3d\u7ba1\u8def\u9014\u9065\u8fdc\uff0c\u4e0a\u53f8\u4eec\u5bf9\u4e00\u5207\u90fd\u4e86\u5982\u6307\u638c\u3002<\/p>\n<p>\u8fd4\u56de<a href=\"https:\/\/reto.cn\/php\/hanyu\/gramatiko_de_esperanto\/demandoj_kaj_respondoj_en_esperanta_lernado\/\">\u4e16\u754c\u8bed\u5b66\u4e60\u95ee\u7b54<\/a>\u680f\u76ee<\/p>\n","protected":false},"excerpt":{"rendered":"<p>\u5218\u9e3f\u5143 Sed \u548c tamen \u90fd\u662f\uff08\u5e76\u5217\uff09\u8fde\u8bcd\uff08tamen\u5e26\u6709\u526f\u8bcd\u6027\uff09\uff0c\u7528\u6765\u5f15\u5bfc\u8f6c\u6298\u53e5\uff1bsed \u8868\u793a\u6bd4 ta\u2026 <span class=\"read-more\"><a href=\"https:\/\/reto.cn\/php\/hanyu\/gramatiko_de_esperanto\/demandoj_kaj_respondoj_en_esperanta_lernado\/sed-kaj-tamen\/\">\u7ee7\u7eed\u9605\u8bfb Legi pli &raquo;<\/a><\/span><\/p>\n","protected":false},"author":3,"featured_media":0,"parent":7307,"menu_order":0,"comment_status":"closed","ping_status":"closed","template":"","meta":{"footnotes":""},"_links":{"self":[{"href":"https:\/\/reto.cn\/php\/hanyu\/wp-json\/wp\/v2\/pages\/8013"}],"collection":[{"href":"https:\/\/reto.cn\/php\/hanyu\/wp-json\/wp\/v2\/pages"}],"about":[{"href":"https:\/\/reto.cn\/php\/hanyu\/wp-json\/wp\/v2\/types\/page"}],"author":[{"embeddable":true,"href":"https:\/\/reto.cn\/php\/hanyu\/wp-json\/wp\/v2\/users\/3"}],"replies":[{"embeddable":true,"href":"https:\/\/reto.cn\/php\/hanyu\/wp-json\/wp\/v2\/comments?post=8013"}],"version-history":[{"count":0,"href":"https:\/\/reto.cn\/php\/hanyu\/wp-json\/wp\/v2\/pages\/8013\/revisions"}],"up":[{"embeddable":true,"href":"https:\/\/reto.cn\/php\/hanyu\/wp-json\/wp\/v2\/pages\/7307"}],"wp:attachment":[{"href":"https:\/\/reto.cn\/php\/hanyu\/wp-json\/wp\/v2\/media?parent=8013"}],"curies":[{"name":"wp","href":"https:\/\/api.w.org\/{rel}","templated":true}]}}