{"id":8052,"date":"2021-09-22T12:31:08","date_gmt":"2021-09-22T04:31:08","guid":{"rendered":"http:\/\/reto.cn\/php\/hanyu\/?page_id=8052"},"modified":"2022-01-29T12:33:32","modified_gmt":"2022-01-29T04:33:32","slug":"haitianoj-transiras-amase-la-riveregon-rio-grande-por-atingi-teksason","status":"publish","type":"page","link":"https:\/\/reto.cn\/php\/hanyu\/rigardi-la-mondon-per-esperanto\/haitianoj-transiras-amase-la-riveregon-rio-grande-por-atingi-teksason\/","title":{"rendered":"Haitianoj transiras amase la riveregon Rio Grande por atingi Teksason \u6d77\u5730\u4eba\u8702\u62e5\u8fc7\u6cb3\u5230\u5fb7\u514b\u8428\u65af"},"content":{"rendered":"<p><strong>21\/09\/2021<\/strong><\/p>\n<p>Sub viglaj kritikoj de la respublikanoj kaj alvokoj de demokratoj agadi, la usona registaro de\u00a0<em>Joe Biden<\/em> anoncis sabaton, ke \u011di akcelos la ritmon de elpeladoj per aviadilo de preska\u016d 15 000 migrantoj, \u0109efe haitianoj, grupigitaj de pluraj tagoj sub ponto en Teksaso.<\/p>\n<p><img decoding=\"async\" loading=\"lazy\" class=\"alignnone \" src=\"https:\/\/image.over-blog.com\/YwVul04daGv2p8-qzBLgjNglpAU=\/filters:no_upscale()\/image%2F0553642%2F20210921%2Fob_aa15e0_1632159060-274001-1632159187-noticia-n.jpg\" width=\"600\" height=\"418\" \/><\/p>\n<p><span lang=\"NL\">Tiuj migrantoj devenis de Meksiko kaj iris al Del Rio, en Teksaso,\u00a0<a href=\"https:\/\/www.youtube.com\/watch?v=o7zmzmbN4e8\">kiel montras video<\/a>.<\/span><\/p>\n<p>De malpli ol 2 000 komence de la semajno, ili estis pli ol 14 800 sabaton, la\u016d la nombro\u00a0de la urbestro de tiu landlima urbo,\u00a0<em>Bruno Lozano.<\/em><\/p>\n<p>La impresaj bildoj de tiuj migrantoj amasigitaj sub ponto, en varmeco, atendante, ke la a\u016dtoritatoj ekzamenu ilian aferon instigis tiujn lastajn tagojn la respublikana opozicio kaj anka\u016d demokrataj vo\u0109oj admoni\u00a0<em>Joe Biden<\/em>, ke li solvu la situacion senatende.<\/p>\n<p>La usona prezidento \u011dis nun plu silentis, sed sabaton, lia ministrejo pri Sekureco anoncis \u00ab\u00a0<em>novan kompletan strategion por respondi<\/em>\u00a0\u00bb al tiuj amasaj alvenoj. \u011ci implicas interalie \u00ab\u00a0<em>akcelon de la ritmo kaj pli ampleksan enhavecon de la elpelaj flugoj al Haitio kaj aliaj lokoj<\/em>\u00a0\u00bb, en la venontaj 72 horoj.<\/p>\n<p><img decoding=\"async\" loading=\"lazy\" class=\"alignnone \" src=\"https:\/\/image.over-blog.com\/qp_UHm266mdcq40U46nJc7vNJKc=\/filters:no_upscale()\/image%2F0553642%2F20210921%2Fob_cc80b5_maxresdefault.jpg\" width=\"601\" height=\"338\" \/><\/p>\n<p>La nacianoj de tiu malri\u0109a kaj malstabila lando \u0109iam formas malplimulton en Usono, sed de pluraj monatoj ilia nombro kreskas.<\/p>\n<p>Al la politikaj tumultoj kaj malsekureco, kiuj jam skuis Haition, aldoni\u011dis en a\u016dgusto mortiga tertremo, kiu detruis la sud-okcidenton de la lando, mortigante pli ol 2 200 lo\u011dantojn.<\/p>\n<p>el <a href=\"http:\/\/neniammilitointerni.over-blog.com\/\" target=\"_blank\" rel=\"noopener noreferrer\">Neniam milito inter ni<\/a><\/p>\n<p><a href=\"https:\/\/reto.cn\/php\/hanyu\/rigardi-la-mondon-per-esperanto\">\u8fd4\u56de\u672c\u680f\u76ee\u76ee\u5f55 reveni al la listo de tiu \u0109i rubriko<\/a><\/p>\n","protected":false},"excerpt":{"rendered":"<p>21\/09\/2021 Sub viglaj kritikoj de la respublikanoj kaj \u2026 <span class=\"read-more\"><a href=\"https:\/\/reto.cn\/php\/hanyu\/rigardi-la-mondon-per-esperanto\/haitianoj-transiras-amase-la-riveregon-rio-grande-por-atingi-teksason\/\">\u7ee7\u7eed\u9605\u8bfb Legi pli &raquo;<\/a><\/span><\/p>\n","protected":false},"author":1,"featured_media":0,"parent":4915,"menu_order":0,"comment_status":"open","ping_status":"closed","template":"","meta":{"footnotes":""},"_links":{"self":[{"href":"https:\/\/reto.cn\/php\/hanyu\/wp-json\/wp\/v2\/pages\/8052"}],"collection":[{"href":"https:\/\/reto.cn\/php\/hanyu\/wp-json\/wp\/v2\/pages"}],"about":[{"href":"https:\/\/reto.cn\/php\/hanyu\/wp-json\/wp\/v2\/types\/page"}],"author":[{"embeddable":true,"href":"https:\/\/reto.cn\/php\/hanyu\/wp-json\/wp\/v2\/users\/1"}],"replies":[{"embeddable":true,"href":"https:\/\/reto.cn\/php\/hanyu\/wp-json\/wp\/v2\/comments?post=8052"}],"version-history":[{"count":0,"href":"https:\/\/reto.cn\/php\/hanyu\/wp-json\/wp\/v2\/pages\/8052\/revisions"}],"up":[{"embeddable":true,"href":"https:\/\/reto.cn\/php\/hanyu\/wp-json\/wp\/v2\/pages\/4915"}],"wp:attachment":[{"href":"https:\/\/reto.cn\/php\/hanyu\/wp-json\/wp\/v2\/media?parent=8052"}],"curies":[{"name":"wp","href":"https:\/\/api.w.org\/{rel}","templated":true}]}}