{"id":8080,"date":"2021-09-23T19:54:24","date_gmt":"2021-09-23T11:54:24","guid":{"rendered":"http:\/\/reto.cn\/php\/hanyu\/?page_id=8080"},"modified":"2022-02-15T11:09:27","modified_gmt":"2022-02-15T03:09:27","slug":"pri_igh","status":"publish","type":"page","link":"https:\/\/reto.cn\/php\/hanyu\/gramatiko_de_esperanto\/demandoj_kaj_respondoj_en_esperanta_lernado\/pri_igh\/","title":{"rendered":"\u5173\u4e8e\u540e\u7f00 -I\u011c-"},"content":{"rendered":"<p>\u5218\u9e3f\u5143<\/p>\n<p>\u540e\u7f00-i\u011d-\u610f\u4e3a\u201c\uff08\u5c06\u81ea\u5df1\uff09\u53d8\u6210\u67d0\u6837\u7684\uff0f\u6210\u4e3a\u67d0\u6837\u7684\u201d\uff0c\u53ef\u4ee5\u52a0\u5728\u4efb\u4f55\u8bcd\u7d20\uff08\u8bcd\u5c3e\u9664\u5916\uff09\u540e\u9762\uff0c\u672c\u8eab\u5c31\u8868\u793a\u72b6\u6001\u7684\u8f6c\u53d8\uff0c\u4f46\u5e76\u4e0d\u7cbe\u786e\u8bf4\u660e\u8be5\u8f6c\u53d8\u7684\u539f\u56e0\u662f\u6765\u81ea\u5916\u90e8\uff08\u5f3a\u8feb\uff0c\u975e\u4eba\u4e3a\u7684\u529b\u91cf\uff09\u8fd8\u662f\u6765\u81ea\u5185\u90e8\uff08\u81ea\u89c9\u7684\u6216\u4e0d\u81ea\u89c9\u7684\u610f\u5fd7\uff0c\u6f14\u53d8\u7b49\uff09\uff1b\u56e0\u6b64\uff0c\u5b83\u53ef\u4ee5\u540c\u7b49\u5730\u8868\u8fbe\u88ab\u52a8\u627f\u53d7\u7684\u52a8\u4f5c\uff0c\u4f8b\u5982\uff1a<\/p>\n<p>La spegulo rompi\u011das. \u955c\u5b50\u88ab\u6253\u788e\u4e86\u3002<br \/>\nLa pordo malfermi\u011dis, kaj Phut eniris. F.1-192 \u95e8\u5f00\u4e86\uff0c\u5bcc\u7279\u8d70\u4e86\u8fdb\u6765\u3002<\/p>\n<p>\u6216\u662f\u4e3b\u8bed\u4e3b\u52a8\u65bd\u884c\u7684\u53ca\u81f3\u81ea\u8eab\u7684\u52a8\u4f5c\uff0c\u4f8b\u5982\uff1a<\/p>\n<p>Mi sidi\u011das \/ stari\u011das sur la piedoj \/ levi\u011das el la lito. \u6211\u5750\u4e0b\uff0f\u7ad9\u8d77\u6765\uff0f\u8d77\u5e8a\u3002<br \/>\n\u0108iuj prepari\u011das al nia komuna festo. OV.390 \u5927\u5bb6\u90fd\u5728\u51c6\u5907\u6211\u4eec\u7684\u5171\u540c\u8282\u65e5\u3002<br \/>\nLa tuta esperantistaro\u2026 grupi\u011dis \u0109irka\u016d sia standardo. OV.386 \u5168\u4f53\u4e16\u754c\u8bed\u8005\u90fd\u805a\u96c6\u5728\u7eff\u65d7\u7684\u5468\u56f4\u3002<br \/>\nLi tre forte deklini\u011dis de la bezonata vojo. FA.3-93 \u4ed6\u4e25\u91cd\u5730\u504f\u79bb\u4e86\u4ed6\u9700\u8981\u53bb\u7684\u5730\u65b9\u3002<br \/>\nKali \u0135eti\u011dis fulmrapide viza\u011daltere. DP.184 \u52a0\u5229\u5f88\u5feb\u5730\u8138\u671d\u4e0b\u6251\u5012\u5728\u5730\u3002<br \/>\nklini\u011dado anta\u016d \u015dajnaj a\u016dtoritatoj OV.387 \u5c48\u670d\u4e8e\u8c8c\u4f3c\u6743\u5a01<\/p>\n<p>\u5177\u4f53\u7528\u6cd5\u5982\u4e0b\uff1a<\/p>\n<p>A. \u4e0e\u52a8\u8bcd\u8bcd\u6839\u8fde\u7528\uff0c\u8868\u793a\u201c\u6709\u610f\u65e0\u610f\u5730\u8fc7\u6e21\u5230\u65b0\u72b6\u6001\u201d\uff0c\u8fd9\u79cd\u65b0\u72b6\u6001\u662f\u56e0\u4efb\u4f55\u4eba\uff08\u5305\u62ec\u4e3b\u8bed\uff09\u7684\u52a8\u4f5c\u800c\u4ea7\u751f\u7684\u3002\u5b83\u53ef\u4ee5\uff1a<\/p>\n<p>1. \u52a0\u5728\u4e0d\u53ca\u7269\u52a8\u8bcd\u540e\uff0c-i\u011d-\u7684\u524d\u9762\u9690\u542b\u7740\u5206\u8bcd\u540e\u7f00-anta\u6216-inta\u7684\u610f\u601d\u3002\u4f8b\u5982\uff1a\u0109esi\u011di \u6e10\u6e10\u505c\u4e0b\uff0cdormi\u011di \u7761\u7740\uff0cdroni\u011di \u6eba\u6b7b\uff0cku\u015di\u011di \u8eba\u4e0b\uff0csidi\u011di \u5750\u4e0b\uff0cstari\u011di \u7ad9\u8d77\uff0c\u7b49\u3002\u53c8\u5982\uff1a<\/p>\n<p>\u0108esi\u011dis la pluvo el la \u0109ielo. Gn.8:2 \u5929\u4e0a\u7684\u5927\u96e8\u6b62\u4f4f\u4e86\u3002<br \/>\nLi falis sub la radojn de veturanta vagonaro kaj morti\u011dis. Ek.39 \u4ed6\u8dcc\u5012\u5728\u9a76\u6765\u7684\u706b\u8f66\u8f66\u8f6e\u4e0b\uff0c\u6b7b\u53bb\u4e86\u3002<br \/>\n[La \u0109apo,] flugante, pendi\u011dis sur la bran\u0109oj de la arbeto. Ek.39 \u5e3d\u5b50\u98de\u554a\u98de\uff0c\u6302\u5728\u4e86\u5c0f\u6811\u6811\u679d\u4e0a\u3002<\/p>\n<p>2. \u52a0\u5728\u53ca\u7269\u52a8\u8bcd\u540e\uff0c-i\u011d-\u7684\u524d\u9762\u9690\u542b\u7740\u5206\u8bcd\u540e\u7f00-ata\u6216-ita\u7684\u610f\u601d\uff1b\u56e0\u6b64\uff0c\u5b83\u5b9e\u9645\u4e0a\u662f\u628a\u53ca\u7269\u52a8\u8bcd\u53d8\u6210\u4e86\u4e0d\u53ca\u7269\u52a8\u8bcd\u3002\u4f8b\u5982\uff1aa\u016ddi\u011di \u88ab\u542c\u89c1\uff0f\u4f20\u6765\u58f0\u54cd\uff0cfini\u011di \u7ed3\u675f\uff0f\u7ec8\u6b62\uff0ckomenci\u011di \u5f00\u59cb\uff0cnaski\u011di \u51fa\u751f\uff0f\u8bde\u751f\uff0crenkonti\u011di \u76f8\u9047\uff0f\u89c1\u9762\uff0crompi\u011di \u88ab\u6253\u788e\uff0f\u88ab\u6298\u65ad\uff0ctrovi\u011di \u88ab\u627e\u5230\uff0f\u5b58\u5728\uff08\u4e8e\u67d0\u5904\uff09\uff0f\uff08\u67d0\u5904\uff09\u6709\uff0cvidi\u011di \u663e\u73b0\uff0f\u51fa\u73b0\uff0c\u7b49\u3002\u53c8\u5982\uff1a<\/p>\n<p>Jen montri\u011dis tero. FA.1-56 \uff08\u5979\u9762\u524d\uff09\u5c55\u73b0\u7684\u662f\u4e00\u7247\u9646\u5730\u3002<br \/>\nLa koro al mi premi\u011das. H.177 \u6211\u611f\u5230\u5fc3\u5934\u4f5c\u6076\u3002<br \/>\nProfundaj planoj detrui\u011das. H.183 \u6df1\u9083\u7684\u8ba1\u5212\u6bc1\u706d\u4e86\u3002<br \/>\nla faroj, kiuj fari\u011das sub la suno Pr.2:17 \u5728\u65e5\u5149\u4e4b\u4e0b\u6240\u884c\u7684\u4e8b<br \/>\nKio vendi\u011das ka\u015dite, vendi\u011das plej profite. PE.955 \u6697\u4e2d\u51fa\u552e\u7684\u4e1c\u897f\uff0c\u6700\u6709\u5229\u53ef\u56fe\u3002<br \/>\nLi eksciti\u011das kiel bolanta lakto. PE.1321 \u4ed6\u50cf\u716e\u6cb8\u7684\u725b\u5976\u90a3\u6837\u5bb9\u6613\u6fc0\u52a8\u3002<br \/>\nKolekti\u011das pacaj batalantoj. FK.298 \u548c\u5e73\u6218\u58eb\u805a\u5728\u4e00\u8d77\u3002<br \/>\nLa tero balda\u016d kovri\u011dis de smeralda verda\u0135o. F.1-148 \u5927\u5730\u5f88\u5feb\u5c31\u8986\u76d6\u4e86\u7eff\u6cb9\u6cb9\u7684\u690d\u7269\u3002<\/p>\n<p>B. \u4e0e\u975e\u52a8\u8bcd\u8bcd\u6839\u8fde\u7528\uff0c\u8868\u793a\u201c\u6709\u610f\u65e0\u610f\u5730\u8fc7\u6e21\u5230\u65b0\u72b6\u6001\uff1b\u83b7\u53d6\u67d0\u79cd\u65b0\u7279\u6027\u201d\uff1b\u5728\u540e\u7f00-i\u011d-\u524d\u9762\uff0c\u539f\u8bcd\u7684\u8bcd\u5c3e-a\u6216-e\u8981\u7701\u7565\u3002\u5b83\u53ef\u4ee5\uff1a<\/p>\n<p>1. \u52a0\u5728\u5f62\u5bb9\u8bcd\u8bcd\u6839\u540e\uff0c\u4f8b\u5982\uff1aakri\u011di (= i\u011di akra) \u53d8\u5f97\u950b\u5229\uff0f\u52a0\u5267\uff0calti\u011di \u5347\u9ad8\uff0f\u4e0a\u5347\uff0f\u4e0a\u6da8\uff0cblindi\u011di \u53d8\u76f2\uff0f\u5931\u660e\uff0cboni\u011di \u53d8\u597d\uff0f\u597d\u8d77\u6765\uff0cpreti\u011di \u505a\u597d\u51c6\u5907\uff0f\u5c31\u7eea\uff0cresani\u011di \u6062\u590d\u5065\u5eb7\uff0f\u75ca\u6108\uff0cri\u0109i\u011di \u53d8\u5bcc\uff0f\u53d1\u8d22\uff0cverdi\u011di \u53d8\u7eff\uff0c\u7b49\u3002\u53c8\u5982\uff1a<br \/>\nLarmo virina balda\u016d seki\u011das. PE.1276 \u5973\u4eba\u7684\u773c\u6cea\u5e72\u5f97\u5feb\u3002<br \/>\nIli muti\u011das kiel \u015dtono. Er.15:16 \u4ed6\u4eec\u5982\u77f3\u5934\u5bc2\u7136\u4e0d\u52a8\u3002<br \/>\n\u015ci [= Eva] gravedi\u011dis, kaj \u015di naskis Kainon. Gn.4:1 \u590f\u5a03\u6000\u5b55\uff0c\u751f\u4e86\u8be5\u9690\u3002<\/p>\n<p>2. \u52a0\u5728\u526f\u8bcd\u8bcd\u6839\u3001\u4ecb\u8bcd\u6216\u8bcd\u7f00\u4e4b\u540e\uff0c\u4f8b\u5982\uff1aali\u011di (= veni al, sin meti al) \u6765\u5230\uff0f\u52a0\u4e0a\uff0f\u52a0\u5165\u5230\uff0cdisi\u011di (= iri disen) \u8d70\u6563\uff0f\u5206\u624b\uff0ckontra\u016di\u011di \u53d8\u4e3a\u53cd\u5bf9\uff0f\u5bf9\u7acb\u8d77\u6765\uff0cretroi\u011di \u6298\u56de\uff0f\u9000\u7f29\u56de\u53bb\uff0f\u53d8\u5366\uff0csubi\u011di \u964d\u4e0b\uff0f\u843d\u4e0b\uff0csupri\u011di \u5411\u4e0a\u5347\uff0c\u7b49\u3002\u53c8\u5982\uff1a<br \/>\nkuni\u011di en la domo de siaj gepatroj OV.390 \u5728\u81ea\u5df1\u7236\u6bcd\u5bb6\u4e2d\u56e2\u805a<br \/>\nLa simpla lernado kaj uzado de Esperanto, neniun devigas ali\u011di al ia ideo. OV.378 \u5355\u7eaf\u5b66\u4e60\u548c\u4f7f\u7528\u4e16\u754c\u8bed\uff0c\u5e76\u4e0d\u7b49\u4e8e\u52a0\u5165\u67d0\u79cd\u601d\u6f6e\u3002<br \/>\nLa e\u016dfemismo nepri\u011dis kiel strukturiga ero de la politika diskurso. Tx \u59d4\u5a49\u8bf4\u6cd5\u4f5c\u4e3a\u653f\u6cbb\u6f14\u8bf4\u4e2d\u7684\u5efa\u6784\u6210\u5206\u53d8\u5f97\u7edd\u5bf9\u6709\u5fc5\u8981\u3002<\/p>\n<p>3. \u52a0\u5728\u975e\u5408\u6210\u7684\u540d\u8bcd\u8bcd\u6839\u540e\uff0c\u53ef\u5206\u6790\u4e3a\u5c06-i\u011d-\u52a0\u5728\u7531\u8be5\u8bcd\u6839\u6d3e\u751f\u800c\u6765\u7684\u5f62\u5bb9\u8bcd\u5f62\u5f0f\u540e\u3002\u4f8b\u5982\uff1anubi\u011di (= i\u011di nuba) \u53d8\u5f97\u591a\u4e91\uff0f\u88ab\u4e91\u906e\u4f4f\uff0centuziasmi\u011di (= i\u011di entuziasma) \u53d8\u5f97\u6709\u70ed\u60c5\uff0f\u70ed\u60c5\u8d77\u6765\uff0c\u7b49\u3002<\/p>\n<p>4. \u52a0\u5728\u201c\u524d\u7f00\u6027\u4ecb\u8bcd\uff0b\u540d\u8bcd\u8bcd\u6839\u201d\u4e4b\u540e\uff0c\u6839\u636e\u4e0d\u540c\u7684\u4ecb\u8bcd\uff0c\u540e\u7f00-i\u011d-\u5177\u6709\u4e0d\u540c\u7684\u610f\u601d\uff0c\u4f46\u662f\u8be5\u540d\u8bcd\u59cb\u7ec8\u662f\u4ecb\u8bcd\u7684\u8865\u8db3\u6210\u5206\u3002<\/p>\n<p>\u2460\u4e0e\u5730\u70b9\u4ecb\u8bcd\u8fde\u7528\u65f6\uff0c\u540e\u7f00-i\u011d-\u610f\u4e3a\u201c\u6709\u610f\u65e0\u610f\u5730\u8fdb\u5165\u67d0\u5730\u201d\u3002\u4f8b\u5982\uff1aalbordi\u011di \u9760\u5cb8\uff0cdevoji\u011di \u504f\u79bb\u6b63\u9053\uff0cenkale\u015di\u011di \u4e0a\u56db\u8f6e\u9a6c\u8f66\uff0cenliti\u011di \u4e0a\u5e8a\uff08\u7761\u89c9\uff09\uff0censabli\u011di \u88ab\u63a8\u5165\u6c99\u4e2d\uff0cen\u015dipi\u011di \u4e0a\u8239\uff0centombi\u011di \u88ab\u846c\u5165\u575f\u5893\uff0cenvici\u011di \u8fdb\u5165\u884c\u5217\uff0csubakvi\u011di \u6c89\u5165\u6c34\u4e0b\uff0f\u6f5c\u5165\u6c34\u4e2d\uff0csurkruci\u011di \u88ab\u9489\u6b7b\u5728\u5341\u5b57\u67b6\u4e0a\uff0csurlagi\u011di \u5230\u6e56\u4e0a\u53bb\uff0f\u843d\u5728\u6e56\u9762\u4e0a\uff0csurmari\u011di \u51fa\u6d77\uff08\u822a\u884c\uff09\uff0csurteri\u011di\uff08\u98de\u673a\uff09\u7740\u9646\uff0f\u964d\u843d\uff0c\u7b49\u3002<\/p>\n<p>\u2461\u4e0e\u8868\u7f3a\u5c11\u6216\u53bb\u9664\u7684\u4ecb\u8bcd\u8fde\u7528\u65f6\uff0c\u540e\u7f00-i\u011d-\u610f\u4e3a\u201c\u4e0d\u518d\u6709\u2026\uff0f\u5931\u53bb\u67d0\u7269\u201d\u3002\u4f8b\u5982\uff1adetroni\u011di \u88ab\u5e9f\u9edc\uff0csenfolii\u011di\uff08\u6811\uff09\u843d\u53f6\uff0csenmaski\u011di \u6458\u4e0b\uff08\u81ea\u5df1\u7684\uff09\u9762\u5177\uff0f\u5931\u53bb\u4f2a\u88c5\uff0csenplumi\u011di\uff08\u5168\u8eab\uff09\u7fbd\u6bdb\u8131\u843d\uff0csenvuali\u011di \u6458\u53bb\uff08\u81ea\u5df1\u7684\uff09\u9762\u7eb1\uff0f\u66b4\u9732\uff0c\u7b49\u3002\u6709\u65f6\u4e5f\u7528\u524d\u7f00mal-\uff0c\u4f8b\u5982\uff1amalamiki\u011di \u4e0d\u518d\u662f\u670b\u53cb\uff0f\u6210\u4e3a\u4ec7\u654c\uff0cmallumi\u011di \u53d8\u6697\uff0f\u9ed1\u4e0b\u6765\uff0c\u7b49\u3002<\/p>\n<p>C. \u4ece\u6240\u6709\u7684i\u011d\u52a8\u8bcd\u4e0a\u90fd\u53ef\u4ee5\u6709\u89c4\u5219\u5730\u6d3e\u751f\u51fa\uff1a<\/p>\n<p>1. \u540d\u8bcd\uff0c\u610f\u4e3a\u201c\u53d8\u5316\u8005\u7684\u72b6\u6001\uff08stato de -i\u011danto\uff09\u201d\u3002\u4f8b\u5982\uff1aaliformi\u011do de vesto \u8863\u670d\u53d8\u6837\uff0f\u6362\u88c5\uff0cblindi\u011do \u81f4\u76f2\uff0ccikatri\u011do \u7ed3\u75a4\uff0choma amasi\u011do \u4eba\u7684\u7fa4\u805a\uff0cmalamiki\u011do \u6210\u4e3a\u4ec7\u654c\uff0cnokti\u011do \u5165\u591c\uff0cpa\u015dti\u011dejo \u7267\u573a\uff0c\u7b49\u3002<\/p>\n<p>2. \u5f62\u5bb9\u8bcd\uff0c\u610f\u4e3a\u201c\u53d8\u5316\u4e2d\u7684\uff0f\u53ef\u4ee5\u53d8\u5316\u7684\uff08-i\u011danta, povanta -i\u011di\uff09\u201d\u3002\u4f8b\u5982\uff1abalanci\u011da foliaro \u6447\u66f3\u7684\u6811\u53f6\uff0c\u0109agreni\u011da mieno \u82e6\u607c\u7684\u8868\u60c5\uff0cdistingi\u011da junulo \u4e0e\u4f17\u4e0d\u540c\u7684\u5e74\u8f7b\u4eba\uff0cgenui\u011dantaj figuroj \u8dea\u7740\u7684\u4eba\u7269\u5851\u50cf\uff0c\u7b49\u3002<\/p>\n<p>3. \u526f\u8bcd\uff0c\u610f\u4e3a\u201c\u4ee5\u53d8\u5316\u7684\u65b9\u5f0f\uff08en -i\u011da maniero\uff09\u201d\u3002\u4f8b\u5982\uff1adistri\u011de respondi \u6f2b\u4e0d\u7ecf\u5fc3\u5730\u56de\u7b54\uff0cedzi\u011de kunvivadi \u592b\u59bb\u5171\u540c\u751f\u6d3b\uff0ceksciti\u011de babili \u6fc0\u52a8\u5730\u5520\u53e8\uff0c\u7b49\u3002<\/p>\n<p>D. \u72ec\u7acb\u4f7f\u7528\uff1ai\u011di\uff0c\u662f\u4e0d\u53ca\u7269\u52a8\u8bcd\uff0c\u610f\u601d\u540c\u540e\u7f00-i\u011d-\uff1b\u5b83\u5e38\u5e38\u7528\u6765\u4ee3\u66fffari\u011di\uff08\u5f00\u59cb\u5b58\u5728\uff0f\u53d8\u6210\uff09\uff0c\u7279\u522b\u662f\u5728\u8bd7\u6b4c\u4e2d\u3002\u4f8b\u5982\uff1a<\/p>\n<p>La am\u2019 ebria i\u011dis edzodevoj. Pm.152 \u72c2\u70ed\u7684\u7231\u53d8\u6210\u4e86\u4e08\u592b\u7684\u804c\u8d23\u3002<br \/>\nSe ni revidos nin \/ mi i\u011dos pia. Pm.738 \u5982\u679c\u6211\u4eec\u518d\u6b21\u76f8\u89c1\uff0c\u6211\u4f1a\u53d8\u5f97\u8654\u8bda\u3002<br \/>\nFrat\u2019, \u0109u i\u011dos fian\u0109a soleno? ST.254 \u8001\u5144\uff0c\u8fd9\u8ba2\u5a5a\u793c\u662f\u4e0d\u662f\u529e\uff1f<br \/>\nLa lernejknaba buklaro i\u011das lastmoda. PP.116 \u90a3\u5b66\u7ae5\u7684\u4e00\u5934\u5377\u53d1\u53d8\u5f97\u6700\u65b0\u6f6e\u4e86\u3002<\/p>\n<p>\u8fd4\u56de<a href=\"https:\/\/reto.cn\/php\/hanyu\/gramatiko_de_esperanto\/demandoj_kaj_respondoj_en_esperanta_lernado\/\">\u4e16\u754c\u8bed\u5b66\u4e60\u95ee\u7b54<\/a>\u680f\u76ee<\/p>\n","protected":false},"excerpt":{"rendered":"<p>\u5218\u9e3f\u5143 \u540e\u7f00-i\u011d-\u610f\u4e3a\u201c\uff08\u5c06\u81ea\u5df1\uff09\u53d8\u6210\u67d0\u6837\u7684\uff0f\u6210\u4e3a\u67d0\u6837\u7684\u201d\uff0c\u53ef\u4ee5\u52a0\u5728\u4efb\u4f55\u8bcd\u7d20\uff08\u8bcd\u5c3e\u9664\u5916\uff09\u540e\u9762\uff0c\u672c\u8eab\u5c31\u8868\u793a\u72b6\u6001\u2026 <span class=\"read-more\"><a href=\"https:\/\/reto.cn\/php\/hanyu\/gramatiko_de_esperanto\/demandoj_kaj_respondoj_en_esperanta_lernado\/pri_igh\/\">\u7ee7\u7eed\u9605\u8bfb Legi pli &raquo;<\/a><\/span><\/p>\n","protected":false},"author":1,"featured_media":0,"parent":7307,"menu_order":0,"comment_status":"open","ping_status":"closed","template":"","meta":{"footnotes":""},"_links":{"self":[{"href":"https:\/\/reto.cn\/php\/hanyu\/wp-json\/wp\/v2\/pages\/8080"}],"collection":[{"href":"https:\/\/reto.cn\/php\/hanyu\/wp-json\/wp\/v2\/pages"}],"about":[{"href":"https:\/\/reto.cn\/php\/hanyu\/wp-json\/wp\/v2\/types\/page"}],"author":[{"embeddable":true,"href":"https:\/\/reto.cn\/php\/hanyu\/wp-json\/wp\/v2\/users\/1"}],"replies":[{"embeddable":true,"href":"https:\/\/reto.cn\/php\/hanyu\/wp-json\/wp\/v2\/comments?post=8080"}],"version-history":[{"count":0,"href":"https:\/\/reto.cn\/php\/hanyu\/wp-json\/wp\/v2\/pages\/8080\/revisions"}],"up":[{"embeddable":true,"href":"https:\/\/reto.cn\/php\/hanyu\/wp-json\/wp\/v2\/pages\/7307"}],"wp:attachment":[{"href":"https:\/\/reto.cn\/php\/hanyu\/wp-json\/wp\/v2\/media?parent=8080"}],"curies":[{"name":"wp","href":"https:\/\/api.w.org\/{rel}","templated":true}]}}