{"id":8292,"date":"2021-10-07T13:52:51","date_gmt":"2021-10-07T05:52:51","guid":{"rendered":"http:\/\/reto.cn\/php\/hanyu\/?page_id=8292"},"modified":"2022-05-18T14:19:29","modified_gmt":"2022-05-18T06:19:29","slug":"ekurso02","status":"publish","type":"page","link":"https:\/\/reto.cn\/php\/hanyu\/kurso-de-esperanto\/ekurso02\/","title":{"rendered":"\u4e16\u754c\u8bed\u6559\u7a0b \u7b2c\u4e8c\u8bfe"},"content":{"rendered":"<p>&nbsp;<\/p>\n<table width=\"100%\">\n<tbody>\n<tr>\n<td width=\"27%\"><strong>\u4e16\u754c\u8bed\u6559\u7a0b<\/strong><\/td>\n<td width=\"43%\">Kurso de Esperanto<\/td>\n<td width=\"30%\">\u9b4f\u4ee5\u8fbe\u3001\u5218\u7956\u519b\u00a0 \u5408\u7f16<\/td>\n<\/tr>\n<\/tbody>\n<\/table>\n<p style=\"font-weight: 400;\"><strong>La Dua Leciono<\/strong><\/p>\n<p style=\"font-weight: 400;\"><strong>\u7b2c\u4e8c\u8bfe<\/strong><\/p>\n<p><audio style=\"margin: auto; top: 0; right: 0; bottom: 0; left: 0;\" src=\"https:\/\/reto.cn\/hanyu\/ekurso\/ekurso02.mp3\" controls=\"controls\"><\/audio><\/p>\n<p style=\"font-weight: 400;\">\u3010Tipaj frazoj\u00a0(\u53e5\u578b\uff09\u3011<\/p>\n<ol>\n<li style=\"font-weight: 400;\"><strong>\u0108u vi sidas (legas, staras, kuras)?<\/strong><\/li>\n<\/ol>\n<p style=\"font-weight: 400;\"><strong>\u00a0\u00a0 Jes, mi sidas (legas, staras, kuras).<\/strong><\/p>\n<ol start=\"2\">\n<li style=\"font-weight: 400;\"><strong>\u0108u via libro (plumo,se\u011do) estas bona?<\/strong><\/li>\n<\/ol>\n<p style=\"font-weight: 400;\"><strong>Teksto (\u8bfe\u6587)<\/strong><\/p>\n<p style=\"font-weight: 400;\"><strong>\u00a0\u0108u vi sidas?<\/strong><\/p>\n<p style=\"font-weight: 400;\"><strong>\u00a0\u00a0\u0108u vi sidas? Jes, mi sidas. Mi sidas en mia\u00a0\u0109ambro. La \u0109ambro estas bela kaj bona. La bela \u0109ambro estas granda. Mi kaj vi sidas en nia \u0109ambro.<\/strong><\/p>\n<p style=\"font-weight: 400;\"><strong>\u00a0 Mi ne kuras. Vi anka\u016d ne kuras. Ni ne kuras en nia\u00a0<\/strong><strong>\u0109ambro. Ni sidas kaj legas en nia \u0109ambro.<\/strong><\/p>\n<p style=\"font-weight: 400;\"><strong>Vortoj (\u751f\u8bcd<\/strong><strong>)<\/strong><\/p>\n<table width=\"475\">\n<tbody>\n<tr>\n<td width=\"238\">\u0109u\u00a0\u00a0\u00a0\u00a0\u00a0\uff08\u8868\u7591\u95ee\uff09\u2026\u2026\u5417\uff1f<\/td>\n<td width=\"237\">\u0109ambro\u00a0\u00a0\u00a0\u00a0\u00a0\u00a0\u00a0\u00a0\u00a0\u00a0\u00a0\u623f\u95f4<\/td>\n<\/tr>\n<tr>\n<td width=\"238\">vi\u00a0\u00a0\u00a0\u00a0\u00a0\u00a0\u00a0\u00a0\u4f60\uff0c\u60a8\uff0c\u4f60\u4eec<\/td>\n<td width=\"237\">kuras\u00a0\u00a0\u00a0\u00a0\u00a0\u00a0\u00a0\u00a0\u00a0\u00a0\u00a0\u00a0\u00a0\u00a0\u8dd1<\/td>\n<\/tr>\n<tr>\n<td width=\"238\">jes\u00a0\u00a0\u00a0\u00a0\u00a0\u00a0\u00a0\u662f\u7684<\/td>\n<td width=\"237\">libro\u00a0\u00a0\u00a0\u00a0\u00a0\u00a0\u00a0\u00a0\u00a0\u00a0\u00a0\u00a0\u00a0\u00a0\u00a0\u00a0\u4e66<\/td>\n<\/tr>\n<tr>\n<td width=\"238\">sidas\u00a0\u00a0\u00a0\u00a0\u00a0\u5750<\/td>\n<td width=\"237\">via\u00a0\u00a0\u00a0\u00a0\u00a0\u00a0\u00a0\u00a0\u00a0\u00a0\u00a0\u00a0\u00a0\u00a0\u00a0\u00a0\u00a0\u00a0\u4f60\u7684\uff0c\u60a8\u7684<\/td>\n<\/tr>\n<tr>\n<td width=\"238\">legas\u00a0\u00a0\u00a0\u00a0\u00a0\u8bfb\uff0c\u9605\u8bfb<\/td>\n<td width=\"237\">kaj\u00a0\u00a0\u00a0\u00a0\u00a0\u00a0\u00a0\u00a0\u00a0\u00a0\u00a0\u00a0\u00a0\u00a0\u00a0\u00a0\u00a0\u00a0\u548c<\/td>\n<\/tr>\n<tr>\n<td width=\"238\">staras\u00a0\u00a0\u00a0\u00a0\u7ad9<\/td>\n<td width=\"237\">ni\u00a0\u00a0\u00a0\u00a0\u00a0\u00a0\u00a0\u00a0\u00a0\u00a0\u00a0\u00a0\u00a0\u00a0\u00a0\u00a0\u00a0\u00a0\u00a0\u00a0\u6211\u4eec<\/td>\n<\/tr>\n<tr>\n<td width=\"238\">ne\u00a0\u00a0\u00a0\u00a0\u00a0\u00a0\u00a0\u00a0\u00a0\u4e0d<\/td>\n<td width=\"237\">nia\u00a0\u00a0\u00a0\u00a0\u00a0\u00a0\u00a0\u00a0\u00a0\u00a0\u00a0\u00a0\u00a0\u00a0\u00a0\u00a0\u00a0\u00a0\u00a0\u6211\u4eec\u7684<\/td>\n<\/tr>\n<tr>\n<td width=\"238\">en\u00a0\u00a0\u00a0\u00a0\u00a0\u00a0\u00a0\u00a0\u00a0\u5728\u2026\u2026\u91cc<\/td>\n<td width=\"237\">anka\u016d\u00a0\u00a0\u00a0\u00a0\u00a0\u00a0\u00a0\u00a0\u00a0\u00a0\u00a0\u00a0\u00a0\u00a0\u00a0\u4e5f<\/td>\n<\/tr>\n<\/tbody>\n<\/table>\n<p style=\"font-weight: 400;\">\u3010\u8bfe\u6587\u6ce8\u91ca\u3011<\/p>\n<ol>\n<li style=\"font-weight: 400;\">en mia \u0109ambro\uff1a\u5728\u6211\u7684\u623f\u95f4\u91cc\u3002en\u662f\u4ecb\u8bcd\uff0c\u6709\u201c\u5728\u2026\u2026\u91cc\u201d\u7684\u610f\u601d\uff0c\u53c8\u5982en la libro\uff08\u5728\u4e66\u91cc\uff09\u3002<\/li>\n<li style=\"font-weight: 400;\">bela kaj bona:\u6f02\u4eae\u548c\u597d\u3002kaj\u662f\u8fde\u8bcd\uff0c\u53ef\u4ee5\u5c06\u529f\u80fd\u76f8\u540c\u7684\u8bcd\u3001\u8bcd\u7ec4\u548c\u53e5\u5b50\u8fde\u63a5\u5728\u4e00\u8d77\u3002<\/li>\n<li style=\"font-weight: 400;\">Mi ne kuras:\u6211\u6ca1\u8dd1\u3002\u8868\u793a\u5426\u5b9a\u65f6\uff0cne\u8981\u653e\u5728\u88ab\u5426\u5b9a\u7684\u8bcd\u4e4b\u524d\u3002<\/li>\n<\/ol>\n<p style=\"font-weight: 400;\"><strong>Gramatiko\u00a0\uff08\u8bed\u6cd5\uff09<\/strong><\/p>\n<p style=\"font-weight: 400;\">\u4e00\u3001\u4e00\u822c\u7591\u95ee\u53e5<\/p>\n<p style=\"font-weight: 400;\">\u00a0\u00a0\u4e00\u822c\u7591\u95ee\u53e5\u7528\u00a0\u0109u\u00a0\u52a0\u9648\u8ff0\u53e5\u6784\u6210\u3002\u4e00\u822c\u7591\u95ee\u53e5\u7684\u56de\u7b54\u8981\u6c42\u7528jes\u6216ne\uff0c\u5982\u56de\u7b54\u5185\u5bb9\u662f\u80af\u5b9a\u7684\u5c31\u7528jes\uff0c\u56de\u7b54\u5185\u5bb9\u662f\u5426\u5b9a\u7684\u5219\u7528ne\u3002\u5982\uff1a<\/p>\n<p style=\"font-weight: 400;\">\u00a0\u00a0 \u00a0\u0108u vi sidas? Jes, mi sidas. \uff08\u56de\u7b54\u5185\u5bb9\u662f\u80af\u5b9a\u7684\uff09<\/p>\n<p style=\"font-weight: 400;\">\u00a0\u00a0\u00a0\u00a0\u0108u vi kuras? Ne, mi ne kuras. \uff08\u56de\u7b54\u5185\u5bb9\u662f\u5426\u5b9a\u7684\uff09<\/p>\n<p style=\"font-weight: 400;\">\u4e8c\u3001\u8868\u8bed<\/p>\n<p style=\"font-weight: 400;\">\u00a0\u00a0\u8868\u8bed\u7528\u6765\u8bf4\u660e\u4e3b\u8bed\u7684\u8eab\u4efd\u3001\u7279\u5f81\u6216\u6240\u5904\u7684\u72b6\u6001\uff0c\u5b83\u7684\u4f4d\u7f6e\u901a\u5e38\u5728\u52a8\u8bcdestas\u4e4b\u540e\uff0c\u8868\u8bed\u4e0eestas\u4e00\u8d77\u6784\u6210\u8c13\u8bed\uff0c\u5373\u6211\u4eec\u5728\u4e0a\u4e00\u8bfe\u4e2d\u8bb2\u7684\u7cfb\u8868\u7ed3\u6784\u3002\u5982\uff1a<\/p>\n<p style=\"font-weight: 400;\">\u00a0\u00a0\u00a0 Mia plumo estas bona.<\/p>\n<p style=\"font-weight: 400;\">\u00a0\u00a0\u5176\u4e2d\uff0cmia\u00a0 plumo\u662f\u4e3b\u8bed\uff0cestas bona\u662f\u8c13\u8bed\uff0c\u8c13\u8bed\u90e8\u5206\u4e2d\u7684bona\u662f\u8868\u8bed\uff0c\u8bf4\u660e\u4e3b\u8bedplumo\u7684\u7279\u5f81\u3002\u8868\u8bed\u53ef\u4ee5\u7531\u540d\u8bcd\u6216\u5f62\u5bb9\u8bcd\u5145\u5f53\uff0c\u5982\uff1a<\/p>\n<p style=\"font-weight: 400;\">\u00a0\u00a0\u00a0 Tio estas mia se\u011do.\u00a0\uff08\u540d\u8bcd\u5145\u5f53\u8868\u8bed\uff09<\/p>\n<p style=\"font-weight: 400;\">\u00a0\u00a0\u00a0 La se\u011do estas granda.\u00a0\uff08\u5f62\u5bb9\u8bcd\u5145\u5f53\u8868\u8bed\uff09<\/p>\n<p style=\"font-weight: 400;\">\u4e09\u3001\u5f62\u5bb9\u8bcd\u4f5c\u5b9a\u8bed<\/p>\n<p style=\"font-weight: 400;\">\u00a0\u00a0\u7528\u6765\u8bf4\u660e\u6216\u4fee\u9970\u540d\u8bcd\u7684\u6210\u5206\uff08\u5982bela \u0109ambro\u4e2d\u7684bela\uff09\u53eb\u4f5c\u5b9a\u8bed\u3002\u5b9a\u8bed\u53ef\u4ee5\u7528\u5f62\u5bb9\u8bcd\u6765\u5145\u5f53\u3002\u5f62\u5bb9\u8bcd\u662f\u4ee5\u8bcd\u5c3e-a\u7ed3\u5c3e\u7684\u8bcd\uff0c\u5982\uff1alonga, bona\u7b49\u90fd\u53ef\u4ee5\u4f5c\u5b9a\u8bed\u7528\uff1alonga plumo, bona tablo\u3002\u5f62\u5bb9\u8bcd\u4f5c\u5b9a\u8bed\u7528\u65f6\u4e00\u822c\u653e\u5728\u88ab\u4fee\u9970\u7684\u540d\u8bcd\u4e4b\u524d\u3002<\/p>\n<p style=\"font-weight: 400;\"><a href=\"https:\/\/reto.cn\/php\/hanyu\/kurso-de-esperanto\/\">\u8fd4\u56de\u76ee\u5f55<\/a> \u00a0\u00a0 <a href=\"https:\/\/reto.cn\/php\/hanyu\/kurso-de-esperanto\/ekurso01\">\u7b2c\u4e00\u8bfe<\/a> \u00a0\u00a0 <a href=\"https:\/\/reto.cn\/php\/hanyu\/kurso-de-esperanto\/ekurso03\">\u7b2c\u4e09\u8bfe<\/a><\/p>\n","protected":false},"excerpt":{"rendered":"<p>&nbsp; \u4e16\u754c\u8bed\u6559\u7a0b Kurso de Esperanto \u9b4f\u4ee5\u8fbe\u3001\u5218\u7956\u519b\u00a0 \u5408\u7f16 La Dua Leci\u2026 <span class=\"read-more\"><a href=\"https:\/\/reto.cn\/php\/hanyu\/kurso-de-esperanto\/ekurso02\/\">\u7ee7\u7eed\u9605\u8bfb Legi pli &raquo;<\/a><\/span><\/p>\n","protected":false},"author":1,"featured_media":0,"parent":8240,"menu_order":0,"comment_status":"closed","ping_status":"closed","template":"","meta":{"footnotes":""},"_links":{"self":[{"href":"https:\/\/reto.cn\/php\/hanyu\/wp-json\/wp\/v2\/pages\/8292"}],"collection":[{"href":"https:\/\/reto.cn\/php\/hanyu\/wp-json\/wp\/v2\/pages"}],"about":[{"href":"https:\/\/reto.cn\/php\/hanyu\/wp-json\/wp\/v2\/types\/page"}],"author":[{"embeddable":true,"href":"https:\/\/reto.cn\/php\/hanyu\/wp-json\/wp\/v2\/users\/1"}],"replies":[{"embeddable":true,"href":"https:\/\/reto.cn\/php\/hanyu\/wp-json\/wp\/v2\/comments?post=8292"}],"version-history":[{"count":0,"href":"https:\/\/reto.cn\/php\/hanyu\/wp-json\/wp\/v2\/pages\/8292\/revisions"}],"up":[{"embeddable":true,"href":"https:\/\/reto.cn\/php\/hanyu\/wp-json\/wp\/v2\/pages\/8240"}],"wp:attachment":[{"href":"https:\/\/reto.cn\/php\/hanyu\/wp-json\/wp\/v2\/media?parent=8292"}],"curies":[{"name":"wp","href":"https:\/\/api.w.org\/{rel}","templated":true}]}}