{"id":8294,"date":"2021-10-07T13:54:17","date_gmt":"2021-10-07T05:54:17","guid":{"rendered":"http:\/\/reto.cn\/php\/hanyu\/?page_id=8294"},"modified":"2025-05-10T23:18:41","modified_gmt":"2025-05-10T15:18:41","slug":"ekurso03","status":"publish","type":"page","link":"https:\/\/reto.cn\/php\/hanyu\/kurso-de-esperanto\/ekurso03\/","title":{"rendered":"\u4e16\u754c\u8bed\u6559\u7a0b \u7b2c\u4e09\u8bfe"},"content":{"rendered":"<p>&nbsp;<\/p>\n<table width=\"100%\">\n<tbody>\n<tr>\n<td width=\"27%\"><strong>\u4e16\u754c\u8bed\u6559\u7a0b<\/strong><\/td>\n<td width=\"43%\">Kurso de Esperanto<\/td>\n<td width=\"30%\">\u9b4f\u4ee5\u8fbe\u3001\u5218\u7956\u519b\u00a0 \u5408\u7f16<\/td>\n<\/tr>\n<\/tbody>\n<\/table>\n<p style=\"font-weight: 400;\"><strong>La Tria Leciono<\/strong><\/p>\n<p style=\"font-weight: 400;\"><strong>\u7b2c\u4e09\u8bfe<\/strong><\/p>\n<p><audio style=\"margin: auto; top: 0; right: 0; bottom: 0; left: 0;\" src=\"https:\/\/reto.cn\/hanyu\/ekurso\/ekurso03.mp3\" controls=\"controls\"><\/audio><\/p>\n<p style=\"font-weight: 400;\">\u3010Tipaj frazoj\u00a0(\u53e5\u578b\uff09\u3011<\/p>\n<ol>\n<li style=\"font-weight: 400;\"><strong> Kio estas tio?<\/strong><\/li>\n<\/ol>\n<p style=\"font-weight: 400;\"><strong>\u00a0\u00a0\u00a0 Tio estas tablo (bombono, pano, pomo).<\/strong><\/p>\n<ol start=\"2\">\n<li style=\"font-weight: 400;\"><strong> \u0108u vi havas libron ( legas libron, man\u011das pomon, trinkas akvon)?<\/strong><\/li>\n<\/ol>\n<p style=\"font-weight: 400;\"><strong>\u00a0\u00a0\u00a0 Jes, mi havas libron (legas libron, man\u011das pomon, trinkas akvon).<\/strong><\/p>\n<ol start=\"3\">\n<li style=\"font-weight: 400;\"><strong> Kie vi (li, ili) estas?<\/strong><\/li>\n<\/ol>\n<p style=\"font-weight: 400;\"><strong>\u00a0\u00a0\u00a0 Mi (li, ili) estas tie (\u0109i tie, en la \u0109ambro).<\/strong><\/p>\n<p style=\"font-weight: 400;\"><strong>Teksto (\u8bfe\u6587)<\/strong><\/p>\n<p style=\"font-weight: 400;\"><strong>\u00a0Ni estas en la \u0108ambro<\/strong><\/p>\n<p style=\"font-weight: 400;\"><strong>\u00a0 Nia \u0109ambro ne estas granda. \u011ci estas malgranda. \u011ci estas bela. Ni estas en nia bela \u0109ambro.<\/strong><\/p>\n<p style=\"font-weight: 400;\"><strong>\u00a0 Mi legas libron en la \u0109ambro. La libro estas bona kaj bela. Mi \u015datas la libron.<\/strong><\/p>\n<p style=\"font-weight: 400;\"><strong>\u00a0 Vi ne sidas. Vi staras en la \u0109ambro. Vi man\u011das panon kaj trinkas akvon.<\/strong><\/p>\n<p style=\"font-weight: 400;\"><strong>\u00a0 Li ne sidas. Li ne staras. Li kuras en la malgranda \u0109ambro.<\/strong><\/p>\n<p style=\"font-weight: 400;\"><strong>\u00a0 Ni \u015datas nian belan, malgrandan \u0109ambron.<\/strong><\/p>\n<p style=\"font-weight: 400;\"><strong>Vortoj (\u751f\u8bcd)<\/strong><\/p>\n<table width=\"475\">\n<tbody>\n<tr>\n<td width=\"238\">kio\u00a0\u00a0\u00a0\u00a0\u00a0\u00a0\u00a0\u00a0\u00a0\u00a0\u00a0\u00a0\u4ec0\u4e48<\/td>\n<td width=\"237\">kie\u00a0\u00a0\u00a0\u00a0\u00a0\u00a0\u00a0\u00a0\u00a0\u00a0\u00a0\u00a0\u00a0\u00a0\u00a0\u54ea\u91cc\uff0c\u5728\u54ea\u91cc<\/td>\n<\/tr>\n<tr>\n<td width=\"238\">bombono\u00a0\u00a0\u00a0\u00a0\u7cd6\u679c<\/td>\n<td width=\"237\">li\u00a0\u00a0\u00a0\u00a0\u00a0\u00a0\u00a0\u00a0\u00a0\u00a0\u00a0\u00a0\u00a0\u00a0\u00a0\u00a0\u00a0\u00a0\u4ed6<\/td>\n<\/tr>\n<tr>\n<td width=\"238\">pano\u00a0\u00a0\u00a0\u00a0\u00a0\u00a0\u00a0\u00a0\u00a0\u00a0\u00a0\u9762\u5305<\/td>\n<td width=\"237\">ili\u00a0\u00a0\u00a0\u00a0\u00a0\u00a0\u00a0\u00a0\u4ed6\u4eec\uff08\u5b83\u4eec\uff0c\u5979\u4eec\uff09<\/td>\n<\/tr>\n<tr>\n<td width=\"238\">akvo\u00a0\u00a0\u00a0\u00a0\u00a0\u00a0\u00a0\u00a0\u00a0\u00a0\u00a0\u00a0\u6c34<\/td>\n<td width=\"237\">\u0109i tie\u00a0\u00a0\u00a0\u00a0\u00a0\u00a0\u00a0\u00a0\u00a0\u00a0\u00a0\u00a0\u00a0\u8fd9\u91cc<\/td>\n<\/tr>\n<tr>\n<td width=\"238\">havas\u00a0\u00a0\u00a0\u00a0\u00a0\u00a0\u00a0\u00a0\u00a0\u00a0\u00a0\u6709<\/td>\n<td width=\"237\">tie\u00a0\u00a0\u00a0\u00a0\u00a0\u00a0\u00a0\u00a0\u00a0\u00a0\u00a0\u00a0\u00a0\u00a0\u00a0\u00a0\u00a0\u90a3\u91cc<\/td>\n<\/tr>\n<tr>\n<td width=\"238\">man\u011das\u00a0\u00a0\u00a0\u00a0\u00a0\u00a0\u00a0\u00a0\u00a0\u5403<\/td>\n<td width=\"237\">mal-\u00a0\u00a0\u00a0\u00a0\uff08\u63a5\u5934\u8bcd\uff09\u8868\u793a\u53cd\u4e49<\/td>\n<\/tr>\n<tr>\n<td width=\"238\">-n\u00a0\u00a0\u00a0\u00a0\u00a0\u00a0\u00a0\u00a0\u00a0\u00a0\u00a0\uff08\u8bcd\u5c3e\uff09\u8868\u793a\u5bbe\u8bed<\/td>\n<td width=\"237\">mal-granda\u00a0 \u5c0f<\/td>\n<\/tr>\n<tr>\n<td width=\"238\">trinkas\u00a0\u00a0\u00a0\u00a0\u00a0\u00a0\u00a0\u00a0\u00a0\u00a0\u559d<\/td>\n<td width=\"237\">\u011di\u00a0 \u00a0 \u00a0 \u00a0 \u00a0 \u00a0 \u00a0 \u00a0 \u00a0 \u00a0 \u5b83<\/td>\n<\/tr>\n<tr>\n<td width=\"238\">pomo\u00a0\u00a0\u00a0\u00a0\u00a0\u00a0\u00a0\u00a0\u00a0\u00a0\u00a0\u00a0\u82f9\u679c<\/td>\n<td width=\"237\">\u015datas\u00a0\u00a0\u00a0\u00a0\u00a0\u00a0\u00a0\u00a0\u00a0\u00a0\u00a0\u00a0\u00a0\u00a0\u00a0\u559c\u6b22<\/td>\n<\/tr>\n<\/tbody>\n<\/table>\n<p style=\"font-weight: 400;\">\u3010\u6982\u8bf4\u3011\u8fd9\u4e00\u8bfe\u8bb2\u4e24\u4e2a\u91cd\u70b9\uff1a\u7279\u6b8a\u7591\u95ee\u53e5\u548c\u5bbe\u8bed\u3002<\/p>\n<p style=\"font-weight: 400;\">\u4e00\u3001\u7279\u6b8a\u7591\u95ee\u53e5\uff1a<\/p>\n<p style=\"font-weight: 400;\">\u00a0\u00a0\u00a0\u00a0\u8fd9\u662f\u4e16\u754c\u8bed\u7591\u95ee\u53e5\u4e2d\u7684\u4e00\u79cd\uff0c\u8fd9\u79cd\u7591\u95ee\u53e5\u4e0e\u6211\u4eec\u5728\u7b2c\u4e8c\u8bfe\u91cc\u8bb2\u7684\u4e00\u822c\u7591\u95ee\u53e5\u7684\u7528\u6cd5\u6709\u5f88\u5927\u4e0d\u540c\u3002\u4e00\u822c\u7591\u95ee\u53e5\u7684\u7591\u95ee\u8bcd\u0109u\u5728\u53e5\u5b50\u4e2d\u4e0d\u5145\u5f53\u53e5\u5b50\u6210\u5206\uff1b\u800c\u7279\u6b8a\u7591\u95ee\u53e5\u7684\u7591\u95ee\u8bcd\u5728\u53e5\u5b50\u4e2d\u8981\u5145\u5f53\u53e5\u5b50\u6210\u5206\u3002\u5982Kio estas tio?\u00a0\u5728\u8fd9\u4e2a\u53e5\u5b50\u91cc\uff0ckio\u662f\u8868\u8bed\u3002\u4e00\u822c\u7591\u95ee\u8bcd\u53ea\u6709\u4e00\u4e2a\uff1b\u800c\u7279\u6b8a\u7591\u95ee\u53e5\u7684\u7591\u95ee\u8bcd\u6709\u5f88\u591a\uff0c\u6839\u636e\u8981\u95ee\u7684\u5bf9\u8c61\u6765\u9009\u62e9\u4e0d\u540c\u610f\u4e49\u7684\u7591\u95ee\u8bcd\u3002\u5982\u8fd9\u4e00\u8bfe\u51fa\u73b0\u4e86kio\u548ckie\u3002\u4e00\u4e2a\u662f\u4ee3\u8bcd\uff0c\u4e00\u4e2a\u662f\u526f\u8bcd\u3002\u7279\u6b8a\u7591\u95ee\u8bcd\u4e0e\u0109u\u4e00\u6837\uff0c\u90fd\u8981\u653e\u5728\u53e5\u9996\u3002\u5173\u4e8e\u7279\u6b8a\u7591\u95ee\u53e5\u8be6\u89c1\u672c\u8bfe\u8bed\u6cd5\u3002<\/p>\n<p style=\"font-weight: 400;\">\u4e8c\u3001\u5bbe\u8bed\uff1a<\/p>\n<p style=\"font-weight: 400;\">\u00a0\u00a0\u00a0\u00a0\u4f5c\u8c13\u8bed\u7528\u7684\u52a8\u8bcd\u6709\u4e09\u7c7b\uff1a\u8fde\u7cfb\u52a8\u8bcd\u3001\u4e0d\u53ca\u7269\u52a8\u8bcd\u548c\u53ca\u7269\u52a8\u8bcd\u3002estas\u662f\u8fde\u7cfb\u52a8\u8bcd\uff0c\u672c\u8eab\u4e0d\u8868\u793a\u4efb\u4f55\u52a8\u4f5c\u3002sidas\u7b49\u662f\u4e0d\u53ca\u7269\u52a8\u8bcd\uff0c\u5b83\u8868\u793a\u4e00\u4e2a\u52a8\u4f5c\uff0c\u4f46\u8fd9\u4e2a\u52a8\u4f5c\u4e0d\u6d89\u53ca\u5176\u4ed6\u4e8b\u7269\uff0c\u6240\u4ee5\u53eb\u4e0d\u53ca\u7269\u52a8\u8bcd\u3002legas, man\u011das, havas\u8868\u793a\u7684\u52a8\u4f5c\u4e0e\u5176\u4ed6\u4e8b\u7269\u6709\u5173\uff0c\u5373\u52a8\u4f5c\u8981\u843d\u5b9e\u5230\u53e6\u5916\u7684\u4e8b\u7269\u4e0a\uff0c\u6240\u4ee5\u53eb\u53ca\u7269\u52a8\u8bcd\u3002\u53ca\u7269\u52a8\u8bcd\u7684\u52a8\u4f5c\u6240\u6d89\u53ca\u5230\u7684\u4e8b\u7269\uff0c\u5373\u52a8\u4f5c\u7684\u5bf9\u8c61\u5c31\u53eb\u505a\u5bbe\u8bed\u3002\u4f5c\u5bbe\u8bed\u7684\u540d\u8bcd\u5fc5\u987b\u5728\u8bcd\u672b\u52a0\u7b26\u53f7\u00a0-n\u00a0\u8868\u793a\uff0c\u8fd9\u4e2a\u00a0-n\u00a0\u662f\u5bbe\u683c\u7b26\u53f7\u3002\u5982\u00a0Mi man\u011das pomon.\uff08\u6211\u5403\u82f9\u679c\uff09\u4e2d\u7684pomon\u3002<\/p>\n<p style=\"font-weight: 400;\">\u3010\u53e5\u578b\u4e0e\u8bfe\u6587\u6ce8\u91ca\u3011<\/p>\n<ol>\n<li style=\"font-weight: 400;\">Kio estas tio?\uff08\u90a3\u662f\u4ec0\u4e48\uff1f\uff09\u5176\u4e2d\u7591\u95ee\u8bcd\u4f5c\u5bbe\u8bed\uff0ctio\u662f\u4e3b\u8bed\u3002\u8fd9\u4e2a\u53e5\u5b50\u4e5f\u53ef\u4ee5\u5199\u6210Kio tio estas?\u4e60\u60ef\u4e0a\u5927\u5bb6\u591a\u8bf4Kio estas tio?\u53ef\u80fd\u662f\u56e0\u4e3a\u8bfb\u8d77\u6765\u66f4\u60a6\u8033\u4e00\u4e9b\u7684\u7f18\u6545\u3002<\/li>\n<li style=\"font-weight: 400;\">Kie vi estas?\uff08\u4f60\u5728\u54ea\u91cc\uff1f\uff09\u5176\u4e2dkie\u662f\u526f\u8bcd\u4f5c\u8868\u8bed\u3002<\/li>\n<li style=\"font-weight: 400;\">\u8bfe\u6587\u7684\u6807\u9898\u51fa\u73b0\u4e86\u597d\u51e0\u4e2a\u5927\u5199\u5b57\u6bcd\u3002\u5728\u6807\u9898\u4e2d\uff0c\u6bcf\u4e00\u4e2a\u5355\u8bcd\u7684\u7b2c\u4e00\u4e2a\u5b57\u6bcd\u90fd\u5e94\u5927\u5199\u3002\u4f46\u4e0d\u8868\u793a\u5b9e\u5728\u610f\u4e49\u7684\u6b64\u7c7b\uff08\u865a\u8bcd\uff09\u5982\u4ecb\u8bcden\uff0c\u51a0\u8bcdla\u7b49\uff0c\u4e00\u822c\u90fd\u5c0f\u5199\u3002<\/li>\n<li style=\"font-weight: 400;\">\u53e5\u578b\u4e2d\u51fa\u73b0\u4e86Mi havas libron, Mi legas libron, Mi man\u011das pomon\u548cMitrinkas akvon\u3002\u5728\u8fd9\u4e9b\u53e5\u5b50\u4e2d\u7684\u540d\u8bcd\u524d\u9762\u90fd\u6ca1\u6709\u51a0\u8bcdla\u3002\u6211\u4eec\u77e5\u9053\uff0c\u5b9a\u51a0\u8bcdla\u7528\u6765\u8868\u793a\u7279\u6307\u6216\u5927\u5bb6\u90fd\u77e5\u9053\u7684\u4e1c\u897f\u3002\u8fd9\u56db\u4e2a\u53e5\u5b50\u4e2d\u540d\u8bcd\u524d\u90fd\u6ca1\u6709\u5b9a\u51a0\u8bcd\uff0c\u5219\u8868\u793a\u6ca1\u6709\u6307\u5b9a\uff0c\u6709\u201c\u4efb\u4f55\u4e00\u4e2a\u3001\u4e00\u672c\u3001\u4e00\u4e9b\u201d\u7684\u610f\u601d\u3002\u5982\u4e0a\u8ff0\u524d\u4e09\u53e5\u53ef\u4ee5\u5206\u522b\u8bd1\u4f5c\uff1a\u201c\u6211\u6709\u4e00\u672c\u4e66\u201d\u3001\u201c\u6211\u5728\u8bfb\u4e00\u672c\u4e66\u201d\u3001\u201c\u6211\u5728\u5403\uff08\u4e00\u4e2a\uff09\u82f9\u679c\u201d\u3002\u540e\u4e00\u4e2a\u53e5\u5b50\u4e2d\u7684akvo\u662f\u4e00\u4e2a\u7269\u8d28\u540d\u8bcd\uff0c\u4e0d\u80fd\u7528\u201c\u6570\u201d\u6765\u8ba1\u7b97\uff0c\u5982\u4e0d\u80fd\u8bf4\u201c\u4e00\u4e2a\u6c34\u201d\u4e4b\u7c7b\uff0c\u8fd9\u662f\u5219\u6709\u201c\u4efb\u4f55\uff08\u6570\u91cf\uff09\u201d\u7684\u610f\u601d\u3002\u5728\u7269\u8d28\u540d\u8bcd\uff08\u5982\uff1a\u94c1\u3001\u7a7a\u6c14\u3001\u6728\u3001\u68c9\u82b1\u7b49\uff09\u4e4b\u524d\uff0c\u4e00\u822c\u60c5\u51b5\u4e0d\u7528\u51a0\u8bcdla\u3002\u6211\u4eec\u53ef\u4ee5\u6bd4\u8f83\u51fa\u5728\u540d\u8bcd\u524d\u6709\u51a0\u8bcd\u548c\u65e0\u51a0\u8bcd\u7684\u4e0d\u540c\u6765\uff1a<\/li>\n<\/ol>\n<p style=\"font-weight: 400;\">\u00a0 \u00a0 \u00a0 \u00a0 \u00a0 \u00a0 Mi havas libron.\uff08\u6211\u6709\u4e00\u672c\u4e66\uff0c\u672a\u6307\u5b9a\uff0c\u53ef\u4ee5\u8bf4\u662f\u5c0f\u8bf4\uff0c\u4e5f\u53ef\u4ee5\u8bf4\u662f\u5176\u4ed6\u4e66\u7c4d\uff09<\/p>\n<p style=\"font-weight: 400;\">\u00a0 \u00a0 \u00a0 \u00a0 \u00a0 \u00a0 Mi havas la libron.\uff08\u6211\u6709\u8fd9\u672c\u4e66\uff0c\u7279\u6307\u7684\uff0c\u5c31\u662f\u5728\u8c08\u8bdd\u65f6\u6240\u63d0\u53ca\u5230\u7684\u90a3\u672c\u4e66\uff09<\/p>\n<ol start=\"5\">\n<li style=\"font-weight: 400;\">malgranda:\u5c0f\u3002mal-\u662f\u4e00\u4e2a\u63a5\u5934\u8bcd\uff0c\u8868\u793a\u51fa\u4e8e\u8bcd\u6839\u76f8\u53cd\u7684\u610f\u4e49\u3002\u5982granda\uff08\u5927\uff09\u2014\u2014malgranda\uff08\u5c0f\uff09\uff1bbela\uff08\u7f8e\u4e3d\uff09\u2014\u2014malbela\uff08\u4e11\uff09\uff1bbona\uff08\u597d\uff09\u2014\u2014malbona\uff08\u574f\uff09\u3002<\/li>\n<li style=\"font-weight: 400;\">Ni \u015datas nian belan, malgrandan \u0109ambron. \u6211\u4eec\u559c\u6b22\u6211\u4eec\u7f8e\u4e3d\u7684\u5c0f\u623f\u95f4\u3002<\/li>\n<\/ol>\n<p style=\"font-weight: 400;\">\u00a0 \u00a0 \u00a0 \u6ce8\u610f\uff1a\u5f53\u5f62\u5bb9\u8bcd\u4fee\u9970\u5bbe\u8bed\u4f5c\u5b9a\u8bed\u65f6\uff0c\u8fd9\u4e9b\u5f62\u5bb9\u8bcd\u5b9a\u8bed\u4e5f\u8981\u52a0\u4e0a\u8868\u793a\u5bbe\u8bed\u7684\u7b26\u53f7 -n\uff0c\u4f7f\u5176\u4fee\u9970\u4e0e\u88ab\u4fee\u9970\u8fd9\u4e24\u90e8\u5206\u5728\u5f62\u5f0f\u4e0a\u4fdd\u6301\u4e00\u81f4\u3002\u8fd9\u4e00\u70b9\u662f\u6211\u4eec\u6c49\u8bed\u91cc\u6ca1\u6709\u7684\uff0c\u6211\u4eec\u5e94\u7279\u522b\u6ce8\u610f\u3002<\/p>\n<p style=\"font-weight: 400;\"><strong>Gramatiko\u00a0\uff08\u8bed\u6cd5\uff09<\/strong><\/p>\n<p style=\"font-weight: 400;\">\u4e00\u3001\u7279\u6b8a\u7591\u95ee\u53e5<\/p>\n<p style=\"font-weight: 400;\">\u00a0\u00a0\u4e0d\u80fd\u7528\u201c\u662f\u201d\uff08jes\uff09\u6216\u201c\u4e0d\u662f\u201d\uff08ne\uff09\u6765\u56de\u7b54\u7684\u7591\u95ee\u53e5\u53eb\u7279\u6b8a\u7591\u95ee\u53e5\u3002\u7279\u6b8a\u7591\u95ee\u53e5\u4ee5\u7279\u6b8a\u7591\u95ee\u8bcd\u5f00\u5934\u3002\u8fd9\u79cd\u53e5\u5b50\u4e00\u822c\u53ef\u7531\u7279\u6b8a\u7591\u95ee\u8bcd\u52a0\u9648\u8ff0\u53e5\u7ec4\u6210\u3002\u4e5f\u5c31\u662f\u8bf4\uff0c\u9664\u4e86\u5c06\u63d0\u95ee\u7684\u5bf9\u8c61\uff08\u7279\u6b8a\u7591\u95ee\u8bcd\uff09\u653e\u5728\u53e5\u9996\u5916\uff0c\u5176\u4f59\u7ed3\u6784\u4e0e\u9648\u8ff0\u53e5\u4e00\u6837\u3002\u5982\u00a0Kie vi estas?\u00a0\u4f46\u4e5f\u53ef\u5c06\u52a8\u8bcd\u4e0e\u4e3b\u8bed\u6362\u4e00\u4e0b\u4f4d\u7f6e\uff1aKio estas tio?\u4f46\u5982\u4e3b\u8bed\u592a\u957f\uff0c\u4e00\u822c\u662f\u628a\u8f83\u957f\u7684\u4e3b\u8bed\u653e\u5728\u8f83\u77ed\u7684\u8c13\u8bed\u52a8\u8bcd\u540e\u9762\u3002\u5982\uff1aKie estas via malgranda kaj bela \u0109ambro?<\/p>\n<p style=\"font-weight: 400;\">\u4e8c\u3001\u8bcd\u7684\u79cd\u7c7b\uff08\u4e00\uff09<\/p>\n<p style=\"font-weight: 400;\">\u00a0\u00a0\u8bcd\u53ef\u4ee5\u5206\u4e3a\u4e0d\u540c\u7684\u79cd\u7c7b\u5982\u540d\u8bcd\u3001\u4ee3\u8bcd\u3001\u5f62\u5bb9\u8bcd\u7b49\u3002\u6211\u4eec\u5df2\u7ecf\u89c1\u8fc7\u540d\u8bcd\u3001\u5f62\u5bb9\u8bcd\u3001\u52a8\u8bcd\u3001\u4ee3\u8bcd\u3001\u526f\u8bcd\u3001\u51a0\u8bcd\u3001\u4ecb\u8bcd\u7b49\uff0c\u8fd9\u91cc\u8c08\u4e00\u4e0b\u8fd9\u51e0\u7c7b\u8bcd\u7684\u5f62\u5f0f\u3002<\/p>\n<ol>\n<li style=\"font-weight: 400;\">\u540d\u8bcd\uff1a\u4ee5\u00a0-o\u00a0\u7ed3\u5c3e\uff0c\u8868\u793a\u4eba\u3001\u4e8b\u7269\u6216\u62bd\u8c61\u6982\u5ff5\u7684\u540d\u79f0\u3002\u5982\uff1a\u0109ambro\uff08\u623f\u95f4\uff09\uff0cbombono\uff08\u7cd6\u679c\uff09\uff0ctablo\uff08\u684c\u5b50\uff09\u7b49\u3002<\/li>\n<li style=\"font-weight: 400;\">\u5f62\u5bb9\u8bcd\uff1a\u4ee5\u00a0-a\u00a0\u7ed3\u5c3e\uff0c\u8868\u793a\u4e8b\u7269\u7684\u6027\u8d28\u3001\u7279\u5f81\u7b49\u3002\u5982\uff1abona\uff08\u597d\u7684\uff09\uff0cbela\uff08\u7f8e\u4e3d\u7684\uff09\uff0cgranda\uff08\u5927\u7684\uff09\u7b49\u3002<\/li>\n<li style=\"font-weight: 400;\">\u52a8\u8bcd\uff1a\u6211\u4eec\u6240\u89c1\u8fc7\u7684\u52a8\u8bcd\u90fd\u662f\u4ee5-as\u00a0\u7ed3\u5c3e\u7684\uff0c\u5176\u5b9e\uff0c\u52a8\u8bcd\u7684\u8bcd\u5c3e\u6709\u597d\u51e0\u79cd\u3002\u4ee5-as\u7ed3\u5c3e\u7684\u52a8\u8bcd\u53eb\u52a8\u8bcd\u7684\u73b0\u5728\u65f6\u6001\uff0c\u8868\u793a\u73b0\u5728\u7684\u52a8\u4f5c\u6216\u72b6\u6001\u3002\u5982\uff1astaras, sidas, kuras, \u015datas, estas\u3002<\/li>\n<li style=\"font-weight: 400;\">\u526f\u8bcd\uff1a\u526f\u8bcd\u4e00\u822c\u4ee5-e\u7ed3\u5c3e\u3002\u4f46\u6709\u5c11\u6570\u526f\u8bcd\u4e0d\u662f\u8fd9\u6837\u7684\uff0c\u5982anka\u016d\u3002\u526f\u8bcd\u662f\u7528\u6765\u4fee\u9970\u52a8\u8bcd\u3001\u5f62\u5bb9\u8bcd\u6216\u53e6\u4e00\u526f\u8bcd\u7684\u3002\u8fd9\u6837\u7528\u7684\u526f\u8bcd\u53eb\u4f5c\u72b6\u8bed\u3002\u53e6\u5916\uff0c\u526f\u8bcd\u8fd8\u53ef\u4ee5\u4f5c\u8868\u8bed\uff0c\u5982\uff1aMi estas \u0109i tie\u00a0\u4e2d\u7684\u00a0\u0109i tie\u00a0\u548c\u00a0Kie vi estas\u00a0\u4e2d\u7684\u00a0kie\u3002<\/li>\n<li style=\"font-weight: 400;\">\u51a0\u8bcd\uff1a\u4e16\u754c\u8bed\u7684\u51a0\u8bcd\u53ea\u6709\u4e00\u4e2a\uff0c\u5373\u00a0la\uff0c\u53eb\u5b9a\u51a0\u8bcd\u3002\u5b9a\u51a0\u8bcd\u7684\u610f\u4e49\u76f8\u5f53\u4e8e\u6c49\u8bed\u4e2d\u7684\u201c\u8fd9\u3001\u90a3\u201d\u3002<\/li>\n<li style=\"font-weight: 400;\">\u4ecb\u8bcd\uff1a\u4ecb\u8bcd\u53c8\u53eb\u524d\u7f6e\u8bcd\uff0c\u4e0e\u540d\u8bcd\u6216\u76f8\u5f53\u4e8e\u540d\u8bcd\u7684\u8bcd\u7c7b\u4e00\u8d77\u6784\u6210\u4e00\u4e2a\u77ed\u8bed\uff0c\u4e0e\u53e5\u5b50\u4e2d\u5176\u4ed6\u6210\u5206\u8054\u7cfb\u8d77\u6765\uff0c\u8868\u793a\u51fa\u8fd9\u4e2a\u77ed\u8bed\u4e0e\u5176\u4ed6\u6210\u5206\u7684\u5173\u7cfb\u3002\u4ecb\u8bcd\u662f\u865a\u8bcd\uff0c\u4e0d\u80fd\u5355\u72ec\u5145\u5f53\u53e5\u5b50\u7684\u6210\u5206\u3002\u4ecb\u8bcd\u77ed\u8bed\u7ecf\u5e38\u5145\u5f53\u72b6\u8bed\uff0c\u6709\u65f6\u4e5f\u53ef\u5145\u5f53\u5b9a\u8bed\u3002\u5982\uff1aMi sidas en la \u0109ambro\u00a0\uff08\u6211\u5728\u623f\u95f4\u91cc\u5750\u7740\uff09\u3002en la \u0109ambro\u8bf4\u660e\u8c13\u8bed\u52a8\u4f5c\u53d1\u751f\u7684\u5730\u70b9\uff0c\u53eb\u5730\u70b9\u72b6\u8bed\u3002<\/li>\n<li style=\"font-weight: 400;\">\u4ee3\u8bcd\uff1a\u4ee3\u8bcd\u6ca1\u6709\u56fa\u5b9a\u7684\u8bcd\u5c3e\u3002\u4ee3\u8bcd\u662f\u4ee3\u8868\u4eba\u3001\u4e8b\u7269\u6216\u6982\u5ff5\u7684\u3002\u5982\uff1ami, tio, kio, \u011di, ili\u3002\u6ce8\u610fkio\u4e0etio\u7b49\u8bcd\u672b\u7684\u00a0-o\u00a0\u90fd\u4e0d\u662f\u8bcd\u5c3e\uff0c\u8fd9\u4e9b\u4ee3\u8bcd\u90fd\u662f\u4ee5\u8bcd\u6839\u5f62\u5f0f\u51fa\u73b0\u7684\uff0c\u6ca1\u6709\u8bcd\u5c3e\u3002\u4e0d\u8981\u628atio\u7b49\u8bcd\u4e2d\u7684-o\u4e0e\u540d\u8bcd\u8bcd\u5c3e-o\u6df7\u6dc6\u3002<\/li>\n<\/ol>\n<p style=\"font-weight: 400;\">\u00a0\u00a0\u00a0\u00a0\u4e0a\u8ff0\u4e03\u79cd\u6b64\u7c7b\u4e2d\uff0c\u540d\u8bcd\u3001\u52a8\u8bcd\u3001\u5f62\u5bb9\u8bcd\u4ee5\u53ca\u526f\u8bcd\u7684\u4e00\u90e8\u5206\u6709\u56fa\u5b9a\u8bcd\u5c3e\uff1b\u4ee3\u8bcd\u3001\u4ecb\u8bcd\u548c\u526f\u8bcd\u7684\u4e00\u90e8\u5206\u6ca1\u6709\u56fa\u5b9a\u8bcd\u5c3e\u3002\u51a0\u8bcdla\u4e5f\u662f\u4ee5\u8bcd\u6839\u5f62\u5f0f\u51fa\u73b0\u7684\uff0c-a\u4e0d\u662f\u8bcd\u5c3e\u3002<\/p>\n<p style=\"font-weight: 400;\"><a href=\"https:\/\/reto.cn\/php\/hanyu\/kurso-de-esperanto\/\">\u8fd4\u56de\u76ee\u5f55<\/a> \u00a0\u00a0\u00a0\u00a0<a href=\"https:\/\/reto.cn\/php\/hanyu\/kurso-de-esperanto\/ekurso02\">\u7b2c\u4e8c\u8bfe<\/a> \u00a0\u00a0 \u00a0<a href=\"https:\/\/reto.cn\/php\/hanyu\/kurso-de-esperanto\/ekurso04\">\u7b2c\u56db\u8bfe<\/a><\/p>\n","protected":false},"excerpt":{"rendered":"<p>&nbsp; \u4e16\u754c\u8bed\u6559\u7a0b Kurso de Esperanto \u9b4f\u4ee5\u8fbe\u3001\u5218\u7956\u519b\u00a0 \u5408\u7f16 La Tria Lec\u2026 <span class=\"read-more\"><a href=\"https:\/\/reto.cn\/php\/hanyu\/kurso-de-esperanto\/ekurso03\/\">\u7ee7\u7eed\u9605\u8bfb Legi pli &raquo;<\/a><\/span><\/p>\n","protected":false},"author":1,"featured_media":0,"parent":8240,"menu_order":0,"comment_status":"open","ping_status":"closed","template":"","meta":{"footnotes":""},"_links":{"self":[{"href":"https:\/\/reto.cn\/php\/hanyu\/wp-json\/wp\/v2\/pages\/8294"}],"collection":[{"href":"https:\/\/reto.cn\/php\/hanyu\/wp-json\/wp\/v2\/pages"}],"about":[{"href":"https:\/\/reto.cn\/php\/hanyu\/wp-json\/wp\/v2\/types\/page"}],"author":[{"embeddable":true,"href":"https:\/\/reto.cn\/php\/hanyu\/wp-json\/wp\/v2\/users\/1"}],"replies":[{"embeddable":true,"href":"https:\/\/reto.cn\/php\/hanyu\/wp-json\/wp\/v2\/comments?post=8294"}],"version-history":[{"count":0,"href":"https:\/\/reto.cn\/php\/hanyu\/wp-json\/wp\/v2\/pages\/8294\/revisions"}],"up":[{"embeddable":true,"href":"https:\/\/reto.cn\/php\/hanyu\/wp-json\/wp\/v2\/pages\/8240"}],"wp:attachment":[{"href":"https:\/\/reto.cn\/php\/hanyu\/wp-json\/wp\/v2\/media?parent=8294"}],"curies":[{"name":"wp","href":"https:\/\/api.w.org\/{rel}","templated":true}]}}