{"id":8296,"date":"2021-10-07T13:55:52","date_gmt":"2021-10-07T05:55:52","guid":{"rendered":"http:\/\/reto.cn\/php\/hanyu\/?page_id=8296"},"modified":"2022-05-14T20:00:15","modified_gmt":"2022-05-14T12:00:15","slug":"ekurso04","status":"publish","type":"page","link":"https:\/\/reto.cn\/php\/hanyu\/kurso-de-esperanto\/ekurso04\/","title":{"rendered":"\u4e16\u754c\u8bed\u6559\u7a0b \u7b2c\u56db\u8bfe"},"content":{"rendered":"<p>&nbsp;<\/p>\n<table width=\"100%\">\n<tbody>\n<tr>\n<td width=\"27%\"><strong>\u4e16\u754c\u8bed\u6559\u7a0b<\/strong><\/td>\n<td width=\"43%\">Kurso de Esperanto<\/td>\n<td width=\"30%\">\u9b4f\u4ee5\u8fbe\u3001\u5218\u7956\u519b\u00a0 \u5408\u7f16<\/td>\n<\/tr>\n<\/tbody>\n<\/table>\n<p style=\"font-weight: 400;\"><strong>La Kvara Leciono<\/strong><\/p>\n<p style=\"font-weight: 400;\"><strong>\u7b2c\u56db\u8bfe<\/strong><\/p>\n<p><audio style=\"margin: auto; top: 0; right: 0; bottom: 0; left: 0;\" src=\"https:\/\/reto.cn\/hanyu\/ekurso\/ekurso04.mp3\" controls=\"controls\"><span data-mce-type=\"bookmark\" style=\"display: inline-block; width: 0px; overflow: hidden; line-height: 0;\" class=\"mce_SELRES_start\">\ufeff<\/span><\/audio><\/p>\n<p style=\"font-weight: 400;\">\u3010Tipaj frazoj\u00a0(\u53e5\u578b\uff09\u3011<\/p>\n<table width=\"89%\">\n<tbody>\n<tr>\n<td width=\"25%\"><strong>1. Kia estas la pomo<\/strong><\/td>\n<td width=\"12%\"><strong>pano<br \/>\npapero<br \/>\nlibro<br \/>\ndomo<\/strong><\/td>\n<td width=\"29%\"><strong>?\u00a0 La pomo estas verda<\/strong><\/td>\n<td width=\"12%\"><strong>flava<br \/>\nblanka<br \/>\ninteresa<br \/>\ngranda<\/strong><\/td>\n<td width=\"43%\"><strong>.<\/strong><\/td>\n<\/tr>\n<\/tbody>\n<\/table>\n<p style=\"font-weight: 400;\"><strong>\u00a0<\/strong><\/p>\n<table width=\"51%\">\n<tbody>\n<tr>\n<td width=\"23%\"><strong>2. \u0108u la<\/strong><\/td>\n<td width=\"18%\"><strong>floro<br \/>\npano<br \/>\nbanano<\/strong><\/td>\n<td width=\"15%\"><strong>\u00a0estas<\/strong><\/td>\n<td width=\"14%\"><strong>ru\u011da<br \/>\nflava<br \/>\nnigra<\/strong><\/td>\n<td width=\"12%\"><strong>\u00a0a\u016d<\/strong><\/td>\n<td width=\"32%\"><strong>blanka<br \/>\nverda<br \/>\nbruna<\/strong><\/td>\n<td width=\"40%\"><strong>?<\/strong><\/td>\n<\/tr>\n<\/tbody>\n<\/table>\n<table width=\"44%\">\n<tbody>\n<tr>\n<td width=\"18%\"><strong>\u00a0\u00a0\u00a0 La<\/strong><\/td>\n<td width=\"19%\"><strong>floro<br \/>\npano<br \/>\nbanano<\/strong><\/td>\n<td width=\"16%\"><strong>\u00a0estas<\/strong><\/td>\n<td width=\"20%\"><strong>ru\u011da<br \/>\nflava<br \/>\nbruna<\/strong><\/td>\n<td width=\"43%\"><strong>.<\/strong><\/td>\n<\/tr>\n<\/tbody>\n<\/table>\n<table width=\"42%\">\n<tbody>\n<tr>\n<td width=\"31%\"><strong>3. Mi havas<\/strong><\/td>\n<td width=\"43%\"><strong>ru\u011dajn florojn<br \/>\nbonajn librojn<br \/>\nverdajn pomojn<\/strong><\/td>\n<td width=\"26%\"><strong>.<\/strong><\/td>\n<\/tr>\n<\/tbody>\n<\/table>\n<table width=\"100%\">\n<tbody>\n<tr>\n<td width=\"11%\"><strong>4. Estas<\/strong><\/td>\n<td width=\"15%\"><strong>granda tablo<br \/>\nbela \u0109ambro<br \/>\nru\u011daj floroj<\/strong><\/td>\n<td width=\"10%\"><strong>\u00a0\u00a0 en la<\/strong><\/td>\n<td width=\"10%\"><strong>\u0109ambro<br \/>\ndomo<br \/>\n\u011dardeno<\/strong><\/td>\n<td width=\"54%\"><strong>.<\/strong><\/td>\n<\/tr>\n<\/tbody>\n<\/table>\n<p style=\"font-weight: 400;\"><strong>Teksto (\u8bfe\u6587)<\/strong><\/p>\n<p style=\"font-weight: 400;\"><strong>\u00a0<\/strong><strong>Mia \u011cardeno<\/strong><\/p>\n<p style=\"font-weight: 400;\"><strong>\u00a0 Mi havas belan \u011dardenon. \u011ci estas malgranda. En la malgranda \u011dardeno estas multaj floroj. La floroj estas ru\u011daj, flavaj kaj verdaj. Ili estas belaj. Mi tre \u015datas la belajn florojn.<\/strong><\/p>\n<p style=\"font-weight: 400;\"><strong>\u00a0 Mi havas malgrandan domon en mia \u011dardeno. En la domo estas du malgrandaj \u0109ambroj. Mi ofte legas librojn en la \u0109ambroj.<\/strong><\/p>\n<p style=\"font-weight: 400;\"><strong>\u00a0 Mi \u015datas mian \u011dardenon kaj miajn \u0109ambrojn.<\/strong><\/p>\n<p style=\"font-weight: 400;\"><strong>Vortoj (\u751f\u8bcd)<\/strong><\/p>\n<table width=\"475\">\n<tbody>\n<tr>\n<td width=\"238\">kia\u00a0\u00a0\u00a0\u00a0\u00a0\u00a0\u00a0\u00a0\u00a0\u00a0\u00a0\u00a0\u4ec0\u4e48\u6837\u7684<\/td>\n<td width=\"237\">verda\u00a0\u00a0\u00a0\u00a0\u00a0\u00a0\u00a0\u00a0\u00a0\u00a0\u00a0\u00a0\u7eff\u8272\u7684<\/td>\n<\/tr>\n<tr>\n<td width=\"238\">flava\u00a0\u00a0\u00a0\u00a0\u00a0\u00a0\u00a0\u00a0\u00a0\u00a0\u9ec4\u8272\u7684<\/td>\n<td width=\"237\">ru\u011da\u00a0\u00a0\u00a0\u00a0\u00a0\u00a0\u00a0\u00a0\u00a0\u00a0\u00a0\u00a0\u00a0\u00a0\u00a0\u7ea2\u8272\u7684<\/td>\n<\/tr>\n<tr>\n<td width=\"238\">floro\u00a0\u00a0\u00a0\u00a0\u00a0\u00a0\u00a0\u00a0\u00a0\u00a0\u00a0\u82b1<\/td>\n<td width=\"237\">papero\u00a0\u00a0\u00a0\u00a0\u00a0\u00a0\u00a0\u00a0\u00a0\u00a0\u00a0\u7eb8<\/td>\n<\/tr>\n<tr>\n<td width=\"238\">blanka\u00a0\u00a0\u00a0\u00a0\u00a0\u00a0\u00a0\u00a0\u767d\u8272\u7684<\/td>\n<td width=\"237\">interesa\u00a0\u00a0\u00a0\u00a0\u00a0\u00a0\u00a0\u00a0\u00a0\u00a0\u6709\u8da3\u7684<\/td>\n<\/tr>\n<tr>\n<td width=\"238\">domo\u00a0\u00a0\u00a0\u00a0\u00a0\u00a0\u00a0\u00a0\u00a0\u00a0\u623f\u5b50<\/td>\n<td width=\"237\">banano\u00a0\u00a0\u00a0\u00a0\u00a0\u00a0\u00a0\u00a0\u00a0\u00a0\u00a0\u9999\u8549<\/td>\n<\/tr>\n<tr>\n<td width=\"238\">nigra\u00a0\u00a0\u00a0\u00a0\u00a0\u00a0\u00a0\u00a0\u00a0\u00a0\u00a0\u9ed1\u8272\u7684<\/td>\n<td width=\"237\">bruna\u00a0\u00a0\u00a0\u00a0\u00a0\u00a0\u00a0\u00a0\u00a0\u8910\u8272\u7684\uff0c\u68d5\u8272\u7684<\/td>\n<\/tr>\n<tr>\n<td width=\"238\">\u011dardeno\u00a0\u00a0\u00a0\u00a0\u00a0\u00a0\u00a0\u82b1\u56ed<\/td>\n<td width=\"237\">multa<strong>\u00a0\u00a0<\/strong>\u00a0\u00a0\u00a0\u00a0\u00a0\u00a0\u00a0\u00a0\u00a0\u00a0\u00a0\u00a0\u00a0\u00a0\u00a0\u00a0\u00a0\u8bb8\u591a\u7684<\/td>\n<\/tr>\n<tr>\n<td width=\"238\">tre\u00a0\u00a0\u00a0\u00a0\u00a0\u00a0\u00a0\u00a0\u00a0\u00a0\u00a0\u00a0\u00a0\u00a0\u00a0\u5f88\uff0c\u975e\u5e38<\/td>\n<td width=\"237\">ofte\u00a0\u00a0\u00a0\u00a0\u00a0\u00a0\u00a0\u00a0\u00a0\u00a0\u00a0\u00a0\u00a0\u00a0\u00a0\u00a0\u00a0\u5e38\u5e38\uff0c\u7ecf\u5e38<\/td>\n<\/tr>\n<tr>\n<td width=\"238\">-j\u00a0\u00a0\u00a0\u00a0\u00a0\u00a0\u00a0\u00a0\u00a0\u00a0\u00a0\u00a0\u00a0\u00a0\u00a0\uff08\u590d\u6570\u8bcd\u5c3e\uff09<\/td>\n<td width=\"237\">du\u00a0\u00a0\u00a0\u00a0\u00a0\u00a0\u00a0\u00a0\u00a0\u00a0\u00a0\u00a0\u00a0\u00a0\u00a0\u00a0\u00a0\u00a0\u00a0\u00a0\u4e8c<\/td>\n<\/tr>\n<tr>\n<td width=\"238\">a\u016d\u00a0\u00a0\u00a0\u00a0\u00a0\u00a0\u00a0\u00a0\u00a0\u00a0\u00a0\u00a0\u00a0\u00a0\u00a0\u00a0\u6216\u8005<\/td>\n<td width=\"237\"><\/td>\n<\/tr>\n<\/tbody>\n<\/table>\n<p style=\"font-weight: 400;\">\u3010\u6982\u8bf4\u3011\u8fd9\u4e00\u8bfe\u51fa\u73b0\u4e86estas\u7684\u65b0\u7528\u6cd5\u548c\u4e24\u79cd\u65b0\u7684\u8bed\u6cd5\u73b0\u8c61\uff1a\u9009\u62e9\u7591\u95ee\u53e5\u548c\u590d\u6570\u3002<\/p>\n<p style=\"font-weight: 400;\">\u4e00\u3001\u9009\u62e9\u7591\u95ee\u53e5\uff1a<\/p>\n<p style=\"font-weight: 400;\">\u00a0\u63d0\u4f9b\u4e24\u79cd\u6216\u4e24\u79cd\u4ee5\u4e0a\u7684\u60c5\u51b5\u8981\u5bf9\u65b9\u9009\u62e9\u4e00\u79cd\u4e88\u4ee5\u56de\u7b54\u7684\u7591\u95ee\u53e5\uff0c\u53eb\u505a\u9009\u62e9\u7591\u95ee\u53e5\u3002\u5982\uff1a<\/p>\n<p style=\"font-weight: 400;\">\u00a0\u00a0\u00a0 \u0108u la floro estas ru\u011da a\u016d flava?<\/p>\n<p style=\"font-weight: 400;\">\u00a0\u00a0\u00a0\u00a0\u90a3\u6735\u82b1\u662f\u7ea2\u8272\u7684\u8fd8\u662f\u9ec4\u8272\u7684\uff1f<\/p>\n<p style=\"font-weight: 400;\">\u9009\u62e9\u7591\u95ee\u53e5\u7531\u0109u\u5f15\u5bfc\uff0c\u653e\u5728\u53e5\u9996\uff0c\u8fde\u63a5\u4f9b\u9009\u62e9\u7684\u4e24\u4e2a\u90e8\u5206\u7528a\u016d\u3002\u8fd9\u79cd\u7591\u95ee\u53e5\u4e0d\u80fd\u7528Jes\u6216Ne\u6765\u56de\u7b54\uff0c\u800c\u5fc5\u987b\u9009\u62e9\u4e00\u79cd\u6765\u56de\u7b54\u4e4b\uff1a<\/p>\n<p style=\"font-weight: 400;\">\u00a0\u00a0\u00a0 \u0108u la floro estas ru\u011da a\u016d flava?<\/p>\n<p style=\"font-weight: 400;\">\u00a0\u00a0\u00a0 La floro estas ru\u011da.<\/p>\n<p style=\"font-weight: 400;\">\u4e8c\u3001\u590d\u6570\uff1a<\/p>\n<p style=\"font-weight: 400;\">\u00a0\u00a0\u00a0\u00a0\u4e00\u6735\u82b1\u8868\u793a\u7684\u6570\u91cf\u662f\u201c\u4e00\u201d\uff0c\u662f\u5355\u6570\uff1b\u4e00\u6735\u4ee5\u4e0a\u7684\u82b1\u81f3\u5c11\u6709\u201c\u4e8c\u201d\uff0c\u662f\u590d\u6570\u3002\u590d\u6570\u7528\u8bcd\u5c3e\u00a0-j\u00a0\u6765\u8868\u793a\u3002\u5355\u6570\u6ca1\u6709\u5176\u4ed6\u8bcd\u5c3e\uff0c\uff0c\u6709\u4e00\u4e2a\u540d\u8bcd\u8bcd\u5c3e\u00a0-o\u00a0\u5c31\u591f\u4e86\u3002<\/p>\n<p style=\"font-weight: 400;\">\u00a0\u00a0\u00a0\u00a0\u5982\uff1ala floro\uff08\u90a3\u6735\u82b1\uff09<\/p>\n<p style=\"font-weight: 400;\">\u00a0\u00a0\u00a0\u00a0\u00a0\u00a0\u00a0\u00a0\u00a0\u00a0 du floroj\u00a0\uff08\u4e24\u6735\u82b1\uff09<\/p>\n<p style=\"font-weight: 400;\">\u00a0\u00a0\u00a0\u00a0\u662f\u7528\u590d\u6570\u65f6\u987b\u6ce8\u610f\uff1a<\/p>\n<ol>\n<li style=\"font-weight: 400;\">\u5f53\u4f7f\u7528\u590d\u6570\u8bcd\u5c3e\u7684\u540d\u8bcd\u6709\u5f62\u5bb9\u8bcd\u4f5c\u5b9a\u8bed\u65f6\uff0c\u8fd9\u4e2a\u5f62\u5bb9\u8bcd\u4e5f\u8981\u7528\u590d\u6570\u8bcd\u5c3e\uff0c\u4e5f\u5c31\u662f\u8bf4\uff0c\u5b9a\u8bed\u4e0e\u540d\u8bcd\u5728\u6570\u4e0a\u8981\u4fdd\u6301\u4e00\u81f4\uff0c\u8fd9\u540c\u5bbe\u8bed\u7684\u4e00\u81f4\u60c5\u51b5\u662f\u76f8\u540c\u7684\u3002\u5982\uff1a<\/li>\n<\/ol>\n<p style=\"font-weight: 400;\">\u00a0\u00a0\u00a0 bela floro\u00a0\u00a0\u4e00\u6735\u7f8e\u4e3d\u7684\u82b1<\/p>\n<p style=\"font-weight: 400;\">\u00a0\u00a0\u00a0 belaj floroj\u00a0\u00a0\u7f8e\u4e3d\u7684\u82b1<\/p>\n<p style=\"font-weight: 400;\">\u00a0\u00a0\u00a0 Mi havas belajn florojn.\u00a0\u6211\u6709\u4e00\u4e9b\u7f8e\u4e3d\u7684\u82b1\u3002<\/p>\n<p style=\"font-weight: 400;\">\u00a0\u00a0\u00a0\u00a0\u6ce8\u610f\uff1a\u8bfe\u6587\u91cc\u7684du malgrandaj \u0109ambroj\u00a0\u4e2d\u7684du\u5c3d\u7ba1\u662f\u5b9a\u8bed\uff0c\u4f46du\u662f\u6570\u8bcd\uff0c\u4e0d\u662f\u5f62\u5bb9\u8bcd\uff0c\u56e0\u6b64\uff0cdu\u4e0d\u80fd\u52a0-j\u00a0\uff0c\u5982\uff1a<\/p>\n<p style=\"font-weight: 400;\">\u00a0\u00a0\u00a0 la du malgrandaj \u0109ambroj\u00a0\u90a3\u4e24\u4e2a\u5c0f\u623f\u95f4<\/p>\n<p style=\"font-weight: 400;\">\u00a0\u00a0\u00a0\u00a0\u540c\u6837\u7684\u9053\u7406\uff0c\u50cfla, du\u00a0\u4e4b\u7c7b\u7684\u8bcd\u4e5f\u4e0d\u80fd\u52a0\u5bbe\u8bed\u8bcd\u5c3e\u00a0-n\u00a0\u3002\u5982\uff1a<\/p>\n<p style=\"font-weight: 400;\">\u00a0\u00a0\u00a0 Mi havas du malgrandajn \u0109ambrojn.<\/p>\n<ol start=\"2\">\n<li style=\"font-weight: 400;\">\u590d\u6570\u8bcd\u5c3e\u603b\u662f\u653e\u5728\u540d\u8bcd\u6216\u5f62\u5bb9\u8bcd\u8bcd\u5c3e\u7684\u540e\u9762\uff1b\u5982\u679c\u8fd9\u4e00\u90e8\u5206\u5904\u4e8e\u5bbe\u683c\uff08\u5373\u5bbe\u8bed\uff09\u5219\u5bbe\u683c\u8bcd\u5c3e\u653e\u5728\u590d\u6570\u8bcd\u5c3e\u7684\u540e\u9762\u3002\u5047\u5982\u5bbe\u683c\u90e8\u5206\u662f\u5355\u6570\uff0c\u5bbe\u683c\u8bcd\u5c3e\u76f4\u63a5\u653e\u5728\u540d\u8bcd\u6216\u5f62\u5bb9\u8bcd\u8bcd\u5c3e\u7684\u540e\u9762\u3002\u8bb0\u4f4f\u8fd9\u4e2a\u987a\u5e8f\uff1a-ojn, -oj, -on\u3002<\/li>\n<\/ol>\n<p style=\"font-weight: 400;\">\u4e09\u3001estas\u00a0\u5728\u8fd9\u4e00\u8bfe\u4e2d\u53ef\u4ee5\u8868\u793a\u201c\u6709\u201d\u3002\u4f46\u4e00\u5b9a\u8981\u4e0ehavas\u8868\u793a\u201c\u6709\u201d\u533a\u522b\u5f00\u6765\u3002<\/p>\n<p style=\"font-weight: 400;\">\u00a0\u00a0\u00a0 havas\u00a0\u8868\u793a\u201c\u62e5\u6709\u201d\u3001\u201c\u5360\u6709\u201d\uff0c\u4e00\u822c\u6307\u67d0\u4eba\u6709\u67d0\u7269\u3002<\/p>\n<p style=\"font-weight: 400;\">\u00a0\u00a0\u00a0 estas\u00a0\u8868\u793a\u201c\u5b58\u5728\u201d\uff0c\u6307\u67d0\u5904\u6709\uff08\u5b58\u5728\uff09\u67d0\u7269\u3002<\/p>\n<p style=\"font-weight: 400;\">\u00a0\u00a0\u00a0 havas \u7684\u5bf9\u8c61\u662f\u5bbe\u8bed\u3002<\/p>\n<p style=\"font-weight: 400;\">\u00a0\u00a0\u00a0 estas \u7684\u9648\u8ff0\u5bf9\u8c61\u662f\u4e3b\u8bed\uff0c\u5982\u5728 Estas floroj en la \u011dardeno \u4e2dfloroj\u662f\u4e3b\u8bed\uff0c\u4ecb\u8bcd\u77ed\u8bed\u90e8\u5206\u662f\u72b6\u8bed\uff0c\u8868\u793a\u5730\u70b9\u3002\u8fd9\u662f\u4e00\u4e2a\u5f88\u7279\u522b\u7684\u53e5\u5b50\u7ed3\u6784\uff0c\u4e3b\u8bed\u5fc5\u987b\u653e\u5728estas\u7684\u540e\u9762\u3002\u4ecb\u8bcd\u90e8\u5206\u53ef\u4ee5\u653e\u524d\u6216\u653e\u540e\u3002\u5982\uff1a<\/p>\n<p style=\"font-weight: 400;\">\u00a0\u00a0\u00a0 En la \u011dardeno estas floroj.<\/p>\n<p style=\"font-weight: 400;\">\u00a0\u00a0\u00a0 Estas floroj en la \u011dardeno.<\/p>\n<p style=\"font-weight: 400;\">\u00a0\u00a0\u00a0\u00a0\uff08\u82b1\u56ed\u91cc\u9762\u6709\u82b1\u3002\uff09<\/p>\n<p style=\"font-weight: 400;\">\u3010\u53e5\u578b\u4e0e\u8bfe\u6587\u6ce8\u91ca\u3011<\/p>\n<ol>\n<li style=\"font-weight: 400;\">Kia estas la pomo?\u90a3\u4e2a\u82f9\u679c\u662f\u4ec0\u4e48\u6837\u7684\uff1fkia\uff08\u4ec0\u4e48\u6837\u7684\uff09\u662f\u4e00\u4e2a\u7279\u6b8a\u7591\u95ee\u8bcd\uff0c\u95ee\u6027\u8d28\u3001\u7279\u5f81\u7b49\u3002\u56de\u7b54\u8981\u7528\u5f62\u5bb9\u8bcd\u4f5c\u8868\u8bed\uff1a<\/li>\n<\/ol>\n<p style=\"font-weight: 400;\">\u00a0\u00a0\u00a0 Kia estas la pomo?<\/p>\n<p style=\"font-weight: 400;\">\u00a0\u00a0\u00a0 La pomo estas verda.<\/p>\n<ol start=\"2\">\n<li style=\"font-weight: 400;\">Mi havas belan \u011dardenon.\u6211\u6709\u4e00\u4e2a\u7f8e\u4e3d\u7684\u82b1\u56ed\u3002\u7ffb\u8bd1\u65f6\u53ef\u4ee5\u52a0\u4e0a\u201c\u4e00\u4e2a\u201d\u4e8c\u5b57\u3002\u6ca1\u6709\u590d\u6570\u7684\u53ef\u6570\u540d\u8bcd\u5c31\u662f\u5355\u6570\uff1b\u5355\u6570\u5f53\u7136\u662f\u201c\u4e00\u201d\u3002<\/li>\n<li style=\"font-weight: 400;\">La floroj estas ru\u011daj.\u90a3\u4e9b\u82b1\u662f\u7ea2\u8272\u7684\u3002\u8fd9\u4e00\u53e5\u4e2d\u7684ru\u011daj\u662f\u8868\u8bed\u3002\u6ce8\u610f\uff0c\u5f62\u5bb9\u8bcd\u4f5c\u8868\u8bed\uff0c\u5176\u6570\u4e5f\u8981\u4e0e\u4e3b\u8bed\u4e00\u81f4\u3002\u5982\uff1a<\/li>\n<\/ol>\n<p style=\"font-weight: 400;\">\u00a0\u00a0\u00a0 La floro estas ru\u011da.<\/p>\n<p style=\"font-weight: 400;\">\u00a0\u00a0\u00a0 La floroj estas ru\u011daj.<\/p>\n<ol start=\"4\">\n<li style=\"font-weight: 400;\">Mi ofte legas librojn en la \u0109ambroj.\u6211\u7ecf\u5e38\u5728\u623f\u95f4\u91cc\u8bfb\u4e66\u3002ofte\u662f\u526f\u8bcd\u4f5c\u72b6\u8bed\uff0c\u8868\u793a\u201c\u9891\u5ea6\u201d\u3002<\/li>\n<\/ol>\n<p style=\"font-weight: 400;\"><strong>Gramatiko\u00a0\uff08\u8bed\u6cd5\uff09<\/strong><\/p>\n<p style=\"font-weight: 400;\">\u4e00\u3001\u4eba\u79f0\u4ee3\u8bcd<\/p>\n<p style=\"font-weight: 400;\">\u00a0\u00a0\u00a0\u00a0\u4eba\u79f0\u4ee3\u8bcd\u662f\u5bf9\u4eba\u6216\u4e8b\u7269\u7684\u79f0\u547c\uff0c\u5982\uff1a\u6211\u3001\u4f60\u3001\u4f60\u4eec\u3001\u4ed6\u3001\u4ed6\u4eec\u3001\u5b83\u7b49\u3002\u5b83\u4eec\u662f\u4ee5\u8bcd\u6839\u5f62\u5f0f\u51fa\u73b0\u7684\u3002<\/p>\n<p style=\"font-weight: 400;\">\u00a0\u00a0\u00a0\u00a0\u4eba\u79f0\u4ee3\u8bcd\u4e0d\u80fd\u6709\u590d\u6570\u8bcd\u5c3e\u00a0-j\u00a0\uff0c\u4f46\u53ef\u4ee5\u6709\u5b83\u7684\u53d8\u5316\u5f62\u5f0f\uff08\u5373\u52a0\u4e86\u00a0-a\u00a0\u65f6\uff09\u540e\u52a0\u590d\u6570\u8bcd\u5c3e\u3002\u4eba\u79f0\u4ee3\u8bcd\u53ef\u4ee5\u6709\u5bbe\u683c\u3002<\/p>\n<p style=\"font-weight: 400;\">\u00a0\u00a0\u00a0 Mi \u015datas lin.\u00a0\u6211\u559c\u6b22\u4ed6\u3002<\/p>\n<p style=\"font-weight: 400;\">\u00a0\u00a0\u00a0 Mi \u015datas ilin.\u00a0\u6211\u559c\u6b22\u4ed6\u4eec\u3002<\/p>\n<p style=\"font-weight: 400;\">\u00a0\u00a0\u00a0\u00a0\u4eba\u79f0\u4ee3\u8bcd\u5217\u8868\u5982\u4e0b\uff1a<\/p>\n<table width=\"100%\">\n<tbody>\n<tr>\n<td rowspan=\"2\" width=\"10%\">\u683c<\/td>\n<td colspan=\"3\" width=\"46%\">\u5355\u00a0\u00a0\u00a0\u00a0\u00a0\u00a0\u00a0\u00a0\u00a0\u00a0\u00a0\u00a0\u00a0\u6570<\/td>\n<td colspan=\"3\" width=\"44%\">\u590d\u00a0\u00a0\u00a0\u00a0\u00a0\u00a0\u00a0\u00a0\u00a0\u00a0\u00a0\u00a0\u00a0\u00a0\u00a0\u6570<\/td>\n<\/tr>\n<tr>\n<td width=\"16%\">\u7b2c\u4e00\u4eba\u79f0<\/td>\n<td width=\"14%\">\u7b2c\u4e8c\u4eba\u79f0<\/td>\n<td width=\"16%\">\u7b2c\u4e09\u4eba\u79f0<\/td>\n<td width=\"14%\">\u7b2c\u4e00\u4eba\u79f0<\/td>\n<td width=\"15%\">\u7b2c\u4e8c\u4eba\u79f0<\/td>\n<td width=\"15%\">\u7b2c\u4e09\u4eba\u79f0<\/td>\n<\/tr>\n<tr>\n<td width=\"10%\">\u4e3b\u683c<\/td>\n<td width=\"16%\">mi\u00a0\u6211<\/td>\n<td width=\"14%\">vi\u00a0\u4f60<\/td>\n<td width=\"16%\">li\u00a0\u4ed6\uff0c\u015di\u00a0\u5979\uff0c\u011di\u00a0\u5b83<\/td>\n<td width=\"14%\">\u00a0ni\u00a0\u6211\u4eec<\/td>\n<td width=\"15%\">\u00a0vi\u00a0\u4f60\u4eec<\/td>\n<td width=\"15%\">\u00a0ili\u00a0\u4ed6\u4eec<\/td>\n<\/tr>\n<tr>\n<td width=\"10%\">\u5bbe\u683c<\/td>\n<td width=\"16%\">min<\/td>\n<td width=\"14%\">vin<\/td>\n<td width=\"16%\">lin, \u015din, \u011din<\/td>\n<td width=\"14%\">nin<\/td>\n<td width=\"15%\">vin<\/td>\n<td width=\"15%\">ilin<\/td>\n<\/tr>\n<\/tbody>\n<\/table>\n<p style=\"font-weight: 400;\">\u4e8c\u3001\u72b6\u8bed<\/p>\n<p style=\"font-weight: 400;\">\u00a0\u00a0\u00a0\u00a0\u4fee\u9970\u52a8\u8bcd\u3001\u5f62\u5bb9\u8bcd\u6216\u526f\u8bcd\u7684\u53e5\u5b50\u6210\u5206\u53eb\u72b6\u8bed\uff0c\u5176\u4e2d\u4ee5\u4fee\u9970\u52a8\u8bcd\u7684\u72b6\u8bed\u6700\u4e3a\u591a\u89c1\u3002<\/p>\n<p style=\"font-weight: 400;\">\u00a0\u00a0\u00a0\u00a0\u5982\uff1aMi tre \u015datas la libron.\u00a0\u6211\u975e\u5e38\u559c\u6b22\u90a3\u672c\u4e66\uff08tre\u4fee\u9970\u015datas\u4f5c\u72b6\u8bed\uff09<\/p>\n<p style=\"font-weight: 400;\">\u00a0\u00a0\u00a0\u00a0\u00a0\u00a0\u00a0\u00a0\u00a0\u00a0 Mi anka\u016d ofte sidas tie.\u00a0\u6211\u4e5f\u7ecf\u5e38\u5750\u5728\u90a3\u513f\u3002<\/p>\n<p style=\"font-weight: 400;\">\u00a0\u00a0\u00a0\u00a0\u5176\u4e2danka\u016d\u4fee\u662f\u526f\u8bcdofte\u4f5c\u72b6\u8bed\uff0cofte\u6709\u4fee\u9970\u52a8\u8bcdsidas\u4f5c\u72b6\u8bed\uff0csidas\u8fd8\u6709\u4e00\u4e2a\u5730\u70b9\u72b6\u8bedtie\u3002<\/p>\n<p style=\"font-weight: 400;\">\u00a0\u00a0\u00a0\u00a0\u52a8\u8bcd\u7684\u72b6\u8bed\u9664\u526f\u8bcd\u5916\uff0c\u4ecb\u8bcd\u77ed\u8bed\u4e5f\u53ef\u4ee5\u4f5c\u72b6\u8bed\u4fee\u9970\u52a8\u8bcd\u3002\u5982\uff1a<\/p>\n<p style=\"font-weight: 400;\">\u00a0\u00a0\u00a0 Mi sidas en la \u011dardeno.\u00a0\uff08\u8868\u793a\u5730\u70b9\uff09<\/p>\n<p style=\"font-weight: 400;\">\u00a0\u00a0\u00a0\u00a0\u6bd4\u8f83\uff1aMi sidas tie.<\/p>\n<p style=\"font-weight: 400;\"><a href=\"https:\/\/reto.cn\/php\/hanyu\/kurso-de-esperanto\/\">\u8fd4\u56de\u76ee\u5f55<\/a>\u00a0 \u00a0\u00a0<a href=\"https:\/\/reto.cn\/php\/hanyu\/kurso-de-esperanto\/ekurso03\">\u7b2c\u4e09\u8bfe<\/a> \u00a0\u00a0 <a href=\"https:\/\/reto.cn\/php\/hanyu\/kurso-de-esperanto\/ekurso05\">\u7b2c\u4e94\u8bfe<\/a><\/p>\n","protected":false},"excerpt":{"rendered":"<p>&nbsp; \u4e16\u754c\u8bed\u6559\u7a0b Kurso de Esperanto \u9b4f\u4ee5\u8fbe\u3001\u5218\u7956\u519b\u00a0 \u5408\u7f16 La Kvara Le\u2026 <span class=\"read-more\"><a href=\"https:\/\/reto.cn\/php\/hanyu\/kurso-de-esperanto\/ekurso04\/\">\u7ee7\u7eed\u9605\u8bfb Legi pli &raquo;<\/a><\/span><\/p>\n","protected":false},"author":1,"featured_media":0,"parent":8240,"menu_order":0,"comment_status":"open","ping_status":"closed","template":"","meta":{"footnotes":""},"_links":{"self":[{"href":"https:\/\/reto.cn\/php\/hanyu\/wp-json\/wp\/v2\/pages\/8296"}],"collection":[{"href":"https:\/\/reto.cn\/php\/hanyu\/wp-json\/wp\/v2\/pages"}],"about":[{"href":"https:\/\/reto.cn\/php\/hanyu\/wp-json\/wp\/v2\/types\/page"}],"author":[{"embeddable":true,"href":"https:\/\/reto.cn\/php\/hanyu\/wp-json\/wp\/v2\/users\/1"}],"replies":[{"embeddable":true,"href":"https:\/\/reto.cn\/php\/hanyu\/wp-json\/wp\/v2\/comments?post=8296"}],"version-history":[{"count":0,"href":"https:\/\/reto.cn\/php\/hanyu\/wp-json\/wp\/v2\/pages\/8296\/revisions"}],"up":[{"embeddable":true,"href":"https:\/\/reto.cn\/php\/hanyu\/wp-json\/wp\/v2\/pages\/8240"}],"wp:attachment":[{"href":"https:\/\/reto.cn\/php\/hanyu\/wp-json\/wp\/v2\/media?parent=8296"}],"curies":[{"name":"wp","href":"https:\/\/api.w.org\/{rel}","templated":true}]}}