{"id":8301,"date":"2021-10-07T13:59:29","date_gmt":"2021-10-07T05:59:29","guid":{"rendered":"http:\/\/reto.cn\/php\/hanyu\/?page_id=8301"},"modified":"2022-01-31T13:46:22","modified_gmt":"2022-01-31T05:46:22","slug":"ekurso06","status":"publish","type":"page","link":"https:\/\/reto.cn\/php\/hanyu\/kurso-de-esperanto\/ekurso06\/","title":{"rendered":"\u4e16\u754c\u8bed\u6559\u7a0b \u7b2c\u516d\u8bfe"},"content":{"rendered":"<p>&nbsp;<\/p>\n<p style=\"font-weight: 400;\"><strong>La Sesa Leciono<\/strong><\/p>\n<p style=\"font-weight: 400;\"><strong>\u7b2c\u516d\u8bfe<\/strong><\/p>\n<p><audio style=\"margin: auto; top: 0; right: 0; bottom: 0; left: 0;\" src=\"https:\/\/reto.cn\/hanyu\/ekurso\/ekurso06.mp3\" controls=\"controls\"><\/audio><\/p>\n<p style=\"font-weight: 400;\">\u3010Tipaj frazoj\u00a0(\u53e5\u578b\uff09\u3011<\/p>\n<ol>\n<li style=\"font-weight: 400;\"><strong> Kie estas la plumo?<\/strong><\/li>\n<\/ol>\n<p style=\"font-weight: 400;\"><strong>\u00a0\u00a0\u00a0 La plumo estas en la \u0109ambro (sur la tablo, apud la libro).<\/strong><\/p>\n<ol start=\"2\">\n<li style=\"font-weight: 400;\"><strong> Kiel vi lernas?<\/strong><\/li>\n<\/ol>\n<p style=\"font-weight: 400;\"><strong>\u00a0\u00a0\u00a0 Mi lernas diligente (bone, pene).<\/strong><\/p>\n<ol start=\"3\">\n<li style=\"font-weight: 400;\"><strong> Kion vi lernas?<\/strong><\/li>\n<\/ol>\n<p style=\"font-weight: 400;\"><strong>\u00a0\u00a0\u00a0 Mi lernas Esperanton (la \u0109inan ligvon, la anglan lingvon).<\/strong><\/p>\n<ol start=\"4\">\n<li style=\"font-weight: 400;\"><strong> Kiam vi venis al la lernejo?<\/strong><\/li>\n<\/ol>\n<p style=\"font-weight: 400;\"><strong>\u00a0\u00a0\u00a0 Mi venis al la lernejo hiera\u016d (anta\u016d kvin tagoj, anta\u016d sep tagoj).<\/strong><\/p>\n<p style=\"font-weight: 400;\"><strong>\u00a0\u00a0\u00a0<\/strong><\/p>\n<p style=\"font-weight: 400;\"><strong>Teksto (\u8bfe\u6587)<\/strong><\/p>\n<p style=\"font-weight: 400;\"><strong>\u00a0Nia Lernejo<\/strong><\/p>\n<p style=\"font-weight: 400;\">\u00a0\u00a0\u00a0Mi estas juna knabo. Mi lernas en la lernejo de mia vila\u011do.<\/p>\n<p style=\"font-weight: 400;\">\u00a0\u00a0\u00a0 La lernejo estas malgranda kaj \u011di estas apud rivereto. \u0108iutage mi iras al la lernejo kaj lernas tie. La geinstruistoj estas tre afablaj kaj ili bone instruas. Ili tre \u015datas la lernantojn. Mi kaj miaj kamaradoj anka\u016d tre \u015datas ilin kaj ni lernas diligente kaj pene. Ni lernas Esperanton. Ni tre \u015datas Esperanton.<\/p>\n<p style=\"font-weight: 400;\">\u00a0\u00a0\u00a0 Hiera\u016d mi estis malsana. Mi ne iris al la lernejo. La afablaj instruistoj venis al mia hejmo kaj instruis min en mia hejmo. Mi tre dankis ilin.<\/p>\n<p style=\"font-weight: 400;\"><strong>Vortoj (\u751f\u8bcd)<\/strong><\/p>\n<table width=\"475\">\n<tbody>\n<tr>\n<td width=\"238\">sur\u00a0\u00a0\u00a0\u00a0\u00a0\u00a0\u00a0\u00a0\u00a0\u00a0\u00a0\u00a0\u00a0\u00a0\u5728\u2026\u2026\u4e4b\u4e0a<\/td>\n<td width=\"237\">hejmo\u00a0\u00a0\u00a0\u00a0\u00a0\u00a0\u00a0\u00a0\u00a0\u00a0\u00a0\u00a0\u00a0\u5bb6<\/td>\n<\/tr>\n<tr>\n<td width=\"238\">pene\u00a0\u00a0\u00a0\u00a0\u00a0\u00a0\u00a0\u00a0\u00a0\u00a0\u00a0\u00a0\u52aa\u529b\u5730<\/td>\n<td width=\"237\">apud\u00a0\u00a0\u00a0\u00a0\u00a0\u00a0\u00a0\u00a0\u00a0\u00a0\u00a0\u00a0\u00a0\u00a0\u00a0\u00a0\u5728\u2026\u2026\u4e4b\u65c1<\/td>\n<\/tr>\n<tr>\n<td width=\"238\">Esperanto\u00a0\u00a0\u00a0\u00a0\u00a0\u4e16\u754c\u8bed<\/td>\n<td width=\"237\">lingvo\u00a0\u00a0\u00a0\u00a0\u00a0\u00a0\u00a0\u00a0\u00a0\u00a0\u00a0\u00a0\u00a0\u00a0\u00a0\u8bed\u8a00<\/td>\n<\/tr>\n<tr>\n<td width=\"238\">\u0109ina\u00a0\u00a0\u00a0\u00a0\u00a0\u00a0\u00a0\u00a0\u00a0\u00a0\u00a0\u00a0\u00a0\u00a0\u4e2d\u56fd\u7684<\/td>\n<td width=\"237\">angla\u00a0\u00a0\u00a0\u00a0\u00a0\u00a0\u00a0\u00a0\u00a0\u00a0\u00a0\u00a0\u00a0\u00a0\u00a0\u00a0\u82f1\u56fd\u7684<\/td>\n<\/tr>\n<tr>\n<td width=\"238\">kiam\u00a0\u00a0\u00a0\u00a0\u00a0\u00a0\u00a0\u00a0\u00a0\u00a0\u00a0\u00a0\u00a0\u4ec0\u4e48\u65f6\u5019<\/td>\n<td width=\"237\">venis\u00a0\u00a0\u00a0\u00a0\u00a0\u00a0\u00a0\u00a0\u00a0\u00a0\u00a0\u00a0\u00a0\u00a0\u00a0\u00a0\u6765<\/td>\n<\/tr>\n<tr>\n<td width=\"238\">al\u00a0\u00a0\u00a0\u00a0\u00a0\u00a0\u00a0\u00a0\u00a0\u00a0\u00a0\u00a0\u00a0\u00a0\u00a0\u00a0\u00a0\u00a0\u5230\u2026\u2026<\/td>\n<td width=\"237\">hiera\u016d\u00a0\u00a0\u00a0\u00a0\u00a0\u00a0\u00a0\u00a0\u00a0\u00a0\u00a0\u00a0\u00a0\u00a0\u00a0\u6628\u5929<\/td>\n<\/tr>\n<tr>\n<td width=\"238\">anta\u016d\u00a0\u00a0\u00a0\u00a0\u00a0\u00a0\u00a0\u00a0\u00a0\u00a0\u00a0\u00a0\u00a0\u5728\u2026\u2026\u4e4b\u524d<\/td>\n<td width=\"237\">kvin\u00a0\u00a0\u00a0\u00a0\u00a0\u00a0\u00a0\u00a0\u00a0\u00a0\u00a0\u00a0\u00a0\u00a0\u00a0\u00a0\u00a0\u00a0\u4e94<\/td>\n<\/tr>\n<tr>\n<td width=\"238\">tago\u00a0\u00a0\u00a0\u00a0\u00a0\u00a0\u00a0\u00a0\u00a0\u00a0\u00a0\u00a0\u00a0\u00a0\u00a0\u5929<\/td>\n<td width=\"237\">ses\u00a0\u00a0\u00a0\u00a0\u00a0\u00a0\u00a0\u00a0\u00a0\u00a0\u00a0\u00a0\u00a0\u00a0\u00a0\u00a0\u00a0\u00a0\u00a0\u00a0\u516d<\/td>\n<\/tr>\n<tr>\n<td width=\"238\">knabo\u00a0\u00a0\u00a0\u00a0\u00a0\u00a0\u00a0\u00a0\u00a0\u00a0\u00a0\u00a0\u00a0\u7537\u5b69<\/td>\n<td width=\"237\">vila\u011do\u00a0\u00a0\u00a0\u00a0\u00a0\u00a0\u00a0\u00a0\u00a0\u00a0\u00a0\u00a0\u00a0\u00a0\u00a0\u00a0\u6751\u5e84<\/td>\n<\/tr>\n<tr>\n<td width=\"238\">rivero\u00a0\u00a0\u00a0\u00a0\u00a0\u00a0\u00a0\u00a0\u00a0\u00a0\u00a0\u00a0\u00a0\u00a0\u6cb3<\/td>\n<td width=\"237\">\u0109iu\u00a0\u00a0\u00a0\u00a0\u00a0\u00a0\u00a0\u00a0\u00a0\u00a0\u00a0\u00a0\u00a0\u00a0\u00a0\u00a0\u00a0\u00a0\u00a0\u00a0\u00a0\u6bcf<\/td>\n<\/tr>\n<tr>\n<td width=\"238\">iris\u00a0\u00a0\u00a0\u00a0\u00a0\u00a0\u00a0\u00a0\u00a0\u00a0\u00a0\u00a0\u00a0\u00a0\u00a0\u00a0\u00a0\u00a0\u8d70\uff0c\u53bb<\/td>\n<td width=\"237\">afabla\u00a0\u00a0\u00a0\u00a0\u00a0\u00a0\u00a0\u00a0\u00a0\u00a0\u00a0\u00a0\u00a0\u00a0\u00a0\u00a0\u548c\u853c\u7684<\/td>\n<\/tr>\n<tr>\n<td width=\"238\">lernanto\u00a0\u00a0\u00a0\u00a0\u00a0\u00a0\u00a0\u00a0\u00a0\u00a0\u00a0\u5b66\u751f<\/td>\n<td width=\"237\">sana\u00a0\u00a0\u00a0\u00a0\u00a0\u00a0\u00a0\u00a0\u00a0\u00a0\u00a0\u00a0\u5065\u5eb7\u7684<\/td>\n<\/tr>\n<tr>\n<td width=\"238\">kamarado\u00a0\u00a0\u00a0\u00a0\u00a0\u00a0\u00a0\u00a0\u00a0\u540c\u5b66\uff0c\u540c\u5fd7<\/td>\n<td width=\"237\">dankis\u00a0\u00a0\u00a0\u00a0\u00a0\u00a0\u00a0\u00a0\u00a0\u00a0\u611f\u8c22<\/td>\n<\/tr>\n<tr>\n<td colspan=\"2\" width=\"475\">-et\u00a0\u00a0\u00a0\u00a0\u00a0\u00a0\u00a0\u00a0\u00a0\u00a0\u00a0\u00a0\u00a0\u00a0\uff08\u63a5\u5c3e\uff09\u8868\u793a\u5c0f<\/td>\n<\/tr>\n<\/tbody>\n<\/table>\n<p style=\"font-weight: 400;\">\u3010\u6982\u8bf4\u3011<\/p>\n<p style=\"font-weight: 400;\">\u00a0\u00a0\u00a0\u00a0\u8fd9\u4e00\u8bfe\u51fa\u73b0\u4e86\u52a8\u8bcd\u7684\u8fc7\u53bb\u65f6\u6001\u548c\u63a5\u5c3e\u8bcd-et\u7684\u7528\u6cd5\u3002<\/p>\n<p style=\"font-weight: 400;\">\u00a0\u00a0\u00a0\u00a0\u4e16\u754c\u8bed\u8868\u793a\u52a8\u4f5c\u53d1\u751f\u5728\u8bf4\u8bdd\u65f6\u7684\u524d\u540e\uff0c\u662f\u4ee5\u65f6\u6001\u6765\u6307\u660e\u7684\u3002\u4e16\u754c\u8bed\u6700\u57fa\u672c\u7684\u65f6\u6001\u6709\u4e09\u79cd\uff1a\u4e00\u822c\u73b0\u5728\u65f6\u3001\u4e00\u822c\u8fc7\u53bb\u65f6\u548c\u4e00\u822c\u5c06\u6765\u65f6\u3002\u73b0\u5728\uff0c\u6211\u4eec\u7740\u91cd\u8c08\u8c08\u524d\u4e24\u79cd\u7684\u7528\u6cd5\u3002<\/p>\n<p style=\"font-weight: 400;\">\u4e00\u3001\u4e00\u822c\u73b0\u5728\u65f6<\/p>\n<p style=\"font-weight: 400;\">\u00a0\u00a0\u00a0\u00a0\u4e00\u822c\u73b0\u5728\u65f6\u4e3b\u8981\u8868\u793a\u73b0\u5728\u6b63\u5728\u53d1\u751f\u7684\u52a8\u4f5c\uff0c\u5982\u00a0Mi kuras.\u00a0\u6211\uff08\u6b63\u5728\uff09\u8dd1\u3002Mi lernas Esperanton.\u00a0\u6211\uff08\u73b0\u5728\uff09\u5728\u5b66\u4e60\u4e16\u754c\u8bed\u3002\u53e6\u5916\uff0c\u5b83\u8fd8\u53ef\u4ee5\u8868\u793a\u7ecf\u5e38\u53d1\u751f\u7684\u52a8\u4f5c\uff08\u5305\u62ec\u8fc7\u53bb\u3001\u73b0\u5728\u548c\u5c06\u6765\u5728\u5185\uff09\uff0c\u5982\u00a0\u0108iutage mi iras al lernejo.\u00a0\u6211\u6bcf\u5929\u90fd\u53bb\u4e0a\u5b66\u3002\u5728\u8fd9\u4e00\u53e5\u8bdd\u4e2d\uff0c\u5e76\u4e0d\u4ec5\u4ec5\u5305\u542b\u6211\u73b0\u5728\u5728\u4e0a\u5b66\u7684\u610f\u601d\uff0c\u800c\u662f\u5f88\u957f\u4e00\u6bb5\u65f6\u95f4\u5185\u7ecf\u5e38\u53d1\u751f\u7684\u52a8\u4f5c\u3002<\/p>\n<p style=\"font-weight: 400;\">\u00a0\u00a0\u00a0\u00a0\u4e00\u822c\u73b0\u5728\u65f6\u6001\u4ee5\u52a8\u8bcd\u8bcd\u6839\u52a0\u8bcd\u5c3e-as\u8868\u793a\u3002<\/p>\n<p style=\"font-weight: 400;\">\u4e8c\u3001\u4e00\u822c\u8fc7\u53bb\u65f6<\/p>\n<p style=\"font-weight: 400;\">\u00a0\u00a0\u00a0\u00a0\u4e00\u822c\u8fc7\u53bb\u65f6\u4e3b\u8981\u8868\u793a\u8fc7\u53bb\u67d0\u4e2a\u65f6\u5019\u53d1\u751f\u7684\u52a8\u4f5c\uff0c\u5982\u00a0Mi iris al lernejo hiera\u016d.\u00a0\u6211\u6628\u5929\u53bb\u4e0a\u4e86\u5b66\u3002<\/p>\n<p style=\"font-weight: 400;\">\u00a0\u00a0\u00a0\u00a0\u4e00\u822c\u8fc7\u53bb\u65f6\u6001\u4ee5\u52a8\u8bcd\u8bcd\u6839\u52a0-is\u00a0\u8868\u793a\uff0c\u8fc7\u53bb\u65f6\u6001\u591a\u4e0e\u8868\u793a\u8fc7\u53bb\u65f6\u95f4\u7684\u8bcd\u8fde\u7528\uff0c\u5982\u00a0hiera\u016d, anta\u016d ses tagoj\u00a0\u7b49\u3002<\/p>\n<p style=\"font-weight: 400;\">\u00a0\u00a0\u00a0\u00a0\u672c\u53ef\u51fa\u73b0\u7684\u7ed3\u5c3e\u8bcd\u00a0-et\u00a0\u662f\u52a0\u5728\u67d0\u4e9b\u8bcd\u6839\u540e\u9762\uff0c\u5bf9\u8fd9\u4e2a\u8bcd\u7684\u8bcd\u4e49\u52a0\u4ee5\u7f29\u5c0f\u3001\u51cf\u5f31\u3002\u5982\uff1a<\/p>\n<p style=\"font-weight: 400;\">\u00a0\u00a0\u00a0 rivero\uff08\u6cb3\u6d41\uff09\u2014\u2014 rivereto\uff08\u5c0f\u6eaa\uff0c\u5c0f\u6cb3\uff09<\/p>\n<p style=\"font-weight: 400;\">\u00a0\u00a0\u00a0 granda\uff08\u5927\uff09\u2014\u2014 grandeta\uff08\u7565\u5927\uff09<\/p>\n<p style=\"font-weight: 400;\">\u00a0\u00a0\u00a0 verda\uff08\u7eff\u8272\u7684\uff09\u2014\u2014 verdeta\uff08\u7565\u5448\u7eff\u8272\u7684\uff09<\/p>\n<p style=\"font-weight: 400;\">\u3010\u53e5\u578b\u4e0e\u8bfe\u6587\u6ce8\u91ca\u3011<\/p>\n<ol>\n<li style=\"font-weight: 400;\">Kiel vi lernas? kiel\u662f\u4e00\u4e2a\u7279\u6b8a\u7591\u95ee\u526f\u8bcd\uff0c\u8868\u793a\u201c\u7a0b\u5ea6\u201d\uff0c\u201c\u600e\u4e48\u6837\u201d\u3002\u8bd1\u6587\uff1a\u4f60\u662f\u600e\u6837\u5b66\u4e60\u7684\uff1f\u6216\uff1a\u4f60\u5b66\u5f97\u5982\u4f55\uff1f<\/li>\n<li style=\"font-weight: 400;\">Kiam vi venis al la lernejo?\u8bd1\u6587\uff1a\u4f60\u4ec0\u4e48\u65f6\u5019\u5230\u8fd9\u6240\u5b66\u6821\u6765\u7684\uff1fkiam\u662f\u4e00\u4e2a\u8868\u793a\u65f6\u95f4\u7684\u7279\u6b8a\u7591\u95ee\u526f\u8bcd\u3002venis\u662f\u4e0d\u53ca\u7269\u52a8\u8bcd\uff0c\u8868\u793a\u201c\u6765\u201d\uff1b\u201c\u6765\u5230\u201d\u4ec0\u4e48\u5730\u65b9\uff0c\u8981\u7528al\u00a0\u4e0e\u8868\u793a\u5730\u70b9\u7684\u540d\u8bcd\u8fde\u63a5\uff0c\u4ee5\u5176\u8868\u793a\u201c\u6765\u201d\u7684\u76ee\u7684\u5730\u3002\u8fd9\u79cd\u4ecb\u8bcd\u77ed\u8bed\u662f\u5c5e\u4e8e\u8868\u793a\u5730\u70b9\u7684\u72b6\u8bed\u3002<\/li>\n<li style=\"font-weight: 400;\">\u0109iutage: \u0109iu + tago = \u0109iutago, \u0109iutago\u662f\u540d\u8bcd\uff0c\u4e0d\u80fd\u505a\u72b6\u8bed\uff0c\u56e0\u6b64\uff0c\u5c06\u540d\u8bcd\u8bcd\u5c3e\u6362\u6210\u526f\u8bcd\u8bcd\u5c3e\u5373\u6210\u0109iutage\uff08\u6bcf\u5929\uff09\uff0c\u5728\u53e5\u4e2d\u4f5c\u72b6\u8bed\u3002<\/li>\n<li style=\"font-weight: 400;\">Mi kaj miaj amikoj&#8230; kaj pene.\u6ce8\u610f\u8fd9\u4e00\u53e5\u91cc\u7684\u4e09\u4e2akaj\u3002\u7b2c\u4e00\u4e2akej\u8fde\u63a5\u4e24\u4e2a\u540d\u8bcd\u6027\u7684\u8bcd\u548c\u8bcd\u7ec4\uff0c\u5171\u540c\u4f5c\u4e3b\u8bed\uff1b\u7b2c\u4e09\u4e2akaj\u5219\u8fde\u63a5\u4e24\u4e2a\u526f\u8bcd\uff0c\u5171\u540c\u4f5c\u72b6\u8bed\uff1b\u7b2c\u4e8c\u4e2akaj\u662f\u8fde\u63a5\u4e24\u4e2a\u53e5\u5b50\u3002\u8bd1\u6587\uff1a\u6211\u548c\u6211\u7684\u670b\u53cb\u4eec\u4e5f\u975e\u5e38\u559c\u6b22\u4ed6\u4eec\uff1b\u6211\u4eec\u52e4\u594b\u5730\u3001\u52aa\u529b\u5730\u5b66\u4e60\u3002<\/li>\n<li style=\"font-weight: 400;\">Esperanto\u662f\u4e13\u6709\u540d\u8bcd\uff0c\u5c31\u8ddf\u8868\u793a\u4e00\u4e2a\u4eba\u7684\u540d\u5b57\u4e00\u6837\uff0c\u9996\u5b57\u6bcd\u8981\u5927\u5199\u3002<\/li>\n<li style=\"font-weight: 400;\">malsana:\u751f\u75c5\uff0c\u75c5\u7684\u3002<\/li>\n<\/ol>\n<p style=\"font-weight: 400;\">\u00a0\u00a0\u00a0Gramatiko<strong>\u00a0\uff08\u8bed\u6cd5\uff09<\/strong><\/p>\n<p style=\"font-weight: 400;\">\u00a0\u00a0\u00a0\u4e00\u3001\u53e5\u5b50\u7684\u79cd\u7c7b\uff1a\u7b80\u5355\u53e5<\/p>\n<p style=\"font-weight: 400;\">\u00a0\u00a0\u00a0\u00a0\u6839\u636e\u53e5\u5b50\u7684\u7ed3\u6784\u5212\u5206\uff0c\u4e16\u754c\u8bed\u7684\u53e5\u5b50\u6709\u4e09\u79cd\u57fa\u672c\u7c7b\u578b\uff1a\u7b80\u5355\u53e5\u3001\u5e76\u5217\u53e5\u548c\u590d\u5408\u53e5\u3002<\/p>\n<p style=\"font-weight: 400;\">\u00a0\u00a0\u00a0\u00a0\u8fd9\u91cc\uff0c\u5148\u8c08\u8c08\u7b2c\u4e00\u79cd\uff1a\u7b80\u5355\u53e5\u3002<\/p>\n<p style=\"font-weight: 400;\">\u00a0\u00a0\u00a0\u00a0\u5728\u4e16\u754c\u8bed\u7684\u53e5\u5b50\u79cd\u7c7b\u4e2d\uff0c\u7b80\u5355\u53e5\u662f\u6700\u7b80\u5355\u7684\u3002\u5b83\u53ef\u4ee5\u6709\u4ee5\u4e0b\u5f62\u5f0f\uff1a<\/p>\n<ol>\n<li style=\"font-weight: 400;\">\u53ea\u6709\u4e00\u4e2a\u4e3b\u8bed\u548c\u4e00\u4e2a\u8c13\u8bed\uff1a<\/li>\n<\/ol>\n<p style=\"font-weight: 400;\">\u00a0\u00a0\u00a0 Esperanto estas bona lingvo.\uff08\u4e16\u754c\u8bed\u662f\u597d\u8bed\u8a00\u3002\uff09<\/p>\n<p style=\"font-weight: 400;\">\u00a0\u00a0\u00a0 Li laboras pene.\uff08\u4ed6\u52aa\u529b\u5de5\u4f5c\u3002\uff09<\/p>\n<ol start=\"2\">\n<li style=\"font-weight: 400;\">\u4e24\u4e2a\u6216\u4e24\u4e2a\u4ee5\u4e0a\u7684\u4e3b\u8bed\u5171\u540c\u4e00\u4e2a\u8c13\u8bed\uff1a<\/li>\n<\/ol>\n<p style=\"font-weight: 400;\">\u00a0\u00a0\u00a0 Mia patro, mia patrino kaj mia gefratoj laboras diligente.\u00a0\uff08\u6211\u7236\u4eb2\u3001\u6211\u6bcd\u4eb2\u548c\u6211\u7684\u5144\u5f1f\u59d0\u59b9\u5de5\u4f5c\u52e4\u594b\u3002\uff09<\/p>\n<ol start=\"3\">\n<li style=\"font-weight: 400;\">\u4e24\u4e2a\u6216\u4e24\u4e2a\u4ee5\u4e0a\u7684\u8c13\u8bed\u5171\u540c\u4e00\u4e2a\u4e3b\u8bed\uff1a<\/li>\n<\/ol>\n<p style=\"font-weight: 400;\">\u00a0\u00a0\u00a0 Li laboras kaj lernas bone.\uff08\u4ed6\u5de5\u4f5c\u5b66\u4e60\u90fd\u597d\u3002\uff09<\/p>\n<ol start=\"4\">\n<li style=\"font-weight: 400;\">\u6216\u8005\u4e24\u4e2a\u4e3b\u8bed\u548c\u4e24\u4e2a\u8c13\u8bed\u4e43\u81f3\u4e24\u4e2a\u4ee5\u4e0a\u7684\u4e3b\u8bed\u548c\u8c13\u8bed\uff1a<\/li>\n<\/ol>\n<p style=\"font-weight: 400;\">\u00a0\u00a0\u00a0 Mia amiko kaj lia patro laboras kaj lernas bone.\uff08\u6211\u7684\u670b\u53cb\u548c\u4ed6\u7236\u4eb2\u5de5\u4f5c\u5b66\u4e60\u90fd\u597d\u3002\uff09<\/p>\n<p style=\"font-weight: 400;\">\u00a0\u00a0\u00a0\u00a0\u4ee5\u4e0a\u8c08\u5230\u7684\u540e\u4e09\u79cd\u5f62\u5f0f\u5b9e\u9645\u4e0a\u662f\u7b2c\u4e00\u79cd\u5f62\u5f0f\u7684\u6269\u5c55\u800c\u5df2\u3002\u65e0\u8bba\u6709\u591a\u5c11\u4e2a\u4e3b\u8bed\uff0c\u53ea\u8981\u53ef\u4ee5\u88ab\u770b\u4f5c\u4e00\u4e2a\u6574\u4f53\uff0c\u8fd9\u65f6\uff0c\u518d\u591a\u4e5f\u53ea\u80fd\u7b97\u7b80\u5355\u53e5\u7684\u4e3b\u8bed\uff0c\u5047\u5982\u8c13\u8bed\u7684\u60c5\u51b5\u4e5f\u76f8\u4f3c\u7684\u8bdd\u3002<\/p>\n<p style=\"font-weight: 400;\">\u4e8c\u3001\u5b9a\u51a0\u8bcd\u7684\u7528\u6cd5\uff08\u4e00\uff09<\/p>\n<p style=\"font-weight: 400;\">\u00a0\u00a0\u00a0\u00a0\u4e16\u754c\u8bed\u53ea\u6709\u5b9a\u51a0\u8bcd\uff0c\u6ca1\u6709\u4e0d\u5b9a\u51a0\u8bcd\u3002<\/p>\n<p style=\"font-weight: 400;\">\u00a0\u00a0\u00a0\u00a0\u5b9a\u51a0\u8bcd\u4e3b\u8981\u7528\u6765\u9650\u5b9a\u540d\u8bcd\uff0c\u4e0d\u80fd\u5355\u72ec\u4f7f\u7528\u3002\u5982\uff1ala lernejo, la \u0109ambro\u3002<\/p>\n<p style=\"font-weight: 400;\">\u00a0\u00a0\u00a0\u00a0\u5b9a\u51a0\u8bcd\u6700\u57fa\u672c\u7684\u7528\u6cd5\u662f\u52a0\u5728\u540d\u8bcd\u7684\u524d\u9762\u8868\u793a\u7279\u5b9a\u7684\u4eba\u6216\u7269\uff0c\u5982\uff1a<\/p>\n<p style=\"font-weight: 400;\">\u00a0\u00a0\u00a0 Mi legas libron, la libro estas interesa.\uff08\u6211\u5728\u8bfb\u4e00\u672c\u4e66\uff0c\u8fd9\u672c\u4e66\u5f88\u6709\u8da3\u3002\uff09<\/p>\n<p style=\"font-weight: 400;\">\u00a0\u00a0\u00a0\u00a0\u524d\u4e00\u4e2alibron\u6ca1\u6709\u7528\u5b9a\u51a0\u8bcd\uff0c\u56e0\u4e3a\u201c\u6211\u201d\u8bfb\u7684\u4e66\u53ef\u4ee5\u662f\u968f\u4fbf\u54ea\u4e00\u672c\uff0c\u8fd9\u672c\u4e66\u4e0d\u662f\u7279\u6307\u7684\u3002\u4f46\u540e\u4e00\u4e2alibro\u5c3d\u7ba1\u4e0e\u524d\u4e00\u4e2a\u662f\u540c\u4e00\u672c\u4e66\uff0c\u4f46\u56e0\u4e3a\u524d\u9762\u5df2\u7ecf\u63d0\u5230\uff0c\u6240\u4ee5\uff0c\u540e\u4e00\u4e2alibro\u5c31\u662f\u6307\u201c\u6211\u201d\u6b63\u5728\u8bfb\u7684\u201c\u90a3\u672c\u4e66\u201d\uff0c\u662f\u7279\u6307\u7684\u4e00\u672c\u4e66\uff0c\u800c\u4e0d\u662f\u968f\u4fbf\u54ea\u4e00\u672c\u201c\u6211\u201d\u6ca1\u6709\u8bfb\u7684\u4e66\u3002<\/p>\n<p style=\"font-weight: 400;\">\u00a0\u00a0\u00a0 \u0108u vi \u015datas la libron?\u00a0\uff08\u4f60\u559c\u6b22\u54ea\u672c\u4e66\u5417\uff1f\uff09<\/p>\n<p style=\"font-weight: 400;\">\u00a0\u00a0\u00a0\u00a0\u8fd9\u91cc\u7684libron\u6709\u5b9a\u51a0\u8bcd\uff0c\u662f\u8868\u793a\u542c\u3001\u8bf4\u53cc\u65b9\u90fd\u77e5\u9053\u7684\u4e00\u672c\u4e66\uff0c\u6240\u4ee5\uff0c\u610f\u4e49\u4e5f\u662f\u7279\u5b9a\u7684\u3002<\/p>\n<p style=\"font-weight: 400;\">\u00a0\u00a0\u00a0 Kie estas la plumo?\uff08\u90a3\u652f\u94a2\u7b14\u5728\u54ea\u91cc\uff1f\uff09<\/p>\n<p style=\"font-weight: 400;\">\u00a0\u00a0\u00a0\u00a0\u8fd9\u4e00\u53e5\u4e2d\u7528\u7684\u5b9a\u51a0\u8bcd\u4e0e\u524d\u4e00\u53e5\u5b9a\u51a0\u8bcd\u7684\u7528\u6cd5\u76f8\u4f3c\u3002\u6bd4\u5982\u6211\u501f\u4e86\u4e00\u652f\u7b14\u7ed9\u4f60\uff0c\u4f60\u7528\u8fc7\u4e4b\u540e\u6ca1\u6709\u8fd8\u6211\uff0c\u73b0\u5728\u6211\u8981\u7528\uff0c\u8bf7\u4f60\u8fd8\u7ed9\u6211\uff0c\u4f60\u8bf4\u6ca1\u5e26\u5728\u8eab\u8fb9\uff0c\u6211\u95ee\u4f60\u653e\u5728\u54ea\u513f\uff0c\u6211\u597d\u53bb\u53d6\u3002\u8fd9\u65f6\uff0cplumo\u662f\u53cc\u65b9\u90fd\u77e5\u9053\u7684\u4e00\u652f\u7279\u5b9a\u7684\u7b14\uff0c\u800c\u4e0d\u662f\u5176\u4ed6\u968f\u4fbf\u54ea\u4e00\u652f\u7b14\u3002<\/p>\n<p style=\"font-weight: 400;\">\u00a0\u00a0\u00a0\u00a0\u6c49\u8bed\u6ca1\u6709\u5b9a\u51a0\u8bcd\uff0c\u56e0\u6b64\uff0c\u8fd9\u5bf9\u6211\u4eec\u4e2d\u56fd\u4eba\u6765\u8bf4\uff0c\u5b66\u4e60\u548c\u4f7f\u7528\u5b9a\u51a0\u8bcd\u662f\u6709\u4e00\u5b9a\u56f0\u96be\u7684\u3002\u4f46\u53ea\u8981\u8ba4\u771f\u4f53\u4f1a\uff0c\u591a\u770b\u591a\u7528\uff0c\u5c31\u4f1a\u719f\u80fd\u751f\u5de7\u3002<\/p>\n<p style=\"font-weight: 400;\">\u00a0\u00a0\u00a0\u00a0\u5b9a\u51a0\u8bcd\u7684\u5176\u4ed6\u7528\u6cd5\u4ee5\u540e\u518d\u8bb2\u3002<\/p>\n<p style=\"font-weight: 400;\"><a href=\"https:\/\/reto.cn\/php\/hanyu\/kurso-de-esperanto\/\">\u8fd4\u56de\u76ee\u5f55<\/a><\/p>\n","protected":false},"excerpt":{"rendered":"<p>&nbsp; La Sesa Leciono \u7b2c\u516d\u8bfe \u3010Tipaj frazoj\u00a0(\u53e5\u578b\uff09\u3011 Kie esta\u2026 <span class=\"read-more\"><a href=\"https:\/\/reto.cn\/php\/hanyu\/kurso-de-esperanto\/ekurso06\/\">\u7ee7\u7eed\u9605\u8bfb Legi pli &raquo;<\/a><\/span><\/p>\n","protected":false},"author":1,"featured_media":0,"parent":8240,"menu_order":0,"comment_status":"open","ping_status":"closed","template":"","meta":{"footnotes":""},"_links":{"self":[{"href":"https:\/\/reto.cn\/php\/hanyu\/wp-json\/wp\/v2\/pages\/8301"}],"collection":[{"href":"https:\/\/reto.cn\/php\/hanyu\/wp-json\/wp\/v2\/pages"}],"about":[{"href":"https:\/\/reto.cn\/php\/hanyu\/wp-json\/wp\/v2\/types\/page"}],"author":[{"embeddable":true,"href":"https:\/\/reto.cn\/php\/hanyu\/wp-json\/wp\/v2\/users\/1"}],"replies":[{"embeddable":true,"href":"https:\/\/reto.cn\/php\/hanyu\/wp-json\/wp\/v2\/comments?post=8301"}],"version-history":[{"count":0,"href":"https:\/\/reto.cn\/php\/hanyu\/wp-json\/wp\/v2\/pages\/8301\/revisions"}],"up":[{"embeddable":true,"href":"https:\/\/reto.cn\/php\/hanyu\/wp-json\/wp\/v2\/pages\/8240"}],"wp:attachment":[{"href":"https:\/\/reto.cn\/php\/hanyu\/wp-json\/wp\/v2\/media?parent=8301"}],"curies":[{"name":"wp","href":"https:\/\/api.w.org\/{rel}","templated":true}]}}