{"id":8304,"date":"2021-10-07T14:01:47","date_gmt":"2021-10-07T06:01:47","guid":{"rendered":"http:\/\/reto.cn\/php\/hanyu\/?page_id=8304"},"modified":"2022-01-31T13:50:06","modified_gmt":"2022-01-31T05:50:06","slug":"ekurso07","status":"publish","type":"page","link":"https:\/\/reto.cn\/php\/hanyu\/kurso-de-esperanto\/ekurso07\/","title":{"rendered":"\u4e16\u754c\u8bed\u6559\u7a0b \u7b2c\u4e03\u8bfe"},"content":{"rendered":"\n<p style=\"font-weight: 400;\"><strong>La Sepa Leciono<\/strong><\/p>\n<p style=\"font-weight: 400;\"><strong>\u7b2c\u4e03\u8bfe<\/strong><\/p>\n<p><audio style=\"margin: auto; top: 0; right: 0; bottom: 0; left: 0;\" src=\"https:\/\/reto.cn\/hanyu\/ekurso\/ekurso07.mp3\" controls=\"controls\"><\/audio><\/p>\n<p style=\"font-weight: 400;\">\u3010Tipaj frazoj\u00a0(\u53e5\u578b\uff09\u3011<\/p>\n<ol>\n<li style=\"font-weight: 400;\"><strong> Kies libroj (pomoj, \u015dafoj) \u0109i tio estas?<\/strong><\/li>\n<\/ol>\n<p style=\"font-weight: 400;\"><strong>\u00a0\u00a0\u00a0 \u0108i tio estas miaj libroj (pomoj, \u015dafoj).<\/strong><\/p>\n<ol start=\"2\">\n<li style=\"font-weight: 400;\"><strong> \u0108u vi (li, \u015di) devenas de la kamparo?<\/strong><\/li>\n<\/ol>\n<p style=\"font-weight: 400;\"><strong>\u00a0\u00a0\u00a0 Jes, mi (li, \u015di) devenas de la kamparo.<\/strong><\/p>\n<ol start=\"3\">\n<li style=\"font-weight: 400;\"><strong> \u0108u tiu floro estas bela (ru\u011da, blanka)?<\/strong><\/li>\n<\/ol>\n<p style=\"font-weight: 400;\"><strong>\u00a0\u00a0\u00a0 Ne, tiu floro ne estas bela (ru\u011da, blanka).<\/strong><\/p>\n<p style=\"font-weight: 400;\"><strong>\u00a0\u00a0\u00a0 Sed \u0109i tiu floro estas bela (ru\u011da, blanka).<\/strong><\/p>\n<p style=\"font-weight: 400;\"><strong>\u00a0\u00a0<\/strong><\/p>\n<p style=\"font-weight: 400;\"><strong>\u00a0\u00a0\u00a0<\/strong><\/p>\n<p style=\"font-weight: 400;\"><strong>Teksto (\u8bfe\u6587)<\/strong><\/p>\n<p style=\"font-weight: 400;\"><strong>\u00a0Mia\u00a0<\/strong><strong>Vila\u011do<\/strong><\/p>\n<p style=\"font-weight: 400;\">\u00a0\u00a0\u00a0Mi lo\u011das en mia vila\u011do apud monteto. Mi laboras en la kampoj kaj vivas en la kamparo. Mi estas kamparano.<\/p>\n<p style=\"font-weight: 400;\">\u00a0\u00a0\u00a0 Mi naski\u011dis kaj kreskas en la vila\u011do. Mia kara vila\u011do ne estas tre granda. \u011ci estas grandeta, sed \u011di estas tre bela. \u0108irka\u016d la vila\u011do estas verdaj kampoj. Rivereto fluetas anta\u016d la vila\u011do. La akvo estas klara kaj pura. Malanta\u016d la vila\u011do staras monteto. La monteto ne estas alta. Sur la monteto kreskas verdaj arboj. La \u015dafoj man\u011das herbojn tie kaj \u0109i tie.<\/p>\n<p style=\"font-weight: 400;\">\u00a0\u00a0\u00a0 Mia kuzo ofte venas al mia vila\u011do. Hiera\u016d li venis al mia hejmo. Kvankam li devenas de la urbo, li tre \u015datas la kamparon. Li restas \u0109i tie por du tagoj kaj poste reiros al la urbo.<\/p>\n<p style=\"font-weight: 400;\"><strong>Vortoj (\u751f\u8bcd)<\/strong><\/p>\n<table width=\"475\">\n<tbody>\n<tr>\n<td width=\"238\">kies\u00a0\u00a0\u00a0\u00a0\u00a0\u00a0\u00a0\u00a0\u00a0\u00a0\u00a0\u00a0\u00a0\u00a0\u8c01\u7684<\/td>\n<td width=\"237\">\u0109irka\u016d\u00a0\u00a0\u00a0\u00a0\u00a0\u00a0\u00a0\u00a0\u00a0\u00a0\u00a0\u00a0\u5728\u2026\u2026\u5468\u56f4<\/td>\n<\/tr>\n<tr>\n<td width=\"238\">deveni\u00a0\u00a0\u00a0\u00a0\u00a0\u00a0\u00a0\u00a0\u00a0\u00a0\u00a0\u6765\u81ea\uff0c\u51fa\u8eab<\/td>\n<td width=\"237\">flui\u00a0\u00a0\u00a0\u00a0\u00a0\u00a0\u00a0\u00a0\u00a0\u00a0\u00a0\u00a0\u00a0\u00a0\u00a0\u00a0\u00a0\u6d41\u52a8\uff0c\u6d41<\/td>\n<\/tr>\n<tr>\n<td width=\"238\">\u0109i\u00a0\u00a0\u00a0\u00a0\u00a0\u00a0\u00a0\u00a0\u00a0\u00a0\u00a0\uff08\u526f\u8bcd\uff0c\u8868\u63a5\u8fd1\uff09<\/td>\n<td width=\"237\">kamparo\u00a0\u00a0\u00a0\u00a0\u00a0\u00a0\u00a0\u00a0\u00a0\u519c\u6751<\/td>\n<\/tr>\n<tr>\n<td width=\"238\">kampo\u00a0\u00a0\u00a0\u00a0\u00a0\u00a0\u00a0\u00a0\u00a0\u00a0\u00a0\u7530\uff0c\u7530\u91ce<\/td>\n<td width=\"237\">tiu\u00a0\u00a0\u00a0\u00a0\u00a0\u00a0\u00a0\u00a0\u00a0\u00a0\uff08\u6307\u793a\u4ee3\u8bcd\uff09\u90a3<\/td>\n<\/tr>\n<tr>\n<td width=\"238\">kreski\u00a0\u00a0\u00a0\u00a0\u00a0\u00a0\u00a0\u00a0\u00a0\u00a0\u00a0\u00a0\u00a0\u751f\u957f\uff0c\u6210\u957f<\/td>\n<td width=\"237\">monto\u00a0\u00a0\u00a0\u00a0\u00a0\u00a0\u00a0\u00a0\u00a0\u00a0\u00a0\u00a0\u00a0\u5c71<\/td>\n<\/tr>\n<tr>\n<td width=\"238\">\u015dafo\u00a0\u00a0\u00a0\u00a0\u00a0\u00a0\u00a0\u00a0\u00a0\u00a0\u00a0\u00a0\u00a0\u00a0\u00a0\u00a0\u7f8a\uff0c\u7ef5\u7f8a<\/td>\n<td width=\"237\">vivi\u00a0\u00a0\u00a0\u00a0\u00a0\u00a0\u00a0\u00a0\u00a0\u00a0\u00a0\u00a0\u00a0\u00a0\u00a0\u00a0\u00a0\u751f\u6d3b<\/td>\n<\/tr>\n<tr>\n<td width=\"238\">klara\u00a0\u00a0\u00a0\u00a0\u00a0\u00a0\u00a0\u00a0\u00a0\u00a0\u00a0\u00a0\u00a0\u00a0\u00a0\u6e05\u6f88\u7684<\/td>\n<td width=\"237\">man\u011di\u00a0\u00a0\u00a0\u00a0\u00a0\u00a0\u00a0\u00a0\u00a0\u00a0\u00a0\u00a0\u00a0\u00a0\u5403<\/td>\n<\/tr>\n<tr>\n<td width=\"238\">pura\u00a0\u00a0\u00a0\u00a0\u00a0\u00a0\u00a0\u00a0\u00a0\u00a0\u00a0\u00a0\u00a0\u00a0\u00a0\u00a0\u5e72\u51c0\u7684<\/td>\n<td width=\"237\">herbo\u00a0\u00a0\u00a0\u00a0\u00a0\u00a0\u00a0\u00a0\u00a0\u00a0\u00a0\u00a0\u00a0\u00a0\u00a0\u8349<\/td>\n<\/tr>\n<tr>\n<td width=\"238\">kuzo\u00a0\u00a0\u00a0\u00a0\u00a0\u00a0\u00a0\u00a0\u00a0\u00a0\u00a0\u00a0\u00a0\u00a0\u00a0\u8868\u5144\uff0c\u8868\u5f1f<\/td>\n<td width=\"237\">resti\u00a0\u00a0\u00a0\u00a0\u00a0\u00a0\u00a0\u00a0\u00a0\u00a0\u00a0\u00a0\u00a0\u00a0\u00a0\u00a0\u00a0\u505c\u7559\uff0c\u9017\u7559<\/td>\n<\/tr>\n<tr>\n<td width=\"238\">kvankam\u00a0\u00a0\u00a0\u00a0\u00a0\u00a0\u00a0\u00a0\u00a0\u867d\u7136\uff0c\u5c3d\u7ba1<\/td>\n<td width=\"237\">por\u00a0\uff08\u4ecb\u8bcd\uff0c\u8868\u793a\u5c06\u6765\u4e00\u6bb5\u65f6\u95f4\u7684\u5ef6\u7eed\uff09<\/td>\n<\/tr>\n<tr>\n<td width=\"238\">naski\u011di\u00a0\u00a0\u00a0\u00a0\u00a0\u00a0\u00a0\u00a0\u00a0\u00a0\u00a0\u00a0\u00a0\u51fa\u751f\uff0c\u8bde\u751f<\/td>\n<td width=\"237\">poste\u00a0\u00a0\u00a0\u00a0\u00a0\u00a0\u00a0\u00a0\u00a0\u00a0\u00a0\u00a0\u00a0\u00a0\u00a0\u00a0\u7136\u540e\uff0c\u4ee5\u540e<\/td>\n<\/tr>\n<tr>\n<td width=\"238\">kara\u00a0\u00a0\u00a0\u00a0\u00a0\u00a0\u00a0\u00a0\u00a0\u00a0\u00a0\u00a0\u00a0\u00a0\u00a0\u00a0\u00a0\u4eb2\u7231\u7684<\/td>\n<td width=\"237\">urbo\u00a0\u00a0\u00a0\u00a0\u00a0\u00a0\u00a0\u00a0\u00a0\u00a0\u00a0\u00a0\u00a0\u00a0\u00a0\u00a0\u00a0\u57ce\u5e02<\/td>\n<\/tr>\n<tr>\n<td colspan=\"2\" width=\"475\">re-\u00a0\u00a0\uff08\u63a5\u5934\uff09\u8868\u793a\u201c\u56de\u201d\uff0c\u201c\u91cd\u65b0\u201d<\/td>\n<\/tr>\n<tr>\n<td colspan=\"2\" width=\"475\">-ar\u00a0\u00a0\u00a0\uff08\u63a5\u5c3e\uff09\u8868\u793a\u201c\u96c6\u4f53\u201d<\/td>\n<\/tr>\n<tr>\n<td colspan=\"2\" width=\"475\">-an\u00a0\u00a0\uff08\u63a5\u5c3e\uff09\u8868\u793a\u201c\u6210\u5458\u3001\u5c45\u6c11\u201d<\/td>\n<\/tr>\n<\/tbody>\n<\/table>\n<p style=\"font-weight: 400;\">\u3010\u6982\u8bf4\u3011<\/p>\n<p style=\"font-weight: 400;\">\u00a0\u00a0\u00a0\u00a0\u672c\u8bfe\u628a\u4e16\u754c\u8bed\u52a8\u8bcd\u7684\u51e0\u79cd\u57fa\u672c\u65f6\u6001\u90fd\u8bb2\u5230\u4e86\u3002\u4e16\u754c\u8bed\u6700\u57fa\u672c\u7684\u65f6\u6001\u6709\u4e09\u79cd\uff1a\u4e00\u822c\u73b0\u5728\u65f6\u6001\u3001\u4e00\u822c\u8fc7\u53bb\u65f6\u6001\u548c\u4e00\u822c\u5c06\u6765\u65f6\u6001\u3002\u672c\u8bfe\u7740\u91cd\u5c06\u4e00\u822c\u5c06\u6765\u65f6\u6001\u7684\u7528\u6cd5\u3002<\/p>\n<p style=\"font-weight: 400;\">\u00a0\u00a0\u00a0\u00a0\u4e00\u822c\u5c06\u6765\u65f6\u6001\u8868\u793a\u52a8\u4f5c\u5728\u8bf4\u8bdd\u65f6\u8fd8\u6ca1\u6709\u53d1\u751f\uff0c\u662f\u6307\u5c06\u6765\u8981\u53d1\u751f\u7684\u52a8\u4f5c\u3002\u8fd9\u79cd\u65f6\u6001\u662f\u5728\u52a8\u8bcd\u8bcd\u6839\u540e\u52a0-os\u6784\u6210\u3002\u5982\uff1a<\/p>\n<p style=\"font-weight: 400;\">\u00a0\u00a0\u00a0 Li revenos.\uff08\u4ed6\u5c06\u8981\u56de\u6765\u3002\uff09<\/p>\n<p style=\"font-weight: 400;\">\u00a0\u00a0\u00a0 Li legos librojn.\uff08\u6211\u4eec\u5c06\u8981\u8bfb\u4e66\u3002\uff09<\/p>\n<p style=\"font-weight: 400;\">\u00a0\u00a0\u00a0\u00a0\u5728\u672c\u8bfe\u751f\u8bcd\u8868\u91cc\u8fd8\u51fa\u73b0\u4e86\u53e6\u4e00\u4e2a\u52a8\u8bcd\u8bcd\u5c3e\u00a0-i\u00a0\u3002\u8fd9\u4e2a\u8bcd\u5c3e\u52a0\u5728\u52a8\u8bcd\u8bcd\u6839\u540e\u6240\u6784\u6210\u7684\u5f62\u5f0f\u53eb\u4e0d\u5b9a\u5f0f\uff0c\u5373\u52a8\u8bcd\u6ca1\u6709\u53d1\u751f\u8fc7\u4efb\u4f55\u53d8\u5316\u7684\u5f62\u5f0f\uff0c\u4e5f\u53eb\u539f\u578b\u52a8\u8bcd\u3002\u8bcd\u5178\u91cc\u7684\u52a8\u8bcd\u90fd\u662f\u4ee5-i\u00a0\u7ed3\u5c3e\u7684\u5f62\u5f0f\u51fa\u73b0\u7684\u3002\u4ece\u672c\u8bfe\u5f00\u59cb\uff0c\u751f\u8bcd\u8868\u91cc\u7684\u52a8\u8bcd\u90fd\u4ee5\u8fd9\u79cd\u5f62\u5f0f\u51fa\u73b0\u3002\u52a8\u8bcd\u4e0d\u5b9a\u5f0f\u7684\u7528\u6cd5\u4ee5\u540e\u518d\u8bb2\u3002<\/p>\n<p style=\"font-weight: 400;\">\u00a0\u00a0\u00a0\u00a0\u672c\u8bfe\u53c8\u51fa\u73b0\u4e86\u4e24\u4e2a\u65b0\u7684\u7ed3\u5c3e\u8bcd\u00a0-ar, -an\u00a0\u4f55\u4e00\u4e2a\u63a5\u5934\u8bcd\u00a0re-\u00a0\u3002<\/p>\n<p style=\"font-weight: 400;\">\u00a0\u00a0\u00a0 -ar\u00a0\u8868\u793a\u96c6\u4f53\u3001\u96c6\u5408\u3002\u5982kampo\u662f\u201c\u7530\u5757\u201d\u7684\u610f\u601d\uff0c\u52a0\u4e0a\u00a0-ar\u00a0\u6210\u4e3a\u00a0kamparo\uff0c\u8868\u793a\u8bb8\u591a\u7530\u5757\u7684\u96c6\u5408\u603b\u79f0\u3002\u8fd9\u79cd\u4ee5\u00a0-ar\u00a0\u6784\u6210\u7684\u540d\u8bcd\u5728\u8bcd\u4e49\u4e0a\u5e76\u4e0d\u4f46\u8868\u793a\u5176\u8bcd\u6839\u6240\u8868\u8fbe\u7684\u4e8b\u7269\u4e4b\u591a\uff0c\u800c\u4e14\u8fd8\u53e6\u5916\u542b\u6709\u65b0\u7684\u8bcd\u4e49\u3002\u5982\uff1akampo\uff08\u7530\u571f\uff09\u2014\u2014 kamparo\uff08\u519c\u6751\uff09\uff0carbo\uff08\u6811\uff09\u2014\u2014 arbaro\uff08\u6811\u6797\uff09\u3002<\/p>\n<p style=\"font-weight: 400;\">\u00a0\u00a0\u00a0 -an\u00a0\u8868\u793a\u67d0\u4e2a\u56e2\u4f53\u7684\u6210\u5458\u3001\u67d0\u4e2a\u5730\u65b9\u7684\u5c45\u6c11\u3002\u5982\uff1akamparo\uff08\u519c\u6751\uff09\u2014\u2014 kamparano\uff08\u519c\u6c11\uff09\uff0cvila\u011do\uff08\u6751\u5b50\uff09\u2014\u2014 vila\u011dano\uff08\u6751\u6c11\uff09\uff0curbo\uff08\u57ce\u5e02\uff09\u2014\u2014 urbano\uff08\u5e02\u6c11\uff09\uff0cfamilio\uff08\u5bb6\u5ead\uff09\u2014\u2014 familiano\uff08\u5bb6\u5ead\u6210\u5458\uff09\u3002<\/p>\n<p style=\"font-weight: 400;\">\u00a0\u00a0\u00a0 re-\u00a0\u8868\u793a\u201c\u518d\u3001\u53c8\u201d\uff0c\u201c\u56de\u201d\uff0c\u201c\u91cd\u65b0\u201d\u7b49\u610f\u3002\u5982\uff1aveni\uff08\u6765\uff09\u2014\u2014 reveni\uff08\u56de\u6765\uff09\uff0ciri\uff08\u53bb\uff09\u2014\u2014 reiri\uff08\u56de\u53bb\uff09\uff0clegi\uff08\u8bfb\uff09\u2014\u2014 relegi\uff08\u91cd\u8bfb\uff09\u3002<\/p>\n<p style=\"font-weight: 400;\">\u3010\u53e5\u578b\u4e0e\u8bfe\u6587\u6ce8\u91ca\u3011<\/p>\n<ol>\n<li style=\"font-weight: 400;\">kies\u662f\u7279\u6b8a\u7591\u95ee\u4ee3\u8bcd\uff0c\u5177\u6709\u5f62\u5bb9\u8bcd\u7684\u529f\u80fd\uff0c\u8bcd\u610f\u662f\u201c\u8c01\u7684\u201d\u3002\u56e0\u4e3a\u5b83\u4e0d\u662f\u4ee5-a\u00a0\u7ed3\u5c3e\u7684\u5f62\u5bb9\u8bcd\uff0c\u6240\u4ee5\u5728kies\u540e\u4e0d\u80fd\u7528\u00a0-j\u00a0\u6216\u00a0-n\u00a0\u6765\u8868\u793a\u590d\u6570\u6216\u5bbe\u683c\u3002\u5982\uff1aKies libroj tio estas?\uff08\u54ea\u4e9b\u662f\u8c01\u7684\u4e66\uff1f\uff09\u5c3d\u7ba1\u00a0libroj\u662f\u590d\u6570\uff0ckies\u505alibroj\u7684\u5b9a\u8bed\uff0c\u4f46kies\u540e\u4e0d\u52a0\u00a0-j\u3002\u518d\u5982\uff1aKieslibron vi legas?\uff08\u4f60\u5728\u8bfb\u8c01\u7684\u4e66\uff1f\uff09kies libron\u5904\u4e8e\u5bbe\u683c\uff0c\u4f46kies\u540e\u4e0d\u80fd\u7528\u5bbe\u683c\u8bcd\u5c3e\u00a0-n\u3002<\/li>\n<li style=\"font-weight: 400;\">\u0109i\u662f\u526f\u8bcd\uff0c\u8868\u63a5\u8fd1\u7684\u610f\u4e49\uff0c\u5b83\u53ef\u4ee5\u4e0etio, tiu, tie\u7b49\u8fde\u7528\uff0c\u5206\u522b\u8868\u793a\u51fa\u4e0e\u00a0tio, tiu, tie\u7b49\u76f8\u5bf9\u7684\u610f\u601d\u3002tio\uff08\u90a3\u4e2a\uff09\u2014\u2014 \u0109i tio\uff08\u8fd9\u4e2a\uff09\uff0ctiu\uff08\u90a3\uff09\u2014\u2014 \u0109i tiu\uff08\u8fd9\uff09\uff0ctie\uff08\u90a3\u91cc\uff09\u2014\u2014 \u0109i tie\uff08\u8fd9\u91cc\uff09\u3002<\/li>\n<li style=\"font-weight: 400;\">Kies libroj \u0109i tio estas?\u8fd9\u4e9b\u662f\u8c01\u7684\u4e66\uff1f<\/li>\n<\/ol>\n<p style=\"font-weight: 400;\">\u00a0\u00a0\u00a0 tio\u00a0\u662f\u4e00\u4e2a\u540d\u8bcd\u6027\u7684\u6307\u793a\u4ee3\u8bcd\u3002\u5b83\u5373\u53ef\u4ee5\u8868\u793a\u5355\u6570\uff0c\u53c8\u53ef\u4ee5\u8868\u793a\u590d\u6570\u3002\u4e5f\u5c31\u662f\u8bf4\uff0c\u5728\u8fd9\u4e2a\u8bcd\u540e\u662f\u4e0d\u80fd\u7528\u00a0-j\u00a0\u7684\u3002tio\u7684\u5b9e\u9645\u8bcd\u4e49\u662f\u201c\u90a3\u4e2a\u201d\uff0c\u201c\u90a3\u4e9b\u201d\u3002\u0109i tio\u00a0\uff1a\u201c\u8fd9\u4e2a\u201d\uff0c\u201c\u8fd9\u4e9b\u201d\u3002<\/p>\n<ol start=\"4\">\n<li style=\"font-weight: 400;\">devenas de: devenas\u8868\u793a\u201c\u6765\u81ea\u201d\uff0c\u4f46\u5b83\u7684\u53e6\u4e00\u4e2a\u4e3b\u8981\u610f\u601d\u662f\u201c\u51fa\u8eab\u201d\u3002de\u5728\u8fd9\u91cc\u4e0d\u662f\u201c\u7684\u201d\u5b57\u542b\u4e49\uff0c\u800c\u662f\u8868\u793a\u6765\u81ea\u4e8e\u67d0\u4e2a\u5730\u70b9\u3002Li devenas de la kamparo.\u4ed6\u51fa\u8eab\u4e8e\u519c\u6751\u3002Li venis de la urbo.\u00a0\u4ed6\u4ece\u57ce\u5e02\u6765\u3002Li venis de la vila\u011do.\u00a0\u4ed6\u4ece\u90a3\u4e2a\u6751\u91cc\u6765\u3002de la urbo, de la vila\u011do, de la kamparo\u00a0\u7b49\u77ed\u8bed\u90fd\u662f\u8868\u793a\u5730\u70b9\u7684\u72b6\u8bed\u3002<\/li>\n<li style=\"font-weight: 400;\">iris al: iris\u662f\u201c\u8d70\u201d\u7684\u610f\u601d\uff0c\u4e0d\u53ca\u7269\u52a8\u8bcd\u3002al\u8868\u793a\u52a8\u4f5c\u7684\u65b9\u5411\u6216\u76ee\u7684\u5730\u3002<\/li>\n<li style=\"font-weight: 400;\">tiu floro:\u90a3\u6735\u82b1\u3002tiu\u5728\u8fd9\u91cc\u4e0ela\u00a0\u76f8\u4f3c\u3002\u4f46\u00a0la\u00a0\u65e2\u8868\u793a\u201c\u90a3\u201d\uff0c\u53c8\u53ef\u8868\u793a\u201c\u8fd9\u201d\u3002\u800c\u00a0tiu\u00a0\u8868\u793a\u201c\u90a3\u201d\uff0c\u5373\u5728\u7a7a\u95f4\u4f4d\u7f6e\u4e0a\u6bd4\u8f83\u8fdc\u7684\u4e8b\u7269\u3002\u8fd9\u662f\u4e00\u4e2a\u5f62\u5bb9\u8bcd\u6027\u7684\u6307\u793a\u4ee3\u8bcd\u3002\u5b83\u4e0e\u00a0tio\u00a0\u4e5f\u6709\u5f88\u5927\u533a\u522b\u3002tio\u662f\u540d\u8bcd\u6027\u7684\u6307\u793a\u4ee3\u8bcd\uff0c\u4e0d\u80fd\u4fee\u9970\u5176\u4ed6\u540d\u8bcd\uff0c\u4e5f\u4e0d\u80fd\u5e26\u590d\u6570\u8bcd\u5c3e\u3002tiu\u00a0\u53ef\u4ee5\u4fee\u9970\u5176\u4ed6\u540d\u8bcd\uff0c\u4e5f\u53ef\u4ee5\u5e26\u590d\u6570\u8bcd\u5c3e\u3002<\/li>\n<li style=\"font-weight: 400;\">vila\u011do apud monteto:\u5728\u4e00\u5ea7\u5c0f\u5c71\u65c1\u8fb9\u7684\u6751\u5e84\u3002<\/li>\n<li style=\"font-weight: 400;\">\u0108irka\u016d la vila\u011do estas verdaj kampoj:\u00a0\u6751\u5b50\u7684\u5468\u56f4\u6709\u7eff\u8272\u7684\u7530\u91ce\u3002<\/li>\n<li style=\"font-weight: 400;\">fluetas:\u7f13\u7f13\u5730\u6d41\u52a8\u3002fluas:\u6d41\u52a8\u3002<\/li>\n<li style=\"font-weight: 400;\">malanta\u016d:\u00a0\u5728\u2026\u2026\u7684\u540e\u9762\u3002\u8fd9\u662fanta\u016d\u52a0\u63a5\u5934\u8bcd\u00a0mal-\u00a0\u6240\u6784\u6210\u7684\u8bcd\u3002\u6211\u4eec\u4e0a\u4e00\u8bfe\u8bb2\u7684\u00a0anta\u016d\u00a0\u662f\u8868\u793a\u65f6\u95f4\uff0c\u8fd9\u91cc\u7684\u00a0anta\u016d\u8868\u793a\u4f4d\u7f6e\u3002<\/li>\n<li style=\"font-weight: 400;\">staras:\u77d7\u7acb\u7740\u3002staras\u610f\u4e3a\u201c\u7ad9\u201d\u3002\u4f46\u5728\u8bfe\u6587\u4e2d\u53ef\u7406\u89e3\u4e3a\u201c\u6709\u201d\uff0c\u201c\u77d7\u7acb\u201d\u7b49\u3002<\/li>\n<li style=\"font-weight: 400;\">kreskas verdaj herboj:\u751f\u957f\u7740\u7eff\u8335\u8335\u7684\u8349\u3002verdaj herboj\u662f\u4e3b\u8bed\uff0c\u8fd9\u662f\u4e00\u4e2a\u5012\u88c5\u53e5\u3002<\/li>\n<li style=\"font-weight: 400;\">tie kaj \u0109i tie:\u8fd9\u91cc\u90a3\u91cc\uff0c\u56db\u5904\u3002<\/li>\n<li style=\"font-weight: 400;\">Mia kuzo ofte venas al mia vila\u011do:\u6211\u8868\u5144\u7ecf\u5e38\u5230\u6211\u7684\u6751\u5e84\u6765\u3002\u8fd9\u91cc\u7528\u73b0\u5728\u65f6\u6001\uff0c\u8868\u793a\u7ecf\u5e38\u6027\u7684\u52a8\u8bcd\uff0c\u4e0d\u7279\u6307\u67d0\u4e00\u6b21\u3002<\/li>\n<li style=\"font-weight: 400;\">Kvankam&#8230; kamparon:\u8bd1\u6587\uff1a\u4ed6\u867d\u7136\u51fa\u8eab\u5728\u57ce\u5e02\uff0c\uff08\u4f46\uff09\u4ed6\u975e\u5e38\u559c\u6b22\u519c\u6751\u3002<\/li>\n<li style=\"font-weight: 400;\">reiros:\u5c06\u8981\u56de\u53bb\u3002<\/li>\n<\/ol>\n<p style=\"font-weight: 400;\">Fonetiko\u00a0\uff08\u8bed\u97f3\uff09<\/p>\n<p style=\"font-weight: 400;\"><strong>\u53e5\u5b50\u91cd\u97f3<\/strong><\/p>\n<p style=\"font-weight: 400;\">\u00a0\u00a0\u00a0\u00a0\u5728\u4e00\u4e2a\u53e5\u5b50\u4e2d\uff0c\u6709\u7684\u8bcd\u91cd\u8bfb\uff0c\u6709\u7684\u8bcd\u4e0d\u91cd\u8bfb\u3002\u540d\u8bcd\u3001\u52a8\u8bcd\u3001\u5f62\u5bb9\u8bcd\u3001\u526f\u8bcd\u3001\u6570\u8bcd\u548c\u6307\u793a\u4ee3\u8bcd\u4e00\u822c\u90fd\u91cd\u8bfb\uff1b\u51a0\u8bcd\u3001\u4ecb\u8bcd\u3001\u8fde\u8bcd\u3001\u4eba\u79f0\u4ee3\u8bcd\u548c\u52a8\u8bcd\u4e2d\u7684\u00a0esti\u00a0\u4e00\u822c\u4e0d\u91cd\u8bfb\u3002\u53e5\u5b50\u91cd\u97f3\u4e0e\u5355\u8bcd\u91cd\u97f3\u662f\u4e24\u56de\u4e8b\uff0c\u6709\u5355\u8bcd\u91cd\u97f3\u4e0d\u4e00\u5b9a\u6709\u53e5\u5b50\u91cd\u97f3\uff0c\u5982\uff1aapud\u00a0\u7684\u7b2c\u4e00\u4e2a\u97f3\u8282\u00a0a\u00a0\u8981\u91cd\u8bfb\uff0c\u4f46\u56e0\u00a0apud\u00a0\u662f\u4ecb\u8bcd\uff0c\u5728\u53e5\u5b50\u4e2d\u5c31\u4e0d\u80fd\u83b7\u5f97\u53e5\u5b50\u91cd\u97f3\uff0c\u8f83\u5176\u4ed6\u83b7\u5f97\u53e5\u5b50\u91cd\u97f3\u7684\u8bcd\u6bd4\u8d77\u6765\u8981\u8bfb\u5f97\u8f7b\u4e00\u4e9b\u3002\u6211\u4eec\u6240\u8c08\u7684\u53e5\u5b50\u91cd\u97f3\u662f\u5728\u9075\u5b88\u5355\u8bcd\u91cd\u97f3\u89c4\u5219\u7684\u539f\u5219\u4e0b\uff0c\u5c06\u67d0\u4e9b\u8bcd\u8bfb\u91cd\u4e00\u70b9\uff0c\u8f7b\u91cd\u6709\u81f4\uff0c\u6291\u626c\u987f\u632b\uff0c\u624d\u53ef\u80fd\u771f\u6b63\u4f53\u73b0\u51fa\u53e5\u5b50\u6240\u8981\u8868\u8fbe\u7684\u611f\u60c5\u3002\u4e00\u822c\u6765\u8bb2\u53e5\u5b50\u91cd\u97f3\u90fd\u843d\u5728\u5355\u8bcd\u91cd\u97f3\u4e0a\u3002\u5982\uff1a<\/p>\n<p style=\"font-weight: 400;\">\u00a0\u00a0\u00a0\u00a0\u00a0\u00a0\u00a0\u00a0\u00a0\u00a0\u00a0 Kies &#8216;libro \u0109i &#8216;tio estas?<\/p>\n<p style=\"font-weight: 400;\">\u00a0\u00a0\u00a0\u00a0\u00a0\u00a0\u00a0\u00a0\u00a0\u00a0\u00a0 \u0108u vi de&#8217;venas de la kam&#8217;paro?<\/p>\n<p style=\"font-weight: 400;\">\u00a0\u00a0\u00a0\u00a0\u00a0\u00a0\u00a0\u00a0\u00a0\u00a0\u00a0 Mi &#8216;lo\u011das en mia vi&#8217;la\u011do apud mon&#8217;teto.<\/p>\n<p style=\"font-weight: 400;\">\u00a0\u00a0\u00a0\u00a0\u00a0\u00a0\u00a0\u00a0\u00a0\u00a0\u00a0 Mi la&#8217;boras en la &#8216;kampoj kaj &#8216;vivas en la kam&#8217;paro.<\/p>\n<p style=\"font-weight: 400;\">\u00a0\u00a0\u00a0\u00a0\u5f53\u7136\uff0c\u53e5\u5b50\u91cd\u97f3\u4e5f\u4e0d\u5b8c\u5168\u662f\u56fa\u5b9a\u4e0d\u53d8\u7684\u3002\u6709\u65f6\u4e3a\u4e86\u5f3a\u8c03\u67d0\u4e00\u4e2a\u8bcd\uff0c\u5b8c\u5168\u53ef\u4ee5\u5c06\u67d0\u4e2a\u4e0d\u8be5\u91cd\u8bfb\u7684\u8bcd\u91cd\u8bfb\uff0c\u8fd9\u8981\u7531\u53e5\u5b50\u7684\u903b\u8f91\u610f\u4e49\u6765\u51b3\u5b9a\u3002\u5982\uff1a<\/p>\n<p style=\"font-weight: 400;\">\u00a0\u00a0\u00a0 &#8216;Mi lo\u011das en la urbo, sed &#8216;li ne lo\u011das en la urbo.<\/p>\n<p style=\"font-weight: 400;\">\u53e5\u5b50\u6240\u5f3a\u8c03\u7684\u662f\u6211\uff0c\u800c\u4e0d\u662f\u4ed6\uff08\u4f4f\u5728\u57ce\u91cc\uff09\u8fd9\u4e2a\u610f\u601d\uff0c\u6240\u4ee5\u4e0d\u8be5\u91cd\u8bfb\u7684\u4eba\u79f0\u4ee3\u8bcd\u6b64\u65f6\u4e5f\u83b7\u5f97\u4e86\u53e5\u5b50\u91cd\u97f3\u3002<\/p>\n<p style=\"font-weight: 400;\">\u00a0\u00a0\u00a0Gramatiko<strong>\u00a0\uff08\u8bed\u6cd5\uff09<\/strong><\/p>\n<p style=\"font-weight: 400;\">\u00a0\u00a0<strong>\u5e76\u5217\u53e5<\/strong><\/p>\n<p style=\"font-weight: 400;\">\u00a0\u00a0\u00a0\u00a0\u4e24\u4e2a\u6216\u4e24\u4e2a\u4ee5\u4e0a\u7684\u7b80\u5355\u53e5\u7531\u4e00\u5b9a\u7684\u8fde\u63a5\u8bcd\u8fde\u63a5\u8d77\u6765\u6784\u6210\u53e6\u5916\u4e00\u7c7b\u53e5\u5b50\u2014\u2014\u5e76\u5217\u53e5\uff0c\u5e76\u5217\u5177\u6709\u8f83\u5e76\u5217\u590d\u5408\u53e5\u3002\u8fde\u63a5\u5e76\u5217\u53e5\u7684\u8fde\u8bcd\u6709\u00a0kaj, sed\u00a0\u7b49\u3002<\/p>\n<p style=\"font-weight: 400;\">\u00a0\u00a0\u00a0\u00a0\u5982\uff1aLi \u015datas la instruiston kaj la instruisto \u015datas lin.<\/p>\n<p style=\"font-weight: 400;\">\u00a0\u00a0\u00a0\u00a0\u4ed6\u559c\u6b22\u8001\u5e08\uff0c\u8001\u5e08\u4e5f\u559c\u6b22\u4ed6\u3002<\/p>\n<p style=\"font-weight: 400;\">\u00a0\u00a0\u00a0 \u011ci estas malgranda, sed \u011di estas tre bela.<\/p>\n<p style=\"font-weight: 400;\">\u00a0\u00a0\u00a0\u00a0\u5b83\u5f88\u5c0f\uff0c\u4f46\u5b83\u5374\u5f88\u7f8e\u3002<\/p>\n<p style=\"font-weight: 400;\"><a href=\"https:\/\/reto.cn\/php\/hanyu\/kurso-de-esperanto\/\">\u8fd4\u56de\u76ee\u5f55<\/a><\/p>\n","protected":false},"excerpt":{"rendered":"<p>La Sepa Leciono \u7b2c\u4e03\u8bfe \u3010Tipaj frazoj\u00a0(\u53e5\u578b\uff09\u3011 Kies libroj (po\u2026 <span class=\"read-more\"><a href=\"https:\/\/reto.cn\/php\/hanyu\/kurso-de-esperanto\/ekurso07\/\">\u7ee7\u7eed\u9605\u8bfb Legi pli &raquo;<\/a><\/span><\/p>\n","protected":false},"author":1,"featured_media":0,"parent":8240,"menu_order":0,"comment_status":"open","ping_status":"closed","template":"","meta":{"footnotes":""},"_links":{"self":[{"href":"https:\/\/reto.cn\/php\/hanyu\/wp-json\/wp\/v2\/pages\/8304"}],"collection":[{"href":"https:\/\/reto.cn\/php\/hanyu\/wp-json\/wp\/v2\/pages"}],"about":[{"href":"https:\/\/reto.cn\/php\/hanyu\/wp-json\/wp\/v2\/types\/page"}],"author":[{"embeddable":true,"href":"https:\/\/reto.cn\/php\/hanyu\/wp-json\/wp\/v2\/users\/1"}],"replies":[{"embeddable":true,"href":"https:\/\/reto.cn\/php\/hanyu\/wp-json\/wp\/v2\/comments?post=8304"}],"version-history":[{"count":0,"href":"https:\/\/reto.cn\/php\/hanyu\/wp-json\/wp\/v2\/pages\/8304\/revisions"}],"up":[{"embeddable":true,"href":"https:\/\/reto.cn\/php\/hanyu\/wp-json\/wp\/v2\/pages\/8240"}],"wp:attachment":[{"href":"https:\/\/reto.cn\/php\/hanyu\/wp-json\/wp\/v2\/media?parent=8304"}],"curies":[{"name":"wp","href":"https:\/\/api.w.org\/{rel}","templated":true}]}}