{"id":8307,"date":"2021-10-07T14:05:11","date_gmt":"2021-10-07T06:05:11","guid":{"rendered":"http:\/\/reto.cn\/php\/hanyu\/?page_id=8307"},"modified":"2022-01-31T13:50:47","modified_gmt":"2022-01-31T05:50:47","slug":"ekurso08","status":"publish","type":"page","link":"https:\/\/reto.cn\/php\/hanyu\/kurso-de-esperanto\/ekurso08\/","title":{"rendered":"\u4e16\u754c\u8bed\u6559\u7a0b \u7b2c\u516b\u8bfe"},"content":{"rendered":"\n<p style=\"font-weight: 400;\"><strong>La Oka Leciono<\/strong><\/p>\n<p style=\"font-weight: 400;\"><strong>\u7b2c\u516b\u8bfe<\/strong><\/p>\n<p><audio style=\"margin: auto; top: 0; right: 0; bottom: 0; left: 0;\" src=\"https:\/\/reto.cn\/hanyu\/ekurso\/ekurso08.mp3\" controls=\"controls\"><span data-mce-type=\"bookmark\" style=\"display: inline-block; width: 0px; overflow: hidden; line-height: 0;\" class=\"mce_SELRES_start\">\ufeff<\/span><\/audio><\/p>\n<p style=\"font-weight: 400;\">\u3010Tipaj frazoj\u00a0(\u53e5\u578b\uff09\u3011<\/p>\n<ol>\n<li style=\"font-weight: 400;\"><strong> \u0108u vi \u015datas legi librojn (kuri en la \u011dardeno, sidi en la \u0109ambro, lerni Esperanton)?<\/strong><\/li>\n<\/ol>\n<p style=\"font-weight: 400;\"><strong>\u00a0\u00a0\u00a0 Jes, mi tre \u015datas legi librojn (kuri en la \u011dardeno, sidi en la \u0109ambro, lerni Esperanton).<\/strong><\/p>\n<ol start=\"2\">\n<li style=\"font-weight: 400;\"><strong> \u0108u pla\u0109as al vi la Esperanta libro (la \u0109inaj libroj, la granda \u011dardeno, la longa plumo)?<\/strong><\/li>\n<\/ol>\n<p style=\"font-weight: 400;\"><strong>\u00a0\u00a0\u00a0 Jes, tre pla\u0109as al mi la Esperanta libro (la \u0109inaj libroj, la granda \u011dardeno, la longa plumo).<\/strong><\/p>\n<ol start=\"3\">\n<li style=\"font-weight: 400;\"><strong> Kien vi iros?<\/strong><\/li>\n<\/ol>\n<p style=\"font-weight: 400;\"><strong>\u00a0\u00a0\u00a0 Mi iros al la urbo por a\u0109eti librojn (por viziti miajn amikojn, por kuraci la malsanulon).<\/strong><\/p>\n<ol start=\"4\">\n<li style=\"font-weight: 400;\"><strong> La parko estas tre bela (tre granda, tre bona).<\/strong><\/li>\n<\/ol>\n<p style=\"font-weight: 400;\"><strong>\u00a0\u00a0\u00a0 \u0108u vi ne iros tien?<\/strong><\/p>\n<p style=\"font-weight: 400;\"><strong>\u00a0\u00a0\u00a0 Jes, mi iros tien.\u00a0\u00a0<\/strong><\/p>\n<p style=\"font-weight: 400;\"><strong>\u00a0\u00a0\u00a0<\/strong><\/p>\n<p style=\"font-weight: 400;\"><strong>Teksto (\u8bfe\u6587)<\/strong><\/p>\n<p style=\"font-weight: 400;\"><strong>\u00a0Nia Esperanto-Kurso<\/strong><\/p>\n<p style=\"font-weight: 400;\">\u00a0\u00a0\u00a0En nia universitato estas nedeviga Esperanto-kurso. Multaj studentoj \u011din vizitas. La kurso funkcias \u0109iu-vendrede.<\/p>\n<p style=\"font-weight: 400;\">\u00a0\u00a0\u00a0 Nia instruisto estas veterana esperantisto. Dum la tuta vivo li lernadas kaj propagandas Esperanton. Nun li estas maljuna, sed li ankora\u016d pene laboras por la Esperanto-movado. Li instruas bone, kaj ni tre \u015datas lin.<\/p>\n<p style=\"font-weight: 400;\">\u00a0\u00a0\u00a0 Kiam la leciono iras, ni legas a\u016d a\u016dskultas al nia instruisto. Post la leciono, ni interparolas Esperante. Kvankam ni parolas ne tre bone, ni \u015datas \u011din paroli. Nun ni devas bone lerni Esperanton, kaj poste ni faros niajn kontribuojn al la Esperanto-movado.<\/p>\n<p style=\"font-weight: 400;\"><strong>Vortoj (\u751f\u8bcd)<\/strong><\/p>\n<table width=\"475\">\n<tbody>\n<tr>\n<td width=\"238\">pla\u0109i\u00a0\u00a0\u00a0\u00a0\u00a0\u00a0\u00a0\u00a0\u00a0\u00a0\u4f7f\u4eba\u559c\u7231<\/td>\n<td width=\"237\">leciono\u00a0\u00a0\u00a0\u00a0\u00a0\u00a0\u00a0\u00a0\u00a0\u00a0\u00a0\u8bfe<\/td>\n<\/tr>\n<tr>\n<td width=\"238\">viziti\u00a0\u00a0\u00a0\u00a0\u00a0\u00a0\u00a0\u00a0\u00a0\u00a0\u8bbf\u95ee\uff0c\u7ecf\u5e38\u53c2\u52a0<\/td>\n<td width=\"237\">post\u00a0\u00a0\u00a0\u00a0\u00a0\u00a0\u00a0\u00a0\u00a0\u00a0\u00a0\u00a0\u5728\u2026\u2026\u4e4b\u540e<\/td>\n<\/tr>\n<tr>\n<td width=\"238\">kurso\u00a0\u00a0\u00a0\u00a0\u00a0\u00a0\u00a0\u00a0\u00a0\u5b66\u4e60\u73ed\uff0c\u8bfe\u7a0b<\/td>\n<td width=\"237\">paroli\u00a0\u00a0\u00a0\u00a0\u00a0\u00a0\u00a0\u00a0\u00a0\u00a0\u00a0\u00a0\u00a0\u00a0\u8bb2\uff0c\u8bf4<\/td>\n<\/tr>\n<tr>\n<td width=\"238\">nedeviga\u00a0\u00a0\u00a0\u00a0\u00a0\u81ea\u613f\u7684\uff0c\u9009\u4fee\u7684<\/td>\n<td width=\"237\">universitato\u00a0\u00a0\u00a0\u00a0\u00a0\u00a0\u5927\u5b66<\/td>\n<\/tr>\n<tr>\n<td width=\"238\">vendredo\u00a0\u00a0\u00a0\u00a0\u00a0\u661f\u671f\u4e94<\/td>\n<td width=\"237\">funkcii\u00a0\u00a0\u00a0\u00a0\u00a0\u00a0\u00a0\u00a0\u00a0\u00a0\u00a0\u8fdb\u884c\uff0c\u5176\u4f5c\u7528<\/td>\n<\/tr>\n<tr>\n<td width=\"238\">veterana\u00a0\u00a0\u00a0\u00a0\u00a0\u00a0\u00a0\u8d44\u683c\u8001\u7684\uff0c\u7ecf<br \/>\n\u9a8c\u4e30\u5bcc\u7684<\/td>\n<td width=\"237\">dum\u00a0\u00a0\u00a0\u00a0\u00a0\u00a0\u00a0\u00a0\u00a0\u00a0\u00a0\u00a0\u00a0\u00a0\u00a0\u00a0\u00a0\u5728\u2026\u2026\u671f\u95f4<\/td>\n<\/tr>\n<tr>\n<td width=\"238\">propagandi\u00a0\u00a0\u00a0\u00a0\u00a0\u5ba3\u4f20<\/td>\n<td width=\"237\">tuta\u00a0\u00a0\u00a0\u00a0\u00a0\u00a0\u00a0\u00a0\u00a0\u00a0\u00a0\u5168\u90e8\u7684\uff0c\u6574\u4e2a\u7684<\/td>\n<\/tr>\n<tr>\n<td width=\"238\">juna\u00a0\u00a0\u00a0\u00a0\u00a0\u00a0\u00a0\u00a0\u00a0\u00a0\u00a0\u00a0\u00a0\u00a0\u00a0\u5e74\u8f7b\u7684<\/td>\n<td width=\"237\">nun\u00a0\u00a0\u00a0\u00a0\u00a0\u00a0\u00a0\u00a0\u00a0\u00a0\u00a0\u00a0\u00a0\u00a0\u00a0\u00a0\u00a0\u00a0\u73b0\u5728<\/td>\n<\/tr>\n<tr>\n<td width=\"238\">fari\u00a0\u00a0\u00a0\u00a0\u00a0\u00a0\u00a0\u00a0\u00a0\u00a0\u00a0\u00a0\u00a0\u505a\uff0c\u5236\u9020\uff0c\u4f5c\u51fa<\/td>\n<td width=\"237\">ankora\u016d\u00a0\u00a0\u00a0\u00a0\u00a0\u00a0\u00a0\u00a0\u00a0\u00a0\u00a0\u00a0\u4ecd\u7136\uff0c\u8fd8<\/td>\n<\/tr>\n<tr>\n<td width=\"238\">movi\u00a0\u00a0\u00a0\u00a0\u00a0\u00a0\u00a0\u00a0\u00a0\u00a0\u00a0\u00a0\u00a0\u00a0\u00a0\u79fb\u52a8\uff0c\u8fd0\u52a8<\/td>\n<td width=\"237\">kontribuo\u00a0\u00a0\u00a0\u00a0\u00a0\u00a0\u00a0\u00a0\u00a0\u00a0\u8d21\u732e<\/td>\n<\/tr>\n<tr>\n<td width=\"238\">a\u016dskulti\u00a0\u00a0\u00a0\u00a0\u00a0\u00a0\u00a0\u00a0\u00a0\u00a0\u00a0\u542c<\/td>\n<td width=\"237\">parko\u00a0\u00a0\u00a0\u00a0\u00a0\u00a0\u00a0\u00a0\u00a0\u00a0\u00a0\u00a0\u00a0\u00a0\u00a0\u00a0\u516c\u56ed<\/td>\n<\/tr>\n<tr>\n<td width=\"238\">inter\u00a0\u00a0\u00a0\u00a0\u00a0\u00a0\u00a0\u00a0\u00a0\u00a0\u00a0\u00a0\u00a0\u00a0\u00a0\u00a0\u5728\u2026\u2026\u4e4b\u95f4<\/td>\n<td width=\"237\">a\u0109eti\u00a0\u00a0\u00a0\u00a0\u00a0\u00a0\u00a0\u00a0\u00a0\u00a0\u4e70\uff0c\u8d2d\u4e70<\/td>\n<\/tr>\n<tr>\n<td width=\"238\">devi\u00a0\u00a0\u00a0\u00a0\u00a0\u00a0\u00a0\u00a0\u00a0\u00a0\u00a0\u00a0\u00a0\u00a0\u00a0\u00a0\u00a0\u5e94\u8be5\uff0c\u5fc5\u987b<\/td>\n<td width=\"237\"><\/td>\n<\/tr>\n<tr>\n<td colspan=\"2\" width=\"475\">-ad\u00a0\u00a0\uff08\u63a5\u5c3e\uff09\u8868\u793a\u52a8\u4f5c\u7684\u6301\u7eed\u53cd\u590d<\/td>\n<\/tr>\n<tr>\n<td colspan=\"2\" width=\"475\">-ul\u00a0\u00a0\uff08\u63a5\u5c3e\uff09\u8868\u793a\u5177\u6709\u67d0\u79cd\u7279\u5f81\u7684\u4eba<\/td>\n<\/tr>\n<\/tbody>\n<\/table>\n<p style=\"font-weight: 400;\">\u3010\u6982\u8bf4\u3011<\/p>\n<p style=\"font-weight: 400;\">\u00a0\u00a0\u00a0\u00a0\u8fd9\u4e00\u8bfe\u6709\u4e09\u4e2a\u91cd\u70b9\uff1a\u4e00\u3001\u4e0d\u5b9a\u5f0f\uff1b\u4e8c\u3001\u5bbe\u683c\u4e0d\u8868\u793a\u5bbe\u8bed\uff08\u5bbe\u8bed\u7684\u76ee\u7684\u683c\u7528\u6cd5\uff09\uff1b\u4e09\u3001\u5426\u5b9a\u7591\u95ee\u53e5\u3002<\/p>\n<p style=\"font-weight: 400;\">\u00a0\u00a0\u00a0\u00a0\u4e00\u3001\u4e0d\u5b9a\u5f0f<\/p>\n<p style=\"font-weight: 400;\">\u00a0\u00a0\u00a0\u00a0\u52a8\u8bcd\u7684\u4e0d\u5b9a\u5f0f\u662f\u52a8\u8bcd\u7684\u4e00\u79cd\u975e\u8c13\u8bed\u5f62\u5f0f\u3002\u4e5f\u5c31\u662f\u8bf4\uff0c\u4e0d\u5b9a\u5f0f\u52a8\u8bcd\u4e0d\u662f\u7528\u6765\u4f5c\u8c13\u8bed\u7684\u3002\u4e0d\u5b9a\u5f0f\u662f\u7531\u52a8\u8bcd\u8bcd\u6839\u52a0\u00a0-i\u00a0\u6784\u6210\u3002\u4f7f\u7528\u4e0d\u5b9a\u5f0f\u65f6\u987b\u6ce8\u610f\u4ee5\u4e0b\u51e0\u70b9\uff1a<\/p>\n<ol>\n<li style=\"font-weight: 400;\">\u52a8\u8bcd\u4e0d\u5b9a\u5f0f\u4e0d\u6784\u6210\u8c13\u8bed\uff0c\u4e5f\u5c31\u662f\u8bf4\uff0c\u5b83\u5931\u53bb\u4e86\u52a8\u8bcd\u7684\u4e00\u4e2a\u91cd\u8981\u7279\u5f81\u3002\u6211\u4eec\u77e5\u9053\uff0c\u8c13\u8bed\u662f\u7531\u52a8\u8bcd\u6784\u6210\u7684\uff0c\u53cd\u8fc7\u6765\u8bb2\uff0c\u52a8\u8bcd\u7684\u4e00\u4e2a\u91cd\u8981\u7528\u9014\u5c31\u662f\u4f5c\u8c13\u8bed\u3002\u4f46\u52a8\u8bcd\u4e0d\u5b9a\u5f0f\u4e0d\u6784\u6210\u8c13\u8bed\uff08\u51c6\u786e\u5730\u8bb2\uff0c\u4e0d\u80fd\u5355\u72ec\u6784\u6210\u8c13\u8bed\uff09\uff0c\u8fd9\u5c31\u662f\u6389\u4e86\u52a8\u8bcd\u7684\u4e3b\u8981\u4f5c\u7528\u3002\u4f46\u662f\uff0c\u9664\u4e86\u4e0d\u80fd\u4f5c\u8c13\u8bed\u5916\uff0c\u5b83\u8fd8\u4fdd\u7559\u4e86\u52a8\u8bcd\u7684\u5176\u4ed6\u7279\u70b9\uff0c\u5982\u5b83\u53ef\u4ee5\u50cf\u8c13\u8bed\u52a8\u8bcd\u4e00\u6837\uff0c\u6709\u81ea\u5df1\u7684\u5bbe\u8bed\uff0c\u4e5f\u53ef\u4ee5\u5e26\u72b6\u8bed\u3002\u5982\uff1aLiiros al la urbo por a\u0109eti librojn.\u00a0\uff08\u4ed6\u8981\u8fdb\u57ce\u53bb\u4e70\u4e66\u3002\uff09\u53e5\u4e2da\u0109eti\u662f\u52a8\u8bcd\u4e0d\u5b9a\u5f0f\uff0c\u5728\u53e5\u4e2d\u4f5c\u72b6\u8bed\uff0c\u800c\u4e0d\u662f\u8c13\u8bed\uff0c\u4f46\u5b83\u6709\u81ea\u5df1\u7684\u5bbe\u8bedlibrojn\u3002\u53c8\u5982\uff1aNi devas bone lerni Esperanton\uff08\u6211\u4eec\u5e94\u5f53\u597d\u597d\u5730\u5b66\u4e60\u4e16\u754c\u8bed\uff09\u3002\u4e0d\u5b9a\u5f0f\u00a0lerni\u00a0\u6709\u526f\u8bcd\u00a0bone\u00a0\u4fee\u9970\uff0cbone\u4f5c\u8fd9\u4e2a\u4e0d\u5b9a\u5f0f\u7684\u72b6\u8bed\uff0c\u540c\u65f6\u00a0lerni\u00a0\u8fd8\u5e26\u6709\u5bbe\u8bed\u00a0Esperanton\u3002<\/li>\n<li style=\"font-weight: 400;\">\u52a8\u8bcd\u4e0d\u5b9a\u5f0f\u53ca\u5176\u77ed\u8bed\u53ef\u4ee5\u50cf\u540d\u8bcd\u4e00\u6837\u4f5c\u4e3b\u8bed\u3001\u5bbe\u8bed\uff0c\u4e5f\u53ef\u4ee5\u50cf\u526f\u8bcd\u4e00\u6837\u4f5c\u72b6\u8bed\u3002\u5982\uff1a<\/li>\n<\/ol>\n<p style=\"font-weight: 400;\">\u00a0\u00a0\u00a0 Mi \u015datas legi librojn\uff08\u6211\u559c\u6b22\u8bfb\u4e66\uff09.<\/p>\n<p style=\"font-weight: 400;\">\u00a0\u00a0\u00a0 legi librojn\u662f\u4e0d\u5b9a\u5f0f\u77ed\u8bed\uff0c\u5c31\u50cf\u4e00\u4e2a\u540d\u8bcd\u4e00\u6837\uff0c\u5b83\u4f5c\u00a0\u015datas\u00a0\u7684\u5bbe\u8bed\uff0c\u662f\u00a0\u015datas\u00a0\u8fd9\u4e2a\u52a8\u8bcd\u7684\u627f\u53d7\u7740\uff0c\u559c\u6b22\u7684\u5bf9\u8c61\u3002<\/p>\n<p style=\"font-weight: 400;\">\u00a0\u00a0\u00a0 Mi iros al la urbo por a\u0109eti librojn\uff08\u6211\u8981\u8fdb\u57ce\u53bb\u4e70\u4e66\uff09.<\/p>\n<p style=\"font-weight: 400;\">\u00a0\u00a0\u00a0 a\u0109eti librojn\u8868\u793a\u201c\u6211\u8fdb\u57ce\u201d\u7684\u76ee\u7684\uff0c\u5c5e\u4e8e\u76ee\u7684\u72b6\u8bed\u4e00\u7c7b\u3002\u505a\u76ee\u7684\u72b6\u8bed\u7684\u4e0d\u5b9a\u5f0f\u7ecf\u5e38\u4e0e\u00a0por\u00a0\u8fde\u7528\u3002<\/p>\n<p style=\"font-weight: 400;\">\u00a0\u00a0\u00a0\u00a0\u4e8c\u3001\u5bbe\u683c\u4e0d\u8868\u793a\u5bbe\u8bed\uff08\u5bbe\u8bed\u7684\u76ee\u7684\u683c\u7528\u6cd5\uff09<\/p>\n<p style=\"font-weight: 400;\">\u00a0\u00a0\u00a0\u00a0\u6211\u4eec\u524d\u9762\u5b66\u8fc7\uff0c\u5bbe\u8bed\u987b\u5e26\u5176\u7b26\u53f7\u00a0-n\u00a0\uff0c\u4f46\u4e16\u754c\u8bed\u76ee\u7684\u683c\u00a0-n\u00a0\u7528\u9014\u5f88\u5e7f\uff0c\u5b83\u6709\u65f6\u5e76\u4e0d\u8868\u793a\u5bbe\u8bed\uff0c\u800c\u4f5c\u5176\u4ed6\u7528\u9014\u3002\u6211\u4eec\u8fd9\u4e00\u8bfe\u4e2d\u51fa\u73b0\u4e86\u5bbe\u683c\u00a0-n\u00a0\u8868\u793a\u52a8\u4f5c\u65b9\u5411\u5c31\u662f\u8fd9\u6837\u7684\u7528\u6cd5\u3002<\/p>\n<p style=\"font-weight: 400;\">\u00a0\u00a0\u00a0 \u0108u vi ne iros tien?<\/p>\n<p style=\"font-weight: 400;\">\u00a0\u00a0\u00a0\u00a0\u4f60\u4e0d\u5230\u90a3\u513f\u53bb\u5417\uff1f<\/p>\n<p style=\"font-weight: 400;\">\u00a0\u00a0\u00a0\u00a0\u5982\u679c\u6211\u4eec\u518dtien\u540e\u4e0d\u52a0\u5bbe\u683c\u8bcd\u5c3e\u00a0-n\u00a0\uff0c\u5219\u662f\uff1a<\/p>\n<p style=\"font-weight: 400;\">\u00a0\u00a0\u00a0 \u0108u vi ne iros tie?<\/p>\n<p style=\"font-weight: 400;\">\u00a0\u00a0\u00a0\u00a0\u4f60\u4e0d\u5728\u90a3\u513f\u8d70\u52a8\u5417\uff1f<\/p>\n<p style=\"font-weight: 400;\">\u00a0\u00a0\u00a0\u00a0\u5c11\u4e86\u4e00\u4e2a\u00a0-n\u00a0\uff0c\u610f\u601d\u76f8\u5dee\u5f88\u5927\u3002\u524d\u4e00\u4e2a\u662f\u4ece\u6b64\u5730\u5230\u5f7c\u5730\uff0c\u8868\u793a\u8fd0\u52a8\u7684\u65b9\u5411\uff0c\u540e\u4e00\u4e2a\u5728\u539f\u5730\u6d3b\u52a8\uff0c\u53ea\u8868\u793a\u4e00\u4e2a\u5730\u70b9\u3002<\/p>\n<p style=\"font-weight: 400;\">\u00a0\u00a0\u00a0\u00a0\u53c8\u5982\uff1aLi iras hejme.\uff08\u4ed6\u5728\u5bb6\u91cc\u8d70\u52a8\uff09\u3002Li iras hejmen.\uff08\u4ed6\u5411\u5bb6\u91cc\u8d70\u53bb\uff0c\u6216\u4ed6\u56de\u5bb6\uff09\u3002\u540e\u4e00\u4e2a\u53e5\u5b50\u7b49\u4e8e\u00a0Li iras al la hejmo.\u00a0\u6211\u4eec\u90fd\u77e5\u9053\u00a0al\u00a0\u662f\u53ef\u4ee5\u8868\u793a\u8fd0\u52a8\u65b9\u5411\u7684\u3002\u90a3\u4e48\uff0c-n\u00a0\u5728\u8fd9\u79cd\u7528\u6cd5\u4e0a\u5b9e\u9645\u662f\u4ee3\u66ff\u4e86\u4ecb\u8bcd\u00a0al\u00a0\u800c\u8868\u793a\u52a8\u5411\u3002<\/p>\n<p style=\"font-weight: 400;\">\u00a0\u00a0\u00a0\u00a0\u4e09\u3001\u5426\u5b9a\u7591\u95ee\u53e5<\/p>\n<p style=\"font-weight: 400;\">\u00a0\u00a0\u00a0\u00a0\u5426\u5b9a\u7591\u95ee\u53e5\u662f\u5728\u4e00\u822c\u7591\u95ee\u53e5\u7684\u52a8\u8bcd\u4e4b\u524d\u52a0\u5426\u5b9a\u8bcd\u00a0ne\u00a0\u6784\u6210\u3002<\/p>\n<p style=\"font-weight: 400;\">\u00a0\u00a0\u00a0 \u0108u vi ne legis la libron?\u00a0\u00a0\u4f60\uff08\u96be\u9053\uff09\u6ca1\u6709\u8bfb\u8fc7\u90a3\u672c\u4e66\uff1f<\/p>\n<p style=\"font-weight: 400;\">\u00a0\u00a0\u00a0 Jes, mi legis la libron.\u00a0\u4e0d\uff0c\u6211\u8bfb\u8fc7\u4e86\u3002<\/p>\n<p style=\"font-weight: 400;\">\u00a0\u00a0\u00a0 Ne, mi ne legis la libron.\u00a0\u662f\u7684\uff0c\u6211\u6ca1\u8bfb\u8fc7\u3002<\/p>\n<p style=\"font-weight: 400;\">\u00a0\u00a0\u00a0\u00a0\u56de\u7b54\u662f\uff0c\u4e16\u754c\u8bed\u4e0e\u6c49\u8bed\u4e60\u60ef\u4e0d\u540c\u3002\u8bfb\u8fc7\u4e86\u5c31\u7528\u00a0Jes ,\u6ca1\u8bfb\u8fc7\u5c31\u7528\u00a0Ne\u00a0\uff0c\u800c\u6c49\u8bed\u5219\u4e0e\u6b64\u76f8\u53cd\u3002<\/p>\n<p style=\"font-weight: 400;\">\u3010\u53e5\u578b\u4e0e\u8bfe\u6587\u6ce8\u91ca\u3011<\/p>\n<ol>\n<li style=\"font-weight: 400;\">\u0108u vi \u015datas legi librojn?\uff08\u4f60\u559c\u6b22\u8bfb\u4e66\u5417\uff1f\uff09\u52a8\u8bcd\u4e0d\u5b9a\u5f0f\u77ed\u8bed\u4f5c\u015datas\u00a0\u7684\u5bbe\u8bed\u3002<\/li>\n<li style=\"font-weight: 400;\">\u0108u pla\u0109as al vi la Esperanta libro?\uff08\u90a3\u672c\u4e16\u754c\u8bed\u4e66\u4f60\u559c\u6b22\u5417\uff1f\uff09\u6ce8\u610f\u8fd9\u4e2a\u53e5\u5b50\u7684\u7ed3\u6784\uff1a\u4e3b\u8bedEsperanta libro\u88ab\u653e\u5230\u6700\u540e\u4e86\uff0c\u8fd9\u662f\u4e00\u4e2a\u5012\u88c5\u53e5\u3002\u5f53\u4e3b\u8bed\u6bd4\u8f83\u957f\u65f6\uff0c\u591a\u628a\u4e3b\u8bed\u653e\u5728\u8c13\u8bed\u540e\u9762\u4ee5\u4fdd\u6301\u53e5\u5b50\u5e73\u8861\u3002\u4f46\u5982\u679c\u4e3b\u8bed\u5f88\u77ed\uff0c\u5219\u653e\u5728\u524d\u9762\uff0c\u5982\uff1a<\/li>\n<\/ol>\n<p style=\"font-weight: 400;\">\u00a0\u00a0\u00a0 \u0108u li pla\u0109as al vi?\uff08\u4f60\u559c\u6b22\u4ed6\u5417\uff1f\uff09<\/p>\n<p style=\"font-weight: 400;\">\u00a0\u00a0\u00a0\u00a0\u5728\u8fd9\u79cd\u7ed3\u6784\u4e2d\uff0cal\u662f\u5fc5\u987b\u7528\u7684\uff0cal\u540e\u7684\u540d\u8bcd\u6216\u4ee3\u8bcd\u662f\u559c\u6b22\u8005\uff0c\u5b83\u4e0e\u00a0\u015datas\u00a0\u7684\u7528\u6cd5\u533a\u522b\u5f88\u5927\u3002\u6bd4\u8f83\uff1a<\/p>\n<p style=\"font-weight: 400;\">\u00a0\u00a0\u00a0 Li \u015datas nin.<\/p>\n<p style=\"font-weight: 400;\">\u00a0\u00a0\u00a0 Ni pla\u0109as al li.<\/p>\n<p style=\"font-weight: 400;\">\u00a0\u00a0\u00a0\u00a0\u8fd9\u4e24\u4e2a\u53e5\u5b50\u7684\u610f\u601d\u662f\u4e00\u6837\u7684\u3002<\/p>\n<ol start=\"3\">\n<li style=\"font-weight: 400;\">malsanulo:\u75c5\u4eba\u3002sana\u00a0\u4e3a\u201c\u5065\u5eb7\u201d\uff0cmalsana\u00a0\u4e3a\u201c\u751f\u75c5\u201d\uff0cmalsanulo\u610f\u4e3a\u201c\u75c5\u4eba\u201d\u3002\u63a5\u5c3e\u8bcd\u00a0-ul\u00a0\u662f\u8868\u793a\u5177\u6709\u67d0\u79cd\u7279\u5f81\u7684\u4eba\u3002<\/li>\n<li style=\"font-weight: 400;\">\u0108u vi ne iros tien?\uff08\u4f60\u96be\u9053\u4e0d\u53bb\u54ea\u513f\u5417\uff1f\uff09\u5426\u5b9a\u7591\u95ee\u53e5\u5e26\u6709\u53cd\u95ee\u4e4b\u610f\uff0c\u7ffb\u8bd1\u65f6\u53ef\u4ee5\u52a0\u4e0a\u201c\u96be\u9053\u201d\u4e8c\u5b57\u3002<\/li>\n<li style=\"font-weight: 400;\">Esperanto-kurso :\u4e16\u754c\u8bed\u8bb2\u4e60\u73ed\uff0c\u8fd9\u662f\u4e24\u4e2a\u5355\u8bcd\u6784\u6210\u7684\u5408\u6210\u8bcd\u3002<\/li>\n<li style=\"font-weight: 400;\">nedeviga Esperanto-kurso:\u4e16\u754c\u8bed\u9009\u4fee\u73ed\u3002<\/li>\n<li style=\"font-weight: 400;\">viziti:\u8fd9\u4e2a\u8bcd\u53ef\u7406\u89e3\u4e3a\u201c\u62dc\u8bbf\u3001\u8bbf\u95ee\u201d\uff0c\u4e5f\u53ef\u4ee5\u7406\u89e3\u4e3a\u201c\u53c2\u52a0\u201d\uff0c\u201c\u7ecf\u5e38\u53bb\u201d\u7b49\u7b49\u3002<\/li>\n<li style=\"font-weight: 400;\">La kurso funkcias \u0109iuvendrede:\u8bb2\u4e60\u73ed\u6bcf\u5468\u793c\u62dc\u4e94\u4e0a\u8bfe\uff0c\u0109iuvendrede\u662f\u5408\u6210\u8bcd\u3002<\/li>\n<li style=\"font-weight: 400;\">esperantisto:\u4e16\u754c\u8bed\u8005\u3002Esperanto\u662f\u4e00\u4e2a\u56fa\u5b9a\u7684\u4e13\u6709\u540d\u8bcd\uff0c\u5e94\u8be5\u5927\u5199\uff0c\u5b83\u7684\u5f62\u5bb9\u8bcd\u548c\u526f\u8bcd\u5f62\u5f0f\u4e5f\u8981\u5927\u5199\uff1aEsperanta, Esperante\u3002\u4f46\u5176\u4ed6\u53d8\u5316\u5f62\u5f0f\u53ef\u4ee5\u4e0d\u5927\u5199\uff0c\u5982\uff1aesperantisto\u3002<\/li>\n<li style=\"font-weight: 400;\">dum la tuta vivo:\u6574\u6574\u4e00\u751f\u5f53\u4e2d\u3002<\/li>\n<li style=\"font-weight: 400;\">sed li ankora\u016d pene laboras por la Esperanto-movado.\u4f46\u4ed6\u4ecd\u5728\u4e3a\u4e16\u754c\u8bed\u8fd0\u52a8\u800c\u52aa\u529b\u5de5\u4f5c\u3002\u63a5\u5c3e\u8bcd\u00a0-ad\u00a0\u8868\u793a\u52a8\u4f5c\u7684\u6301\u7eed\u4e0e\u53cd\u590d\u3002\u56e0\u4e3a\u4e16\u754c\u8bed\u8fd0\u52a8\u4e0d\u662f\u4e00\u65f6\u534a\u523b\u7684\u8fd0\u52a8\uff0c\u56e0\u6b64\uff0cmovado\u00a0\u52a0\u4e0a\u00a0-ad\u00a0\uff0c\u8868\u793a\u662f\u4e00\u4e2a\u957f\u671f\u7684\u8fd0\u52a8\u3002Esperanto-movado\u00a0\u4e0d\u80fd\u5206\u5f00\u5199\uff0c\u56e0\u4e3a\u4e16\u754c\u8bed\u4e2d\u540d\u8bcd\u662f\u4e0d\u80fd\u505a\u5b9a\u8bed\u7684\u3002\u4e24\u4e2a\u540d\u8bcd\u7531\u8fde\u5b57\u7b26\u8fde\u63a5\uff0c\u624d\u80fd\u8868\u793a\u5b9e\u9645\u7684\u4fee\u9970\u5173\u7cfb\u3002<\/li>\n<li style=\"font-weight: 400;\">la leciono iras:\u8bfe\u7a0b\u5728\u8fdb\u884c\u3002iri\u00a0\u539f\u610f\u201c\u8d70\u201d\uff0c\u8fd9\u513f\u7406\u89e3\u4e3a\u201c\u8fdb\u884c\u201d\u3002<\/li>\n<li style=\"font-weight: 400;\">a\u016dskultas:\u542c\u2026\u2026\u3002auskulti\u00a0\u662f\u4e0d\u53ca\u7269\u52a8\u8bcd\uff0c\u52a0\u4e0a\u00a0al\u00a0\u8868\u793a\u201c\u542c\u201d\u8fd9\u4e2a\u52a8\u4f5c\u7684\u65b9\u5411\uff1b\u5982\u679c\u8868\u793a\u8981\u542c\u8c01\u7684\u8bb2\u8bdd\uff0c\u5fc5\u987b\u52a0\u4e0a\u00a0al\u3002<\/li>\n<li style=\"font-weight: 400;\">interparoli:\u4ea4\u8c08\u3002<\/li>\n<li style=\"font-weight: 400;\">Esperante:\u526f\u8bcd\u5f62\u5f0f\u8868\u793a\u65b9\u5f0f\u6216\u4f7f\u7528\u7684\u5de5\u5177\u3002interparoli Esperante\u00a0\u8bd1\u4e3a\uff1a\u7528\u4e16\u754c\u8bed\u4ea4\u8c08\u3002<\/li>\n<li style=\"font-weight: 400;\">Ni \u015datas \u011din paroli:\u6211\u4eec\u559c\u6b22\u8bb2\u4e16\u754c\u8bed\u3002paroli\u4f5c\u00a0\u015datas\u00a0\u7684\u5bbe\u8bed\uff0c\u011din\u00a0\u4f5c\u00a0paroli\u00a0\u7684\u5bbe\u8bed\u3002<\/li>\n<li style=\"font-weight: 400;\">bone lerni Esperanton,\u52a8\u8bcd\u4e0d\u5b9a\u5f0f\u77ed\u8bed\u4f5c\u5bbe\u8bed\u3002<\/li>\n<\/ol>\n<p style=\"font-weight: 400;\">\u00a0\u00a0\u00a0Gramatiko<strong>\u00a0\uff08\u8bed\u6cd5\uff09<\/strong><\/p>\n<p style=\"font-weight: 400;\">\u00a0\u00a0<strong>\u540d\u8bcd\u7684\u79cd\u7c7b<\/strong><\/p>\n<p style=\"font-weight: 400;\">\u00a0\u00a0\u00a0\u00a0\u4e00\u3001\u666e\u901a\u540d\u8bcd\u548c\u4e13\u6709\u540d\u8bcd<\/p>\n<p style=\"font-weight: 400;\">\u00a0\u00a0\u00a0\u00a0\u540d\u8bcd\u53ef\u4ee5\u5206\u4e3a\u4e24\u5927\u7c7b\uff1a\u666e\u901a\u540d\u8bcd\u548c\u4e13\u6709\u540d\u8bcd\u3002<\/p>\n<p style=\"font-weight: 400;\">\u00a0\u00a0\u00a0\u00a0<strong>\u666e\u901a\u540d\u8bcd<\/strong>\u8868\u793a\u67d0\u4e00\u7c7b\u4eba\u3001\u67d0\u4e00\u7c7b\u4e8b\u7269\u3001\u67d0\u79cd\u7269\u8d28\u6216\u62bd\u8c61\u6982\u5ff5\u7684\u540d\u79f0\u3002<\/p>\n<p style=\"font-weight: 400;\">\u00a0\u00a0\u00a0\u00a0\u67d0\u4e00\u7c7b\u4eba\uff1aknabo\uff08\u7537\u5b69\uff09\uff0cvila\u011dano\uff08\u6751\u6c11\uff09\uff0ckamparano\uff08\u519c\u6c11\uff09\uff0curbano\uff08\u5e02\u6c11\uff09<\/p>\n<p style=\"font-weight: 400;\">\u00a0\u00a0\u00a0\u00a0\u67d0\u4e00\u7c7b\u4e8b\u7269\uff1afloro\uff08\u82b1\uff09\uff0ctablo\uff08\u684c\u5b50\uff09\uff0cplumo\uff08\u94a2\u7b14\uff09<\/p>\n<p style=\"font-weight: 400;\">\u00a0\u00a0\u00a0\u00a0\u67d0\u79cd\u7269\u8d28\uff1aakvo\uff08\u6c34\uff09\uff0cpapero\uff08\u7eb8\uff09\u3002\uff08\u8fd9\u4e2d\u540d\u8bcd\u53ef\u6210\u4e3a\u7269\u8d28\u540d\u8bcd\uff0c\u5b83\u4e0e\u8868\u793a\u67d0\u4e00\u7c7b\u4e8b\u7269\u7684\u540d\u8bcd\u7684\u533a\u522b\u5728\u4e8e\uff0c\u67d0\u7c7b\u4e8b\u7269\u7684\u540d\u8bcd\u53ef\u4ee5\u7528\u6570\u76ee\u6765\u8ba1\u7b97\uff0c\u800c\u7269\u8d28\u540d\u8bcd\u5219\u4e0d\u53ef\u80fd\u7528\u6570\u76ee\u6765\u8ba1\u7b97\u3002\u5982\u6211\u4eec\u53ef\u4ee5\u8bf4\uff1adu\u00a0 floroj\uff0c\u4f46\u5374\u4e0d\u80fd\u8bb2\u00a0du akvoj, akvo\u662f\u4e0d\u8bba\u4e2a\u513f\u7684\u3002\u56e0\u6b64\uff0c\u7269\u8d28\u540d\u8bcd\u4e5f\u6ca1\u6709\u590d\u6570\u5f62\u5f0f\u3002\uff09<\/p>\n<p style=\"font-weight: 400;\">\u00a0\u00a0\u00a0\u00a0\u62bd\u8c61\u6982\u5ff5\uff1afeli\u0109o\uff08\u6109\u5feb\uff0c\u5e78\u798f\uff09\uff0claboro\uff08\u5de5\u4f5c\uff09\u3002<\/p>\n<p style=\"font-weight: 400;\">\u00a0\u00a0\u00a0\u00a0<strong>\u4e13\u6709\u540d\u8bcd<\/strong>\u8868\u793a\u4e2a\u522b\u4eba\u3001\u56e2\u4f53\u3001\u5730\u65b9\u3001\u673a\u6784\u6216\u4e8b\u7269\u7684\u540d\u79f0\uff0c\u7b2c\u4e00\u4e2a\u5b57\u6bcd\u5fc5\u987b\u5927\u5199\u3002\u5982\uff1a<\/p>\n<p style=\"font-weight: 400;\">\u00a0\u00a0\u00a0 Petro\uff08\u5f7c\u5f97\uff09\uff0cEsperanto\uff08\u4e16\u754c\u8bed\uff09\uff0cChongqing\uff08\u91cd\u5e86\uff09<\/p>\n<p style=\"font-weight: 400;\">\u00a0\u00a0\u00a0\u00a0\u4e2d\u56fd\u7684\u5730\u65b9\u548c\u4eba\u540d\u90fd\u7528\u6c49\u8bed\u62fc\u97f3\u3002\u56e0\u6b64\uff0c\u5b66\u4e60\u4e16\u754c\u8bed\u7684\u540c\u5fd7\u6709\u5fc5\u8981\u5b66\u597d\u6c49\u8bed\u62fc\u97f3\u3002<\/p>\n<p style=\"font-weight: 400;\">\u4e8c\u3001\u53ef\u6570\u540d\u8bcd\u548c\u4e0d\u53ef\u6570\u540d\u8bcd<\/p>\n<p style=\"font-weight: 400;\">\u00a0\u00a0\u00a0\u00a0\u4ece\u53e6\u5916\u4e00\u4e2a\u89d2\u5ea6\u770b\uff0c\u540d\u8bcd\u53ef\u4ee5\u5206\u4e3a\u53ef\u6570\u548c\u4e0d\u53ef\u6570\u4e24\u5927\u7c7b\u3002\u8868\u793a\u4e2a\u4f53\u5982\u67d0\u4e00\u7c7b\u4eba\u3001\u67d0\u4e00\u7c7b\u4e8b\u7269\u7684\u540d\u8bcd\u53ef\u4ee5\u7528\u6570\u76ee\u6765\u4fee\u9970\uff0c\u4e5f\u5c31\u662f\u8bf4\uff0c\u53ef\u4ee5\u8bba\u4e2a\u513f\u7684\u540d\u8bcd\uff0c\u90fd\u662f\u53ef\u6570\u540d\u8bcd\u3002\u5982\uff1adu knaboj, tri \u015dafoj, ses plumoj\u00a0\u7b49\u7b49\u3002\u7531\u4e00\u4e9b\u540d\u8bcd\u5982\u62bd\u8c61\u540d\u8bcd\u3001\u7269\u8d28\u540d\u8bcd\u7b49\uff0c\u4e0d\u80fd\u8bba\u4e2a\u513f\uff0c\u5373\u4e0d\u80fd\u70b9\u6570\u7684\uff0c\u53eb\u4e0d\u53ef\u6570\u540d\u8bcd\u3002\u5982\uff1aakvo, feli\u0109o\u00a0\u7b49\u3002\u53ef\u6570\u540d\u8bcd\u53ef\u4ee5\u6709\u590d\u6570\u5f62\u5f0f\uff1b\u4e0d\u53ef\u6570\u540d\u8bcd\u4e00\u822c\u6ca1\u6709\u590d\u6570\u5f62\u5f0f\u3002\u4e13\u6709\u540d\u8bcd\u9664\u4e2a\u522b\u60c5\u51b5\u5916\uff0c\u4e00\u822c\u4e0d\u7528\u590d\u6570\u5f62\u5f0f\uff0c\u4e5f\u53ef\u4ee5\u5212\u5165\u4e0d\u53ef\u6570\u540d\u8bcd\u4e00\u7c7b\u3002<\/p>\n<p style=\"font-weight: 400;\"><a href=\"https:\/\/reto.cn\/php\/hanyu\/kurso-de-esperanto\/\">\u8fd4\u56de\u76ee\u5f55<\/a><\/p>\n","protected":false},"excerpt":{"rendered":"<p>La Oka Leciono \u7b2c\u516b\u8bfe \ufeff \u3010Tipaj frazoj\u00a0(\u53e5\u578b\uff09\u3011 \u0108u vi \u015datas le\u2026 <span class=\"read-more\"><a href=\"https:\/\/reto.cn\/php\/hanyu\/kurso-de-esperanto\/ekurso08\/\">\u7ee7\u7eed\u9605\u8bfb Legi pli &raquo;<\/a><\/span><\/p>\n","protected":false},"author":1,"featured_media":0,"parent":8240,"menu_order":0,"comment_status":"open","ping_status":"closed","template":"","meta":{"footnotes":""},"_links":{"self":[{"href":"https:\/\/reto.cn\/php\/hanyu\/wp-json\/wp\/v2\/pages\/8307"}],"collection":[{"href":"https:\/\/reto.cn\/php\/hanyu\/wp-json\/wp\/v2\/pages"}],"about":[{"href":"https:\/\/reto.cn\/php\/hanyu\/wp-json\/wp\/v2\/types\/page"}],"author":[{"embeddable":true,"href":"https:\/\/reto.cn\/php\/hanyu\/wp-json\/wp\/v2\/users\/1"}],"replies":[{"embeddable":true,"href":"https:\/\/reto.cn\/php\/hanyu\/wp-json\/wp\/v2\/comments?post=8307"}],"version-history":[{"count":0,"href":"https:\/\/reto.cn\/php\/hanyu\/wp-json\/wp\/v2\/pages\/8307\/revisions"}],"up":[{"embeddable":true,"href":"https:\/\/reto.cn\/php\/hanyu\/wp-json\/wp\/v2\/pages\/8240"}],"wp:attachment":[{"href":"https:\/\/reto.cn\/php\/hanyu\/wp-json\/wp\/v2\/media?parent=8307"}],"curies":[{"name":"wp","href":"https:\/\/api.w.org\/{rel}","templated":true}]}}