{"id":8314,"date":"2021-10-07T14:08:55","date_gmt":"2021-10-07T06:08:55","guid":{"rendered":"http:\/\/reto.cn\/php\/hanyu\/?page_id=8314"},"modified":"2021-10-07T14:08:55","modified_gmt":"2021-10-07T06:08:55","slug":"ekurso11","status":"publish","type":"page","link":"https:\/\/reto.cn\/php\/hanyu\/kurso-de-esperanto\/ekurso11\/","title":{"rendered":"\u4e16\u754c\u8bed\u6559\u7a0b \u7b2c\u5341\u4e00\u8bfe"},"content":{"rendered":"<p style=\"font-weight: 400;\"><strong>La Dek-unua Leciono<\/strong><\/p>\n<p style=\"font-weight: 400;\"><strong>\u7b2c\u5341\u4e00\u8bfe<\/strong><\/p>\n<p style=\"font-weight: 400;\">\u590d\u4e60<\/p>\n<p style=\"font-weight: 400;\">\u00a0\u00a0\u00a0\u00a0\u7ecf\u8fc7\u4e00\u81f3\u5341\u8bfe\uff08\u5305\u62ec\u5b57\u6bcd\u8868\uff09\u7684\u5b66\u4e60\uff0c\u6211\u4eec\u5df2\u8fdb\u5165\u4e86\u4e16\u754c\u8bed\u5b66\u4e60\u7684\u5927\u95e8\u3002\u5728\u8fd9\u4e2a\u65f6\u5019\uff0c\u56de\u8fc7\u5934\u53bb\u770b\u770b\u6211\u4eec\u7559\u4e0b\u7684\u811a\u5370\uff0c\u590d\u4e60\u4e00\u4e0b\u6211\u4eec\u6240\u638c\u63e1\u7684\u77e5\u8bc6\uff0c\u65e2\u53ef\u4ee5\u5de9\u56fa\u5df2\u5b66\u8fc7\u7684\u5185\u5bb9\uff0c\u53c8\u53ef\u4ee5\u4e3a\u4eca\u540e\u7684\u5b66\u4e60\u6253\u4e0b\u7262\u56fa\u7684\u57fa\u7840\u3002<\/p>\n<p style=\"font-weight: 400;\">\u00a0\u00a0\u00a0\u00a0<strong>\u8bed\u00a0\u00a0\u00a0\u6cd5<\/strong><\/p>\n<p style=\"font-weight: 400;\">\u4e00\u3001\u8bcd\u4e0e\u8bcd\u7d20<\/p>\n<p style=\"font-weight: 400;\">\u00a0\u00a0\u00a0\u00a0\u5355\u8bcd\u662f\u8bed\u8a00\u4e2d\u80fd\u591f\u72ec\u7acb\u8fd0\u7528\u7684\u6700\u5c0f\u7684\u8bed\u4e49\u5355\u4f4d\u3002\u6bcf\u4e00\u4e2a\u5355\u8bcd\u90fd\u5177\u6709\u4e00\u5b9a\u7684\u610f\u601d\u3002\u5c3d\u7ba1\u6709\u4e9b\u8bcd\u7c7b\u4e0d\u80fd\u5355\u72ec\u4f5c\u53e5\u5b50\u6210\u5206\uff0c\u4f46\u4e0e\u4e00\u5b9a\u7684\u8bcd\u7ed3\u5408\u8d77\u6765\u4ee5\u540e\uff0c\u4ecd\u7136\u53ef\u4ee5\u4f5c\u53e5\u5b50\u6210\u5206\uff0c\u800c\u8fd9\u4e9b\u4e0d\u80fd\u5355\u72ec\u4f5c\u53e5\u5b50\u6210\u5206\u7684\u8bcd\u7c7b\u672c\u8eab\u4e5f\u5177\u6709\u4e86\u4e00\u5b9a\u7684\u610f\u4e49\u3002<\/p>\n<p style=\"font-weight: 400;\">\u00a0\u00a0\u00a0\u00a0\u5c31\u5355\u8bcd\u7684\u7ed3\u6784\u800c\u8a00\uff0c\u5b83\u8fd8\u53ef\u4ee5\u518d\u5206\uff0c\u4e5f\u5c31\u662f\u8bf4\uff0c\u5355\u8bcd\u662f\u7531\u66f4\u5c0f\u7684\u5355\u4f4d\u7ec4\u7ec7\u8d77\u6765\u7684\u3002\u80fd\u591f\u7ec4\u6210\u5355\u8bcd\u7684\u6210\u5206\u53eb\u8bcd\u7d20\uff1b\u4e16\u754c\u8bed\u7684\u8bcd\u7d20\u6709\u56db\u79cd\uff1a\u8bcd\u6839\u3001\u8bcd\u5c3e\u3001\u63a5\u5934\u8bcd\u3001\u63a5\u5c3e\u8bcd\u3002<\/p>\n<p style=\"font-weight: 400;\">\u00a0\u00a0\u00a0\u00a0\u8bcd\u6839\u662f\u8bcd\u7684\u57fa\u672c\u90e8\u5206\uff0c\u5b83\u542b\u6709\u4e00\u4e2a\u610f\u4e49\u6e05\u695a\u7684\u6982\u5ff5\u3002\u7531\u5b83\u624d\u80fd\u6784\u6210\u8bcd\uff0c\u6ca1\u6709\u5b83\u4fbf\u6ca1\u6709\u8bcd\u3002\u7edd\u5927\u591a\u6570\u8bcd\u6839\u662f\u4e0d\u80fd\u5355\u72ec\u4f7f\u7528\u7684\uff0c\u5b83\u4eec\u5fc5\u987b\u4e0e\u8bcd\u5c3e\u7ed3\u5408\u624d\u80fd\u4f7f\u7528\u3002\u5982\u8868\u793a\u201c\u597d\u201d\u7684\u8bcd\u6839bon-\uff0c\u5b83\u5fc5\u987b\u4e0e\u8bcd\u5c3e\u00a0-a, -e\u00a0\u7b49\u7ed3\u5408\u624d\u80fd\u4f7f\u7528\uff1abona, bone\u3002\u4f46\u6709\u5c11\u6570\u8bcd\uff08\u51a0\u8bcd\u3001\u57fa\u6570\u8bcd\u3001\u8fde\u8bcd\u3001\u4ecb\u8bcd\u548c\u4e00\u90e8\u5206\u526f\u8bcd\u7b49\uff09\u662f\u4ee5\u8bcd\u6839\u7684\u5f62\u5f0f\u51fa\u73b0\u7684\uff0c\u5b83\u4eec\u6ca1\u6709\u8bed\u6cd5\u8bcd\u5c3e\uff0c\u5982\uff1aplej, pli, anta\u016d, post, tri, la, tre\u7b49\u3002\u8fd9\u6837\u7684\u8bcd\u4e3a\u6570\u4e0d\u591a\uff0c\u4f46\u5fc5\u987b\u8bb0\u4f4f\u3002<\/p>\n<p style=\"font-weight: 400;\">\u00a0\u00a0\u00a0\u00a0\u8bcd\u5c3e\u7684\u529f\u7528\u662f\u52a0\u5728\u4e00\u5b9a\u7684\u8bcd\u6839\u540e\u9762\uff0c\u8868\u660e\u8be5\u8bcd\u7684\u8bed\u6cd5\u7279\u5f81\u548c\u4f5c\u7528\u3002\u5982\u00a0bona, bone,\u00a0\u4e00\u4e2a\u00a0-a\uff0c\u4e00\u4e2a\u00a0-e\uff0c\u5206\u522b\u8868\u793a\u51fa\u8be5\u8bcd\u662f\u5f62\u5bb9\u8bcd\u548c\u526f\u8bcd\u3002<\/p>\n<p style=\"font-weight: 400;\">\u00a0\u00a0\u00a0\u00a0\u63a5\u5c3e\u8bcd\u662f\u7528\u6765\u6539\u53d8\u8bcd\u6839\u7684\u610f\u4e49\u7684\u3002\u5982\u00a0instrui\u00a0\u52a0\u00a0-ist\u00a0\u6210\u4e3a\u00a0instruisto\uff0c\u5c31\u7531\u201c\u6559\u4e66\u201d\u53d8\u6210\u4e86\u201c\u6559\u5e08\u201d\u3002\u8fd9\u91cc\uff0c\u8981\u6ce8\u610f\u63a5\u5c3e\u8bcd\u4e0e\u8bcd\u5c3e\u7684\u987a\u5e8f\u3002\u8bcd\u5c3e\u603b\u662f\u653e\u5728\u8bcd\u7684\u6700\u540e\uff0c\u8fd9\u4e00\u70b9\u8981\u5207\u8bb0\u3002<\/p>\n<p style=\"font-weight: 400;\">\u00a0\u00a0\u00a0\u00a0\u63a5\u5934\u8bcd\u7684\u7528\u6cd5\u4e0e\u63a5\u5c3e\u8bcd\u76f8\u540c\uff0c\u4f46\u5b83\u662f\u653e\u5728\u8bcd\u6839\u524d\u9762\u3002<\/p>\n<p style=\"font-weight: 400;\">\u00a0\u00a0\u00a0\u00a0\u4e00\u4e2a\u5355\u8bcd\u53ef\u4ee5\u5305\u542b\u56db\u79cd\u8bcd\u7d20\u4e2d\u7684\u4e00\u79cd\uff0c\u4e5f\u53ef\u540c\u65f6\u5305\u542b\u56db\u79cd\u8bcd\u7d20\u3002\u5982\uff1apri\uff08\u53ea\u5305\u542b\u4e00\u79cd\u8bcd\u7d20\u5373\u8bcd\u6839\uff09\uff0cmal-san-ul-o\uff08\u540c\u65f6\u5305\u542b\u56db\u79cd\u8bcd\u7d20\uff09\u3002<\/p>\n<p style=\"font-weight: 400;\">\u4e8c\u3001\u9648\u8ff0\u53e5\u3001\u7591\u95ee\u53e5\u3001\u7948\u4f7f\u53e5<\/p>\n<p style=\"font-weight: 400;\">\u00a0\u00a0\u00a0\u00a0\u9648\u8ff0\u53e5\u662f\u9648\u8ff0\u4e00\u4e2a\u4e8b\u5b9e\u6216\u8bf4\u660e\u4e00\u79cd\u72b6\u51b5\u3002\u4e00\u822c\u6b63\u5e38\u8bcd\u5e8f\u662f\uff1a\u4e3b\u8bed\u00a0+\u00a0\u8c13\u8bed\u00a0+\u00a0\u5bbe\u8bed \u6216 \u4e3b\u8bed\u00a0+\u00a0\u8fde\u7cfb\u52a8\u8bcd\u00a0+\u00a0\u8868\u8bed\u3002\u8fd9\u79cd\u8bcd\u5e8f\u662f\u53e5\u5b50\u7684\u4e3b\u5e72\uff0c\u5176\u4e2d\u5404\u4e2a\u6210\u5206\u8fd8\u53ef\u4ee5\u6709\u81ea\u5df1\u7684\u5206\u652f\uff0c\u5982\u5b9a\u8bed\u3001\u72b6\u8bed\u7b49\u3002\u4f8b\uff1a<\/p>\n<p style=\"font-weight: 400;\">\u00a0\u00a0\u00a0 Mi lernas Esperanton.\uff08\u4e3b\u8bed\u00a0+\u00a0\u8c13\u8bed\u00a0+\u00a0\u5bbe\u8bed\uff09<\/p>\n<p style=\"font-weight: 400;\">\u00a0\u00a0\u00a0 La \u011dardeno estas bela.\uff08\u4e3b\u8bed\u00a0+\u00a0\u8fde\u7cfb\u52a8\u8bcd\u00a0+\u00a0\u8868\u8bed\uff09<\/p>\n<p style=\"font-weight: 400;\">\u00a0\u00a0\u00a0 Mi tre \u015datas Esperanton.\uff08\u4e3b\u8bed\u00a0+\u00a0\u72b6\u8bed\u00a0+\u00a0\u8c13\u8bed\u00a0+\u00a0\u5bbe\u8bed\uff09<\/p>\n<p style=\"font-weight: 400;\">\u00a0\u00a0\u00a0 La bela \u011dardeno estas granda.\uff08\u5b9a\u8bed\u00a0+\u00a0\u4e3b\u8bed\u00a0+\u00a0\u8fde\u7cfb\u52a8\u8bcd\u00a0+\u00a0\u8868\u8bed\uff09<\/p>\n<p style=\"font-weight: 400;\">\u00a0\u00a0\u00a0\u00a0\u7591\u95ee\u53e5\u662f\u8868\u793a\u7591\u95ee\u7684\u53e5\u5b50\uff0c\u53ef\u4ee5\u5206\u4e3a<\/p>\n<ol>\n<li style=\"font-weight: 400;\">\u4e00\u822c\u7591\u95ee\u53e5\uff1a\u0108u vi estas sana?<\/li>\n<li style=\"font-weight: 400;\">\u7279\u6b8a\u7591\u95ee\u53e5\uff1aKiom da jaroj vi havas?<\/li>\n<li style=\"font-weight: 400;\">\u9009\u62e9\u7591\u95ee\u53e5\uff1a\u0108u la floroj pompas en a\u016dtuno a\u016d en printempo?<\/li>\n<li style=\"font-weight: 400;\">\u53cd\u610f\u7591\u95ee\u53e5\uff1aLa studentoj estas tre diligentaj, \u0109u ne?<\/li>\n<\/ol>\n<p style=\"font-weight: 400;\">\u00a0\u00a0\u00a0\u00a0\u5728\u56de\u7b54\u7591\u95ee\u53e5\u65f6\uff0c\u8981\u6ce8\u610f\uff0c\u4e0d\u540c\u7c7b\u578b\u7684\u7591\u95ee\u53e5\u8981\u7528\u4e0d\u540c\u7684\u65b9\u5f0f\u56de\u7b54\u3002\u4e00\u822c\u7591\u95ee\u53e5\u53ef\u4ee5\u7528jes\u6216ne\u56de\u7b54\uff1b\u7279\u6b8a\u7591\u95ee\u53e5\u4e0d\u80fd\u7528jes\u6216ne\u6765\u56de\u7b54\uff0c\u800c\u8981\u9488\u5bf9\u63d0\u95ee\u7684\u5185\u5bb9\u5177\u4f53\u7b54\u590d\u3002\u9009\u62e9\u7591\u95ee\u53e5\u4e5f\u662f\u4e0d\u80fd\u7528jes\u6216ne\u6765\u56de\u7b54\u7684\u3002\u53cd\u610f\u7591\u95ee\u53e5\u53ef\u4ee5\u7528jes\u6216ne\uff0c\u4f46\u8981\u6ce8\u610fjes\u548cne\u7684\u7528\u6cd5\u4e0e\u6c49\u8bed\u4e60\u60ef\u7684\u4e0d\u540c\u3002<\/p>\n<p style=\"font-weight: 400;\">\u00a0\u00a0\u00a0\u00a0\u7948\u4f7f\u53e5\u8868\u793a\u547d\u4ee4\u3001\u613f\u671b\u7b49\u3002\u7948\u4f7f\u53e5\u4e00\u822c\u4e0d\u7528\u4e3b\u8bed\uff0c\u56e0\u4e3a\u4e3b\u8bed\u901a\u5e38\u90fd\u662f\u542c\u8bdd\u7684\u4eba\u5373\u7b2c\u4e8c\u4eba\u79f0\u00a0vi\u3002\u5f53\u4e3b\u8bed\u4e0d\u662f\u7b2c\u4e8c\u4eba\u79f0\u6216\u4e3a\u4e86\u8868\u793a\u533a\u522b\u65f6\uff0c\u5219\u4e00\u5b9a\u8981\u7528\u4e3b\u8bed\u3002\u5982\uff1a<\/p>\n<p style=\"font-weight: 400;\">\u00a0\u00a0\u00a0 Venu \u0109i tien!<\/p>\n<p style=\"font-weight: 400;\">\u00a0\u00a0\u00a0 Petro, vi venu \u0109i tien!<\/p>\n<p style=\"font-weight: 400;\">\u00a0\u00a0\u00a0 Li faru tion!<\/p>\n<p style=\"font-weight: 400;\">\u4e09\u3001\u7b80\u5355\u53e5\u548c\u5e76\u5217\u53e5<\/p>\n<p style=\"font-weight: 400;\">\u00a0\u00a0\u00a0\u00a0\u4ece\u7ed3\u6784\u6765\u5206\uff0c\u53e5\u5b50\u53ef\u4ee5\u5206\u4e3a\u4e09\u79cd\uff0c\u5373\u7b80\u5355\u53e5\u3001\u5e76\u5217\u53e5\u548c\u4e3b\u4ece\u590d\u5408\u53e5\u3002\u524d\u5341\u8bfe\u4e3b\u8981\u8bb2\u4e86\u524d\u4e24\u79cd\uff0c\u540e\u4e00\u79cd\u51fa\u73b0\u8fc7\uff0c\u4f46\u672a\u7ec6\u8bb2\u3002<\/p>\n<p style=\"font-weight: 400;\">\u00a0\u00a0\u00a0\u00a0\u5355\u53e5\u7684\u7ed3\u6784\u6bd4\u8f83\u5355\u4e00\uff0c\u5373\u4e3b\u8bed\u548c\u8c13\u8bed\u53ea\u6709\u4e00\u4e2a\u5c42\u6b21\uff1b\u5e76\u5217\u53e5\u662f\u4e24\u4e2a\u6216\u4e24\u4e2a\u4ee5\u4e0a\u7b80\u5355\u53e5\u7684\u7ec4\u5408\uff0c\u901a\u5e38\u7528\u8fde\u8bcd\u00a0kaj\uff0c\u53e6\u5916\uff0csed\u00a0\u7b49\u4e5f\u80fd\u4f5c\u5e76\u5217\u53e5\u7684\u8fde\u8bcd\u3002<\/p>\n<p style=\"font-weight: 400;\">\u56db\u3001\u590d\u5408\u8bcd<\/p>\n<p style=\"font-weight: 400;\">\u00a0\u00a0\u00a0\u00a0\u8fd9\u662f\u4e16\u754c\u8bed\u6784\u8bcd\u6cd5\u4e2d\u7684\u4e00\u79cd\uff0c\u5373\u6709\u4e24\u4e2a\u6216\u4e24\u4e2a\u4ee5\u4e0a\u7684\u8bcd\u6839\u5408\u8d77\u6765\u6784\u6210\u65b0\u8bcd\uff0c\u5982\u00a0tagman\u011di, \u0109iuvespere\u3002<\/p>\n<p style=\"font-weight: 400;\">\u4e94\u3001-n\u00a0\u7684\u7528\u6cd5<\/p>\n<p style=\"font-weight: 400;\">\u00a0\u00a0\u00a0 -n\u00a0\u7684\u7528\u6cd5\u5f88\u5e7f\uff0c\u9664\u4e86\u53ef\u4ee5\u8868\u793a\u5bbe\u8bed\u5916\uff0c\u8fd8\u6709\u8bb8\u591a\u5176\u5b83\u7528\u6cd5\u3002\u6211\u4eec\u89c1\u8fc7\u7684\u5df2\u6709\u4e24\u79cd\uff1a\u8868\u793a\u8fd0\u52a8\u7684\u65b9\u5411\u548c\u4f7f\u540d\u8bcd\u4f5c\u72b6\u8bed\u7528\u3002\u4f8b\uff1a<\/p>\n<p style=\"font-weight: 400;\">\u00a0\u00a0\u00a0 Li \u015datas librojn.\uff08\u5bbe\u8bed\uff09<\/p>\n<p style=\"font-weight: 400;\">\u00a0\u00a0\u00a0 Li iras hejmen.\uff08\u8868\u52a8\u5411\uff09<\/p>\n<p style=\"font-weight: 400;\">\u00a0\u00a0\u00a0 Li estas kvin jarojn a\u011da.\uff08\u72b6\u8bed\uff09<\/p>\n<p style=\"font-weight: 400;\">\u516d\u3001\u683c\u548c\u6570\u7684\u4e00\u81f4<\/p>\n<p style=\"font-weight: 400;\">\u00a0\u00a0\u00a0\u00a0\u5f53\u4e00\u4e2a\u540d\u8bcd\u6216\u4ee3\u8bcd\u5904\u4e8e\u5bbe\u683c\u65f6\uff0c\u4fee\u9970\u5b83\u7684\u5f62\u5bb9\u8bcd\u4e5f\u5fc5\u987b\u5904\u4e8e\u5bbe\u683c\uff0c\u8fd9\u53eb\u683c\u7684\u4e00\u81f4\u3002\u5f53\u540d\u8bcd\u6216\u4ee3\u8bcd\u662f\u590d\u6570\u65f6\uff0c\u5176\u5f62\u5bb9\u8bcd\u5b9a\u8bed\u4e5f\u987b\u662f\u590d\u6570\u3002\u5982\u679c\u590d\u6570\u540d\u8bcd\u6216\u4ee3\u8bcd\u4f5c\u4e3b\u8bed\uff0c\u5176\u8868\u8bed\u4e3a\u5f62\u5bb9\u8bcd\u6216\u540d\u8bcd\uff0c\u8fd9\u65f6\uff0c\u8868\u8bed\u90e8\u5206\u4e5f\u987b\u7528\u590d\u6570\uff0c\u8fd9\u53eb\u6570\u7684\u4e00\u81f4\u3002\u4f8b\u5982\uff1a<\/p>\n<p style=\"font-weight: 400;\">\u00a0\u00a0\u00a0 Li \u015datas bonan libron.\uff08\u683c\u7684\u4e00\u81f4\uff09<\/p>\n<p style=\"font-weight: 400;\">\u00a0\u00a0\u00a0 La bonaj libroj estas interesaj.\uff08\u6570\u7684\u4e00\u81f4\uff09<\/p>\n<p style=\"font-weight: 400;\">\u4e03\u3001\u4e0d\u5b9a\u5f0f<\/p>\n<p style=\"font-weight: 400;\">\u00a0\u00a0\u00a0\u00a0\u52a8\u8bcd\u4e0d\u5b9a\u5f0f\u4ee5\u00a0-i\u00a0\u7ed3\u5c3e\uff0c\u4e0d\u80fd\u5355\u72ec\u6784\u6210\u8c13\u8bed\u3002\u5b83\u5177\u6709\u540d\u8bcd\u548c\u526f\u8bcd\u7684\u529f\u80fd\uff0c\u540c\u65f6\u4e5f\u4fdd\u7559\u7740\u52a8\u8bcd\u7684\u4e00\u90e8\u5206\u7279\u5f81\uff0c\u5728\u53e5\u5b50\u4e2d\u53ef\u4ee5\u5145\u5f53\u4e3b\u8bed\u3001\u5bbe\u8bed\u3001\u8868\u8bed\u3001\u72b6\u8bed\u7b49\u3002\u4e0d\u5b9a\u5f0f\u672c\u8eab\u53ef\u4ee5\u50cf\u4f5c\u8c13\u8bed\u7528\u7684\u52a8\u8bcd\u4e00\u6837\u5e26\u5bbe\u8bed\u3001\u72b6\u8bed\u7b49\u3002\u4f8b\u5982\uff1a<\/p>\n<p style=\"font-weight: 400;\">\u00a0\u00a0\u00a0 Li \u015datas legi librojn.\uff08\u4e0d\u5b9a\u5f0f\u4f5c\u5bbe\u8bed\uff09<\/p>\n<p style=\"font-weight: 400;\">\u00a0\u00a0\u00a0 Petro iras al la urbo por a\u0109eti librojn tie.\uff08\u4e0d\u5b9a\u5f0f\u4f5c\u72b6\u8bed\uff09<\/p>\n<p style=\"font-weight: 400;\">\u00a0\u00a0\u00a0\u00a0\u4f5c\u72b6\u8bed\uff08\u8868\u793a\u76ee\u7684\uff09\u7684\u4e0d\u5b9a\u5f0f\u7ecf\u5e38\u4e0e\u4ecb\u8bcdpor\u8fde\u7528\u3002<\/p>\n<p style=\"font-weight: 400;\">\u516b\u3001\u4e00\u4e2a\u53e5\u5b50\u5145\u5f53\u53e5\u5b50\u6210\u5206\u7684\u60c5\u51b5<\/p>\n<p style=\"font-weight: 400;\">\u00a0\u00a0\u00a0\u00a0\u53e5\u5b50\u5145\u5f53\u53e5\u5b50\u6210\u5206\u7684\u60c5\u51b5\u5c5e\u4e8e\u4e3b\u4ece\u590d\u5408\u53e5\u7684\u5185\u5bb9\uff0c\u8fd9\u90e8\u5206\u5185\u5bb9\uff0c\u6211\u4eec\u4ee5\u540e\u518d\u5b66\u4e60\u3002\u8fd9\u91cc\u5c31\u5df2\u5b66\u8fc7\u7684\u4e24\u4e2a\u53e5\u5b50\u8c08\u4e00\u8c08\u3002<\/p>\n<ol>\n<li style=\"font-weight: 400;\">kvankam\u5f15\u5bfc\u7684\u53e5\u5b50<\/li>\n<\/ol>\n<p style=\"font-weight: 400;\">\u00a0\u00a0\u00a0 Kvankam li devenas de la urbo, li tre \u015datas kamparon.\uff08\u867d\u7136\u4ed6\u6765\u81ea\u57ce\u5e02\uff0c\u4f46\u4ed6\u5f88\u559c\u6b22\u519c\u6751\u3002\uff09<\/p>\n<p style=\"font-weight: 400;\">\u00a0\u00a0\u00a0\u00a0\u6574\u4e2a\u00a0kvankam\u00a0\u5f15\u5bfc\u7684\u53e5\u5b50\u4f5c\u4e3a\u4e00\u4e2a\u53e5\u5b50\u6210\u5206\uff0c\u4fee\u9970\u00a0li tre \u015datas kamparon\uff0c\u8868\u793a\u8ba9\u6b65\uff0c\u5373\u8c13\u8bed\u52a8\u8bcd\uff08\u015datas\uff09\u662f\u5728\u4e00\u79cd\u76f8\u53cd\u7684\u56e0\u7d20\u4e0b\u53d1\u751f\u7684\u3002kvankam\u00a0\u6240\u5f15\u5bfc\u7684\u53e5\u5b50\u5728\u6574\u4e2a\u53e5\u5b50\u4e2d\u4f5c\u72b6\u8bed\u7528\u3002<\/p>\n<ol start=\"2\">\n<li style=\"font-weight: 400;\">kiam\u5f15\u5bfc\u7684\u53e5\u5b50<\/li>\n<\/ol>\n<p style=\"font-weight: 400;\">\u00a0\u00a0\u00a0 Kiam la leciono iras, ni legas a\u016d a\u016dskultas.\uff08\u5f53\u8bfe\u7a0b\u8fdb\u884c\u7684\u65f6\u5019\uff0c\u6211\u4eec\u4e0d\u662f\u8bfb\u5c31\u662f\u5199\u3002\uff09<\/p>\n<p style=\"font-weight: 400;\">\u00a0\u00a0\u00a0 Kiam\u00a0\u5728\u8fd9\u91cc\u7684\u610f\u601d\u662f\u201c\u5f53\u2026\u2026\u65f6\u201d\uff0c\u662f\u4e2a\u8fde\u8bcd\uff0c\u5f15\u5bfc\u4e00\u4e2a\u53e5\u5b50\uff0c\u8868\u793a\u53e6\u4e00\u4e2a\u53e5\u5b50\u4e2d\u52a8\u4f5c\u53d1\u751f\u7684\u65f6\u95f4\u3002\u5982\u4e0a\u4f8b\u4e2d\u00a0legas\u00a0\u548c\u00a0a\u016dskultas\u00a0\u53d1\u751f\u7684\u65f6\u95f4\u5c31\u662f\u7531\u00a0kiam\u00a0\u5f15\u5bfc\u7684\u53e5\u5b50\u6307\u660e\u7684\u3002\u6240\u4ee5\u00a0kiam\u00a0\u6240\u5f15\u5bfc\u7684\u53e5\u5b50\u5728\u5168\u53e5\u4e2d\u5145\u5f53\u65f6\u95f4\u72b6\u8bed\u3002<\/p>\n<p style=\"font-weight: 400;\"><strong>\u8bed\u00a0\u00a0\u00a0\u00a0\u97f3<\/strong><\/p>\n<p style=\"font-weight: 400;\">\u4e00\u3001\u5355\u8bcd\u91cd\u97f3<\/p>\n<p style=\"font-weight: 400;\">\u00a0\u00a0\u00a0\u00a0\u4e16\u754c\u8bed\u5355\u8bcd\u7684\u91cd\u97f3\u6c38\u8fdc\u90fd\u5728\u5012\u6570\u7b2c\u4e8c\u4e2a\u97f3\u8282\u4e0a\u3002\u5982\u00a0bom&#8217;bono, dili&#8217;genta, Espe&#8217;ranto\u3002<\/p>\n<p style=\"font-weight: 400;\">\u00a0\u00a0\u00a0 \u51a0\u8bcd\u3001\u4e00\u90e8\u5206\u4ee3\u8bcd\u3001\u4ecb\u8bcd\u548c\u8fde\u8bcd\u90fd\u662f\u5355\u97f3\u8282\uff0c\u8fd9\u4e9b\u8bcd\u4e00\u822c\u4e0d\u91cd\u8bfb\u3002\u4f46\u6709\u65f6\u4e3a\u4e86\u5f3a\u8c03\uff0c\u4e5f\u53ef\u4ee5\u91cd\u8bfb\u3002<\/p>\n<p style=\"font-weight: 400;\">\u4e8c\u3001\u53e5\u5b50\u91cd\u97f3<\/p>\n<p style=\"font-weight: 400;\">\u00a0\u00a0\u00a0 \u53e5\u5b50\u4e2d\uff0c\u53c8\u7684\u8bcd\u91cd\u8bfb\uff0c\u53c8\u7684\u8bcd\u4e0d\u91cd\u8bfb\uff0c\u53e5\u5b50\u7684\u97f3\u8c03\u624d\u663e\u5f97\u81ea\u7136\u4f18\u7f8e\u3002\u662f\u8bcd\u4e00\u822c\u90fd\u91cd\u8bfb\uff0c\u865a\u8bcd\u4e00\u822c\u4e0d\u91cd\u8bfb\u3002\u4e00\u4e2a\u8bcd\u6709\u5355\u8bcd\u91cd\u97f3\uff0c\u4f46\u4e0d\u4e00\u5b9a\u80fd\u83b7\u5f97\u53e5\u5b50\u91cd\u97f3\uff0c\u8fd9\u8981\u770b\u8be5\u8bcd\u662f\u5c5e\u4e8e\u865a\u8bcd\u8fd8\u662f\u5b9e\u8bcd\uff0c\u865a\u8bcd\u4e00\u822c\u6ca1\u6709\u53e5\u5b50\u91cd\u97f3\uff0c\u5b9e\u8bcd\u5747\u6709\u53ef\u80fd\u83b7\u5f97\u53e5\u5b50\u91cd\u97f3\uff0c\u8fd9\u7531\u53e5\u5b50\u7684\u610f\u4e49\u6765\u51b3\u5b9a\u3002<\/p>\n<p style=\"font-weight: 400;\">\u4e09\u3001\u8bed\u8c03<\/p>\n<p style=\"font-weight: 400;\">\u00a0\u00a0\u00a0 \u8bed\u8c03\u5206\u4e3a\u5347\u8c03\u548c\u964d\u8c03\u3002\u9648\u8ff0\u53e5\u3001\u7279\u6b8a\u7591\u95ee\u53e5\u3001\u9009\u62e9\u7591\u95ee\u53e5\u7684\u540e\u534a\u90e8\u5206\u8bfb\u964d\u8c03\uff1b\u4e00\u822c\u7591\u95ee\u53e5\u3001\u9009\u62e9\u7591\u95ee\u53e5\u7684\u524d\u534a\u90e8\u5206\u8bfb\u5347\u8c03\uff0c\u8fd9\u662f\u5347\u964d\u8c03\u7684\u57fa\u672c\u7528\u6cd5\u3002<\/p>\n<p style=\"font-weight: 400;\"><a href=\"https:\/\/reto.cn\/php\/hanyu\/kurso-de-esperanto\/\">\u8fd4\u56de\u76ee\u5f55<\/a><\/p>\n","protected":false},"excerpt":{"rendered":"<p>La Dek-unua Leciono \u7b2c\u5341\u4e00\u8bfe \u590d\u4e60 \u00a0\u00a0\u00a0\u00a0\u7ecf\u8fc7\u4e00\u81f3\u5341\u8bfe\uff08\u5305\u62ec\u5b57\u6bcd\u8868\uff09\u7684\u5b66\u4e60\uff0c\u6211\u4eec\u5df2\u8fdb\u5165\u4e86\u2026 <span class=\"read-more\"><a href=\"https:\/\/reto.cn\/php\/hanyu\/kurso-de-esperanto\/ekurso11\/\">\u7ee7\u7eed\u9605\u8bfb Legi pli &raquo;<\/a><\/span><\/p>\n","protected":false},"author":1,"featured_media":0,"parent":8240,"menu_order":0,"comment_status":"open","ping_status":"closed","template":"","meta":{"footnotes":""},"_links":{"self":[{"href":"https:\/\/reto.cn\/php\/hanyu\/wp-json\/wp\/v2\/pages\/8314"}],"collection":[{"href":"https:\/\/reto.cn\/php\/hanyu\/wp-json\/wp\/v2\/pages"}],"about":[{"href":"https:\/\/reto.cn\/php\/hanyu\/wp-json\/wp\/v2\/types\/page"}],"author":[{"embeddable":true,"href":"https:\/\/reto.cn\/php\/hanyu\/wp-json\/wp\/v2\/users\/1"}],"replies":[{"embeddable":true,"href":"https:\/\/reto.cn\/php\/hanyu\/wp-json\/wp\/v2\/comments?post=8314"}],"version-history":[{"count":0,"href":"https:\/\/reto.cn\/php\/hanyu\/wp-json\/wp\/v2\/pages\/8314\/revisions"}],"up":[{"embeddable":true,"href":"https:\/\/reto.cn\/php\/hanyu\/wp-json\/wp\/v2\/pages\/8240"}],"wp:attachment":[{"href":"https:\/\/reto.cn\/php\/hanyu\/wp-json\/wp\/v2\/media?parent=8314"}],"curies":[{"name":"wp","href":"https:\/\/api.w.org\/{rel}","templated":true}]}}