{"id":8320,"date":"2021-10-07T14:10:46","date_gmt":"2021-10-07T06:10:46","guid":{"rendered":"http:\/\/reto.cn\/php\/hanyu\/?page_id=8320"},"modified":"2022-01-31T14:44:02","modified_gmt":"2022-01-31T06:44:02","slug":"ekurso13","status":"publish","type":"page","link":"https:\/\/reto.cn\/php\/hanyu\/kurso-de-esperanto\/ekurso13\/","title":{"rendered":"\u4e16\u754c\u8bed\u6559\u7a0b \u7b2c\u5341\u4e09\u8bfe"},"content":{"rendered":"\n<p style=\"font-weight: 400;\"><strong>La Dek-tria Leciono<\/strong><\/p>\n<p style=\"font-weight: 400;\"><strong>\u7b2c\u5341\u4e09\u8bfe<\/strong><\/p>\n<p><audio style=\"margin: auto; top: 0; right: 0; bottom: 0; left: 0;\" src=\"https:\/\/reto.cn\/hanyu\/ekurso\/ekurso13.mp3\" controls=\"controls\"><span data-mce-type=\"bookmark\" style=\"display: inline-block; width: 0px; overflow: hidden; line-height: 0;\" class=\"mce_SELRES_start\">\ufeff<\/span><\/audio><\/p>\n<p style=\"font-weight: 400;\">\u3010Tipaj frazoj\u3011<\/p>\n<table width=\"100%\">\n<tbody>\n<tr>\n<td width=\"4%\"><strong>1.<\/strong><\/td>\n<td width=\"6%\"><strong>Mi<br \/>\nLi<br \/>\nVi<br \/>\n\u015ci<br \/>\nPetro<\/strong><\/td>\n<td width=\"90%\"><strong>\u00a0naski\u011dis en la 18-a de oktobro, 1956 (mil na\u016dcent kvindek ses).<\/strong><\/td>\n<\/tr>\n<\/tbody>\n<\/table>\n<ol start=\"2\">\n<li style=\"font-weight: 400;\"><strong> Kioma tago estas hodia\u016d?\u00a0<\/strong><\/li>\n<\/ol>\n<table width=\"51%\">\n<tbody>\n<tr>\n<td width=\"50%\"><strong>\u00a0\u00a0 Hodia\u016d estas<\/strong><\/td>\n<td width=\"50%\"><strong>\u00a0la 12-a de oktobro.<\/strong><strong>\u00a0la 16-a de septembro.<\/strong><br \/>\n<strong>la 30-a de oktobro.<\/strong><\/td>\n<\/tr>\n<\/tbody>\n<\/table>\n<ol start=\"3\">\n<li style=\"font-weight: 400;\"><strong> Kiu tago estas hodia\u016d?<\/strong><\/li>\n<\/ol>\n<table width=\"30%\">\n<tbody>\n<tr>\n<td width=\"57%\"><strong>\u00a0\u00a0\u00a0 Hodia\u016d estas<\/strong><\/td>\n<td width=\"43%\"><strong>\u00a0lundo.<\/strong><strong>\u00a0sabato.<\/strong><br \/>\n<strong>\u00a0diman\u0109o.<\/strong><\/td>\n<\/tr>\n<\/tbody>\n<\/table>\n<p style=\"font-weight: 400;\"><strong>Teksto<\/strong><\/p>\n<p style=\"font-weight: 400;\"><strong>\u00a0<\/strong><strong>Pri Mi<\/strong><\/p>\n<p style=\"font-weight: 400;\">\u00a0\u00a0\u00a0Mia nomo estas Li Ming. Mi estas juna lernanto en mezlernejo. Nun mi prezentu min mem al vi, miaj karaj amikoj.<\/p>\n<p style=\"font-weight: 400;\">\u00a0\u00a0\u00a0 Mi naski\u011dis en la dek-kvina de oktobro, 1969 (mil na\u016dcent sesdek na\u016d). \u0108i tiu urbo estas mia hejmloko.<\/p>\n<p style=\"font-weight: 400;\">\u00a0\u00a0\u00a0 La unuan de septembro, 1975 (mil na\u016dcent sepdek kvin), kiam mi estis ses jarojn a\u011da, mi eklernis la iu elementa lernejo en nia urbo. Post ses jaroj, en septembro de 1981 (mil na\u016dcent okdek unu), mi komencis lerni en \u0109i tiu mezlernejo.<\/p>\n<p style=\"font-weight: 400;\">\u00a0\u00a0\u00a0 En la mezlernejo, mi lernas tre diligente. Multaj aferoj tre pla\u0109as al mi. Mi \u015datas lerni lingvojn, ekzemple, la \u0109inan lingvon, la anglan lingvon kaj Esperanton. Mi \u015datas lerni anka\u016d aliajn lernobjektojn, ekzemple, matematikon, fizikon, kemion kaj tiel plu.<\/p>\n<p style=\"font-weight: 400;\">\u00a0\u00a0\u00a0 Mia \u0109iutaga vivo estas ri\u0109a. \u0108iusemajne mi havas miajn lecionojn de lundo \u011dis sabato. Diman\u0109e mi restas hejme a\u016d iras al parkoj kun miaj kunlernantoj. Kelktempe mi vizitas kinejon. Filmoj tre pla\u0109as al mi.<\/p>\n<p style=\"font-weight: 400;\">\u00a0\u00a0\u00a0 Nun mi estas ankora\u016d juna, sed mi devas diligente lerni. En la estonteco mi bone servos al la \u0109ina popolo kaj mia patrolando.<\/p>\n<p style=\"font-weight: 400;\"><strong>Vortoj (\u751f\u8bcd)<\/strong><\/p>\n<table width=\"475\">\n<tbody>\n<tr>\n<td width=\"238\">pri\u00a0\u00a0\u00a0\u00a0\u00a0\u00a0\u00a0\u00a0\u00a0\u00a0\u00a0\u00a0\u00a0\u5173\u4e8e<\/td>\n<td width=\"237\">loko\u00a0\u00a0\u00a0\u00a0\u00a0\u00a0\u00a0\u00a0\u00a0\u00a0\u00a0\u00a0\u00a0\u00a0\u5730\u65b9\uff0c\u5730\u70b9<\/td>\n<\/tr>\n<tr>\n<td width=\"238\">prezenti\u00a0\u00a0\u00a0\u00a0\u00a0\u00a0\u4ecb\u7ecd<\/td>\n<td width=\"237\">hejmloko\u00a0\u00a0\u00a0\u00a0\u00a0\u00a0\u00a0\u5bb6\u4e61<\/td>\n<\/tr>\n<tr>\n<td width=\"238\">oktobro\u00a0\u00a0\u00a0\u00a0\u00a0\u00a0\u00a0\u5341\u6708<\/td>\n<td width=\"237\">septembro\u00a0\u00a0\u00a0\u00a0\u00a0\u00a0\u4e5d\u6708<\/td>\n<\/tr>\n<tr>\n<td width=\"238\">mil\u00a0\u00a0\u00a0\u00a0\u00a0\u00a0\u00a0\u00a0\u00a0\u00a0\u00a0\u00a0\u00a0\u00a0\u5343<\/td>\n<td width=\"237\">iu\u00a0\u00a0\u00a0\u00a0\u00a0\u00a0\u00a0\u00a0\u00a0\u00a0\u00a0\u00a0\u00a0\u00a0\u00a0\u00a0\u00a0\u00a0\u00a0\u67d0\uff0c\u67d0\u4e00\u4e2a<\/td>\n<\/tr>\n<tr>\n<td width=\"238\">cent\u00a0\u00a0\u00a0\u00a0\u00a0\u00a0\u00a0\u00a0\u00a0\u00a0\u00a0\u00a0\u00a0\u767e<\/td>\n<td width=\"237\">elementa\u00a0\u00a0\u00a0\u00a0\u00a0\u00a0\u00a0\u00a0\u00a0\u57fa\u7840\u7684<\/td>\n<\/tr>\n<tr>\n<td width=\"238\">komenci\u00a0\u00a0\u00a0\u00a0\u00a0\u00a0\u00a0\u5f00\u59cb<\/td>\n<td width=\"237\">ekzemple\u00a0\u00a0\u00a0\u00a0\u00a0\u00a0\u00a0\u00a0\u00a0\u4f8b\u5982<\/td>\n<\/tr>\n<tr>\n<td width=\"238\">objekto\u00a0\u00a0\u00a0\u00a0\u00a0\u00a0\u00a0\u00a0\u00a0\u4e8b\u7269<\/td>\n<td width=\"237\">lernobjekto\u00a0\u00a0\u00a0\u00a0\u00a0\u00a0\u00a0\u8bfe\u7a0b\uff0c\u5b66\u79d1<\/td>\n<\/tr>\n<tr>\n<td width=\"238\">matematiko\u00a0\u00a0\u00a0\u00a0\u6570\u5b66<\/td>\n<td width=\"237\">kemio\u00a0\u00a0\u00a0\u00a0\u00a0\u00a0\u00a0\u00a0\u00a0\u00a0\u00a0\u00a0\u00a0\u00a0\u00a0\u5316\u5b66<\/td>\n<\/tr>\n<tr>\n<td width=\"238\">fiziko\u00a0\u00a0\u00a0\u00a0\u00a0\u00a0\u00a0\u00a0\u00a0\u00a0\u00a0\u00a0\u00a0\u7269\u7406<\/td>\n<td width=\"237\">tiel\u00a0\u00a0\u00a0\u00a0\u00a0\u00a0\u00a0\u00a0\u00a0\u00a0\u00a0\uff08\u526f\uff09\u5982\u6b64\uff0c\u90a3\u6837<\/td>\n<\/tr>\n<tr>\n<td width=\"238\">kaj tiel plu\u00a0\u00a0\u00a0\u00a0\u00a0\u00a0\u00a0\u7b49\u7b49<\/td>\n<td width=\"237\">ri\u0109a\u00a0\u00a0\u00a0\u00a0\u00a0\u00a0\u00a0\u00a0\u00a0\u00a0\u00a0\u00a0\u4e30\u5bcc\u7684\uff0c\u5bcc\u6709\u7684<\/td>\n<\/tr>\n<tr>\n<td width=\"238\">plu\u00a0\u00a0\u00a0\u00a0\u00a0\u00a0\uff08\u526f\uff09\u518d\uff0c\u66f4\u8fdb\u4e00\u6b65<\/td>\n<td width=\"237\">lundo\u00a0\u00a0\u00a0\u00a0\u00a0\u00a0\u00a0\u00a0\u00a0\u00a0\u00a0\u00a0\u00a0\u661f\u671f\u4e00<\/td>\n<\/tr>\n<tr>\n<td width=\"238\">semajno\u00a0\u00a0\u00a0\u00a0\u00a0\u00a0\u00a0\u00a0\u00a0\u5468\uff0c\u661f\u671f<\/td>\n<td width=\"237\">diman\u0109o\u00a0\u00a0\u00a0\u00a0\u00a0\u00a0\u00a0\u00a0\u00a0\u661f\u671f\u65e5<\/td>\n<\/tr>\n<tr>\n<td width=\"238\">sabato\u00a0\u00a0\u00a0\u00a0\u00a0\u00a0\u00a0\u00a0\u00a0\u00a0\u00a0\u00a0\u661f\u671f\u516d<\/td>\n<td width=\"237\">estonteco\u00a0\u00a0\u00a0\u00a0\u00a0\u00a0\u00a0\u00a0\u5c06\u6765<\/td>\n<\/tr>\n<tr>\n<td width=\"238\">kelktempe\u00a0\u00a0\u00a0\u00a0\u00a0\u00a0\u00a0\u6709\u65f6<\/td>\n<td width=\"237\">popolo\u00a0\u00a0\u00a0\u00a0\u00a0\u00a0\u00a0\u00a0\u00a0\u00a0\u00a0\u00a0\u4eba\u4eec\uff0c\u4eba\u6c11<\/td>\n<\/tr>\n<tr>\n<td width=\"238\">servi\u00a0\u00a0\u00a0\u00a0\u00a0\u00a0\u00a0\u00a0\u00a0\u00a0\u00a0\u00a0\u00a0\u00a0\u00a0\u670d\u52a1<\/td>\n<td width=\"237\">patrolando\u00a0\u00a0\u00a0\u00a0\u00a0\u00a0\u00a0\u7956\u56fd<\/td>\n<\/tr>\n<tr>\n<td width=\"238\">lando\u00a0\u00a0\u00a0\u00a0\u00a0\u00a0\u00a0\u00a0\u00a0\u00a0\u00a0\u00a0\u00a0\u00a0\u56fd\u5bb6\uff0c\u571f\u5730<\/td>\n<td width=\"237\">\u011dis\u00a0\u00a0\u00a0\u00a0\u00a0\u00a0\u00a0\u00a0\u00a0\u00a0\u00a0\u00a0\u00a0\u00a0\u00a0\u00a0\u00a0\u00a0\u76f4\u5230\u2026\u2026<\/td>\n<\/tr>\n<tr>\n<td width=\"238\">libera\u00a0\u00a0\u00a0\u00a0\u00a0\u00a0\u00a0\u00a0\u00a0\u00a0\u6709\u7a7a\u7684\uff0c\u81ea\u7531\u7684<\/td>\n<td width=\"237\"><\/td>\n<\/tr>\n<\/tbody>\n<\/table>\n<p style=\"font-weight: 400;\">\u3010\u6982\u8bf4\u3011<\/p>\n<p style=\"font-weight: 400;\">\u00a0\u00a0\u00a0\u00a0\u5e74\u6708\u65e5\u7684\u8868\u793a\u6cd5\uff1a<\/p>\n<p style=\"font-weight: 400;\">\u00a0\u00a0\u00a0\u00a0\u5148\u8c08\u8c08\u4e00\u767e\u4ee5\u4e0a\u4e00\u4e07\u4ee5\u4e0b\u7684\u6570\u600e\u6837\u8868\u8fbe\u3002<\/p>\n<p style=\"font-weight: 400;\">\u00a0\u00a0\u00a0\u00a0\u4e00\u767e\u7528cent\uff0c\u767e\u4f4d\u6570\u4ee5\u4e0b\u7684\u7528\u6cd5\u524d\u9762\u5df2\u7ecf\u8bb2\u8fc7\u3002\u4e00\u5343\u4ee5\u4e0b\u7528\u51e0\u767e\u6765\u8868\u793a\uff1a200\uff0cducent\uff1b500\uff0ckvincent\u3002\u6ce8\u610f\uff0cducent\u4e0ekvincent\u8fd9\u79cd\u8868\u8fbe\u6cd5\u4e2d\uff0c\u57fa\u6570\u8bcd\u00a0kvin, du\u00a0\u7b49\u4e0e\u00a0cent\u8981\u8fde\u5199\uff0c\u767e\u4f4d\u4e0b\u9762\u7684\u5341\u4f4d\u8981\u4e0e\u5b83\u5206\u5199\uff1a<\/p>\n<p style=\"font-weight: 400;\">\u00a0\u00a0\u00a0 200\u00a0\u00a0\u00a0\u00a0\u00a0\u00a0\u00a0 ducent<\/p>\n<p style=\"font-weight: 400;\">\u00a0\u00a0\u00a0 350\u00a0\u00a0\u00a0\u00a0\u00a0\u00a0\u00a0 tricent kvindek<\/p>\n<p style=\"font-weight: 400;\">\u00a0\u00a0\u00a0 356\u00a0\u00a0\u00a0\u00a0\u00a0\u00a0\u00a0 tricent kvindek ses<\/p>\n<p style=\"font-weight: 400;\">\u00a0\u00a0\u00a0\u00a0\u5343\u4f4d\u4e0e\u767e\u4f4d\u8981\u5206\u5f00\uff0c\u51e0\u5343\u5c31\u7528\u57fa\u6570\u8bcd\u52a0mil\u8fde\u7528\uff0c\u4f46\u8fd9\u4e2a\u57fa\u6570\u8bcd\u8981\u4e0emil\u5206\u5199\uff1a<\/p>\n<p style=\"font-weight: 400;\">\u00a0\u00a0\u00a0 1200\u00a0\u00a0\u00a0\u00a0\u00a0\u00a0\u00a0 mil ducent<\/p>\n<p style=\"font-weight: 400;\">\u00a0\u00a0\u00a0 1205\u00a0\u00a0\u00a0\u00a0\u00a0\u00a0\u00a0 mil ducent kvin<\/p>\n<p style=\"font-weight: 400;\">\u00a0\u00a0\u00a0 1225\u00a0\u00a0\u00a0\u00a0\u00a0\u00a0\u00a0 mil ducent dudek kvin<\/p>\n<p style=\"font-weight: 400;\">\u00a0\u00a0\u00a0 3225\u00a0\u00a0\u00a0\u00a0\u00a0\u00a0\u00a0 tri mil ducent dudek kvin<\/p>\n<p style=\"font-weight: 400;\">\u00a0\u00a0\u00a0\u00a0\u4e00\u4e07\u4e3a\uff1adek mil<\/p>\n<p style=\"font-weight: 400;\">\u00a0\u00a0\u00a0\u00a0\u4e16\u754c\u8bed\u4e2d\u6ca1\u6709\u201c\u4e00\u4e07\u201d\u8fd9\u4e2a\u5355\u8bcd\uff0c\u8981\u8868\u793a\u201c\u4e00\u4e07\u201d\u5c31\u7528\u201c\u5341\u5343\u201d\uff0c\u5373\u00a0dek mil\u3002<\/p>\n<p style=\"font-weight: 400;\">\u00a0\u00a0\u00a0\u00a0\u4e0b\u9762\u8c08\u8c08\u5e74\u6708\u65e5\u7684\u8868\u8fbe\u3002<\/p>\n<p style=\"font-weight: 400;\">\u00a0\u00a0\u00a0\u00a0\u4e00\u4e5d\u516b\u4e8c\u5e74\u5b9e\u9645\u4e0a\u662f\u516c\u5143\u7b2c\u4e00\u5343\u4e5d\u767e\u516b\u5341\u4e8c\u5e74\uff0c\u56e0\u6b64\uff0c\u7167\u4e0a\u9762\u63d0\u5230\u7684\u65b9\u6cd5\uff0c\u5199\u4e3a\uff1a<\/p>\n<p style=\"font-weight: 400;\">\u00a0\u00a0\u00a0 mil na\u016dcent okdek du<\/p>\n<p style=\"font-weight: 400;\">\u00a0\u00a0\u00a0\u00a0\u4e8c\u96f6\u96f6\u56db\u5e74\u53ef\u4ee5\u5199\u4e3a\uff1adu mil (kaj) kvar<\/p>\n<p style=\"font-weight: 400;\">\u00a0\u00a0\u00a0\u00a0\u8fd9\u662f\u7528\u7684\u57fa\u6570\u8bcd\uff0c\u53e6\u5916\uff0c\u4e5f\u53ef\u4ee5\u7528\u5e8f\u6570\u8bcd\uff1a<\/p>\n<p style=\"font-weight: 400;\">\u00a0\u00a0\u00a0 mil na\u016dcent okdek-dua (jaro),\u00a0 du mil (kaj) kvara (jaro)<\/p>\n<p style=\"font-weight: 400;\">\u00a0\u00a0\u00a0\u00a0\u4e24\u79cd\u65b9\u6cd5\u90fd\u53ef\u4ee5\u7528\uff0c\u4f46\u524d\u4e00\u79cd\u7565\u5fae\u7b80\u6d01\u4e00\u4e9b\uff0c\u73b0\u5728\u591a\u7528\u57fa\u6570\u8bcd\u5f62\u5f0f\u3002<\/p>\n<p style=\"font-weight: 400;\">\u00a0\u00a0\u00a0\u00a0\u6708\u4efd\u7528\u6bcf\u4e2a\u6708\u7684\u7279\u6709\u540d\u79f0\uff0c\u5982\u00a0oktobro\uff08\u5341\u6708\uff09\uff0ca\u016dgusto\uff08\u516b\u6708\uff09\u3002<\/p>\n<p style=\"font-weight: 400;\">\u00a0\u00a0\u00a0\u00a0\u54ea\u4e00\u5929\u5219\u7528\u51a0\u8bcd\u52a0\u5e8f\u6570\u8bcd\uff0c\u5982\u00a0la unua\u00a0\uff08\u4e00\u53f7\uff09\uff0cla dekdua\uff08\u5341\u4e8c\u53f7\uff09\u7b49\u3002<\/p>\n<p style=\"font-weight: 400;\">\u00a0\u00a0\u00a0\u00a0\u5e74\u6708\u65e5\u5728\u53e5\u5b50\u4e2d\u8868\u8fbe\u65b9\u6cd5\u5982\u4e0b\uff1a<\/p>\n<ol>\n<li style=\"font-weight: 400;\">\u5355\u72ec\u8868\u793a\u5e74\uff0c\u7528\u4ecb\u8bcden\uff1a<\/li>\n<\/ol>\n<p style=\"font-weight: 400;\">\u00a0\u00a0\u00a0 Mi naski\u011dis en mil na\u016dcent kvindek du\uff08\u6211\u751f\u4e8e\u4e00\u4e5d\u4e94\u4e8c\u5e74\uff09\u3002<\/p>\n<ol start=\"2\">\n<li style=\"font-weight: 400;\">\u67d0\u5e74\u67d0\u6708\uff1a\u7528en\u00a0\u8868\u793a\u6708\u4efd\uff0c\u6708\u4efd\u540e\u7528\u00a0de\u00a0\u4e0e\u5e74\u8fde\u63a5\uff1a<\/li>\n<\/ol>\n<p style=\"font-weight: 400;\">\u00a0\u00a0\u00a0 Mi naski\u011dis en a\u016dgusto de mil na\u016dcent kvindek du.<\/p>\n<p style=\"font-weight: 400;\">\u00a0\u00a0\u00a0\u00a0\uff08\u6ce8\uff1a\u6708\u4efd\u53ef\u5927\u5199\uff0c\u4e5f\u53ef\u5c0f\u5199\u3002\uff09<\/p>\n<ol start=\"3\">\n<li style=\"font-weight: 400;\">\u67d0\u5e74\u67d0\u6708\u67d0\u65e5\uff1a\u7528\u4ecb\u8bcd\u00a0en\u00a0\u4e0e\u67d0\u65e5\u8fde\u7528\uff0c\u4e4b\u540e\u7528\u00a0de\u00a0\u8fde\u63a5\u6708\u4efd\uff0c\u6708\u4efd\u540e\u7528\u9017\u53f7\uff0c\u7136\u540e\u76f4\u63a5\u7528\u5e74\u4efd\uff1a<\/li>\n<\/ol>\n<p style=\"font-weight: 400;\">\u00a0\u00a0\u00a0 Mi naski\u011dis en la dek-oka de a\u016dgusto, mil na\u016dcent kvindek ses.\uff08\u6211\u751f\u4e8e1956\u5e748\u670818\u65e5\u3002\uff09<\/p>\n<ol start=\"4\">\n<li style=\"font-weight: 400;\">\u8868\u793a\u67d0\u5e74\u67d0\u6708\u67d0\u65e5\u65f6\uff0c\u53ef\u4ee5\u7528\u5bbe\u683c\u4ee3\u66ff\u4ecb\u8bcd\u00a0en\uff1a<\/li>\n<\/ol>\n<p style=\"font-weight: 400;\">\u00a0\u00a0\u00a0 Mi naski\u011dis la dek-okan de a\u016dgusto, 1956.<\/p>\n<p style=\"font-weight: 400;\">\u00a0\u00a0\u00a0\u00a0\uff08\u6ce8\u610f\uff1a\u8868\u793a\u5e74\u4efd\u53ef\u4ee5\u7528\u963f\u62c9\u4f2f\u6570\u5b57\uff0c\u4f46\u8bfb\u97f3\u4ecd\u4e3a\u4e16\u754c\u8bed\u7684\u8bfb\u6cd5\u3002\u65e5\u671f\u4e5f\u53ef\u7528\u963f\u62c9\u4f2f\u6570\u5b57\uff1ala18-an de a\u016dgusto, en la 18-a de a\u016dgusto\uff09<\/p>\n<p style=\"font-weight: 400;\">\u3010\u53e5\u578b\u4e0e\u8bfe\u6587\u6ce8\u91ca\u3011<\/p>\n<ol>\n<li style=\"font-weight: 400;\">Kioma tago estas hodia\u016d?\u4eca\u5929\u51e0\u53f7\uff1f<\/li>\n<\/ol>\n<p style=\"font-weight: 400;\">\u00a0\u00a0\u00a0 kiom\u662f\u526f\u8bcd\uff0c\u8868\u793a\u6570\u91cf\u3002kioma\u8868\u793a\u5e8f\u6570\uff0c\u7b2c\u51e0\u3002\u8fd9\u662f\u8be2\u95ee\u65e5\u671f\u7684\u5957\u8bed\uff0c\u5c5e\u4e8e\u65e0\u4e3b\u53e5\u3002hodia\u016d\u662f\u72b6\u8bed\uff0ckioma tago\u662f\u8868\u8bed\u3002<\/p>\n<ol start=\"2\">\n<li style=\"font-weight: 400;\">Kiu tago estas hodia\u016d?\u4eca\u5929\u793c\u62dc\u51e0\uff1f<\/li>\n<\/ol>\n<p style=\"font-weight: 400;\">\u00a0\u00a0\u00a0\u00a0\u8fd9\u662f\u8be2\u95ee\u4e00\u661f\u671f\u4e2d\u67d0\u4e00\u5929\u7684\u5957\u8bed\u3002\u6ce8\u610f\u8fd9\u4e00\u53e5\u4e0e\u4e0a\u9762\u6ce8\u91ca\u4e2d\u7684\u00a0kioma\u00a0\u4e0d\u80fd\u4e92\u6362\u4f7f\u7528\u3002<\/p>\n<ol start=\"3\">\n<li style=\"font-weight: 400;\">Pri Mi:\u5173\u4e8e\u6211\u3002Li Ming:\u674e\u660e\u3002<\/li>\n<li style=\"font-weight: 400;\">mezlernejo\uff1a\u4e2d\u5b66\u3002\u7531meza\u548c\u00a0lernejo\u00a0\u590d\u5408\u800c\u6210\u3002<\/li>\n<li style=\"font-weight: 400;\">Nun mi prezentu min mem al vi, miaj karaj amikoj\uff1a\u6211\u4eb2\u7231\u7684\u670b\u53cb\u4eec\uff0c\u73b0\u5728\u6211\u5411\u4f60\u4eec\u4ecb\u7ecd\u6211\u81ea\u5df1\u3002<\/li>\n<li style=\"font-weight: 400;\">la unuan de septembro&#8230; ses jarojn a\u011da\uff1a1975\u5e749\u67081\u65e5\uff0c\u5f53\u62116\u5c81\u65f6\u2026\u2026<\/li>\n<li style=\"font-weight: 400;\">eklerni\uff1a\u5f00\u59cb\u4e0a\u5b66\u3002\u63a5\u5934\u8bcdek-\u8868\u793a\u52a8\u4f5c\u7684\u5f00\u59cb\u3002<\/li>\n<li style=\"font-weight: 400;\">elementa lernejo\uff1a\u5c0f\u5b66\u3002<\/li>\n<li style=\"font-weight: 400;\">Mi \u015datas lerni lingvojn&#8230; Esperanton\uff1a\u6211\u559c\u6b22\u5b66\u4e60\u8bed\u8a00\uff0c\u4f8b\u5982\u4e2d\u6587\u3001\u82f1\u8bed\u548c\u4e16\u754c\u8bed\u3002<\/li>\n<li style=\"font-weight: 400;\">kaj tiel plu\uff1a\u7b49\u7b49\u3002\u53ef\u4ee5\u7f29\u5199\u4e3ak. t. p.<\/li>\n<li style=\"font-weight: 400;\">\u0109iusemajne\uff1a\u6bcf\u4e2a\u661f\u671f\u3002<\/li>\n<li style=\"font-weight: 400;\">de lundo \u011dis sabato\uff1a\u4ece\u661f\u671f\u4e00\u5230\u661f\u671f\u516d\u3002<\/li>\n<li style=\"font-weight: 400;\">havas lecionojn\uff1a\u4e0a\u8bfe\u3002<\/li>\n<li style=\"font-weight: 400;\">kunlernantoj:\u540c\u5b66\u3002\u7531kun\u00a0\u52a0\u00a0lernantoj\u00a0\u590d\u5408\u800c\u6210\u3002<\/li>\n<li style=\"font-weight: 400;\">\u6ce8\u610fiu\u00a0\u5730\u7528\u6cd5\u3002\u5b83\u8868\u793a\u201c\u67d0\u2026\u2026\u201d\u3001\u201c\u67d0\u4e00\u201d\u3002\u7279\u522b\u662f\u7b2c\u4e09\u81ea\u7136\u6bb5\u4e2d\u7684\u00a0en iu elementa lernejo\u00a0\u7684\u7528\u6cd5\u8981\u7279\u522b\u52a0\u4ee5\u6ce8\u610f\u3002\u8fd9\u91cc\u00a0iu\u00a0\u6307\u4e00\u6240\u5c0f\u5b66\uff0c\u4f46\u5e76\u6ca1\u6709\u8bf4\u660e\u7a76\u7adf\u662f\u54ea\u4e00\u6240\u5c0f\u5b66\uff0ciu\u00a0\u662f\u4e0d\u5b9a\u4ee3\u8bcd\u5f53\u5f62\u5bb9\u8bcd\u7528\u3002\u6b64\u5904\u4e0d\u80fd\u7528unu\u6765\u66ff\u6362\u3002<\/li>\n<li style=\"font-weight: 400;\">vizitas kinejon\uff1a\u53bb\u7535\u5f71\u9662\u3002viziti\u5728\u6b64\u4e0d\u662f\u201c\u8bbf\u95ee\u201d\u4e4b\u610f\u3002<\/li>\n<li style=\"font-weight: 400;\">en la estonteco\uff1a\u5728\u5c06\u6765\u3002<\/li>\n<li style=\"font-weight: 400;\">servi al\uff1aservi\u540e\u4e00\u822c\u591a\u7528al\u6765\u8868\u793a\u4e3a\u8c01\u670d\u52a1\u3002<\/li>\n<\/ol>\n<p style=\"font-weight: 400;\">\u00a0\u00a0\u00a0Gramatiko<strong>\u00a0\uff08\u8bed\u6cd5\uff09<br \/>\n<\/strong><\/p>\n<p style=\"font-weight: 400;\"><strong>\u6570\u8bcd\u5c0f\u7ed3<\/strong><\/p>\n<p style=\"font-weight: 400;\">\u00a0\u00a0\u00a0\u6570\u8bcd\u7684\u5404\u79cd\u7528\u6cd5\uff0c\u6211\u4eec\u5df2\u5927\u4f53\u8bb2\u5b8c\u3002\u73b0\u5728\u5c06\u6570\u8bcd\u7684\u7528\u6cd5\u5c0f\u7ed3\u4e00\u4e0b\u3002<\/p>\n<p style=\"font-weight: 400;\">\u00a0\u00a0\u00a0\u00a0\u4e00\u3001\u6570\u8bcd\u7684\u79cd\u7c7b\uff1a<\/p>\n<p style=\"font-weight: 400;\">\u00a0\u00a0\u00a0\u00a0\u6570\u8bcd\u6709\u4e24\u79cd\uff0c\u5373\u57fa\u6570\u8bcd\u548c\u5e8f\u6570\u8bcd\u3002<\/p>\n<p style=\"font-weight: 400;\">\u00a0\u00a0\u00a0\u00a0\u57fa\u6570\u8bcd\u4e0d\u80fd\u6709\u590d\u6570\u8bcd\u5c3e\uff0c\u4e5f\u4e0d\u80fd\u7528\u5bbe\u683c\uff1b\u5e8f\u6570\u8bcd\u53ef\u4ee5\u6709\u590d\u6570\u8bcd\u5c3e\uff0c\u4e5f\u53ef\u4ee5\u6709\u5bbe\u683c\u3002<\/p>\n<p style=\"font-weight: 400;\">\u00a0\u00a0\u00a0\u00a0\u4e8c\u3001\u57fa\u6570\u8bcd\u7684\u6784\u6210\uff1a<\/p>\n<p style=\"font-weight: 400;\">\u00a0\u00a0\u00a0\u00a0\u8bf7\u770b\u4e0b\u5217\u6570\u8bcd\u8868\uff1a<\/p>\n<p style=\"font-weight: 400;\">\u00a0\u00a0\u00a0\u00a0\u00a0\u00a0\u00a0\u00a0\u00a0\u00a0\u00a0\u00a0\u00a0\u00a0\u00a00\u00a0\u00a0 nulo<\/p>\n<p style=\"font-weight: 400;\">\u00a0\u00a0\u00a0\u00a0\u00a0\u00a0\u00a0\u00a0\u00a0\u00a0\u00a0\u00a0\u00a0 10\u00a0 dek\u00a0\u00a0\u00a0\u00a0\u00a0\u00a0\u00a0\u00a0\u00a0\u00a0\u00a0\u00a0\u00a0\u00a0\u00a0\u00a0\u00a0\u00a0\u00a0\u00a0\u00a0\u00a0\u00a0\u00a0\u00a0\u00a0\u00a0\u00a0\u00a0\u00a0\u00a0\u00a0\u00a0\u00a0\u00a0\u00a0\u00a0\u00a0 11\u00a0 dek unu<\/p>\n<p style=\"font-weight: 400;\">\u00a0\u00a0\u00a0\u00a0\u00a0\u00a0\u00a0\u00a0\u00a0\u00a0\u00a0 100\u00a0 cent\u00a0\u00a0\u00a0\u00a0\u00a0\u00a0\u00a0\u00a0\u00a0\u00a0\u00a0\u00a0\u00a0\u00a0\u00a0\u00a0\u00a0\u00a0\u00a0\u00a0\u00a0\u00a0\u00a0\u00a0\u00a0\u00a0\u00a0\u00a0\u00a0\u00a0\u00a0\u00a0\u00a0\u00a0\u00a0\u00a0\u00a0 220\u00a0 ducent dudek<\/p>\n<p style=\"font-weight: 400;\">\u00a0\u00a0\u00a0\u00a0\u00a0\u00a0\u00a0\u00a0\u00a0 1,000\u00a0 mil\u00a0\u00a0\u00a0\u00a0\u00a0\u00a0\u00a0\u00a0\u00a0\u00a0\u00a0\u00a0\u00a0\u00a0\u00a0\u00a0\u00a0\u00a0\u00a0\u00a0\u00a0\u00a0\u00a0\u00a0\u00a0\u00a0\u00a0\u00a0\u00a0\u00a0\u00a0\u00a0\u00a0\u00a0\u00a0 1,222\u00a0 mil ducent dudek<\/p>\n<p style=\"font-weight: 400;\">\u00a0\u00a0\u00a0\u00a0\u00a0\u00a0\u00a0 10,000\u00a0 dek mil\u00a0\u00a0\u00a0\u00a0\u00a0\u00a0\u00a0\u00a0\u00a0\u00a0\u00a0\u00a0\u00a0\u00a0\u00a0\u00a0\u00a0\u00a0\u00a0\u00a0\u00a0\u00a0\u00a0\u00a0\u00a0\u00a0\u00a0 10,222\u00a0 dek mil ducent dudek du<\/p>\n<p style=\"font-weight: 400;\">\u00a0\u00a0\u00a0\u00a0\u00a0 100,000\u00a0 cent mil\u00a0\u00a0\u00a0\u00a0\u00a0\u00a0\u00a0\u00a0\u00a0\u00a0\u00a0\u00a0\u00a0\u00a0\u00a0\u00a0\u00a0\u00a0\u00a0\u00a0\u00a0\u00a0\u00a0\u00a0\u00a0 120,222\u00a0 cent dudek mil ducent dudek du<\/p>\n<p style=\"font-weight: 400;\">\u00a0\u00a0\u00a0 1,000,000\u00a0 miliono<\/p>\n<p style=\"font-weight: 400;\">\u00a0\u00a0\u00a0\u00a0\u4e09\u3001\u5e8f\u6570\u8bcd\u7684\u6784\u6210\uff1a<\/p>\n<p style=\"font-weight: 400;\">\u00a0\u00a0\u00a0\u00a0\u5e8f\u6570\u8bcd\u53ea\u8981\u5728\u57fa\u6570\u8bcd\u6700\u540e\u4e00\u4f4d\u52a0\u00a0a\u00a0\u5373\u6210\u3002\u4f46\u8981\u6ce8\u610f\uff1a\u5f53\u00a0dudek du\u00a0\u8fd9\u79cd\u5206\u5199\u7684\u6700\u540e\u4e00\u4f4d\u6570\u53d8\u4e3a\u00a0-a\u00a0\u7684\u5f62\u5f0f\u540e\uff0c\u591a\u7528\u8fde\u5b57\u7b26\u4e0e\u524d\u9762\u7684\u8fde\u63a5\uff1adudek-dua\u3002<\/p>\n<p style=\"font-weight: 400;\">\u00a0\u00a0\u00a0\u00a0\u56db\u3001\u57fa\u6570\u8bcd\u7684\u7528\u6cd5\uff1a<\/p>\n<ol>\n<li style=\"font-weight: 400;\">\u4f5c\u5b9a\u8bed\uff1aPetro havas\u00a0<u>du<\/u>\u00a0librojn.<\/li>\n<li style=\"font-weight: 400;\">\u4f5c\u4e3b\u8bed\u548c\u8868\u8bed\uff1a<u>Du kaj tri<\/u>\u00a0estas\u00a0<u>kvin<\/u>.<\/li>\n<li style=\"font-weight: 400;\">\u4f5c\u5bbe\u8bed\uff1aKiom da libroj vi havas?\u00a0 Mi havas\u00a0<u>tri<\/u>.<\/li>\n<\/ol>\n<p style=\"font-weight: 400;\">\u00a0\u00a0\u00a0\u00a0\u8fd9\u4e5f\u53ef\u4ee5\u770b\u6210\u662f\u5b9a\u8bed\uff0c\u540e\u8fb9\u7701\u7565\u4e86\u00a0librojn\u3002<\/p>\n<p style=\"font-weight: 400;\">\u00a0\u00a0\u00a0\u00a0\u4e94\u3001\u5e8f\u6570\u8bcd\u7684\u7528\u6cd5\uff1a<\/p>\n<p style=\"font-weight: 400;\">\u00a0\u00a0\u00a0\u00a0\u5e8f\u6570\u8bcd\u9664\u4e86\u53ef\u4f5c\u5b9a\u8bed\u5916\uff0c\u4e3b\u8981\u7528\u6765\u8868\u793a\u65e5\u671f\u3001\u949f\u70b9\u3001\u6b21\u5e8f\u7b49\u3002\u5e8f\u6570\u8bcd\u603b\u662f\u4e0e\u5b9a\u51a0\u8bcd\u8fde\u7528\u3002\u4f8b\uff1a<\/p>\n<p style=\"font-weight: 400;\">\u00a0\u00a0\u00a0 Lia luzo alvenis je la oka horo vespere.<\/p>\n<p style=\"font-weight: 400;\">\u00a0\u00a0\u00a0\u00a0\u4ed6\u8868\u5144\u662f\u665a\u4e0a\u516b\u70b9\u949f\u5230\u7684\u3002<\/p>\n<p style=\"font-weight: 400;\"><a href=\"https:\/\/reto.cn\/php\/hanyu\/kurso-de-esperanto\/\">\u8fd4\u56de\u76ee\u5f55<\/a><\/p>\n","protected":false},"excerpt":{"rendered":"<p>La Dek-tria Leciono \u7b2c\u5341\u4e09\u8bfe \ufeff \u3010Tipaj frazoj\u3011 1. Mi Li Vi \u015c\u2026 <span class=\"read-more\"><a href=\"https:\/\/reto.cn\/php\/hanyu\/kurso-de-esperanto\/ekurso13\/\">\u7ee7\u7eed\u9605\u8bfb Legi pli &raquo;<\/a><\/span><\/p>\n","protected":false},"author":1,"featured_media":0,"parent":8240,"menu_order":0,"comment_status":"closed","ping_status":"closed","template":"","meta":{"footnotes":""},"_links":{"self":[{"href":"https:\/\/reto.cn\/php\/hanyu\/wp-json\/wp\/v2\/pages\/8320"}],"collection":[{"href":"https:\/\/reto.cn\/php\/hanyu\/wp-json\/wp\/v2\/pages"}],"about":[{"href":"https:\/\/reto.cn\/php\/hanyu\/wp-json\/wp\/v2\/types\/page"}],"author":[{"embeddable":true,"href":"https:\/\/reto.cn\/php\/hanyu\/wp-json\/wp\/v2\/users\/1"}],"replies":[{"embeddable":true,"href":"https:\/\/reto.cn\/php\/hanyu\/wp-json\/wp\/v2\/comments?post=8320"}],"version-history":[{"count":0,"href":"https:\/\/reto.cn\/php\/hanyu\/wp-json\/wp\/v2\/pages\/8320\/revisions"}],"up":[{"embeddable":true,"href":"https:\/\/reto.cn\/php\/hanyu\/wp-json\/wp\/v2\/pages\/8240"}],"wp:attachment":[{"href":"https:\/\/reto.cn\/php\/hanyu\/wp-json\/wp\/v2\/media?parent=8320"}],"curies":[{"name":"wp","href":"https:\/\/api.w.org\/{rel}","templated":true}]}}