{"id":8324,"date":"2021-10-07T14:12:30","date_gmt":"2021-10-07T06:12:30","guid":{"rendered":"http:\/\/reto.cn\/php\/hanyu\/?page_id=8324"},"modified":"2022-01-31T14:47:51","modified_gmt":"2022-01-31T06:47:51","slug":"ekurso14","status":"publish","type":"page","link":"https:\/\/reto.cn\/php\/hanyu\/kurso-de-esperanto\/ekurso14\/","title":{"rendered":"\u4e16\u754c\u8bed\u6559\u7a0b \u7b2c\u5341\u56db\u8bfe"},"content":{"rendered":"\n<p style=\"font-weight: 400;\"><strong>La Dek-kvara Leciono<\/strong><\/p>\n<p style=\"font-weight: 400;\"><strong>\u7b2c\u5341\u56db\u8bfe<\/strong><\/p>\n<p><audio style=\"margin: auto; top: 0; right: 0; bottom: 0; left: 0;\" src=\"https:\/\/reto.cn\/hanyu\/ekurso\/ekurso14.mp3\" controls=\"controls\"><span data-mce-type=\"bookmark\" style=\"display: inline-block; width: 0px; overflow: hidden; line-height: 0;\" class=\"mce_SELRES_start\">\ufeff<\/span><\/audio><\/p>\n<p style=\"font-weight: 400;\">\u3010Tipaj frazoj\u3011<\/p>\n<table width=\"41%\">\n<tbody>\n<tr>\n<td width=\"3%\">1.<\/td>\n<td width=\"10%\">La<\/td>\n<td width=\"17%\">domo<br \/>\nfloro<br \/>\narbo<br \/>\nlibro<\/td>\n<td width=\"19%\">estas pli<\/td>\n<td width=\"12%\">granda<br \/>\nblanka<br \/>\nalta<br \/>\ninteresa<\/td>\n<td width=\"15%\">ol la<\/td>\n<td width=\"40%\">\u0109ambro.<br \/>\npapero.<br \/>\nviro.<br \/>\ngazeto.<\/td>\n<\/tr>\n<\/tbody>\n<\/table>\n<table width=\"52%\">\n<tbody>\n<tr>\n<td width=\"3%\">2.<\/td>\n<td width=\"30%\">Petro povas<\/td>\n<td width=\"15%\">kuri<br \/>\nlerni<br \/>\nparoli<\/td>\n<td width=\"9%\">pli<\/td>\n<td width=\"13%\">rapide<br \/>\nbone<br \/>\nflue<\/td>\n<td width=\"10%\">ol<\/td>\n<td width=\"38%\">Helena.<br \/>\nLi Ming.<br \/>\nmi.<\/td>\n<\/tr>\n<\/tbody>\n<\/table>\n<table width=\"40%\">\n<tbody>\n<tr>\n<td width=\"4%\">3.<\/td>\n<td width=\"44%\">Petro donis al sia<\/td>\n<td width=\"17%\">edzino<br \/>\nfrato<br \/>\npatro<\/td>\n<td width=\"13%\">la<\/td>\n<td width=\"49%\">libron.<br \/>\ngazeton.<br \/>\n\u0135urnalon.<\/td>\n<\/tr>\n<\/tbody>\n<\/table>\n<p style=\"font-weight: 400;\"><strong>Teksto<\/strong><\/p>\n<p style=\"font-weight: 400;\"><strong>\u00a0Ora Ringo<\/strong><\/p>\n<p style=\"font-weight: 400;\">\u00a0\u00a0\u00a0Iunokte iu viro iris hejmen kaj diris al sia edzino, &#8220;Mi a\u0109etis ion por vi. \u0108u vi \u011dojas?&#8221;<\/p>\n<p style=\"font-weight: 400;\">\u00a0\u00a0\u00a0 &#8220;Dankon!&#8221; diris lia edzino. &#8220;Kion vi a\u0109etis?&#8221;<\/p>\n<p style=\"font-weight: 400;\">\u00a0\u00a0\u00a0 &#8220;Mi a\u0109etis oran ringon por vi. \u011ci estas pli bela ol \u0109iuj aliaj ringoj.&#8221;<\/p>\n<p style=\"font-weight: 400;\">\u00a0\u00a0\u00a0 Kiam li donis la ringon al sia edzino, la ringo falis de la mano sur la plankon.<\/p>\n<p style=\"font-weight: 400;\">\u00a0\u00a0\u00a0 &#8220;Dio mia!&#8221; li diris. &#8220;Mi \u011din perdis!&#8221;<\/p>\n<p style=\"font-weight: 400;\">\u00a0\u00a0\u00a0 Li komencis ser\u0109i la ringon sur la planko, sed la lumo de la lampo en la domo ne estis sufi\u0109e forta. &#8220;Eble la lumo estas pli forta ekster la domo ol en la domo, kaj mi povas vidi pli klare kaj trovi la ringon pli facile ekstere ol interne,&#8221; li diris al sia edzino kaj komencis ser\u0109i la ringon ekster la domo sur la strato. \u011custe tiam alvenis lia amiko.<\/p>\n<p style=\"font-weight: 400;\">\u00a0\u00a0\u00a0 &#8220;Kio okazis?&#8221; demandis la amiko.<\/p>\n<p style=\"font-weight: 400;\">\u00a0\u00a0\u00a0 &#8220;Mi perdis ringon,&#8221; diris la viro.<\/p>\n<p style=\"font-weight: 400;\">\u00a0\u00a0\u00a0 &#8220;Kie vi \u011din perdis?&#8221;<\/p>\n<p style=\"font-weight: 400;\">\u00a0\u00a0\u00a0 &#8220;Mi \u011din perdis en mia domo.&#8221;<\/p>\n<p style=\"font-weight: 400;\">\u00a0\u00a0\u00a0 &#8220;Vi perdis vian ringon en via domo, sed vi ser\u0109as \u011din ekster via domo! Vi estas tre malsa\u011da!&#8221;<\/p>\n<p style=\"font-weight: 400;\">\u00a0\u00a0\u00a0 &#8220;A\u0125,&#8221; diris la viro, &#8220;sed estas pli malmulte da lumo en mia domo. Mi ne povas \u011din trovi. Tamen \u0109i tie sur la strato, la lampo estas multe pli pluma ol la lampo en la domo. Ekstere mi povas vidi pli klare kaj trovi \u011din pli facile ol mi povas interne.&#8221;<\/p>\n<p style=\"font-weight: 400;\"><strong>Vortoj (\u751f\u8bcd)<\/strong><\/p>\n<table width=\"475\">\n<tbody>\n<tr>\n<td width=\"238\">nokto\u00a0\u00a0\u00a0\u00a0\u00a0\u00a0\u00a0\u00a0\u00a0\u00a0\u665a\u4e0a\uff0c\u6df1\u591c<\/td>\n<td width=\"237\">rapida\u00a0\u00a0\u00a0\u00a0\u00a0\u00a0\u00a0\u00a0\u00a0\u00a0\u00a0\u00a0\u5feb<\/td>\n<\/tr>\n<tr>\n<td width=\"238\">si\u00a0\uff08\u4ee3\uff09\u7b2c\u4e09\u4eba\u79f0\u53cd\u8eab\u4ee3<br \/>\n\u8bcd\uff1a\u81ea\u5df1<\/td>\n<td width=\"237\">danki\u00a0\u00a0\u00a0\u00a0\u00a0\u00a0\u00a0\u00a0\u00a0\u00a0\u00a0\u00a0\u00a0\u611f\u8c22<\/td>\n<\/tr>\n<tr>\n<td width=\"238\">ringo\u00a0\u00a0\u00a0\u00a0\u00a0\u00a0\u00a0\u00a0\u00a0\u00a0\u00a0\u6212\u6307<\/td>\n<td width=\"237\">doni\u00a0\u00a0\u00a0\u00a0\u00a0\u00a0\u00a0\u00a0\u00a0\u00a0\u00a0\u00a0\u00a0\u00a0\u00a0\u7ed9<\/td>\n<\/tr>\n<tr>\n<td width=\"238\">ol\u00a0\u00a0\uff08\u8fde\uff09\u00a0\u00a0\u00a0\u6bd4<\/td>\n<td width=\"237\">mano\u00a0\u00a0\u00a0\u00a0\u00a0\u00a0\u00a0\u00a0\u00a0\u00a0\u00a0\u00a0\u00a0\u624b<\/td>\n<\/tr>\n<tr>\n<td width=\"238\">fali\u00a0\u00a0\u00a0\u00a0\u00a0\u00a0\u00a0\u00a0\u00a0\u00a0\u00a0\u00a0\u00a0\u00a0\u843d\u4e0b\uff0c\u6389\u4e0b<\/td>\n<td width=\"237\">dio\u00a0\u00a0\u00a0\u00a0\u00a0\u00a0\u00a0\u00a0\u00a0\u00a0\u00a0\u00a0\u00a0\u00a0\u00a0\u00a0\u00a0\u4e0a\u5e1d\uff0c\u5929\u795e<\/td>\n<\/tr>\n<tr>\n<td width=\"238\">planko\u00a0\u00a0\u00a0\u00a0\u00a0\u00a0\u00a0\u00a0\u00a0\u5730\u677f<\/td>\n<td width=\"237\">ser\u0109i\u00a0\u00a0\u00a0\u00a0\u00a0\u00a0\u00a0\u00a0\u00a0\u00a0\u00a0\u00a0\u00a0\u00a0\u00a0\u627e\u5bfb<\/td>\n<\/tr>\n<tr>\n<td width=\"238\">perdi\u00a0\u00a0\u00a0\u00a0\u00a0\u00a0\u00a0\u00a0\u00a0\u00a0\u00a0\u00a0\u4e22\u5931<\/td>\n<td width=\"237\">lampo\u00a0\u00a0\u00a0\u00a0\u00a0\u00a0\u00a0\u00a0\u00a0\u00a0\u00a0\u00a0\u00a0\u706f<\/td>\n<\/tr>\n<tr>\n<td width=\"238\">lumo\u00a0\u00a0\u00a0\u00a0\u00a0\u00a0\u00a0\u00a0\u00a0\u00a0\u00a0\u00a0\u5149\u7ebf<\/td>\n<td width=\"237\">forta\u00a0\u00a0\u00a0\u00a0\u00a0\u00a0\u00a0\u00a0\u00a0\u00a0\u00a0\u00a0\u00a0\u00a0\u00a0\u5f3a\u70c8\uff0c\u5f3a\u58ee<\/td>\n<\/tr>\n<tr>\n<td width=\"238\">sufi\u0109e\u00a0\u00a0\u00a0\u00a0\u00a0\u00a0\u00a0\u00a0\u00a0\u00a0\u00a0\u8db3\u591f<\/td>\n<td width=\"237\">ekster\u00a0\u00a0\u00a0\u00a0\u00a0\u00a0\u00a0\u00a0\u00a0\u00a0\u00a0\u00a0\u00a0\u5728\u2026\u2026\u5916\u8fb9<\/td>\n<\/tr>\n<tr>\n<td width=\"238\">ebla\u00a0\u00a0\u00a0\u00a0\u00a0\u00a0\u00a0\u00a0\u00a0\u00a0\u00a0\u00a0\u00a0\u00a0\u53ef\u80fd\u7684<\/td>\n<td width=\"237\">facila\u00a0\u00a0\u00a0\u00a0\u00a0\u00a0\u00a0\u00a0\u00a0\u00a0\u00a0\u00a0\u00a0\u00a0\u5bb9\u6613\u7684<\/td>\n<\/tr>\n<tr>\n<td width=\"238\">trovi\u00a0\u00a0\u00a0\u00a0\u00a0\u00a0\u00a0\u00a0\u00a0\u00a0\u00a0\u00a0\u00a0\u627e\u5230<\/td>\n<td width=\"237\">tiam\u00a0\u00a0\uff08\u526f\uff09\u00a0\u00a0\u00a0\u90a3\u65f6<\/td>\n<\/tr>\n<tr>\n<td width=\"238\">interne\u00a0\u00a0\u00a0\u00a0\u00a0\u00a0\u00a0\u00a0\u00a0\u00a0\u5728\u91cc\u9762<\/td>\n<td width=\"237\">demandi\u00a0\u00a0\u00a0\u00a0\u00a0\u00a0\u00a0\u00a0\u00a0\u00a0\u95ee<\/td>\n<\/tr>\n<tr>\n<td width=\"238\">okazi\u00a0\u00a0\u00a0\u00a0\u00a0\u00a0\u00a0\u00a0\u00a0\u00a0\u00a0\u00a0\u00a0\u53d1\u751f<\/td>\n<td width=\"237\">a\u0125\u00a0\uff08\u53f9\uff09\u8868\u793a\u60ca\u5947\u3001\u7591\u95ee<\/td>\n<\/tr>\n<tr>\n<td width=\"238\">sa\u011da\u00a0\u00a0\u00a0\u00a0\u00a0\u00a0\u00a0\u00a0\u00a0\u00a0\u00a0\u00a0\u00a0\u00a0\u806a\u660e\u7684<\/td>\n<td width=\"237\">vidi\u00a0\u00a0\u00a0\u00a0\u00a0\u00a0\u00a0\u00a0\u00a0\u00a0\u00a0\u00a0\u00a0\u00a0\u00a0\u00a0\u00a0\u770b\u89c1<\/td>\n<\/tr>\n<tr>\n<td width=\"238\">tamen\u00a0\u00a0\u00a0\u00a0\u00a0\u00a0\u00a0\u00a0\u00a0\u00a0\u00a0\u7136\u800c<\/td>\n<td width=\"237\"><\/td>\n<\/tr>\n<\/tbody>\n<\/table>\n<p style=\"font-weight: 400;\">\u3010\u6982\u8bf4\u3011<\/p>\n<p style=\"font-weight: 400;\">\u00a0\u00a0\u00a0\u00a0\u8fd9\u4e00\u8bfe\u91cd\u70b9\u8bb2\u5f62\u5bb9\u8bcd\u548c\u526f\u8bcd\u7684\u6bd4\u8f83\u7ea7\u3002<\/p>\n<p style=\"font-weight: 400;\">\u00a0\u00a0\u00a0\u00a0\u6bd4\u8f83\u7ea7\u7531\u4e0b\u5217\u7ed3\u6784\u7ec4\u6210\uff1a<\/p>\n<p style=\"font-weight: 400;\">\u00a0\u00a0\u00a0 1\uff09pli +\u00a0\u5f62\u5bb9\u8bcd\u00a0+ ol +\u00a0\u88ab\u6bd4\u8f83\u90e8\u5206<\/p>\n<p style=\"font-weight: 400;\">\u00a0\u00a0\u00a0 2\uff09pli +\u00a0\u526f\u8bcd\u00a0+ ol +\u00a0\u88ab\u6bd4\u8f83\u90e8\u5206<\/p>\n<p style=\"font-weight: 400;\">\u00a0\u00a0\u00a0\u00a0\u4f8b\u5982\uff1a<\/p>\n<p style=\"font-weight: 400;\">\u00a0\u00a0\u00a0 La domo estas pli granda ol la \u0109ambro.\u00a0\u90a3\u623f\u5b50\u6bd4\u90a3\u623f\u95f4\u5927\u3002<\/p>\n<p style=\"font-weight: 400;\">\u00a0\u00a0\u00a0 Petro povas kuri pli rapide ol Helen.\u00a0\u5f7c\u5f97\u8dd1\u5f97\u6bd4\u6d77\u4f26\u66f4\u5feb\u3002<\/p>\n<p style=\"font-weight: 400;\">\u00a0\u00a0\u00a0\u00a0\u4f7f\u7528\u6bd4\u8f83\u7ea7\u65f6\u8981\u6ce8\u610f\u4ee5\u4e0b\u51e0\u70b9\uff1a<\/p>\n<ol>\n<li style=\"font-weight: 400;\">ol\u662f\u8fde\u63a5\u8bcd\uff0c\u5b83\u6240\u5f15\u5bfc\u7684\u90e8\u5206\u5b9e\u9645\u4e0a\u662f\u4e00\u4e2a\u53e5\u5b50\u7684\u7701\u7565\u5f62\u5f0f\u3002\u5982\uff1a<\/li>\n<\/ol>\n<p style=\"font-weight: 400;\">\u00a0\u00a0\u00a0 La domo estas pli granda ol la \u0109ambro (estas granda).<\/p>\n<p style=\"font-weight: 400;\">\u00a0\u00a0\u00a0 Petro povas kuri pli rapide ol Helena (povas kuri).<\/p>\n<ol start=\"2\">\n<li style=\"font-weight: 400;\">\u6bd4\u8f83\u4e0e\u88ab\u6bd4\u8f83\u90e8\u5206\u6709\u65f6\u662f\u4e24\u4e2a\u53e5\u5b50\u7684\u4e3b\u8bed\uff0c\u5982\uff1aLa domo estas pli granda ol la \u0109ambro,\u00a0\u4f46\u4e5f\u53ef\u4ee5\u662f\u5176\u4ed6\u53e5\u5b50\u6210\u5206\u5982\u72b6\u8bed\u7b49\u3002\u5982\uff1aLalumo en la domo estas pli forta ol la lumo ekster la domo\uff08\u5c4b\u5b50\u91cc\u7684\u5149\u7ebf\u6bd4\u5c4b\u5916\u7684\u5149\u7ebf\u5f3a\uff09\u3002\u8fd9\u662f\u4e24\u5730\u70b9\u72b6\u8bed\u7684\u6bd4\u8f83\u3002<\/li>\n<li style=\"font-weight: 400;\">\u5728pli\u4e4b\u524d\u53ef\u4ee5\u7528\u4e00\u4e9b\u8868\u793a\u7a0b\u5ea6\u548c\u6570\u91cf\u7684\u8bcd\u6216\u8bcd\u7ec4\u5bf9pli\u52a0\u4ee5\u4fee\u9970\uff0c\u8bf4\u660e\u7a0b\u5ea6\u3002\u5982\uff1a<\/li>\n<\/ol>\n<p style=\"font-weight: 400;\">\u00a0\u00a0\u00a0 La domo estas multe pli granda ol la \u0109ambro.\u00a0\u90a3\u5ea7\u623f\u5b50\u6bd4\u8fd9\u4e2a\u623f\u95f4\u5927\u5f97\u591a\u3002<\/p>\n<p style=\"font-weight: 400;\">\u00a0\u00a0\u00a0\u00a0\u8fd9\u79cd\u8868\u793a\u7a0b\u5ea6\u7684\u8bcd\u4e00\u822c\u591a\u7528\u526f\u8bcd\u3002\u8868\u793a\u6570\u91cf\u6216\u5ea6\u91cf\u65f6\uff0c\u4e5f\u53ef\u4ee5\u7528\u4ecb\u8bcd\u77ed\u8bed\u6216\u76f8\u5f53\u4e8e\u4ecb\u8bcd\u77ed\u8bed\u529f\u7528\u7684\u540d\u8bcd\u8bcd\u7ec4\uff0c\u4f46\u540d\u8bcd\u5fc5\u987b\u5e26\u5bbe\u683c\u3002\u5982\uff1a<\/p>\n<p style=\"font-weight: 400;\">\u00a0\u00a0\u00a0 Li estas je kvin jaroj pli a\u011da ol \u015di.\u00a0\u4ed6\u6bd4\u5979\u5927\u4e94\u5c81\u3002<\/p>\n<p style=\"font-weight: 400;\">\u00a0\u00a0\u00a0 Li estas kvin jarojn pli a\u011da ol \u015di.\u00a0\u4ed6\u6bd4\u5979\u5927\u4e94\u5c81\u3002<\/p>\n<p style=\"font-weight: 400;\">\u3010\u53e5\u578b\u4e0e\u8bfe\u6587\u6ce8\u91ca\u3011<\/p>\n<ol>\n<li style=\"font-weight: 400;\">Helena:\u6d77\u4f26\uff0c\u5916\u56fd\u4eba\u540d\u3002<\/li>\n<li style=\"font-weight: 400;\">Li Ming:\u674e\u660e\uff0c\u4e2d\u56fd\u4eba\u540d\u7528\u6c49\u8bed\u62fc\u97f3\u3002\u7b2c\u4e00\u3001\u4e8c\u4e24\u4e2a\u5355\u8bcd\u7684\u7b2c\u4e00\u4e2a\u5b57\u6bcd\u987b\u5927\u5199\u3002\u53cc\u540d\u6709\u4e09\u4e2a\u8bcd\uff0c\u5219\u6309\u4e0b\u5217\u683c\u5f0f\u5199\uff1aLi Minghua\uff08\u674e\u660e\u534e\uff09<\/li>\n<li style=\"font-weight: 400;\">paroli flue:\u8bb2\u5f97\u6d41\u5229\u3002<\/li>\n<li style=\"font-weight: 400;\">Petro donis al sia edzino la libron\uff1a\u5f7c\u5f97\u628a\u90a3\u672c\u4e66\u7ed9\u4e86\u4ed6\u59bb\u5b50\u3002<\/li>\n<\/ol>\n<p style=\"font-weight: 400;\">\u00a0\u00a0\u00a0 1) doni ion al iu\uff1a\u628a\u67d0\u7269\u7ed9\u67d0\u4eba\u3002\u5176\u4e2d\u5e26\u5bbe\u683c\u7684\u67d0\u7269\u662f\u76f4\u63a5\u5bbe\u8bed\u3002\u4ecb\u8bcd\u77ed\u8bedal\u8868\u793a\u628a\u4e1c\u897f\u7ed9\u67d0\u4eba\uff0c\u8bed\u6cd5\u4e0a\u53eb\u95f4\u63a5\u5bbe\u8bed\u3002<\/p>\n<p style=\"font-weight: 400;\">\u00a0\u00a0\u00a0 2\uff09sia edzino\uff1a\u81ea\u5df1\u7684\u59bb\u5b50\u3002si\u662f\u7b2c\u4e09\u4eba\u79f0\u53cd\u8eab\u4ee3\u8bcd\uff0c\u4e0e\u4e3b\u8bed\u6709\u5173\u7cfb\u3002\u6b64\u53e5\u4e2d\u7684\u00a0si\u00a0\u662f\u6307\u00a0Petro\u00a0\uff0csi\u662f\u540d\u8bcd\u6027\u7684\u4ee3\u8bcd\uff0c\u53ef\u4ee5\u52a0\u00a0-a\u00a0\u505a\u5f62\u5bb9\u8bcd\u7528\u3002<\/p>\n<ol start=\"5\">\n<li style=\"font-weight: 400;\">Iunokte\uff1a\u67d0\u5929\u591c\u91cc\u3002nokto\u4e0evespero\u90fd\u53ef\u4ee5\u8bd1\u4e3a\u665a\u4e0a\u3002\u4f46vespero\u5728nokto\u4e4b\u524d\uff0c\u610f\u4e3a\u201c\u508d\u665a\u201d\uff1bnokto\u5728vespero\u4e4b\u540e\uff0c\u610f\u4e3a\u201c\u591c\u91cc\u201d\u3001\u201c\u6df1\u591c\u201d\u3002<\/li>\n<li style=\"font-weight: 400;\">Dankon!\u8c22\u8c22\uff01\u8fd9\u662fMi donas mian dankon al vi\u00a0\u7684\u7701\u7565\u5f62\u5f0f\uff0c\u56e0\u6b64\u8981\u7528\u5bbe\u683c\u3002<\/li>\n<li style=\"font-weight: 400;\">ora ringo\uff1a\u91d1\u6212\u6307\u3002<\/li>\n<li style=\"font-weight: 400;\">\u011ci estas pli bela ol \u0109iuj aliaj ringoj\uff1a\u5b83\u6bd4\u5176\u4ed6\u6240\u6709\u7684\u6212\u6307\u90fd\u6f02\u4eae\u3002<\/li>\n<\/ol>\n<p style=\"font-weight: 400;\">\u00a0\u00a0\u00a0\u00a0\u6ce8\u610f\u5fc5\u987b\u4f7f\u7528aliaj\uff0c\u5426\u5219\uff0c\u610f\u601d\u5c31\u4e0d\u5bf9\u4e86\u3002\u5982\uff1a<\/p>\n<p style=\"font-weight: 400;\">\u00a0\u00a0\u00a0 \u011ci estas pli bela ol \u0109iuj ringoj.\u00a0\uff08\u5b83\u6bd4\u6240\u6709\u7684\u6212\u6307\u90fd\u6f02\u4eae\u3002\uff09\u011ci\u00a0\u4e5f\u8868\u793a\u6212\u6307\uff0c\u5c5e\u4e8e\u201c\u6240\u6709\u7684\u6212\u6307\u201d\u4e2d\u7684\u4e00\u679a\uff0c\u5047\u5982\u5b83\u6bd4\u6240\u6709\u7684\u6212\u6307\u90fd\u6f02\u4eae\uff0c\u90a3\u5c82\u4e0d\u662f\u8bf4\u5b83\u6bd4\u81ea\u5df1\u6f02\u4eae\uff1f\u56e0\u6b64aliaj\u4e0d\u662f\u53ef\u6709\u53ef\u65e0\u7684\u3002<\/p>\n<ol start=\"9\">\n<li style=\"font-weight: 400;\">Dio mia\uff1a\u6211\u7684\u5929\u554a\uff01<\/li>\n<li style=\"font-weight: 400;\">ne estis sufi\u0109e forta\uff1a\uff08\u5149\u7ebf\uff09\u4e0d\u591f\u5f3a\u70c8\u3002<\/li>\n<li style=\"font-weight: 400;\">Eble&#8230; ol interne\uff1a\u5c4b\u5b50\u5916\u8fb9\u7684\u5149\u7ebf\u53ef\u80fd\u8981\u6bd4\u5c4b\u5b50\u91cc\u8fb9\u5f3a\uff0c\u6211\u5728\u5916\u9762\u8981\u6bd4\u5728\u91cc\u9762\u770b\u5f97\u66f4\u6e05\u695a\uff0c\u8981\u627e\u5230\u90a3\u679a\u6212\u6307\u66f4\u5bb9\u6613\u3002<\/li>\n<\/ol>\n<p style=\"font-weight: 400;\">\u00a0\u00a0\u00a0\u00a0\u8fd9\u4e00\u53e5\u8bdd\u4e2d\u6709\u4e24\u5904\u6bd4\u8f83\uff0c\u6bd4\u8f83\u90e8\u5206\u90fd\u662f\u72b6\u8bed\u3002<\/p>\n<ol start=\"12\">\n<li style=\"font-weight: 400;\">\u011custe tiam\uff1a\u6b63\u597d\u5728\u90a3\u65f6\u3002<\/li>\n<li style=\"font-weight: 400;\">Kio okazis?\u51fa\u4e86\u4ec0\u4e48\u4e8b\uff1f<\/li>\n<li style=\"font-weight: 400;\">pli malmulte da lumo\uff1a\u5149\u7ebf\u66f4\u5c11\u3002\u6bd4\u8f83\u4e0b\u5217\u7ed3\u6784\uff1apli multe, pli multe da libroj; pli malmulte, pli malmulte da libroj\u3002<\/li>\n<li style=\"font-weight: 400;\">Tamen \u0109i tie sur la strato, la lampo estas multe pli luma ol la lampo en la domo\uff1a\u7136\u800c\uff0c\u5728\u8fd9\u91cc\uff0c\u5728\u8857\u4e0a\uff0c\u706f\u8981\u6bd4\u5c4b\u91cc\u7684\u4eae\u5f97\u591a\u3002<\/li>\n<li style=\"font-weight: 400;\">ol mi povas interne\u53ef\u4ee5\u5199\u6210ol mi povas vidi kaj trovi interne\uff0c\u4e5f\u53ef\u4ee5\u7b80\u5355\u7684\u5199\u4e3a\u00a0ol interne\u3002<\/li>\n<li style=\"font-weight: 400;\">\u0108u vi estas la plej a\u011da\u540e\u7701\u7565\u4e86frato\u3002plej\u662f\u526f\u8bcd\uff0c\u8868\u793a\u201c\u6700\u2026\u2026\u201d\u3002frato\u8868\u793a\u201c\u5144\u5f1f\u201d\uff0c\u65e2\u53ef\u4ee5\u6307\u54e5\u54e5\u4e5f\u53ef\u6307\u5f1f\u5f1f\u3002\u8981\u8bf4\u660e\u54e5\u54e5\u6216\u8005\u5f1f\u5f1f\uff0c\u53ef\u4ee5\u7528\u00a0plej\u00a0\u6216\u00a0pli\u3002\u5982\uff1a<\/li>\n<\/ol>\n<p style=\"font-weight: 400;\">\u00a0\u00a0\u00a0 la plej a\u011da frato:\u00a0\u5927\u54e5<\/p>\n<p style=\"font-weight: 400;\">\u00a0\u00a0\u00a0 la pli a\u011da frato:\u00a0\u54e5\u54e5<\/p>\n<p style=\"font-weight: 400;\">\u00a0\u00a0\u00a0 la pli juna frato:\u00a0\u5f1f\u5f1f<\/p>\n<p style=\"font-weight: 400;\">\u00a0\u00a0\u00a0 la plej juna frato:\u00a0\u6700\u5c0f\u7684\u5f1f\u5f1f<\/p>\n<p style=\"font-weight: 400;\">\u00a0\u00a0\u00a0Gramatiko<strong>\u00a0\uff08\u8bed\u6cd5\uff09<br \/>\n<\/strong><\/p>\n<p style=\"font-weight: 400;\"><strong>\u4e3b\u4ece\u590d\u5408\u53e5\u7684\u57fa\u672c\u6982\u5ff5<\/strong><\/p>\n<p style=\"font-weight: 400;\">\u00a0\u00a0\u00a0\u5341\u8bfe\u4ee5\u524d\u8bb2\u4e86\u53e5\u5b50\u79cd\u7c7b\u7684\u7b80\u5355\u53e5\u548c\u5e76\u5217\u53e5\u3002\u9664\u4e86\u8fd9\u4e24\u79cd\u4ee5\u5916\uff0c\u8fd8\u6709\u4e00\u79cd\u66f4\u4e3a\u590d\u6742\u7684\u79cd\u7c7b\uff1a\u4e3b\u4ece\u590d\u5408\u53e5\u3002<\/p>\n<p style=\"font-weight: 400;\">\u00a0\u00a0\u00a0\u00a0\u4e3b\u4ece\u590d\u5408\u53e5\u6709\u4e00\u4e2a\u4e3b\u53e5\u548c\u4e00\u4e2a\u6216\u51e0\u4e2a\u4ece\u53e5\u6784\u6210\u3002\u4e3b\u53e5\u4e3a\u53e5\u5b50\u7684\u4e3b\u4f53\uff0c\u4ece\u53e5\u4e4b\u4f5c\u4e3b\u53e5\u4e2d\u7684\u4e00\u4e2a\u6210\u5206\u3002<\/p>\n<p style=\"font-weight: 400;\">\u00a0\u00a0\u00a0\u00a0\u5177\u4f53\u800c\u8a00\uff0c\u4e3b\u4ece\u590d\u5408\u53e5\u4e2d\uff0c\u81f3\u5c11\u6709\u4e24\u4e2a\u5206\u53e5\u3002\u4e00\u4e2a\u5206\u53e5\u5728\u4e3b\u53e5\u4e2d\u5360\u4e3b\u5bfc\u5730\u4f4d\uff0c\u79f0\u4e3a\u4e3b\u53e5\u3002\u53e6\u4e00\u4e2a\u6216\u51e0\u4e2a\u5206\u53e5\u5728\u53e5\u5b50\u4e2d\u5904\u4e8e\u4ece\u5c5e\u5730\u4f4d\uff0c\u79f0\u4e3a\u4ece\u53e5\u3002\u4ece\u53e5\u662f\u4ee5\u4e00\u4e2a\u53e5\u5b50\u7684\u5f62\u5f0f\u5145\u5f53\u4e3b\u53e5\u4e2d\u7684\u67d0\u4e00\u4e2a\u53e5\u5b50\u6210\u5206\u5982\u72b6\u8bed\u3001\u4e3b\u8bed\u3001\u5bbe\u8bed\u3001\u5b9a\u8bed\u7b49\u3002\u5982\uff1a<\/p>\n<p style=\"font-weight: 400;\">\u00a0\u00a0\u00a0 Kiam li estis juna, li lernis tre bone.\uff08\u5f53\u4ed6\u5e74\u8f7b\u65f6\uff0c\u4ed6\u5b66\u4e60\u5f88\u597d\u3002\uff09<\/p>\n<p style=\"font-weight: 400;\">\u00a0\u00a0\u00a0 li lernis tre bone\u00a0\u662f\u4e3b\u53e5\uff1bkiam li estis juna\u00a0\u662f\u4ece\u53e5\u3002\u4ece\u53e5\u5145\u5f53\u4e3b\u53e5\u7684\u65f6\u95f4\u72b6\u8bed\uff0c\u6307\u51fa\u4ed6\u4ec0\u4e48\u65f6\u5019\u5b66\u4e60\u597d\u3002\u8fd9\u4e24\u4e2a\u5206\u53e5\u7f29\u77ed\u6210\u4e00\u4e2a\u53e5\u5b50\uff0c\u5c31\u53ef\u4ee5\u770b\u51fa\u00a0kiam\u00a0\u4ece\u53e5\u7684\u4ece\u5c5e\u4f5c\u7528\uff1aLi lernis tre bone tiam\uff08\u4ed6\u90a3\u65f6\u5b66\u4e60\u5f88\u597d\uff09\u3002<\/p>\n<p style=\"font-weight: 400;\">\u00a0\u00a0\u00a0\u00a0\u4ece\u53e5\u90fd\u8981\u6709\u4e00\u5b9a\u7684\u4ece\u5c5e\u8fde\u8bcd\u6765\u5f15\u5bfc\uff0c\u5982\u00a0\u0109ar, kiam, kvankam\u7b49\u3002<\/p>\n<p style=\"font-weight: 400;\"><strong>\u540c\u4e49\u8bcd<\/strong><\/p>\n<p style=\"font-weight: 400;\"><strong>trovi, ser\u0109i<\/strong><\/p>\n<p style=\"font-weight: 400;\">\u00a0\u00a0\u00a0\u00a0\u00a0\u00a0\u4ece\u8fd9\u4e00\u8bfe\u5f00\u59cb\uff0c\u6211\u4eec\u5c06\u5728\u6bcf\u8bfe\u8bed\u6cd5\u9879\u76ee\u4e4b\u540e\u8bb2\u4e00\u4e9b\u540c\u4e49\u8bcd\u7684\u8fa8 \u6790\u3002\u540c\u4e49\u8bcd\u662f\u5b66\u4e60\u4e2d\u8f83\u96be\u638c\u63e1\u7684\u4e00\u4e2a\u65b9\u9762\uff0c\u5b83\u4eec\u7684\u610f\u4e49\u76f8\u8fd1\u4f46\u53c8\u6709\u533a\u522b\u3002\u6709\u4e9b\u8fd8\u5b58\u5728\u7740\u7528\u6cd5\u7684\u5dee\u5f02\u3002\u56e0\u6b64\uff0c\u6211\u4eec\u6709\u5fc5\u8981\u5bf9\u540c\u4e49\u8bcd\u7684\u7406\u89e3\u548c\u4f7f\u7528\u52a0\u4ee5\u6ce8\u610f\uff0c\u4ee5\u5229\u6211\u4eec\u66f4\u597d\u5730\u5b66\u4e60\u8bed\u8a00\u3002<\/p>\n<p style=\"font-weight: 400;\">\u00a0\u00a0\u00a0 trovi\u548cserc\u0109i\u00a0\u90fd\u662f\u53ca\u7269\u52a8\u8bcd\uff0c\u610f\u4e3a\u201c\u627e\u201d\u3002\u4f46\u4e24\u4e2a\u8bcd\u7684\u8bcd\u4e49\u5f88\u4e0d\u76f8\u540c\u3002<\/p>\n<p style=\"font-weight: 400;\">\u00a0\u00a0\u00a0 ser\u0109i\u610f\u4e3a\u201c\u627e\u201d\u3001\u201c\u5bfb\u627e\u201d\u3002\u5b83\u8868\u793a\u7684\u5177\u4f53\u610f\u601d\u662f\u6b63\u5728\u5bfb\u627e\uff0c\u4f46\u672a\u627e\u5230\uff0c\u6307\u201c\u627e\u201d\u8fd9\u4e00\u52a8\u4f5c\u548c\u8fc7\u7a0b\u3002\u5982\uff1a<\/p>\n<p style=\"font-weight: 400;\">\u00a0\u00a0\u00a0 Li ser\u0109as la ringon sur la strato\uff08\u4ed6\u5728\u8857\u4e0a\u627e\u90a3\u53ea\u6212\u6307\uff09.<\/p>\n<p style=\"font-weight: 400;\">\u00a0\u00a0\u00a0 trovi\u610f\u4e3a\u201c\u627e\u5230\u201d\u3002\u4ed6\u5f3a\u8c03\u7684\u4e0d\u662f\u52a8\u4f5c\u672c\u8eab\uff0c\u800c\u662f\u5f3a\u8c03\u201c\u627e\u201d\u7684\u7ed3\u679c\u3002\u5982\uff1a<\/p>\n<p style=\"font-weight: 400;\">\u00a0\u00a0\u00a0 Li trovis la ringon\uff08\u4ed6\u627e\u5230\u4e86\u90a3\u53ea\u6212\u6307\uff09\u3002<\/p>\n<p style=\"font-weight: 400;\">\u00a0\u00a0\u00a0\u00a0\u6211\u4eec\u518d\u770b\u770b\u4e0b\u5217\u53e5\u5b50\uff0c\u5bf9ser\u0109i\u548ctrovi\u7684\u542b\u4e49\u5c31\u66f4\u6e05\u695a\u4e86\uff1a<\/p>\n<p style=\"font-weight: 400;\">\u00a0\u00a0\u00a0 Li ser\u0109is la ringon sur la strato, sed li ne trovis \u011din\u00a0\uff08\u4ed6\u5728\u8857\u4e0a\u5bfb\u627e\u90a3\u53ea\u6212\u6307\uff0c\u4f46\u6ca1\u6709\u627e\u5230\uff09\u3002<\/p>\n<p style=\"font-weight: 400;\"><a href=\"https:\/\/reto.cn\/php\/hanyu\/kurso-de-esperanto\/\">\u8fd4\u56de\u76ee\u5f55<\/a><\/p>\n","protected":false},"excerpt":{"rendered":"<p>La Dek-kvara Leciono \u7b2c\u5341\u56db\u8bfe \ufeff \u3010Tipaj frazoj\u3011 1. La domo f\u2026 <span class=\"read-more\"><a href=\"https:\/\/reto.cn\/php\/hanyu\/kurso-de-esperanto\/ekurso14\/\">\u7ee7\u7eed\u9605\u8bfb Legi pli &raquo;<\/a><\/span><\/p>\n","protected":false},"author":1,"featured_media":0,"parent":8240,"menu_order":0,"comment_status":"open","ping_status":"closed","template":"","meta":{"footnotes":""},"_links":{"self":[{"href":"https:\/\/reto.cn\/php\/hanyu\/wp-json\/wp\/v2\/pages\/8324"}],"collection":[{"href":"https:\/\/reto.cn\/php\/hanyu\/wp-json\/wp\/v2\/pages"}],"about":[{"href":"https:\/\/reto.cn\/php\/hanyu\/wp-json\/wp\/v2\/types\/page"}],"author":[{"embeddable":true,"href":"https:\/\/reto.cn\/php\/hanyu\/wp-json\/wp\/v2\/users\/1"}],"replies":[{"embeddable":true,"href":"https:\/\/reto.cn\/php\/hanyu\/wp-json\/wp\/v2\/comments?post=8324"}],"version-history":[{"count":0,"href":"https:\/\/reto.cn\/php\/hanyu\/wp-json\/wp\/v2\/pages\/8324\/revisions"}],"up":[{"embeddable":true,"href":"https:\/\/reto.cn\/php\/hanyu\/wp-json\/wp\/v2\/pages\/8240"}],"wp:attachment":[{"href":"https:\/\/reto.cn\/php\/hanyu\/wp-json\/wp\/v2\/media?parent=8324"}],"curies":[{"name":"wp","href":"https:\/\/api.w.org\/{rel}","templated":true}]}}