{"id":8327,"date":"2021-10-07T14:13:38","date_gmt":"2021-10-07T06:13:38","guid":{"rendered":"http:\/\/reto.cn\/php\/hanyu\/?page_id=8327"},"modified":"2022-01-31T14:48:22","modified_gmt":"2022-01-31T06:48:22","slug":"ekurso15","status":"publish","type":"page","link":"https:\/\/reto.cn\/php\/hanyu\/kurso-de-esperanto\/ekurso15\/","title":{"rendered":"\u4e16\u754c\u8bed\u6559\u7a0b \u7b2c\u5341\u4e94\u8bfe"},"content":{"rendered":"\n<p style=\"font-weight: 400;\"><strong>La Dek-kvina Leciono<\/strong><\/p>\n<p style=\"font-weight: 400;\"><strong>\u7b2c\u5341\u4e94\u8bfe<\/strong><\/p>\n<p><audio style=\"margin: auto; top: 0; right: 0; bottom: 0; left: 0;\" src=\"https:\/\/reto.cn\/hanyu\/ekurso\/ekurso15.mp3\" controls=\"controls\"><span data-mce-type=\"bookmark\" style=\"display: inline-block; width: 0px; overflow: hidden; line-height: 0;\" class=\"mce_SELRES_start\">\ufeff<\/span><\/audio><\/p>\n<p style=\"font-weight: 400;\">\u3010Tipaj frazoj\u3011<\/p>\n<table width=\"57%\">\n<tbody>\n<tr>\n<td width=\"6%\">1.<\/td>\n<td width=\"13%\">Leono<br \/>\nMuso<\/td>\n<td width=\"24%\">estas la plej<\/td>\n<td width=\"16%\">forta<br \/>\nmalgranda<\/td>\n<td width=\"22%\">besto en la<\/td>\n<td width=\"25%\">mondo.<br \/>\nkampo.<\/td>\n<\/tr>\n<\/tbody>\n<\/table>\n<table width=\"100%\">\n<tbody>\n<tr>\n<td width=\"4%\">2.<\/td>\n<td width=\"22%\">Petro estas la plej<\/td>\n<td width=\"10%\">juna<br \/>\ndika<br \/>\nalta<\/td>\n<td width=\"8%\">el ili.<\/td>\n<td width=\"56%\"><\/td>\n<\/tr>\n<\/tbody>\n<\/table>\n<table width=\"55%\">\n<tbody>\n<tr>\n<td width=\"7%\">3.<\/td>\n<td width=\"18%\">Helena<\/td>\n<td width=\"17%\">lernas<br \/>\nkuras<br \/>\nkantas<br \/>\nparolas<\/td>\n<td width=\"12%\">plej<\/td>\n<td width=\"17%\">diligente<br \/>\nrapide<br \/>\nbele<br \/>\nflue<\/td>\n<td width=\"46%\">en la lernejo.<\/td>\n<\/tr>\n<\/tbody>\n<\/table>\n<table width=\"45%\">\n<tbody>\n<tr>\n<td width=\"9%\">\u00a04.<\/td>\n<td width=\"16%\">Mi<\/td>\n<td width=\"21%\">kredas,<br \/>\nopinias,<br \/>\npensas<\/td>\n<td width=\"62%\">ke muso savis la leonon.<\/td>\n<\/tr>\n<\/tbody>\n<\/table>\n<p style=\"font-weight: 400;\"><strong>Teksto<\/strong><\/p>\n<p style=\"font-weight: 400;\"><strong>\u00a0La Leono kaj la Muso<\/strong><\/p>\n<p style=\"font-weight: 400;\">\u00a0\u00a0\u00a0\u0108u vi kredas, ke muso povas savi leonon?<\/p>\n<p style=\"font-weight: 400;\">\u00a0\u00a0\u00a0 Leono estas la plej forta besto en la mondo kaj muso estas unu el la plej malfortaj bestoj, sed en nia rakonto, iu malforta muso savis iun leonon.<\/p>\n<p style=\"font-weight: 400;\">\u00a0\u00a0\u00a0 Iutage la muso kuradis en arbaro. Li volis trovi man\u011da\u0135ojn, \u0109ar li estis tre malsata. Li pensis, ke li devas kuri pli rapide ol \u0109iuj aliaj musoj, por la stomako. Li kuris kaj kuris malatente. Subite la leono kaptis lin. La leono tenis la muson kaj ne delasis lin.<\/p>\n<p style=\"font-weight: 400;\">\u00a0\u00a0\u00a0 &#8220;Se vi delasas min, sinjoro Leono,&#8221; diris la muso, &#8220;mi certe helpos al vi iutage.&#8221;<\/p>\n<p style=\"font-weight: 400;\">\u00a0\u00a0\u00a0 La leono ridis kaj diris, &#8220;Mi ne kredas, ke vi povas min helpi. Vi estas la plej malforta el la bestoj. Vi povas batali plej malforte inter ni. Kiel vi povas helpi min?&#8221; Sed la leono fine delasis la muson kaj diris al li, &#8220;Foriru, malforta\u0135o! Sed vi devos esti pli atenta ol vi estis anta\u016de.&#8221;<\/p>\n<p style=\"font-weight: 400;\">\u00a0\u00a0\u00a0 &#8220;Vi estas tre afabla, dankon!&#8221; la muso diris kaj forkuris.<\/p>\n<p style=\"font-weight: 400;\">\u00a0\u00a0\u00a0 Post du semajnoj, la muso ser\u0109is man\u011da\u0135ojn en la kampo. Subite li vidis, ke la leono estas en granda reto kaj multaj fortaj \u015dnuroj ligas lin. Li ne povis forkuri.<\/p>\n<p style=\"font-weight: 400;\">\u00a0\u00a0\u00a0 &#8220;Mi helpu al vi!&#8221; diris la muso.<\/p>\n<p style=\"font-weight: 400;\">\u00a0\u00a0\u00a0 Li tramordis unu el la plej fortaj \u015dnuroj. Liaj dentoj estis tre akraj. Poste li tramordis alian \u015dnuron, kaj poste alian. Balda\u016d la leono estis libera. Li tre \u011dojis.<\/p>\n<p style=\"font-weight: 400;\">\u00a0\u00a0\u00a0 &#8220;Vi estas tre afabla, dankon!&#8221; diris la leono al la muso kaj rapide forkuris.<\/p>\n<p style=\"font-weight: 400;\"><strong>Vortoj (\u751f\u8bcd)<\/strong><\/p>\n<table width=\"475\">\n<tbody>\n<tr>\n<td width=\"238\">leono\u00a0\u00a0\u00a0\u00a0\u00a0\u00a0\u00a0\u00a0\u00a0\u00a0\u00a0\u72ee\u5b50<\/td>\n<td width=\"237\">sinjoro\u00a0\u00a0\u00a0\u00a0\u00a0\u00a0\u00a0\u00a0\u00a0\u00a0\u00a0\u5148\u751f<\/td>\n<\/tr>\n<tr>\n<td width=\"238\">muso\u00a0\u00a0\u00a0\u00a0\u00a0\u00a0\u00a0\u00a0\u00a0\u00a0\u00a0\u8001\u9f20<\/td>\n<td width=\"237\">certe\u00a0\u00a0\u00a0\u00a0\u00a0\u00a0\u00a0\u00a0\u00a0\u00a0\u00a0\u00a0\u00a0\u00a0\u80af\u5b9a\u7684<\/td>\n<\/tr>\n<tr>\n<td width=\"238\">kredi\u00a0\u00a0\u00a0\u00a0\u00a0\u00a0\u00a0\u00a0\u00a0\u00a0\u00a0\u00a0\u76f8\u4fe1<\/td>\n<td width=\"237\">helpi\u00a0\u00a0\u00a0\u00a0\u00a0\u00a0\u00a0\u00a0\u00a0\u00a0\u00a0\u00a0\u00a0\u00a0\u00a0\u5e2e\u52a9<\/td>\n<\/tr>\n<tr>\n<td width=\"238\">savi\u00a0\u00a0\u00a0\u00a0\u00a0\u00a0\u00a0\u00a0\u00a0\u00a0\u00a0\u00a0\u00a0\u00a0\u6551<\/td>\n<td width=\"237\">ridi\u00a0\u00a0\u00a0\u00a0\u00a0\u00a0\u00a0\u00a0\u00a0\u00a0\u00a0\u00a0\u00a0\u00a0\u00a0\u00a0\u00a0\u7b11<\/td>\n<\/tr>\n<tr>\n<td width=\"238\">besto\u00a0\u00a0\u00a0\u00a0\u00a0\u00a0\u00a0\u00a0\u00a0\u00a0\u00a0\u00a0\u91ce\u517d\uff0c\u517d<\/td>\n<td width=\"237\">batali\u00a0\u00a0\u00a0\u00a0\u00a0\u00a0\u00a0\u00a0\u00a0\u00a0\u00a0\u00a0\u00a0\u00a0\u6218\u6597<\/td>\n<\/tr>\n<tr>\n<td width=\"238\">mondo\u00a0\u00a0\u00a0\u00a0\u00a0\u00a0\u00a0\u00a0\u00a0\u00a0\u4e16\u754c<\/td>\n<td width=\"237\">fine\u00a0\u00a0\u00a0\u00a0\u00a0\u00a0\u00a0\u00a0\u00a0\u00a0\u00a0\u00a0\u7ec8\u4e8e\uff0c\u6700\u7ec8<\/td>\n<\/tr>\n<tr>\n<td width=\"238\">ke\u00a0\uff08\u8fde\u63a5\u8bcd\uff09\u7528\u4ee5\u5f15\u5bfc\u4ece\u53e5<\/td>\n<td width=\"237\">reto\u00a0\u00a0\u00a0\u00a0\u00a0\u00a0\u00a0\u00a0\u00a0\u00a0\u00a0\u00a0\u00a0\u00a0\u00a0\u00a0\u00a0\u7f51<\/td>\n<\/tr>\n<tr>\n<td width=\"238\">rakonto\u00a0\u00a0\u00a0\u00a0\u00a0\u00a0\u00a0\u00a0\u00a0\u6545\u4e8b<\/td>\n<td width=\"237\">\u015dnuro\u00a0\u00a0\u00a0\u00a0\u00a0\u00a0\u00a0\u00a0\u00a0\u00a0\u00a0\u00a0\u00a0\u00a0\u00a0\u7ef3\u7d22<\/td>\n<\/tr>\n<tr>\n<td width=\"238\">sata\u00a0\u00a0\u00a0\u00a0\u00a0\u00a0\u00a0\u00a0\u00a0\u00a0\u00a0\u00a0\u00a0\u00a0\u00a0\u9971\u7684<\/td>\n<td width=\"237\">ligi\u00a0\u00a0\u00a0\u00a0\u00a0\u00a0\u00a0\u00a0\u00a0\u00a0\u00a0\u00a0\u00a0\u00a0\u00a0\u00a0\u00a0\u00a0\u00a0\u6346\uff0c\u7f1a<\/td>\n<\/tr>\n<tr>\n<td width=\"238\">malsata\u00a0\u00a0\u00a0\u00a0\u00a0\u00a0\u00a0\u00a0\u00a0\u00a0\u997f\u7684<\/td>\n<td width=\"237\">mordi\u00a0\u00a0\u00a0\u00a0\u00a0\u00a0\u00a0\u00a0\u00a0\u00a0\u00a0\u00a0\u00a0\u00a0\u00a0\u54ac<\/td>\n<\/tr>\n<tr>\n<td width=\"238\">pensi\u00a0\u00a0\u00a0\u00a0\u00a0\u00a0\u00a0\u00a0\u00a0\u00a0\u00a0\u00a0\u00a0\u00a0\u60f3\uff0c\u601d\u8003<\/td>\n<td width=\"237\">tra\u00a0\u00a0\u00a0\u00a0\u00a0\u00a0\uff08\u4ecb\u8bcd\uff09\u7a7f\u8fc7<\/td>\n<\/tr>\n<tr>\n<td width=\"238\">stomako\u00a0\u00a0\u00a0\u00a0\u00a0\u00a0\u00a0\u00a0\u00a0\u809a\u5b50\uff0c\u80c3<\/td>\n<td width=\"237\">dento\u00a0\u00a0\u00a0\u00a0\u00a0\u00a0\u00a0\u00a0\u00a0\u00a0\u00a0\u00a0\u00a0\u00a0\u00a0\u00a0\u7259\u9f7f<\/td>\n<\/tr>\n<tr>\n<td width=\"238\">atenta\u00a0\u00a0\u00a0\u00a0\u00a0\u00a0\u00a0\u00a0\u00a0\u00a0\u00a0\u00a0\u00a0\u6ce8\u610f\u7684<\/td>\n<td width=\"237\">akra\u00a0\u00a0\u00a0\u00a0\u00a0\u00a0\u5c16\u5229\u7684\uff0c\u950b\u5229\u7684<\/td>\n<\/tr>\n<tr>\n<td width=\"238\">kapti\u00a0\u00a0\u00a0\u00a0\u00a0\u00a0\u00a0\u00a0\u00a0\u00a0\u00a0\u00a0\u00a0\u00a0\u00a0\u6293\u4f4f<\/td>\n<td width=\"237\">balda\u016d\u00a0\u00a0\u00a0\u00a0\u00a0\u00a0\u00a0\u00a0\u00a0\u00a0\u00a0\u00a0\u4e0d\u4e45\uff0c\u5f88\u5feb<\/td>\n<\/tr>\n<tr>\n<td width=\"238\">teni\u00a0\u00a0\u00a0\u00a0\u00a0\u00a0\u00a0\u00a0\u00a0\u62ff\u7740\uff0c\u6267\u4f4f\u4e0d\u653e<\/td>\n<td width=\"237\">opinii\u00a0\u00a0\u00a0\u00a0\u00a0\u00a0\u00a0\u00a0\u8ba4\u4e3a<\/td>\n<\/tr>\n<tr>\n<td width=\"238\">lasi\u00a0\u00a0\u00a0\u00a0\u00a0\u00a0\u00a0\u00a0\u00a0\u00a0\u00a0\u00a0\u00a0\u00a0\u00a0\u00a0\u00a0\u4e22\u5f03\uff0c\u653e\u5f03<\/td>\n<td width=\"237\">atendi\u00a0\u00a0\u00a0\u00a0\u00a0\u00a0\u00a0\u00a0\u7b49\u5019\uff0c\u7b49\u5f85<\/td>\n<\/tr>\n<tr>\n<td width=\"238\">delasi\u00a0\u00a0\u00a0\u00a0\u00a0\u00a0\u00a0\u00a0\u00a0\u00a0\u00a0\u00a0\u00a0\u00a0\u653e\u8d70\uff0c\u677e\u5f00<\/td>\n<td width=\"237\">\u0135us\u00a0\u00a0\u00a0\u00a0\u00a0\u00a0\u00a0\u00a0\u00a0\u00a0\u00a0\u00a0\u521a\u624d<\/td>\n<\/tr>\n<tr>\n<td width=\"238\">se\u00a0\u00a0\u00a0\u00a0\u00a0\u00a0\u00a0\u00a0\u00a0\u00a0\u00a0\u00a0\u00a0\u00a0\u00a0\u00a0\u00a0\u00a0\u00a0\u5982\u679c<\/td>\n<td width=\"237\">libera\u00a0\u00a0\u00a0\u00a0\u00a0\u00a0\u81ea\u7531\u7684\uff0c\u7a7a\u95f2\u7684<\/td>\n<\/tr>\n<\/tbody>\n<\/table>\n<p style=\"font-weight: 400;\">\u3010\u6982\u8bf4\u3011<\/p>\n<p style=\"font-weight: 400;\">\u00a0\u00a0\u00a0\u00a0\u8bed\u6cd5\u91cd\u70b9\uff1a\u4e00\u3001\u5bbe\u8bed\u4ece\u53e5\uff1b\u4e8c\u3001\u5f62\u5bb9\u8bcd\u548c\u526f\u8bcd\u6700\u9ad8\u7ea7\u3002<\/p>\n<p style=\"font-weight: 400;\">\u00a0\u00a0\u00a0\u00a0\u4e00\u3001\u5bbe\u8bed\u4ece\u53e5<\/p>\n<p style=\"font-weight: 400;\">\u00a0\u00a0\u00a0\u00a0\u4ee5\u4e00\u4e2a\u53e5\u5b50\u6765\u5145\u5f53\u4e3b\u53e5\u4e2d\u7684\u5bbe\u8bed\uff0c\u53eb\u5bbe\u8bed\u4ece\u53e5\u3002\u5bbe\u8bed\u4ece\u53e5\u7684\u5f15\u5bfc\u8bcd\u662f\u00a0ke\uff1bke\u00a0\u662f\u8fde\u63a5\u8bcd\uff0c\u5728\u53e5\u5b50\u4e2d\u4e0d\u4f5c\u53e5\u5b50\u6210\u5206\uff0c\u53ea\u8d77\u4e00\u4e2a\u8fde\u63a5\u7684\u4f5c\u7528\u3002\u5982\uff1a<\/p>\n<p style=\"font-weight: 400;\">\u00a0\u00a0\u00a0 Mi kredas, ke la horlo\u011do estas \u011dusta.\u00a0\u6211\u76f8\u4fe1\u90a3\u949f\u662f\u51c6\u7684\u3002<\/p>\n<p style=\"font-weight: 400;\">\u00a0\u00a0\u00a0 la horlo\u011do estas \u011dusta\u00a0\u7531\u8fde\u8bcd\u00a0ke\u00a0\u5f15\u5bfc\uff0c\u5728\u4e3b\u53e5\u4e2d\u4f5c\u5bbe\u8bed\u3002\u201c\u949f\u662f\u51c6\u7684\u201d\u4f5c\u00a0kredas\u00a0\u7684\u5bbe\u8bed\u3002<\/p>\n<p style=\"font-weight: 400;\">\u00a0\u00a0\u00a0\u00a0\u4f7f\u7528\u65f6\uff0c\u8981\u6ce8\u610f\u00a0ke\u00a0\u4ece\u53e5\u4e0e\u4e3b\u53e5\u4e00\u822c\u8981\u7528\u9017\u53f7\u5206\u5f00\uff0c\u5bbe\u8bed\u4ece\u53e5\u53ea\u80fd\u8ddf\u5728\u4e00\u90e8\u5206\u53ca\u7269\u52a8\u8bcd\u540e\u9762\uff0c\u4e0d\u53ca\u7269\u52a8\u8bcd\u4e0d\u80fd\u6709\u5bbe\u8bed\u4ece\u53e5\u3002<\/p>\n<p style=\"font-weight: 400;\">\u00a0\u00a0\u00a0\u00a0\u53c8\u5982\uff1a<\/p>\n<p style=\"font-weight: 400;\">\u00a0\u00a0\u00a0 Mi pensas, ke vi estis malsana hiera\u016d.\u00a0\u6211\u4ee5\u4e3a\u4f60\u6628\u5929\u75c5\u4e86\u3002<\/p>\n<p style=\"font-weight: 400;\">\u00a0\u00a0\u00a0 Mi opinias, ke muso ne povas savi leonon.\u00a0\u6211\u8ba4\u4e3a\u8001\u9f20\u4e0d\u80fd\u5c31\u72ee\u5b50\u7684\u547d\u3002<\/p>\n<p style=\"font-weight: 400;\">\u00a0\u00a0\u00a0\u00a0\u4e8c\u3001\u5f62\u5bb9\u8bcd\u548c\u526f\u8bcd\u7684\u6700\u9ad8\u7ea7<\/p>\n<p style=\"font-weight: 400;\">\u00a0\u00a0\u00a0\u00a0\u6700\u9ad8\u7ea7\u7684\u7ed3\u6784\u662f\uff1a<\/p>\n<ol>\n<li style=\"font-weight: 400;\">la plej +\u5f62\u5bb9\u8bcd\u00a0+\u00a0\u8868\u793a\u8303\u56f4\u7684\u4ecb\u8bcd\u77ed\u8bed<\/li>\n<li style=\"font-weight: 400;\">plej +\u526f\u8bcd\u00a0+\u00a0\u8868\u793a\u8303\u56f4\u7684\u4ecb\u8bcd\u77ed\u8bed<\/li>\n<\/ol>\n<p style=\"font-weight: 400;\">\u00a0\u00a0\u00a0\u00a0\u4f8b\u5982\uff1a<\/p>\n<ol>\n<li style=\"font-weight: 400;\">Leono estas la plej forta besto en la mondo.\u72ee\u5b50\u662f\u4e16\u754c\u4e0a\u6700\u6709\u529b\u7684\u52a8\u7269\u3002<\/li>\n<li style=\"font-weight: 400;\">Petro estas la plej juna el ili.\u5f7c\u5f97\u662f\u4ed6\u4eec\u4e2d\u6700\u5c0f\u7684\u3002<\/li>\n<li style=\"font-weight: 400;\">Helena lernas plej diligente en la lernejo.\u6d77\u4f26\u5728\u5b66\u6821\u91cc\u5b66\u4e60\u6700\u7528\u529f\u3002<\/li>\n<li style=\"font-weight: 400;\">Petro kuras plej rapide el la studentoj.\u5f7c\u5f97\u5728\u5b66\u751f\u4e2d\u8dd1\u5f97\u6700\u5feb\u3002<\/li>\n<\/ol>\n<p style=\"font-weight: 400;\">\u00a0\u00a0\u00a0\u00a0\u4f7f\u7528\u6700\u9ad8\u7ea7\u65f6\uff0c\u5e94\u6ce8\u610f\u4ee5\u4e0b\u51e0\u70b9\uff1a<\/p>\n<ol>\n<li style=\"font-weight: 400;\">\u8868\u793a\u8303\u56f4\u7684\u4ecb\u8bcd\u8981\u6839\u636e\u60c5\u51b5\u9009\u62e9\u3002\u5982\u679c\u88ab\u6bd4\u8f83\u7684\u4eba\u6216\u7269\u662f\u8fd9\u4e2a\u8303\u56f4\u4e2d\u7684\u4e00\u5458\uff0c\u5c31\u7528\u00a0el\u00a0\uff1b\u5982\u679c\u88ab\u6bd4\u8f83\u7684\u90e8\u5206\u662f\u67d0\u4e2a\u73af\u5883\u6216\u5730\u65b9\u4e2d\u7684\u4eba\u6216\u7269\uff0c\u5c31\u7528\u00a0en\u00a0\u6216\u5176\u4ed6\u9002\u5f53\u7684\u4ecb\u8bcd\u3002<\/li>\n<li style=\"font-weight: 400;\">\u5728\u5f62\u5bb9\u8bcd\u7684\u6700\u9ad8\u7ea7\u524d\u4e00\u5b9a\u8981\u52a0\u5b9a\u51a0\u8bcd\u00a0la\u00a0\u3002\u56e0\u4e3a\u5728\u5f62\u5bb9\u8bcd\u540e\u9762\u7701\u7565\u4e86\u7279\u5b9a\u7684\u4eba\u6216\u7269\uff0c\u4e5f\u5c31\u662f\u8bf4\uff0c\u5728\u5f62\u5bb9\u8bcd\u6700\u9ad8\u7ea7\u540e\u4e00\u822c\u90fd\u6709\u540d\u8bcd\uff0c\u8fd9\u4e2a\u540d\u8bcd\u7ecf\u5e38\u662f\u7701\u7565\u7684\u3002\u5982\u00a0Petro estas la plej juna el ili\u00a0\u5b9e\u9645\u4e0a\u662f\u00a0Petro estas la plej juna lernanto\uff08\u6216: homo\uff09el ili\u00a0\u7684\u7701\u7565\u5f62\u5f0f\u3002<\/li>\n<li style=\"font-weight: 400;\">\u5728\u526f\u8bcd\u7684\u6700\u9ad8\u7ea7\u4e4b\u524d\u4e0d\u7528\u5b9a\u51a0\u8bcd\u3002<\/li>\n<\/ol>\n<p style=\"font-weight: 400;\">\u3010\u53e5\u578b\u4e0e\u8bfe\u6587\u6ce8\u91ca\u3011<\/p>\n<ol>\n<li style=\"font-weight: 400;\">\u5bbe\u8bed\u4ece\u53e5\u4e2d\u5e94\u5f53\u4f7f\u7528\u76f8\u5e94\u7684\u65f6\u6001\u3002\u8bf7\u53c2\u89c1\u672c\u8bfe\u8bed\u6cd5\u9879\u76ee\u3002<\/li>\n<li style=\"font-weight: 400;\">muso estas unu el la plej malfortaj bestoj:\u8001\u9f20\u662f\u6700\u865a\u5f31\u7684\u52a8\u7269\u4e4b\u4e00\u3002<\/li>\n<\/ol>\n<p style=\"font-weight: 400;\">\u00a0\u00a0\u00a0 1)\u00a0\u8fd9\u4e2a\u53e5\u5b50\u540e\u9762\u7701\u7565\u4e86\u8868\u793a\u8303\u56f4\u7684\u77ed\u8bed\uff1aen la mondo<\/p>\n<p style=\"font-weight: 400;\">\u00a0\u00a0\u00a0 2) unu el&#8230;\uff1a\u2026\u2026\u4e4b\u4e00<\/p>\n<ol start=\"3\">\n<li style=\"font-weight: 400;\">por la stomako\uff1a\u4e3a\u4e86\u81ea\u5df1\u7684\u809a\u5b50\uff0c\u4e3a\u4e86\u5403\u9971\u3002<\/li>\n<li style=\"font-weight: 400;\">la leono tenis la muson kaj ne delasis lin\uff1a\u72ee\u5b50\u7d27\u7d27\u5730\u6293\u4f4f\u8001\u9f20\u4e0d\u653e\u4ed6\u8d70\u3002<\/li>\n<\/ol>\n<p style=\"font-weight: 400;\">\u00a0\u00a0\u00a0 1\uff09\u8fd9\u7bc7\u6545\u4e8b\u662f\u91c7\u7528\u7684\u62df\u4eba\u5316\uff0c\u7528\u00a0li\u00a0\u4ee3\u66ff\u00a0\u011di\u3002<\/p>\n<p style=\"font-weight: 400;\">\u00a0\u00a0\u00a0 2\uff09delasi\uff1a\u653e\u4e0b\uff0c\u653e\u8d70\u3002de-lasi<\/p>\n<ol start=\"5\">\n<li style=\"font-weight: 400;\">helpi al iu = helpi iun\uff08\u5e2e\u52a9\u67d0\u4eba\uff09<\/li>\n<li style=\"font-weight: 400;\">sed vi devos esti pli atenta ol vi estis anta\u016de\uff1a\u4f60\uff08\u4eca\u540e\uff09\u987b\u6bd4\u4ee5\u524d\u8981\u5c0f\u5fc3\u3002<\/li>\n<\/ol>\n<p style=\"font-weight: 400;\">\u00a0\u00a0\u00a0\u00a0\u4ee5\u00a0ol\u00a0\u5f15\u5bfc\u7684\u6bd4\u8f83\u90e8\u5206\u7684\u65f6\u6001\u4e0e\u4e3b\u53e5\u90e8\u5206\u7684\u65f6\u6001\u4e0d\u540c\uff0c\u6700\u597d\u4e0d\u8981\u7701\u7565\u00a0vi estis\u3002<\/p>\n<ol start=\"7\">\n<li style=\"font-weight: 400;\">tramordi\uff1a\u54ac\u7a7f\uff0c\u54ac\u65ad\u3002unu\u662ftramordis\u7684\u5bbe\u8bed\uff0c\u4f46\u56e0unu\u00a0\u4e0d\u662f\u540d\u8bcd\u5f62\u5f0f\uff0c\u56e0\u6b64\u4e0d\u52a0\u5bbe\u683c\u8bcd\u5c3e\u00a0-n\u3002<\/li>\n<li style=\"font-weight: 400;\">kaj poste alian = kaj poste li tramordis alian (\u015dnuron)\u3002<\/li>\n<\/ol>\n<p style=\"font-weight: 400;\">\u00a0\u00a0\u00a0Gramatiko<strong>\u00a0\uff08\u8bed\u6cd5\uff09<br \/>\n<\/strong><\/p>\n<p style=\"font-weight: 400;\"><strong>\u4e00\u3001\u4ece\u53e5\u4e2d\u7684\u65f6\u6001<\/strong><\/p>\n<p style=\"font-weight: 400;\">\u00a0\u00a0\u00a0\u00a0\u5728\u4f7f\u7528\u4ece\u53e5\u65f6\uff0c\u8981\u7279\u522b\u6ce8\u610f\u65f6\u6001\u3002\u4e16\u754c\u8bed\u4ece\u53e5\u4e2d\u7684\u65f6\u6001\u5206\u4e3a\u4e24\u5927\u7c7b\uff1a\u7edd\u5bf9\u65f6\u6001\u548c\u76f8\u5bf9\u65f6\u6001\u3002<\/p>\n<p style=\"font-weight: 400;\">\u00a0\u00a0\u00a0\u00a0<strong>\u7edd\u5bf9\u65f6\u6001<\/strong><\/p>\n<p style=\"font-weight: 400;\">\u00a0\u00a0\u00a0\u00a0\u4ee5\u8bf4\u8bdd\u65f6\u7684\u65f6\u95f4\u4e3a\u51c6\uff0c\u4ee5\u52a8\u4f5c\u53d1\u751f\u4e0e\u5426\u6765\u51b3\u5b9a\u7528\u8fc7\u53bb\u5f0f\u3001\u73b0\u5728\u65f6\u6216\u5c06\u6765\u65f6\uff0c\u8fd9\u53eb\u7edd\u5bf9\u65f6\u6001\u3002<\/p>\n<p style=\"font-weight: 400;\">\u00a0\u00a0\u00a0\u00a0\u52a8\u4f5c\u5df2\u53d1\u751f\u8fc7\uff0c\u7528\u8fc7\u53bb\u65f6\uff1b\u6b63\u5728\u53d1\u751f\u7528\u73b0\u5728\u662f\uff0c\u5c06\u8981\u53d1\u751f\u5219\u7528\u5c06\u6765\u65f6\uff0c\u8fd9\u79cd\u65f6\u6001\u7528\u5f97\u6700\u5e7f\u3002\u9664\u540d\u8bcd\u6027\u4ece\u53e5\u5916\uff0c\u90fd\u7528\u8fd9\u79cd\u65f6\u6001\uff0c\u5305\u62ec\u4e3b\u53e5\u548c\u5176\u4ed6\u4ece\u53e5\uff08\u5982\u72b6\u8bed\u4ece\u53e5\u3001\u5b9a\u8bed\u4ece\u53e5\u7b49\uff09\u3002\u4f8b\uff1a<\/p>\n<p style=\"font-weight: 400;\">\u00a0\u00a0\u00a0\u00a0 Mi morga\u016d legos la libron, kiun vi legis hiera\u016d.\u00a0\uff08\u6211\u660e\u5929\u8bfb\u4f60\u6628\u5929\u8bfb\u8fc7\u7684\u90a3\u672c\u4e66\u3002\uff09<\/p>\n<p style=\"font-weight: 400;\">\u00a0\u00a0\u00a0\u00a0\u8fd9\u4e2a\u53e5\u5b50\u4e2d\u7684\u4e24\u4e2a\u90e8\u5206\u90fd\u7528\u7684\u662f\u7edd\u5bf9\u65f6\u6001\u3002\u4e00\u4e2a\u5df2\u53d1\u751f\uff0c\u4e00\u4e2a\u672a\u53d1\u751f\u3002\u5df2\u53d1\u751f\u7528\u8fc7\u53bb\u65f6\uff0c\u672a\u53d1\u751f\u7528\u5c06\u6765\u65f6\u3002<\/p>\n<p style=\"font-weight: 400;\">\u00a0\u00a0\u00a0 Kiam mi venis en la \u0109ambron, li legis la libron.\u00a0\uff08\u6211\u8d70\u8fdb\u623f\u95f4\u65f6\uff0c\u4ed6\u6b63\u5728\u8bfb\u4e66\u3002\uff09<\/p>\n<p style=\"font-weight: 400;\">\u00a0\u00a0\u00a0\u00a0\u4e24\u4e2a\u52a8\u4f5c\u90fd\u53d1\u751f\u5728\u8bf4\u8bdd\u4e4b\u524d\uff0c\u6240\u4ee5\u90fd\u7528\u8fc7\u53bb\u65f6\u3002<\/p>\n<p style=\"font-weight: 400;\">\u00a0\u00a0\u00a0\u00a0<strong>\u76f8\u5bf9\u65f6\u6001<\/strong><\/p>\n<p style=\"font-weight: 400;\">\u00a0\u00a0\u00a0\u00a0\u4e3b\u53e5\u4e2d\u7167\u4e0a\u9762\u63d0\u5230\u7684\u65b9\u6cd5\u4f7f\u7528\u65f6\u6001\uff0c\u800c\u4ece\u53e5\u5219\u4ee5\u8be5\u53e5\u4e2d\u7684\u52a8\u4f5c\u4e0e\u4e3b\u53e5\u52a8\u4f5c\u53d1\u751f\u5148\u540e\u76f8\u6bd4\u8f83\u4e3a\u51c6\u4f7f\u7528\u65f6\u6001\uff0c\u8fd9\u53eb\u76f8\u5bf9\u65f6\u6001\u3002<\/p>\n<p style=\"font-weight: 400;\">\u00a0\u00a0\u00a0\u00a0\u4e5f\u5c31\u662f\u8bf4\uff0c\u4ece\u53e5\u7684\u65f6\u6001\u4e0e\u8bf4\u8bdd\u7684\u65f6\u95f4\u65e0\u5173\uff0c\u4e0d\u8003\u8651\u662f\u5426\u53d1\u751f\u5728\u8bf4\u8bdd\u65f6\u7684\u524d\u540e\uff0c\u800c\u53ea\u8003\u8651\u5b83\u662f\u53d1\u751f\u5728\u4e3b\u53e5\u52a8\u4f5c\u7684\u524d\u540e\u6216\u540c\u65f6\u53d1\u751f\u3002\u4ece\u53e5\u52a8\u8bcd\u7684\u52a8\u4f5c\u82e5\u53d1\u751f\u5728\u4e3b\u53e5\u52a8\u8bcd\u7684\u52a8\u4f5c\u4e4b\u524d\uff0c\u7528\u8fc7\u53bb\u65f6\uff1b\u4e4b\u540e\uff0c\u7528\u5c06\u6765\u65f6\uff1b\u540c\u65f6\uff0c\u7528\u4e00\u822c\u73b0\u5728\u65f6\u3002<\/p>\n<p style=\"font-weight: 400;\">\u00a0\u00a0\u00a0 Mi scias, ke li legas.\u00a0\uff08\u6211\u77e5\u9053\uff0c\u4ed6\u73b0\u5728\u6b63\u5728\u8bfb\u3002\uff09<\/p>\n<p style=\"font-weight: 400;\">\u00a0\u00a0\u00a0 Mi scias, ke li legis.\uff08\u6211\u77e5\u9053\uff0c\u4ed6\u5df2\u7ecf\u8bfb\u8fc7\u4e86\u3002\uff09<\/p>\n<p style=\"font-weight: 400;\">\u00a0\u00a0\u00a0 Mi scias, ke li legos.\u00a0\uff08\u6211\u77e5\u9053\uff0c\u4ed6\u5c06\u8981\u8bfb\u3002\uff09<\/p>\n<p style=\"font-weight: 400;\">\u00a0\u00a0\u00a0\u00a0\u4ece\u53e5\u52a8\u8bcd\u6240\u7528\u7684\u65f6\u6001\uff0c\u4e0d\u8003\u8651\u4e3b\u53e5\u7528\u4ec0\u4e48\u65f6\u6001\uff0c\u800c\u53ea\u5c06\u4e24\u4e2a\u52a8\u4f5c\u53d1\u751f\u5148\u540e\u76f8\u6bd4\u8f83\u800c\u51b3\u5b9a\u4ece\u53e5\u7684\u65f6\u6001\u3002\u518d\u5982\uff1a<\/p>\n<p style=\"font-weight: 400;\">\u00a0\u00a0\u00a0 Mi sciis, ke li legas.\u00a0\uff08legi\u00a0\u4e0escii\u540c\u65f6\u53d1\u751f\uff09<\/p>\n<p style=\"font-weight: 400;\">\u00a0\u00a0\u00a0 Mi sciis, ke li legis.\u00a0\uff08legi\u53d1\u751f\u5728\u524d\uff0cscii\u5728\u540e\uff09<\/p>\n<p style=\"font-weight: 400;\">\u00a0\u00a0\u00a0 Mi sciis, ke li legos.\u00a0\uff08legi\u00a0\u53d1\u751f\u5728\u540e\uff0cscii\u00a0\u5728\u524d\uff09<\/p>\n<p style=\"font-weight: 400;\">\u00a0\u00a0\u00a0\u00a0\u5bbe\u8bed\u4ece\u53e5\u5fc5\u987b\u4f7f\u7528\u76f8\u5bf9\u65f6\u6001\u3002<\/p>\n<p style=\"font-weight: 400;\"><strong>\u4e8c\u3001\u8bcd\u7684\u79cd\u7c7b\uff08\u4e8c\uff09<\/strong><\/p>\n<p style=\"font-weight: 400;\">\u00a0\u00a0\u00a0\u00a0\u5728\u7b2c\u4e09\u8bfe\u7684\u8bed\u6cd5\u9879\u76ee\u4e2d\u6211\u4eec\u4ecb\u7ecd\u4e86\u540d\u8bcd\u3001\u52a8\u8bcd\u3001\u526f\u8bcd\u3001\u5f62\u5bb9\u8bcd\u3001\u4ecb\u8bcd\u3001\u51a0\u8bcd\u548c\u4ee3\u8bcd\u3002\u73b0\u5728\uff0c\u6211\u4eec\u5c06\u53e6\u5916\u4e09\u79cd\u8bcd\u7c7b\u8865\u5145\u4e00\u4e0b\u3002<\/p>\n<ol>\n<li style=\"font-weight: 400;\">\u6570\u8bcd<\/li>\n<\/ol>\n<p style=\"font-weight: 400;\">\u00a0\u00a0\u00a0\u00a0\u6570\u8bcd\u5206\u4e3a\u4e24\u7c7b\uff1a\u57fa\u6570\u8bcd\u548c\u5e8f\u6570\u8bcd\u3002<\/p>\n<p style=\"font-weight: 400;\">\u00a0\u00a0\u00a0\u00a0\u57fa\u6570\u8bcd\u53ef\u4ee5\u5145\u5f53\u4e3b\u8bed\u3001\u5b9a\u8bed\u3001\u8868\u8bed\u7b49\u3002<\/p>\n<p style=\"font-weight: 400;\">\u00a0\u00a0\u00a0\u00a0\u5e8f\u6570\u8bcd\u53ef\u4ee5\u5145\u5f53\u5b9a\u8bed\u3002\u5e8f\u6570\u8bcd\u5e38\u7528\u4e8e\u8868\u793a\u65f6\u95f4\u7684\u949f\u70b9\u3001\u65e5\u671f\u7b49\u3002<\/p>\n<ol start=\"2\">\n<li style=\"font-weight: 400;\">\u8fde\u8bcd<\/li>\n<\/ol>\n<p style=\"font-weight: 400;\">\u00a0\u00a0\u00a0\u00a0\u8fde\u8bcd\u5206\u4e3a\u5e76\u5217\u8fde\u8bcd\u548c\u4ece\u5c5e\u8fde\u8bcd\u4e24\u79cd\u3002<\/p>\n<p style=\"font-weight: 400;\">\u00a0\u00a0\u00a0\u00a0\u5e76\u5217\u8fde\u8bcd\u7528\u6765\u8fde\u63a5\u5e76\u5217\u53e5\uff0c\u5982\u00a0sed, kaj\u7b49\u3002<\/p>\n<p style=\"font-weight: 400;\">\u00a0\u00a0\u00a0\u00a0\u4ece\u5c5e\u8fde\u8bcd\u7528\u6765\u8fde\u63a5\u4ece\u53e5\uff0c\u5982\u00a0kiam, \u0109ar, kvankam\u00a0\u7b49\u3002<\/p>\n<ol start=\"3\">\n<li style=\"font-weight: 400;\">\u53f9\u8bcd<\/li>\n<\/ol>\n<p style=\"font-weight: 400;\">\u00a0\u00a0\u00a0\u00a0\u53f9\u8bcd\u7528\u6765\u8868\u793a\u60ca\u5947\u3001\u7591\u95ee\u3001\u6c14\u6124\u7b49\u3002\u5982\uff1aA\u0125\uff08\u554a\uff09, Ho\uff08\u55ec\uff09\u3002<\/p>\n<p style=\"font-weight: 400;\">\u00a0\u00a0\u00a0\u00a0\u8fd9\u6837\uff0c\u4e16\u754c\u8bed\u7684\u8bcd\u7c7b\u4e00\u5171\u662f\u5341\u5927\u7c7b\u3002\u4eca\u540e\u6211\u4eec\u5c06\u8fdb\u4e00\u6b65\u5b66\u4e60\u8fd9\u4e9b\u8bcd\u7c7b\u7684\u5404\u79cd\u5177\u4f53\u7528\u6cd5\u3002<\/p>\n<p style=\"font-weight: 400;\"><strong>\u540c\u4e49\u8bcd<\/strong><\/p>\n<p style=\"font-weight: 400;\"><strong>lernanto, studento<\/strong><\/p>\n<p style=\"font-weight: 400;\">\u00a0\u00a0\u00a0\u00a0\u00a0\u00a0\u4e24\u4e2a\u8bcd\u90fd\u53ef\u4ee5\u8868\u793a\u201c\u5b66\u751f\u201d\uff0c\u4f46\u8868\u793a\u7684\u5185\u5bb9\u4e0d\u540c\u3002<\/p>\n<p style=\"font-weight: 400;\">\u00a0\u00a0\u00a0 lernanto\u8868\u793a\u7684\u610f\u4e49\u6bd4\u00a0studento\u5149\u3002\u51e1\u662f\u5b66\u4e60\u7684\u4eba\u90fd\u53ef\u4ee5\u79f0\u4f5c\u00a0lernanto\uff0c\u5982\u5927\u3001\u4e2d\u3001\u5c0f\u5b66\uff0c\u9009\u4fee\u73ed\uff0c\u81ea\u5b66\u8005\uff0c\u591c\u6821\u7684\u5b66\u751f\u6216\u8bb2\u4e60\u73ed\u7684\u5b66\u751f\u7b49\u3002<\/p>\n<p style=\"font-weight: 400;\">\u00a0\u00a0\u00a0\u00a0\u5982\uff1aMiestas lernanto en la Esperanto-kurso.\u00a0\uff08\u6211\u662f\u4e16\u754c\u8bed\u8bb2\u4e60\u73ed\u7684\u5b66\u751f\u3002\uff09<\/p>\n<p style=\"font-weight: 400;\">\u00a0\u00a0\u00a0 Li estas lernanto en iu elementa lernejo.\u00a0\uff08\u4ed6\u662f\u67d0\u6240\u5c0f\u5b66\u7684\u5b66\u751f\u3002\uff09<\/p>\n<p style=\"font-weight: 400;\">\u00a0\u00a0\u00a0 studento\u00a0\u4e00\u822c\u53ea\u80fd\u7528\u4e8e\u201c\u5927\u5b66\u751f\u201d\u4e4b\u4e49\u3002\u5b83\u7684\u8bcd\u4e49\u6bd4lernanto\u7a84\u5f97\u591a\u3002<\/p>\n<p style=\"font-weight: 400;\">\u00a0\u00a0\u00a0\u00a0\u5982\uff1aPetroestas studento en la universitato.\u00a0\uff08\u5f7c\u5f97\u662f\u90a3\u6240\u5927\u5b66\u7684\u5b66\u751f\u3002\uff09<\/p>\n<p style=\"font-weight: 400;\">\u00a0\u00a0\u00a0 lernanto\u53ef\u4ee5\u4ee3\u66ff\u00a0studento\uff0c\u4f46\u00a0studento\u00a0\u4e0d\u53ef\u4ee3\u66ff\u00a0lernanto\u3002\u9664\u4e86\u00a0lernanto\u00a0\u8868\u793a\u201c\u5927\u5b66\u751f\u201d\u65f6\u53ef\u4ee5\u7528\u00a0studento\u00a0\u4ee3\u66ff\u65f6\uff0c\u5176\u4ed6\u60c5\u51b5\u6700\u597d\u4e0d\u8981\u7528\u00a0studento\u3002<\/p>\n<p style=\"font-weight: 400;\"><a href=\"https:\/\/reto.cn\/php\/hanyu\/kurso-de-esperanto\/\">\u8fd4\u56de\u76ee\u5f55<\/a><\/p>\n","protected":false},"excerpt":{"rendered":"<p>La Dek-kvina Leciono \u7b2c\u5341\u4e94\u8bfe \ufeff \u3010Tipaj frazoj\u3011 1. Leono Mus\u2026 <span class=\"read-more\"><a href=\"https:\/\/reto.cn\/php\/hanyu\/kurso-de-esperanto\/ekurso15\/\">\u7ee7\u7eed\u9605\u8bfb Legi pli &raquo;<\/a><\/span><\/p>\n","protected":false},"author":1,"featured_media":0,"parent":8240,"menu_order":0,"comment_status":"open","ping_status":"closed","template":"","meta":{"footnotes":""},"_links":{"self":[{"href":"https:\/\/reto.cn\/php\/hanyu\/wp-json\/wp\/v2\/pages\/8327"}],"collection":[{"href":"https:\/\/reto.cn\/php\/hanyu\/wp-json\/wp\/v2\/pages"}],"about":[{"href":"https:\/\/reto.cn\/php\/hanyu\/wp-json\/wp\/v2\/types\/page"}],"author":[{"embeddable":true,"href":"https:\/\/reto.cn\/php\/hanyu\/wp-json\/wp\/v2\/users\/1"}],"replies":[{"embeddable":true,"href":"https:\/\/reto.cn\/php\/hanyu\/wp-json\/wp\/v2\/comments?post=8327"}],"version-history":[{"count":0,"href":"https:\/\/reto.cn\/php\/hanyu\/wp-json\/wp\/v2\/pages\/8327\/revisions"}],"up":[{"embeddable":true,"href":"https:\/\/reto.cn\/php\/hanyu\/wp-json\/wp\/v2\/pages\/8240"}],"wp:attachment":[{"href":"https:\/\/reto.cn\/php\/hanyu\/wp-json\/wp\/v2\/media?parent=8327"}],"curies":[{"name":"wp","href":"https:\/\/api.w.org\/{rel}","templated":true}]}}