{"id":8336,"date":"2021-10-07T14:17:40","date_gmt":"2021-10-07T06:17:40","guid":{"rendered":"http:\/\/reto.cn\/php\/hanyu\/?page_id=8336"},"modified":"2022-01-31T14:51:37","modified_gmt":"2022-01-31T06:51:37","slug":"ekurso19","status":"publish","type":"page","link":"https:\/\/reto.cn\/php\/hanyu\/kurso-de-esperanto\/ekurso19\/","title":{"rendered":"\u4e16\u754c\u8bed\u6559\u7a0b \u7b2c\u5341\u4e5d\u8bfe"},"content":{"rendered":"\n<p style=\"font-weight: 400;\"><strong>La Dek-na\u016da Leciono<\/strong><\/p>\n<p style=\"font-weight: 400;\"><strong>\u7b2c\u5341\u4e5d\u8bfe<\/strong><\/p>\n<p><audio style=\"margin: auto; top: 0; right: 0; bottom: 0; left: 0;\" src=\"https:\/\/reto.cn\/hanyu\/ekurso\/ekurso19.mp3\" controls=\"controls\"><span data-mce-type=\"bookmark\" style=\"display: inline-block; width: 0px; overflow: hidden; line-height: 0;\" class=\"mce_SELRES_start\">\ufeff<\/span><\/audio><\/p>\n<p style=\"font-weight: 400;\">\u3010Tipaj frazoj\u3011<\/p>\n<ol>\n<li style=\"font-weight: 400;\"><strong> La koko saltis sur la bran\u0109on (tablon, se\u011don).<\/strong><\/li>\n<\/ol>\n<p style=\"font-weight: 400;\"><strong>\u00a0<\/strong><\/p>\n<table width=\"37%\">\n<tbody>\n<tr>\n<td width=\"3%\"><strong>2.<\/strong><\/td>\n<td width=\"35%\"><strong>Tran\u0109ilo<br \/>\nFre\u015da aero<br \/>\nTiu afero<\/strong><\/td>\n<td width=\"18%\"><strong>estas<\/strong><\/td>\n<td width=\"44%\"><strong>mortiga.<br \/>\nsaniga.<br \/>\n\u011dojiga.<\/strong><\/td>\n<\/tr>\n<\/tbody>\n<\/table>\n<p style=\"font-weight: 400;\"><strong>\u3000<\/strong><\/p>\n<ol start=\"3\">\n<li style=\"font-weight: 400;\"><strong> Mi dankas al vi pro via helpo (libro, plumo).<\/strong><\/li>\n<\/ol>\n<p style=\"font-weight: 400;\"><strong>\u3000<\/strong><\/p>\n<table width=\"55%\">\n<tbody>\n<tr>\n<td width=\"4%\"><strong>4.<\/strong><\/td>\n<td width=\"28%\"><strong>La asocio<br \/>\nIli<br \/>\nLa akcidento<\/strong><\/td>\n<td width=\"21%\"><strong>okazigis<\/strong><\/td>\n<td width=\"47%\"><strong>kongreson.<br \/>\nkunvenon.<br \/>\nmorton de tri homoj<\/strong><\/td>\n<\/tr>\n<\/tbody>\n<\/table>\n<p style=\"font-weight: 400;\"><strong>Teksto<\/strong><\/p>\n<p style=\"font-weight: 400;\"><strong>\u00a0La Koko kaj la Vulpo<\/strong><\/p>\n<p style=\"font-weight: 400;\">\u00a0\u00a0\u00a0Iumetene koko promenadis en arbaro. Li vidis arbegon kaj saltis sur \u011dian bran\u0109on.<\/p>\n<p style=\"font-weight: 400;\">\u00a0\u00a0\u00a0 Post momento aperis vulpo en la proksimo. Li ser\u0109is ion por man\u011di. Kiam li ekvidis la kokon supre en la arbego, li tre \u011dojis kaj diris al si mem, &#8220;Tio estas mia matenman\u011do.&#8221;<\/p>\n<p style=\"font-weight: 400;\">\u00a0\u00a0\u00a0 Por tio la vulpo iris al la arbego kaj diris,<\/p>\n<p style=\"font-weight: 400;\">\u00a0\u00a0\u00a0 &#8220;Bonan matenon, mia kara amiko. Kiel vi fartas?&#8221;<\/p>\n<p style=\"font-weight: 400;\">\u00a0\u00a0\u00a0 &#8220;Mi fartas tre bone, dankon,&#8221; diris la koko. &#8220;Kiel vi fartas?&#8221;<\/p>\n<p style=\"font-weight: 400;\">\u00a0\u00a0\u00a0 &#8220;Bone, mi dankas vin. \u0108u vi scias, ke \u0109iuj bestoj nuntempe fari\u011das amikoj?&#8221; demandis la vulpo. &#8220;Hiera\u016d nokte ni okazigis kunvenon. Ni interkonsentis, ke ni devas haltigi interbatalojn. Ekde nun, \u0109iuj bestoj estas amikoj.&#8221;<\/p>\n<p style=\"font-weight: 400;\">\u00a0\u00a0\u00a0 &#8220;Tio estas \u011dojiga,&#8221; diris la koko.<\/p>\n<p style=\"font-weight: 400;\">\u00a0\u00a0\u00a0 &#8220;Venu al mia hejmo. Ni prenu matenman\u011don kune.&#8221;<\/p>\n<p style=\"font-weight: 400;\">\u00a0\u00a0\u00a0 &#8220;Bone,&#8221; diris la koko. &#8220;Sed mi vidis hundon tie. Li direkti\u011das \u0109i tien. Ni invitu lin al la matenman\u011do kaj ni prenu matenman\u011don kune.&#8221;<\/p>\n<p style=\"font-weight: 400;\">\u00a0\u00a0\u00a0 &#8220;Hundon?&#8221; demandis la vulpo. &#8220;\u0108u vi diris, ke vi vidas hundon? Do, \u011dis revido!&#8221; Li ne volis matenman\u011di kune kun la hundo kaj rapide forkuris.<\/p>\n<p style=\"font-weight: 400;\">\u00a0\u00a0\u00a0 &#8220;Mia kara vulpo, kien vi iras?&#8221; demandis la koko. &#8220;\u0108u vi ne diris, ke \u0109iuj bestoj estas amikoj? Kial vi timas la hundon?&#8221;<\/p>\n<p style=\"font-weight: 400;\"><strong>Vortoj (\u751f\u8bcd)<\/strong><\/p>\n<table width=\"475\">\n<tbody>\n<tr>\n<td width=\"238\">salti\u00a0\u00a0\u00a0\u00a0\u00a0\u00a0\u00a0\u00a0\u00a0\u00a0\u00a0\u00a0\u00a0\u00a0\u8df3\uff0c\u8df3\u8dc3<\/td>\n<td width=\"237\">fre\u015da\u00a0\u00a0\u00a0\u00a0\u00a0\u00a0\u00a0\u00a0\u00a0\u00a0\u00a0\u00a0\u65b0\u9c9c\u7684<\/td>\n<\/tr>\n<tr>\n<td width=\"238\">bran\u0109o\u00a0\u00a0\u00a0\u00a0\u00a0\u00a0\u00a0\u00a0\u00a0\u00a0\u6811\u679d<\/td>\n<td width=\"237\">aero\u00a0\u00a0\u00a0\u00a0\u00a0\u00a0\u00a0\u00a0\u00a0\u00a0\u00a0\u00a0\u00a0\u7a7a\u6c14<\/td>\n<\/tr>\n<tr>\n<td width=\"238\">tran\u0109i\u00a0\u00a0\u00a0\u00a0\u00a0\u00a0\u00a0\u00a0\u00a0\u00a0\u00a0\u00a0\u5207\uff0c\u5272<\/td>\n<td width=\"237\">morti\u00a0\u00a0\u00a0\u00a0\u00a0\u00a0\u00a0\u00a0\u00a0\u00a0\u00a0\u00a0\u6b7b<\/td>\n<\/tr>\n<tr>\n<td width=\"238\">asocio\u00a0\u00a0\u00a0\u00a0\u00a0\u00a0\u00a0\u00a0\u00a0\u00a0\u00a0\u00a0\u534f\u4f1a<\/td>\n<td width=\"237\">timi\u00a0\u00a0\u00a0\u00a0\u00a0\u00a0\u00a0\u00a0\u00a0\u00a0\u00a0\u00a0\u00a0\u00a0\u00a0\u5bb3\u6015<\/td>\n<\/tr>\n<tr>\n<td width=\"238\">kongreso\u00a0\u00a0\u00a0\u00a0\u00a0\u00a0\u00a0\u00a0\u5927\u4f1a<\/td>\n<td width=\"237\">nova\u00a0\u00a0\u00a0\u00a0\u00a0\u00a0\u00a0\u00a0\u00a0\u00a0\u00a0\u00a0\u00a0\u00a0\u65b0\u7684<\/td>\n<\/tr>\n<tr>\n<td width=\"238\">akcidento\u00a0\u00a0\u00a0\u00a0\u00a0\u00a0\u00a0\u4e8b\u6545<\/td>\n<td width=\"237\">kunveno\u00a0\u00a0\u00a0\u00a0\u00a0\u00a0\u00a0\u00a0\u00a0\u4f1a\u8bae<\/td>\n<\/tr>\n<tr>\n<td width=\"238\">vulpo\u00a0\u00a0\u00a0\u00a0\u00a0\u00a0\u00a0\u00a0\u00a0\u00a0\u00a0\u00a0\u00a0\u72d0\u72f8<\/td>\n<td width=\"237\">momento\u00a0\u00a0\u00a0\u00a0\u00a0\u00a0\u00a0\u00a0\u4e00\u4f1a\u513f\uff0c\u7247\u523b<\/td>\n<\/tr>\n<tr>\n<td width=\"238\">promeni\u00a0\u00a0\u00a0\u00a0\u00a0\u00a0\u00a0\u00a0\u00a0\u00a0\u6563\u6b65<\/td>\n<td width=\"237\">aperi\u00a0\u00a0\u00a0\u00a0\u00a0\u00a0\u00a0\u00a0\u00a0\u00a0\u00a0\u00a0\u00a0\u00a0\u00a0\u51fa\u73b0<\/td>\n<\/tr>\n<tr>\n<td width=\"238\">supre\u00a0\u00a0\u00a0\u00a0\u00a0\u00a0\uff08\u526f\uff09\u5728\u4e0a\u65b9<\/td>\n<td width=\"237\">konsenti\u00a0\u00a0\u00a0\u00a0\u00a0\u00a0\u00a0\u00a0\u00a0\u00a0\u540c\u610f\uff0c\u7b54\u5e94<\/td>\n<\/tr>\n<tr>\n<td width=\"238\">ekde\u00a0\u00a0\u00a0\u00a0\u00a0\u00a0\u00a0\uff08\u4ecb\uff09\u4ece\u2026\u2026\u5f00\u59cb<\/td>\n<td width=\"237\">preni\u00a0\u00a0\u00a0\u00a0\u00a0\u00a0\u00a0\u53d6\uff0c\u62ff\uff0c\u53d6\u7528<\/td>\n<\/tr>\n<tr>\n<td width=\"238\">hundo\u00a0\u00a0\u00a0\u00a0\u00a0\u00a0\u00a0\u00a0\u00a0\u00a0\u00a0\u00a0\u00a0\u00a0\u72d7<\/td>\n<td width=\"237\">inviti\u00a0\u00a0\u00a0\u00a0\u00a0\u00a0\u00a0\u00a0\u00a0\u00a0\u00a0\u00a0\u00a0\u00a0\u00a0\u00a0\u9080\u8bf7<\/td>\n<\/tr>\n<tr>\n<td colspan=\"2\" width=\"475\">-il\u00a0\uff08\u63a5\u5c3e\uff09\u8868\u793a\u5de5\u5177<\/td>\n<\/tr>\n<\/tbody>\n<\/table>\n<p style=\"font-weight: 400;\">\u3010\u6982\u8bf4\u3011<\/p>\n<p style=\"font-weight: 400;\">\u00a0\u00a0\u00a0\u00a0\u8fd9\u4e00\u8bfe\u7ee7\u7eed\u8bb2\u89e3\u5bbe\u683c\u7528\u4e8e\u52a8\u5411\u7684\u60c5\u51b5\u3002\u5982\uff1aLa koko saltis sur la bran\u0109on\uff08\u90a3\u53ea\u516c\u9e21\u8df3\u4e0a\u4e86\u6811\u679d\uff09\u3002\u5728sur, en, sub\u7b49\u4ecb\u8bcd\u540e\uff0c\u53ef\u4ee5\u7528\u5bbe\u8bed\u8868\u793a\u52a8\u5411\u3002<\/p>\n<p style=\"font-weight: 400;\">\u00a0\u00a0\u00a0\u00a0\u6bd4\u8f83\uff1asalti sur la bran\u0109o\uff08\u5728\u6811\u679d\u4e0a\u8df3\uff09<\/p>\n<p style=\"font-weight: 400;\">\u00a0\u00a0\u00a0\u00a0\u00a0\u00a0\u00a0\u00a0\u00a0\u00a0\u00a0\u00a0\u00a0\u00a0 salti sur la bran\u0109on\uff08\u8df3\u4e0a\u6811\u679d\uff09<\/p>\n<p style=\"font-weight: 400;\">\u00a0\u00a0\u00a0\u00a0\u00a0\u00a0\u00a0\u00a0\u00a0\u00a0\u00a0\u00a0\u00a0\u00a0 kuri en la \u011dardeno\uff08\u5728\u82b1\u56ed\u91cc\u8dd1\uff09<\/p>\n<p style=\"font-weight: 400;\">\u00a0\u00a0\u00a0\u00a0\u00a0\u00a0\u00a0\u00a0\u00a0\u00a0\u00a0\u00a0\u00a0\u00a0 kuri en la \u011dardenon\uff08\u8dd1\u8fdb\u82b1\u56ed\uff09<\/p>\n<p style=\"font-weight: 400;\">\u00a0\u00a0\u00a0\u00a0\u53e6\u5916\uff0c\u63a5\u5c3e\u8bcd-ig\u4e0e\u4e00\u4e9b\u8bcd\u6784\u6210\u7684\u5f62\u5bb9\u8bcd\u53ef\u4ee5\u8868\u793a\u201c\u4ee4\u4eba\u2026\u2026\u7684\u201d\u6216\u201c\u4f7f\u2026\u2026\u7684\u201d\u7b49\u610f\u601d\u3002\u5982\uff1a<\/p>\n<p style=\"font-weight: 400;\">\u00a0\u00a0\u00a0 morti\u2014\u2014mortiga\uff08\u81f4\u547d\u7684\uff09<\/p>\n<p style=\"font-weight: 400;\">\u00a0\u00a0\u00a0 sani\u2014\u2014saniga\uff08\u6709\u52a9\u4e8e\u5065\u5eb7\u7684\uff09<\/p>\n<p style=\"font-weight: 400;\">\u00a0\u00a0\u00a0 \u011doja\u2014\u2014\u011dojiga\uff08\u4ee4\u4eba\u9ad8\u5174\u7684\uff09<\/p>\n<p style=\"font-weight: 400;\">\u3010\u53e5\u578b\u4e0e\u8bfe\u6587\u6ce8\u91ca\u3011<\/p>\n<ol>\n<li style=\"font-weight: 400;\">Tran\u0109ilo estas mortiga:\u5200\u5b50\u80fd\u81f4\u4eba\u4e8e\u6b7b\u5730\u3002<\/li>\n<\/ol>\n<p style=\"font-weight: 400;\">\u00a0\u00a0\u00a0\u00a0\u63a5\u5c3e\u8bcd-il\u8868\u793a\u5de5\u5177\u3002tran\u0109i\u662f\u201c\u5207\u5272\u201d\u4e4b\u610f\uff0ctran\u0109ilo\u610f\u4e3a\u5207\u5272\u7684\u5de5\u5177\uff0c\u5373\u5200\u5b50\u3002\u53c8\u5982\uff1a<\/p>\n<p style=\"font-weight: 400;\">\u00a0\u00a0\u00a0 skribi\uff08\u5199\uff09\u2014\u2014skribilo\uff08\u7b14\uff09<\/p>\n<p style=\"font-weight: 400;\">\u00a0\u00a0\u00a0 labori\uff08\u5de5\u4f5c\uff0c\u52b3\u52a8\uff09\u2014\u2014laborilo\uff08\u52b3\u52a8\u5de5\u5177\uff09<\/p>\n<ol start=\"2\">\n<li style=\"font-weight: 400;\">danki al vi pro via helpo:\u611f\u8c22\u4f60\u7684\u5e2e\u52a9\u3002<\/li>\n<\/ol>\n<p style=\"font-weight: 400;\">\u00a0\u00a0\u00a0\u00a0\u8fd9\u662f\u8868\u793a\u611f\u8c22\u65f6\u5e38\u7528\u7684\u53e5\u578b\u3002al vi\u00a0\u8868\u793a\u5411\u8c01\u8868\u793a\u611f\u8c22\uff1bpro via helpo\u00a0\u8868\u793a\u611f\u8c22\u7684\u5185\u5bb9\u6216\u539f\u56e0\u3002\u53c8\u5982\uff1a<\/p>\n<p style=\"font-weight: 400;\">\u00a0\u00a0\u00a0 Mi dankas al vi pro via plumo.\uff08\u611f\u8c22\u4f60\u501f\u4e86\u8fd9\u652f\u7b14\u7ed9\u6211\u3002\uff09<\/p>\n<p style=\"font-weight: 400;\">\u00a0\u00a0\u00a0\u00a0\u5176\u4e2dal vi\u53ef\u4ee5\u5199\u4f4dvin\uff0c\u5982\uff1a<\/p>\n<p style=\"font-weight: 400;\">\u00a0\u00a0\u00a0 danki vin pro via libro\uff08\u611f\u8c22\u4f60\u7684\u4e66\uff09<\/p>\n<ol start=\"3\">\n<li style=\"font-weight: 400;\">okazigi:\u4e3e\u884c\uff0c\u4f7f\u53d1\u751f\u3002\u8fd9\u662f\u00a0okazi\u00a0\u52a0-ig\u6784\u6210\u7684\u8bcd\u3002<\/li>\n<li style=\"font-weight: 400;\">en la proksimo = proksime.\u610f\u4e3a\uff1a\u5728\u8fd1\u5904\u3002<\/li>\n<li style=\"font-weight: 400;\">diri al si mem:\u5bf9\u81ea\u5df1\u8bf4\uff0c\u81ea\u8a00\u81ea\u8bed\u3002<\/li>\n<\/ol>\n<p style=\"font-weight: 400;\">\u00a0\u00a0\u00a0\u00a0\u5176\u4e2d\u526f\u8bcdmem\u7528\u4e8e\u5f3a\u8c03\u53cd\u8eab\u4ee3\u8bcdsi\u3002<\/p>\n<ol start=\"6\">\n<li style=\"font-weight: 400;\">por tio:\u4e3a\u6b64\uff1b\u4e3a\u4e86\u5c06\u90a3\u53ea\u516c\u9e21\u5403\u6389\u3002<\/li>\n<li style=\"font-weight: 400;\">nuntempe:\u73b0\u5728\u3002<\/li>\n<li style=\"font-weight: 400;\">inter-konsentis:\u8fbe\u6210\u534f\u8bae\uff0c\u4e00\u81f4\u540c\u610f\u3002<\/li>\n<li style=\"font-weight: 400;\">inter-batalo:\u76f8\u4e92\u6b8b\u6740\u3002<\/li>\n<li style=\"font-weight: 400;\">ekde nun:\u4ece\u73b0\u5728\u5f00\u59cb\u3002ekde\u00a0\u7531ek + de\u6784\u6210\u3002ek\u8868\u793a\u5f00\u59cb\uff0cde\u8868\u793a\u65f6\u95f4\u7684\u8d77\u70b9\u3002<\/li>\n<li style=\"font-weight: 400;\">preni matenman\u011don:\u7528\u65e9\u9910\u3002<\/li>\n<li style=\"font-weight: 400;\">Hundon?\u8fd9\u662f\u7701\u7565\u53e5\uff0c\u524d\u9762\u7701\u7565\u4e86\u00a0\u0108u vi diris&#8230;<\/li>\n<li style=\"font-weight: 400;\">Do, \u011dis revido:\u90a3\u4e48\uff0c\u518d\u89c1\u5427\uff01<\/li>\n<\/ol>\n<p style=\"font-weight: 400;\">\u00a0\u00a0\u00a0Gramatiko<strong>\u00a0<\/strong><strong>\uff08\u8bed\u6cd5\uff09<br \/>\n<\/strong><\/p>\n<p style=\"font-weight: 400;\"><strong>\u65f6\u95f4\u72b6\u8bed\u7684\u51e0\u79cd\u4e0d\u540c\u8868\u8fbe\u6cd5<\/strong><\/p>\n<p style=\"font-weight: 400;\">\u00a0\u00a0\u00a0\u00a0\u5148\u8bf7\u770b\u4e0b\u5217\u4e09\u4e2a\u53e5\u5b50\uff1a<\/p>\n<p style=\"font-weight: 400;\">\u00a0\u00a0\u00a0 Iutage li foriris.<\/p>\n<p style=\"font-weight: 400;\">\u00a0\u00a0\u00a0 Iutagon\u00a0\uff08\u6216\u00a0Iun tagon) li foriris.<\/p>\n<p style=\"font-weight: 400;\">\u00a0\u00a0\u00a0 En iu tago li foriris.<\/p>\n<p style=\"font-weight: 400;\">\u00a0\u00a0\u00a0\u00a0\u4e09\u4e2a\u53e5\u5b50\u4e00\u4e2a\u610f\u601d\uff1a\u6709\u4e00\u5929\uff08\u67d0\u5929\uff09\u4ed6\u79bb\u53bb\u4e86\u3002<\/p>\n<p style=\"font-weight: 400;\">\u00a0\u00a0\u00a0\u00a0\u4e09\u4e2a\u53e5\u5b50\u4e2d\u7684\u65f6\u95f4\u72b6\u8bed\u662f\u4e00\u6837\u7684\uff0c\u4f46\u4f7f\u7528\u7684\u65b9\u6cd5\u5374\u5404\u4e0d\u76f8\u540c\u3002<\/p>\n<p style=\"font-weight: 400;\">\u00a0\u00a0\u00a0\u00a0\u53c8\u5982\uff1a<\/p>\n<p style=\"font-weight: 400;\">\u00a0\u00a0\u00a0 Li restis momente.<\/p>\n<p style=\"font-weight: 400;\">\u00a0\u00a0\u00a0 Li restis momenton.<\/p>\n<p style=\"font-weight: 400;\">\u00a0\u00a0\u00a0 Li restis dum momento.<\/p>\n<p style=\"font-weight: 400;\">\u00a0\u00a0\u00a0\u00a0\u8fd9\u4e09\u4e2a\u53e5\u5b50\u4e5f\u5177\u6709\u540c\u6837\u7684\u610f\u601d\uff1a\u4ed6\u5446\u4e86\u4e00\u4f1a\u513f\u3002\u4f46\u8868\u793a\u7684\u65b9\u6cd5\u4e5f\u662f\u5404\u4e0d\u76f8\u540c\u3002<\/p>\n<p style=\"font-weight: 400;\">\u00a0\u00a0\u00a0\u00a0\u53c8\u5982\uff1aLi laboris tie sepjare.<\/p>\n<p style=\"font-weight: 400;\">\u00a0\u00a0\u00a0\u00a0\u00a0\u00a0\u00a0\u00a0\u00a0\u00a0\u00a0\u00a0\u00a0\u00a0 Li laboris tie sep jarojn.<\/p>\n<p style=\"font-weight: 400;\">\u00a0\u00a0\u00a0\u00a0\u00a0\u00a0\u00a0\u00a0\u00a0\u00a0\u00a0\u00a0\u00a0\u00a0 Li laboris tie dum sep jaroj.<\/p>\n<p style=\"font-weight: 400;\">\u00a0\u00a0\u00a0\u00a0\u8fd9\u4e09\u4e2a\u53e5\u5b50\u4e0e\u524d\u9762\u4e09\u4e2a\u53e5\u5b50\u7684\u60c5\u51b5\u662f\u76f8\u540c\u7684\u3002<\/p>\n<p style=\"font-weight: 400;\">\u00a0\u00a0\u00a0\u00a0\u7efc\u4e0a\u6240\u8ff0\uff0c\u4e00\u4e9b\u8868\u793a\u65f6\u95f4\u7684\u72b6\u8bed\u6709\u4e09\u79cd\u5f62\u5f0f\uff1a<\/p>\n<p style=\"font-weight: 400;\">\u00a0\u00a0\u00a0 1\uff09\u526f\u8bcd\u5f62\u5f0f\uff1b2\uff09\u5bbe\u683c\u5f62\u5f0f\uff1b3\uff09\u4ecb\u8bcd\u77ed\u8bed\u5f62\u5f0f\u3002\u8fd9\u4e09\u79cd\u5f62\u5f0f\u53ef\u4ee5\u4e92\u6362\uff0c\u4f46\u4f7f\u7528\u65f6\u987b\u6ce8\u610f\uff1a<\/p>\n<p style=\"font-weight: 400;\">\u00a0\u00a0\u00a0 1\uff09\u4f7f\u7528\u526f\u8bcd\u5f62\u5f0f\u65f6\uff0c\u5982\u6709\u6570\u8bcd\u4fee\u9970\uff0c\u5219\u5fc5\u987b\u8fde\u5199\u6784\u6210\u5408\u6210\u8bcd\uff0c\u5982\uff1aLi laboris tie sepjare.<\/p>\n<p style=\"font-weight: 400;\">\u00a0\u00a0\u00a0 2\uff09\u5f53\u8fd9\u79cd\u6709\u6570\u8bcd\u4fee\u9970\u7684\u65f6\u95f4\u4ee5\u5bbe\u683c\u5f62\u5f0f\u6216\u4ecb\u8bcd\u77ed\u8bed\u5f62\u5f0f\u51fa\u73b0\u65f6\uff0c\u4e0d\u8981\u5fd8\u4e86\u590d\u6570\u8bcd\u5c3e\u3002<\/p>\n<p style=\"font-weight: 400;\">\u00a0\u00a0\u00a0 3\uff09\u8868\u793a\u65f6\u95f4\u7684\u540d\u8bcd\u6709\u5176\u4ed6\u5f62\u5bb9\u8bcd\u4fee\u9970\u65f6\uff0c\u5982\u679c\u8fd9\u4e2a\u540d\u8bcd\u4ee5\u526f\u8bcd\u7684\u5f62\u5f0f\u51fa\u73b0\uff0c\u90a3\u4e48\uff0c\u8fd9\u4e24\u90e8\u5206\u4e5f\u5f97\u5408\u5199\u5728\u4e00\u8d77\u3002\u5982\uff1aiutage,\u00a0\u800c\u4e0d\u662f\u00a0iu tage\u3002<\/p>\n<p style=\"font-weight: 400;\"><strong>\u540c\u4e49\u8bcd<\/strong><\/p>\n<p style=\"font-weight: 400;\"><strong>\u00a0\u00a0\u00a0 kunveno, kongreso<\/strong><\/p>\n<p style=\"font-weight: 400;\">\u00a0\u00a0\u00a0 kunveno\u4e0ekongreso\u90fd\u662f\u201c\u4f1a\u8bae\u201d\u7684\u610f\u601d\u3002\u4f46kunveno\u591a\u7528\u4e8e\u5c0f\u578b\u7684\u3001\u975e\u6b63\u5f0f\u7684\u4f1a\u8bae\u3002\u800ckongreso\u5219\u591a\u6307\u5927\u578b\u7684\u3001\u6b63\u662f\u7684\u3001\u6c14\u6c1b\u8f83\u5e84\u4e25\u5e76\u7740\u91cd\u4e8e\u653f\u6cbb\u6216\u5176\u4ed6\u65b9\u9762\u7684\u4e13\u4e1a\u4f1a\u8bae\u3002\u5982\uff1a<\/p>\n<p style=\"font-weight: 400;\">\u00a0\u00a0\u00a0 Tiuj homoj okazigis sekretan kunvenon en la fabriko hiera\u016d.\uff08\u90a3\u4e9b\u4eba\u6628\u5929\u5728\u5382\u91cc\u5f00\u4e86\u4e00\u4e2a\u79d8\u5bc6\u4f1a\u8bae\u3002\uff09<\/p>\n<p style=\"font-weight: 400;\">\u00a0\u00a0\u00a0 Hiera\u016d nokte ni okazigis kunvenon.\uff08\u6628\u5929\u6211\u4eec\u5f00\u4e86\u4e00\u4e2a\u4f1a\u3002\uff09<\/p>\n<p style=\"font-weight: 400;\">\u00a0\u00a0\u00a0 La Tutlanda Popola Kongreso\uff08\u5168\u56fd\u4eba\u6c11\u4ee3\u8868\u5927\u4f1a\uff09<\/p>\n<p style=\"font-weight: 400;\"><a href=\"https:\/\/reto.cn\/php\/hanyu\/kurso-de-esperanto\/\">\u8fd4\u56de\u76ee\u5f55<\/a><\/p>\n","protected":false},"excerpt":{"rendered":"<p>La Dek-na\u016da Leciono \u7b2c\u5341\u4e5d\u8bfe \ufeff \u3010Tipaj frazoj\u3011 La koko salti\u2026 <span class=\"read-more\"><a href=\"https:\/\/reto.cn\/php\/hanyu\/kurso-de-esperanto\/ekurso19\/\">\u7ee7\u7eed\u9605\u8bfb Legi pli &raquo;<\/a><\/span><\/p>\n","protected":false},"author":1,"featured_media":0,"parent":8240,"menu_order":0,"comment_status":"open","ping_status":"closed","template":"","meta":{"footnotes":""},"_links":{"self":[{"href":"https:\/\/reto.cn\/php\/hanyu\/wp-json\/wp\/v2\/pages\/8336"}],"collection":[{"href":"https:\/\/reto.cn\/php\/hanyu\/wp-json\/wp\/v2\/pages"}],"about":[{"href":"https:\/\/reto.cn\/php\/hanyu\/wp-json\/wp\/v2\/types\/page"}],"author":[{"embeddable":true,"href":"https:\/\/reto.cn\/php\/hanyu\/wp-json\/wp\/v2\/users\/1"}],"replies":[{"embeddable":true,"href":"https:\/\/reto.cn\/php\/hanyu\/wp-json\/wp\/v2\/comments?post=8336"}],"version-history":[{"count":0,"href":"https:\/\/reto.cn\/php\/hanyu\/wp-json\/wp\/v2\/pages\/8336\/revisions"}],"up":[{"embeddable":true,"href":"https:\/\/reto.cn\/php\/hanyu\/wp-json\/wp\/v2\/pages\/8240"}],"wp:attachment":[{"href":"https:\/\/reto.cn\/php\/hanyu\/wp-json\/wp\/v2\/media?parent=8336"}],"curies":[{"name":"wp","href":"https:\/\/api.w.org\/{rel}","templated":true}]}}