{"id":8341,"date":"2021-10-07T14:20:18","date_gmt":"2021-10-07T06:20:18","guid":{"rendered":"http:\/\/reto.cn\/php\/hanyu\/?page_id=8341"},"modified":"2022-01-31T14:52:33","modified_gmt":"2022-01-31T06:52:33","slug":"ekurso21","status":"publish","type":"page","link":"https:\/\/reto.cn\/php\/hanyu\/kurso-de-esperanto\/ekurso21\/","title":{"rendered":"\u4e16\u754c\u8bed\u6559\u7a0b \u7b2c\u4e8c\u5341\u4e00\u8bfe"},"content":{"rendered":"\n<p style=\"font-weight: 400;\"><strong>\u7b2c\u4e8c\u5341\u4e00\u8bfe<\/strong><\/p>\n<p style=\"font-weight: 400;\"><strong>\u590d\u4e60\uff08\u4e8c\uff09<\/strong><\/p>\n<p style=\"font-weight: 400;\">\u00a0\u00a0\u00a0\u00a0\u4ece\u5341\u4e8c\u8bfe\u5230\u4e8c\u5341\u8bfe\uff0c\u6211\u4eec\u91cd\u70b9\u5b66\u4e60\u7684\u8bed\u6cd5\u73b0\u8c61\u6709\uff1a<\/p>\n<ol>\n<li style=\"font-weight: 400;\">\u5f62\u5bb9\u8bcd\u548c\u526f\u8bcd\u7684\u6bd4\u8f83\u7b49\u7ea7\uff1b<\/li>\n<li style=\"font-weight: 400;\">\u5bbe\u8bed\u4ece\u53e5\uff1b<\/li>\n<li style=\"font-weight: 400;\">\u4f5c\u72b6\u8bed\u7528\u7684\u5bbe\u8bed\uff1b<\/li>\n<li style=\"font-weight: 400;\">\u4e00\u90e8\u5206\u5b9a\u8bed\u4ece\u53e5\uff1b<\/li>\n<li style=\"font-weight: 400;\">\u52a8\u8bcd\u4e0d\u5b9a\u5f0f\u7684\u5404\u79cd\u7528\u6cd5\uff1b<\/li>\n<li style=\"font-weight: 400;\">\u95f4\u63a5\u5bbe\u8bed\uff1b<\/li>\n<li style=\"font-weight: 400;\">\u5e74\u6708\u65e5\u7684\u8868\u793a\u6cd5\uff1b<\/li>\n<li style=\"font-weight: 400;\">\u8868\u793a\u65f6\u95f4\u7684\u72b6\u8bed\uff1b<\/li>\n<li style=\"font-weight: 400;\">\u63a5\u5c3e\u8bcd-ig\u3001-i\u011d\u7684\u5404\u79cd\u7528\u6cd5\uff1b<\/li>\n<\/ol>\n<p style=\"font-weight: 400;\">\u00a0\u00a0\u00a0 10 .\u00a0\u52a8\u8bcd\u7684\u5f0f\uff1b<\/p>\n<ol start=\"11\">\n<li style=\"font-weight: 400;\">\u53cd\u8eab\u4ee3\u8bcd\u00a0si\u00a0\u7684\u7528\u6cd5\u3002<\/li>\n<\/ol>\n<p style=\"font-weight: 400;\">\u00a0\u00a0\u00a0\u00a0\u4e0b\u9762\uff0c\u6211\u4eec\u5c31\u8fd9\u4e9b\u65b9\u9762\u7684\u5185\u5bb9\u4f5c\u4e9b\u7ec3\u4e60\u3002<\/p>\n<p style=\"font-weight: 400;\">\u4e00\u3001\u586b\u7a7a\uff1a<\/p>\n<ol>\n<li style=\"font-weight: 400;\">Petro estas la plej diligenta __________ la lernantoj.<\/li>\n<li style=\"font-weight: 400;\">Helena kuris plej rapide _______ la lernejo.<\/li>\n<li style=\"font-weight: 400;\">Ne estas tempo ________ ni tagman\u011di.<\/li>\n<li style=\"font-weight: 400;\">_________ la unua de oktobro mi foriros al la urbo.<\/li>\n<li style=\"font-weight: 400;\">Li povas paroli ________ flue ol mi.<\/li>\n<li style=\"font-weight: 400;\">Li donis ________ sia edzino la libron.<\/li>\n<li style=\"font-weight: 400;\">Eble la lumo estas pli forta ekster la domo _______ en la domo.<\/li>\n<li style=\"font-weight: 400;\">Mi kredas, _________ \u015di povos tion fari.<\/li>\n<li style=\"font-weight: 400;\">Li estas unu __________ la plej diligentaj lernantoj _________ la lernejo.<\/li>\n<li style=\"font-weight: 400;\">Tre pla\u0109as __________ mi legi la libron.<\/li>\n<\/ol>\n<p style=\"font-weight: 400;\">\u4e8c\u3001\u6539\u6b63\u4e0b\u5217\u53e5\u5b50\u4e2d\u7684\u9519\u8bef\uff1a<\/p>\n<ol>\n<li style=\"font-weight: 400;\">Jen la pomo, bonvolu man\u011du!<\/li>\n<li style=\"font-weight: 400;\">Vi estas tre afabla, danko!<\/li>\n<li style=\"font-weight: 400;\">Mi estas dudek jaroj a\u011da.<\/li>\n<li style=\"font-weight: 400;\">Li naski\u011dis la 18-a de sugusto, 1984.<\/li>\n<li style=\"font-weight: 400;\">Kioma tago estas hodia\u016d? Hodia\u016d estas lundo.<\/li>\n<li style=\"font-weight: 400;\">Mi bezonas dudek minutojn por iri hejme de la lernejo.<\/li>\n<li style=\"font-weight: 400;\">Ni devas faras niajn kontribuojn al tio.<\/li>\n<li style=\"font-weight: 400;\">Mi havas du librojn por a\u0109etas.<\/li>\n<li style=\"font-weight: 400;\">Tre pla\u0109as al mi iras al la kinejo.<\/li>\n<li style=\"font-weight: 400;\">Mia domo lo\u011das en la urbo.<\/li>\n<\/ol>\n<p style=\"font-weight: 400;\">\u4e09\u3001\u5c06\u4e0b\u5217\u53e5\u5b50\u8bd1\u4e3a\u4e16\u754c\u8bed\uff1a<\/p>\n<ol>\n<li style=\"font-weight: 400;\">\u5f7c\u5f97\u51fa\u751f\u4e8e1987\u5e7412\u670823\u65e5\u3002<\/li>\n<li style=\"font-weight: 400;\">\u6905\u5b50\u5728\u8fd9\u513f\uff0c\u8bf7\u5750\u4e0b\u5427\u3002<\/li>\n<li style=\"font-weight: 400;\">\u5b9e\u9645\u4e0a\u6211\u6bd4\u4ed6\u5b66\u4e60\u66f4\u7528\u529f\u3002<\/li>\n<li style=\"font-weight: 400;\">\u4f60\u76f8\u4fe1\u82b1\u513f\u80fd\u5728\u51ac\u5929\u76db\u5f00\u5417\uff1f<\/li>\n<li style=\"font-weight: 400;\">\u8bf7\u4f60\u8c08\u8c08\u6709\u5173\u90a3\u672c\u4e66\u7684\u60c5\u51b5\u3002<\/li>\n<li style=\"font-weight: 400;\">\u5230\u8fd9\u513f\u6765\uff0c\u522b\u79bb\u5f00\u3002<\/li>\n<li style=\"font-weight: 400;\">\u4f60\u613f\u610f\u4e0e\u4ed6\u4eec\u4e00\u9053\u53bb\u8fdc\u8db3\u5417\uff1f<\/li>\n<li style=\"font-weight: 400;\">\u5750\u5728\u82b1\u56ed\u91cc\u7684\u90a3\u4e2a\u4eba\u662f\u6211\u7684\u670b\u53cb\u3002<\/li>\n<li style=\"font-weight: 400;\">\u6211\u8fd8\u6709\u4e24\u672c\u4e66\u8981\u8bfb\u3002<\/li>\n<li style=\"font-weight: 400;\">\u8be5\u5403\u5348\u996d\u4e86\uff0c\u54b1\u4eec\u8d70\u5427\u3002<\/li>\n<\/ol>\n<p style=\"font-weight: 400;\">\u56db\u3001\u6307\u51fa\u4e0b\u5217\u53e5\u5b50\u4e2d\u5212\u7ebf\u90e8\u5206\u7684\u53e5\u5b50\u6210\u5206\uff1a<\/p>\n<ol>\n<li style=\"font-weight: 400;\">Estas tempo por ni<u>iri hejmen<\/u>.<\/li>\n<li style=\"font-weight: 400;\">Mi<u>volas iri<\/u>al la urbo.<\/li>\n<li style=\"font-weight: 400;\">La vetero blankigis<u>la florojn<\/u>.<\/li>\n<li style=\"font-weight: 400;\">Bonvolu<u>transdoni<\/u>mian saluton al viaj familianoj.<\/li>\n<li style=\"font-weight: 400;\"><u>Kelkajn semajnojn<\/u>poste li fine sukcesis fari tion.<\/li>\n<li style=\"font-weight: 400;\">Nun la \u015dipo direkti\u011dis<u>rekte<\/u>al la lando.<\/li>\n<li style=\"font-weight: 400;\">La pomoj pezas\uff08\u91cd\uff09<u>unu kilogramon<\/u>(\u516c\u65a4\uff09.<\/li>\n<li style=\"font-weight: 400;\">Bonvolu pesi\uff08\u79f0\uff09por mi<u>iom da bombonoj<\/u>.<\/li>\n<li style=\"font-weight: 400;\">Li dankas \u015din<u>pro \u015dia helpo<\/u>.<\/li>\n<li style=\"font-weight: 400;\"><u>Kia a\u016dto<\/u>\u011di estas!<\/li>\n<\/ol>\n<p style=\"font-weight: 400;\">\u4e94\u3001\u9009\u62e9\u586b\u7a7a\uff1a<\/p>\n<ol>\n<li style=\"font-weight: 400;\">La leciono ankora\u016d _______.<\/li>\n<li style=\"font-weight: 400;\">da\u016dras\u00a0\u00a0\u00a0\u00a0\u00a0\u00a0\u00a0 b. da\u016drigas<\/li>\n<li style=\"font-weight: 400;\">Mi lernis ____________ diligente en la mezlernejo.<\/li>\n<li style=\"font-weight: 400;\">plej\u00a0\u00a0\u00a0\u00a0\u00a0\u00a0\u00a0\u00a0\u00a0\u00a0\u00a0 b. la plej<\/li>\n<li style=\"font-weight: 400;\">_________ mi restas hejme.<\/li>\n<li style=\"font-weight: 400;\">\u0108idiman\u0109e\u00a0\u00a0\u00a0\u00a0\u00a0\u00a0\u00a0 b. \u0108iudiman\u0109o<\/li>\n<li style=\"font-weight: 400;\">Venu al mia ________.<\/li>\n<li style=\"font-weight: 400;\">hejmon\u00a0\u00a0\u00a0\u00a0\u00a0\u00a0\u00a0 b. hejmo<\/li>\n<li style=\"font-weight: 400;\">\u0108u vi scias, ke \u0109iuj bestoj nuntempe fari\u011das _______.<\/li>\n<li style=\"font-weight: 400;\">amikoj\u00a0\u00a0\u00a0\u00a0\u00a0\u00a0\u00a0 b. amikojn<\/li>\n<li style=\"font-weight: 400;\">Mi fartas tre ________, dankon!<\/li>\n<li style=\"font-weight: 400;\">bone\u00a0\u00a0\u00a0\u00a0\u00a0\u00a0\u00a0 b. bona<\/li>\n<li style=\"font-weight: 400;\">Hiera\u016d nokte ni ______ kunvenon.<\/li>\n<li style=\"font-weight: 400;\">okazis\u00a0\u00a0\u00a0\u00a0\u00a0\u00a0\u00a0 b. okazigis<\/li>\n<li style=\"font-weight: 400;\">La a\u016dto __________ al la vila\u011do.<\/li>\n<li style=\"font-weight: 400;\">direkti\u011dis\u00a0\u00a0\u00a0\u00a0\u00a0\u00a0\u00a0 b. direktigis<\/li>\n<li style=\"font-weight: 400;\">Hodia\u016d estas ________ de septembro.<\/li>\n<li style=\"font-weight: 400;\">la 12-a\u00a0\u00a0\u00a0\u00a0\u00a0\u00a0\u00a0 b. la 12-an<\/li>\n<\/ol>\n<p style=\"font-weight: 400;\">\u516d\u3001\u5c06\u4e0b\u5217\u6c49\u8bed\u8bd1\u6210\u4e16\u754c\u8bed\uff1a<\/p>\n<p style=\"font-weight: 400;\">1\u00a0\u00a0\u4f60\u4ec0\u4e48\u65f6\u5019\u8fdb\u57ce\uff1f<\/p>\n<p style=\"font-weight: 400;\">\u00a0\u00a0\u00a0\u00a0\u6211\u660e\u5929\u4e0b\u5348\u8fdb\u57ce\u3002<\/p>\n<p style=\"font-weight: 400;\">\u00a0\u00a0\u00a0\u00a0\u660e\u5929\u662f\u51e0\u53f7\uff1f<\/p>\n<p style=\"font-weight: 400;\">\u00a0\u00a0\u00a0\u00a0\u660e\u5929\u662f\u5341\u4e8c\u6708\u4e09\u53f7\u3002<\/p>\n<p style=\"font-weight: 400;\">\u00a0\u00a0\u00a0\u00a0\u660e\u5929\u661f\u671f\u51e0\uff1f<\/p>\n<p style=\"font-weight: 400;\">\u00a0\u00a0\u00a0\u00a0\u660e\u5929\u661f\u671f\u516d\u3002<\/p>\n<p style=\"font-weight: 400;\">\u00a0\u00a0\u00a0\u00a0\u4f60\u8fdb\u57ce\u505a\u4ec0\u4e48\uff1f<\/p>\n<p style=\"font-weight: 400;\">\u00a0\u00a0\u00a0\u00a0\u6211\u6709\u51e0\u672c\u4e66\u8981\u4e70\u3002\u8bfb\u4e66\u662f\u4ee4\u4eba\u6109\u5feb\u7684\u3002<\/p>\n<p style=\"font-weight: 400;\">\u00a0\u00a0\u00a0\u00a0\u4ece\u4f60\u5b66\u6821\u5230\u57ce\u91cc\u9700\u8981\u51e0\u4e2a\u5c0f\u65f6\uff1f<\/p>\n<p style=\"font-weight: 400;\">\u00a0\u00a0\u00a0\u00a0\u6211\u53ea\u9700\u8981\u4e24\u4e2a\u5c0f\u65f6\u5c31\u53ef\u4ee5\u5230\u8fbe\u4e86\u3002<\/p>\n<p style=\"font-weight: 400;\">2\u00a0\u00a0\u4f60\u597d\uff0c\u5148\u751f\uff01\u4f60\u8981\u4e70\u70b9\u4ec0\u4e48\uff1f<\/p>\n<p style=\"font-weight: 400;\">\u00a0\u00a0\u00a0\u00a0\u4f60\u597d\uff01\u4f60\u4eec\u8fd9\u513f\u6709\u82f9\u679c\u5417\uff1f<\/p>\n<p style=\"font-weight: 400;\">\u00a0\u00a0\u00a0\u00a0\u6709\u7684\uff0c\u4f60\u8981\u591a\u5c11\u3002<\/p>\n<p style=\"font-weight: 400;\">\u00a0\u00a0\u00a0\u00a0\u7ed9\u6211\u79f0\u4e09\u516c\u65a4\u5427\u3002<\/p>\n<p style=\"font-weight: 400;\">\u00a0\u00a0\u00a0\u00a0\u597d\u7684\uff01<\/p>\n<p style=\"font-weight: 400;\">\u00a0\u00a0\u00a0\u00a0\u6211\u8be5\u4ed8\uff08pagi\uff09\u591a\u5c11\u94b1\uff1f<\/p>\n<p style=\"font-weight: 400;\">\u00a0\u00a0\u00a0\u00a0\u4e24\u5143\u3002<\/p>\n<p style=\"font-weight: 400;\">\u00a0\u00a0\u00a0\u00a0\u7ed9\u4f60\u94b1\uff0c\u8c22\u8c22\uff01<\/p>\n<p style=\"font-weight: 400;\">\u00a0\u00a0\u00a0\u00a0\u518d\u89c1\u3002<\/p>\n<p style=\"font-weight: 400;\">3\u00a0\u00a0\u73b0\u5728\u51e0\u70b9\u4e86\uff1f<\/p>\n<p style=\"font-weight: 400;\">\u00a0\u00a0\u00a0 \u4e94\u70b9\u4e09\u5341\u3002<\/p>\n<p style=\"font-weight: 400;\">\u00a0\u00a0\u00a0 \u662f\u5403\u665a\u996d\u7684\u65f6\u5019\u4e86\uff0c\u54b1\u4eec\u56de\u5bb6\u5427\u3002<\/p>\n<p style=\"font-weight: 400;\">\u00a0\u00a0\u00a0 \u4f60\u5bb6\u79bb\u5b66\u6821\u8fdc\u5417\uff1f<\/p>\n<p style=\"font-weight: 400;\">\u00a0\u00a0\u00a0 \u4e0d\u8fdc\uff0c\u4e94\u5206\u949f\u5c31\u5230\u4e86\u3002<\/p>\n<p style=\"font-weight: 400;\">4\u00a0 \u4f60\u54e5\u54e5\u662f\u5e72\u4ec0\u4e48\u7684\uff1f<\/p>\n<p style=\"font-weight: 400;\">\u00a0\u00a0\u00a0 \u4ed6\u662f\u6559\u5e08\u3002<\/p>\n<p style=\"font-weight: 400;\">\u00a0\u00a0\u00a0 \u4ed6\u5de5\u4f5c\u52aa\u529b\u5417\uff1f<\/p>\n<p style=\"font-weight: 400;\">\u00a0\u00a0\u00a0 \u662f\u7684\uff0c\u4ed6\u5728\u5b66\u6821\u91cc\u5de5\u4f5c\u6700\u52aa\u529b\u3002<\/p>\n<p style=\"font-weight: 400;\">\u00a0\u00a0\u00a0 \u4ed6\u6bd4\u4f60\u5927\u4e09\u5c81\uff0c\u662f\u5427\uff1f<\/p>\n<p style=\"font-weight: 400;\">\u00a0\u00a0\u00a0 \u662f\u7684\uff0c\u4ed6\u6bd4\u6211\u5927\u4e09\u5c81\uff0c\u6211\u6bd4\u4ed6\u5c0f\u4e09\u5c81\u3002<\/p>\n<p style=\"font-weight: 400;\">\u00a0\u00a0\u00a0 \u4ed6\u6bd4\u4f60\u9ad8\u5417\uff1f<\/p>\n<p style=\"font-weight: 400;\">\u00a0\u00a0\u00a0 \u662f\u7684\uff0c\u4ed6\u6bd4\u6211\u9ad8\u5f97\u591a\u3002\u4f46\u6211\u6bd4\u4ed6\u80d6\u4e9b\u3002<\/p>\n<p style=\"font-weight: 400;\"><a href=\"https:\/\/reto.cn\/php\/hanyu\/kurso-de-esperanto\/\">\u8fd4\u56de\u76ee\u5f55<\/a><\/p>\n","protected":false},"excerpt":{"rendered":"<p>\u7b2c\u4e8c\u5341\u4e00\u8bfe \u590d\u4e60\uff08\u4e8c\uff09 \u00a0\u00a0\u00a0\u00a0\u4ece\u5341\u4e8c\u8bfe\u5230\u4e8c\u5341\u8bfe\uff0c\u6211\u4eec\u91cd\u70b9\u5b66\u4e60\u7684\u8bed\u6cd5\u73b0\u8c61\u6709\uff1a \u5f62\u5bb9\u8bcd\u548c\u526f\u8bcd\u7684\u6bd4\u8f83\u7b49\u7ea7\uff1b \u5bbe\u8bed\u4ece\u2026 <span class=\"read-more\"><a href=\"https:\/\/reto.cn\/php\/hanyu\/kurso-de-esperanto\/ekurso21\/\">\u7ee7\u7eed\u9605\u8bfb Legi pli &raquo;<\/a><\/span><\/p>\n","protected":false},"author":1,"featured_media":0,"parent":8240,"menu_order":0,"comment_status":"open","ping_status":"closed","template":"","meta":{"footnotes":""},"_links":{"self":[{"href":"https:\/\/reto.cn\/php\/hanyu\/wp-json\/wp\/v2\/pages\/8341"}],"collection":[{"href":"https:\/\/reto.cn\/php\/hanyu\/wp-json\/wp\/v2\/pages"}],"about":[{"href":"https:\/\/reto.cn\/php\/hanyu\/wp-json\/wp\/v2\/types\/page"}],"author":[{"embeddable":true,"href":"https:\/\/reto.cn\/php\/hanyu\/wp-json\/wp\/v2\/users\/1"}],"replies":[{"embeddable":true,"href":"https:\/\/reto.cn\/php\/hanyu\/wp-json\/wp\/v2\/comments?post=8341"}],"version-history":[{"count":0,"href":"https:\/\/reto.cn\/php\/hanyu\/wp-json\/wp\/v2\/pages\/8341\/revisions"}],"up":[{"embeddable":true,"href":"https:\/\/reto.cn\/php\/hanyu\/wp-json\/wp\/v2\/pages\/8240"}],"wp:attachment":[{"href":"https:\/\/reto.cn\/php\/hanyu\/wp-json\/wp\/v2\/media?parent=8341"}],"curies":[{"name":"wp","href":"https:\/\/api.w.org\/{rel}","templated":true}]}}