{"id":8535,"date":"2021-10-08T18:30:56","date_gmt":"2021-10-08T10:30:56","guid":{"rendered":"http:\/\/reto.cn\/php\/hanyu\/?page_id=8535"},"modified":"2022-02-02T14:05:08","modified_gmt":"2022-02-02T06:05:08","slug":"leciono-3","status":"publish","type":"page","link":"https:\/\/reto.cn\/php\/hanyu\/parola_lingvo\/jen-nia-mondo-1\/leciono-3\/","title":{"rendered":"Jen Nia Mondo 1 Leciono 3"},"content":{"rendered":"<p>&nbsp;<\/p>\n<h3>Jen Nia Mondo 1<br \/>\n\u8fd9\u662f\u6211\u4eec\u7684\u4e16\u754c\uff08\u4e00\uff09<\/h3>\n<h3 style=\"text-align: center;\">Leciono 3<\/h3>\n<p><img decoding=\"async\" loading=\"lazy\" class=\"aligncenter\" src=\"https:\/\/reto.cn\/parola_lingvo\/jen_nia_mondo_1\/auto.png\" width=\"599\" height=\"187\" \/><\/p>\n<h4>En la A\u016dto<\/h4>\n<p><audio style=\"margin: auto; top: 0; right: 0; bottom: 0; left: 0;\" src=\"https:\/\/reto.cn\/parola_lingvo\/jen_nia_mondo_1\/dialogo3.mp3\" controls=\"controls\"><\/audio><br \/>\nH. Rigardu, Petro! Jen kampo kun bovinoj.<br \/>\nP. Jes, Helena, jen kampo kun bovinoj.<br \/>\nH. Rigardu, rigardu! Apud la kampo kun bovinoj estas kampo kun \u015dafoj. \u0108u vi vidas?<br \/>\nP. Ne, Helena, mi ne vidas, efektive. Mi rigardas al la vojo \u2014 sed mi kredas, ke apud la kampo kun bovinoj estas kampo kun \u015dafoj.<br \/>\nH. Kaj jen apud la kampo kun \u015dafoj estas arbaro. \u0108u ni povas halti? Tre pla\u0109us al mi sidi sub arbo kun vi. \u0108u pla\u0109us al vi sidi sub arbo kun mi?<br \/>\nP. Jes, mia kara, tre pla\u0109us al mi sidi sub arbo kun vi, sed ne eblas halti apud la arbaro. Ni ne rajtas halti sur la a\u016dto- vojo. Ah, \u0109u vi vidas? Tiu idioto kredas, ke li estas la sola homo sur la vojo, \u0109u ne?<br \/>\nH. Eble&#8230;<br \/>\nP. Apud li sidas virino. Si estas bela, \u0109u ne?<br \/>\nH. Ne, \u015di ne estas bela; sed la \u0109evalo estas bela.<br \/>\nP. La \u0109evalo?<br \/>\nH. La \u0109evalo en la kampo. Si estas bela, sed vi ne rigardas.<br \/>\nP. Mi rigardas al la vojo.<br \/>\nH. Vi rigardas al la virino kun la idioto. Cu pla\u0109us al vi sidi sub arbo kun \u015di?<br \/>\nP. Ne, Helena. Kompreneble ne pla\u0109us al mi sidi sub arbo kun \u015di. Pla\u0109us al mi sidi sub arbo kun vi.<br \/>\nH. Sed vi kredas, ke \u015di estas bela.<br \/>\nP. Vi estas pli bela. \u0109u vi estas kontenta?<br \/>\nH. Ho, Petro, rigardu! Jen kampo, kaj en la kampo estas bovinoj&#8230;<br \/>\nP. Jes, Helena, en la kampo estas bovinoj.<\/p>\n<p>\u8fd4\u56de\u00a0<a href=\"https:\/\/reto.cn\/php\/hanyu\/parola_lingvo\/jen-nia-mondo-1\/\">Jen Nia Mondo 1 \u8fd9\u662f\u6211\u4eec\u7684\u4e16\u754c\uff08\u4e00\uff09<\/a><\/p>\n","protected":false},"excerpt":{"rendered":"<p>&nbsp; Jen Nia Mondo 1 \u8fd9\u662f\u6211\u4eec\u7684\u4e16\u754c\uff08\u4e00\uff09 Leciono 3 En la A\u016dto \u2026 <span class=\"read-more\"><a href=\"https:\/\/reto.cn\/php\/hanyu\/parola_lingvo\/jen-nia-mondo-1\/leciono-3\/\">\u7ee7\u7eed\u9605\u8bfb Legi pli &raquo;<\/a><\/span><\/p>\n","protected":false},"author":1,"featured_media":0,"parent":8497,"menu_order":0,"comment_status":"open","ping_status":"closed","template":"","meta":{"footnotes":""},"_links":{"self":[{"href":"https:\/\/reto.cn\/php\/hanyu\/wp-json\/wp\/v2\/pages\/8535"}],"collection":[{"href":"https:\/\/reto.cn\/php\/hanyu\/wp-json\/wp\/v2\/pages"}],"about":[{"href":"https:\/\/reto.cn\/php\/hanyu\/wp-json\/wp\/v2\/types\/page"}],"author":[{"embeddable":true,"href":"https:\/\/reto.cn\/php\/hanyu\/wp-json\/wp\/v2\/users\/1"}],"replies":[{"embeddable":true,"href":"https:\/\/reto.cn\/php\/hanyu\/wp-json\/wp\/v2\/comments?post=8535"}],"version-history":[{"count":0,"href":"https:\/\/reto.cn\/php\/hanyu\/wp-json\/wp\/v2\/pages\/8535\/revisions"}],"up":[{"embeddable":true,"href":"https:\/\/reto.cn\/php\/hanyu\/wp-json\/wp\/v2\/pages\/8497"}],"wp:attachment":[{"href":"https:\/\/reto.cn\/php\/hanyu\/wp-json\/wp\/v2\/media?parent=8535"}],"curies":[{"name":"wp","href":"https:\/\/api.w.org\/{rel}","templated":true}]}}