{"id":8551,"date":"2021-10-08T19:56:38","date_gmt":"2021-10-08T11:56:38","guid":{"rendered":"http:\/\/reto.cn\/php\/hanyu\/?page_id=8551"},"modified":"2022-02-02T16:18:03","modified_gmt":"2022-02-02T08:18:03","slug":"leciono-5","status":"publish","type":"page","link":"https:\/\/reto.cn\/php\/hanyu\/parola_lingvo\/jen-nia-mondo-1\/leciono-5\/","title":{"rendered":"Jen Nia Mondo 1 Leciono 5"},"content":{"rendered":"<p>&nbsp;<\/p>\n<h3>Jen Nia Mondo 1<br \/>\n\u8fd9\u662f\u6211\u4eec\u7684\u4e16\u754c\uff08\u4e00\uff09<\/h3>\n<h3 style=\"text-align: center;\">Leciono 5<\/h3>\n<p><img decoding=\"async\" loading=\"lazy\" class=\"aligncenter\" src=\"https:\/\/reto.cn\/parola_lingvo\/jen_nia_mondo_1\/floristo.png\" width=\"601\" height=\"188\" \/><\/p>\n<h4>\u0108e la Floristo<\/h4>\n<p><audio style=\"margin: auto; top: 0; right: 0; bottom: 0; left: 0;\" src=\"https:\/\/reto.cn\/parola_lingvo\/jen_nia_mondo_1\/dialogo5.mp3\" controls=\"controls\"><span data-mce-type=\"bookmark\" style=\"display: inline-block; width: 0px; overflow: hidden; line-height: 0;\" class=\"mce_SELRES_start\">\ufeff<\/span><span data-mce-type=\"bookmark\" style=\"display: inline-block; width: 0px; overflow: hidden; line-height: 0;\" class=\"mce_SELRES_start\">\ufeff<\/span><\/audio><br \/>\nP. Jen la butiko (\u5e97\u94fa\uff0c\u5c0f\u5546\u5e97\uff0c\u6742\u8d27\u94fa) !<br \/>\nH. Bone! Mi volas a\u0109eti planton por via patrino. Plantojn \u015di tre amas.<br \/>\nP. Kaj ne nur plantojn. Si tre amas florojn. Mia patro kutime donas al \u015di ru\u011dan rozon je \u015dia datreveno.<br \/>\nH. Nu! mi deziras a\u0109eti anka\u016d florojn.<br \/>\nP. Kion vi deziras? \u0108u vi volas a\u0109eli tulipojn a\u016d violojn?<br \/>\nH. Mi tre amas ru\u011dajn tulipojn, sed la tulipoj en la butiko estas tro palaj. La violoj estas pli buntaj. Mi volas la grandajn violojn.<br \/>\nP. \u0108u la tigoj estas firmaj?<br \/>\nH. Ho jes! Kaj la folioj estas tre fre\u015daj. Mi deziras a\u0109eti grandan bukedon por via patrino. Kaj anka\u016d hiacintojn (\u98ce\u4fe1\u5b50) mi volas a\u0109eti \u2014 por mia<br \/>\npatrino. Si preferas hiacintojn (\u98ce\u4fe1\u5b50) . En la somero mi a\u0109etas blankajn liliojn por \u015di, kaj en la a\u016dtuno orajn krizantemojn.<br \/>\nP. Via patrino havas belan bildon de floroj en la man\u011do\u0109ambro. Mi parolas pri la bildo de narcisoj (\u6c34\u4ed9\u82b1) .<br \/>\nH. Belaj bildoj tre pla\u0109as al \u015di. Si kolektas belajn bildojn, kaj precipe bildojn de floroj<br \/>\nP. Kiom kostas la hiacintoj (\u98ce\u4fe1\u5b50) ?<br \/>\nH. Ili ne tre kostas. Mi intencas a\u0109eti du bukedojn. Sed mian monon mi lasis en la a\u016dto. \u0108u vi havas?<br \/>\nP. Jen! Prenu.<br \/>\nH. Dankon!<br \/>\nP. Kaj anka\u016d mi intencas a\u0109eti florojn \u2014 por via mantelo (\u5927\u8863\uff0c\u5916\u5957) .<br \/>\nH. Ho, mia kara! Vi estas tre bonkora. Do, mi donas al vi kison.<br \/>\nP. Ni nepre vizitos la florbutikon denove!<br \/>\nH. Ha, jen! La floristo jam volvis la florojn, kaj la planton.<br \/>\nP. Bone!<br \/>\nH. \u0108u vi pagis por la floroj por mia mantelo (\u5927\u8863\uff0c\u5916\u5957) ?<br \/>\nP. Jes, mi pagis. Kaj nun mi volas trinki kafon. \u0108u anka\u016d vi?<br \/>\nH. Jes.<br \/>\nP. Do, al la kafejo!<br \/>\nH. Sed unue fiksu la florojn al mia mantelo (\u5927\u8863\uff0c\u5916\u5957) .<br \/>\nP. En ordo \u2014 mi fiksis ilin. \u0108u vi estas kontenta?<br \/>\nH. Tre kontenta, mia kara.<\/p>\n<p>\u8fd4\u56de\u00a0<a href=\"https:\/\/reto.cn\/php\/hanyu\/parola_lingvo\/jen-nia-mondo-1\/\">Jen Nia Mondo 1 \u8fd9\u662f\u6211\u4eec\u7684\u4e16\u754c\uff08\u4e00\uff09<\/a><\/p>\n","protected":false},"excerpt":{"rendered":"<p>&nbsp; Jen Nia Mondo 1 \u8fd9\u662f\u6211\u4eec\u7684\u4e16\u754c\uff08\u4e00\uff09 Leciono 5 \u0108e la Flori\u2026 <span class=\"read-more\"><a href=\"https:\/\/reto.cn\/php\/hanyu\/parola_lingvo\/jen-nia-mondo-1\/leciono-5\/\">\u7ee7\u7eed\u9605\u8bfb Legi pli &raquo;<\/a><\/span><\/p>\n","protected":false},"author":1,"featured_media":0,"parent":8497,"menu_order":0,"comment_status":"open","ping_status":"closed","template":"","meta":{"footnotes":""},"_links":{"self":[{"href":"https:\/\/reto.cn\/php\/hanyu\/wp-json\/wp\/v2\/pages\/8551"}],"collection":[{"href":"https:\/\/reto.cn\/php\/hanyu\/wp-json\/wp\/v2\/pages"}],"about":[{"href":"https:\/\/reto.cn\/php\/hanyu\/wp-json\/wp\/v2\/types\/page"}],"author":[{"embeddable":true,"href":"https:\/\/reto.cn\/php\/hanyu\/wp-json\/wp\/v2\/users\/1"}],"replies":[{"embeddable":true,"href":"https:\/\/reto.cn\/php\/hanyu\/wp-json\/wp\/v2\/comments?post=8551"}],"version-history":[{"count":0,"href":"https:\/\/reto.cn\/php\/hanyu\/wp-json\/wp\/v2\/pages\/8551\/revisions"}],"up":[{"embeddable":true,"href":"https:\/\/reto.cn\/php\/hanyu\/wp-json\/wp\/v2\/pages\/8497"}],"wp:attachment":[{"href":"https:\/\/reto.cn\/php\/hanyu\/wp-json\/wp\/v2\/media?parent=8551"}],"curies":[{"name":"wp","href":"https:\/\/api.w.org\/{rel}","templated":true}]}}