{"id":8576,"date":"2021-10-09T19:42:48","date_gmt":"2021-10-09T11:42:48","guid":{"rendered":"http:\/\/reto.cn\/php\/hanyu\/?page_id=8576"},"modified":"2022-02-02T16:19:00","modified_gmt":"2022-02-02T08:19:00","slug":"leciono-6","status":"publish","type":"page","link":"https:\/\/reto.cn\/php\/hanyu\/parola_lingvo\/jen-nia-mondo-1\/leciono-6\/","title":{"rendered":"Jen Nia Mondo 1 Leciono 6"},"content":{"rendered":"<p>&nbsp;<\/p>\n<h3>Jen Nia Mondo 1<br \/>\n\u8fd9\u662f\u6211\u4eec\u7684\u4e16\u754c\uff08\u4e00\uff09<\/h3>\n<h3 style=\"text-align: center;\">Leciono 6<\/h3>\n<p><img decoding=\"async\" loading=\"lazy\" class=\"alignnone aligncenter\" src=\"https:\/\/reto.cn\/parola_lingvo\/jen_nia_mondo_1\/kinejo.png\" width=\"600\" height=\"189\" \/><\/p>\n<h4>Kinejo<\/h4>\n<p><audio style=\"margin: auto; top: 0; right: 0; bottom: 0; left: 0;\" src=\"https:\/\/reto.cn\/parola_lingvo\/jen_nia_mondo_1\/dialogo6.mp3\" controls=\"controls\"><span data-mce-type=\"bookmark\" style=\"display: inline-block; width: 0px; overflow: hidden; line-height: 0;\" class=\"mce_SELRES_start\">\ufeff<\/span><\/audio><br \/>\nH. Petro!<br \/>\nP. Jes?<br \/>\nH. \u0108u pla\u0109us al vi viziti la kinejon?<br \/>\nP. \u0108u estas bona filmo en la kinejo?<br \/>\nH. Mi rigardos la gazeton.<br \/>\nP. Kiajn filmojn vi preferas?<br \/>\nH. Vi jam scias \u2014 pla\u0109as al mi romantikaj filmoj. Sed vi preferas detektivajn kaj aventurajn filmojn.<br \/>\nP. Kaj anka\u016d ridigajn filmojn.<br \/>\nH. Do, mi ser\u0109os romantikan, ridigan, detektivan, aventuran filmon!<br \/>\nP. Nun vi \u015dercas!<br \/>\nH. Sendube.<br \/>\nP. Sed serioze \u2014 kion vi volas? Ni vidos filmon la\u016d via elekto.<br \/>\nH. Ha! jen bona filmo \u2014 \u011di vere estas komika, detektiva filmo, kaj la \u0109efrolulino \u0109iam havas romantikan scenon.<br \/>\nP. Kaj la nomo de la filmo?<br \/>\nH. \u201cLa Kadavro kaj la Kato\u201d<br \/>\nP. Ou vi rememoras la filmon pri la bela domego, en kiu<br \/>\nlo\u011dis multaj fantomoj \u2014 \u201cLa Mistera Arbarego\u201d? Mi tre ridis.<br \/>\nH. Jes, kaj mi rememoras la viron, kiu lo\u011dis en la a\u0109a dometo. Li havis ru\u011dan nazegon.<br \/>\nP. Vere, li havis ru\u011degan nazegon! Kaj kiam venis la monstro, li kuregis for!<\/p>\n<p>\u8fd4\u56de\u00a0<a href=\"https:\/\/reto.cn\/php\/hanyu\/parola_lingvo\/jen-nia-mondo-1\/\">Jen Nia Mondo 1 \u8fd9\u662f\u6211\u4eec\u7684\u4e16\u754c\uff08\u4e00\uff09<\/a><\/p>\n","protected":false},"excerpt":{"rendered":"<p>&nbsp; Jen Nia Mondo 1 \u8fd9\u662f\u6211\u4eec\u7684\u4e16\u754c\uff08\u4e00\uff09 Leciono 6 Kinejo \ufeff H.\u2026 <span class=\"read-more\"><a href=\"https:\/\/reto.cn\/php\/hanyu\/parola_lingvo\/jen-nia-mondo-1\/leciono-6\/\">\u7ee7\u7eed\u9605\u8bfb Legi pli &raquo;<\/a><\/span><\/p>\n","protected":false},"author":1,"featured_media":0,"parent":8497,"menu_order":0,"comment_status":"open","ping_status":"closed","template":"","meta":{"footnotes":""},"_links":{"self":[{"href":"https:\/\/reto.cn\/php\/hanyu\/wp-json\/wp\/v2\/pages\/8576"}],"collection":[{"href":"https:\/\/reto.cn\/php\/hanyu\/wp-json\/wp\/v2\/pages"}],"about":[{"href":"https:\/\/reto.cn\/php\/hanyu\/wp-json\/wp\/v2\/types\/page"}],"author":[{"embeddable":true,"href":"https:\/\/reto.cn\/php\/hanyu\/wp-json\/wp\/v2\/users\/1"}],"replies":[{"embeddable":true,"href":"https:\/\/reto.cn\/php\/hanyu\/wp-json\/wp\/v2\/comments?post=8576"}],"version-history":[{"count":0,"href":"https:\/\/reto.cn\/php\/hanyu\/wp-json\/wp\/v2\/pages\/8576\/revisions"}],"up":[{"embeddable":true,"href":"https:\/\/reto.cn\/php\/hanyu\/wp-json\/wp\/v2\/pages\/8497"}],"wp:attachment":[{"href":"https:\/\/reto.cn\/php\/hanyu\/wp-json\/wp\/v2\/media?parent=8576"}],"curies":[{"name":"wp","href":"https:\/\/api.w.org\/{rel}","templated":true}]}}