{"id":8580,"date":"2021-10-09T20:02:49","date_gmt":"2021-10-09T12:02:49","guid":{"rendered":"http:\/\/reto.cn\/php\/hanyu\/?page_id=8580"},"modified":"2022-02-02T16:20:30","modified_gmt":"2022-02-02T08:20:30","slug":"leciono-8","status":"publish","type":"page","link":"https:\/\/reto.cn\/php\/hanyu\/parola_lingvo\/jen-nia-mondo-1\/leciono-8\/","title":{"rendered":"Jen Nia Mondo 1 Leciono 8"},"content":{"rendered":"<p>&nbsp;<\/p>\n<h3>Jen Nia Mondo 1<br \/>\n\u8fd9\u662f\u6211\u4eec\u7684\u4e16\u754c\uff08\u4e00\uff09<\/h3>\n<h3 style=\"text-align: center;\">Leciono 8<\/h3>\n<p><img decoding=\"async\" loading=\"lazy\" class=\"alignnone \" src=\"https:\/\/reto.cn\/parola_lingvo\/jen_nia_mondo_1\/butikoj.png\" width=\"602\" height=\"191\" \/><\/p>\n<h4>La Butikoj<\/h4>\n<p><audio style=\"margin: auto; top: 0; right: 0; bottom: 0; left: 0;\" src=\"https:\/\/reto.cn\/parola_lingvo\/jen_nia_mondo_1\/dialogo8.mp3\" controls=\"controls\"><\/audio><br \/>\nH. Saluton, Petro. Vi staras kiel statuo; kion vi faras?<br \/>\nP. Mi provas memori liston. Mia patrino malsanas, kaj \u015di petis min iri al la butikoj por \u015di. \u015di donis al mi grandan liston, sed mi lasis \u011din hejme.<br \/>\nH. Kion vi devas ankora\u016d a\u0109eti?<br \/>\nP. Jen la problemo, Helena. Mi forgesis ion, sed mi ne povas memori, kion mi forgesis.<br \/>\nH. Eble mi povos helpi vin. Mi esperas, ke la malsano de via patrino ne estas grava.<br \/>\nP. Vere, mi kredas ke ne. Sed \u015di certe estas tro laca por veni al la butikoj. Mi jam ins al la apoteko por a\u0109eti la medikamenton, kiun la kuracisto preskribis por \u015di; kaj mi a\u0109etis panon \u0109e la bakisto kaj kolbasojn \u0109e la bu\u0109isto.<br \/>\nH. \u0108u \u015di petis vin a\u0109eti ion \u0109e la laktisto?<br \/>\nEkzemple, lakton, buteron, a\u016d froma\u011don?<br \/>\nP. Ne, la laktisto portas lakton al la domo, kaj mi trovis buteron en la memserva vendejo.<br \/>\nH. Kaj mi scias, ke via familio ne \u015datas froma\u011don. \u0108u eble \u015di bezonas skribpaperon kaj kovertojn?<br \/>\nP. Ne \u2014 sed mi mem bezonas novan skribilon, car mi perdis mian plumon. Po\u015dtmarkojn mi jam a\u0109etis. Kaj mi jam iris anka\u016d al la legomisto.<br \/>\nH. Apud la placo estas nova butiko, kie oni vendas modajn vestojn \u2014 \u0109u vi vidis \u011din? Venu rigardi!<br \/>\nP. Poste, Helena. Mi vere estas idioto, ke mi forgesis kun- porti la liston, kiun panjo kompilis&#8230;<br \/>\nP. &#8230; Ha! Jen!<br \/>\nH. Ej, Petro, kio estas al vi?<br \/>\nP. Baterio! Baterion \u015di bezonas por la radio, Car la malnova baterio ne plu funkcias.<br \/>\nH. Do vi solvis la problemon! Vi povas a\u0109eti baterion \u0109e la&#8230; elektristo.<\/p>\n<p>\u8fd4\u56de\u00a0<a href=\"https:\/\/reto.cn\/php\/hanyu\/parola_lingvo\/jen-nia-mondo-1\/\">Jen Nia Mondo 1 \u8fd9\u662f\u6211\u4eec\u7684\u4e16\u754c\uff08\u4e00\uff09<\/a><\/p>\n","protected":false},"excerpt":{"rendered":"<p>&nbsp; Jen Nia Mondo 1 \u8fd9\u662f\u6211\u4eec\u7684\u4e16\u754c\uff08\u4e00\uff09 Leciono 8 La Butikoj \u2026 <span class=\"read-more\"><a href=\"https:\/\/reto.cn\/php\/hanyu\/parola_lingvo\/jen-nia-mondo-1\/leciono-8\/\">\u7ee7\u7eed\u9605\u8bfb Legi pli &raquo;<\/a><\/span><\/p>\n","protected":false},"author":1,"featured_media":0,"parent":8497,"menu_order":0,"comment_status":"open","ping_status":"closed","template":"","meta":{"footnotes":""},"_links":{"self":[{"href":"https:\/\/reto.cn\/php\/hanyu\/wp-json\/wp\/v2\/pages\/8580"}],"collection":[{"href":"https:\/\/reto.cn\/php\/hanyu\/wp-json\/wp\/v2\/pages"}],"about":[{"href":"https:\/\/reto.cn\/php\/hanyu\/wp-json\/wp\/v2\/types\/page"}],"author":[{"embeddable":true,"href":"https:\/\/reto.cn\/php\/hanyu\/wp-json\/wp\/v2\/users\/1"}],"replies":[{"embeddable":true,"href":"https:\/\/reto.cn\/php\/hanyu\/wp-json\/wp\/v2\/comments?post=8580"}],"version-history":[{"count":0,"href":"https:\/\/reto.cn\/php\/hanyu\/wp-json\/wp\/v2\/pages\/8580\/revisions"}],"up":[{"embeddable":true,"href":"https:\/\/reto.cn\/php\/hanyu\/wp-json\/wp\/v2\/pages\/8497"}],"wp:attachment":[{"href":"https:\/\/reto.cn\/php\/hanyu\/wp-json\/wp\/v2\/media?parent=8580"}],"curies":[{"name":"wp","href":"https:\/\/api.w.org\/{rel}","templated":true}]}}