{"id":8584,"date":"2021-10-09T20:15:12","date_gmt":"2021-10-09T12:15:12","guid":{"rendered":"http:\/\/reto.cn\/php\/hanyu\/?page_id=8584"},"modified":"2022-02-02T16:19:50","modified_gmt":"2022-02-02T08:19:50","slug":"leciono-7","status":"publish","type":"page","link":"https:\/\/reto.cn\/php\/hanyu\/parola_lingvo\/jen-nia-mondo-1\/leciono-7\/","title":{"rendered":"Jen Nia Mondo 1 Leciono 7"},"content":{"rendered":"<p>&nbsp;<\/p>\n<h3>Jen Nia Mondo 1<br \/>\n\u8fd9\u662f\u6211\u4eec\u7684\u4e16\u754c\uff08\u4e00\uff09<\/h3>\n<h3 style=\"text-align: center;\">Leciono 7<\/h3>\n<p><img decoding=\"async\" loading=\"lazy\" class=\"aligncenter\" src=\"https:\/\/reto.cn\/parola_lingvo\/jen_nia_mondo_1\/hotelo.png\" width=\"602\" height=\"191\" \/><\/p>\n<h4>\u0108e la Hotelo<\/h4>\n<p><audio style=\"margin: auto; top: 0; right: 0; bottom: 0; left: 0;\" src=\"https:\/\/reto.cn\/parola_lingvo\/jen_nia_mondo_1\/dialogo7.mp3\" controls=\"controls\"><span data-mce-type=\"bookmark\" style=\"display: inline-block; width: 0px; overflow: hidden; line-height: 0;\" class=\"mce_SELRES_start\">\ufeff<\/span><\/audio><br \/>\nH. Petro, \u0109u tiu hotelo estas bona?<br \/>\nP. Ne, Helena, tiu hotelo ne estas tre bona. Sed \u0109i tiu hotelo estas bonega. Mi vesperman\u011dis \u0109i tie anta\u016d tri monatoj kun mia familio.<br \/>\nH. \u0108u pla\u0109us al vi veni kun mi por rezervi \u0109ambron en \u0109i tiu hotelo?<br \/>\nP. Helena, vi \u015dercas! Kion vi volas diri?<br \/>\nH. Ho! Petro, vi miskomprenis min! Mi ne volas rezervi \u0109ambron por ni, kompreneble.<br \/>\nP. Do, por kiu?<br \/>\nH. Hiera\u016d mia patrino ricevis leteron de mia onklo &#8230;<br \/>\nP. Vi havas du onklojn, \u0109u ne? \u0108u la letero venis de tiu, kiu lo\u011das en Usono, a\u016d de tiu, kiu lo\u011das en Francujo?<br \/>\nH. \u011ci venis de tiu mia onklo, kiu lo\u011das en Usono, kaj li alvenos post du semajnoj en Anglujo. Kompreneble, li vizitos nin, sed li restos en hotelo, \u0109ar nia domo estas jam plena.<br \/>\nP. Ni rezervos la \u0109ambron nun. Kiom da noktoj via onklo volas resti? \u0109u vi scias, kion li skribis pri tio?<br \/>\nH. Li restos \u0109i tie kvar noktojn.<br \/>\nP. Bone, mi venos kun vi por paroli al la estro de la hotelo.<br \/>\n&#8230;&#8230;&#8230;&#8230;&#8230;&#8230;&#8230;&#8230;&#8230;&#8230;&#8230;&#8230;&#8230;&#8230;<br \/>\nH. Bonan matenon!<br \/>\nESTRO. Bonan matenon, fra\u016dlino.<br \/>\nH. \u0108u vi havas liberan \u0109ambron? Mi volas rezervi \u0109ambron kun bano por mia onklo, kiu venos post du semajnoj kaj restos kvar noktojn. Kiom tio kostos?<br \/>\nE. Kvin pundojn por unu nokto, fra\u016dlino.<br \/>\nH. Do, la nomo estas sinjoro Frank Bra\u016dn. Mia patrino konfirmos tion al vi per letero. Bone, dankon sinjoro.<br \/>\nE. Dankon, fra\u016dlino.<br \/>\nH. \u011cis revido.<br \/>\nE. \u011cis revido, fra\u016dlino.<\/p>\n<p>\u8fd4\u56de\u00a0<a href=\"https:\/\/reto.cn\/php\/hanyu\/parola_lingvo\/jen-nia-mondo-1\/\">Jen Nia Mondo 1 \u8fd9\u662f\u6211\u4eec\u7684\u4e16\u754c\uff08\u4e00\uff09<\/a><\/p>\n","protected":false},"excerpt":{"rendered":"<p>&nbsp; Jen Nia Mondo 1 \u8fd9\u662f\u6211\u4eec\u7684\u4e16\u754c\uff08\u4e00\uff09 Leciono 7 \u0108e la Hotel\u2026 <span class=\"read-more\"><a href=\"https:\/\/reto.cn\/php\/hanyu\/parola_lingvo\/jen-nia-mondo-1\/leciono-7\/\">\u7ee7\u7eed\u9605\u8bfb Legi pli &raquo;<\/a><\/span><\/p>\n","protected":false},"author":1,"featured_media":0,"parent":8497,"menu_order":0,"comment_status":"open","ping_status":"closed","template":"","meta":{"footnotes":""},"_links":{"self":[{"href":"https:\/\/reto.cn\/php\/hanyu\/wp-json\/wp\/v2\/pages\/8584"}],"collection":[{"href":"https:\/\/reto.cn\/php\/hanyu\/wp-json\/wp\/v2\/pages"}],"about":[{"href":"https:\/\/reto.cn\/php\/hanyu\/wp-json\/wp\/v2\/types\/page"}],"author":[{"embeddable":true,"href":"https:\/\/reto.cn\/php\/hanyu\/wp-json\/wp\/v2\/users\/1"}],"replies":[{"embeddable":true,"href":"https:\/\/reto.cn\/php\/hanyu\/wp-json\/wp\/v2\/comments?post=8584"}],"version-history":[{"count":0,"href":"https:\/\/reto.cn\/php\/hanyu\/wp-json\/wp\/v2\/pages\/8584\/revisions"}],"up":[{"embeddable":true,"href":"https:\/\/reto.cn\/php\/hanyu\/wp-json\/wp\/v2\/pages\/8497"}],"wp:attachment":[{"href":"https:\/\/reto.cn\/php\/hanyu\/wp-json\/wp\/v2\/media?parent=8584"}],"curies":[{"name":"wp","href":"https:\/\/api.w.org\/{rel}","templated":true}]}}