{"id":8590,"date":"2021-10-09T20:54:16","date_gmt":"2021-10-09T12:54:16","guid":{"rendered":"http:\/\/reto.cn\/php\/hanyu\/?page_id=8590"},"modified":"2022-02-02T16:21:12","modified_gmt":"2022-02-02T08:21:12","slug":"leciono-9","status":"publish","type":"page","link":"https:\/\/reto.cn\/php\/hanyu\/parola_lingvo\/jen-nia-mondo-1\/leciono-9\/","title":{"rendered":"Jen Nia Mondo 1 Leciono 9"},"content":{"rendered":"<h3>Jen Nia Mondo 1<br \/>\n\u8fd9\u662f\u6211\u4eec\u7684\u4e16\u754c\uff08\u4e00\uff09<\/h3>\n<h3 style=\"text-align: center;\">Leciono 9<\/h3>\n<p><img decoding=\"async\" loading=\"lazy\" class=\"aligncenter\" src=\"https:\/\/reto.cn\/parola_lingvo\/jen_nia_mondo_1\/marbordo.png\" width=\"600\" height=\"189\" \/><\/p>\n<h4>La Marbordo<\/h4>\n<p><audio style=\"margin: auto; top: 0; right: 0; bottom: 0; left: 0;\" src=\"https:\/\/reto.cn\/parola_lingvo\/jen_nia_mondo_1\/dialogo9.mp3\" controls=\"controls\"><\/audio><br \/>\nH. Petro, \u0109u vi \u015datas la marbordon?<br \/>\nP. Jes, Helena, mi tre \u015datas la marbordon.<br \/>\nH. \u0108u pla\u0109as al vi na\u011di?<br \/>\nP. Jes, Helena, pla\u0109as al mi na\u011di; sed ne nun \u2014 eble balda\u016d.<br \/>\nH. \u0108u vi \u015datus esplori la strandon? Ser\u0109i konkojn?<br \/>\nP. Ne, Helena, mi ne \u015datus esplori la strandon. Mi volas ku\u015di sur la sablo en la sunbrilo.<br \/>\nH. Sed, Petro, \u0109ie vi povus ku\u015di en la sunbrilo.<br \/>\nP. Ne, Helena, tio ne estas tute \u011dusta. Sur la strato mi ne povus ku\u015di en la sunbrilo. Preska\u016d nenie mi povus ku\u015di en la sunbrilo.<br \/>\nH. Anka\u016d tio ne estas tute \u011dusta. En la \u011dardeno vi povus ku\u015di en la sunbrilo, en la kamparo vi povus ku\u015di en la sunbrilo.<br \/>\nP. Jes, Helena, sed mi ne estas en la \u011dardeno, kaj mi ne estas en la kamparo, mi estas \u0109i tie; kaj \u011duste \u0109i tie, sur la sablo en la sunbrilo mi deziras ku\u015di.<br \/>\n&#8230;&#8230;[pa\u016dzo]&#8230;&#8230;<br \/>\nH. Petro, \u0109u vi dormas?<br \/>\nP. Ne, Helena, mi ne dormas.<br \/>\nH. \u0108u vi a\u016ddas la mevojn?<br \/>\nP Kompreneble mi a\u016ddas la mevojn. [pa\u016dzo]<br \/>\nH. \u0108u vi volas na\u011di nun?<br \/>\nP. Ankora\u016d ne.<br \/>\nH. Ankora\u016d ne! Vi neniam volas fari ion!<br \/>\nP. Kaj vi \u0109iam volas fari ion. Mi ne intencas na\u011di nun.<br \/>\nH. \u0108u iam vi intencos?<br \/>\nP. Mi jam diris al vi, ke mia intenco estas balda\u016d na\u011di.<br \/>\nH. Sed balda\u016d ni devos foriri. Se mi restos tro longe for de la hejmo, mia patrino plendos.<br \/>\nP. Pesfon al via patrino! [Silenco.] Helena!<br \/>\nH. Jes?<br \/>\nP. \u0108u mi ofendis vin?<br \/>\nH. Jes.<br \/>\nP. Mi beda\u016dras. Tio ne estis intenca.<br \/>\nH. Vi tamen ofendis min.<br \/>\nP. Sed ne infence. Pardonu min.<br \/>\nH. Nu, Petro, mi kredas, ke vi ne intencis ofendi min, kaj mi pardonos vin, se&#8230; vi tuj na\u011dos kun mi.<br \/>\nP. Do, bone, ni na\u011du&#8230;<\/p>\n<p>\u8fd4\u56de\u00a0<a href=\"https:\/\/reto.cn\/php\/hanyu\/parola_lingvo\/jen-nia-mondo-1\/\">Jen Nia Mondo 1 \u8fd9\u662f\u6211\u4eec\u7684\u4e16\u754c\uff08\u4e00\uff09<\/a><\/p>\n","protected":false},"excerpt":{"rendered":"<p>Jen Nia Mondo 1 \u8fd9\u662f\u6211\u4eec\u7684\u4e16\u754c\uff08\u4e00\uff09 Leciono 9 La Marbordo H. Pet\u2026 <span class=\"read-more\"><a href=\"https:\/\/reto.cn\/php\/hanyu\/parola_lingvo\/jen-nia-mondo-1\/leciono-9\/\">\u7ee7\u7eed\u9605\u8bfb Legi pli &raquo;<\/a><\/span><\/p>\n","protected":false},"author":1,"featured_media":0,"parent":8497,"menu_order":0,"comment_status":"open","ping_status":"closed","template":"","meta":{"footnotes":""},"_links":{"self":[{"href":"https:\/\/reto.cn\/php\/hanyu\/wp-json\/wp\/v2\/pages\/8590"}],"collection":[{"href":"https:\/\/reto.cn\/php\/hanyu\/wp-json\/wp\/v2\/pages"}],"about":[{"href":"https:\/\/reto.cn\/php\/hanyu\/wp-json\/wp\/v2\/types\/page"}],"author":[{"embeddable":true,"href":"https:\/\/reto.cn\/php\/hanyu\/wp-json\/wp\/v2\/users\/1"}],"replies":[{"embeddable":true,"href":"https:\/\/reto.cn\/php\/hanyu\/wp-json\/wp\/v2\/comments?post=8590"}],"version-history":[{"count":0,"href":"https:\/\/reto.cn\/php\/hanyu\/wp-json\/wp\/v2\/pages\/8590\/revisions"}],"up":[{"embeddable":true,"href":"https:\/\/reto.cn\/php\/hanyu\/wp-json\/wp\/v2\/pages\/8497"}],"wp:attachment":[{"href":"https:\/\/reto.cn\/php\/hanyu\/wp-json\/wp\/v2\/media?parent=8590"}],"curies":[{"name":"wp","href":"https:\/\/api.w.org\/{rel}","templated":true}]}}