{"id":8594,"date":"2021-10-09T21:22:58","date_gmt":"2021-10-09T13:22:58","guid":{"rendered":"http:\/\/reto.cn\/php\/hanyu\/?page_id=8594"},"modified":"2022-02-02T16:22:26","modified_gmt":"2022-02-02T08:22:26","slug":"leciono-10","status":"publish","type":"page","link":"https:\/\/reto.cn\/php\/hanyu\/parola_lingvo\/jen-nia-mondo-1\/leciono-10\/","title":{"rendered":"Jen Nia Mondo 1 Leciono 10"},"content":{"rendered":"<h3>Jen Nia Mondo 1<br \/>\n\u8fd9\u662f\u6211\u4eec\u7684\u4e16\u754c\uff08\u4e00\uff09<\/h3>\n<h3 style=\"text-align: center;\">Leciono 10<\/h3>\n<p><img decoding=\"async\" loading=\"lazy\" class=\"aligncenter\" src=\"https:\/\/reto.cn\/parola_lingvo\/jen_nia_mondo_1\/vetero.png\" width=\"601\" height=\"189\" \/><\/p>\n<h4>Vetero<\/h4>\n<p><audio style=\"margin: auto; top: 0; right: 0; bottom: 0; left: 0;\" src=\"https:\/\/reto.cn\/parola_lingvo\/jen_nia_mondo_1\/dialogo10.mp3\" controls=\"controls\"><\/audio><\/p>\n<p>P. Pluvas.<br \/>\nH. Jes, pluvas, kaj \u015dajnas, ke estas malvarme.<br \/>\nP. Ni ne povas fari ekskurson hodia\u016d. Ni devas resti en la domo.<br \/>\nH. Mi ne volas resti en la domo.<br \/>\nP. Kion vi volas fari?<br \/>\nH. Mi ne scias. Kion vi volas fari?<br \/>\nP. Mi volas fari nenion.<br \/>\nH. Vi neniam volas fari ion.<br \/>\nP. Helena, mia kara, en la domo estas varme kaj seke; ekstere estas malvarme kaj malseke.<br \/>\nH. Eble la pluvo balda\u016d \u0109esos.<br \/>\nP. E\u0109 se la pluvo \u0109esos, la vento restos malvarma. La vetero estas malagrabla, kaj ne utilas iri al la marbordo a\u016d al la kamparo.<br \/>\nH. Jes, la vetero estas malagrabla; pluvas; kaj malvarma vento blovas. Kion fari, do?<br \/>\nP. \u015cajnas al mi, ke vi kaj mi povus esti kontentaj kune en la domo.<br \/>\nH. Balda\u016d revenos mia patrino.<br \/>\nP. Peston al &#8230;<br \/>\nH. Kion vi diras?<br \/>\nP. &#8230; la vetero!<br \/>\nH. Ne restas multaj feriaj tagoj. Ni devas fari ion.<br \/>\nP. Do, kion vi volas fari?<br \/>\nH. Mi ne scias. Kion vi volas fari?<br \/>\nP. Mi ne scias.<br \/>\nP. Do, bone, ni ser\u0109u!<\/p>\n<p>\u8fd4\u56de\u00a0<a href=\"https:\/\/reto.cn\/php\/hanyu\/parola_lingvo\/jen-nia-mondo-1\/\">Jen Nia Mondo 1 \u8fd9\u662f\u6211\u4eec\u7684\u4e16\u754c\uff08\u4e00\uff09<\/a><\/p>\n","protected":false},"excerpt":{"rendered":"<p>\t\t\t\t<![CDATA[]]>\t\t<\/p>\n","protected":false},"author":1,"featured_media":0,"parent":8497,"menu_order":0,"comment_status":"open","ping_status":"closed","template":"","meta":{"footnotes":""},"_links":{"self":[{"href":"https:\/\/reto.cn\/php\/hanyu\/wp-json\/wp\/v2\/pages\/8594"}],"collection":[{"href":"https:\/\/reto.cn\/php\/hanyu\/wp-json\/wp\/v2\/pages"}],"about":[{"href":"https:\/\/reto.cn\/php\/hanyu\/wp-json\/wp\/v2\/types\/page"}],"author":[{"embeddable":true,"href":"https:\/\/reto.cn\/php\/hanyu\/wp-json\/wp\/v2\/users\/1"}],"replies":[{"embeddable":true,"href":"https:\/\/reto.cn\/php\/hanyu\/wp-json\/wp\/v2\/comments?post=8594"}],"version-history":[{"count":0,"href":"https:\/\/reto.cn\/php\/hanyu\/wp-json\/wp\/v2\/pages\/8594\/revisions"}],"up":[{"embeddable":true,"href":"https:\/\/reto.cn\/php\/hanyu\/wp-json\/wp\/v2\/pages\/8497"}],"wp:attachment":[{"href":"https:\/\/reto.cn\/php\/hanyu\/wp-json\/wp\/v2\/media?parent=8594"}],"curies":[{"name":"wp","href":"https:\/\/api.w.org\/{rel}","templated":true}]}}