{"id":8600,"date":"2021-10-09T21:35:52","date_gmt":"2021-10-09T13:35:52","guid":{"rendered":"http:\/\/reto.cn\/php\/hanyu\/?page_id=8600"},"modified":"2022-02-02T16:23:22","modified_gmt":"2022-02-02T08:23:22","slug":"leciono-11","status":"publish","type":"page","link":"https:\/\/reto.cn\/php\/hanyu\/parola_lingvo\/jen-nia-mondo-1\/leciono-11\/","title":{"rendered":"Jen Nia Mondo 1 Leciono 11"},"content":{"rendered":"<h3>Jen Nia Mondo 1<br \/>\n\u8fd9\u662f\u6211\u4eec\u7684\u4e16\u754c\uff08\u4e00\uff09<\/h3>\n<h3 style=\"text-align: center;\">Leciono 11<\/h3>\n<p><img decoding=\"async\" loading=\"lazy\" class=\"alignnone \" src=\"https:\/\/reto.cn\/parola_lingvo\/jen_nia_mondo_1\/familio.png\" width=\"602\" height=\"191\" \/><\/p>\n<h4>La Familio<\/h4>\n<p><audio style=\"margin: auto; top: 0; right: 0; bottom: 0; left: 0;\" src=\"https:\/\/reto.cn\/parola_lingvo\/jen_nia_mondo_1\/dialogo11.mp3\" controls=\"controls\"><\/audio><\/p>\n<p>P. Sed, kara mia, kion diros viaj gepatroj? \u0108u vi opinias, ke ili kontra\u016dstaros nian geedzi\u011don?<br \/>\nH. Kompreneble ne. Kia ideo! Miaj gepatroj tre \u015datas vin, kaj anka\u016d mia frato.<br \/>\nP. \u0108u vere?<br \/>\nH. Jes, certe. Sed kion diros via familio? Mi dubas, fiu mi pla\u0109as al via fratino.<br \/>\nP. Kompreneble vi pla\u0109as al mia fratino. Si vere \u015datas vin.<br \/>\nH. Kaj via gepatroj? \u0109u pla\u0109os al ili havi bofilinon?<br \/>\nP. Tute certe. Kaj ili estus tre kontentaj esti geavoj. Nepo a\u016d nepino tre pla\u0109us al ili.<br \/>\nH. Estas tro true por paroli pri idoj, \u0109u ne?<br \/>\nP. Jes, vi pravas. Tamen mi deziras infanojn; \u0109u ne anka\u016d vi same?<br \/>\nH. Ho jes, mi tre amas infanojn.<br \/>\nP. Cu vi volas, ke la geedzi\u011da ceremonio okazu en pre\u011dejo?<br \/>\nH. Certe jes, en pre\u011dejo, kun multaj gastoj \u2014 geonkloj, gekuzoj, genevoj \u2014 la tuta familio.<br \/>\nP, Ni devas decidi la daton de la ceremonio. Kiam \u011di estu?<br \/>\nH. Nu, supozeble, post nia vizito al la kongreso.<br \/>\nP. Sed kial post \u011di \u2014 kial ne anta\u016d la kongreso? Se ni ali\u011dos al la kongreso kiel geedza paro, la kotizo estos malpli alta. Ni povos \u015dpari.<br \/>\n1.Kia penso! kia homo!<br \/>\nP. Helena, mia kara, ne koleru. Tio estis nur sugesto. La mono ne gravas. Temas hur pri tio, ke mi volas edzi\u011di al vi kiel eble plej balda\u016d.<br \/>\nH. Kara Petro \u2014 pardonu min!<\/p>\n<p>\u8fd4\u56de\u00a0<a href=\"https:\/\/reto.cn\/php\/hanyu\/parola_lingvo\/jen-nia-mondo-1\/\">Jen Nia Mondo 1 \u8fd9\u662f\u6211\u4eec\u7684\u4e16\u754c\uff08\u4e00\uff09<\/a><\/p>\n","protected":false},"excerpt":{"rendered":"<p>\t\t\t\t<![CDATA[]]>\t\t<\/p>\n","protected":false},"author":1,"featured_media":0,"parent":8497,"menu_order":0,"comment_status":"open","ping_status":"closed","template":"","meta":{"footnotes":""},"_links":{"self":[{"href":"https:\/\/reto.cn\/php\/hanyu\/wp-json\/wp\/v2\/pages\/8600"}],"collection":[{"href":"https:\/\/reto.cn\/php\/hanyu\/wp-json\/wp\/v2\/pages"}],"about":[{"href":"https:\/\/reto.cn\/php\/hanyu\/wp-json\/wp\/v2\/types\/page"}],"author":[{"embeddable":true,"href":"https:\/\/reto.cn\/php\/hanyu\/wp-json\/wp\/v2\/users\/1"}],"replies":[{"embeddable":true,"href":"https:\/\/reto.cn\/php\/hanyu\/wp-json\/wp\/v2\/comments?post=8600"}],"version-history":[{"count":0,"href":"https:\/\/reto.cn\/php\/hanyu\/wp-json\/wp\/v2\/pages\/8600\/revisions"}],"up":[{"embeddable":true,"href":"https:\/\/reto.cn\/php\/hanyu\/wp-json\/wp\/v2\/pages\/8497"}],"wp:attachment":[{"href":"https:\/\/reto.cn\/php\/hanyu\/wp-json\/wp\/v2\/media?parent=8600"}],"curies":[{"name":"wp","href":"https:\/\/api.w.org\/{rel}","templated":true}]}}