{"id":8605,"date":"2021-10-09T21:42:42","date_gmt":"2021-10-09T13:42:42","guid":{"rendered":"http:\/\/reto.cn\/php\/hanyu\/?page_id=8605"},"modified":"2022-02-02T16:24:18","modified_gmt":"2022-02-02T08:24:18","slug":"leciono-12","status":"publish","type":"page","link":"https:\/\/reto.cn\/php\/hanyu\/parola_lingvo\/jen-nia-mondo-1\/leciono-12\/","title":{"rendered":"Jen Nia Mondo 1 Leciono 12"},"content":{"rendered":"<h3>Jen Nia Mondo 1<br \/>\n\u8fd9\u662f\u6211\u4eec\u7684\u4e16\u754c\uff08\u4e00\uff09<\/h3>\n<h3 style=\"text-align: center;\">Leciono 12<\/h3>\n<p><img decoding=\"async\" loading=\"lazy\" class=\"aligncenter\" src=\"https:\/\/reto.cn\/parola_lingvo\/jen_nia_mondo_1\/kongreso.png\" width=\"601\" height=\"190\" \/><\/p>\n<h4>La Kongreso<\/h4>\n<p><audio style=\"margin: auto; top: 0; right: 0; bottom: 0; left: 0;\" src=\"https:\/\/reto.cn\/parola_lingvo\/jen_nia_mondo_1\/dialogo12.mp3\" controls=\"controls\"><\/audio><\/p>\n<p>P. Balda\u016d ni voja\u011dos eksterlanden \u2014 jes, post nur du monatoj ni partoprenos la Universalan Kongreson de Esperanto!<br \/>\nH. Mi kredas, ke \u011di estos vere interesa traviva\u0135o. \u011ci estos nia unua Esperanto-kongreso. Ni povos renkonti kon- gresanojn el multaj diversaj landoj.<br \/>\nP. Oni diras, ke tia kongreso donos al ni multe da novaj amikoj.<br \/>\nH. Imagu \u2014 ni parolos per unu komuna lingvo kun homoj el pli ol kvardek landoj! El kio konsistas la kongresa programo? Cu vi havas la detalojn?<br \/>\nP. Jes, jen la detaloj, en la bulteno. La programo enhavas multege da eroj. La unua ero por ni estos ver\u015dajne la<br \/>\nInterkona Vespero.<br \/>\nH. Kio estas interkona vespero?<br \/>\nP. Nu, mi supozas, ke oni havas okazon interkonati\u011di kun aliaj gekongresanoj. Poste estos la Solena Ina\u016dguro, kun salutoj de eminentuloj kaj reprezentantoj de organizajoj el \u0109iuj landoj, kaj kun festparolado.<br \/>\nH. Kaj kiam okazos la laboraj sesioj?<br \/>\nP. Ho, tra la tuta semajno estos amaso da laborkunsidoj. Da\u016dre oni diskutos, debates, komitatos. Krome okazos dek prelegoj en la kadro de la Internacia Somera Univer- sitato. Kaj ankora\u016d mi ne menciis la Oratoran Konkurson kaj la Belartajn Konkursojn.<br \/>\nH. Nu, ilin mi lasos al vi, Petro. La literaturo ne multe interesas min. Kia estos la distra flanko de la kongreso?<br \/>\nP. Anka\u016d bunta&#8230; Bankedo kaj balo&#8230; teatra\u0135o&#8230; kaj pluraj ekskursoj. Kien ni iru en la tuttaga ekskurso?<br \/>\nH. Donu al mi la prospekton! Ho, Petro, mi apena\u016d povas atendi! Tio estos tiel interesa vizito! Vere mi \u011dojas, ke mi lernis Esperanton.<br \/>\nP. Anka\u016d mi, mia kara. Ni trinku toston al niaj ferioj! Al la sukceso de la Kongreso!<br \/>\nH. Al belega ferio kun amikoj el \u0109iuj landoj&#8230; kaj kun vi!<br \/>\nP. Al niaj ferioj!<br \/>\nH. Al niaj kunaj ferioj!<\/p>\n<p>\u8fd4\u56de\u00a0<a href=\"https:\/\/reto.cn\/php\/hanyu\/parola_lingvo\/jen-nia-mondo-1\/\">Jen Nia Mondo 1 \u8fd9\u662f\u6211\u4eec\u7684\u4e16\u754c\uff08\u4e00\uff09<\/a><\/p>\n","protected":false},"excerpt":{"rendered":"<p>\t\t\t\t<![CDATA[]]>\t\t<\/p>\n","protected":false},"author":1,"featured_media":0,"parent":8497,"menu_order":0,"comment_status":"open","ping_status":"closed","template":"","meta":{"footnotes":""},"_links":{"self":[{"href":"https:\/\/reto.cn\/php\/hanyu\/wp-json\/wp\/v2\/pages\/8605"}],"collection":[{"href":"https:\/\/reto.cn\/php\/hanyu\/wp-json\/wp\/v2\/pages"}],"about":[{"href":"https:\/\/reto.cn\/php\/hanyu\/wp-json\/wp\/v2\/types\/page"}],"author":[{"embeddable":true,"href":"https:\/\/reto.cn\/php\/hanyu\/wp-json\/wp\/v2\/users\/1"}],"replies":[{"embeddable":true,"href":"https:\/\/reto.cn\/php\/hanyu\/wp-json\/wp\/v2\/comments?post=8605"}],"version-history":[{"count":0,"href":"https:\/\/reto.cn\/php\/hanyu\/wp-json\/wp\/v2\/pages\/8605\/revisions"}],"up":[{"embeddable":true,"href":"https:\/\/reto.cn\/php\/hanyu\/wp-json\/wp\/v2\/pages\/8497"}],"wp:attachment":[{"href":"https:\/\/reto.cn\/php\/hanyu\/wp-json\/wp\/v2\/media?parent=8605"}],"curies":[{"name":"wp","href":"https:\/\/api.w.org\/{rel}","templated":true}]}}