{"id":8655,"date":"2021-10-11T20:50:34","date_gmt":"2021-10-11T12:50:34","guid":{"rendered":"http:\/\/reto.cn\/php\/hanyu\/?page_id=8655"},"modified":"2022-02-02T16:35:34","modified_gmt":"2022-02-02T08:35:34","slug":"leciono-15","status":"publish","type":"page","link":"https:\/\/reto.cn\/php\/hanyu\/parola_lingvo\/jen-nia-mondo-2\/leciono-15\/","title":{"rendered":"Jen Nia Mondo 2 Leciono 15"},"content":{"rendered":"<h3>Jen Nia Mondo 2<br \/>\n\u8fd9\u662f\u6211\u4eec\u7684\u4e16\u754c\uff08\u4e8c\uff09<\/h3>\n<h3 style=\"text-align: center;\">Leciono 15<\/h3>\n<p><img decoding=\"async\" loading=\"lazy\" class=\"aligncenter\" src=\"https:\/\/reto.cn\/parola_lingvo\/jen_nia_mondo_2\/tempo.png\" width=\"602\" height=\"191\" \/><\/p>\n<p><strong>Labora Tempo, Libera Tempo<\/strong><\/p>\n<p><audio style=\"margin: auto; top: 0; right: 0; bottom: 0; left: 0;\" src=\"https:\/\/reto.cn\/parola_lingvo\/jen_nia_mondo_2\/dialogo15.mp3\" controls=\"controls\"><span data-mce-type=\"bookmark\" style=\"display: inline-block; width: 0px; overflow: hidden; line-height: 0;\" class=\"mce_SELRES_start\">\ufeff<\/span><\/audio><\/p>\n<p>P. La malnova a\u016dto estas neriparebla. Kaj novan a\u016dton ni ne povas a\u0109eti.<br \/>\nH. Hm. Se vi havus pli bonan postenon, kun pij alta salajro&#8230;<br \/>\nP. Ne, ne, ne. Mia laboro estas tre interesa, kun bonaj perspektivoj. La oficejo estas en oportuna loko, la laborhoroj estas ne tro longaj, kaj mi enspezas sufi\u0109e da mono por niaj nuntempaj bezonoj. Mi ne intencas detrui mian karieron, nur por a\u0109eti no van a\u016dton tuj, anstata\u016d post kelkaj jaroj. Se vi deziras pli da mono, kial ne mem labori?<br \/>\nH. Mi ja laboras la tutan tagon. En la mateno mi veki\u011das kaj preparas la matenman\u011don. Dum la tago mi butikumas, zorgas pri la domlaboro, kaj kuiras. Kaj en la vespero, anstatau viziti kinejon a\u016d teatron, mi nur rigardas la televidon. Kio pri plezuro?<br \/>\nP. Vi troigas, kara. Ni havas hobiojn kaj interesojn, \u0109u ne? Dum la somero ni ludas tenison kaj na\u011das.<br \/>\nH. Sed mi deziras na\u011di en la maro, ne en na\u011dbaseno. Kiam laste ni vidis la maron? Kiam ni promenis en la kamparo, a\u016d grimpis monton?<br \/>\nP. E\u0109 sen a\u016dto ni povus \u011dui sportojn kaj spektaklojn. Ni povus uzi a\u016dtobuson a\u016d trajnon. Vi tamen pravas, ni devus pli ofte amuzi nin. Diru al mi, kioma horo estas?<br \/>\nH. Duono post la sepa, la\u016d la radio.<br \/>\nP. Nu, en la urbo oni prezentas tiun filmon &#8216;Nepo de la Lupfantomo\u2019. Se ni tuj iros, ni povos trafi la buson.<br \/>\nH. Post la taga laboro mi estas tro laca por postkuri buson. Ni bezonas a\u016dton.<\/p>\n<p>\u8fd4\u56de\u00a0<a href=\"https:\/\/reto.cn\/php\/hanyu\/parola_lingvo\/jen-nia-mondo-2\/\">Jen Nia Mondo 2 \u8fd9\u662f\u6211\u4eec\u7684\u4e16\u754c\uff08\u4e8c\uff09<\/a><\/p>\n","protected":false},"excerpt":{"rendered":"<p>\t\t\t\t<![CDATA[]]>\t\t<\/p>\n","protected":false},"author":1,"featured_media":0,"parent":8639,"menu_order":0,"comment_status":"open","ping_status":"closed","template":"","meta":{"footnotes":""},"_links":{"self":[{"href":"https:\/\/reto.cn\/php\/hanyu\/wp-json\/wp\/v2\/pages\/8655"}],"collection":[{"href":"https:\/\/reto.cn\/php\/hanyu\/wp-json\/wp\/v2\/pages"}],"about":[{"href":"https:\/\/reto.cn\/php\/hanyu\/wp-json\/wp\/v2\/types\/page"}],"author":[{"embeddable":true,"href":"https:\/\/reto.cn\/php\/hanyu\/wp-json\/wp\/v2\/users\/1"}],"replies":[{"embeddable":true,"href":"https:\/\/reto.cn\/php\/hanyu\/wp-json\/wp\/v2\/comments?post=8655"}],"version-history":[{"count":0,"href":"https:\/\/reto.cn\/php\/hanyu\/wp-json\/wp\/v2\/pages\/8655\/revisions"}],"up":[{"embeddable":true,"href":"https:\/\/reto.cn\/php\/hanyu\/wp-json\/wp\/v2\/pages\/8639"}],"wp:attachment":[{"href":"https:\/\/reto.cn\/php\/hanyu\/wp-json\/wp\/v2\/media?parent=8655"}],"curies":[{"name":"wp","href":"https:\/\/api.w.org\/{rel}","templated":true}]}}