{"id":8684,"date":"2021-10-15T16:29:57","date_gmt":"2021-10-15T08:29:57","guid":{"rendered":"http:\/\/reto.cn\/php\/hanyu\/?page_id=8684"},"modified":"2022-02-02T16:36:28","modified_gmt":"2022-02-02T08:36:28","slug":"leciono-16","status":"publish","type":"page","link":"https:\/\/reto.cn\/php\/hanyu\/parola_lingvo\/jen-nia-mondo-2\/leciono-16\/","title":{"rendered":"Jen Nia Mondo 2 Leciono 16"},"content":{"rendered":"<h3>Jen Nia Mondo 2<br \/>\n\u8fd9\u662f\u6211\u4eec\u7684\u4e16\u754c\uff08\u4e8c\uff09<\/h3>\n<h3 style=\"text-align: center;\">Leciono 16<\/h3>\n<p><img decoding=\"async\" loading=\"lazy\" class=\" aligncenter\" src=\"https:\/\/reto.cn\/parola_lingvo\/jen_nia_mondo_2\/vojaghado.png\" width=\"602\" height=\"176\" \/><\/p>\n<h3>Voja\u011dado<\/h3>\n<p><audio style=\"margin: auto; top: 0; right: 0; bottom: 0; left: 0;\" src=\"https:\/\/reto.cn\/parola_lingvo\/jen_nia_mondo_2\/dialogo16.mp3\" controls=\"controls\"><span data-mce-type=\"bookmark\" style=\"display: inline-block; width: 0px; overflow: hidden; line-height: 0;\" class=\"mce_SELRES_start\">\ufeff<\/span><\/audio><br \/>\nH. Petrol Ni devas nun decidi pri ferio.<br \/>\nP. Sed estas iom true, kara, \u0109u ne?<br \/>\nH. Tute ne. Se ni intencas ferii, necesas organizi la ferion. Vi devas informi\u011di: necesas informi\u011di pri la voja\u011do, informi\u011di pri hotelo, informi\u011di pri prezoj.<br \/>\nP. Kaj ne nur informi\u011di: necesas anka\u016d a\u0109eti la bitetojn kaj mendi la hotelon.<br \/>\nH. Tamen ne necesas mendi pasporton.<br \/>\nP. Ne, \u0109ar ni jam voja\u011dis eksterlanden. Pasportojn ni jam havas. Sed Helena, pensu pri la kosto!<br \/>\nNi penas \u015dpari monon, \u0109u ne?<br \/>\nH. Jes, ni penas \u015dpari.<br \/>\nP. Kaj ni ne volas prunti monon de la banko.<br \/>\nH. Ne, ni ne volas prunti. Sed ni bezonos ferion.<br \/>\nEn la somero ni amba\u016d bezonos ferion. Ni devas nun plani malmultekostan veturadon. Sed mi ne \u015datas inkluzivajn feriojn, kun miloj da aliaj. Se nur ni havus a\u016dton<br \/>\nP. Nu, lui a\u016dton estus terure multekoste &#8211; kaj ne forgesu la problemon pri fremdaj trafikreguloj.<br \/>\nDo ni ne veturu per a\u016dto. Prefere ni veturu per aviadilo a\u016d per trajno.<br \/>\nH. Doma\u011de, ke ni ne plu havas a\u016dton &#8230; Sed Petro, ni ankora\u016d ne decidis, kien iri.<br \/>\nP. \u0108u vi scias, kion mi volus fari? Mi volus liberi\u011di de \u0109io. Mi volus perdi mian identecon kaj vagi trans la landlimojn, tute sen valizoj, libere kiel birdo \u2014 veturi tra la tuta mondo.<br \/>\nH. Ho jes, iri tra la tuta mondo, kvaza\u016d vagabondol Vi tute ne povus vivi, vi simple perdi\u011dusl Ni havos nur du semajnojn, kara. Revenu al la tero!<br \/>\nP. Serioze, Helena, mi proponas, ke ni iru per trajno al la haveno. De tie ni transiru per \u015dipo la mar- kolon. Poste ni veturu denovej&gt;er trajno al iu urbeto, kie ni povos tendumi. \u0108u ne bona ideo?<br \/>\nH. Ne forgesu rezervi sidlokojn en la vagonaro.<br \/>\nP. \u0108u vi konsentas ferii en tendo, anstatau en hotelo?<br \/>\nH. Kial ne? Kaj se la tendumejo trovi\u011dos \u0109e la marbordo, mi estos tute feli\u0109a.<br \/>\nP. Se ne pluvos.<br \/>\nH. Se nur ni havus a\u016dton &#8230;<\/p>\n<p>\u8fd4\u56de\u00a0<a href=\"https:\/\/reto.cn\/php\/hanyu\/parola_lingvo\/jen-nia-mondo-2\/\">Jen Nia Mondo 2 \u8fd9\u662f\u6211\u4eec\u7684\u4e16\u754c\uff08\u4e8c\uff09<\/a><\/p>\n","protected":false},"excerpt":{"rendered":"<p>\t\t\t\t<![CDATA[]]>\t\t<\/p>\n","protected":false},"author":1,"featured_media":0,"parent":8639,"menu_order":0,"comment_status":"open","ping_status":"closed","template":"","meta":{"footnotes":""},"_links":{"self":[{"href":"https:\/\/reto.cn\/php\/hanyu\/wp-json\/wp\/v2\/pages\/8684"}],"collection":[{"href":"https:\/\/reto.cn\/php\/hanyu\/wp-json\/wp\/v2\/pages"}],"about":[{"href":"https:\/\/reto.cn\/php\/hanyu\/wp-json\/wp\/v2\/types\/page"}],"author":[{"embeddable":true,"href":"https:\/\/reto.cn\/php\/hanyu\/wp-json\/wp\/v2\/users\/1"}],"replies":[{"embeddable":true,"href":"https:\/\/reto.cn\/php\/hanyu\/wp-json\/wp\/v2\/comments?post=8684"}],"version-history":[{"count":0,"href":"https:\/\/reto.cn\/php\/hanyu\/wp-json\/wp\/v2\/pages\/8684\/revisions"}],"up":[{"embeddable":true,"href":"https:\/\/reto.cn\/php\/hanyu\/wp-json\/wp\/v2\/pages\/8639"}],"wp:attachment":[{"href":"https:\/\/reto.cn\/php\/hanyu\/wp-json\/wp\/v2\/media?parent=8684"}],"curies":[{"name":"wp","href":"https:\/\/api.w.org\/{rel}","templated":true}]}}