{"id":8695,"date":"2021-10-15T16:46:33","date_gmt":"2021-10-15T08:46:33","guid":{"rendered":"http:\/\/reto.cn\/php\/hanyu\/?page_id=8695"},"modified":"2022-02-02T16:37:14","modified_gmt":"2022-02-02T08:37:14","slug":"leciono-17","status":"publish","type":"page","link":"https:\/\/reto.cn\/php\/hanyu\/parola_lingvo\/jen-nia-mondo-2\/leciono-17\/","title":{"rendered":"Jen Nia Mondo 2 Leciono 17"},"content":{"rendered":"<h3>Jen Nia Mondo 2<br \/>\n\u8fd9\u662f\u6211\u4eec\u7684\u4e16\u754c\uff08\u4e8c\uff09<\/h3>\n<h3 style=\"text-align: center;\">Leciono 17<\/h3>\n<p><img decoding=\"async\" loading=\"lazy\" class=\" aligncenter\" src=\"https:\/\/reto.cn\/parola_lingvo\/jen_nia_mondo_2\/akcidento.png\" width=\"602\" height=\"187\" \/><\/p>\n<h4>Akcidento<\/h4>\n<p><audio style=\"margin: auto; top: 0; right: 0; bottom: 0; left: 0;\" src=\"https:\/\/reto.cn\/parola_lingvo\/jen_nia_mondo_2\/dialogo17.mp3\" controls=\"controls\"><\/audio><\/p>\n<p>P. Saluton, Helena! Cu vi bone fartas? Hej, kiel laca kaj pala vi aspektasl Kial? Kio okazis?<br \/>\nKie vi estis?<br \/>\nH. Mi iris al la hospitalo por viziti mian avon. Li akcidenti\u011dis. Li falis hejme kaj rompis la kruron.<br \/>\nP. Ho, la kompatinda! Sed trankvili\u011du, kara. Kiel li fartas nun?<br \/>\nH. Li estas en granda doloro. Li estas kovrita de \u015dvito, kaj lia gor\u011do brulas pro soifo. Kaj li povas man\u011di absolute nenion.<br \/>\nP. Sed kiel okazis tia akcidento?<br \/>\nH. Nu, li falis. Kaj &#8211; kiel vi scias &#8211; li lo\u011das sola, do neniu a\u016ddis la bruon, kiam li falis. Pro tio li ku\u015dis sangokovrita sur la planko, \u011dis li estis trovita de iu najbaro. Tiam li febris jam pro la \u015doko de la akcidento kaj pro perdo de sango.<br \/>\nP. Sidi\u011du, kara. Anka\u016d vi estas iom \u015dokita.<br \/>\nH. Vere, jes. La flegistino diras, ke la kuracisto preskribis por li amason da drogoj. Efektive, \u015dajnas ke li estis injektita je tiom da drogoj, ke li apena\u016d rekonis min! (Ploras)<br \/>\nP. Trankvili\u011du, kara.<br \/>\nH. Lia vo\u0109o estas malla\u016dta kiel flustro, kaj li tusas terure.<br \/>\nP. Kompatinda avo. Kia afero! Sed diru al mi, \u0109u li estas ankora\u016d en dan\u011dero? Kion diris la kuracisto?<br \/>\nH. La granda dan\u011dero pasis, dank&#8217; al Dio. La\u016d la kuracisto, mi a avo havas bonan \u015dancon plene<br \/>\nresani\u011di.<br \/>\nP. Do vidu, la krizo estas sol vita. Post sep tagoj en la hospitalo, \u0109io estos en ordo.<br \/>\nH. Sed eble la kuracisto parolis tiel nur por trankviligi min. Eble li mensogis.<br \/>\nP. Ne, ne, kara. Certe via avo baldati resani\u011dos. A\u016dskultu, morga\u016d mi venos kun vi al la hospitalo por vizite lin denove.<br \/>\nH. Dankon, kara.<\/p>\n<p>\u8fd4\u56de\u00a0<a href=\"https:\/\/reto.cn\/php\/hanyu\/parola_lingvo\/jen-nia-mondo-2\/\">Jen Nia Mondo 2 \u8fd9\u662f\u6211\u4eec\u7684\u4e16\u754c\uff08\u4e8c\uff09<\/a><\/p>\n","protected":false},"excerpt":{"rendered":"<p>\t\t\t\t<![CDATA[]]>\t\t<\/p>\n","protected":false},"author":1,"featured_media":0,"parent":8639,"menu_order":0,"comment_status":"open","ping_status":"closed","template":"","meta":{"footnotes":""},"_links":{"self":[{"href":"https:\/\/reto.cn\/php\/hanyu\/wp-json\/wp\/v2\/pages\/8695"}],"collection":[{"href":"https:\/\/reto.cn\/php\/hanyu\/wp-json\/wp\/v2\/pages"}],"about":[{"href":"https:\/\/reto.cn\/php\/hanyu\/wp-json\/wp\/v2\/types\/page"}],"author":[{"embeddable":true,"href":"https:\/\/reto.cn\/php\/hanyu\/wp-json\/wp\/v2\/users\/1"}],"replies":[{"embeddable":true,"href":"https:\/\/reto.cn\/php\/hanyu\/wp-json\/wp\/v2\/comments?post=8695"}],"version-history":[{"count":0,"href":"https:\/\/reto.cn\/php\/hanyu\/wp-json\/wp\/v2\/pages\/8695\/revisions"}],"up":[{"embeddable":true,"href":"https:\/\/reto.cn\/php\/hanyu\/wp-json\/wp\/v2\/pages\/8639"}],"wp:attachment":[{"href":"https:\/\/reto.cn\/php\/hanyu\/wp-json\/wp\/v2\/media?parent=8695"}],"curies":[{"name":"wp","href":"https:\/\/api.w.org\/{rel}","templated":true}]}}