{"id":8709,"date":"2021-10-16T01:27:19","date_gmt":"2021-10-15T17:27:19","guid":{"rendered":"http:\/\/reto.cn\/php\/hanyu\/?page_id=8709"},"modified":"2022-02-02T16:38:41","modified_gmt":"2022-02-02T08:38:41","slug":"leciono-19","status":"publish","type":"page","link":"https:\/\/reto.cn\/php\/hanyu\/parola_lingvo\/jen-nia-mondo-2\/leciono-19\/","title":{"rendered":"Jen Nia Mondo 2 Leciono 19"},"content":{"rendered":"<header class=\"entry-header\">\n<h3>Jen Nia Mondo 2<br \/>\n\u8fd9\u662f\u6211\u4eec\u7684\u4e16\u754c\uff08\u4e8c\uff09<\/h3>\n<\/header>\n<div class=\"entry-content\">\n<h3 style=\"text-align: center;\">Leciono 19<\/h3>\n<h4>Lingvoj<\/h4>\n<p><img decoding=\"async\" loading=\"lazy\" class=\" aligncenter\" src=\"https:\/\/reto.cn\/parola_lingvo\/jen_nia_mondo_2\/lingvoj.png\" width=\"601\" height=\"188\" \/><\/p>\n<p><audio style=\"margin: auto; top: 0; right: 0; bottom: 0; left: 0;\" src=\"https:\/\/reto.cn\/parola_lingvo\/jen_nia_mondo_2\/dialogo19.mp3\" controls=\"controls\"><span data-mce-type=\"bookmark\" style=\"display: inline-block; width: 0px; overflow: hidden; line-height: 0;\" class=\"mce_SELRES_start\">\ufeff<\/span><\/audio><\/p>\n<\/div>\n<p>Lingvoj<\/p>\n<p>P. Diru al mi, Helena, kia homo estas Oavido?<br \/>\nH. Ho, tre klera. Li studis natursciencon en la universitato, kaj nun li instruas lingvojn al la supera klaso de la gimnazio.<br \/>\nP. Do li estas ne nur sciencisto, sed ankad lingvisto! Kiel li lernis paroli la lingvojn sufi\u0109e bone por instrui ilin?<br \/>\nH. Unue, li \u0109eestis kursojn kaj sukcesis \u0109e la ekzamenoj; due, li multe voja\u011dis; kaj trie, li edzi\u011dis kun Maria, kiu eduki\u011dis en Francujo kaj tre flue parol as la francan.<br \/>\nP. Mi ne miras, do, ke li bone progresis. Cetere, la\u016d mi, estas multe pli facile kompreni lingvon, ol parol I gin. \u0108u vi ne konssntas?<br \/>\nH. Jes, kaj duoble pli facile legi ol skribi. La unua problemo, kiam oni komencas lerni novan lingvon, estas prononci la vortojn \u011duste, precipe kie temas pri nekutimaj sonoj.<br \/>\nP. (ridante) Kaj la dua estas kompreni la sencon!<br \/>\nH. Davido donis al mi bonan konsilon. Lad li, kiam oni ne komprenas, oni ripete demandu: &#8216;Kion signifas tiu vorto?\u2019, ad: &#8216;Kiel oni nomas tion?&#8217;&#8230;<br \/>\nP. Mi konsentas. Oni ne hezitu fari demandojn. Tiel oni lernas paroli \u011duste. Lad mi, tre gravas la \u0109iutaga konversacio. En la lemejoj oni tro ofte studas nur klasikafojn.<br \/>\nH. Sed mi preferas ankad havi iom da poezio kaj literaturo. Tio donas pli da intereso.<br \/>\nP. Por mi la \u0109efa problemo estas ne la gramatiko, sed la vortprovizo. Oni devas lerni tiom da vortojl<br \/>\nH. Almena\u016d en Esperanto tiu problemo ne estas tiel akra, kiel en allaj lingvoj. Tre helpas la sistemo de afiksoj.<br \/>\nP. Konsentite; tamen, \u011di restas problemo. lam mi komencis lerni la rusan; sed mi devis rezigni pro la amaso da vortoj, kiujn mi tute ne povis memori!<br \/>\nH. A\u016dskultu: venis al mi ideo. Ni volas ekzerci\u011di pri la franca lingvo, \u0109u ne? Tiel ni estos pretaj por nia ferio. Davido kaj Maria povus helpi ninl Ni invitu ilin vesperman\u011di \u0109e ni!<br \/>\nP. Se ili venos, ni estos kvar. Kaj inter tiu kvaro estos parolata nur la franca.<br \/>\nH. A\u016d Esperanto! Esperanto estas kvinoble pli facile lernebla, ol la franca!<br \/>\nP. Se ili venos, ni estos kvar. Kaj inter tiu kvaro estos parolata nur la franca.<br \/>\nH.A\u016d Esperanto! Esperanto estas kvinoble pli facile lernebla, ol la franca!<\/p>\n<p>&nbsp;<\/p>\n<p>\u8fd4\u56de\u00a0<a href=\"https:\/\/reto.cn\/php\/hanyu\/parola_lingvo\/jen-nia-mondo-2\/\">Jen Nia Mondo 2 \u8fd9\u662f\u6211\u4eec\u7684\u4e16\u754c\uff08\u4e8c\uff09<\/a><\/p>\n","protected":false},"excerpt":{"rendered":"<p>\t\t\t\t<![CDATA[]]>\t\t<\/p>\n","protected":false},"author":1,"featured_media":0,"parent":8639,"menu_order":0,"comment_status":"open","ping_status":"closed","template":"","meta":{"footnotes":""},"_links":{"self":[{"href":"https:\/\/reto.cn\/php\/hanyu\/wp-json\/wp\/v2\/pages\/8709"}],"collection":[{"href":"https:\/\/reto.cn\/php\/hanyu\/wp-json\/wp\/v2\/pages"}],"about":[{"href":"https:\/\/reto.cn\/php\/hanyu\/wp-json\/wp\/v2\/types\/page"}],"author":[{"embeddable":true,"href":"https:\/\/reto.cn\/php\/hanyu\/wp-json\/wp\/v2\/users\/1"}],"replies":[{"embeddable":true,"href":"https:\/\/reto.cn\/php\/hanyu\/wp-json\/wp\/v2\/comments?post=8709"}],"version-history":[{"count":0,"href":"https:\/\/reto.cn\/php\/hanyu\/wp-json\/wp\/v2\/pages\/8709\/revisions"}],"up":[{"embeddable":true,"href":"https:\/\/reto.cn\/php\/hanyu\/wp-json\/wp\/v2\/pages\/8639"}],"wp:attachment":[{"href":"https:\/\/reto.cn\/php\/hanyu\/wp-json\/wp\/v2\/media?parent=8709"}],"curies":[{"name":"wp","href":"https:\/\/api.w.org\/{rel}","templated":true}]}}