{"id":8718,"date":"2021-10-16T01:38:54","date_gmt":"2021-10-15T17:38:54","guid":{"rendered":"http:\/\/reto.cn\/php\/hanyu\/?page_id=8718"},"modified":"2022-02-02T16:49:29","modified_gmt":"2022-02-02T08:49:29","slug":"leciono-21","status":"publish","type":"page","link":"https:\/\/reto.cn\/php\/hanyu\/parola_lingvo\/jen-nia-mondo-2\/leciono-21\/","title":{"rendered":"Jen Nia Mondo 2 Leciono 21"},"content":{"rendered":"<header class=\"entry-header\">\n<h3>Jen Nia Mondo 2<br \/>\n\u8fd9\u662f\u6211\u4eec\u7684\u4e16\u754c\uff08\u4e8c\uff09<\/h3>\n<\/header>\n<div class=\"entry-content\">\n<h3 style=\"text-align: center;\">Leciono 21<\/h3>\n<h4>La Sezonoj<\/h4>\n<p><img decoding=\"async\" loading=\"lazy\" class=\"alignnone aligncenter\" src=\"https:\/\/reto.cn\/parola_lingvo\/jen_nia_mondo_2\/sezonoj.png\" width=\"602\" height=\"192\" \/><\/p>\n<p><audio style=\"margin: auto; top: 0; right: 0; bottom: 0; left: 0;\" src=\"https:\/\/reto.cn\/parola_lingvo\/jen_nia_mondo_2\/dialogo21.mp3\" controls=\"controls\"><span data-mce-type=\"bookmark\" style=\"display: inline-block; width: 0px; overflow: hidden; line-height: 0;\" class=\"mce_SELRES_start\">\ufeff<\/span><span data-mce-type=\"bookmark\" style=\"display: inline-block; width: 0px; overflow: hidden; line-height: 0;\" class=\"mce_SELRES_start\">\ufeff<\/span><\/audio><\/p>\n<p>H. Mi malamas la vintron.<br \/>\nP. Sed kial?<br \/>\nH. Gi estas malbela sezono.<br \/>\nP. Ho ne! E\u0109 dum la vintro la naturo estas bela.<br \/>\nKio povus esti pli bela, ol frosta nokto kun argent a, hela luno, kaj brilaj steloj? A\u016d ne\u011do en la sunbrilo?<br \/>\nH. En la kamparo jes, eble. Tie la aero estas fre\u015da kaj pura, kaj oni sentas sin vigla kaj energia. Sed oi tie en la urbo la vintro konsistas nur el pluvo kaj nebulo.<br \/>\nP. Vi troigas, kara, kiel kutime. Dum decembro ne\u011dis, kaj e\u0109 pluvo kaj nebulo povas esti belaj.<br \/>\nH. Ne al mi! Cetere, en la urbo ne\u011do estas nur \u011deno. Geno!<br \/>\nP. Sed e\u0109 en la somero la vetero povas esti<br \/>\nmalagrabla. \u0108u vi ne memoras, kiel vi maltrank- vili\u011dis dum la fulmotondro pasintan a\u016dguston?<br \/>\nH. Mi tamen preferas la someron.<br \/>\nP. Gi balda\u016d venos.<br \/>\nH. Kara, estas januaro: au \u0109u vi tion ne rimarkis?<br \/>\nP. Jes, sed ni preska\u016d atingis la finon de la monato; februaro estas nur mallonga; kaj en marto la printempo montros sin, kun siaj floroj kaj folioj kaj birdkantoj.<br \/>\nH. Se oni trovas sin en urbo, sen \u011dardeno, e\u0109 la printempo ne estas tre bela.<br \/>\nP. \u0108u pri la vintro vi plendas, a\u016d pri la urbo?<br \/>\nH. Pri ambau, sed precipe pri la vintro. La vintron mi malamas.<\/p>\n<p>LA MONATOJ DE LA JARO<br \/>\njanuaro februaro marto aprilo majo junio<br \/>\njulio a\u016dgusto septembro oktobro novembro decembro<\/p>\n<p>\u8fd4\u56de\u00a0<a href=\"https:\/\/reto.cn\/php\/hanyu\/parola_lingvo\/jen-nia-mondo-2\/\">Jen Nia Mondo 2 \u8fd9\u662f\u6211\u4eec\u7684\u4e16\u754c\uff08\u4e8c\uff09<\/a><\/p>\n<\/div>\n","protected":false},"excerpt":{"rendered":"<p>\t\t\t\t<![CDATA[]]>\t\t<\/p>\n","protected":false},"author":1,"featured_media":0,"parent":8639,"menu_order":0,"comment_status":"open","ping_status":"closed","template":"","meta":{"footnotes":""},"_links":{"self":[{"href":"https:\/\/reto.cn\/php\/hanyu\/wp-json\/wp\/v2\/pages\/8718"}],"collection":[{"href":"https:\/\/reto.cn\/php\/hanyu\/wp-json\/wp\/v2\/pages"}],"about":[{"href":"https:\/\/reto.cn\/php\/hanyu\/wp-json\/wp\/v2\/types\/page"}],"author":[{"embeddable":true,"href":"https:\/\/reto.cn\/php\/hanyu\/wp-json\/wp\/v2\/users\/1"}],"replies":[{"embeddable":true,"href":"https:\/\/reto.cn\/php\/hanyu\/wp-json\/wp\/v2\/comments?post=8718"}],"version-history":[{"count":0,"href":"https:\/\/reto.cn\/php\/hanyu\/wp-json\/wp\/v2\/pages\/8718\/revisions"}],"up":[{"embeddable":true,"href":"https:\/\/reto.cn\/php\/hanyu\/wp-json\/wp\/v2\/pages\/8639"}],"wp:attachment":[{"href":"https:\/\/reto.cn\/php\/hanyu\/wp-json\/wp\/v2\/media?parent=8718"}],"curies":[{"name":"wp","href":"https:\/\/api.w.org\/{rel}","templated":true}]}}