{"id":8722,"date":"2021-10-16T01:44:27","date_gmt":"2021-10-15T17:44:27","guid":{"rendered":"http:\/\/reto.cn\/php\/hanyu\/?page_id=8722"},"modified":"2022-02-02T16:50:25","modified_gmt":"2022-02-02T08:50:25","slug":"leciono-22","status":"publish","type":"page","link":"https:\/\/reto.cn\/php\/hanyu\/parola_lingvo\/jen-nia-mondo-2\/leciono-22\/","title":{"rendered":"Jen Nia Mondo 2 Leciono 22"},"content":{"rendered":"<header class=\"entry-header\">\n<h3>Jen Nia Mondo 2<br \/>\n\u8fd9\u662f\u6211\u4eec\u7684\u4e16\u754c\uff08\u4e8c\uff09<\/h3>\n<\/header>\n<div class=\"entry-content\">\n<h3 style=\"text-align: center;\">Leciono 22<\/h3>\n<h4>Restoracia Man\u011do<\/h4>\n<p><img decoding=\"async\" loading=\"lazy\" class=\" aligncenter\" src=\"https:\/\/reto.cn\/parola_lingvo\/jen_nia_mondo_2\/mangho.png\" width=\"601\" height=\"193\" \/><\/p>\n<p><audio style=\"margin: auto; top: 0; right: 0; bottom: 0; left: 0;\" src=\"https:\/\/reto.cn\/parola_lingvo\/jen_nia_mondo_2\/dialogo22.mp3\" controls=\"controls\"><span data-mce-type=\"bookmark\" style=\"display: inline-block; width: 0px; overflow: hidden; line-height: 0;\" class=\"mce_SELRES_start\">\ufeff<\/span><\/audio><\/p>\n<p>H. Petro, kion vi faras en la kuirejo?<br \/>\nP. Mi kuiras.<br \/>\nH. Stulta demando meritas stultan respondon. Tamen, kion vi kuiras?<br \/>\nP. Mi decidis, ke ni mangos hejme. Mi regalos vin. Mi faros cion, kvaza\u016d en restoracio, por ke vi ripozu.<br \/>\nH. Jen \u0109arma ideo. Do, mi estas via eleganta kliento, kaj vi estas kelnero. Bonvolu doni al mi la menuon.<br \/>\nP. Sed unue bonvolu sidi\u011di. Vidu, mi jam primetis la tablon.<br \/>\nH. Jes, vi bele aran\u011dis la tran\u0109ilojn, la forkojn kaj la kulerojn; kaj mi aprobas vian elekton de tablotuko.<br \/>\nP. Dankon! Do jen la menuo, sinjorino. Bonvolu elekti kion vi preferas.<br \/>\nH. Mi ne scias kion mi preferas. Kelnero, kion vi rekomendas, ke mi mendu?<br \/>\nP. Efektive, mi konfesu, ke mi jam elektis la mangaj&#8217;ojn. Mi bone konas viajn preferojn &#8230; Mi insistas, ke vi lasu cion al mi.<br \/>\nH. Konsentite.<br \/>\nP. Do la viando estas kokida\u0135o. Gi estos kuirita la\u016d la \u0109ina maniero. Recepton mi trovis en la internacia kuirlibro.<br \/>\nH. Mmmm, mi flaras belan odoron.<br \/>\nP. Nu, mi jam boligis la kokidajon. Nun mj kombinas \u011din kun florbrasiko kaj pizoj, kun cepoj kaj fungoj. Poste mi enmiksos iomete da faruno kun salo kaj pipro, kaj iom da spico. Ni mangos \u011din kun rizo, kompreneble ne kun terpomoj.<br \/>\nH. Kaj anta\u016de?<br \/>\nP. Fruktosuko, \u0109u ne, prefere al supo?<br \/>\nH. Bone; kaj poste?<br \/>\nP. Poste, glaciajo.<br \/>\n&#8230;<br \/>\n(Poste)<br \/>\nH. Mmmm, kara, donu vian glason, por ke mi ver\u015du por vi ankoratf iom da vino.<br \/>\nP. Je via sano! Sed \u0109u vi man\u011dis sufi\u0109e?<br \/>\nH. Dankon, mi estas tute sata. La mango gustis bonege \u2014 vidu la malplenajn telerojn! Sed, kelnero \u2014 al kiu mi pagu la kalkulon?<br \/>\nP. Ni forgesu la kalkulon. Sed se vi povas proponi iom da trinkmono, ni povas iri al la trinkejo!<\/p>\n<p>\u8fd4\u56de\u00a0<a href=\"https:\/\/reto.cn\/php\/hanyu\/parola_lingvo\/jen-nia-mondo-2\/\">Jen Nia Mondo 2 \u8fd9\u662f\u6211\u4eec\u7684\u4e16\u754c\uff08\u4e8c\uff09<\/a><\/p>\n<\/div>\n","protected":false},"excerpt":{"rendered":"<p>\t\t\t\t<![CDATA[]]>\t\t<\/p>\n","protected":false},"author":1,"featured_media":0,"parent":8639,"menu_order":0,"comment_status":"open","ping_status":"closed","template":"","meta":{"footnotes":""},"_links":{"self":[{"href":"https:\/\/reto.cn\/php\/hanyu\/wp-json\/wp\/v2\/pages\/8722"}],"collection":[{"href":"https:\/\/reto.cn\/php\/hanyu\/wp-json\/wp\/v2\/pages"}],"about":[{"href":"https:\/\/reto.cn\/php\/hanyu\/wp-json\/wp\/v2\/types\/page"}],"author":[{"embeddable":true,"href":"https:\/\/reto.cn\/php\/hanyu\/wp-json\/wp\/v2\/users\/1"}],"replies":[{"embeddable":true,"href":"https:\/\/reto.cn\/php\/hanyu\/wp-json\/wp\/v2\/comments?post=8722"}],"version-history":[{"count":0,"href":"https:\/\/reto.cn\/php\/hanyu\/wp-json\/wp\/v2\/pages\/8722\/revisions"}],"up":[{"embeddable":true,"href":"https:\/\/reto.cn\/php\/hanyu\/wp-json\/wp\/v2\/pages\/8639"}],"wp:attachment":[{"href":"https:\/\/reto.cn\/php\/hanyu\/wp-json\/wp\/v2\/media?parent=8722"}],"curies":[{"name":"wp","href":"https:\/\/api.w.org\/{rel}","templated":true}]}}