{"id":8726,"date":"2021-10-16T02:09:57","date_gmt":"2021-10-15T18:09:57","guid":{"rendered":"http:\/\/reto.cn\/php\/hanyu\/?page_id=8726"},"modified":"2022-02-02T16:53:29","modified_gmt":"2022-02-02T08:53:29","slug":"leciono-24","status":"publish","type":"page","link":"https:\/\/reto.cn\/php\/hanyu\/parola_lingvo\/jen-nia-mondo-2\/leciono-24\/","title":{"rendered":"Jen Nia Mondo 2 Leciono 24"},"content":{"rendered":"<header class=\"entry-header\">\n<h3>Jen Nia Mondo 2<br \/>\n\u8fd9\u662f\u6211\u4eec\u7684\u4e16\u754c\uff08\u4e8c\uff09<\/h3>\n<\/header>\n<div class=\"entry-content\">\n<h3 style=\"text-align: center;\">Leciono 24<\/h3>\n<h4>Al la Kunveno<\/h4>\n<p><img decoding=\"async\" loading=\"lazy\" class=\" aligncenter\" src=\"https:\/\/reto.cn\/parola_lingvo\/jen_nia_mondo_2\/kunveno.png\" width=\"600\" height=\"191\" \/><\/p>\n<p><audio style=\"margin: auto; top: 0; right: 0; bottom: 0; left: 0;\" src=\"https:\/\/reto.cn\/parola_lingvo\/jen_nia_mondo_2\/dialogo24.mp3\" controls=\"controls\"><span data-mce-type=\"bookmark\" style=\"display: inline-block; width: 0px; overflow: hidden; line-height: 0;\" class=\"mce_SELRES_start\">\ufeff<\/span><\/audio><\/p>\n<p>P. \u0108i-vespere okazos kunveno de la Klubo. \u0108u ni \u0109eestu? Ni ali\u011dis al la Klubo, sed \u011dis nun ni partoprenis nur unu kunvenon. Kiel valoras klubaneco, se oni ne \u0109eestas la kunvenojn?<br \/>\nH. Mi trovas la kunvenojn tedaj.<br \/>\nP. Sed ni \u0109eestis nur unu! Mi devas konfesi, ke \u011di ne estis tre interesa; sed ne sufi\u0109as unu vizito por ju\u011di, \u0109u la kunvenoj estas \u0109eestindaj.<br \/>\nH. Por mi unu vizito sufi\u0109as.<br \/>\nP. Sed la ideo de membreco entuziasmigis vin! Vi diris, ke vi volas ali\u011di. Vi plendis, ke ni neniam eliras vespere en la urbon. Nun, kiam mi proponas ke ni eliru, vi ne konsentas.<br \/>\nH. Mi sentis tujan antipation kontra\u016d tiu S-ro Bra\u016dn. Mi vere ne komprenas, kial oni elektis lin prezidanto.<br \/>\nP. Li estas sperta Esperantisto, kaj li \u015dajnas esti lerta prezidanto, kaj tre afabla homo. Almena\u016d, tio estas mia opinio.<br \/>\nH. Ho jes, li estas sufi\u0109e gaja kaj \u0109arma, sed mi dubas, \u0109u li estas sincera. Kaj mi kompatas lian edzinon.<br \/>\nP. \u015ci ne opinias sin kompatinda. Si estas tre kontenta.<br \/>\nH. Hm, eble.<br \/>\nP. Ne temas nur pri la Klubo. Kiam Georgo kaj<br \/>\nSuzana invitis nin al datrevena festeto, mi volis akcepti sed vi rifuzis.<br \/>\nH. lli invitis nin nur car ili esperis, ke ni kunportos donacon.<br \/>\nP. Fi, vi estas tro suspektema.<br \/>\nH. Pli bone suspektema, ol tro kredema! Ne estu stultal Ciuj trompas vin, dum vi vidas nur bonon en \u0109ies karaktero.<br \/>\nP. Tute ne, sed mi \u015datas miajn geamikojn. Amikeco estas grava parto de mia vivo.<br \/>\nH. Kaj \u0109u ne mi estas grava parto de via vivo?<br \/>\nP. Kompreneble jes, la plej grava parto, sed ne la tuto.<br \/>\nH. Iru do! Iru al viaj \u015datataj geamikoj! Lasu min sola! Mi estas nur via edzino.<br \/>\nP. Mi ja iros. Gis nun mi estis tre pacienca, sed vi tro incitas min. Mi iros!<br \/>\n(Paiizo)<br \/>\nH. Iru do!<br \/>\nP. E \u2014 mi jus rimarkis, ke mi \u015duldas leteron al mia korespondanto, do eble &#8230;<br \/>\nH. Bone, skribu vian leteron, kaj la venontan semajnon ni iros al la Klubo.<br \/>\nP. \u0108u vi promesas?<br \/>\nH. Mi promesas.<\/p>\n<p>\u8fd4\u56de <a href=\"https:\/\/reto.cn\/php\/hanyu\/parola_lingvo\/jen-nia-mondo-2\/\">Jen Nia Mondo 2 \u8fd9\u662f\u6211\u4eec\u7684\u4e16\u754c\uff08\u4e8c\uff09<\/a><\/p>\n<\/div>\n<div class=\"entry-content\">\n<p>&nbsp;<\/p>\n<p>&nbsp;<\/p>\n<\/div>\n","protected":false},"excerpt":{"rendered":"<p>\t\t\t\t<![CDATA[]]>\t\t<\/p>\n","protected":false},"author":1,"featured_media":0,"parent":8639,"menu_order":0,"comment_status":"open","ping_status":"closed","template":"","meta":{"footnotes":""},"_links":{"self":[{"href":"https:\/\/reto.cn\/php\/hanyu\/wp-json\/wp\/v2\/pages\/8726"}],"collection":[{"href":"https:\/\/reto.cn\/php\/hanyu\/wp-json\/wp\/v2\/pages"}],"about":[{"href":"https:\/\/reto.cn\/php\/hanyu\/wp-json\/wp\/v2\/types\/page"}],"author":[{"embeddable":true,"href":"https:\/\/reto.cn\/php\/hanyu\/wp-json\/wp\/v2\/users\/1"}],"replies":[{"embeddable":true,"href":"https:\/\/reto.cn\/php\/hanyu\/wp-json\/wp\/v2\/comments?post=8726"}],"version-history":[{"count":0,"href":"https:\/\/reto.cn\/php\/hanyu\/wp-json\/wp\/v2\/pages\/8726\/revisions"}],"up":[{"embeddable":true,"href":"https:\/\/reto.cn\/php\/hanyu\/wp-json\/wp\/v2\/pages\/8639"}],"wp:attachment":[{"href":"https:\/\/reto.cn\/php\/hanyu\/wp-json\/wp\/v2\/media?parent=8726"}],"curies":[{"name":"wp","href":"https:\/\/api.w.org\/{rel}","templated":true}]}}