{"id":9001,"date":"2021-12-01T20:06:23","date_gmt":"2021-12-01T12:06:23","guid":{"rendered":"http:\/\/reto.cn\/php\/hanyu\/?page_id=9001"},"modified":"2022-02-15T11:39:55","modified_gmt":"2022-02-15T03:39:55","slug":"pri_ke","status":"publish","type":"page","link":"https:\/\/reto.cn\/php\/hanyu\/gramatiko_de_esperanto\/demandoj_kaj_respondoj_en_esperanta_lernado\/pri_ke\/","title":{"rendered":"\u8c08\u8c08 ke \u4ece\u53e5"},"content":{"rendered":"<p>\u5218\u9e3f\u5143<\/p>\n<p>Ke\u662f\u4ece\u5c5e\u8fde\u8bcd\uff0c\u5176\u672c\u8eab\u6ca1\u6709\u610f\u4e49\uff0c\u53ea\u662f\u8d77\u8bed\u6cd5\u4f5c\u7528\uff0c\u7528\u6765\u5f15\u5bfc\u89e3\u91ca\u6027\u7684\u4ece\u53e5\uff08eksplika prop-o\uff09\u3002\u7531ke\u5f15\u5bfc\u7684\u4ece\u53e5\u7edf\u79f0\u4e3ake\u4ece\u53e5\uff0c\u5728\u53e5\u4e2d\u53ef\u4ee5\u5145\u5f53\u4e3b\u8bed\u3001\u5bbe\u8bed\u3001\u8868\u8bed\u3001\u72b6\u8bed\u3001\u540c\u4f4d\u8bed\u7b49\u591a\u79cd\u6210\u5206\u3002\u6839\u636e\u67f4\u6c0f\u7684\u4e66\u5199\u65b9\u5f0f\uff0cke\u4ece\u53e5\u524d\u4e00\u822c\u8981\u7528\u9017\u53f7\u3002<\/p>\n<p>A. \u5f15\u5bfc\u540d\u8bcd\u6027\u4ece\u53e5\uff1a<\/p>\n<p>1. \u4e3b\u8bed\u4ece\u53e5\uff0c\u4f8b\u5982\uff1a<br \/>\nEstas al mi tre agrable, ke mi havas nun la okazon saluti vin. OV.381 \u6211\u975e\u5e38\u9ad8\u5174\uff0c\u6211\u73b0\u5728\u6709\u673a\u4f1a\u5411\u4f60\u4eec\u81f4\u656c\u3002<br \/>\nNe bone estas, ke\u2026 la malsanuloj fumas tian fortan tabakon. Rz.7 \u75c5\u4eba\u62bd\u8fd9\u6837\u7684\u70c8\u6027\u70df\u53ef\u4e0d\u597d\u3002<br \/>\nEl la dirita regulo sekvas, ke\u2026 ni povas \u0109iam uzi\u2026 Ek.29 \u4ece\u4e0a\u8ff0\u89c4\u5219\u53ef\u77e5\uff0c\u6211\u4eec\u53ef\u4ee5\u603b\u662f\u7528\u2026\u2026<\/p>\n<p>2. \u540c\u4f4d\u8bed\u4ece\u53e5\uff0cke\u4ece\u53e5\u524d\u6709\u5148\u884c\u8bcd\u3002\u4f8b\u5982\uff1a<br \/>\nMi faras al vi donacon, ke\u2026 el via bu\u015do eliros floro. FE.15 \u6211\u7ed9\u4f60\u4e00\u53e5\u8d60\u8a00\uff0c\u4ece\u4f60\u5634\u4e2d\u51fa\u6765\u7684\u8981\u662f\u9c9c\u82b1\u3002<br \/>\nTiun supozon, ke li estas trompisto, mi tuj pruvos al vi. PIV.547 \u6211\u4f1a\u7acb\u5373\u5411\u4f60\u8bc1\u5b9e\u4ed6\u662f\u9a97\u5b50\u7684\u63a8\u60f3\u3002<br \/>\nTio venas de la fakto, ke peceto da vitro penetris en lian koron. FA.2-72 \u8fd9\u662f\u56e0\u4e3a\u4e00\u5757\u73bb\u7483\u788e\u7247\u523a\u8fdb\u4e86\u4ed6\u7684\u5fc3\u91cc\u3002<br \/>\nKiel pentra\u0135o \u0109io klare kopii\u011dis en \u011di [= la akvo], nur kun la diferenco, ke \u0109io staris sur la kapo. FA.2-122 \u8fd9\u4e00\u5207\u90fd\u5728\u6c34\u91cc\u6620\u51fa\u6765\uff0c\u50cf\u56fe\u753b\u4e00\u6837\uff0c\u53ea\u4e0d\u8fc7\u662f\u98a0\u5012\u7684\u7f62\u4e86\u3002<\/p>\n<p>3. \u8868\u8bed\u4ece\u53e5\uff0c\u4f8b\u5982\uff1a<br \/>\nLia penso estas, ke ni devas akcepti la inviton. PIV.547 \u4ed6\u7684\u60f3\u6cd5\u662f\uff0c\u6211\u4eec\u5fc5\u987b\u63a5\u53d7\u90a3\u9080\u8bf7\u3002<br \/>\n\u015cajnis, ke tio ne estas tero, sed ora nubo. F.1-29 \u90a3\u4eff\u4f5b\u4e0d\u662f\u5927\u5730\uff0c\u800c\u662f\u91d1\u8272\u7684\u4e91\u5f69\u3002<br \/>\n\u015cajnas al mi, ke la sinjorino tro multe promesas. H.103 \u6211\u89c9\u5f97\u8fd9\u5973\u4eba\u8868\u767d\u5f97\u592a\u8fc7\u4e86\u4e9b\u3002<\/p>\n<p>4. \u5bbe\u8bed\u4ece\u53e5\uff0c\u4f8b\u5982\uff1a<br \/>\nMi sentas, ke la morto min balda\u016d vokos al la lasta vojo. H.101 \u6211\u611f\u89c9\uff0c\u6b7b\u795e\u4e0d\u4e45\u5c31\u8981\u5524\u6211\u53bb\u672b\u8def\u3002<br \/>\nNun li komprenis, ke dan\u011dere estus pli longe malcedi. Tx \u73b0\u5728\u4ed6\u61c2\u4e86\uff0c\u518d\u8981\u62b5\u6297\u4e0b\u53bb\u662f\u5371\u9669\u7684\u3002<br \/>\n\u0108u efektive la malgranda Kay mortis? La rozoj\u2026 diras, ke ne! FA.2-59 \u5c0f\u52a0\u4f0a\u771f\u7684\u6b7b\u4e86\u5417\uff1f\u73ab\u7470\u82b1\u4eec\u8bf4\u6ca1\u6709\u3002\u25c7ke ne = ke \u011di ne mortis.<br \/>\nLa maljuna virino malsani\u011dis kaj oni diris, ke dan\u011dere. Z \u8001\u592a\u592a\u75c5\u4e86\uff0c\u636e\u8bf4\u75c5\u60c5\u5371\u9669\u3002\u25c7ke ne = ke \u015di estis dan\u011dere malsana.<\/p>\n<p>\u4e09\u70b9\u8bf4\u660e\uff1a<\/p>\n<p>\u2460\u5728\u8868\u793adiri, kredi, pensi\u7b49\u4e49\u7684\u52a8\u8bcd\u540e\uff0c\u67f4\u6c0f\u6709\u65f6\u7701\u7565\u4ece\u5c5e\u8fde\u8bcdke\u3002\u4f8b\u5982\uff1a<br \/>\nVi scias ja, vi ilin al mi donis. H.89 \u60a8\u80af\u5b9a\u77e5\u9053\uff0c\u60a8\u628a\u5b83\u4eec\u7ed9\u4e86\u6211\u3002<br \/>\nMi diras al vi, \u015di ricevos [kristanan enterigon]. H.167 \u6211\u544a\u8bc9\u4f60\uff0c\u5979\u5c06\u8981\u7167\u57fa\u7763\u6559\u846c\u793c\u4e0b\u846c\u3002<br \/>\nHo, mia re\u011do, kredu, mi \u011din faris pro embaraso, ne pro malkonfido. IT.17 \u5927\u738b\u554a\uff0c\u76f8\u4fe1\u6211\uff0c\u6211\u8fd9\u6837\u505a\u662f\u7531\u4e8e\u6709\u6211\u7684\u82e6\u8877\uff0c\u5e76\u975e\u4e0d\u4fe1\u4efb\u3002<\/p>\n<p>\u2461Ke\u4ece\u53e5\u4e2d\u7684\u8c13\u8bed\u52a8\u8bcd\u53ef\u4ee5\u6839\u636e\u610f\u601d\u800c\u4f7f\u7528\u5404\u79cd\u8bed\u5f0f\uff0c\u4f8b\u5982\uff1a<br \/>\nZorgu, ke la re\u011do ricevu la leterojn. H.155 \u8981\u8ba9\u56fd\u738b\u6536\u5230\uff08\u6211\u7ed9\u4ed6\u7684\uff09\u4fe1\u3002\u25c7\u5bbe\u8bed\u4ece\u53e5\u7684\u52a8\u8bcd\u7528\u4e86\u547d\u4ee4\u5f0fricevu\u3002<br \/>\nNe ekzistas e\u0109 la plej malgranda ka\u016dzo por timi, ke aperus ia nova lingvo, kiu elpu\u015dus Esperanton. OV.306 \u4e0d\u5b58\u5728\u54ea\u6015\u662f\u6700\u5c0f\u7684\u7406\u7531\uff0c\u62c5\u5fc3\u4f1a\u51fa\u73b0\u6392\u65a5\u4e16\u754c\u8bed\u7684\u67d0\u79cd\u65b0\u8bed\u8a00\u3002\u25c7ke\u4ece\u53e5\u5145\u5f53\u540d\u8bcdka\u016dzo\u7684\u540c\u4f4d\u8bed\uff0c\u5176\u4e2d\u7684\u52a8\u8bcd\u7528\u4e86\u5047\u5b9a\u5f0faperus\uff0c\u8868\u793a\u6ca1\u6709\u53ef\u80fd\u3002<\/p>\n<p>\u2462\u6709\u65f6\uff0c\u7528al tio ke, pri tio ke, je tio ke\u7b49\u5f15\u5bfc\u95f4\u63a5\u5bbe\u8bed\u4ece\u53e5\uff0c\u4f8b\u5982\uff1a<br \/>\nLi dankas sian ri\u0109on al tio, ke li estis \u0109iam ege avara. PAG.316 \u4ed6\u5c06\u81ea\u5df1\u7684\u8d22\u5bcc\u5f52\u529f\u4e8e\u4ed6\u603b\u662f\u6781\u5176\u541d\u556c\u3002\uff0f\u2026\u2026\u5f52\u529f\u4e8e\u4ed6\u4e00\u8d2f\u7684\u6781\u5ea6\u541d\u556c\u3002<br \/>\nNi certe \u0109iuj konsentas pri tio, ke li estas malsa\u011da. FA.2-6 \u6211\u4eec\u5f53\u7136\u6709\u4e00\u81f4\u7684\u610f\u89c1\uff0c\u90a3\u5c31\u662f\u4ed6\u662f\u4e00\u4e2a\u50bb\u74dc\u3002<br \/>\nJakob scii\u011dis [pri tio], ke oni vendas grenon en Egiptujo. Gn.42:1 \u96c5\u5404\u77e5\u9053\uff0c\u57c3\u53ca\u6709\u7cae\u98df\u5356\u3002\u25c7\u672c\u53e5\u4e2d\u7701\u7565\u4e86pri tio\u3002<br \/>\nMultaj homoj kredas je tio, ke homoj kiuj ne scipovas la anglan havas nenion interesan por diri. Tx \u8bb8\u591a\u4eba\u90fd\u76f8\u4fe1\uff0c\u6ca1\u6709\u638c\u63e1\u82f1\u8bed\u7684\u4eba\u6ca1\u6709\u5174\u8da3\u8bf4\u82f1\u8bed\u3002<\/p>\n<p>B. \u5f15\u5bfc\u72b6\u8bed\u4ece\u53e5\uff1a<\/p>\n<p>1. \u201c\u526f\u8bcd\uff0bke\u201d\u5f15\u5bfc\u7684\u72b6\u8bed\u4ece\u53e5\uff08\u6b64\u5904\u526f\u8bcd\u662f\u5148\u884c\u8bcd\uff09\uff0c\u4f8b\u5982\uff1a<\/p>\n<p>\u2460\u5f15\u5bfc\u5047\u5b9a\u4ece\u53e5\uff1asupoze ke \u5047\u5982\uff0c\u5982\u679c\uff1bnur ke \u53ea\u8981\uff1bkondi\u0109e ke \u4ee5\u2026\u4e3a\u6761\u4ef6\uff0c\u53ea\u8981\uff1bkonsidere ke \u8003\u8651\u5230\uff0c\u9274\u4e8e\uff1bpretekste ke \u4ee5\u2026\u4e3a\u501f\u53e3\u3002\u4f8b\u5982\uff1a<br \/>\nSupoze, ke \u0109io glate iros, vi estos elektita. PIV.1100 \u5047\u5982\u4e00\u5207\u987a\u5229\uff0c\u4f60\u5c06\u5f53\u9009\u3002<br \/>\nSupoze ke estas dioj, tiuj dioj estas bonaj. PIV.547 \u5047\u5b9a\u6709\u795e\uff0c\u90a3\u4e9b\u795e\u4e5f\u662f\u5584\u795e\u3002<br \/>\nIli kantu, nur ke ili pagu. DEF.269 \u53ea\u8981\u4ed6\u4eec\u4ed8\u94b1\uff0c\u5c31\u8ba9\u4ed6\u4eec\u5531\u6b4c\u3002<br \/>\nMi laborus dume senpage\u2026 nur ke mi povu ellerni. M.98 \u53ea\u8981\u6211\u80fd\u5b66\u4f1a\uff0c\u6211\u6682\u65f6\u53ef\u4ee5\u4e0d\u8ba1\u62a5\u916c\u3002<br \/>\nMi venos, kondi\u0109e ke vi venos. VE.82 \u53ea\u8981\u4f60\u6765\uff0c\u6211\u5c31\u6765\u3002<br \/>\nMi morga\u016d foriros, kondi\u0109e ke vi min akompanos. PIV.547 \u53ea\u8981\u4f60\u966a\u6211\uff0c\u6211\u660e\u5929\u5c31\u79bb\u5f00\u3002<br \/>\nVi bone agis, konsidere ke tio estas via unuafoja provo. \u8003\u8651\u5230\u8fd9\u662f\u4f60\u7684\u9996\u6b21\u5c1d\u8bd5\uff0c\u4f60\u505a\u5f97\u4e0d\u9519\u3002<br \/>\nLi ne volas \u011din [= la pripensa\u0135on] komuniki al la polico, pretekste ke li tro dubas. Tx \u4ed6\u501f\u53e3\u6709\u592a\u591a\u7684\u6000\u7591\u800c\u4e0d\u60f3\u628a\u6240\u60f3\u7684\u4e8b\u544a\u8bc9\u8b66\u65b9\u3002<\/p>\n<p>\u2461\u5f15\u5bfc\u539f\u56e0\u4ece\u53e5\uff1anun ke \u65e2\u7136\uff0c\u7531\u4e8e\uff1btial ke [= \u0109ar] \u56e0\u4e3a\u3002\u4f8b\u5982\uff1a<br \/>\nNun ke vi certe faros, kion vi promesis, mi estas tute trankvila. PAG.328 \u65e2\u7136\u4f60\u80af\u5b9a\u5c06\u5151\u73b0\u4f60\u7684\u8bfa\u8a00\uff0c\u6211\u4e5f\u5c31\u5b8c\u5168\u653e\u5fc3\u4e86\u3002<br \/>\n\u0108iuj \u015datis Esperanton tial, ke \u011di alproksimigas la homajn korojn. Z \u4e4b\u6240\u4ee5\u5927\u5bb6\u559c\u6b22\u4e16\u754c\u8bed\uff0c\u662f\u56e0\u4e3a\u5b83\u62c9\u8fd1\u4e86\u4eba\u4eec\u7684\u5fc3\u3002<\/p>\n<p>\u2462\u5f15\u5bfc\u56e0\u679c\u4ece\u53e5\uff1atiel ke \u4ee5\u81f4\u4e8e\uff0c\u81f4\u4f7f\uff0c\u7ed3\u679c\u662f\uff1btiom ke\uff08\u90a3\u4e48\u591a\u2026\uff09\u4ee5\u81f4\u4e8e\u3002\u4f8b\u5982\uff1a<br \/>\nMi tiel kuris, ke mi ne povas retrovi la spiron. PIV.547 \u6211\u8dd1\u5f97\u4e0a\u6c14\u4e0d\u63a5\u4e0b\u6c14\u3002<br \/>\nOni min admiras kaj min envias, tiel ke mi e\u0109 komencas timi. FK.27 \u4eba\u4eec\u8d5e\u7f8e\u6211\uff0c\u7fa1\u6155\u6211\uff0c\u7ed3\u679c\u6211\u90fd\u5bb3\u6015\u8d77\u6765\u4e86\u3002<br \/>\nFaru tiamaniere, ke \u0109io estu konvena. Rz.6 \u60a8\u52a1\u5fc5\u628a\u4e00\u5207\u90fd\u51c6\u5907\u597d\u3002<br \/>\nLi drinkis tiom, ke li ebrii\u011dis. RV \u4ed6\u559d\u4e86\u8fd9\u4e48\u591a\uff08\u9152\uff09\uff0c\u90fd\u559d\u9189\u4e86\u3002<br \/>\n\u6709\u65f6\u7701\u7565\u5148\u884c\u8bcd\uff0c\u4f8b\u5982\uff1a<br \/>\nEstis frosto, ke la ne\u011do kraketadis. FA.3-26 \u5929\u5bd2\u5730\u51bb\uff0c\u96ea\u90fd\u51bb\u5f97\u567c\u556a\u4f5c\u54cd\u3002<\/p>\n<p>\u2463\u5f15\u5bfc\u8ba9\u6b65\u4ece\u53e5\uff1aspite (tion) ke \u4e0d\u987e\uff0c\u5c3d\u7ba1\u3002\u4f8b\u5982\uff1a<br \/>\nLi ne venis spite tion, ke [li havas tempon]. PAG.30 \u5c3d\u7ba1\uff08\u4ed6\u6709\u65f6\u95f4\uff09\uff0c\u4ed6\u8fd8\u662f\u6ca1\u6765\u3002<br \/>\nReligio estos en la 21a jarcento anakronismo, spite ke la plimulto de la homoj estas religiaj. Tx \u5b97\u6559\u572821\u4e16\u7eaa\u5c06\u8981\u8fc7\u65f6\uff0c\u867d\u7136\u5927\u591a\u6570\u4eba\u8fd8\u662f\u7b03\u4fe1\u5b97\u6559\u3002<\/p>\n<p>2. \u201c\u4ecb\u8bcd\uff0btio ke\u201d\u5f15\u5bfc\u7684\u72b6\u8bed\u4ece\u53e5\uff08\u5176\u4e2d\u7684tio\uff0c\u751a\u81f3\u201c\u4ecb\u8bcd\uff0btio\u201d\uff0c\u6709\u65f6\u7701\u7565\uff09\uff0c\u4f8b\u5982\uff1a<\/p>\n<p>\u2460\u5f15\u5bfc\u534f\u540c\u4ece\u53e5\uff1akun tio ke \u4e0e\u2026\u4e00\u8d77\u3002\u4f8b\u5982\uff1a<br \/>\nMia permeso estis ligita kun tio, ke vi \u011dustatempe revenos. PAG.330 \u6211\u7684\u51c6\u8bb8\u662f\u4e0e\u4f60\u53ca\u65f6\u8fd4\u56de\u8054\u7cfb\u5728\u4e00\u8d77\u7684\u3002\uff0f\u5982\u679c\u4f60\u80fd\u6309\u65f6\u56de\u6765\uff0c\u6211\u5c31\u51c6\u8bb8\u4f60\u3002<br \/>\nOni ne ripozu kun tio, ke oni mem faru ion por anta\u016deniri. Tx \u4eba\u4eec\u4e0d\u8981\u4f11\u606f\uff0c\u800c\u8981\u4e3a\u4e86\u8fdb\u6b65\u800c\u81ea\u5df1\u505a\u70b9\u4ec0\u4e48\u3002<\/p>\n<p>\u2461\u5f15\u5bfc\u5206\u79bb\u4ece\u53e5\uff1akrom (tio,) ke \u9664\u2026\u4e4b\u5916\uff1bsen (tio,) ke \u6ca1\u6709\u2026\u5c31\uff0f\u4e0d\u66fe\uff08\u505a\u67d0\u4e8b\uff09\uff1banstata\u016d (tio,) ke \u800c\u4e0d\u662f\u3002\u4f8b\u5982\uff1a<br \/>\n\u0108io estas en plena ordo krom tio, ke vienanoj \u0109e promenoj povas dis\u015diri \u0109i tie sian pantalonon. \u015ck.326 \u4e07\u4e8b\u4ff1\u5907\uff0c\u53ea\u6709\u4e00\u70b9\u4e0d\u65b9\u4fbf\uff0c\u7ef4\u4e5f\u7eb3\u4eba\u5728\u6e38\u73a9\u65f6\u53ef\u80fd\u4f1a\u6302\u7834\u88e4\u5b50\u3002<br \/>\nMi\u2026 nenion pli postulus, krom ke oni montru al mi sindonecon kaj estimon. Rz.34 \u6211\u5bf9\u4eba\u4e0d\u6c42\u4ec0\u4e48\uff0c\u53ea\u6c42\u522b\u4eba\u5bf9\u6211\u5766\u8bda\u548c\u5c0a\u91cd\u3002<br \/>\nVia patro neniam povis ekrigardi vin sen tio, ke li batus sin en la bruston. Rb.41 \u4f60\u7236\u4eb2\u4e00\u770b\u89c1\u4f60\uff0c\u5c31\u603b\u662f\u8981\u6376\u80f8\u53f9\u6c14\u3002\uff08\u76f4\u8bd1\uff1a\u4f60\u7236\u4eb2\u4ece\u4e0d\u4f1a\u4e00\u770b\u89c1\u4f60\u5c31\u4e0d\u6376\u80f8\u53f9\u6c14\u3002\uff09<br \/>\nNenia [firmao] volus akcepti sen ke \u011di ricevu ian privilegion. OV.367 \u6ca1\u6709\u4e00\u5bb6\u516c\u53f8\u613f\u610f\u63a5\u53d7\uff0c\u9664\u975e\u8ba9\u5b83\u83b7\u5f97\u67d0\u79cd\u7279\u6743\u3002<br \/>\nAnstata\u016d tio, ke ni vane atendas, pli bone estos tuj komenci la laboron. PAG.331 \u6211\u4eec\u6700\u597d\u7acb\u5373\u5c31\u5f00\u59cb\u5de5\u4f5c\uff0c\u800c\u4e0d\u662f\u5f92\u52b3\u5730\u7b49\u5f85\u3002<br \/>\nAnstata\u016d ke vi portos la paka\u0135on mem, pli bone estos \u011din sendi per biciklisto. PAG.331 \u4f60\u4e0d\u8981\u81ea\u5df1\u63d0\u884c\u674e\uff0c\u6700\u597d\u901a\u8fc7\u81ea\u884c\u8f66\u624b\u53bb\u9001\u5b83\u3002<\/p>\n<p>\u2462\u5f15\u5bfc\u8ba9\u6b65\u4ece\u53e5\uff1amalgra\u016d (tio) ke \u5c3d\u7ba1\uff0f\u867d\u7136\u3002\u4f8b\u5982\uff1a<br \/>\nMalgra\u016d tio, ke li plenumas la funkcion, en la spektaklo senteblas lia fremdeco. Tx \u5c3d\u7ba1\u4ed6\u5c3d\u4e86\u804c\u8d23\uff0c\u4f46\u662f\u5728\u8868\u6f14\u4e2d\u8fd8\u662f\u53ef\u4ee5\u611f\u89c9\u5230\u4ed6\u7684\u751f\u758f\u3002<br \/>\nLi klopodis da\u016drigi, malgra\u016d ke li estis tre laca. PMEG \u4ed6\u5c3d\u529b\u63a5\u7740\u505a\uff0c\u867d\u7136\u4ed6\u5f88\u7d2f\u3002<\/p>\n<p>\u2463\u5f15\u5bfc\u8d77\u6e90\u4ece\u53e5\uff1ael tio ke \u7531\u2026\uff08\u5f15\u8d77\uff09\u3002\u4f8b\u5982\uff1a<br \/>\nLa katastrofo devenis el tio, ke unu rado de la a\u016dto elfalis. PAG.338 \u707e\u96be\u662f\u7531\u6c7d\u8f66\u7684\u4e00\u4e2a\u8f6e\u5b50\u8131\u843d\u800c\u5f15\u8d77\u7684\u3002<\/p>\n<p>\u2464\u5f15\u5bfc\u7ed3\u679c\u4ece\u53e5\uff1aje\/en tion ke \u53d8\u6210\uff08\u67d0\u79cd\u72b6\u6001\uff09\u3002\u4f8b\u5982\uff1a<br \/>\nMi \u015dan\u011dis mian decidon je tio [= en tion], ke mi restos hejme. PAG.338 \u6211\u5c06\u6211\u7684\u51b3\u5b9a\u6539\u4e3a\u5f85\u5728\u5bb6\u91cc\u3002<\/p>\n<p>\u2465\u5f15\u5bfc\u8868\u72b6\u6001\u7684\u4ece\u53e5\uff1aen tio ke \u5728\uff08\u67d0\u79cd\u72b6\u6001\uff09\u4e2d\u3002\u4f8b\u5982\uff1a<br \/>\nEstas\u2026 nenio neebla en tio, ke\u2026 \u0109iuj ellernadu unu saman lingvon. FK.263 \u6240\u6709\u4eba\u90fd\u5b66\u4f1a\u540c\u4e00\u79cd\u8bed\u8a00\uff0c\u8fd9\u4e5f\u672a\u5fc5\u4e0d\u53ef\u80fd\u3002<\/p>\n<p>\u2466\u5f15\u5bfc\u65b9\u5f0f\u4ece\u53e5\uff1aper tio ke \u901a\u8fc7\uff0f\u4ee5\u2026\u7684\u65b9\u5f0f\uff0cla\u016d tio ke \u4f9d\u636e\u2026\u800c\u3002\u4f8b\u5982\uff1a<br \/>\nNi estas feli\u0109aj jam per tio, ke ni ne estas tro feli\u0109aj. H.66 \u6211\u4eec\u7684\u5feb\u4e50\u5c31\u5728\u4e8e\u4e0d\u8fc7\u5206\u5feb\u4e50\u3002<br \/>\nFantazia\u0135o diferencas de sciencfikcio la\u016d tio, ke \u011di ne pretendas esti versimila. Tx \u5e7b\u89c9\u4e0e\u79d1\u5e7b\u7684\u533a\u522b\u5728\u4e8e\u5b83\u4e0d\u5984\u6c42\u53ef\u80fd\u6027\u3002<\/p>\n<p>\u2467\u5f15\u5bfc\u539f\u56e0\u4ece\u53e5\uff1apro tio ke [= \u0109ar] \u56e0\u4e3a\uff0f\u7531\u4e8e\u3002\u4f8b\u5982\uff1a<br \/>\nVi ne devas kulpigi min pro tio, ke mi ne plenumis vian deziron. M.90 \u8bf7\u4f60\u522b\u7531\u4e8e\u6211\u62d2\u7edd\u4f60\u7684\u8bf7\u6c42\u800c\u602a\u6211\u5427\u3002<br \/>\n\u6709\u65f6\u7701\u7565pro tio\uff0c\u4f8b\u5982\uff1a<br \/>\nMi \u011dojas, ke vi bone fartas. PIV.547 \u4f60\u8eab\u4f53\u597d\uff0c\u6211\u5f88\u9ad8\u5174\u3002<br \/>\nMi dankas, ke vi venis. PIV.547 \uff08\u6211\uff09\u611f\u8c22\u4f60\u7684\u5230\u6765\u3002<\/p>\n<p>\u2468\u5f15\u5bfc\u76ee\u7684\u4ece\u53e5\uff1apor ke [\u2190 por tio ke] \u4ee5\u4fbf\uff0f\u4e3a\u7684\u662f\u3002\u66f4\u5e38\u7528por ke\uff1b\u4ece\u53e5\u4e2d\u7684\u8c13\u8bed\u52a8\u8bcd\u4e00\u822c\u8981\u7528\u547d\u4ee4\u5f0f\u3002\u4f8b\u5982\uff1a<br \/>\nFaru ion al la homoj, por ke ili nenion al vi faru. BV.24 \u8981\u505a\u597d\u4e8b\uff0c\u4ee5\u514d\u4f60\u88ab\u522b\u4eba\u6b3a\u8d1f\u3002<br \/>\nNi \u0109iuj vokos kaj alkrios lin por ke li restu kun ni. \u015cU.20 \u6211\u4eec\u5927\u5bb6\u5c06\u4f1a\u547c\u5524\u4ed6\uff0c\u8ba9\u4ed6\u7559\u4e0b\u6765\u548c\u6211\u4eec\u5728\u4e00\u8d77\u3002<br \/>\nNi akiras ion nur por tio, ke ni denove dolore \u011din perdu. Rb.94 \u6211\u4eec\u8d62\u5f97\u4e86\u4ec0\u4e48\uff0c\u53ea \u662f\u4e3a\u4e86\u53c8\u75db\u82e6\u5730\u5931\u53bb\u5b83\u3002<br \/>\n\u6709\u65f6\u7701\u7565por\uff0c\u4f8b\u5982\uff1a<br \/>\nAl \u0109iuj anoncu, ke \u0109iuj sciu. Rz.82 \u4f60\u53bb\u6653\u745c\u5927\u5bb6\u77e5\u9053\u3002<br \/>\nTrapiku lin, ke li momente falu. H.117 \uff08\u7528\u5251\uff09\u523a\u7a7f\u4ed6\uff0c\u8ba9\u4ed6\u77ac\u95f4\u5012\u5730\u3002<br \/>\nKiu mi estas, ke mi iru al Faraono? Er.3:11 \u6211\u662f\u4ec0\u4e48\u4eba\uff0c\u7adf\u80fd\u53bb\u89c1\u6cd5\u8001\uff1f<\/p>\n<p>\u8fd4\u56de<a href=\"https:\/\/reto.cn\/php\/hanyu\/gramatiko_de_esperanto\/demandoj_kaj_respondoj_en_esperanta_lernado\/\">\u4e16\u754c\u8bed\u5b66\u4e60\u95ee\u7b54<\/a>\u680f\u76ee<\/p>\n","protected":false},"excerpt":{"rendered":"<p>\t\t\t\t<![CDATA[]]>\t\t<\/p>\n","protected":false},"author":1,"featured_media":0,"parent":7307,"menu_order":0,"comment_status":"open","ping_status":"closed","template":"","meta":{"footnotes":""},"_links":{"self":[{"href":"https:\/\/reto.cn\/php\/hanyu\/wp-json\/wp\/v2\/pages\/9001"}],"collection":[{"href":"https:\/\/reto.cn\/php\/hanyu\/wp-json\/wp\/v2\/pages"}],"about":[{"href":"https:\/\/reto.cn\/php\/hanyu\/wp-json\/wp\/v2\/types\/page"}],"author":[{"embeddable":true,"href":"https:\/\/reto.cn\/php\/hanyu\/wp-json\/wp\/v2\/users\/1"}],"replies":[{"embeddable":true,"href":"https:\/\/reto.cn\/php\/hanyu\/wp-json\/wp\/v2\/comments?post=9001"}],"version-history":[{"count":0,"href":"https:\/\/reto.cn\/php\/hanyu\/wp-json\/wp\/v2\/pages\/9001\/revisions"}],"up":[{"embeddable":true,"href":"https:\/\/reto.cn\/php\/hanyu\/wp-json\/wp\/v2\/pages\/7307"}],"wp:attachment":[{"href":"https:\/\/reto.cn\/php\/hanyu\/wp-json\/wp\/v2\/media?parent=9001"}],"curies":[{"name":"wp","href":"https:\/\/api.w.org\/{rel}","templated":true}]}}