{"id":9116,"date":"2022-01-10T20:39:09","date_gmt":"2022-01-10T12:39:09","guid":{"rendered":"https:\/\/reto.cn\/php\/hanyu\/?page_id=9116"},"modified":"2022-02-15T11:10:53","modified_gmt":"2022-02-15T03:10:53","slug":"komparo-de-kiu-kies-kio-kia","status":"publish","type":"page","link":"https:\/\/reto.cn\/php\/hanyu\/gramatiko_de_esperanto\/demandoj_kaj_respondoj_en_esperanta_lernado\/komparo-de-kiu-kies-kio-kia\/","title":{"rendered":"\u5173\u7cfb\u4ee3\u8bcd kiu\u3001 kies\u3001 kio\u3001 kia \u7528\u6cd5\u6bd4\u8f83"},"content":{"rendered":"<p>\u5218\u9e3f\u5143<\/p>\n<p>\u5173\u7cfb\u4ee3\u8bcdkiu, kies, kio, kia\u90fd\u53ef\u4ee5\u7528\u6765\u5f15\u5bfc\u4fee\u9970\u8bed\u4ece\u53e5\uff0c\u7528\u6cd5\u4e0d\u540c\uff1b\u5176\u4e0d\u540c\u4e3b\u8981\u5728\u4e8e\u5148\u884c\u8bcd\uff08anoncvorto, rilatato, reprezentato\uff09\u7684\u4e0d\u540c\u3002\u5173\u7cfb\u4ee3\u8bcd\u672c\u8eab\u5728\u4ece\u53e5\u4e2d\u4e5f\u5145\u5f53\u4e00\u5b9a\u7684\u53e5\u6210\u5206\u3002<\/p>\n<p>1. \u5173\u7cfb\u4ee3\u8bcdkiu<\/p>\n<p>\u5173\u7cfb\u4ee3\u8bcdkiu\u7684\u5148\u884c\u8bcd\u901a\u5e38\u662f\u540d\u8bcd\u6216\u4ee3\u8bcd\uff0c\u4f8b\u5982\uff1a<\/p>\n<p>Virino, kiu kuracas, estas kuracistino. Ek.36 \u7ed9\u4eba\u6cbb\u75c5\u7684\u5973\u5b50\u662f\u5973\u533b\u751f\u3002\uff0fkiu\u5145\u5f53\u4ece\u53e5\u7684\u4e3b\u8bed\u3002<br \/>\nJen estas la pomo, kiun mi trovis. Ek.6 \u8fd9\u5c31\u662f\u6211\u627e\u5230\u7684\u82f9\u679c\u3002\uff0fkiun\u5145\u5f53\u4ece\u53e5\u7684\u5bbe\u8bed\u3002<br \/>\nGlaso de vino estas glaso, en kiu anta\u016de sin trovis vino. Ek.32 \u9152\u676f\u662f\u676f\u4e2d\u5148\u524d\u6709\u9152\u7684\u676f\u5b50\u3002\uff0fen kiu\u5145\u5f53\u4ece\u53e5\u4e2d\u7684\u72b6\u8bed\u3002<\/p>\n<p>\u66f4\u591a\u4f8b\u5b50\uff1a<\/p>\n<p>Kiu vivos, tiu vidos. PE.1124 (= Vidos tiu, kiu vivos.) \u6d3b\u7740\uff0c\u5c31\u4f1a\u770b\u5230\u3002\uff0f\u65e5\u4e45\u89c1\u5206\u6653\u3002\uff0f\u7b49\u7740\u77a7\u5427\u3002\uff0f\u5148\u884c\u8bcdtiu\u8fdc\u79bb\u4e86\u5173\u7cfb\u4ee3\u8bcd\u3002<br \/>\nPlej bone ridas [tiu], kiu laste ridas. PE.1928 \u8c01\u7b11\u5728\u6700\u540e\uff0c\u8c01\u7b11\u5f97\u6700\u597d\u3002\uff0f\u539f\u53e5\u7701\u7565\u4e86\u5148\u884c\u8bcdtiu\u3002<br \/>\nLi [= Joab] metis Urijan sur la lokon, pri kiu li sciis, ke tie estas la plej fortaj viroj. Sm2.11:16 \u7ea6\u62bc\u77e5\u9053\u654c\u4eba\u90a3\u91cc\u6709\u52c7\u58eb\uff0c\u4fbf\u5c06\u4e4c\u5229\u4e9a\u6d3e\u5728\u90a3\u91cc\u3002\uff0fpri kiu = pri la loko. \u4e13\u6709\u540d\u8bcdUrijan\u4e2d\u7684n\u662f\u5bbe\u683c\u8bcd\u5c3e\u3002<br \/>\n\u015ci, kiu akre parolas, la\u016dte krias, metas la piedojn sur la \u015degon, \u015di estas Jupitero. M.31 \u90a3\u4e2a\u5c16\u58f0\u8bf4\u8bdd\u3001\u5927\u558a\u5927\u53eb\u3001\u4e24\u811a\u4e00\u4f38\u6401\u5728\u6905\u5b50\u4e0a\u7684\u5973\u4eba\uff0c\u5979\u5c31\u662f\u6731\u5e87\u7279\u3002<br \/>\n\u5173\u7cfb\u8bcdkiu\u8fd8\u53ef\u4ee5\u7528\u4f5c\u540d\u8bcd\u7684\u9650\u5b9a\u8bcd\uff0c\u4f8b\u5982\uff1a<br \/>\nIli alvenis Irlandon, kiu lando estas tre gastama. PIV.556 (= \u2026 landon, kiu estas tre gastama.) \u4ed6\u4eec\u6765\u5230\u4e86\u975e\u5e38\u597d\u5ba2\u7684\u56fd\u5bb6\u7231\u5c14\u5170\u3002\uff0f\u5173\u7cfb\u9650\u5b9a\u8bcdkiu\u9650\u5b9alando\u7684\u610f\u4e49\u3002<\/p>\n<p>2. \u5173\u7cfb\u4ee3\u8bcdkies<\/p>\n<p>\u5173\u7cfb\u4ee3\u8bcdkies\u662f\u5173\u7cfb\u4ee3\u8bcdkiu\u7684\u5c5e\u683c\u5f62\u5f0f\uff0c\u610f\u4e3a\u201c\u5176\u4eba\u7684\uff0c\u5176\u7269\u7684\uff08= de kiu(j) la\uff09\u201d\u3002\u5177\u4f53\u7528\u6765\u8868\u793a\uff1a<\/p>\n<p>\u2460kies\u540e\u7684\u4e8b\u7269\u5f52\u5c5e\u4e8e\u5148\u884c\u8bcd\uff0c\u4f8b\u5982\uff1a<br \/>\n\u015ci estis la sola homo, kies nomon mi tuj lernis. \u015cU.140 \u5979\u662f\u6211\u8bb0\u4f4f\u5176\u540d\u5b57\u7684\u552f\u4e00\u7684\u4eba\u3002<br \/>\nNi sendu telegrafe nian\u2026 saluton al la regnestro de la lando, kies gastoj ni estas. OV.403 \u8ba9\u6211\u4eec\u5411\u6211\u4eec\u505a\u5ba2\u4e8e\u8fd9\u4e2a\u56fd\u5bb6\u7684\u56fd\u738b\u62cd\u7535\u62a5\u81f4\u4ee5\u6211\u4eec\u7684\u656c\u610f\u3002<br \/>\nNi venis, por alporti novan kura\u011don al tiuj niaj samideanoj kaj samidealanoj, \u2026 kies vortoj\u2026 eble \u015dajnis al vi tro fabelaj. OV.394 \u6211\u4eec\u6765\u5230\u8fd9\u91cc\uff0c\u4e3a\u7684\u662f\u628a\u4e00\u79cd\u65b0\u7684\u52c7\u6c14\u5e26\u7ed9\u6211\u4eec\u7684\u540c\u5fd7\u548c\u540c\u9053\uff0c\u800c\u4ed6\u4eec\u6240\u8bb2\u7684\u8bdd\u770b\u6765\u4e5f\u8bb8\u662f\u96be\u4ee5\u7f6e\u4fe1\u7684\u3002<br \/>\nKies panon oni man\u011das, ties agojn oni la\u016ddas. Z (= Oni la\u016ddas la agojn de tiu, kies panon oni man\u011das.) \u5403\u8c01\u7684\u9762\u5305\u5c31\u5938\u8c01\u7684\u884c\u4e3a\u3002\uff0f\u4e3b\u53e5\u4e2d\u7684\u5148\u884c\u8bcd(de) tiu\u88ab\u7701\u7565\u4e86\u3002<br \/>\nMi travivis minuton, kies terurecon mi ne povas priskribi al vi. Z \u6211\u7ecf\u5386\u4e86\u5176\u6050\u6016\u7a0b\u5ea6\u6211\u65e0\u6cd5\u7ed9\u4f60\u63cf\u8ff0\u7684\u4e00\u5206\u949f\u3002<br \/>\nLa pazigrafio estas rimedo por la interkomuniki\u011do\u2026 en malproksimaj landoj, kies lingvojn ni ne komprenas. FK.246 \u901a\u7528\u4e66\u5199\u7b26\u53f7\u662f\u9065\u8fdc\u56fd\u5bb6\u4e2d\uff08\u6211\u4eec\u4e0d\u61c2\u4ed6\u4eec\u7684\u8bed\u8a00\uff09\u76f8\u4e92\u4ea4\u6d41\u7684\u624b\u6bb5\u3002<\/p>\n<p>\u2461\u5148\u884c\u8bcd\u662fkies\u540e\u52a8\u4f5c\u540d\u8bcd\u7684\u903b\u8f91\u4e3b\u8bed\u6216\u903b\u8f91\u5bbe\u8bed\uff0c\u4f8b\u5982\uff1a<\/p>\n<p>Tion montris anka\u016d \u011diaj okuloj [la okuloj de la hundo], kies rigardo sen\u0109ese oblikvi\u011dis al la mastro, kaj la atenteme stre\u0109itaj pintaj oreloj. Tx \u90a3\u53ea\u72d7\u7684\u53cc\u773c\u2014\u2014\u5b83\u4eec\u4e0d\u505c\u5730\u659c\u89c6\u7740\u4e3b\u4eba\u2014\u2014\u4ee5\u53ca\u90a3\u53cc\u4e13\u5fc3\u7d27\u7ef7\u7684\u8033\u6735\uff0c\u4e5f\u90fd\u8868\u660e\u4e86\u8fd9\u4e00\u70b9\u3002\uff0fkies rigardo = la rigardo de \u011diaj okuloj\uff1bkies\u6240\u6307\u4ee3\u7684(de) \u011diaj okuloj\u662frigardo\u7684\u903b\u8f91\u4e3b\u8bed\u3002<br \/>\nPro kio do tiuj reformoj, kies sola propono estas jam dan\u011dera? Z \u4ec5\u4ec5\u63d0\u51fa\u8fd9\u4e9b\u6539\u826f\u5c31\u5df2\u662f\u5f88\u5371\u9669\u4e86\uff0c\u5b83\u4eec\u7a76\u7adf\u662f\u4e3a\u4e86\u4ec0\u4e48\uff1f\u25c7kies sola propono = la sola propono de tiuj reformoj\uff1bkies\u6240\u6307\u4ee3\u7684(de) tiuj reformoj\u662fpropono\u7684\u903b\u8f91\u5bbe\u8bed\u3002<\/p>\n<p>3. \u5173\u7cfb\u4ee3\u8bcdkio<\/p>\n<p>\u5173\u7cfb\u4ee3\u8bcdkio\u7684\u5148\u884c\u8bcd\u4e00\u822c\u4e0d\u53ef\u4ee5\u662f\u540d\u8bcd\u3002<\/p>\n<p>&nbsp;<\/p>\n<p>\u2460\u7528\u4e8e\u5148\u884c\u8bcd\u4e3aio, tio, \u0109io, nenio\u65f6\uff0c\u5148\u884c\u8bcd\u6709\u65f6\u88ab\u7701\u7565\u3002\u4f8b\u5982\uff1a<br \/>\nEn la demando estis io, kion li komprenis tre bone. FK.143 \u95ee\u9898\u91cc\u6709\u4e00\u70b9\u662f\u4ed6\u7406\u89e3\u5f97\u5f88\u597d\u7684\u3002<br \/>\nMi volas, ke tio, kion mi diris, estu vera. Ek.24 \u6211\u5e0c\u671b\u6211\u6240\u8bf4\u7684\u662f\u771f\u7684\u3002<br \/>\nSorto ofte alsendas [tion], kion oni ne atendas. PE.2341 \u4eba\u6240\u6ca1\u6709\u9884\u6599\u5230\u7684\uff0c\u547d\u8fd0\u5e38\u7ed9\u9001\u6765\u3002\uff0f\u5728tio \u2013 kio\u5bf9\u5e94\u4e2d\uff0c\u5982\u679c\u4e24\u8005\u7684\u683c\u76f8\u540c\uff0c\u5148\u884c\u8bcdtio\u5c31\u53ef\u4ee5\u7701\u7565\u3002\u53c8\u5982\uff1aAl \u0109iu konvenas [tio], kio al li apartenas. PE.18 \u81ea\u5df1\u7684\uff08\u4e1c\u897f\uff09\u5c31\u662f\u9002\u5b9c\u7684\u3002\u2016Redonu [tion], kion vi prenis. PIV.550 \u628a\u4f60\u62ff\u8d70\u7684\u4e1c\u897f\u8fd8\u6765\u3002\u5982\u679ctio \u2013 kio\u5bf9\u5e94\u5e26\u6709\u4ecb\u8bcd\uff0c\u5219\u4e00\u822c\u4e0d\u8981\u7701\u7565tio\uff0c\u4f8b\u5982\uff1aMi parolos al vi pri tio, pri kio multaj el vi jam ion a\u016ddis. Tx \u6211\u5c06\u5bf9\u4f60\u4eec\u8bf4\u7684\u8fd9\u4ef6\u4e8b\uff0c\u4f60\u4eec\u4e2d\u7684\u8bb8\u591a\u4eba\u90fd\u5df2\u542c\u5230\u4e00\u70b9\u4e86\u3002<br \/>\nKio mia, tio bona. PE.924 (= Tio, kio estas mia, estas bona.) \u6211\u7684\u5c31\u662f\u597d\u7684\u3002\uff0f\u539f\u53e5\u4e3a\u7701\u7565\u53e5\uff0c\u800c\u4e14\u5176\u4e2d\u5148\u884c\u8bcdtio\u8fdc\u79bb\u5173\u7cfb\u8bcdkio\u3002<br \/>\nLa urbo faris \u0109ion, kion ili povis, por ke ni\u2026 elportu el la urbo la plej bonan rememoron. OV.381 \u8fd9\u5ea7\u57ce\u5e02\u5c3d\u5176\u6240\u80fd\uff0c\u4f7f\u6211\u4eec\u4ece\u8fd9\u91cc\u5e26\u8d70\u6700\u7f8e\u597d\u7684\u56de\u5fc6\u3002<br \/>\n\u0108io mankas, kio necesus. PIV.550 (= Mankas \u0109io, kio necesus.) \u51e1\u5fc5\u9700\u7684\u90fd\u7f3a\u5c11\u3002<br \/>\nLa juvelista laboro enhavas en si nenion, kio superus miajn fortojn. M.188 \u73e0\u5b9d\u5546\u7684\u5de5\u4f5c\u6211\u662f\u80fd\u62c5\u4efb\u7684\u3002\uff0f\u3008\u76f4\u8bd1\u3009\u73e0\u5b9d\u5546\u7684\u5de5\u4f5c\u4e2d\u6ca1\u6709\u4efb\u4f55\u8d85\u8d8a\u6211\u80fd\u529b\u7684\u4e1c\u897f\u3002<\/p>\n<p>\u2461\u7528\u4e8e\u5148\u884c\u8bcd\u4e3a\u6700\u9ad8\u7ea7\u5f62\u5bb9\u8bcd\uff08\u5982la plej bona\u7b49\uff09\u6216\u610f\u4e49\u4e0d\u786e\u5b9a\u7684\u540d\u8bcd\u5316\u5f62\u5bb9\u8bcd\uff08\u5982la unua, la lasta, la sola, la blanka\u7b49\uff09\u65f6\uff0c\u4f8b\u5982\uff1a<\/p>\n<p>Tiam la plej bona, kion oni povas fari, estas iri \u0135eti sin en la akvon, la kapon anta\u016den. GD.51 \u5f53\u65f6\uff0c\u4eba\u4eec\u6240\u80fd\u505a\u7684\u6700\u597d\u7684\u4e8b\u5c31\u662f\u5934\u671d\u524d\u8df3\u5165\u6c34\u4e2d\u3002<br \/>\nTio \u0109i estus la plej terura, kio povus al mi okazi. FA.1-70 \u8fd9\u662f\u53ef\u80fd\u4f1a\u53d1\u751f\u5728\u6211\u8eab\u4e0a\u7684\u4e00\u4ef6\u6700\u53ef\u6015\u7684\u4e8b\u60c5\u3002<br \/>\nTio estis la plej agrabla, kion oni povis al \u015di donaci. FA.1-113 \u8fd9\u662f\u4eba\u4eec\u6240\u80fd\u9001\u7ed9\u5979\u7684\u6700\u4ee4\u5979\u6109\u5feb\u7684\u4e1c\u897f\u4e86\u3002\uff0f\u518d\u4e5f\u6ca1\u6709\u4ec0\u4e48\u522b\u7684\u4e1c\u897f\u6bd4\u8fd9\u66f4\u80fd\u4f7f\u5979\u559c\u7231\u7684\u4e86\u3002<br \/>\n[Mi promesis] ne ka\u015di anta\u016d vi e\u0109 la plej malgrandan, kion mi povas ekscii pri la sorto de via frato. Rb.7 \u6211\u7b54\u5e94\uff0c\u51e1\u662f\u6211\u6536\u96c6\u5230\u7684\u5173\u4e8e\u4ee4\u5144\u7684\u547d\u8fd0\uff0c\u54ea\u6015\u662f\u6700\u5c0f\u7684\u7ec6\u679d\u672b\u8282\uff0c\u6211\u4e5f\u7edd\u4e0d\u5411\u4f60\u9690\u7792\u3002<br \/>\nLa unua, kion ili a\u016ddis en \u0109i tiu mondo, \u2026 estis la vorto: \u201cStanaj soldatoj!\u201d. FA.1-98 \u4ed6\u4eec\u5728\u8fd9\u4e16\u754c\u4e0a\u6240\u542c\u5230\u7684\u7b2c\u4e00\u53e5\u8bdd\u662f\uff1a\u201c\u9521\u5175\uff01\u201d<br \/>\nLa lasta, kion oni scias pri li, estas ke li revenis al sia kampara urbeto. Tx \u4ed6\u4e3a\u4eba\u6240\u77e5\u7684\u6700\u540e\u4e00\u4ef6\u4e8b\uff0c\u5c31\u662f\u4ed6\u56de\u5230\u4e86\u4ed6\u7684\u4e61\u95f4\u5c0f\u9547\u3002<br \/>\nLa sola, kio\u2026 mirigis ilin, estis tio, ke ili facile komprenis la lingvon. FA.2-94 \u552f\u4e00\u4f7f\u4ed6\u4eec\u611f\u5230\u60ca\u5947\u7684\u662f\uff0c\u4ed6\u4eec\u7adf\u7136\u5f88\u5bb9\u6613\u5c31\u61c2\u5f97\u8fd9\u513f\u7684\u8bed\u8a00\u3002<br \/>\nLa sola, kion ili deziras, estas nur ke oni lasu ilin trankvile vivi. OV.370 \u4ed6\u4eec\u552f\u4e00\u7684\u5e0c\u671b\uff0c\u4e0d\u8fc7\u662f\u6c42\u5f97\u5b89\u5b81\u7684\u751f\u6d3b\u800c\u5df2\u3002<br \/>\nLa blanka, kion ili vidis, estis nur \u015da\u016dmo sur la akvo. Z \u4ed6\u4eec\u6240\u770b\u5230\u7684\u767d\u8272\u7269\u8d28\uff0c\u53ea\u662f\u6c34\u9762\u4e0a\u7684\u6ce1\u6cab\u800c\u5df2\u3002<\/p>\n<p>\u2462\u7528\u6765\u6307\u4ee3\u6574\u4e2a\u524d\u53e5\uff08\u6216\u540e\u53e5\uff09\u7684\u610f\u601d\uff08= kaj tio\uff09\uff0c\u6b64\u79cd\u4ece\u53e5\u53c8\u53eb\u201c\u7eed\u8bf4\u4ece\u53e5\u201d\u3002\u4f8b\u5982\uff1a<\/p>\n<p>Li ridas konstante, kio estas netolerebla. PIV.550 \u4ed6\u8001\u662f\u7b11\uff0c\u771f\u8ba9\u4eba\u53d7\u4e0d\u4e86\u3002<br \/>\nNun li havis tempon por ekzerci la soldatojn, kio estis lia plej amata okupo. F.1-215 \u73b0\u5728\u4ed6\u6709\u65f6\u95f4\u8bad\u7ec3\u58eb\u5175\u4e86\uff0c\u8fd9\u662f\u4ed6\u6700\u5fc3\u7231\u7684\u804c\u4e1a\u3002<br \/>\nLa kongresaj kunsidoj okazos en unu sola domego, kio helpos al la bona aran\u011do. PIV.550 \u5927\u4f1a\u7684\u8ba8\u8bba\u4f1a\u5c06\u5728\u4e00\u4e2a\u5927\u5385\u91cc\u4e3e\u884c\uff0c\u8fd9\u5c06\u6709\u52a9\u4e8e\u5408\u7406\u7684\u5b89\u6392\u3002<br \/>\n\u015ci posedis fenomenan memoron, kio \u015din kapabligis traduki sen notoj plej longan paroladon. PIV.550 \u5979\u62e5\u6709\u975e\u51e1\u7684\u8bb0\u5fc6\u529b\uff0c\u8fd9\u4f7f\u5979\u4e0d\u505a\u7b14\u8bb0\u5c31\u80fd\u7ffb\u8bd1\u6700\u957f\u7684\u6f14\u8bb2\u3002<br \/>\nMi iros anka\u016d sur la kampon\u2026, kaj \u2013 kio estas la plej malfacila laboro \u2013 mi deprenos \u0109iujn stelojn, por ilin poluri. FA.2-10 \u6211\u5c06\u8d70\u5230\u7530\u91ce\u91cc\u53bb\uff0c\u6b64\u5916\uff0c\u6700\u56f0\u96be\u7684\u4e00\u9879\u5de5\u4f5c\u662f\uff1a\u6211\u8981\u628a\u5929\u4e0a\u7684\u661f\u661f\u6458\u4e0b\u6765\uff0c\u628a\u5b83\u4eec\u597d\u597d\u5730\u64e6\u4e00\u4e0b\u3002<\/p>\n<p>4. \u5173\u7cfb\u4ee3\u8bcdkia<\/p>\n<p>\u7531kia\u5f15\u5bfc\u7684\u4fee\u9970\u8bed\u4ece\u53e5\u8868\u793a\u5148\u884c\u8bcd\u7684\u6027\u8d28\u6216\u79cd\u7c7b\uff0c\u7528\u6cd5\u5982\u4e0b\uff1a<\/p>\n<p>\u2460\u7528\u4e8e\u5148\u884c\u8bcd\u4e3atia, tiaspeca\u7b49\u8bcd\u65f6\uff0c\u4f8b\u5982\uff1a<\/p>\n<p>La kontrakto\u2026 estas proksimume tia, kian mi donas malsupre. Z \u8fd9\u4efd\u5951\u7ea6\u5dee\u4e0d\u591a\u5c31\u662f\u6211\u4ee5\u4e0a\u7ed9\u51fa\u7684\u90a3\u6837\u3002<br \/>\nKia naski\u011dis, tia grandi\u011dis. PE.857 (= Vi grandi\u011dis tia, kia vi naski\u011dis.) \u51fa\u751f\u65f6\u4ec0\u4e48\u6837\uff0c\u957f\u5927\u540e\u8fd8\u662f\u4ec0\u4e48\u6837\u3002\uff0f\u2248\u4ece\u5c0f\u770b\u5230\u5927\u3002<br \/>\n\u011ci [= La grajno de hordeo] ne estas tiaspeca, kia kreskas sur kampo de kampulo. FA.1-24 \u5b83\u53ef\u4e0d\u662f\u4e61\u4e0b\u4eba\u7684\u7530\u91cc\u957f\u7684\u90a3\u79cd\u5927\u9ea6\u7c92\u3002<br \/>\n\u6709\u65f6\uff0c\u4e3b\u53e5\u4e2d\u7684tia\u53ef\u4ee5\u7701\u7565\u3002\u4f8b\u5982\uff1a<br \/>\nMia respondo ne estis [tia], kia \u011di devus esti. JE.40 \u6211\u7684\u56de\u7b54\u5e76\u975e\u5b83\u5e94\u6709\u7684\u90a3\u6837\uff0f\u2026\u2026\u662f\u5f88\u4e0d\u50cf\u6837\u7684\u3002<\/p>\n<p>\u2461\u7528\u4e8etia, \u0109ia\u7b49\u8bcd\u4fee\u9970\u5148\u884c\u8bcd\u65f6\uff0c\u4f8b\u5982\uff1a<\/p>\n<p>Vi povas \u011din [= la oron] ricevi en tia granda kvanto, kian vi povos porti. FA.1-2 \u8fd9\u4e9b\u91d1\u5b50\u4f60\u62ff\u5f97\u52a8\u591a\u5c11\u5c31\u53ef\u4ee5\u62ff\u591a\u5c11\u3002<br \/>\n\u015ci estis kantistino, ne tia, kiajn oni trovas en la teatroj, sed [tia,] kiajn oni trovas en la arbaro. FA.4-213 \u5979\u662f\u4e00\u4e2a\u6b4c\u5531\u5bb6\uff0c\u4f46\u4e0d\u662f\u821e\u53f0\u4e0a\u7684\uff0c\u800c\u662f\u5c71\u6797\u91cc\u7684\u6b4c\u5531\u5bb6\u3002<br \/>\n[Tiu sufikso] donas al vi jam la eblon esprimi \u0109ian profesion, kia nur povus aperi en via cerbo. OV.296 \u8fd9\u4e00\u540e\u7f00\u6709\u53ef\u80fd\u8868\u73b0\u4eba\u4eec\u8111\u5b50\u91cc\u51fa\u73b0\u7684\u6bcf\u4e00\u79cd\u804c\u4e1a\u3002<\/p>\n<p>\u6709\u65f6\uff0c\u5148\u884c\u8bcd\u524d\u4e0d\u7528tia\u800c\u7528tiel, la\u7b49\u5176\u4ed6\u8bcd\uff0c\u4f8b\u5982\uff1a<\/p>\n<p>Mi konas vin tiel longan tempon, kian povas ampleksi mia memoro. M.155 \u6211\u8ba4\u8bc6\u4f60\u8fd9\u4e48\u957f\u65f6\u95f4\uff0c\u90fd\u53ef\u4ee5\u5145\u6ee1\u6211\u7684\u8bb0\u5fc6\u4e86\u3002<br \/>\nTio estas la brulofero konstanta, kia estis farata \u0109e la monto Sinaj. Nm.28:6 \u8fd9\u662f\u5728\u897f\u5948\u5c71\u6240\u547d\u5b9a\u4e3a\u5e38\u732e\u7684\u71d4\u796d\u3002<\/p>\n<p>\u8fd4\u56de<a href=\"https:\/\/reto.cn\/php\/hanyu\/gramatiko_de_esperanto\/demandoj_kaj_respondoj_en_esperanta_lernado\/\">\u4e16\u754c\u8bed\u5b66\u4e60\u95ee\u7b54<\/a>\u680f\u76ee<\/p>\n","protected":false},"excerpt":{"rendered":"<p>\u5218\u9e3f\u5143 \u5173\u7cfb\u4ee3\u8bcdkiu, kies, kio, kia\u90fd\u53ef\u4ee5\u7528\u6765\u5f15\u5bfc\u4fee\u9970\u8bed\u4ece\u53e5\uff0c\u7528\u6cd5\u4e0d\u540c\uff1b\u5176\u4e0d\u540c\u4e3b\u8981\u5728\u4e8e\u5148\u884c\u8bcd\u2026 <span class=\"read-more\"><a href=\"https:\/\/reto.cn\/php\/hanyu\/gramatiko_de_esperanto\/demandoj_kaj_respondoj_en_esperanta_lernado\/komparo-de-kiu-kies-kio-kia\/\">\u7ee7\u7eed\u9605\u8bfb Legi pli &raquo;<\/a><\/span><\/p>\n","protected":false},"author":1,"featured_media":0,"parent":7307,"menu_order":0,"comment_status":"open","ping_status":"closed","template":"","meta":{"footnotes":""},"_links":{"self":[{"href":"https:\/\/reto.cn\/php\/hanyu\/wp-json\/wp\/v2\/pages\/9116"}],"collection":[{"href":"https:\/\/reto.cn\/php\/hanyu\/wp-json\/wp\/v2\/pages"}],"about":[{"href":"https:\/\/reto.cn\/php\/hanyu\/wp-json\/wp\/v2\/types\/page"}],"author":[{"embeddable":true,"href":"https:\/\/reto.cn\/php\/hanyu\/wp-json\/wp\/v2\/users\/1"}],"replies":[{"embeddable":true,"href":"https:\/\/reto.cn\/php\/hanyu\/wp-json\/wp\/v2\/comments?post=9116"}],"version-history":[{"count":0,"href":"https:\/\/reto.cn\/php\/hanyu\/wp-json\/wp\/v2\/pages\/9116\/revisions"}],"up":[{"embeddable":true,"href":"https:\/\/reto.cn\/php\/hanyu\/wp-json\/wp\/v2\/pages\/7307"}],"wp:attachment":[{"href":"https:\/\/reto.cn\/php\/hanyu\/wp-json\/wp\/v2\/media?parent=9116"}],"curies":[{"name":"wp","href":"https:\/\/api.w.org\/{rel}","templated":true}]}}